{"id":3683,"date":"2017-07-19T13:17:28","date_gmt":"2017-07-19T12:17:28","guid":{"rendered":"http:\/\/new.purejewels.com\/product\/bombay-deco-halo-ring\/"},"modified":"2020-12-21T17:55:19","modified_gmt":"2020-12-21T17:55:19","slug":"bombay-deco-halo-yuzuk","status":"publish","type":"product","link":"https:\/\/www.purejewels.com\/tr\/product\/bombay-deco-halo-ring\/","title":{"rendered":"Bombay Deco Halo Y\u00fcz\u00fck"},"content":{"rendered":"<p>Bombay Deco Ni\u015fan Y\u00fcz\u00fc\u011f\u00fc<\/p>\n<p>Platinden.<\/p>\n<p>VS berrakl\u0131kta, ortas\u0131 yuvarlak p\u0131rlantal\u0131 set<\/p>\n<p>Yuvarlak p\u0131rlanta omuz ayar\u0131, VS berrakl\u0131k<\/p>\n<p>\u00c7e\u015fitli karat a\u011f\u0131rl\u0131klar\u0131nda mevcuttur.<\/p>\n<p><strong>Platin Bombay Deco p\u0131rlanta y\u00fcz\u00fck<br \/>\n<\/strong>En \u015f\u0131k gelinler i\u00e7in favorilerimizden biri olan Bombay Deco Halo, vintage bir dokunu\u015fa sahip \u015f\u0131k ve \u00e7\u00f6kmekte olan bir y\u00fcz\u00fckt\u00fcr.<\/p>\n<p>Tasar\u0131m, Hint mimarisinin dramatik ve l\u00fcks oldu\u011fu Art Deco d\u00f6neminden ilham al\u0131yor.  Ola\u011fan\u00fcst\u00fc b\u00fcy\u00fckl\u00fckteki merkezi ta\u015f\u0131n etraf\u0131nda par\u0131ldayan bir hale i\u00e7inde p\u0131rlantalarla dolu ger\u00e7ek bir g\u00f6steri\u015f tekta\u015f.  Vintage esintiler ta\u015f\u0131yan moday\u0131 seviyorsan\u0131z, eski Hindistan'\u0131n f\u0131s\u0131lt\u0131s\u0131n\u0131 ta\u015f\u0131yan bu muhte\u015fem tekta\u015fa bay\u0131lacaks\u0131n\u0131z.<\/p>\n<p><strong>Her y\u00fcz\u00fck \u0131smarlamad\u0131r<br \/>\n<\/strong>Tekta\u015f\u0131n\u0131z i\u00e7in p\u0131rlantan\u0131n boyutunu, rengini ve berrakl\u0131\u011f\u0131n\u0131 se\u00e7in.  T\u00fcm p\u0131rlantalar\u0131m\u0131z\u0131 Surat'taki d\u00fcnyaca \u00fcnl\u00fc bir kesim merkezinden temin ediyoruz ve kuyumcular\u0131m\u0131z tekta\u015fa lay\u0131k p\u0131rlantalar\u0131 \u00f6zenle se\u00e7iyor.  \u0130stedi\u011finiz p\u0131rlantan\u0131n boyutunu ve kalibresini belirleyebilirsiniz.  Hatta p\u0131rlantay\u0131 farkl\u0131 bir ta\u015fla de\u011fi\u015ftirebilirsiniz - \u00f6rne\u011fin <a href=\"https:\/\/www.purejewels.com\/tr\/euphoric-hues-topaz\/\">topaz<\/a> veya z\u00fcmr\u00fct - tamamen benzersiz bir \u015fey istiyorsan\u0131z.\u00a0 <em>\u00a0<\/em><\/p>\n<p>Y\u00fcz\u00fc\u011f\u00fcn\u00fcz daha sonra b\u00fcy\u00fck g\u00fcn\u00fcn\u00fcze haz\u0131r olmadan \u00f6nce \u00f6zenle el yap\u0131m\u0131 olarak haz\u0131rlanacak, ayarlanacak, parlat\u0131lacak ve onaylanacakt\u0131r.<\/p>\n<p><em>Y\u00fcz\u00fc\u011f\u00fcn\u00fcz ki\u015fiye \u00f6zel olarak sipari\u015f edildi\u011finden, teslimat s\u00fcreleri hakk\u0131nda bizimle konu\u015fman\u0131z en iyisidir.\u00a0 <\/em>Tekta\u015f teslim s\u00fcrelerimiz hakk\u0131nda fikir edinmek i\u00e7in Canl\u0131 Sohbet'i a\u00e7abilirsiniz.  Ya da gelip baz\u0131 \u00f6rnekleri denemek isterseniz randevu alabilirsiniz.  Sizi ma\u011fazam\u0131zda a\u011f\u0131rlamaktan memnuniyet duyar\u0131z.<\/p>","protected":false},"excerpt":{"rendered":"<p>Bombay Deco Ni\u015fan Y\u00fcz\u00fc\u011f\u00fc<\/p>\n<p>Platinde<br \/>\nOrtas\u0131 yuvarlak p\u0131rlantal\u0131 set<br \/>\nYuvarlak p\u0131rlanta omuz ayar\u0131<br \/>\n\u00c7e\u015fitli karat a\u011f\u0131rl\u0131klar\u0131nda mevcuttur<\/p>","protected":false},"featured_media":4804,"comment_status":"closed","ping_status":"closed","template":"","meta":{"_eb_attr":"","_crsspst_to_jayantr4sg-hostcom":false},"product_brand":[],"product_cat":[231],"product_tag":[],"class_list":{"0":"post-3683","1":"product","2":"type-product","3":"status-publish","4":"has-post-thumbnail","6":"product_cat-engagement-rings","8":"first","9":"outofstock","10":"product-type-simple","11":"add-to-wishlist-before_image"},"yoast_head":"<!-- This site is optimized with the Yoast SEO plugin v27.3 - https:\/\/yoast.com\/product\/yoast-seo-wordpress\/ -->\n<title>Bombay Deco Halo Ring - PureJewels UK<\/title>\n<meta name=\"robots\" content=\"index, follow, max-snippet:-1, max-image-preview:large, max-video-preview:-1\" \/>\n<link rel=\"canonical\" href=\"https:\/\/www.purejewels.com\/tr\/urun\/bombay-deco-halo-yuzuk\/\" \/>\n<meta property=\"og:locale\" content=\"tr_TR\" \/>\n<meta property=\"og:type\" content=\"article\" \/>\n<meta property=\"og:title\" content=\"Bombay Deco Halo Ring - PureJewels UK\" \/>\n<meta property=\"og:description\" content=\"Bombay Deco Engagement Ring  In platinum Set with a centre round diamond Round brilliants shoulder setting Available in a variety of carat weights\" \/>\n<meta property=\"og:url\" content=\"https:\/\/www.purejewels.com\/tr\/urun\/bombay-deco-halo-yuzuk\/\" \/>\n<meta property=\"og:site_name\" content=\"PureJewels UK\" \/>\n<meta property=\"article:modified_time\" content=\"2020-12-21T17:55:19+00:00\" \/>\n<meta property=\"og:image\" content=\"https:\/\/www.purejewels.com\/wp-content\/uploads\/2017\/07\/BombayDeco-scaled.jpg\" \/>\n\t<meta property=\"og:image:width\" content=\"2560\" \/>\n\t<meta property=\"og:image:height\" content=\"2560\" \/>\n\t<meta property=\"og:image:type\" content=\"image\/jpeg\" \/>\n<meta name=\"twitter:card\" content=\"summary_large_image\" \/>\n<meta name=\"twitter:label1\" content=\"Tahmini okuma s\u00fcresi\" \/>\n\t<meta name=\"twitter:data1\" content=\"1 dakika\" \/>\n<script type=\"application\/ld+json\" class=\"yoast-schema-graph\">{\"@context\":\"https:\\\/\\\/schema.org\",\"@graph\":[{\"@type\":[\"WebPage\",\"ItemPage\"],\"@id\":\"https:\\\/\\\/www.purejewels.com\\\/product\\\/bombay-deco-halo-ring\\\/\",\"url\":\"https:\\\/\\\/www.purejewels.com\\\/product\\\/bombay-deco-halo-ring\\\/\",\"name\":\"Bombay Deco Halo Ring - PureJewels UK\",\"isPartOf\":{\"@id\":\"https:\\\/\\\/www.purejewels.com\\\/#website\"},\"primaryImageOfPage\":{\"@id\":\"https:\\\/\\\/www.purejewels.com\\\/product\\\/bombay-deco-halo-ring\\\/#primaryimage\"},\"image\":{\"@id\":\"https:\\\/\\\/www.purejewels.com\\\/product\\\/bombay-deco-halo-ring\\\/#primaryimage\"},\"thumbnailUrl\":\"https:\\\/\\\/static.purejewels.com\\\/wp-content\\\/uploads\\\/2017\\\/07\\\/BombayDeco-scaled.jpg\",\"datePublished\":\"2017-07-19T12:17:28+00:00\",\"dateModified\":\"2020-12-21T17:55:19+00:00\",\"breadcrumb\":{\"@id\":\"https:\\\/\\\/www.purejewels.com\\\/product\\\/bombay-deco-halo-ring\\\/#breadcrumb\"},\"inLanguage\":\"tr\",\"potentialAction\":[{\"@type\":\"ReadAction\",\"target\":[\"https:\\\/\\\/www.purejewels.com\\\/product\\\/bombay-deco-halo-ring\\\/\"]}]},{\"@type\":\"ImageObject\",\"inLanguage\":\"tr\",\"@id\":\"https:\\\/\\\/www.purejewels.com\\\/product\\\/bombay-deco-halo-ring\\\/#primaryimage\",\"url\":\"https:\\\/\\\/static.purejewels.com\\\/wp-content\\\/uploads\\\/2017\\\/07\\\/BombayDeco-scaled.jpg\",\"contentUrl\":\"https:\\\/\\\/static.purejewels.com\\\/wp-content\\\/uploads\\\/2017\\\/07\\\/BombayDeco-scaled.jpg\",\"width\":2560,\"height\":2560,\"caption\":\"Bombay Deco Diamond Halo Ring\"},{\"@type\":\"BreadcrumbList\",\"@id\":\"https:\\\/\\\/www.purejewels.com\\\/product\\\/bombay-deco-halo-ring\\\/#breadcrumb\",\"itemListElement\":[{\"@type\":\"ListItem\",\"position\":1,\"name\":\"Home\",\"item\":\"https:\\\/\\\/www.purejewels.com\\\/\"},{\"@type\":\"ListItem\",\"position\":2,\"name\":\"Shop\",\"item\":\"https:\\\/\\\/www.purejewels.com\\\/shop\\\/\"},{\"@type\":\"ListItem\",\"position\":3,\"name\":\"Bombay Deco Halo Ring\"}]},{\"@type\":\"WebSite\",\"@id\":\"https:\\\/\\\/www.purejewels.com\\\/#website\",\"url\":\"https:\\\/\\\/www.purejewels.com\\\/\",\"name\":\"PureJewels UK\",\"description\":\"Share the Love\",\"publisher\":{\"@id\":\"https:\\\/\\\/www.purejewels.com\\\/#organization\"},\"potentialAction\":[{\"@type\":\"SearchAction\",\"target\":{\"@type\":\"EntryPoint\",\"urlTemplate\":\"https:\\\/\\\/www.purejewels.com\\\/?s={search_term_string}\"},\"query-input\":{\"@type\":\"PropertyValueSpecification\",\"valueRequired\":true,\"valueName\":\"search_term_string\"}}],\"inLanguage\":\"tr\"},{\"@type\":\"Organization\",\"@id\":\"https:\\\/\\\/www.purejewels.com\\\/#organization\",\"name\":\"PureJewels UK\",\"url\":\"https:\\\/\\\/www.purejewels.com\\\/\",\"logo\":{\"@type\":\"ImageObject\",\"inLanguage\":\"tr\",\"@id\":\"https:\\\/\\\/www.purejewels.com\\\/#\\\/schema\\\/logo\\\/image\\\/\",\"url\":\"https:\\\/\\\/static.purejewels.com\\\/wp-content\\\/uploads\\\/2020\\\/11\\\/Logo-PJ-New-1.png\",\"contentUrl\":\"https:\\\/\\\/static.purejewels.com\\\/wp-content\\\/uploads\\\/2020\\\/11\\\/Logo-PJ-New-1.png\",\"width\":150,\"height\":80,\"caption\":\"PureJewels UK\"},\"image\":{\"@id\":\"https:\\\/\\\/www.purejewels.com\\\/#\\\/schema\\\/logo\\\/image\\\/\"}}]}<\/script>\n<!-- \/ Yoast SEO plugin. -->","yoast_head_json":{"title":"Bombay Deco Halo Y\u00fcz\u00fck - PureJewels UK","robots":{"index":"index","follow":"follow","max-snippet":"max-snippet:-1","max-image-preview":"max-image-preview:large","max-video-preview":"max-video-preview:-1"},"canonical":"https:\/\/www.purejewels.com\/tr\/urun\/bombay-deco-halo-yuzuk\/","og_locale":"tr_TR","og_type":"article","og_title":"Bombay Deco Halo Ring - PureJewels UK","og_description":"Bombay Deco Engagement Ring  In platinum Set with a centre round diamond Round brilliants shoulder setting Available in a variety of carat weights","og_url":"https:\/\/www.purejewels.com\/tr\/urun\/bombay-deco-halo-yuzuk\/","og_site_name":"PureJewels UK","article_modified_time":"2020-12-21T17:55:19+00:00","og_image":[{"width":2560,"height":2560,"url":"https:\/\/www.purejewels.com\/wp-content\/uploads\/2017\/07\/BombayDeco-scaled.jpg","type":"image\/jpeg"}],"twitter_card":"summary_large_image","twitter_misc":{"Tahmini okuma s\u00fcresi":"1 dakika"},"schema":{"@context":"https:\/\/schema.org","@graph":[{"@type":["WebPage","ItemPage"],"@id":"https:\/\/www.purejewels.com\/product\/bombay-deco-halo-ring\/","url":"https:\/\/www.purejewels.com\/product\/bombay-deco-halo-ring\/","name":"Bombay Deco Halo Y\u00fcz\u00fck - PureJewels UK","isPartOf":{"@id":"https:\/\/www.purejewels.com\/#website"},"primaryImageOfPage":{"@id":"https:\/\/www.purejewels.com\/product\/bombay-deco-halo-ring\/#primaryimage"},"image":{"@id":"https:\/\/www.purejewels.com\/product\/bombay-deco-halo-ring\/#primaryimage"},"thumbnailUrl":"https:\/\/static.purejewels.com\/wp-content\/uploads\/2017\/07\/BombayDeco-scaled.jpg","datePublished":"2017-07-19T12:17:28+00:00","dateModified":"2020-12-21T17:55:19+00:00","breadcrumb":{"@id":"https:\/\/www.purejewels.com\/product\/bombay-deco-halo-ring\/#breadcrumb"},"inLanguage":"tr","potentialAction":[{"@type":"ReadAction","target":["https:\/\/www.purejewels.com\/product\/bombay-deco-halo-ring\/"]}]},{"@type":"ImageObject","inLanguage":"tr","@id":"https:\/\/www.purejewels.com\/product\/bombay-deco-halo-ring\/#primaryimage","url":"https:\/\/static.purejewels.com\/wp-content\/uploads\/2017\/07\/BombayDeco-scaled.jpg","contentUrl":"https:\/\/static.purejewels.com\/wp-content\/uploads\/2017\/07\/BombayDeco-scaled.jpg","width":2560,"height":2560,"caption":"Bombay Deco Diamond Halo Ring"},{"@type":"BreadcrumbList","@id":"https:\/\/www.purejewels.com\/product\/bombay-deco-halo-ring\/#breadcrumb","itemListElement":[{"@type":"ListItem","position":1,"name":"Home","item":"https:\/\/www.purejewels.com\/"},{"@type":"ListItem","position":2,"name":"Shop","item":"https:\/\/www.purejewels.com\/shop\/"},{"@type":"ListItem","position":3,"name":"Bombay Deco Halo Ring"}]},{"@type":"WebSite","@id":"https:\/\/www.purejewels.com\/#website","url":"https:\/\/www.purejewels.com\/","name":"PureJewels \u0130ngiltere","description":"Sevgiyi Payla\u015f\u0131n","publisher":{"@id":"https:\/\/www.purejewels.com\/#organization"},"potentialAction":[{"@type":"SearchAction","target":{"@type":"EntryPoint","urlTemplate":"https:\/\/www.purejewels.com\/?s={search_term_string}"},"query-input":{"@type":"PropertyValueSpecification","valueRequired":true,"valueName":"search_term_string"}}],"inLanguage":"tr"},{"@type":"Organization","@id":"https:\/\/www.purejewels.com\/#organization","name":"PureJewels \u0130ngiltere","url":"https:\/\/www.purejewels.com\/","logo":{"@type":"ImageObject","inLanguage":"tr","@id":"https:\/\/www.purejewels.com\/#\/schema\/logo\/image\/","url":"https:\/\/static.purejewels.com\/wp-content\/uploads\/2020\/11\/Logo-PJ-New-1.png","contentUrl":"https:\/\/static.purejewels.com\/wp-content\/uploads\/2020\/11\/Logo-PJ-New-1.png","width":150,"height":80,"caption":"PureJewels UK"},"image":{"@id":"https:\/\/www.purejewels.com\/#\/schema\/logo\/image\/"}}]}},"_links":{"self":[{"href":"https:\/\/www.purejewels.com\/tr\/wp-json\/wp\/v2\/product\/3683","targetHints":{"allow":["GET"]}}],"collection":[{"href":"https:\/\/www.purejewels.com\/tr\/wp-json\/wp\/v2\/product"}],"about":[{"href":"https:\/\/www.purejewels.com\/tr\/wp-json\/wp\/v2\/types\/product"}],"replies":[{"embeddable":true,"href":"https:\/\/www.purejewels.com\/tr\/wp-json\/wp\/v2\/comments?post=3683"}],"version-history":[{"count":0,"href":"https:\/\/www.purejewels.com\/tr\/wp-json\/wp\/v2\/product\/3683\/revisions"}],"wp:featuredmedia":[{"embeddable":true,"href":"https:\/\/www.purejewels.com\/tr\/wp-json\/wp\/v2\/media\/4804"}],"wp:attachment":[{"href":"https:\/\/www.purejewels.com\/tr\/wp-json\/wp\/v2\/media?parent=3683"}],"wp:term":[{"taxonomy":"product_brand","embeddable":true,"href":"https:\/\/www.purejewels.com\/tr\/wp-json\/wp\/v2\/product_brand?post=3683"},{"taxonomy":"product_cat","embeddable":true,"href":"https:\/\/www.purejewels.com\/tr\/wp-json\/wp\/v2\/product_cat?post=3683"},{"taxonomy":"product_tag","embeddable":true,"href":"https:\/\/www.purejewels.com\/tr\/wp-json\/wp\/v2\/product_tag?post=3683"}],"curies":[{"name":"wp","href":"https:\/\/api.w.org\/{rel}","templated":true}]}}