{"id":3684,"date":"2017-07-19T13:17:29","date_gmt":"2017-07-19T12:17:29","guid":{"rendered":"http:\/\/new.purejewels.com\/product\/gaja\/"},"modified":"2020-12-21T17:55:19","modified_gmt":"2020-12-21T17:55:19","slug":"gaja","status":"publish","type":"product","link":"https:\/\/www.purejewels.com\/tr\/product\/gaja\/","title":{"rendered":"Gaja"},"content":{"rendered":"<p>Gaja Y\u00fcz\u00fck<\/p>\n<p>Platinum'da<\/p>\n<p>Yast\u0131k kesim p\u0131rlanta, VS berrakl\u0131kta<\/p>\n<p>\u0130ki armut sar\u0131s\u0131 p\u0131rlanta omuz ayar\u0131, VS berrakl\u0131k<\/p>\n<p>\u0130ki kare p\u0131rlanta, VS berrakl\u0131kta<\/p>\n<p>\u00c7e\u015fitli karat a\u011f\u0131rl\u0131klar\u0131nda mevcuttur<\/p>\n<ul>\n<li>Enfes Gaja M\u00fccevher koleksiyonumuzu ke\u015ffetmek i\u00e7in Whatsapp \u00fczerinden bizimle ileti\u015fime ge\u00e7in veya ma\u011fazam\u0131z\u0131 ziyaret edin<\/li>\n<\/ul>\n<p>&nbsp;<\/p>\n<p><strong>P\u0131rlantal\u0131 Gaja platin y\u00fcz\u00fck<\/strong><br \/>\nBab\u00fcrl\u00fcler \u00f6zel bir olay\u0131 kutlamak istediklerinde kraliyet filine t\u0131rman\u0131rlard\u0131.  G\u00fcn\u00fcm\u00fczde elmaslar\u0131 saklamak daha kolay; bu y\u00fczden muhte\u015fem Hint filinden esinlenerek Gaja'y\u0131 yaratt\u0131k. Kendinizi kraliyet ailesi gibi hissetmek istiyorsan\u0131z, Gaja p\u0131rlanta y\u00fcz\u00fck tam size g\u00f6re.<\/p>\n<p><strong>Eski moda cazibe<br \/>\n<\/strong>\u015eirket i\u00e7inde tasarlanan ve \u0130ngiltere'de \u00fcretilen Gaja, \u00f6d\u00fcll\u00fc bir ni\u015fan y\u00fcz\u00fc\u011f\u00fcd\u00fcr.  Tasar\u0131mc\u0131m\u0131z Hint tarihini \u00e7a\u011fda\u015f stille birle\u015ftirerek Maharani'yi ta\u015f\u0131yan kraliyet filinin Hint g\u00fcne\u015fi gibi par\u0131ldayan elmaslarla s\u00fcslenmi\u015f bu soyut versiyonunu yaratt\u0131.<\/p>\n<p>K\u00fclt\u00fcrel bir \u00f6neme sahip olan y\u00fcz\u00fck bolluk, bereket ve bilgeli\u011fi temsil eder.  L\u00fcks bir g\u00f6r\u00fcn\u00fcme sahip olan Gaja ni\u015fan y\u00fcz\u00fc\u011f\u00fc, tarihi bir anlam ta\u015f\u0131yan \u015f\u0131k bir se\u00e7imdir ve zaman zaman bir \u0130mparatori\u00e7e gibi davranan her kad\u0131n i\u00e7in m\u00fckemmeldir.<\/p>\n<p><strong>Bir ni\u015fan y\u00fcz\u00fc\u011f\u00fc g\u00f6steri\u015fli olmal\u0131d\u0131r...<\/strong><br \/>\n\u0130\u015fte bu y\u00fczden Gaja y\u00fcz\u00fc\u011f\u00fcm\u00fcz\u00fc p\u0131rlantalarla donatt\u0131k.  \u015eaft, d\u00fcnyan\u0131n en iyi kesim merkezlerinden birinde p\u0131rlanta kesim yap\u0131lm\u0131\u015f 84 pav\u00e9-set p\u0131rlanta ile s\u00fcslenmi\u015ftir.  Ortadaki par\u00e7ay\u0131 vurgulamak i\u00e7in iki adet armut bi\u00e7imli p\u0131rlanta par\u0131ld\u0131yor.  Ve biraz da ana ta\u015ftan bahsedelim...<\/p>\n<p><strong>Ni\u015fan y\u00fcz\u00fc\u011f\u00fcn\u00fcz i\u00e7in p\u0131rlanta se\u00e7imi<\/strong><br \/>\nNi\u015fan y\u00fcz\u00fc\u011f\u00fcn\u00fcz \u00f6m\u00fcrl\u00fckt\u00fcr, bu y\u00fczden p\u0131rlantan\u0131n m\u00fckemmel oldu\u011fundan emin olun.<\/p>\n<p>PureJewels p\u0131rlantalar\u0131, Hindistan'daki d\u00fcnyan\u0131n en iyi kesim merkezlerinden birinde tek tek se\u00e7ilerek gev\u015fek ta\u015flar haline getirilir.  Al\u0131c\u0131m\u0131z her bir ta\u015f\u0131 inceleyerek sadece renk, berrakl\u0131k ve kesimi kontrol etmekle kalmaz, ayn\u0131 zamanda ger\u00e7ekten \u00f6zel elmaslar\u0131 ay\u0131rt eden o parlak 'ate\u015fi' de arar.<\/p>\n<p>Daha sonra \u00e7e\u015fitli boyutlar \u0130ngiltere'ye geri getirilir ve p\u0131rlantam\u0131za yerle\u015ftirilmeye haz\u0131r hale gelir <a href=\"https:\/\/www.purejewels.com\/tr\/product-category\/wedding-rings-bands\/engagement-rings\/\">ni\u015fan y\u00fcz\u00fckleri<\/a>.  Web sitesini kullanarak istedi\u011finiz karat, renk ve berrakl\u0131\u011f\u0131 se\u00e7ebilirsiniz (l\u00fctfen P\u0131rlanta Ni\u015fan Y\u00fcz\u00fc\u011f\u00fc Nas\u0131l Sat\u0131n Al\u0131n\u0131r ba\u015fl\u0131kl\u0131 k\u0131lavuzumuza bak\u0131n).  Sipari\u015finizi verdi\u011finizde, y\u00fcz\u00fc\u011f\u00fcn\u00fcz i\u00e7in ta\u015f, belirtti\u011finiz \u00f6zelliklere g\u00f6re \u00f6zenle se\u00e7ilecektir.<\/p>\n<p>P\u0131rlantalar\u0131 kendiniz incelemek isterseniz, l\u00fctfen randevu alarak gelin - se\u00e7ti\u011finiz y\u00fcz\u00fc\u011fe uygun ta\u015flar\u0131 size g\u00f6stermekten memnuniyet duyar\u0131z.  Randevu almak i\u00e7in herhangi bir \u00fcr\u00fcn\u00fcn yan\u0131ndaki ba\u011flant\u0131y\u0131 kullan\u0131n.<\/p>\n<p><strong>P\u0131rlanta ni\u015fan y\u00fcz\u00fc\u011f\u00fcn\u00fcz\u00fc g\u00fcvenle sat\u0131n al\u0131n.<\/strong><br \/>\nHer p\u0131rlanta, titiz testleriyle bilinen Gemstone Institute of America taraf\u0131ndan sertifikaland\u0131r\u0131lm\u0131\u015ft\u0131r.  Y\u00fcz\u00fc\u011f\u00fcn\u00fcz PureJewels imzal\u0131 bir kutu ve gizli bir d\u0131\u015f ambalaj i\u00e7inde gelecektir.  Ni\u015fan y\u00fcz\u00fc\u011f\u00fcn\u00fcz i\u00e7in \u00f6m\u00fcr boyu \u00fccretsiz vale hizmeti sunmaktan memnuniyet duyuyoruz.  Kesinlikle m\u00fckemmel olmamas\u0131 durumunda, bize \u00fccretsiz olarak iade edebilirsiniz.<\/p>","protected":false},"excerpt":{"rendered":"<p>Gaja Y\u00fcz\u00fck<\/p>\n<p>Bu \u00f6d\u00fcll\u00fc koleksiyon, Maharanis'leri ta\u015f\u0131yan \u00f6zenle i\u015flenmi\u015f \"palkis\u00e2 \"l\u0131 tarihi kraliyet fillerinden esinlenmi\u015ftir. Bu p\u0131rlanta ve platin y\u00fcz\u00fck bolluk, bereket ve bilgeli\u011fi simgeliyor.<\/p>\n<p>Platinum'da<br \/>\nYast\u0131k kesim p\u0131rlantal\u0131 set<br \/>\n\u0130ki armut sar\u0131s\u0131 p\u0131rlanta parlak omuz ayar\u0131<br \/>\n\u0130ki kare elmas<br \/>\n\u00c7e\u015fitli karat a\u011f\u0131rl\u0131klar\u0131nda mevcuttur<\/p>","protected":false},"featured_media":3685,"comment_status":"closed","ping_status":"closed","template":"","meta":{"_eb_attr":"","_crsspst_to_jayantr4sg-hostcom":false},"product_brand":[],"product_cat":[231],"product_tag":[],"class_list":{"0":"post-3684","1":"product","2":"type-product","3":"status-publish","4":"has-post-thumbnail","6":"product_cat-engagement-rings","8":"first","9":"outofstock","10":"product-type-simple","11":"add-to-wishlist-before_image"},"yoast_head":"<!-- This site is optimized with the Yoast SEO plugin v27.3 - https:\/\/yoast.com\/product\/yoast-seo-wordpress\/ -->\n<title>Gaja platinum ring with diamonds - indian rings from PureJewels<\/title>\n<meta name=\"description\" content=\"Buy your diamond engagement ring in confidence. Every diamond is certified by the Gemstone Institute of America, which is known for its scrupulous testing.\u00a0\" \/>\n<meta name=\"robots\" content=\"index, follow, max-snippet:-1, max-image-preview:large, max-video-preview:-1\" \/>\n<link rel=\"canonical\" href=\"https:\/\/www.purejewels.com\/tr\/urun\/gaja\/\" \/>\n<meta property=\"og:locale\" content=\"tr_TR\" \/>\n<meta property=\"og:type\" content=\"article\" \/>\n<meta property=\"og:title\" content=\"Gaja platinum ring with diamonds - indian rings from PureJewels\" \/>\n<meta property=\"og:description\" content=\"Buy your diamond engagement ring in confidence. Every diamond is certified by the Gemstone Institute of America, which is known for its scrupulous testing.\u00a0\" \/>\n<meta property=\"og:url\" content=\"https:\/\/www.purejewels.com\/tr\/urun\/gaja\/\" \/>\n<meta property=\"og:site_name\" content=\"PureJewels UK\" \/>\n<meta property=\"article:modified_time\" content=\"2020-12-21T17:55:19+00:00\" \/>\n<meta property=\"og:image\" content=\"https:\/\/www.purejewels.com\/wp-content\/uploads\/2017\/07\/gajaring-2.jpg\" \/>\n\t<meta property=\"og:image:width\" content=\"2362\" \/>\n\t<meta property=\"og:image:height\" content=\"2362\" \/>\n\t<meta property=\"og:image:type\" content=\"image\/jpeg\" \/>\n<meta name=\"twitter:card\" content=\"summary_large_image\" \/>\n<meta name=\"twitter:label1\" content=\"Tahmini okuma s\u00fcresi\" \/>\n\t<meta name=\"twitter:data1\" content=\"2 dakika\" \/>\n<script type=\"application\/ld+json\" class=\"yoast-schema-graph\">{\"@context\":\"https:\\\/\\\/schema.org\",\"@graph\":[{\"@type\":[\"WebPage\",\"ItemPage\"],\"@id\":\"https:\\\/\\\/www.purejewels.com\\\/product\\\/gaja\\\/\",\"url\":\"https:\\\/\\\/www.purejewels.com\\\/product\\\/gaja\\\/\",\"name\":\"Gaja platinum ring with diamonds - indian rings from PureJewels\",\"isPartOf\":{\"@id\":\"https:\\\/\\\/www.purejewels.com\\\/#website\"},\"primaryImageOfPage\":{\"@id\":\"https:\\\/\\\/www.purejewels.com\\\/product\\\/gaja\\\/#primaryimage\"},\"image\":{\"@id\":\"https:\\\/\\\/www.purejewels.com\\\/product\\\/gaja\\\/#primaryimage\"},\"thumbnailUrl\":\"https:\\\/\\\/static.purejewels.com\\\/wp-content\\\/uploads\\\/2017\\\/07\\\/gajaring-2.jpg\",\"datePublished\":\"2017-07-19T12:17:29+00:00\",\"dateModified\":\"2020-12-21T17:55:19+00:00\",\"description\":\"Buy your diamond engagement ring in confidence. Every diamond is certified by the Gemstone Institute of America, which is known for its scrupulous testing.\u00a0\",\"breadcrumb\":{\"@id\":\"https:\\\/\\\/www.purejewels.com\\\/product\\\/gaja\\\/#breadcrumb\"},\"inLanguage\":\"tr\",\"potentialAction\":[{\"@type\":\"ReadAction\",\"target\":[\"https:\\\/\\\/www.purejewels.com\\\/product\\\/gaja\\\/\"]}]},{\"@type\":\"ImageObject\",\"inLanguage\":\"tr\",\"@id\":\"https:\\\/\\\/www.purejewels.com\\\/product\\\/gaja\\\/#primaryimage\",\"url\":\"https:\\\/\\\/static.purejewels.com\\\/wp-content\\\/uploads\\\/2017\\\/07\\\/gajaring-2.jpg\",\"contentUrl\":\"https:\\\/\\\/static.purejewels.com\\\/wp-content\\\/uploads\\\/2017\\\/07\\\/gajaring-2.jpg\",\"width\":2362,\"height\":2362,\"caption\":\"gajaring.jpg\"},{\"@type\":\"BreadcrumbList\",\"@id\":\"https:\\\/\\\/www.purejewels.com\\\/product\\\/gaja\\\/#breadcrumb\",\"itemListElement\":[{\"@type\":\"ListItem\",\"position\":1,\"name\":\"Home\",\"item\":\"https:\\\/\\\/www.purejewels.com\\\/\"},{\"@type\":\"ListItem\",\"position\":2,\"name\":\"Shop\",\"item\":\"https:\\\/\\\/www.purejewels.com\\\/shop\\\/\"},{\"@type\":\"ListItem\",\"position\":3,\"name\":\"Gaja\"}]},{\"@type\":\"WebSite\",\"@id\":\"https:\\\/\\\/www.purejewels.com\\\/#website\",\"url\":\"https:\\\/\\\/www.purejewels.com\\\/\",\"name\":\"PureJewels UK\",\"description\":\"Share the Love\",\"publisher\":{\"@id\":\"https:\\\/\\\/www.purejewels.com\\\/#organization\"},\"potentialAction\":[{\"@type\":\"SearchAction\",\"target\":{\"@type\":\"EntryPoint\",\"urlTemplate\":\"https:\\\/\\\/www.purejewels.com\\\/?s={search_term_string}\"},\"query-input\":{\"@type\":\"PropertyValueSpecification\",\"valueRequired\":true,\"valueName\":\"search_term_string\"}}],\"inLanguage\":\"tr\"},{\"@type\":\"Organization\",\"@id\":\"https:\\\/\\\/www.purejewels.com\\\/#organization\",\"name\":\"PureJewels UK\",\"url\":\"https:\\\/\\\/www.purejewels.com\\\/\",\"logo\":{\"@type\":\"ImageObject\",\"inLanguage\":\"tr\",\"@id\":\"https:\\\/\\\/www.purejewels.com\\\/#\\\/schema\\\/logo\\\/image\\\/\",\"url\":\"https:\\\/\\\/static.purejewels.com\\\/wp-content\\\/uploads\\\/2020\\\/11\\\/Logo-PJ-New-1.png\",\"contentUrl\":\"https:\\\/\\\/static.purejewels.com\\\/wp-content\\\/uploads\\\/2020\\\/11\\\/Logo-PJ-New-1.png\",\"width\":150,\"height\":80,\"caption\":\"PureJewels UK\"},\"image\":{\"@id\":\"https:\\\/\\\/www.purejewels.com\\\/#\\\/schema\\\/logo\\\/image\\\/\"}}]}<\/script>\n<!-- \/ Yoast SEO plugin. -->","yoast_head_json":{"title":"P\u0131rlantal\u0131 Gaja platin y\u00fcz\u00fck - PureJewels'ten Hint y\u00fcz\u00fckleri","description":"P\u0131rlanta ni\u015fan y\u00fcz\u00fc\u011f\u00fcn\u00fcz\u00fc g\u00fcvenle sat\u0131n al\u0131n. Her p\u0131rlanta, titiz testleriyle bilinen Gemstone Institute of America taraf\u0131ndan sertifikaland\u0131r\u0131l\u0131r.\u00a0","robots":{"index":"index","follow":"follow","max-snippet":"max-snippet:-1","max-image-preview":"max-image-preview:large","max-video-preview":"max-video-preview:-1"},"canonical":"https:\/\/www.purejewels.com\/tr\/urun\/gaja\/","og_locale":"tr_TR","og_type":"article","og_title":"Gaja platinum ring with diamonds - indian rings from PureJewels","og_description":"Buy your diamond engagement ring in confidence. Every diamond is certified by the Gemstone Institute of America, which is known for its scrupulous testing.\u00a0","og_url":"https:\/\/www.purejewels.com\/tr\/urun\/gaja\/","og_site_name":"PureJewels UK","article_modified_time":"2020-12-21T17:55:19+00:00","og_image":[{"width":2362,"height":2362,"url":"https:\/\/www.purejewels.com\/wp-content\/uploads\/2017\/07\/gajaring-2.jpg","type":"image\/jpeg"}],"twitter_card":"summary_large_image","twitter_misc":{"Tahmini okuma s\u00fcresi":"2 dakika"},"schema":{"@context":"https:\/\/schema.org","@graph":[{"@type":["WebPage","ItemPage"],"@id":"https:\/\/www.purejewels.com\/product\/gaja\/","url":"https:\/\/www.purejewels.com\/product\/gaja\/","name":"P\u0131rlantal\u0131 Gaja platin y\u00fcz\u00fck - PureJewels'ten Hint y\u00fcz\u00fckleri","isPartOf":{"@id":"https:\/\/www.purejewels.com\/#website"},"primaryImageOfPage":{"@id":"https:\/\/www.purejewels.com\/product\/gaja\/#primaryimage"},"image":{"@id":"https:\/\/www.purejewels.com\/product\/gaja\/#primaryimage"},"thumbnailUrl":"https:\/\/static.purejewels.com\/wp-content\/uploads\/2017\/07\/gajaring-2.jpg","datePublished":"2017-07-19T12:17:29+00:00","dateModified":"2020-12-21T17:55:19+00:00","description":"P\u0131rlanta ni\u015fan y\u00fcz\u00fc\u011f\u00fcn\u00fcz\u00fc g\u00fcvenle sat\u0131n al\u0131n. Her p\u0131rlanta, titiz testleriyle bilinen Gemstone Institute of America taraf\u0131ndan sertifikaland\u0131r\u0131l\u0131r.\u00a0","breadcrumb":{"@id":"https:\/\/www.purejewels.com\/product\/gaja\/#breadcrumb"},"inLanguage":"tr","potentialAction":[{"@type":"ReadAction","target":["https:\/\/www.purejewels.com\/product\/gaja\/"]}]},{"@type":"ImageObject","inLanguage":"tr","@id":"https:\/\/www.purejewels.com\/product\/gaja\/#primaryimage","url":"https:\/\/static.purejewels.com\/wp-content\/uploads\/2017\/07\/gajaring-2.jpg","contentUrl":"https:\/\/static.purejewels.com\/wp-content\/uploads\/2017\/07\/gajaring-2.jpg","width":2362,"height":2362,"caption":"gajaring.jpg"},{"@type":"BreadcrumbList","@id":"https:\/\/www.purejewels.com\/product\/gaja\/#breadcrumb","itemListElement":[{"@type":"ListItem","position":1,"name":"Home","item":"https:\/\/www.purejewels.com\/"},{"@type":"ListItem","position":2,"name":"Shop","item":"https:\/\/www.purejewels.com\/shop\/"},{"@type":"ListItem","position":3,"name":"Gaja"}]},{"@type":"WebSite","@id":"https:\/\/www.purejewels.com\/#website","url":"https:\/\/www.purejewels.com\/","name":"PureJewels \u0130ngiltere","description":"Sevgiyi Payla\u015f\u0131n","publisher":{"@id":"https:\/\/www.purejewels.com\/#organization"},"potentialAction":[{"@type":"SearchAction","target":{"@type":"EntryPoint","urlTemplate":"https:\/\/www.purejewels.com\/?s={search_term_string}"},"query-input":{"@type":"PropertyValueSpecification","valueRequired":true,"valueName":"search_term_string"}}],"inLanguage":"tr"},{"@type":"Organization","@id":"https:\/\/www.purejewels.com\/#organization","name":"PureJewels \u0130ngiltere","url":"https:\/\/www.purejewels.com\/","logo":{"@type":"ImageObject","inLanguage":"tr","@id":"https:\/\/www.purejewels.com\/#\/schema\/logo\/image\/","url":"https:\/\/static.purejewels.com\/wp-content\/uploads\/2020\/11\/Logo-PJ-New-1.png","contentUrl":"https:\/\/static.purejewels.com\/wp-content\/uploads\/2020\/11\/Logo-PJ-New-1.png","width":150,"height":80,"caption":"PureJewels UK"},"image":{"@id":"https:\/\/www.purejewels.com\/#\/schema\/logo\/image\/"}}]}},"_links":{"self":[{"href":"https:\/\/www.purejewels.com\/tr\/wp-json\/wp\/v2\/product\/3684","targetHints":{"allow":["GET"]}}],"collection":[{"href":"https:\/\/www.purejewels.com\/tr\/wp-json\/wp\/v2\/product"}],"about":[{"href":"https:\/\/www.purejewels.com\/tr\/wp-json\/wp\/v2\/types\/product"}],"replies":[{"embeddable":true,"href":"https:\/\/www.purejewels.com\/tr\/wp-json\/wp\/v2\/comments?post=3684"}],"version-history":[{"count":0,"href":"https:\/\/www.purejewels.com\/tr\/wp-json\/wp\/v2\/product\/3684\/revisions"}],"wp:featuredmedia":[{"embeddable":true,"href":"https:\/\/www.purejewels.com\/tr\/wp-json\/wp\/v2\/media\/3685"}],"wp:attachment":[{"href":"https:\/\/www.purejewels.com\/tr\/wp-json\/wp\/v2\/media?parent=3684"}],"wp:term":[{"taxonomy":"product_brand","embeddable":true,"href":"https:\/\/www.purejewels.com\/tr\/wp-json\/wp\/v2\/product_brand?post=3684"},{"taxonomy":"product_cat","embeddable":true,"href":"https:\/\/www.purejewels.com\/tr\/wp-json\/wp\/v2\/product_cat?post=3684"},{"taxonomy":"product_tag","embeddable":true,"href":"https:\/\/www.purejewels.com\/tr\/wp-json\/wp\/v2\/product_tag?post=3684"}],"curies":[{"name":"wp","href":"https:\/\/api.w.org\/{rel}","templated":true}]}}