{"id":369063,"date":"2024-08-07T05:56:32","date_gmt":"2024-08-07T04:56:32","guid":{"rendered":"https:\/\/www.purejewels.com\/?post_type=product&#038;p=369063"},"modified":"2026-01-30T07:34:13","modified_gmt":"2026-01-30T07:34:13","slug":"22-ayar-altin-damla-kupe-49190","status":"publish","type":"product","link":"https:\/\/www.purejewels.com\/tr\/product\/22ct-gold-drop-earring-49190\/","title":{"rendered":"22 Ayar Alt\u0131n Damla K\u00fcpe"},"content":{"rendered":"<p><strong>22 Ayar Alt\u0131n Armari Damla K\u00fcpe - 7,3 Gram<\/strong><\/p>\n<p>Bu \u00e7arp\u0131c\u0131 tasar\u0131mlarla \u015f\u0131kl\u0131\u011f\u0131n\u0131z\u0131 art\u0131r\u0131n <strong>22 Ayar Alt\u0131n Armari Damla K\u00fcpe<\/strong>hassasiyet ve zarafetle \u00fcretilmi\u015ftir. A\u011f\u0131rl\u0131k <strong>7.3 gram<\/strong>Bu k\u00fcpeler, karma\u015f\u0131k tasar\u0131mlar\u0131 ve l\u00fcks y\u00fczeyleriyle sofistike bir g\u00f6r\u00fcn\u00fcm sergiliyor.<\/p>\n<p>\u00d6zel g\u00fcnler veya g\u00fcnl\u00fck ihti\u015fam i\u00e7in m\u00fckemmel olan Armari Damla K\u00fcpe, hem geleneksel hem de \u00e7a\u011fda\u015f stilleri tamamlayan zamans\u0131z bir \u00e7ekicilik sunar. Zengin 22 ayar alt\u0131n, e\u015fsiz parlakl\u0131k ve dayan\u0131kl\u0131l\u0131k sa\u011flayarak m\u00fccevher koleksiyonunuza zarif bir katk\u0131 veya \u00f6zel biri i\u00e7in d\u00fc\u015f\u00fcnceli bir hediye olmas\u0131n\u0131 sa\u011flar.<\/p>\n<p>Kendinizi l\u00fckse b\u0131rak\u0131n ve bu g\u00f6z kama\u015ft\u0131r\u0131c\u0131 k\u00fcpelerin her an\u0131n\u0131z\u0131 \u0131\u015f\u0131ldatmas\u0131na izin verin.<\/p>","protected":false},"excerpt":{"rendered":"<table class=\"sh_desc\">\n<tbody>\n<tr>\n<td>K\u00fcpe T\u00fcr\u00fc<\/td>\n<td>Damla K\u00fcpe<\/td>\n<\/tr>\n<tr>\n<td>SKU<\/td>\n<td>49190<\/td>\n<\/tr>\n<tr>\n<td>A\u011f\u0131rl\u0131k<\/td>\n<td>7.3 Gms<\/td>\n<\/tr>\n<tr>\n<td>Biti\u015f<\/td>\n<td>Antique_Matte<\/td>\n<\/tr>\n<tr>\n<td>Cinsiyet<\/td>\n<td>Bayanlar<\/td>\n<\/tr>\n<tr>\n<td>Koleksiyon<\/td>\n<td><strong>Armari Koleksiyonu<\/strong><\/td>\n<\/tr>\n<tr>\n<td>Metal<\/td>\n<td>22 Ayar Alt\u0131n<\/td>\n<\/tr>\n<tr>\n<td>\u00dccretler<\/td>\n<td>Teslimat ve KDV Dahil<\/td>\n<\/tr>\n<tr>\n<td>Paketleme<\/td>\n<td>Sunum Kutusu ile Birlikte Gelir<\/td>\n<\/tr>\n<tr>\n<td>Daha Fazla Bilgi<\/td>\n<td>\n<ul>\n<li>M\u00fcsaitlik durumu ve daha fazla resim i\u00e7in bizimle canl\u0131 sohbet edin<\/li>\n<li>Koleksiyonumuzu ke\u015ffedin\u00a0<strong>geli\u0307n ve d\u00fc\u011f\u00fcn k\u00fcpeleri\u0307<\/strong><\/li>\n<\/ul>\n<\/td>\n<\/tr>\n<\/tbody>\n<\/table>","protected":false},"featured_media":372511,"comment_status":"closed","ping_status":"closed","template":"","meta":{"_eb_attr":"","_crsspst_to_jayantr4sg-hostcom":false},"product_brand":[],"product_cat":[245,6144,5639,5315,236,1685,1254,1573,1574],"product_tag":[5923],"class_list":{"0":"post-369063","1":"product","2":"type-product","3":"status-publish","4":"has-post-thumbnail","6":"product_cat-armari-collections","7":"product_cat-armari-drop-earrings","8":"product_cat-armari-earring","9":"product_cat-bridal-and-wedding-earrings","10":"product_cat-collections","11":"product_cat-drop-earrings","12":"product_cat-gold-earrings","13":"product_cat-wedding-gifts","14":"product_cat-womens-jewellery","15":"product_tag-22ct-drop-gold-earrings","17":"first","18":"instock","19":"taxable","20":"shipping-taxable","21":"purchasable","22":"product-type-simple","23":"add-to-wishlist-before_image"},"yoast_head":"<!-- This site is optimized with the Yoast SEO plugin v27.5 - https:\/\/yoast.com\/product\/yoast-seo-wordpress\/ -->\n<title>Shop 22 Carat Gold Drop Earrings | PureJewels UK<\/title>\n<meta name=\"description\" content=\"&quot;Discover elegant 22ct gold Armari drop earrings, weighing 7.3 grams. Perfectly crafted for timeless sophistication and unmatched style. Shop now for luxury jewelry.&quot;\" \/>\n<meta name=\"robots\" content=\"index, follow, max-snippet:-1, max-image-preview:large, max-video-preview:-1\" \/>\n<link rel=\"canonical\" href=\"https:\/\/www.purejewels.com\/tr\/urun\/22-ayar-altin-damla-kupe-49190\/\" \/>\n<meta property=\"og:locale\" content=\"tr_TR\" \/>\n<meta property=\"og:type\" content=\"article\" \/>\n<meta property=\"og:title\" content=\"Shop 22 Carat Gold Drop Earrings | PureJewels UK\" \/>\n<meta property=\"og:description\" content=\"&quot;Discover elegant 22ct gold Armari drop earrings, weighing 7.3 grams. Perfectly crafted for timeless sophistication and unmatched style. Shop now for luxury jewelry.&quot;\" \/>\n<meta property=\"og:url\" content=\"https:\/\/www.purejewels.com\/tr\/urun\/22-ayar-altin-damla-kupe-49190\/\" \/>\n<meta property=\"og:site_name\" content=\"PureJewels UK\" \/>\n<meta property=\"article:modified_time\" content=\"2026-01-30T07:34:13+00:00\" \/>\n<meta property=\"og:image\" content=\"https:\/\/static.purejewels.com\/wp-content\/uploads\/2024\/08\/SKU-49190.png\" \/>\n\t<meta property=\"og:image:width\" content=\"1000\" \/>\n\t<meta property=\"og:image:height\" content=\"1000\" \/>\n\t<meta property=\"og:image:type\" content=\"image\/png\" \/>\n<meta name=\"twitter:card\" content=\"summary_large_image\" \/>\n<meta name=\"twitter:label1\" content=\"Tahmini okuma s\u00fcresi\" \/>\n\t<meta name=\"twitter:data1\" content=\"1 dakika\" \/>\n<script type=\"application\/ld+json\" class=\"yoast-schema-graph\">{\"@context\":\"https:\\\/\\\/schema.org\",\"@graph\":[{\"@type\":[\"WebPage\",\"ItemPage\"],\"@id\":\"https:\\\/\\\/www.purejewels.com\\\/product\\\/22ct-gold-drop-earring-49190\\\/\",\"url\":\"https:\\\/\\\/www.purejewels.com\\\/product\\\/22ct-gold-drop-earring-49190\\\/\",\"name\":\"Shop 22 Carat Gold Drop Earrings | PureJewels UK\",\"isPartOf\":{\"@id\":\"https:\\\/\\\/www.purejewels.com\\\/#website\"},\"primaryImageOfPage\":{\"@id\":\"https:\\\/\\\/www.purejewels.com\\\/product\\\/22ct-gold-drop-earring-49190\\\/#primaryimage\"},\"image\":{\"@id\":\"https:\\\/\\\/www.purejewels.com\\\/product\\\/22ct-gold-drop-earring-49190\\\/#primaryimage\"},\"thumbnailUrl\":\"https:\\\/\\\/static.purejewels.com\\\/wp-content\\\/uploads\\\/2024\\\/08\\\/SKU-49190.png\",\"datePublished\":\"2024-08-07T04:56:32+00:00\",\"dateModified\":\"2026-01-30T07:34:13+00:00\",\"description\":\"\\\"Discover elegant 22ct gold Armari drop earrings, weighing 7.3 grams. Perfectly crafted for timeless sophistication and unmatched style. Shop now for luxury jewelry.\\\"\",\"breadcrumb\":{\"@id\":\"https:\\\/\\\/www.purejewels.com\\\/product\\\/22ct-gold-drop-earring-49190\\\/#breadcrumb\"},\"inLanguage\":\"tr\",\"potentialAction\":[{\"@type\":\"ReadAction\",\"target\":[\"https:\\\/\\\/www.purejewels.com\\\/product\\\/22ct-gold-drop-earring-49190\\\/\"]}]},{\"@type\":\"ImageObject\",\"inLanguage\":\"tr\",\"@id\":\"https:\\\/\\\/www.purejewels.com\\\/product\\\/22ct-gold-drop-earring-49190\\\/#primaryimage\",\"url\":\"https:\\\/\\\/static.purejewels.com\\\/wp-content\\\/uploads\\\/2024\\\/08\\\/SKU-49190.png\",\"contentUrl\":\"https:\\\/\\\/static.purejewels.com\\\/wp-content\\\/uploads\\\/2024\\\/08\\\/SKU-49190.png\",\"width\":1000,\"height\":1000},{\"@type\":\"BreadcrumbList\",\"@id\":\"https:\\\/\\\/www.purejewels.com\\\/product\\\/22ct-gold-drop-earring-49190\\\/#breadcrumb\",\"itemListElement\":[{\"@type\":\"ListItem\",\"position\":1,\"name\":\"Home\",\"item\":\"https:\\\/\\\/www.purejewels.com\\\/\"},{\"@type\":\"ListItem\",\"position\":2,\"name\":\"Shop\",\"item\":\"https:\\\/\\\/www.purejewels.com\\\/shop\\\/\"},{\"@type\":\"ListItem\",\"position\":3,\"name\":\"22ct Gold Drop Earring\"}]},{\"@type\":\"WebSite\",\"@id\":\"https:\\\/\\\/www.purejewels.com\\\/#website\",\"url\":\"https:\\\/\\\/www.purejewels.com\\\/\",\"name\":\"PureJewels UK\",\"description\":\"Share the Love\",\"publisher\":{\"@id\":\"https:\\\/\\\/www.purejewels.com\\\/#organization\"},\"potentialAction\":[{\"@type\":\"SearchAction\",\"target\":{\"@type\":\"EntryPoint\",\"urlTemplate\":\"https:\\\/\\\/www.purejewels.com\\\/?s={search_term_string}\"},\"query-input\":{\"@type\":\"PropertyValueSpecification\",\"valueRequired\":true,\"valueName\":\"search_term_string\"}}],\"inLanguage\":\"tr\"},{\"@type\":\"Organization\",\"@id\":\"https:\\\/\\\/www.purejewels.com\\\/#organization\",\"name\":\"PureJewels UK\",\"url\":\"https:\\\/\\\/www.purejewels.com\\\/\",\"logo\":{\"@type\":\"ImageObject\",\"inLanguage\":\"tr\",\"@id\":\"https:\\\/\\\/www.purejewels.com\\\/#\\\/schema\\\/logo\\\/image\\\/\",\"url\":\"https:\\\/\\\/static.purejewels.com\\\/wp-content\\\/uploads\\\/2020\\\/11\\\/Logo-PJ-New-1.png\",\"contentUrl\":\"https:\\\/\\\/static.purejewels.com\\\/wp-content\\\/uploads\\\/2020\\\/11\\\/Logo-PJ-New-1.png\",\"width\":150,\"height\":80,\"caption\":\"PureJewels UK\"},\"image\":{\"@id\":\"https:\\\/\\\/www.purejewels.com\\\/#\\\/schema\\\/logo\\\/image\\\/\"}}]}<\/script>\n<!-- \/ Yoast SEO plugin. -->","yoast_head_json":{"title":"22 Ayar Alt\u0131n Damla K\u00fcpe Al\u0131\u015fveri\u015fi | PureJewels UK","description":"\"7,3 gram a\\u011f\\u0131rl\\u0131\\u011f\\u0131ndaki zarif 22 ayar alt\\u0131n Armari damla k\\u00fcpeleri ke\\u015ffedin. Zamans\\u0131z sofistike ve e\\u015fsiz bir stil i\\u00e7in m\\u00fckemmel bir \\u015fekilde \\u00fcretilmi\\u015ftir. L\\u00fcks m\\u00fccevherler i\\u00e7in \\u015fimdi al\\u0131\\u015fveri\\u015f yap\\u0131n.\"","robots":{"index":"index","follow":"follow","max-snippet":"max-snippet:-1","max-image-preview":"max-image-preview:large","max-video-preview":"max-video-preview:-1"},"canonical":"https:\/\/www.purejewels.com\/tr\/urun\/22-ayar-altin-damla-kupe-49190\/","og_locale":"tr_TR","og_type":"article","og_title":"Shop 22 Carat Gold Drop Earrings | PureJewels UK","og_description":"\"Discover elegant 22ct gold Armari drop earrings, weighing 7.3 grams. Perfectly crafted for timeless sophistication and unmatched style. Shop now for luxury jewelry.\"","og_url":"https:\/\/www.purejewels.com\/tr\/urun\/22-ayar-altin-damla-kupe-49190\/","og_site_name":"PureJewels UK","article_modified_time":"2026-01-30T07:34:13+00:00","og_image":[{"width":1000,"height":1000,"url":"https:\/\/static.purejewels.com\/wp-content\/uploads\/2024\/08\/SKU-49190.png","type":"image\/png"}],"twitter_card":"summary_large_image","twitter_misc":{"Tahmini okuma s\u00fcresi":"1 dakika"},"schema":{"@context":"https:\/\/schema.org","@graph":[{"@type":["WebPage","ItemPage"],"@id":"https:\/\/www.purejewels.com\/product\/22ct-gold-drop-earring-49190\/","url":"https:\/\/www.purejewels.com\/product\/22ct-gold-drop-earring-49190\/","name":"22 Ayar Alt\u0131n Damla K\u00fcpe Al\u0131\u015fveri\u015fi | PureJewels UK","isPartOf":{"@id":"https:\/\/www.purejewels.com\/#website"},"primaryImageOfPage":{"@id":"https:\/\/www.purejewels.com\/product\/22ct-gold-drop-earring-49190\/#primaryimage"},"image":{"@id":"https:\/\/www.purejewels.com\/product\/22ct-gold-drop-earring-49190\/#primaryimage"},"thumbnailUrl":"https:\/\/static.purejewels.com\/wp-content\/uploads\/2024\/08\/SKU-49190.png","datePublished":"2024-08-07T04:56:32+00:00","dateModified":"2026-01-30T07:34:13+00:00","description":"\"7,3 gram a\\u011f\\u0131rl\\u0131\\u011f\\u0131ndaki zarif 22 ayar alt\\u0131n Armari damla k\\u00fcpeleri ke\\u015ffedin. Zamans\\u0131z sofistike ve e\\u015fsiz bir stil i\\u00e7in m\\u00fckemmel bir \\u015fekilde \\u00fcretilmi\\u015ftir. L\\u00fcks m\\u00fccevherler i\\u00e7in \\u015fimdi al\\u0131\\u015fveri\\u015f yap\\u0131n.\"","breadcrumb":{"@id":"https:\/\/www.purejewels.com\/product\/22ct-gold-drop-earring-49190\/#breadcrumb"},"inLanguage":"tr","potentialAction":[{"@type":"ReadAction","target":["https:\/\/www.purejewels.com\/product\/22ct-gold-drop-earring-49190\/"]}]},{"@type":"ImageObject","inLanguage":"tr","@id":"https:\/\/www.purejewels.com\/product\/22ct-gold-drop-earring-49190\/#primaryimage","url":"https:\/\/static.purejewels.com\/wp-content\/uploads\/2024\/08\/SKU-49190.png","contentUrl":"https:\/\/static.purejewels.com\/wp-content\/uploads\/2024\/08\/SKU-49190.png","width":1000,"height":1000},{"@type":"BreadcrumbList","@id":"https:\/\/www.purejewels.com\/product\/22ct-gold-drop-earring-49190\/#breadcrumb","itemListElement":[{"@type":"ListItem","position":1,"name":"Home","item":"https:\/\/www.purejewels.com\/"},{"@type":"ListItem","position":2,"name":"Shop","item":"https:\/\/www.purejewels.com\/shop\/"},{"@type":"ListItem","position":3,"name":"22ct Gold Drop Earring"}]},{"@type":"WebSite","@id":"https:\/\/www.purejewels.com\/#website","url":"https:\/\/www.purejewels.com\/","name":"PureJewels \u0130ngiltere","description":"Sevgiyi Payla\u015f\u0131n","publisher":{"@id":"https:\/\/www.purejewels.com\/#organization"},"potentialAction":[{"@type":"SearchAction","target":{"@type":"EntryPoint","urlTemplate":"https:\/\/www.purejewels.com\/?s={search_term_string}"},"query-input":{"@type":"PropertyValueSpecification","valueRequired":true,"valueName":"search_term_string"}}],"inLanguage":"tr"},{"@type":"Organization","@id":"https:\/\/www.purejewels.com\/#organization","name":"PureJewels \u0130ngiltere","url":"https:\/\/www.purejewels.com\/","logo":{"@type":"ImageObject","inLanguage":"tr","@id":"https:\/\/www.purejewels.com\/#\/schema\/logo\/image\/","url":"https:\/\/static.purejewels.com\/wp-content\/uploads\/2020\/11\/Logo-PJ-New-1.png","contentUrl":"https:\/\/static.purejewels.com\/wp-content\/uploads\/2020\/11\/Logo-PJ-New-1.png","width":150,"height":80,"caption":"PureJewels UK"},"image":{"@id":"https:\/\/www.purejewels.com\/#\/schema\/logo\/image\/"}}]}},"_links":{"self":[{"href":"https:\/\/www.purejewels.com\/tr\/wp-json\/wp\/v2\/product\/369063","targetHints":{"allow":["GET"]}}],"collection":[{"href":"https:\/\/www.purejewels.com\/tr\/wp-json\/wp\/v2\/product"}],"about":[{"href":"https:\/\/www.purejewels.com\/tr\/wp-json\/wp\/v2\/types\/product"}],"replies":[{"embeddable":true,"href":"https:\/\/www.purejewels.com\/tr\/wp-json\/wp\/v2\/comments?post=369063"}],"version-history":[{"count":4,"href":"https:\/\/www.purejewels.com\/tr\/wp-json\/wp\/v2\/product\/369063\/revisions"}],"predecessor-version":[{"id":426090,"href":"https:\/\/www.purejewels.com\/tr\/wp-json\/wp\/v2\/product\/369063\/revisions\/426090"}],"wp:featuredmedia":[{"embeddable":true,"href":"https:\/\/www.purejewels.com\/tr\/wp-json\/wp\/v2\/media\/372511"}],"wp:attachment":[{"href":"https:\/\/www.purejewels.com\/tr\/wp-json\/wp\/v2\/media?parent=369063"}],"wp:term":[{"taxonomy":"product_brand","embeddable":true,"href":"https:\/\/www.purejewels.com\/tr\/wp-json\/wp\/v2\/product_brand?post=369063"},{"taxonomy":"product_cat","embeddable":true,"href":"https:\/\/www.purejewels.com\/tr\/wp-json\/wp\/v2\/product_cat?post=369063"},{"taxonomy":"product_tag","embeddable":true,"href":"https:\/\/www.purejewels.com\/tr\/wp-json\/wp\/v2\/product_tag?post=369063"}],"curies":[{"name":"wp","href":"https:\/\/api.w.org\/{rel}","templated":true}]}}