{"id":369112,"date":"2024-07-07T10:53:16","date_gmt":"2024-07-07T09:53:16","guid":{"rendered":"https:\/\/www.purejewels.com\/?post_type=product&#038;p=369112"},"modified":"2026-01-30T11:48:21","modified_gmt":"2026-01-30T11:48:21","slug":"22-ayar-altin-kolye-47985","status":"publish","type":"product","link":"https:\/\/www.purejewels.com\/tr\/product\/22ct-gold-pendant-47985\/","title":{"rendered":"22 Ayar Alt\u0131n Kolye | Armari Koleksiyonu"},"content":{"rendered":"<p data-sourcepos=\"5:1-5:248\">Geleneksel ve \u00e7a\u011fda\u015f tarz\u0131n m\u00fckemmel kar\u0131\u015f\u0131m\u0131n\u0131 ke\u015ffedin <a href=\"https:\/\/www.purejewels.com\/tr\/product\/22ct-gold-fancy-pendant-23444\/\">22 Ayar Alt\u0131n Kolye<\/a> bir \u015fey yok. <a href=\"https:\/\/www.purejewels.com\/tr\/product\/22ct-gold-armari-collection-stud-antique-finish-49172\/\">Armari Koleksiyonu<\/a>. <span class=\"citation-0 recitation citation-end-0\">Bu zarif par\u00e7a, yetenekli zanaatk\u00e2rlar\u0131m\u0131z\u0131n sanat\u0131n\u0131 sergileyen detaylara titizlikle dikkat edilerek haz\u0131rlanm\u0131\u015ft\u0131r.<\/span><\/p>\n<p data-sourcepos=\"7:1-7:313\"><span class=\"citation-1 recitation citation-end-1\">Saf 22 ayar alt\u0131ndan \u00fcretilen bu kolye ucu l\u00fcks ve sofistike bir g\u00f6r\u00fcn\u00fcm sergiler.<\/span> B\u00fcy\u00fcleyici tasar\u0131m\u0131, trendlerin \u00f6tesine ge\u00e7en m\u00fccevherler yaratma konusundaki kararl\u0131l\u0131\u011f\u0131m\u0131z\u0131n bir kan\u0131t\u0131d\u0131r. \u0130ster minimalist bir estetik ister cesur bir ifade par\u00e7as\u0131 tercih edin, koleksiyonumuz tarz\u0131n\u0131za uygun bir kolye ucu sunuyor.<span class=\"button-container ng-star-inserted\">\u00a0<\/span><\/p>\n<p data-sourcepos=\"9:1-9:194\">Kendinizi bu \u00e7arp\u0131c\u0131 par\u00e7a ile s\u00fcsleyin ve verdi\u011fi g\u00fcven ve zarafeti deneyimleyin. Bizim <a href=\"https:\/\/www.purejewels.com\/tr\/product\/22ct-gold-jali-filigree-ring-jali-collection-31926\/\">22ct<\/a> <a href=\"https:\/\/www.purejewels.com\/tr\/product\/22ct-real-gold-shoe-pendant-43097\/\">Alt\u0131n Kolye<\/a> m\u00fccevherden daha fazlas\u0131d\u0131r; zamans\u0131z g\u00fczelli\u011fin ve ki\u015fisel stilin sembol\u00fcd\u00fcr.<\/p>\n<p data-sourcepos=\"11:1-11:65\">","protected":false},"excerpt":{"rendered":"<div class=\"woocommerce-product-details__short-description\">\n<table class=\"sh_desc\" style=\"width: 100%; height: 281px;\">\n<tbody>\n<tr style=\"height: 28px;\">\n<td style=\"height: 28px;\">Kolye Tipi<\/td>\n<td style=\"height: 28px;\">Antik Stil Kolye Ucu<\/td>\n<\/tr>\n<tr style=\"height: 28px;\">\n<td style=\"height: 28px;\">SKU<\/td>\n<td style=\"height: 28px;\">47985<\/td>\n<\/tr>\n<tr style=\"height: 28px;\">\n<td style=\"height: 29px;\">A\u011f\u0131rl\u0131k<\/td>\n<td style=\"height: 29px;\">6.1 gms<\/td>\n<\/tr>\n<tr style=\"height: 28px;\">\n<td style=\"height: 29px;\">Koleksiyon<\/td>\n<td style=\"height: 29px;\"><strong>Armari Koleksiyonu<\/strong><\/td>\n<\/tr>\n<tr style=\"height: 28px;\">\n<td style=\"height: 28px;\">Metal<\/td>\n<td style=\"height: 28px;\">22 Ayar Alt\u0131n<\/td>\n<\/tr>\n<tr style=\"height: 28px;\">\n<td style=\"height: 28px;\">\u00dccretler<\/td>\n<td style=\"height: 28px;\">Teslimat ve KDV Dahil<\/td>\n<\/tr>\n<tr style=\"height: 28px;\">\n<td style=\"height: 28px;\">Paketleme<\/td>\n<td style=\"height: 28px;\">Sunum Kutusu ile Birlikte Gelir<\/td>\n<\/tr>\n<tr style=\"height: 112px;\">\n<td style=\"height: 112px;\">Daha Fazla Bilgi<\/td>\n<td style=\"height: 112px;\">\n<ul>\n<li>Zincir dahil de\u011fildir<\/li>\n<li>Koleksiyonumuzu g\u00f6r\u00fcnt\u00fcleyin\u00a0<strong>Zincirler<\/strong><\/li>\n<li>M\u00fcsaitlik durumu ve daha fazla resim i\u00e7in bizimle canl\u0131 sohbet edin<\/li>\n<\/ul>\n<\/td>\n<\/tr>\n<\/tbody>\n<\/table>\n<\/div>","protected":false},"featured_media":369116,"comment_status":"closed","ping_status":"closed","template":"","meta":{"_eb_attr":"","_crsspst_to_jayantr4sg-hostcom":false},"product_brand":[],"product_cat":[1791,245,5670,236,1793,5701,1770,1792,1790,1229,1255,1767,1570,1573,1574],"product_tag":[],"class_list":{"0":"post-369112","1":"product","2":"type-product","3":"status-publish","4":"has-post-thumbnail","6":"product_cat-anniversary-gifts","7":"product_cat-armari-collections","8":"product_cat-armari-pendant","9":"product_cat-collections","10":"product_cat-diwali-gifts","11":"product_cat-eid-jewellery","12":"product_cat-fancy-pendants","13":"product_cat-festival-gifts","14":"product_cat-for-whom-when","15":"product_cat-22ct-gold-jewellery","16":"product_cat-gold-pendants","17":"product_cat-ladies-pendants","18":"product_cat-mothers-day-gifts","19":"product_cat-wedding-gifts","20":"product_cat-womens-jewellery","22":"first","23":"instock","24":"taxable","25":"shipping-taxable","26":"purchasable","27":"product-type-simple","28":"add-to-wishlist-before_image"},"yoast_head":"<!-- This site is optimized with the Yoast SEO plugin v27.5 - https:\/\/yoast.com\/product\/yoast-seo-wordpress\/ -->\n<title>22ct Gold Pendant | Armari Collection - PureJewels UK<\/title>\n<meta name=\"robots\" content=\"index, follow, max-snippet:-1, max-image-preview:large, max-video-preview:-1\" \/>\n<link rel=\"canonical\" href=\"https:\/\/www.purejewels.com\/tr\/urun\/22-ayar-altin-kolye-47985\/\" \/>\n<meta property=\"og:locale\" content=\"tr_TR\" \/>\n<meta property=\"og:type\" content=\"article\" \/>\n<meta property=\"og:title\" content=\"22ct Gold Pendant | Armari Collection - PureJewels UK\" \/>\n<meta property=\"og:description\" content=\"Type\u00a0Of\u00a0Pendant Antique Style Pendant   SKU 47985   Weight 6.1 gms   Collection Armari Collection   Metal 22ct\u00a0Gold   Charges Delivery\u00a0and\u00a0VAT\u00a0Included   Packaging Comes\u00a0With\u00a0Presentation\u00a0Box   More\u00a0Information    Chain is not included  View our collection of\u00a0Chains  Live chat with us for availability\u00a0and\u00a0more\u00a0images\" \/>\n<meta property=\"og:url\" content=\"https:\/\/www.purejewels.com\/tr\/urun\/22-ayar-altin-kolye-47985\/\" \/>\n<meta property=\"og:site_name\" content=\"PureJewels UK\" \/>\n<meta property=\"article:modified_time\" content=\"2026-01-30T11:48:21+00:00\" \/>\n<meta property=\"og:image\" content=\"https:\/\/static.purejewels.com\/wp-content\/uploads\/2024\/08\/47985.png\" \/>\n\t<meta property=\"og:image:width\" content=\"1000\" \/>\n\t<meta property=\"og:image:height\" content=\"1000\" \/>\n\t<meta property=\"og:image:type\" content=\"image\/png\" \/>\n<meta name=\"twitter:card\" content=\"summary_large_image\" \/>\n<meta name=\"twitter:label1\" content=\"Tahmini okuma s\u00fcresi\" \/>\n\t<meta name=\"twitter:data1\" content=\"1 dakika\" \/>\n<script type=\"application\/ld+json\" class=\"yoast-schema-graph\">{\"@context\":\"https:\\\/\\\/schema.org\",\"@graph\":[{\"@type\":[\"WebPage\",\"ItemPage\"],\"@id\":\"https:\\\/\\\/www.purejewels.com\\\/product\\\/22ct-gold-pendant-47985\\\/\",\"url\":\"https:\\\/\\\/www.purejewels.com\\\/product\\\/22ct-gold-pendant-47985\\\/\",\"name\":\"22ct Gold Pendant | Armari Collection - PureJewels UK\",\"isPartOf\":{\"@id\":\"https:\\\/\\\/www.purejewels.com\\\/#website\"},\"primaryImageOfPage\":{\"@id\":\"https:\\\/\\\/www.purejewels.com\\\/product\\\/22ct-gold-pendant-47985\\\/#primaryimage\"},\"image\":{\"@id\":\"https:\\\/\\\/www.purejewels.com\\\/product\\\/22ct-gold-pendant-47985\\\/#primaryimage\"},\"thumbnailUrl\":\"https:\\\/\\\/static.purejewels.com\\\/wp-content\\\/uploads\\\/2024\\\/08\\\/47985.png\",\"datePublished\":\"2024-07-07T09:53:16+00:00\",\"dateModified\":\"2026-01-30T11:48:21+00:00\",\"breadcrumb\":{\"@id\":\"https:\\\/\\\/www.purejewels.com\\\/product\\\/22ct-gold-pendant-47985\\\/#breadcrumb\"},\"inLanguage\":\"tr\",\"potentialAction\":[{\"@type\":\"ReadAction\",\"target\":[\"https:\\\/\\\/www.purejewels.com\\\/product\\\/22ct-gold-pendant-47985\\\/\"]}]},{\"@type\":\"ImageObject\",\"inLanguage\":\"tr\",\"@id\":\"https:\\\/\\\/www.purejewels.com\\\/product\\\/22ct-gold-pendant-47985\\\/#primaryimage\",\"url\":\"https:\\\/\\\/static.purejewels.com\\\/wp-content\\\/uploads\\\/2024\\\/08\\\/47985.png\",\"contentUrl\":\"https:\\\/\\\/static.purejewels.com\\\/wp-content\\\/uploads\\\/2024\\\/08\\\/47985.png\",\"width\":1000,\"height\":1000,\"caption\":\"22ct Gold Pendant\"},{\"@type\":\"BreadcrumbList\",\"@id\":\"https:\\\/\\\/www.purejewels.com\\\/product\\\/22ct-gold-pendant-47985\\\/#breadcrumb\",\"itemListElement\":[{\"@type\":\"ListItem\",\"position\":1,\"name\":\"Home\",\"item\":\"https:\\\/\\\/www.purejewels.com\\\/\"},{\"@type\":\"ListItem\",\"position\":2,\"name\":\"Shop\",\"item\":\"https:\\\/\\\/www.purejewels.com\\\/shop\\\/\"},{\"@type\":\"ListItem\",\"position\":3,\"name\":\"22ct Gold Pendant | Armari Collection\"}]},{\"@type\":\"WebSite\",\"@id\":\"https:\\\/\\\/www.purejewels.com\\\/#website\",\"url\":\"https:\\\/\\\/www.purejewels.com\\\/\",\"name\":\"PureJewels UK\",\"description\":\"Share the Love\",\"publisher\":{\"@id\":\"https:\\\/\\\/www.purejewels.com\\\/#organization\"},\"potentialAction\":[{\"@type\":\"SearchAction\",\"target\":{\"@type\":\"EntryPoint\",\"urlTemplate\":\"https:\\\/\\\/www.purejewels.com\\\/?s={search_term_string}\"},\"query-input\":{\"@type\":\"PropertyValueSpecification\",\"valueRequired\":true,\"valueName\":\"search_term_string\"}}],\"inLanguage\":\"tr\"},{\"@type\":\"Organization\",\"@id\":\"https:\\\/\\\/www.purejewels.com\\\/#organization\",\"name\":\"PureJewels UK\",\"url\":\"https:\\\/\\\/www.purejewels.com\\\/\",\"logo\":{\"@type\":\"ImageObject\",\"inLanguage\":\"tr\",\"@id\":\"https:\\\/\\\/www.purejewels.com\\\/#\\\/schema\\\/logo\\\/image\\\/\",\"url\":\"https:\\\/\\\/static.purejewels.com\\\/wp-content\\\/uploads\\\/2020\\\/11\\\/Logo-PJ-New-1.png\",\"contentUrl\":\"https:\\\/\\\/static.purejewels.com\\\/wp-content\\\/uploads\\\/2020\\\/11\\\/Logo-PJ-New-1.png\",\"width\":150,\"height\":80,\"caption\":\"PureJewels UK\"},\"image\":{\"@id\":\"https:\\\/\\\/www.purejewels.com\\\/#\\\/schema\\\/logo\\\/image\\\/\"}}]}<\/script>\n<!-- \/ Yoast SEO plugin. -->","yoast_head_json":{"title":"22 Ayar Alt\u0131n Kolye | Armari Koleksiyonu - PureJewels UK","robots":{"index":"index","follow":"follow","max-snippet":"max-snippet:-1","max-image-preview":"max-image-preview:large","max-video-preview":"max-video-preview:-1"},"canonical":"https:\/\/www.purejewels.com\/tr\/urun\/22-ayar-altin-kolye-47985\/","og_locale":"tr_TR","og_type":"article","og_title":"22ct Gold Pendant | Armari Collection - PureJewels UK","og_description":"Type\u00a0Of\u00a0Pendant Antique Style Pendant   SKU 47985   Weight 6.1 gms   Collection Armari Collection   Metal 22ct\u00a0Gold   Charges Delivery\u00a0and\u00a0VAT\u00a0Included   Packaging Comes\u00a0With\u00a0Presentation\u00a0Box   More\u00a0Information    Chain is not included  View our collection of\u00a0Chains  Live chat with us for availability\u00a0and\u00a0more\u00a0images","og_url":"https:\/\/www.purejewels.com\/tr\/urun\/22-ayar-altin-kolye-47985\/","og_site_name":"PureJewels UK","article_modified_time":"2026-01-30T11:48:21+00:00","og_image":[{"width":1000,"height":1000,"url":"https:\/\/static.purejewels.com\/wp-content\/uploads\/2024\/08\/47985.png","type":"image\/png"}],"twitter_card":"summary_large_image","twitter_misc":{"Tahmini okuma s\u00fcresi":"1 dakika"},"schema":{"@context":"https:\/\/schema.org","@graph":[{"@type":["WebPage","ItemPage"],"@id":"https:\/\/www.purejewels.com\/product\/22ct-gold-pendant-47985\/","url":"https:\/\/www.purejewels.com\/product\/22ct-gold-pendant-47985\/","name":"22 Ayar Alt\u0131n Kolye | Armari Koleksiyonu - PureJewels UK","isPartOf":{"@id":"https:\/\/www.purejewels.com\/#website"},"primaryImageOfPage":{"@id":"https:\/\/www.purejewels.com\/product\/22ct-gold-pendant-47985\/#primaryimage"},"image":{"@id":"https:\/\/www.purejewels.com\/product\/22ct-gold-pendant-47985\/#primaryimage"},"thumbnailUrl":"https:\/\/static.purejewels.com\/wp-content\/uploads\/2024\/08\/47985.png","datePublished":"2024-07-07T09:53:16+00:00","dateModified":"2026-01-30T11:48:21+00:00","breadcrumb":{"@id":"https:\/\/www.purejewels.com\/product\/22ct-gold-pendant-47985\/#breadcrumb"},"inLanguage":"tr","potentialAction":[{"@type":"ReadAction","target":["https:\/\/www.purejewels.com\/product\/22ct-gold-pendant-47985\/"]}]},{"@type":"ImageObject","inLanguage":"tr","@id":"https:\/\/www.purejewels.com\/product\/22ct-gold-pendant-47985\/#primaryimage","url":"https:\/\/static.purejewels.com\/wp-content\/uploads\/2024\/08\/47985.png","contentUrl":"https:\/\/static.purejewels.com\/wp-content\/uploads\/2024\/08\/47985.png","width":1000,"height":1000,"caption":"22ct Gold Pendant"},{"@type":"BreadcrumbList","@id":"https:\/\/www.purejewels.com\/product\/22ct-gold-pendant-47985\/#breadcrumb","itemListElement":[{"@type":"ListItem","position":1,"name":"Home","item":"https:\/\/www.purejewels.com\/"},{"@type":"ListItem","position":2,"name":"Shop","item":"https:\/\/www.purejewels.com\/shop\/"},{"@type":"ListItem","position":3,"name":"22ct Gold Pendant | Armari Collection"}]},{"@type":"WebSite","@id":"https:\/\/www.purejewels.com\/#website","url":"https:\/\/www.purejewels.com\/","name":"PureJewels \u0130ngiltere","description":"Sevgiyi Payla\u015f\u0131n","publisher":{"@id":"https:\/\/www.purejewels.com\/#organization"},"potentialAction":[{"@type":"SearchAction","target":{"@type":"EntryPoint","urlTemplate":"https:\/\/www.purejewels.com\/?s={search_term_string}"},"query-input":{"@type":"PropertyValueSpecification","valueRequired":true,"valueName":"search_term_string"}}],"inLanguage":"tr"},{"@type":"Organization","@id":"https:\/\/www.purejewels.com\/#organization","name":"PureJewels \u0130ngiltere","url":"https:\/\/www.purejewels.com\/","logo":{"@type":"ImageObject","inLanguage":"tr","@id":"https:\/\/www.purejewels.com\/#\/schema\/logo\/image\/","url":"https:\/\/static.purejewels.com\/wp-content\/uploads\/2020\/11\/Logo-PJ-New-1.png","contentUrl":"https:\/\/static.purejewels.com\/wp-content\/uploads\/2020\/11\/Logo-PJ-New-1.png","width":150,"height":80,"caption":"PureJewels UK"},"image":{"@id":"https:\/\/www.purejewels.com\/#\/schema\/logo\/image\/"}}]}},"_links":{"self":[{"href":"https:\/\/www.purejewels.com\/tr\/wp-json\/wp\/v2\/product\/369112","targetHints":{"allow":["GET"]}}],"collection":[{"href":"https:\/\/www.purejewels.com\/tr\/wp-json\/wp\/v2\/product"}],"about":[{"href":"https:\/\/www.purejewels.com\/tr\/wp-json\/wp\/v2\/types\/product"}],"replies":[{"embeddable":true,"href":"https:\/\/www.purejewels.com\/tr\/wp-json\/wp\/v2\/comments?post=369112"}],"version-history":[{"count":2,"href":"https:\/\/www.purejewels.com\/tr\/wp-json\/wp\/v2\/product\/369112\/revisions"}],"predecessor-version":[{"id":388294,"href":"https:\/\/www.purejewels.com\/tr\/wp-json\/wp\/v2\/product\/369112\/revisions\/388294"}],"wp:featuredmedia":[{"embeddable":true,"href":"https:\/\/www.purejewels.com\/tr\/wp-json\/wp\/v2\/media\/369116"}],"wp:attachment":[{"href":"https:\/\/www.purejewels.com\/tr\/wp-json\/wp\/v2\/media?parent=369112"}],"wp:term":[{"taxonomy":"product_brand","embeddable":true,"href":"https:\/\/www.purejewels.com\/tr\/wp-json\/wp\/v2\/product_brand?post=369112"},{"taxonomy":"product_cat","embeddable":true,"href":"https:\/\/www.purejewels.com\/tr\/wp-json\/wp\/v2\/product_cat?post=369112"},{"taxonomy":"product_tag","embeddable":true,"href":"https:\/\/www.purejewels.com\/tr\/wp-json\/wp\/v2\/product_tag?post=369112"}],"curies":[{"name":"wp","href":"https:\/\/api.w.org\/{rel}","templated":true}]}}