{"id":369126,"date":"2024-07-07T11:28:33","date_gmt":"2024-07-07T10:28:33","guid":{"rendered":"https:\/\/www.purejewels.com\/?post_type=product&#038;p=369126"},"modified":"2026-04-01T06:33:41","modified_gmt":"2026-04-01T05:33:41","slug":"22-ayar-altin-armari-burun-halkasi-ingiltere","status":"publish","type":"product","link":"https:\/\/www.purejewels.com\/tr\/product\/22ct-gold-armari-nose-ring-uk\/","title":{"rendered":"22 Ayar Alt\u0131n Burun Y\u00fcz\u00fc\u011f\u00fc | Armari Koleksiyonu"},"content":{"rendered":"<p data-sourcepos=\"5:1-5:232\">Geleneksel ve \u00e7a\u011fda\u015f tarz\u0131n m\u00fckemmel kar\u0131\u015f\u0131m\u0131n\u0131 enfes \u00fcr\u00fcnlerimizle ke\u015ffedin <a href=\"https:\/\/www.purejewels.com\/tr\/product\/22ct-gold-yellow-gold-ladies-nose-ring-47670\/\">22 Ayar Alt\u0131n Burun Y\u00fcz\u00fc\u011f\u00fc<\/a> bir \u015fey yok. <a href=\"https:\/\/www.purejewels.com\/tr\/product\/22ct-gold-armari-collection-stud-antique-finish-49172\/\">Armari Koleksiyonu<\/a>. Do\u011fal g\u00fczelli\u011finizi geli\u015ftirmek i\u00e7in titizlikle haz\u0131rlanm\u0131\u015f bu <a href=\"https:\/\/www.purejewels.com\/tr\/product\/22ct-gold-yellow-gold-nose-ring-for-ladies-43553\/\">burun halkas\u0131<\/a> zarafet ve \u015f\u0131kl\u0131\u011f\u0131n sembol\u00fcd\u00fcr.<\/p>\n<p data-sourcepos=\"7:1-7:291\">Saf 22 ayar alt\u0131ndan \u00fcretilen bu h\u0131zma, kalite ve l\u00fckse olan ba\u011fl\u0131l\u0131\u011f\u0131m\u0131z\u0131n bir kan\u0131t\u0131d\u0131r. Zarif tasar\u0131m\u0131, g\u00f6r\u00fcn\u00fcm\u00fcn\u00fcze sofistike bir dokunu\u015f katmak i\u00e7in m\u00fckemmeldir. \u0130ster klasik ister \u00e7a\u011fda\u015f bir tarz\u0131 tercih edin, koleksiyonumuzda zevkinize uygun bir h\u0131zma bulabilirsiniz.<\/p>","protected":false},"excerpt":{"rendered":"<p>Parlak 22 ayar alt\u0131ndan el i\u015f\u00e7ili\u011fiyle \u00fcretilen Armari burun i\u011fnesi, nesillerdir s\u00fcregelen sanat\u00e7\u0131l\u0131\u011f\u0131 onurland\u0131ran geleneksel teknikler kullan\u0131larak \u015fekillendirilmi\u015ftir. Narin formu rafine bir zarafet ta\u015f\u0131r ve g\u00fcnl\u00fck kullan\u0131m veya \u00f6zel g\u00fcnler i\u00e7in zamans\u0131z bir vurgu yapar.<\/p>\n<p><strong>Malzeme:<\/strong>\u00a022 Ayar Alt\u0131n<strong><br \/>\nHallmark:\u00a0<\/strong>\u0130ngiliz Damgas\u0131<strong><br \/>\n<\/strong><strong>Br\u00fct A\u011f\u0131rl\u0131k:\u00a0<\/strong>1.1 Gms<strong><br \/>\nSKU: <\/strong>51437<\/p>\n<p><strong>Fiyat ve Teslimat: <\/strong>KDV ve teslimat \u00fccretleri dahil<strong><br \/>\n<a href=\"https:\/\/www.purejewels.com\/tr\/i%cc%87ade-poli%cc%87ti%cc%87kasi\/\">\u0130ade Politikas\u0131<\/a><\/strong><\/p>","protected":false},"featured_media":427965,"comment_status":"closed","ping_status":"closed","template":"","meta":{"_eb_attr":"","_crsspst_to_jayantr4sg-hostcom":false},"product_brand":[],"product_cat":[245,236,1792,1229,1712,5342,5942,1574,5349],"product_tag":[],"class_list":{"0":"post-369126","1":"product","2":"type-product","3":"status-publish","4":"has-post-thumbnail","6":"product_cat-armari-collections","7":"product_cat-collections","8":"product_cat-festival-gifts","9":"product_cat-22ct-gold-jewellery","10":"product_cat-gold-nose-ring","11":"product_cat-jewellery-under-250","12":"product_cat-nose-jewellery","13":"product_cat-womens-jewellery","14":"product_cat-yellow-gold-jewellery","16":"first","17":"instock","18":"taxable","19":"shipping-taxable","20":"purchasable","21":"product-type-simple","22":"add-to-wishlist-before_image"},"yoast_head":"<!-- This site is optimized with the Yoast SEO plugin v27.5 - https:\/\/yoast.com\/product\/yoast-seo-wordpress\/ -->\n<title>22ct Gold Nose Ring | Armari Collection Purejewels UK<\/title>\n<meta name=\"description\" content=\"Discover the 22ct Gold Nose Ring from PureJewels\u2019 Armari Collection. Handcrafted using traditional techniques, this elegant piece celebrates timeless beauty and heritage.\" \/>\n<meta name=\"robots\" content=\"index, follow, max-snippet:-1, max-image-preview:large, max-video-preview:-1\" \/>\n<link rel=\"canonical\" href=\"https:\/\/www.purejewels.com\/tr\/urun\/22-ayar-altin-armari-burun-halkasi-ingiltere\/\" \/>\n<meta property=\"og:locale\" content=\"tr_TR\" \/>\n<meta property=\"og:type\" content=\"article\" \/>\n<meta property=\"og:title\" content=\"22ct Gold Nose Ring | Armari Collection Purejewels UK\" \/>\n<meta property=\"og:description\" content=\"Discover the 22ct Gold Nose Ring from PureJewels\u2019 Armari Collection. Handcrafted using traditional techniques, this elegant piece celebrates timeless beauty and heritage.\" \/>\n<meta property=\"og:url\" content=\"https:\/\/www.purejewels.com\/tr\/urun\/22-ayar-altin-armari-burun-halkasi-ingiltere\/\" \/>\n<meta property=\"og:site_name\" content=\"PureJewels UK\" \/>\n<meta property=\"article:modified_time\" content=\"2026-04-01T05:33:41+00:00\" \/>\n<meta property=\"og:image\" content=\"https:\/\/static.purejewels.com\/wp-content\/uploads\/2024\/07\/SKU-51437-FRONT.jpg\" \/>\n\t<meta property=\"og:image:width\" content=\"1000\" \/>\n\t<meta property=\"og:image:height\" content=\"1000\" \/>\n\t<meta property=\"og:image:type\" content=\"image\/jpeg\" \/>\n<meta name=\"twitter:card\" content=\"summary_large_image\" \/>\n<meta name=\"twitter:label1\" content=\"Tahmini okuma s\u00fcresi\" \/>\n\t<meta name=\"twitter:data1\" content=\"1 dakika\" \/>\n<script type=\"application\/ld+json\" class=\"yoast-schema-graph\">{\"@context\":\"https:\\\/\\\/schema.org\",\"@graph\":[{\"@type\":[\"WebPage\",\"ItemPage\"],\"@id\":\"https:\\\/\\\/www.purejewels.com\\\/product\\\/22ct-gold-armari-nose-ring-uk\\\/\",\"url\":\"https:\\\/\\\/www.purejewels.com\\\/product\\\/22ct-gold-armari-nose-ring-uk\\\/\",\"name\":\"22ct Gold Nose Ring | Armari Collection Purejewels UK\",\"isPartOf\":{\"@id\":\"https:\\\/\\\/www.purejewels.com\\\/#website\"},\"primaryImageOfPage\":{\"@id\":\"https:\\\/\\\/www.purejewels.com\\\/product\\\/22ct-gold-armari-nose-ring-uk\\\/#primaryimage\"},\"image\":{\"@id\":\"https:\\\/\\\/www.purejewels.com\\\/product\\\/22ct-gold-armari-nose-ring-uk\\\/#primaryimage\"},\"thumbnailUrl\":\"https:\\\/\\\/static.purejewels.com\\\/wp-content\\\/uploads\\\/2024\\\/07\\\/SKU-51437-FRONT.jpg\",\"datePublished\":\"2024-07-07T10:28:33+00:00\",\"dateModified\":\"2026-04-01T05:33:41+00:00\",\"description\":\"Discover the 22ct Gold Nose Ring from PureJewels\u2019 Armari Collection. Handcrafted using traditional techniques, this elegant piece celebrates timeless beauty and heritage.\",\"breadcrumb\":{\"@id\":\"https:\\\/\\\/www.purejewels.com\\\/product\\\/22ct-gold-armari-nose-ring-uk\\\/#breadcrumb\"},\"inLanguage\":\"tr\",\"potentialAction\":[{\"@type\":\"ReadAction\",\"target\":[\"https:\\\/\\\/www.purejewels.com\\\/product\\\/22ct-gold-armari-nose-ring-uk\\\/\"]}]},{\"@type\":\"ImageObject\",\"inLanguage\":\"tr\",\"@id\":\"https:\\\/\\\/www.purejewels.com\\\/product\\\/22ct-gold-armari-nose-ring-uk\\\/#primaryimage\",\"url\":\"https:\\\/\\\/static.purejewels.com\\\/wp-content\\\/uploads\\\/2024\\\/07\\\/SKU-51437-FRONT.jpg\",\"contentUrl\":\"https:\\\/\\\/static.purejewels.com\\\/wp-content\\\/uploads\\\/2024\\\/07\\\/SKU-51437-FRONT.jpg\",\"width\":1000,\"height\":1000,\"caption\":\"Stacked from 5 images. Method=B (R=8,S=4)\"},{\"@type\":\"BreadcrumbList\",\"@id\":\"https:\\\/\\\/www.purejewels.com\\\/product\\\/22ct-gold-armari-nose-ring-uk\\\/#breadcrumb\",\"itemListElement\":[{\"@type\":\"ListItem\",\"position\":1,\"name\":\"Home\",\"item\":\"https:\\\/\\\/www.purejewels.com\\\/\"},{\"@type\":\"ListItem\",\"position\":2,\"name\":\"Shop\",\"item\":\"https:\\\/\\\/www.purejewels.com\\\/shop\\\/\"},{\"@type\":\"ListItem\",\"position\":3,\"name\":\"22ct Gold Nose Ring | Armari Collection\"}]},{\"@type\":\"WebSite\",\"@id\":\"https:\\\/\\\/www.purejewels.com\\\/#website\",\"url\":\"https:\\\/\\\/www.purejewels.com\\\/\",\"name\":\"PureJewels UK\",\"description\":\"Share the Love\",\"publisher\":{\"@id\":\"https:\\\/\\\/www.purejewels.com\\\/#organization\"},\"potentialAction\":[{\"@type\":\"SearchAction\",\"target\":{\"@type\":\"EntryPoint\",\"urlTemplate\":\"https:\\\/\\\/www.purejewels.com\\\/?s={search_term_string}\"},\"query-input\":{\"@type\":\"PropertyValueSpecification\",\"valueRequired\":true,\"valueName\":\"search_term_string\"}}],\"inLanguage\":\"tr\"},{\"@type\":\"Organization\",\"@id\":\"https:\\\/\\\/www.purejewels.com\\\/#organization\",\"name\":\"PureJewels UK\",\"url\":\"https:\\\/\\\/www.purejewels.com\\\/\",\"logo\":{\"@type\":\"ImageObject\",\"inLanguage\":\"tr\",\"@id\":\"https:\\\/\\\/www.purejewels.com\\\/#\\\/schema\\\/logo\\\/image\\\/\",\"url\":\"https:\\\/\\\/static.purejewels.com\\\/wp-content\\\/uploads\\\/2020\\\/11\\\/Logo-PJ-New-1.png\",\"contentUrl\":\"https:\\\/\\\/static.purejewels.com\\\/wp-content\\\/uploads\\\/2020\\\/11\\\/Logo-PJ-New-1.png\",\"width\":150,\"height\":80,\"caption\":\"PureJewels UK\"},\"image\":{\"@id\":\"https:\\\/\\\/www.purejewels.com\\\/#\\\/schema\\\/logo\\\/image\\\/\"}}]}<\/script>\n<!-- \/ Yoast SEO plugin. -->","yoast_head_json":{"title":"22 Ayar Alt\u0131n Burun Y\u00fcz\u00fc\u011f\u00fc | Armari Koleksiyonu Purejewels UK","description":"PureJewels'in Armari Koleksiyonu'ndan 22 ayar alt\u0131n burun y\u00fcz\u00fc\u011f\u00fcn\u00fc ke\u015ffedin. Geleneksel teknikler kullan\u0131larak el i\u015f\u00e7ili\u011fiyle \u00fcretilen bu zarif par\u00e7a, zamans\u0131z g\u00fczelli\u011fi ve miras\u0131 kutluyor.","robots":{"index":"index","follow":"follow","max-snippet":"max-snippet:-1","max-image-preview":"max-image-preview:large","max-video-preview":"max-video-preview:-1"},"canonical":"https:\/\/www.purejewels.com\/tr\/urun\/22-ayar-altin-armari-burun-halkasi-ingiltere\/","og_locale":"tr_TR","og_type":"article","og_title":"22ct Gold Nose Ring | Armari Collection Purejewels UK","og_description":"Discover the 22ct Gold Nose Ring from PureJewels\u2019 Armari Collection. Handcrafted using traditional techniques, this elegant piece celebrates timeless beauty and heritage.","og_url":"https:\/\/www.purejewels.com\/tr\/urun\/22-ayar-altin-armari-burun-halkasi-ingiltere\/","og_site_name":"PureJewels UK","article_modified_time":"2026-04-01T05:33:41+00:00","og_image":[{"width":1000,"height":1000,"url":"https:\/\/static.purejewels.com\/wp-content\/uploads\/2024\/07\/SKU-51437-FRONT.jpg","type":"image\/jpeg"}],"twitter_card":"summary_large_image","twitter_misc":{"Tahmini okuma s\u00fcresi":"1 dakika"},"schema":{"@context":"https:\/\/schema.org","@graph":[{"@type":["WebPage","ItemPage"],"@id":"https:\/\/www.purejewels.com\/product\/22ct-gold-armari-nose-ring-uk\/","url":"https:\/\/www.purejewels.com\/product\/22ct-gold-armari-nose-ring-uk\/","name":"22 Ayar Alt\u0131n Burun Y\u00fcz\u00fc\u011f\u00fc | Armari Koleksiyonu Purejewels UK","isPartOf":{"@id":"https:\/\/www.purejewels.com\/#website"},"primaryImageOfPage":{"@id":"https:\/\/www.purejewels.com\/product\/22ct-gold-armari-nose-ring-uk\/#primaryimage"},"image":{"@id":"https:\/\/www.purejewels.com\/product\/22ct-gold-armari-nose-ring-uk\/#primaryimage"},"thumbnailUrl":"https:\/\/static.purejewels.com\/wp-content\/uploads\/2024\/07\/SKU-51437-FRONT.jpg","datePublished":"2024-07-07T10:28:33+00:00","dateModified":"2026-04-01T05:33:41+00:00","description":"PureJewels'in Armari Koleksiyonu'ndan 22 ayar alt\u0131n burun y\u00fcz\u00fc\u011f\u00fcn\u00fc ke\u015ffedin. Geleneksel teknikler kullan\u0131larak el i\u015f\u00e7ili\u011fiyle \u00fcretilen bu zarif par\u00e7a, zamans\u0131z g\u00fczelli\u011fi ve miras\u0131 kutluyor.","breadcrumb":{"@id":"https:\/\/www.purejewels.com\/product\/22ct-gold-armari-nose-ring-uk\/#breadcrumb"},"inLanguage":"tr","potentialAction":[{"@type":"ReadAction","target":["https:\/\/www.purejewels.com\/product\/22ct-gold-armari-nose-ring-uk\/"]}]},{"@type":"ImageObject","inLanguage":"tr","@id":"https:\/\/www.purejewels.com\/product\/22ct-gold-armari-nose-ring-uk\/#primaryimage","url":"https:\/\/static.purejewels.com\/wp-content\/uploads\/2024\/07\/SKU-51437-FRONT.jpg","contentUrl":"https:\/\/static.purejewels.com\/wp-content\/uploads\/2024\/07\/SKU-51437-FRONT.jpg","width":1000,"height":1000,"caption":"Stacked from 5 images. Method=B (R=8,S=4)"},{"@type":"BreadcrumbList","@id":"https:\/\/www.purejewels.com\/product\/22ct-gold-armari-nose-ring-uk\/#breadcrumb","itemListElement":[{"@type":"ListItem","position":1,"name":"Home","item":"https:\/\/www.purejewels.com\/"},{"@type":"ListItem","position":2,"name":"Shop","item":"https:\/\/www.purejewels.com\/shop\/"},{"@type":"ListItem","position":3,"name":"22ct Gold Nose Ring | Armari Collection"}]},{"@type":"WebSite","@id":"https:\/\/www.purejewels.com\/#website","url":"https:\/\/www.purejewels.com\/","name":"PureJewels \u0130ngiltere","description":"Sevgiyi Payla\u015f\u0131n","publisher":{"@id":"https:\/\/www.purejewels.com\/#organization"},"potentialAction":[{"@type":"SearchAction","target":{"@type":"EntryPoint","urlTemplate":"https:\/\/www.purejewels.com\/?s={search_term_string}"},"query-input":{"@type":"PropertyValueSpecification","valueRequired":true,"valueName":"search_term_string"}}],"inLanguage":"tr"},{"@type":"Organization","@id":"https:\/\/www.purejewels.com\/#organization","name":"PureJewels \u0130ngiltere","url":"https:\/\/www.purejewels.com\/","logo":{"@type":"ImageObject","inLanguage":"tr","@id":"https:\/\/www.purejewels.com\/#\/schema\/logo\/image\/","url":"https:\/\/static.purejewels.com\/wp-content\/uploads\/2020\/11\/Logo-PJ-New-1.png","contentUrl":"https:\/\/static.purejewels.com\/wp-content\/uploads\/2020\/11\/Logo-PJ-New-1.png","width":150,"height":80,"caption":"PureJewels UK"},"image":{"@id":"https:\/\/www.purejewels.com\/#\/schema\/logo\/image\/"}}]}},"_links":{"self":[{"href":"https:\/\/www.purejewels.com\/tr\/wp-json\/wp\/v2\/product\/369126","targetHints":{"allow":["GET"]}}],"collection":[{"href":"https:\/\/www.purejewels.com\/tr\/wp-json\/wp\/v2\/product"}],"about":[{"href":"https:\/\/www.purejewels.com\/tr\/wp-json\/wp\/v2\/types\/product"}],"replies":[{"embeddable":true,"href":"https:\/\/www.purejewels.com\/tr\/wp-json\/wp\/v2\/comments?post=369126"}],"version-history":[{"count":4,"href":"https:\/\/www.purejewels.com\/tr\/wp-json\/wp\/v2\/product\/369126\/revisions"}],"predecessor-version":[{"id":427970,"href":"https:\/\/www.purejewels.com\/tr\/wp-json\/wp\/v2\/product\/369126\/revisions\/427970"}],"wp:featuredmedia":[{"embeddable":true,"href":"https:\/\/www.purejewels.com\/tr\/wp-json\/wp\/v2\/media\/427965"}],"wp:attachment":[{"href":"https:\/\/www.purejewels.com\/tr\/wp-json\/wp\/v2\/media?parent=369126"}],"wp:term":[{"taxonomy":"product_brand","embeddable":true,"href":"https:\/\/www.purejewels.com\/tr\/wp-json\/wp\/v2\/product_brand?post=369126"},{"taxonomy":"product_cat","embeddable":true,"href":"https:\/\/www.purejewels.com\/tr\/wp-json\/wp\/v2\/product_cat?post=369126"},{"taxonomy":"product_tag","embeddable":true,"href":"https:\/\/www.purejewels.com\/tr\/wp-json\/wp\/v2\/product_tag?post=369126"}],"curies":[{"name":"wp","href":"https:\/\/api.w.org\/{rel}","templated":true}]}}