{"id":369265,"date":"2024-08-08T08:44:23","date_gmt":"2024-08-08T07:44:23","guid":{"rendered":"https:\/\/www.purejewels.com\/?post_type=product&#038;p=369265"},"modified":"2025-11-27T15:24:11","modified_gmt":"2025-11-27T15:24:11","slug":"22-ayar-altin-damla-kupe-47980","status":"publish","type":"product","link":"https:\/\/www.purejewels.com\/tr\/product\/22-carat-gold-drop-earring-47980\/","title":{"rendered":"22 Ayar Alt\u0131n Damla K\u00fcpe"},"content":{"rendered":"<p data-start=\"0\" data-end=\"358\"><strong data-start=\"0\" data-end=\"10\">Tasar\u0131m<\/strong><br data-start=\"10\" data-end=\"13\" \/>\u00c7i\u00e7ek a\u00e7m\u0131\u015f narin \u00e7i\u00e7ekler \u015feklindeki bu 22 ayar alt\u0131n \u00e7i\u00e7ek <a href=\"https:\/\/www.purejewels.com\/tr\/product\/22ct-gold-oval-drop-earrings-rhodium-finish\/\">damla k\u00fcpeler<\/a> \u00e7ene hatt\u0131na yumu\u015fak, kad\u0131ns\u0131 bir siluet kazand\u0131r\u0131r. Her bir ta\u00e7 yapra\u011f\u0131 nazik hareketlerle \u0131\u015f\u0131\u011f\u0131 yakalayacak \u015fekilde \u015fekillendirilmi\u015ftir ve hem g\u00fcnd\u00fcz hem de ak\u015fam g\u00f6r\u00fcn\u00fcmlerine sessiz bir drama katar. Antik mat kaplama, \u00f6zel hissettiren ancak takmas\u0131 kolay nostaljik, yadig\u00e2r bir karakter kazand\u0131r\u0131r.<\/p>\n<p data-start=\"360\" data-end=\"748\"><strong data-start=\"360\" data-end=\"377\">Zanaatkarl\u0131k<\/strong><br data-start=\"377\" data-end=\"380\" \/>Som 22 ayar alt\u0131ndan \u00f6zenle ve hassasiyetle \u00fcretilen k\u00fcpeler, karma\u015f\u0131k \u00e7i\u00e7ek detaylar\u0131n\u0131 hafif ve rahat bir hisle dengeliyor. Antik kaplama, y\u00fczeyi yumu\u015fatmak, tasar\u0131m\u0131n her k\u0131vr\u0131m\u0131n\u0131 ve konturunu vurgulamak i\u00e7in elle i\u015flenmi\u015ftir. Her bir \u00e7ift, ak\u0131c\u0131 hareket i\u00e7in g\u00fcvenli bir \u015fekilde monte edilmi\u015ftir ve safl\u0131k sertifikas\u0131 ve g\u00f6n\u00fcl rahatl\u0131\u011f\u0131 i\u00e7in \u0130ngiltere'de damgalanm\u0131\u015ft\u0131r.<\/p>\n<p data-start=\"750\" data-end=\"1141\" data-is-last-node=\"\" data-is-only-node=\"\"><strong data-start=\"750\" data-end=\"771\">\u015eekillendirme &amp; Hediyele\u015fme<\/strong><br data-start=\"771\" data-end=\"774\" \/>Kutlamalar i\u00e7in yeterince zarif ancak g\u00fcnl\u00fck kullan\u0131m i\u00e7in abart\u0131s\u0131z olan bu damlalar, g\u00f6r\u00fcn\u00fcm\u00fc tamamlamak i\u00e7in sade bir alt\u0131n zincir veya bileklikle g\u00fczel bir \u015fekilde e\u015fle\u015fir. D\u00fc\u011f\u00fcnler, festivaller ve aile toplant\u0131lar\u0131 i\u00e7in ipek sariler, i\u015flemeli kurtalar veya sade elbiselerle stilize edin. Do\u011fum g\u00fcnleri, y\u0131l d\u00f6n\u00fcmleri veya kendi \u00f6zel an\u0131n\u0131z\u0131 kutlamak i\u00e7in d\u00fc\u015f\u00fcnceli bir hediye olabilirler.<\/p>","protected":false},"excerpt":{"rendered":"<table class=\"sh_desc\">\n<tbody>\n<tr>\n<td>K\u00fcpe T\u00fcr\u00fc<\/td>\n<td>Damla K\u00fcpe<\/td>\n<\/tr>\n<tr>\n<td>SKU<\/td>\n<td>47980<\/td>\n<\/tr>\n<tr>\n<td>A\u011f\u0131rl\u0131k<\/td>\n<td>4.4 Gms<\/td>\n<\/tr>\n<tr>\n<td>Biti\u015f<\/td>\n<td>Antique_Matte<\/td>\n<\/tr>\n<tr>\n<td>Cinsiyet<\/td>\n<td>Bayanlar<\/td>\n<\/tr>\n<tr>\n<td>Koleksiyon<\/td>\n<td><strong>Armari Koleksiyonu<\/strong><\/td>\n<\/tr>\n<tr>\n<td>Metal<\/td>\n<td>22 Ayar Alt\u0131n<\/td>\n<\/tr>\n<tr>\n<td>\u00dccretler<\/td>\n<td>Teslimat ve KDV Dahil<\/td>\n<\/tr>\n<tr>\n<td>Paketleme<\/td>\n<td>Sunum Kutusu ile Birlikte Gelir<\/td>\n<\/tr>\n<tr>\n<td>Daha Fazla Bilgi<\/td>\n<td>\n<ul>\n<li>M\u00fcsaitlik durumu ve daha fazla resim i\u00e7in bizimle canl\u0131 sohbet edin<\/li>\n<li>Koleksiyonumuzu ke\u015ffedin\u00a0<strong>geli\u0307n ve d\u00fc\u011f\u00fcn k\u00fcpeleri\u0307<\/strong><\/li>\n<\/ul>\n<\/td>\n<\/tr>\n<\/tbody>\n<\/table>","protected":false},"featured_media":369266,"comment_status":"closed","ping_status":"closed","template":"","meta":{"_eb_attr":"","_crsspst_to_jayantr4sg-hostcom":false},"product_brand":[],"product_cat":[245,6144,5639,5315,236,1685,1254,1229,1573,1574],"product_tag":[5922],"class_list":{"0":"post-369265","1":"product","2":"type-product","3":"status-publish","4":"has-post-thumbnail","6":"product_cat-armari-collections","7":"product_cat-armari-drop-earrings","8":"product_cat-armari-earring","9":"product_cat-bridal-and-wedding-earrings","10":"product_cat-collections","11":"product_cat-drop-earrings","12":"product_cat-gold-earrings","13":"product_cat-22ct-gold-jewellery","14":"product_cat-wedding-gifts","15":"product_cat-womens-jewellery","16":"product_tag-22ct-gold-earrings","18":"first","19":"outofstock","20":"taxable","21":"shipping-taxable","22":"product-type-simple","23":"add-to-wishlist-before_image"},"yoast_head":"<!-- This site is optimized with the Yoast SEO plugin v27.5 - https:\/\/yoast.com\/product\/yoast-seo-wordpress\/ -->\n<title>22K Gold Floral Drop Earrings | PureJewels UK<\/title>\n<meta name=\"description\" content=\"&quot;Discover the elegance of the 22ct Gold Armari Collection Earrings, weighing 4.4 grams. Perfectly crafted for timeless beauty, these earrings add a touch of sophistication to any look.&quot;\" \/>\n<meta name=\"robots\" content=\"index, follow, max-snippet:-1, max-image-preview:large, max-video-preview:-1\" \/>\n<link rel=\"canonical\" href=\"https:\/\/www.purejewels.com\/tr\/urun\/22-ayar-altin-damla-kupe-47980\/\" \/>\n<meta property=\"og:locale\" content=\"tr_TR\" \/>\n<meta property=\"og:type\" content=\"article\" \/>\n<meta property=\"og:title\" content=\"22K Gold Floral Drop Earrings | PureJewels UK\" \/>\n<meta property=\"og:description\" content=\"&quot;Discover the elegance of the 22ct Gold Armari Collection Earrings, weighing 4.4 grams. Perfectly crafted for timeless beauty, these earrings add a touch of sophistication to any look.&quot;\" \/>\n<meta property=\"og:url\" content=\"https:\/\/www.purejewels.com\/tr\/urun\/22-ayar-altin-damla-kupe-47980\/\" \/>\n<meta property=\"og:site_name\" content=\"PureJewels UK\" \/>\n<meta property=\"article:modified_time\" content=\"2025-11-27T15:24:11+00:00\" \/>\n<meta property=\"og:image\" content=\"https:\/\/www.purejewels.com\/wp-content\/uploads\/2024\/08\/47980.png\" \/>\n\t<meta property=\"og:image:width\" content=\"1000\" \/>\n\t<meta property=\"og:image:height\" content=\"1000\" \/>\n\t<meta property=\"og:image:type\" content=\"image\/png\" \/>\n<meta name=\"twitter:card\" content=\"summary_large_image\" \/>\n<meta name=\"twitter:label1\" content=\"Tahmini okuma s\u00fcresi\" \/>\n\t<meta name=\"twitter:data1\" content=\"1 dakika\" \/>\n<script type=\"application\/ld+json\" class=\"yoast-schema-graph\">{\"@context\":\"https:\\\/\\\/schema.org\",\"@graph\":[{\"@type\":[\"WebPage\",\"ItemPage\"],\"@id\":\"https:\\\/\\\/www.purejewels.com\\\/product\\\/22-carat-gold-drop-earring-47980\\\/\",\"url\":\"https:\\\/\\\/www.purejewels.com\\\/product\\\/22-carat-gold-drop-earring-47980\\\/\",\"name\":\"22K Gold Floral Drop Earrings | PureJewels UK\",\"isPartOf\":{\"@id\":\"https:\\\/\\\/www.purejewels.com\\\/#website\"},\"primaryImageOfPage\":{\"@id\":\"https:\\\/\\\/www.purejewels.com\\\/product\\\/22-carat-gold-drop-earring-47980\\\/#primaryimage\"},\"image\":{\"@id\":\"https:\\\/\\\/www.purejewels.com\\\/product\\\/22-carat-gold-drop-earring-47980\\\/#primaryimage\"},\"thumbnailUrl\":\"https:\\\/\\\/static.purejewels.com\\\/wp-content\\\/uploads\\\/2024\\\/08\\\/47980.png\",\"datePublished\":\"2024-08-08T07:44:23+00:00\",\"dateModified\":\"2025-11-27T15:24:11+00:00\",\"description\":\"\\\"Discover the elegance of the 22ct Gold Armari Collection Earrings, weighing 4.4 grams. Perfectly crafted for timeless beauty, these earrings add a touch of sophistication to any look.\\\"\",\"breadcrumb\":{\"@id\":\"https:\\\/\\\/www.purejewels.com\\\/product\\\/22-carat-gold-drop-earring-47980\\\/#breadcrumb\"},\"inLanguage\":\"tr\",\"potentialAction\":[{\"@type\":\"ReadAction\",\"target\":[\"https:\\\/\\\/www.purejewels.com\\\/product\\\/22-carat-gold-drop-earring-47980\\\/\"]}]},{\"@type\":\"ImageObject\",\"inLanguage\":\"tr\",\"@id\":\"https:\\\/\\\/www.purejewels.com\\\/product\\\/22-carat-gold-drop-earring-47980\\\/#primaryimage\",\"url\":\"https:\\\/\\\/static.purejewels.com\\\/wp-content\\\/uploads\\\/2024\\\/08\\\/47980.png\",\"contentUrl\":\"https:\\\/\\\/static.purejewels.com\\\/wp-content\\\/uploads\\\/2024\\\/08\\\/47980.png\",\"width\":1000,\"height\":1000,\"caption\":\"22ct Gold Earring\"},{\"@type\":\"BreadcrumbList\",\"@id\":\"https:\\\/\\\/www.purejewels.com\\\/product\\\/22-carat-gold-drop-earring-47980\\\/#breadcrumb\",\"itemListElement\":[{\"@type\":\"ListItem\",\"position\":1,\"name\":\"Home\",\"item\":\"https:\\\/\\\/www.purejewels.com\\\/\"},{\"@type\":\"ListItem\",\"position\":2,\"name\":\"Shop\",\"item\":\"https:\\\/\\\/www.purejewels.com\\\/shop\\\/\"},{\"@type\":\"ListItem\",\"position\":3,\"name\":\"22 Carat Gold Drop Earring\"}]},{\"@type\":\"WebSite\",\"@id\":\"https:\\\/\\\/www.purejewels.com\\\/#website\",\"url\":\"https:\\\/\\\/www.purejewels.com\\\/\",\"name\":\"PureJewels UK\",\"description\":\"Share the Love\",\"publisher\":{\"@id\":\"https:\\\/\\\/www.purejewels.com\\\/#organization\"},\"potentialAction\":[{\"@type\":\"SearchAction\",\"target\":{\"@type\":\"EntryPoint\",\"urlTemplate\":\"https:\\\/\\\/www.purejewels.com\\\/?s={search_term_string}\"},\"query-input\":{\"@type\":\"PropertyValueSpecification\",\"valueRequired\":true,\"valueName\":\"search_term_string\"}}],\"inLanguage\":\"tr\"},{\"@type\":\"Organization\",\"@id\":\"https:\\\/\\\/www.purejewels.com\\\/#organization\",\"name\":\"PureJewels UK\",\"url\":\"https:\\\/\\\/www.purejewels.com\\\/\",\"logo\":{\"@type\":\"ImageObject\",\"inLanguage\":\"tr\",\"@id\":\"https:\\\/\\\/www.purejewels.com\\\/#\\\/schema\\\/logo\\\/image\\\/\",\"url\":\"https:\\\/\\\/static.purejewels.com\\\/wp-content\\\/uploads\\\/2020\\\/11\\\/Logo-PJ-New-1.png\",\"contentUrl\":\"https:\\\/\\\/static.purejewels.com\\\/wp-content\\\/uploads\\\/2020\\\/11\\\/Logo-PJ-New-1.png\",\"width\":150,\"height\":80,\"caption\":\"PureJewels UK\"},\"image\":{\"@id\":\"https:\\\/\\\/www.purejewels.com\\\/#\\\/schema\\\/logo\\\/image\\\/\"}}]}<\/script>\n<!-- \/ Yoast SEO plugin. -->","yoast_head_json":{"title":"22K Alt\u0131n \u00c7i\u00e7ekli Damla K\u00fcpe | PureJewels UK","description":"\"4,4 gram a\\u011f\\u0131rl\\u0131\\u011f\\u0131ndaki 22 Ayar Alt\\u0131n Armari Koleksiyonu K\\u00fcpelerin zarafetini ke\\u015ffedin. Zamans\\u0131z g\\u00fczellik i\\u00e7in m\\u00fckemmel \\u015fekilde haz\\u0131rlanm\\u0131\\u015f bu k\\u00fcpeler her g\\u00f6r\\u00fcn\\u00fcme sofistike bir dokunu\\u015f katar.\"","robots":{"index":"index","follow":"follow","max-snippet":"max-snippet:-1","max-image-preview":"max-image-preview:large","max-video-preview":"max-video-preview:-1"},"canonical":"https:\/\/www.purejewels.com\/tr\/urun\/22-ayar-altin-damla-kupe-47980\/","og_locale":"tr_TR","og_type":"article","og_title":"22K Gold Floral Drop Earrings | PureJewels UK","og_description":"\"Discover the elegance of the 22ct Gold Armari Collection Earrings, weighing 4.4 grams. Perfectly crafted for timeless beauty, these earrings add a touch of sophistication to any look.\"","og_url":"https:\/\/www.purejewels.com\/tr\/urun\/22-ayar-altin-damla-kupe-47980\/","og_site_name":"PureJewels UK","article_modified_time":"2025-11-27T15:24:11+00:00","og_image":[{"width":1000,"height":1000,"url":"https:\/\/www.purejewels.com\/wp-content\/uploads\/2024\/08\/47980.png","type":"image\/png"}],"twitter_card":"summary_large_image","twitter_misc":{"Tahmini okuma s\u00fcresi":"1 dakika"},"schema":{"@context":"https:\/\/schema.org","@graph":[{"@type":["WebPage","ItemPage"],"@id":"https:\/\/www.purejewels.com\/product\/22-carat-gold-drop-earring-47980\/","url":"https:\/\/www.purejewels.com\/product\/22-carat-gold-drop-earring-47980\/","name":"22K Alt\u0131n \u00c7i\u00e7ekli Damla K\u00fcpe | PureJewels UK","isPartOf":{"@id":"https:\/\/www.purejewels.com\/#website"},"primaryImageOfPage":{"@id":"https:\/\/www.purejewels.com\/product\/22-carat-gold-drop-earring-47980\/#primaryimage"},"image":{"@id":"https:\/\/www.purejewels.com\/product\/22-carat-gold-drop-earring-47980\/#primaryimage"},"thumbnailUrl":"https:\/\/static.purejewels.com\/wp-content\/uploads\/2024\/08\/47980.png","datePublished":"2024-08-08T07:44:23+00:00","dateModified":"2025-11-27T15:24:11+00:00","description":"\"4,4 gram a\\u011f\\u0131rl\\u0131\\u011f\\u0131ndaki 22 Ayar Alt\\u0131n Armari Koleksiyonu K\\u00fcpelerin zarafetini ke\\u015ffedin. Zamans\\u0131z g\\u00fczellik i\\u00e7in m\\u00fckemmel \\u015fekilde haz\\u0131rlanm\\u0131\\u015f bu k\\u00fcpeler her g\\u00f6r\\u00fcn\\u00fcme sofistike bir dokunu\\u015f katar.\"","breadcrumb":{"@id":"https:\/\/www.purejewels.com\/product\/22-carat-gold-drop-earring-47980\/#breadcrumb"},"inLanguage":"tr","potentialAction":[{"@type":"ReadAction","target":["https:\/\/www.purejewels.com\/product\/22-carat-gold-drop-earring-47980\/"]}]},{"@type":"ImageObject","inLanguage":"tr","@id":"https:\/\/www.purejewels.com\/product\/22-carat-gold-drop-earring-47980\/#primaryimage","url":"https:\/\/static.purejewels.com\/wp-content\/uploads\/2024\/08\/47980.png","contentUrl":"https:\/\/static.purejewels.com\/wp-content\/uploads\/2024\/08\/47980.png","width":1000,"height":1000,"caption":"22ct Gold Earring"},{"@type":"BreadcrumbList","@id":"https:\/\/www.purejewels.com\/product\/22-carat-gold-drop-earring-47980\/#breadcrumb","itemListElement":[{"@type":"ListItem","position":1,"name":"Home","item":"https:\/\/www.purejewels.com\/"},{"@type":"ListItem","position":2,"name":"Shop","item":"https:\/\/www.purejewels.com\/shop\/"},{"@type":"ListItem","position":3,"name":"22 Carat Gold Drop Earring"}]},{"@type":"WebSite","@id":"https:\/\/www.purejewels.com\/#website","url":"https:\/\/www.purejewels.com\/","name":"PureJewels \u0130ngiltere","description":"Sevgiyi Payla\u015f\u0131n","publisher":{"@id":"https:\/\/www.purejewels.com\/#organization"},"potentialAction":[{"@type":"SearchAction","target":{"@type":"EntryPoint","urlTemplate":"https:\/\/www.purejewels.com\/?s={search_term_string}"},"query-input":{"@type":"PropertyValueSpecification","valueRequired":true,"valueName":"search_term_string"}}],"inLanguage":"tr"},{"@type":"Organization","@id":"https:\/\/www.purejewels.com\/#organization","name":"PureJewels \u0130ngiltere","url":"https:\/\/www.purejewels.com\/","logo":{"@type":"ImageObject","inLanguage":"tr","@id":"https:\/\/www.purejewels.com\/#\/schema\/logo\/image\/","url":"https:\/\/static.purejewels.com\/wp-content\/uploads\/2020\/11\/Logo-PJ-New-1.png","contentUrl":"https:\/\/static.purejewels.com\/wp-content\/uploads\/2020\/11\/Logo-PJ-New-1.png","width":150,"height":80,"caption":"PureJewels UK"},"image":{"@id":"https:\/\/www.purejewels.com\/#\/schema\/logo\/image\/"}}]}},"_links":{"self":[{"href":"https:\/\/www.purejewels.com\/tr\/wp-json\/wp\/v2\/product\/369265","targetHints":{"allow":["GET"]}}],"collection":[{"href":"https:\/\/www.purejewels.com\/tr\/wp-json\/wp\/v2\/product"}],"about":[{"href":"https:\/\/www.purejewels.com\/tr\/wp-json\/wp\/v2\/types\/product"}],"replies":[{"embeddable":true,"href":"https:\/\/www.purejewels.com\/tr\/wp-json\/wp\/v2\/comments?post=369265"}],"version-history":[{"count":4,"href":"https:\/\/www.purejewels.com\/tr\/wp-json\/wp\/v2\/product\/369265\/revisions"}],"predecessor-version":[{"id":422032,"href":"https:\/\/www.purejewels.com\/tr\/wp-json\/wp\/v2\/product\/369265\/revisions\/422032"}],"wp:featuredmedia":[{"embeddable":true,"href":"https:\/\/www.purejewels.com\/tr\/wp-json\/wp\/v2\/media\/369266"}],"wp:attachment":[{"href":"https:\/\/www.purejewels.com\/tr\/wp-json\/wp\/v2\/media?parent=369265"}],"wp:term":[{"taxonomy":"product_brand","embeddable":true,"href":"https:\/\/www.purejewels.com\/tr\/wp-json\/wp\/v2\/product_brand?post=369265"},{"taxonomy":"product_cat","embeddable":true,"href":"https:\/\/www.purejewels.com\/tr\/wp-json\/wp\/v2\/product_cat?post=369265"},{"taxonomy":"product_tag","embeddable":true,"href":"https:\/\/www.purejewels.com\/tr\/wp-json\/wp\/v2\/product_tag?post=369265"}],"curies":[{"name":"wp","href":"https:\/\/api.w.org\/{rel}","templated":true}]}}