{"id":369407,"date":"2024-09-23T07:14:51","date_gmt":"2024-09-23T06:14:51","guid":{"rendered":"https:\/\/www.purejewels.com\/?post_type=product&#038;p=369407"},"modified":"2026-01-30T07:14:17","modified_gmt":"2026-01-30T07:14:17","slug":"22-ayar-altin-armari-halka-kupe-49212","status":"publish","type":"product","link":"https:\/\/www.purejewels.com\/tr\/product\/22ct-gold-armari-hoop-earring-49212\/","title":{"rendered":"22 Ayar Alt\u0131n Armari Halka K\u00fcpe | 6mm"},"content":{"rendered":"<p data-start=\"0\" data-end=\"410\"><strong data-start=\"0\" data-end=\"10\">Tasar\u0131m<\/strong><br data-start=\"10\" data-end=\"13\" \/>Bu 22 Ayar Alt\u0131n Armari Halka K\u00fcpeler, 6 mm geni\u015fli\u011finde, koruyucu z\u0131rhlara g\u00f6nderme yapan, tekrar eden kalkan benzeri bir motifle ince yar\u0131m halka olarak \u015fekillendirilmi\u015ftir. Her bir ta\u00e7 yapra\u011f\u0131 \u015feklindeki formun merkezinde yer alan y\u00fckseltilmi\u015f noktalar, k\u0131vr\u0131m boyunca sessiz bir \u0131\u015f\u0131k ve g\u00f6lge ritmi yarat\u0131r. \u00d6rg\u00fcl\u00fc bord\u00fcrler deseni g\u00fczel bir \u015fekilde \u00e7er\u00e7eveleyerek bu \u00e7emberlere kendinden emin, yap\u0131land\u0131r\u0131lm\u0131\u015f ama yine de zarif bir siluet kazand\u0131r\u0131yor.<\/p>\n<p data-start=\"412\" data-end=\"851\"><strong data-start=\"412\" data-end=\"429\">Zanaatkarl\u0131k<\/strong><br data-start=\"429\" data-end=\"432\" \/>Her bir k\u00fcpe, Armari motifinin her \u00e7izgisini vurgulayan keskin kabartma i\u015f\u00e7ili\u011fiyle zengin 22 ayar sar\u0131 alt\u0131ndan \u00fcretilmi\u015ftir. Dokulu y\u00fczey, \u0131\u015f\u0131\u011f\u0131 tak\u0131lmadan yakalamas\u0131 i\u00e7in \u00f6zenle tamamlan\u0131rken, p\u00fcr\u00fczs\u00fcz i\u00e7 kavis g\u00fcn boyunca rahat kullan\u0131m sa\u011flar. G\u00fcvenli ba\u011flant\u0131 par\u00e7alar\u0131 halkalar\u0131 d\u00fczg\u00fcn bir \u015fekilde yerinde tutar ve her \u00e7ift, alt\u0131n\u0131n safl\u0131\u011f\u0131n\u0131 ve orijinalli\u011fini belgelemek i\u00e7in \u0130ngiltere'de damgalanm\u0131\u015ft\u0131r.<\/p>\n<p data-start=\"853\" data-end=\"1300\" data-is-last-node=\"\" data-is-only-node=\"\"><strong data-start=\"853\" data-end=\"874\">\u015eekillendirme &amp; Hediyele\u015fme<\/strong><br data-start=\"874\" data-end=\"877\" \/>G\u00fcnl\u00fck kullan\u0131m i\u00e7in m\u00fckemmel olan bu 6 mm halkalar, sade bir ti\u015f\u00f6rt ve kot pantolona ince bir g\u00fc\u00e7 katar ve ipek sariler veya gece elbiseleriyle de uyumludur. Di\u011fer Armari par\u00e7alar\u0131yla veya d\u00fcz alt\u0131n bilekliklerle kar\u0131\u015ft\u0131rarak katmanl\u0131 ve se\u00e7kin bir g\u00f6r\u00fcn\u00fcm elde edebilirsiniz. Hediye kutusunda sunulan bu bilezikler do\u011fum g\u00fcnleri, y\u0131l d\u00f6n\u00fcmleri veya korkusuz bir karaktere sahip m\u00fccevherleri seven biri i\u00e7in \u00f6zel bir ki\u015fisel hediye olarak d\u00fc\u015f\u00fcnceli bir se\u00e7imdir.<\/p>","protected":false},"excerpt":{"rendered":"<table class=\"sh_desc\">\n<tbody>\n<tr>\n<td>K\u00fcpe T\u00fcr\u00fc<\/td>\n<td>Halka K\u00fcpe<\/td>\n<\/tr>\n<tr>\n<td>SKU<\/td>\n<td>49211<\/td>\n<\/tr>\n<tr>\n<td>A\u011f\u0131rl\u0131k<\/td>\n<td>3.8 Gms<\/td>\n<\/tr>\n<tr>\n<td>Biti\u015f<\/td>\n<td>Antique_Matte<\/td>\n<\/tr>\n<tr>\n<td>Geni\u015flik<\/td>\n<td>6 mm<\/td>\n<\/tr>\n<tr>\n<td>Koleksiyon<\/td>\n<td><strong>Armari Koleksiyonu<\/strong><\/td>\n<\/tr>\n<tr>\n<td>Metal<\/td>\n<td>22 Ayar Alt\u0131n<\/td>\n<\/tr>\n<tr>\n<td>\u00dccretler<\/td>\n<td>Teslimat ve KDV Dahil<\/td>\n<\/tr>\n<tr>\n<td>Paketleme<\/td>\n<td>Sunum Kutusu ile Birlikte Gelir<\/td>\n<\/tr>\n<tr>\n<td>Daha Fazla Bilgi<\/td>\n<td>M\u00fcsaitlik durumu ve daha fazla resim i\u00e7in bizimle canl\u0131 sohbet edin<\/td>\n<\/tr>\n<\/tbody>\n<\/table>","protected":false},"featured_media":372446,"comment_status":"closed","ping_status":"closed","template":"","meta":{"_eb_attr":"","_crsspst_to_jayantr4sg-hostcom":false},"product_brand":[],"product_cat":[245,5639,6145,1254,1229,1579,1574],"product_tag":[5920,66],"class_list":{"0":"post-369407","1":"product","2":"type-product","3":"status-publish","4":"has-post-thumbnail","6":"product_cat-armari-collections","7":"product_cat-armari-earring","8":"product_cat-armari-hoop-earring","9":"product_cat-gold-earrings","10":"product_cat-22ct-gold-jewellery","11":"product_cat-hoop-earrings","12":"product_cat-womens-jewellery","13":"product_tag-armari-hoop-earrings","14":"product_tag-earrings","16":"first","17":"instock","18":"taxable","19":"shipping-taxable","20":"purchasable","21":"product-type-simple","22":"add-to-wishlist-before_image"},"yoast_head":"<!-- This site is optimized with the Yoast SEO plugin v27.3 - https:\/\/yoast.com\/product\/yoast-seo-wordpress\/ -->\n<title>Buy 6mm 22ct Gold Armari Hoop Earrings Online | PureJewels<\/title>\n<meta name=\"description\" content=\"&quot;Add a touch of elegance to your jewelry collection with these 22ct Gold Armari Hoop Earrings. Featuring a sleek 6mm design, these timeless hoops are perfect for everyday wear or special occasions.&quot;\" \/>\n<meta name=\"robots\" content=\"index, follow, max-snippet:-1, max-image-preview:large, max-video-preview:-1\" \/>\n<link rel=\"canonical\" href=\"https:\/\/www.purejewels.com\/tr\/urun\/22-ayar-altin-armari-halka-kupe-49212\/\" \/>\n<meta property=\"og:locale\" content=\"tr_TR\" \/>\n<meta property=\"og:type\" content=\"article\" \/>\n<meta property=\"og:title\" content=\"Buy 6mm 22ct Gold Armari Hoop Earrings Online | PureJewels\" \/>\n<meta property=\"og:description\" content=\"&quot;Add a touch of elegance to your jewelry collection with these 22ct Gold Armari Hoop Earrings. Featuring a sleek 6mm design, these timeless hoops are perfect for everyday wear or special occasions.&quot;\" \/>\n<meta property=\"og:url\" content=\"https:\/\/www.purejewels.com\/tr\/urun\/22-ayar-altin-armari-halka-kupe-49212\/\" \/>\n<meta property=\"og:site_name\" content=\"PureJewels UK\" \/>\n<meta property=\"article:modified_time\" content=\"2026-01-30T07:14:17+00:00\" \/>\n<meta property=\"og:image\" content=\"https:\/\/static.purejewels.com\/wp-content\/uploads\/2024\/08\/SKU-48614.png\" \/>\n\t<meta property=\"og:image:width\" content=\"1000\" \/>\n\t<meta property=\"og:image:height\" content=\"1000\" \/>\n\t<meta property=\"og:image:type\" content=\"image\/png\" \/>\n<meta name=\"twitter:card\" content=\"summary_large_image\" \/>\n<meta name=\"twitter:label1\" content=\"Tahmini okuma s\u00fcresi\" \/>\n\t<meta name=\"twitter:data1\" content=\"2 dakika\" \/>\n<script type=\"application\/ld+json\" class=\"yoast-schema-graph\">{\"@context\":\"https:\\\/\\\/schema.org\",\"@graph\":[{\"@type\":[\"WebPage\",\"ItemPage\"],\"@id\":\"https:\\\/\\\/www.purejewels.com\\\/product\\\/22ct-gold-armari-hoop-earring-49212\\\/\",\"url\":\"https:\\\/\\\/www.purejewels.com\\\/product\\\/22ct-gold-armari-hoop-earring-49212\\\/\",\"name\":\"Buy 6mm 22ct Gold Armari Hoop Earrings Online | PureJewels\",\"isPartOf\":{\"@id\":\"https:\\\/\\\/www.purejewels.com\\\/#website\"},\"primaryImageOfPage\":{\"@id\":\"https:\\\/\\\/www.purejewels.com\\\/product\\\/22ct-gold-armari-hoop-earring-49212\\\/#primaryimage\"},\"image\":{\"@id\":\"https:\\\/\\\/www.purejewels.com\\\/product\\\/22ct-gold-armari-hoop-earring-49212\\\/#primaryimage\"},\"thumbnailUrl\":\"https:\\\/\\\/static.purejewels.com\\\/wp-content\\\/uploads\\\/2024\\\/08\\\/SKU-48614.png\",\"datePublished\":\"2024-09-23T06:14:51+00:00\",\"dateModified\":\"2026-01-30T07:14:17+00:00\",\"description\":\"\\\"Add a touch of elegance to your jewelry collection with these 22ct Gold Armari Hoop Earrings. Featuring a sleek 6mm design, these timeless hoops are perfect for everyday wear or special occasions.\\\"\",\"breadcrumb\":{\"@id\":\"https:\\\/\\\/www.purejewels.com\\\/product\\\/22ct-gold-armari-hoop-earring-49212\\\/#breadcrumb\"},\"inLanguage\":\"tr\",\"potentialAction\":[{\"@type\":\"ReadAction\",\"target\":[\"https:\\\/\\\/www.purejewels.com\\\/product\\\/22ct-gold-armari-hoop-earring-49212\\\/\"]}]},{\"@type\":\"ImageObject\",\"inLanguage\":\"tr\",\"@id\":\"https:\\\/\\\/www.purejewels.com\\\/product\\\/22ct-gold-armari-hoop-earring-49212\\\/#primaryimage\",\"url\":\"https:\\\/\\\/static.purejewels.com\\\/wp-content\\\/uploads\\\/2024\\\/08\\\/SKU-48614.png\",\"contentUrl\":\"https:\\\/\\\/static.purejewels.com\\\/wp-content\\\/uploads\\\/2024\\\/08\\\/SKU-48614.png\",\"width\":1000,\"height\":1000},{\"@type\":\"BreadcrumbList\",\"@id\":\"https:\\\/\\\/www.purejewels.com\\\/product\\\/22ct-gold-armari-hoop-earring-49212\\\/#breadcrumb\",\"itemListElement\":[{\"@type\":\"ListItem\",\"position\":1,\"name\":\"Home\",\"item\":\"https:\\\/\\\/www.purejewels.com\\\/\"},{\"@type\":\"ListItem\",\"position\":2,\"name\":\"Shop\",\"item\":\"https:\\\/\\\/www.purejewels.com\\\/shop\\\/\"},{\"@type\":\"ListItem\",\"position\":3,\"name\":\"22ct Gold Armari Hoop Earring | 6mm\"}]},{\"@type\":\"WebSite\",\"@id\":\"https:\\\/\\\/www.purejewels.com\\\/#website\",\"url\":\"https:\\\/\\\/www.purejewels.com\\\/\",\"name\":\"PureJewels UK\",\"description\":\"Share the Love\",\"publisher\":{\"@id\":\"https:\\\/\\\/www.purejewels.com\\\/#organization\"},\"potentialAction\":[{\"@type\":\"SearchAction\",\"target\":{\"@type\":\"EntryPoint\",\"urlTemplate\":\"https:\\\/\\\/www.purejewels.com\\\/?s={search_term_string}\"},\"query-input\":{\"@type\":\"PropertyValueSpecification\",\"valueRequired\":true,\"valueName\":\"search_term_string\"}}],\"inLanguage\":\"tr\"},{\"@type\":\"Organization\",\"@id\":\"https:\\\/\\\/www.purejewels.com\\\/#organization\",\"name\":\"PureJewels UK\",\"url\":\"https:\\\/\\\/www.purejewels.com\\\/\",\"logo\":{\"@type\":\"ImageObject\",\"inLanguage\":\"tr\",\"@id\":\"https:\\\/\\\/www.purejewels.com\\\/#\\\/schema\\\/logo\\\/image\\\/\",\"url\":\"https:\\\/\\\/static.purejewels.com\\\/wp-content\\\/uploads\\\/2020\\\/11\\\/Logo-PJ-New-1.png\",\"contentUrl\":\"https:\\\/\\\/static.purejewels.com\\\/wp-content\\\/uploads\\\/2020\\\/11\\\/Logo-PJ-New-1.png\",\"width\":150,\"height\":80,\"caption\":\"PureJewels UK\"},\"image\":{\"@id\":\"https:\\\/\\\/www.purejewels.com\\\/#\\\/schema\\\/logo\\\/image\\\/\"}}]}<\/script>\n<!-- \/ Yoast SEO plugin. -->","yoast_head_json":{"title":"6mm 22 Ayar Alt\u0131n Armari Halka K\u00fcpeleri Online Sat\u0131n Al\u0131n | PureJewels","description":"\"Bu 22 Ayar Alt\\u0131n Armari Halka K\\u00fcpeler ile m\\u00fccevher koleksiyonunuza \\u015f\\u0131kl\\u0131k kat\\u0131n. 6 mm'lik \\u015f\\u0131k bir tasar\\u0131ma sahip olan bu zamans\\u0131z halka k\\u00fcpeler, g\\u00fcnl\\u00fck kullan\\u0131m veya \\u00f6zel g\\u00fcnler i\\u00e7in m\\u00fckemmeldir.\"","robots":{"index":"index","follow":"follow","max-snippet":"max-snippet:-1","max-image-preview":"max-image-preview:large","max-video-preview":"max-video-preview:-1"},"canonical":"https:\/\/www.purejewels.com\/tr\/urun\/22-ayar-altin-armari-halka-kupe-49212\/","og_locale":"tr_TR","og_type":"article","og_title":"Buy 6mm 22ct Gold Armari Hoop Earrings Online | PureJewels","og_description":"\"Add a touch of elegance to your jewelry collection with these 22ct Gold Armari Hoop Earrings. Featuring a sleek 6mm design, these timeless hoops are perfect for everyday wear or special occasions.\"","og_url":"https:\/\/www.purejewels.com\/tr\/urun\/22-ayar-altin-armari-halka-kupe-49212\/","og_site_name":"PureJewels UK","article_modified_time":"2026-01-30T07:14:17+00:00","og_image":[{"width":1000,"height":1000,"url":"https:\/\/static.purejewels.com\/wp-content\/uploads\/2024\/08\/SKU-48614.png","type":"image\/png"}],"twitter_card":"summary_large_image","twitter_misc":{"Tahmini okuma s\u00fcresi":"2 dakika"},"schema":{"@context":"https:\/\/schema.org","@graph":[{"@type":["WebPage","ItemPage"],"@id":"https:\/\/www.purejewels.com\/product\/22ct-gold-armari-hoop-earring-49212\/","url":"https:\/\/www.purejewels.com\/product\/22ct-gold-armari-hoop-earring-49212\/","name":"6mm 22 Ayar Alt\u0131n Armari Halka K\u00fcpeleri Online Sat\u0131n Al\u0131n | PureJewels","isPartOf":{"@id":"https:\/\/www.purejewels.com\/#website"},"primaryImageOfPage":{"@id":"https:\/\/www.purejewels.com\/product\/22ct-gold-armari-hoop-earring-49212\/#primaryimage"},"image":{"@id":"https:\/\/www.purejewels.com\/product\/22ct-gold-armari-hoop-earring-49212\/#primaryimage"},"thumbnailUrl":"https:\/\/static.purejewels.com\/wp-content\/uploads\/2024\/08\/SKU-48614.png","datePublished":"2024-09-23T06:14:51+00:00","dateModified":"2026-01-30T07:14:17+00:00","description":"\"Bu 22 Ayar Alt\\u0131n Armari Halka K\\u00fcpeler ile m\\u00fccevher koleksiyonunuza \\u015f\\u0131kl\\u0131k kat\\u0131n. 6 mm'lik \\u015f\\u0131k bir tasar\\u0131ma sahip olan bu zamans\\u0131z halka k\\u00fcpeler, g\\u00fcnl\\u00fck kullan\\u0131m veya \\u00f6zel g\\u00fcnler i\\u00e7in m\\u00fckemmeldir.\"","breadcrumb":{"@id":"https:\/\/www.purejewels.com\/product\/22ct-gold-armari-hoop-earring-49212\/#breadcrumb"},"inLanguage":"tr","potentialAction":[{"@type":"ReadAction","target":["https:\/\/www.purejewels.com\/product\/22ct-gold-armari-hoop-earring-49212\/"]}]},{"@type":"ImageObject","inLanguage":"tr","@id":"https:\/\/www.purejewels.com\/product\/22ct-gold-armari-hoop-earring-49212\/#primaryimage","url":"https:\/\/static.purejewels.com\/wp-content\/uploads\/2024\/08\/SKU-48614.png","contentUrl":"https:\/\/static.purejewels.com\/wp-content\/uploads\/2024\/08\/SKU-48614.png","width":1000,"height":1000},{"@type":"BreadcrumbList","@id":"https:\/\/www.purejewels.com\/product\/22ct-gold-armari-hoop-earring-49212\/#breadcrumb","itemListElement":[{"@type":"ListItem","position":1,"name":"Home","item":"https:\/\/www.purejewels.com\/"},{"@type":"ListItem","position":2,"name":"Shop","item":"https:\/\/www.purejewels.com\/shop\/"},{"@type":"ListItem","position":3,"name":"22ct Gold Armari Hoop Earring | 6mm"}]},{"@type":"WebSite","@id":"https:\/\/www.purejewels.com\/#website","url":"https:\/\/www.purejewels.com\/","name":"PureJewels \u0130ngiltere","description":"Sevgiyi Payla\u015f\u0131n","publisher":{"@id":"https:\/\/www.purejewels.com\/#organization"},"potentialAction":[{"@type":"SearchAction","target":{"@type":"EntryPoint","urlTemplate":"https:\/\/www.purejewels.com\/?s={search_term_string}"},"query-input":{"@type":"PropertyValueSpecification","valueRequired":true,"valueName":"search_term_string"}}],"inLanguage":"tr"},{"@type":"Organization","@id":"https:\/\/www.purejewels.com\/#organization","name":"PureJewels \u0130ngiltere","url":"https:\/\/www.purejewels.com\/","logo":{"@type":"ImageObject","inLanguage":"tr","@id":"https:\/\/www.purejewels.com\/#\/schema\/logo\/image\/","url":"https:\/\/static.purejewels.com\/wp-content\/uploads\/2020\/11\/Logo-PJ-New-1.png","contentUrl":"https:\/\/static.purejewels.com\/wp-content\/uploads\/2020\/11\/Logo-PJ-New-1.png","width":150,"height":80,"caption":"PureJewels UK"},"image":{"@id":"https:\/\/www.purejewels.com\/#\/schema\/logo\/image\/"}}]}},"_links":{"self":[{"href":"https:\/\/www.purejewels.com\/tr\/wp-json\/wp\/v2\/product\/369407","targetHints":{"allow":["GET"]}}],"collection":[{"href":"https:\/\/www.purejewels.com\/tr\/wp-json\/wp\/v2\/product"}],"about":[{"href":"https:\/\/www.purejewels.com\/tr\/wp-json\/wp\/v2\/types\/product"}],"replies":[{"embeddable":true,"href":"https:\/\/www.purejewels.com\/tr\/wp-json\/wp\/v2\/comments?post=369407"}],"version-history":[{"count":4,"href":"https:\/\/www.purejewels.com\/tr\/wp-json\/wp\/v2\/product\/369407\/revisions"}],"predecessor-version":[{"id":420664,"href":"https:\/\/www.purejewels.com\/tr\/wp-json\/wp\/v2\/product\/369407\/revisions\/420664"}],"wp:featuredmedia":[{"embeddable":true,"href":"https:\/\/www.purejewels.com\/tr\/wp-json\/wp\/v2\/media\/372446"}],"wp:attachment":[{"href":"https:\/\/www.purejewels.com\/tr\/wp-json\/wp\/v2\/media?parent=369407"}],"wp:term":[{"taxonomy":"product_brand","embeddable":true,"href":"https:\/\/www.purejewels.com\/tr\/wp-json\/wp\/v2\/product_brand?post=369407"},{"taxonomy":"product_cat","embeddable":true,"href":"https:\/\/www.purejewels.com\/tr\/wp-json\/wp\/v2\/product_cat?post=369407"},{"taxonomy":"product_tag","embeddable":true,"href":"https:\/\/www.purejewels.com\/tr\/wp-json\/wp\/v2\/product_tag?post=369407"}],"curies":[{"name":"wp","href":"https:\/\/api.w.org\/{rel}","templated":true}]}}