{"id":369453,"date":"2024-07-13T06:42:22","date_gmt":"2024-07-13T05:42:22","guid":{"rendered":"https:\/\/www.purejewels.com\/?post_type=product&#038;p=369453"},"modified":"2026-05-11T10:55:01","modified_gmt":"2026-05-11T09:55:01","slug":"rozet-22-ayar-altin-saplama-49316","status":"publish","type":"product","link":"https:\/\/www.purejewels.com\/tr\/product\/rosette-22ct-gold-stud-49316\/","title":{"rendered":"Rozet 22 Ayar G\u00fcndo\u011fumu Alt\u0131n Saplama | \u00c7ap 5mm"},"content":{"rendered":"<h4 data-start=\"670\" data-end=\"695\"><strong data-start=\"675\" data-end=\"693\">Tasar\u0131m Konsepti<\/strong><\/h4>\n<p data-start=\"696\" data-end=\"1105\">Rosette Koleksiyonu'nun kalbinde yer alan bu k\u00fc\u00e7\u00fck \u00e7i\u00e7ekli \u00e7\u0131t\u00e7\u0131tlar, g\u00fczelli\u011fin sessizce ortaya \u00e7\u0131kt\u0131\u011f\u0131 bir an olan \u015fafak vakti bir \u00e7i\u00e7e\u011fin narin a\u00e7\u0131\u015f\u0131ndan ilham al\u0131yor. B\u00fcy\u00fcmeyi, zarafeti ve yeni ba\u015flang\u0131\u00e7lar\u0131 simgeleyen rozet motifi, PureJewels'in hayat\u0131n d\u00f6n\u00fcm noktalar\u0131n\u0131 anlaml\u0131 bir \u015fekilde kutlama anlat\u0131s\u0131n\u0131 yans\u0131t\u0131yor. Her bir \u00e7i\u00e7ek, k\u00fclt\u00fcrel zenginlik ve modern incelikle temellendirilmi\u015f bir zarafet hikayesi anlat\u0131yor.<\/p>\n<h4 data-start=\"1107\" data-end=\"1131\"><strong data-start=\"1112\" data-end=\"1129\">Zanaatkarl\u0131k<\/strong><\/h4>\n<p data-start=\"1132\" data-end=\"1603\">I\u015f\u0131lt\u0131l\u0131 22 ayar Sunrise Alt\u0131ndan d\u00f6v\u00fclm\u00fc\u015f bu 5 mm'lik \u00e7\u0131t\u00e7\u0131tlar titiz ayr\u0131nt\u0131larla el i\u015f\u00e7ili\u011fiyle \u00fcretilmi\u015ftir. Yapraklar\u0131n yumu\u015fak dokusu cilal\u0131 merkezle g\u00fczel bir tezat olu\u015fturarak bir \u0131\u015f\u0131k ve derinlik oyunu yarat\u0131r. Tasar\u0131m, Hint kuyumculuk tekniklerinin miras\u0131na sayg\u0131 g\u00f6sterirken minimal ve \u00e7a\u011fda\u015f bir g\u00f6r\u00fcn\u00fcm\u00fc de benimsiyor. Her bir saplama hassas bir \u015fekilde \u015fekillendirilmi\u015f ve dengelenmi\u015ftir, b\u00f6ylece g\u00fcnl\u00fck kullan\u0131m i\u00e7in rahatl\u0131k ve nesillerdir s\u00fcregelen i\u015f\u00e7ili\u011fi onurland\u0131ran dayan\u0131kl\u0131l\u0131k sa\u011flar.<\/p>\n<h4 data-start=\"1605\" data-end=\"1629\"><strong data-start=\"1610\" data-end=\"1627\">Stil Fikirleri<\/strong><\/h4>\n<p data-start=\"1630\" data-end=\"1981\">Abart\u0131s\u0131z ama \u00e7a\u011fr\u0131\u015f\u0131ml\u0131 bu k\u00fcpeler, sakin sabahlardan ne\u015feli kutlamalara kadar her an i\u00e7in m\u00fckemmeldir. \u0130nce bir s\u0131cakl\u0131k ipucu i\u00e7in tek ba\u015f\u0131na tak\u0131n veya \u00f6zel bir kulak hikayesi olu\u015fturmak i\u00e7in alt\u0131n halkalar veya ikinci piercinglerle katmanlay\u0131n. \u00d6zellikle do\u011fum g\u00fcn\u00fc, yeni bir sayfa veya ki\u015fisel d\u00f6n\u00fcm noktas\u0131 gibi hayat\u0131n g\u00fczel ba\u015flang\u0131\u00e7lar\u0131nda hediye etmek i\u00e7in idealdir.<\/p>\n<p data-start=\"1983\" data-end=\"2180\">","protected":false},"excerpt":{"rendered":"<p data-start=\"275\" data-end=\"572\">Narin ama \u0131\u015f\u0131lt\u0131l\u0131, 22 ayar G\u00fcndo\u011fumu Alt\u0131n\u0131ndan bu Rozet \u00c7\u0131t\u00e7\u0131tlar, zarif 5 mm siluetiyle do\u011fal g\u00fczelli\u011fin \u00f6z\u00fcn\u00fc yakal\u0131yor. \u00c7i\u00e7ek a\u00e7an yolculuklar\u0131n sembolizminden ilham alan her bir ta\u00e7 yapra\u011f\u0131, s\u0131cakl\u0131\u011f\u0131, di\u015fili\u011fi ve zarafeti yans\u0131tacak \u015fekilde ustal\u0131kla \u015fekillendirilmi\u015ftir. G\u00fcnl\u00fck \u015f\u0131kl\u0131k i\u00e7in zamans\u0131z bir yol arkada\u015f\u0131.<\/p>\n<p><strong>Malzeme:<\/strong>\u00a022 Ayar G\u00fcndo\u011fumu Alt\u0131n<br \/>\n<strong>Safl\u0131k:<\/strong>\u00a091.6% saf alt\u0131n<br \/>\n<strong>Hallmark:<\/strong>\u00a0\u0130ngiliz Damgas\u0131<br \/>\n<strong>SKU:<\/strong> 50813, 54677, 54809, 55088, 54679<br \/>\n<strong>A\u011f\u0131rl\u0131k:<\/strong> 1.18 Gms<br \/>\n<strong>Geni\u015flik:<\/strong> 5 mm<\/p>\n<p><strong>Fiyat ve Teslimat:<\/strong>\u00a0KDV ve teslimat \u00fccretleri dahil<br \/>\n<a href=\"https:\/\/www.purejewels.com\/tr\/i%cc%87ade-poli%cc%87ti%cc%87kasi\/\"><strong>\u0130ade Politikas\u0131<\/strong><\/a><\/p>","protected":false},"featured_media":350155,"comment_status":"closed","ping_status":"closed","template":"","meta":{"_eb_attr":"","_crsspst_to_jayantr4sg-hostcom":false},"product_brand":[],"product_cat":[1559,1576,1790,1254,1229,5599,6146,1656,5274,1577,1575,1574,5349],"product_tag":[66],"class_list":{"0":"post-369453","1":"product","2":"type-product","3":"status-publish","4":"has-post-thumbnail","6":"product_cat-birthday-gifts","7":"product_cat-childrens-jewellery","8":"product_cat-for-whom-when","9":"product_cat-gold-earrings","10":"product_cat-22ct-gold-jewellery","11":"product_cat-baby-earring","12":"product_cat-rosette-stud","13":"product_cat-rosettes-collections","14":"product_cat-rosettes-earring","15":"product_cat-stud-earrings","16":"product_cat-teenage-jewellery","17":"product_cat-womens-jewellery","18":"product_cat-yellow-gold-jewellery","19":"product_tag-earrings","21":"first","22":"instock","23":"taxable","24":"shipping-taxable","25":"purchasable","26":"product-type-simple","27":"add-to-wishlist-before_image"},"yoast_head":"<!-- This site is optimized with the Yoast SEO plugin v27.5 - https:\/\/yoast.com\/product\/yoast-seo-wordpress\/ -->\n<title>22 Carat Gold Rosette Studs | 5mm | Fine Jewellery<\/title>\n<meta name=\"description\" content=\"Discover the perfect blend of sophistication and charm with our 22 carat gold rosette studs. The 5mm size ensures a subtle yet impactful look.\" \/>\n<meta name=\"robots\" content=\"index, follow, max-snippet:-1, max-image-preview:large, max-video-preview:-1\" \/>\n<link rel=\"canonical\" href=\"https:\/\/www.purejewels.com\/tr\/urun\/rozet-22-ayar-altin-saplama-49316\/\" \/>\n<meta property=\"og:locale\" content=\"tr_TR\" \/>\n<meta property=\"og:type\" content=\"article\" \/>\n<meta property=\"og:title\" content=\"22 Carat Gold Rosette Studs | 5mm | Fine Jewellery\" \/>\n<meta property=\"og:description\" content=\"Discover the perfect blend of sophistication and charm with our 22 carat gold rosette studs. The 5mm size ensures a subtle yet impactful look.\" \/>\n<meta property=\"og:url\" content=\"https:\/\/www.purejewels.com\/tr\/urun\/rozet-22-ayar-altin-saplama-49316\/\" \/>\n<meta property=\"og:site_name\" content=\"PureJewels UK\" \/>\n<meta property=\"article:modified_time\" content=\"2026-05-11T09:55:01+00:00\" \/>\n<meta property=\"og:image\" content=\"https:\/\/static.purejewels.com\/wp-content\/uploads\/2023\/07\/SKU-44602.jpg\" \/>\n\t<meta property=\"og:image:width\" content=\"1\" \/>\n\t<meta property=\"og:image:height\" content=\"1\" \/>\n\t<meta property=\"og:image:type\" content=\"image\/jpeg\" \/>\n<meta name=\"twitter:card\" content=\"summary_large_image\" \/>\n<meta name=\"twitter:label1\" content=\"Tahmini okuma s\u00fcresi\" \/>\n\t<meta name=\"twitter:data1\" content=\"2 dakika\" \/>\n<script type=\"application\/ld+json\" class=\"yoast-schema-graph\">{\"@context\":\"https:\\\/\\\/schema.org\",\"@graph\":[{\"@type\":[\"WebPage\",\"ItemPage\"],\"@id\":\"https:\\\/\\\/www.purejewels.com\\\/product\\\/rosette-22ct-gold-stud-49316\\\/\",\"url\":\"https:\\\/\\\/www.purejewels.com\\\/product\\\/rosette-22ct-gold-stud-49316\\\/\",\"name\":\"22 Carat Gold Rosette Studs | 5mm | Fine Jewellery\",\"isPartOf\":{\"@id\":\"https:\\\/\\\/www.purejewels.com\\\/#website\"},\"primaryImageOfPage\":{\"@id\":\"https:\\\/\\\/www.purejewels.com\\\/product\\\/rosette-22ct-gold-stud-49316\\\/#primaryimage\"},\"image\":{\"@id\":\"https:\\\/\\\/www.purejewels.com\\\/product\\\/rosette-22ct-gold-stud-49316\\\/#primaryimage\"},\"thumbnailUrl\":\"https:\\\/\\\/static.purejewels.com\\\/wp-content\\\/uploads\\\/2023\\\/07\\\/SKU-44602.jpg\",\"datePublished\":\"2024-07-13T05:42:22+00:00\",\"dateModified\":\"2026-05-11T09:55:01+00:00\",\"description\":\"Discover the perfect blend of sophistication and charm with our 22 carat gold rosette studs. The 5mm size ensures a subtle yet impactful look.\",\"breadcrumb\":{\"@id\":\"https:\\\/\\\/www.purejewels.com\\\/product\\\/rosette-22ct-gold-stud-49316\\\/#breadcrumb\"},\"inLanguage\":\"tr\",\"potentialAction\":[{\"@type\":\"ReadAction\",\"target\":[\"https:\\\/\\\/www.purejewels.com\\\/product\\\/rosette-22ct-gold-stud-49316\\\/\"]}]},{\"@type\":\"ImageObject\",\"inLanguage\":\"tr\",\"@id\":\"https:\\\/\\\/www.purejewels.com\\\/product\\\/rosette-22ct-gold-stud-49316\\\/#primaryimage\",\"url\":\"https:\\\/\\\/static.purejewels.com\\\/wp-content\\\/uploads\\\/2023\\\/07\\\/SKU-44602.jpg\",\"contentUrl\":\"https:\\\/\\\/static.purejewels.com\\\/wp-content\\\/uploads\\\/2023\\\/07\\\/SKU-44602.jpg\",\"caption\":\"Rosette 22ct Gold Stud\"},{\"@type\":\"BreadcrumbList\",\"@id\":\"https:\\\/\\\/www.purejewels.com\\\/product\\\/rosette-22ct-gold-stud-49316\\\/#breadcrumb\",\"itemListElement\":[{\"@type\":\"ListItem\",\"position\":1,\"name\":\"Home\",\"item\":\"https:\\\/\\\/www.purejewels.com\\\/\"},{\"@type\":\"ListItem\",\"position\":2,\"name\":\"Shop\",\"item\":\"https:\\\/\\\/www.purejewels.com\\\/shop\\\/\"},{\"@type\":\"ListItem\",\"position\":3,\"name\":\"Rosette 22ct Sunrise Gold Stud | Diameter 5mm\"}]},{\"@type\":\"WebSite\",\"@id\":\"https:\\\/\\\/www.purejewels.com\\\/#website\",\"url\":\"https:\\\/\\\/www.purejewels.com\\\/\",\"name\":\"PureJewels UK\",\"description\":\"Share the Love\",\"publisher\":{\"@id\":\"https:\\\/\\\/www.purejewels.com\\\/#organization\"},\"potentialAction\":[{\"@type\":\"SearchAction\",\"target\":{\"@type\":\"EntryPoint\",\"urlTemplate\":\"https:\\\/\\\/www.purejewels.com\\\/?s={search_term_string}\"},\"query-input\":{\"@type\":\"PropertyValueSpecification\",\"valueRequired\":true,\"valueName\":\"search_term_string\"}}],\"inLanguage\":\"tr\"},{\"@type\":\"Organization\",\"@id\":\"https:\\\/\\\/www.purejewels.com\\\/#organization\",\"name\":\"PureJewels UK\",\"url\":\"https:\\\/\\\/www.purejewels.com\\\/\",\"logo\":{\"@type\":\"ImageObject\",\"inLanguage\":\"tr\",\"@id\":\"https:\\\/\\\/www.purejewels.com\\\/#\\\/schema\\\/logo\\\/image\\\/\",\"url\":\"https:\\\/\\\/static.purejewels.com\\\/wp-content\\\/uploads\\\/2020\\\/11\\\/Logo-PJ-New-1.png\",\"contentUrl\":\"https:\\\/\\\/static.purejewels.com\\\/wp-content\\\/uploads\\\/2020\\\/11\\\/Logo-PJ-New-1.png\",\"width\":150,\"height\":80,\"caption\":\"PureJewels UK\"},\"image\":{\"@id\":\"https:\\\/\\\/www.purejewels.com\\\/#\\\/schema\\\/logo\\\/image\\\/\"}}]}<\/script>\n<!-- \/ Yoast SEO plugin. -->","yoast_head_json":{"title":"22 Ayar Alt\u0131n Rozet \u00c7\u0131t\u00e7\u0131t | 5mm | Fine Jewellery","description":"Sofistike ve cazibenin m\u00fckemmel kar\u0131\u015f\u0131m\u0131n\u0131 22 ayar alt\u0131n rozet saplamalar\u0131m\u0131zla ke\u015ffedin. 5 mm'lik boyut, ince ama etkili bir g\u00f6r\u00fcn\u00fcm sa\u011flar.","robots":{"index":"index","follow":"follow","max-snippet":"max-snippet:-1","max-image-preview":"max-image-preview:large","max-video-preview":"max-video-preview:-1"},"canonical":"https:\/\/www.purejewels.com\/tr\/urun\/rozet-22-ayar-altin-saplama-49316\/","og_locale":"tr_TR","og_type":"article","og_title":"22 Carat Gold Rosette Studs | 5mm | Fine Jewellery","og_description":"Discover the perfect blend of sophistication and charm with our 22 carat gold rosette studs. The 5mm size ensures a subtle yet impactful look.","og_url":"https:\/\/www.purejewels.com\/tr\/urun\/rozet-22-ayar-altin-saplama-49316\/","og_site_name":"PureJewels UK","article_modified_time":"2026-05-11T09:55:01+00:00","og_image":[{"url":"https:\/\/static.purejewels.com\/wp-content\/uploads\/2023\/07\/SKU-44602.jpg","width":1,"height":1,"type":"image\/jpeg"}],"twitter_card":"summary_large_image","twitter_misc":{"Tahmini okuma s\u00fcresi":"2 dakika"},"schema":{"@context":"https:\/\/schema.org","@graph":[{"@type":["WebPage","ItemPage"],"@id":"https:\/\/www.purejewels.com\/product\/rosette-22ct-gold-stud-49316\/","url":"https:\/\/www.purejewels.com\/product\/rosette-22ct-gold-stud-49316\/","name":"22 Ayar Alt\u0131n Rozet \u00c7\u0131t\u00e7\u0131t | 5mm | Fine Jewellery","isPartOf":{"@id":"https:\/\/www.purejewels.com\/#website"},"primaryImageOfPage":{"@id":"https:\/\/www.purejewels.com\/product\/rosette-22ct-gold-stud-49316\/#primaryimage"},"image":{"@id":"https:\/\/www.purejewels.com\/product\/rosette-22ct-gold-stud-49316\/#primaryimage"},"thumbnailUrl":"https:\/\/static.purejewels.com\/wp-content\/uploads\/2023\/07\/SKU-44602.jpg","datePublished":"2024-07-13T05:42:22+00:00","dateModified":"2026-05-11T09:55:01+00:00","description":"Sofistike ve cazibenin m\u00fckemmel kar\u0131\u015f\u0131m\u0131n\u0131 22 ayar alt\u0131n rozet saplamalar\u0131m\u0131zla ke\u015ffedin. 5 mm'lik boyut, ince ama etkili bir g\u00f6r\u00fcn\u00fcm sa\u011flar.","breadcrumb":{"@id":"https:\/\/www.purejewels.com\/product\/rosette-22ct-gold-stud-49316\/#breadcrumb"},"inLanguage":"tr","potentialAction":[{"@type":"ReadAction","target":["https:\/\/www.purejewels.com\/product\/rosette-22ct-gold-stud-49316\/"]}]},{"@type":"ImageObject","inLanguage":"tr","@id":"https:\/\/www.purejewels.com\/product\/rosette-22ct-gold-stud-49316\/#primaryimage","url":"https:\/\/static.purejewels.com\/wp-content\/uploads\/2023\/07\/SKU-44602.jpg","contentUrl":"https:\/\/static.purejewels.com\/wp-content\/uploads\/2023\/07\/SKU-44602.jpg","caption":"Rosette 22ct Gold Stud"},{"@type":"BreadcrumbList","@id":"https:\/\/www.purejewels.com\/product\/rosette-22ct-gold-stud-49316\/#breadcrumb","itemListElement":[{"@type":"ListItem","position":1,"name":"Home","item":"https:\/\/www.purejewels.com\/"},{"@type":"ListItem","position":2,"name":"Shop","item":"https:\/\/www.purejewels.com\/shop\/"},{"@type":"ListItem","position":3,"name":"Rosette 22ct Sunrise Gold Stud | Diameter 5mm"}]},{"@type":"WebSite","@id":"https:\/\/www.purejewels.com\/#website","url":"https:\/\/www.purejewels.com\/","name":"PureJewels \u0130ngiltere","description":"Sevgiyi Payla\u015f\u0131n","publisher":{"@id":"https:\/\/www.purejewels.com\/#organization"},"potentialAction":[{"@type":"SearchAction","target":{"@type":"EntryPoint","urlTemplate":"https:\/\/www.purejewels.com\/?s={search_term_string}"},"query-input":{"@type":"PropertyValueSpecification","valueRequired":true,"valueName":"search_term_string"}}],"inLanguage":"tr"},{"@type":"Organization","@id":"https:\/\/www.purejewels.com\/#organization","name":"PureJewels \u0130ngiltere","url":"https:\/\/www.purejewels.com\/","logo":{"@type":"ImageObject","inLanguage":"tr","@id":"https:\/\/www.purejewels.com\/#\/schema\/logo\/image\/","url":"https:\/\/static.purejewels.com\/wp-content\/uploads\/2020\/11\/Logo-PJ-New-1.png","contentUrl":"https:\/\/static.purejewels.com\/wp-content\/uploads\/2020\/11\/Logo-PJ-New-1.png","width":150,"height":80,"caption":"PureJewels UK"},"image":{"@id":"https:\/\/www.purejewels.com\/#\/schema\/logo\/image\/"}}]}},"_links":{"self":[{"href":"https:\/\/www.purejewels.com\/tr\/wp-json\/wp\/v2\/product\/369453","targetHints":{"allow":["GET"]}}],"collection":[{"href":"https:\/\/www.purejewels.com\/tr\/wp-json\/wp\/v2\/product"}],"about":[{"href":"https:\/\/www.purejewels.com\/tr\/wp-json\/wp\/v2\/types\/product"}],"replies":[{"embeddable":true,"href":"https:\/\/www.purejewels.com\/tr\/wp-json\/wp\/v2\/comments?post=369453"}],"version-history":[{"count":6,"href":"https:\/\/www.purejewels.com\/tr\/wp-json\/wp\/v2\/product\/369453\/revisions"}],"predecessor-version":[{"id":428114,"href":"https:\/\/www.purejewels.com\/tr\/wp-json\/wp\/v2\/product\/369453\/revisions\/428114"}],"wp:featuredmedia":[{"embeddable":true,"href":"https:\/\/www.purejewels.com\/tr\/wp-json\/wp\/v2\/media\/350155"}],"wp:attachment":[{"href":"https:\/\/www.purejewels.com\/tr\/wp-json\/wp\/v2\/media?parent=369453"}],"wp:term":[{"taxonomy":"product_brand","embeddable":true,"href":"https:\/\/www.purejewels.com\/tr\/wp-json\/wp\/v2\/product_brand?post=369453"},{"taxonomy":"product_cat","embeddable":true,"href":"https:\/\/www.purejewels.com\/tr\/wp-json\/wp\/v2\/product_cat?post=369453"},{"taxonomy":"product_tag","embeddable":true,"href":"https:\/\/www.purejewels.com\/tr\/wp-json\/wp\/v2\/product_tag?post=369453"}],"curies":[{"name":"wp","href":"https:\/\/api.w.org\/{rel}","templated":true}]}}