{"id":369455,"date":"2024-08-13T07:01:17","date_gmt":"2024-08-13T06:01:17","guid":{"rendered":"https:\/\/www.purejewels.com\/?post_type=product&#038;p=369455"},"modified":"2026-05-08T06:22:07","modified_gmt":"2026-05-08T05:22:07","slug":"rozet-22-ayar-altin-cicek-saplama-52051","status":"publish","type":"product","link":"https:\/\/www.purejewels.com\/tr\/product\/rosette-22ct-gold-flower-stud-52051\/","title":{"rendered":"Rozet 22 Ayar G\u00fcndo\u011fumu Alt\u0131n \u00c7i\u00e7ek Saplama | \u00c7ap 6mm"},"content":{"rendered":"<p data-sourcepos=\"5:1-5:346\">Zarif \u00fcr\u00fcnlerimizle zamans\u0131z \u015f\u0131kl\u0131\u011f\u0131 ke\u015ffedin <a href=\"https:\/\/www.purejewels.com\/tr\/product\/22ct-gold-jali-filigree-ring-jali-collection-31926\/\">22ct<\/a> Alt\u0131n \u00c7i\u00e7ek <a href=\"https:\/\/www.purejewels.com\/tr\/product\/22ct-gold-antique-finish-studs-armari-collection-6mm-49588\/\">Saplama K\u00fcpeler<\/a>. <span class=\"citation-0 recitation citation-end-0\">Hassas bir i\u015f\u00e7ilikle \u00fcretilen ve narin bir rozet tasar\u0131m\u0131yla s\u00fcslenen bu 6 mm \u00e7ap\u0131ndaki k\u00fcpeler s\u0131cak ve b\u00fcy\u00fcleyici bir \u0131\u015f\u0131lt\u0131 yayar.<\/span><\/p>\n<p data-sourcepos=\"7:1-7:329\"><span class=\"citation-2 recitation citation-end-2\">Hem konfor hem de stil i\u00e7in tasarlanan bu k\u00fcpeler hafif yap\u0131dad\u0131r.<\/span> <span class=\"citation-3 recitation citation-end-3\">G\u00fcnl\u00fck kullan\u0131m veya \u00f6zel g\u00fcnler i\u00e7in m\u00fckemmel olan bu \u00fcr\u00fcnler, kendiniz veya sevdi\u011finiz biri i\u00e7in \u00e7arp\u0131c\u0131 bir hediye olabilir.<\/span> Saf alt\u0131n\u0131n cazibesi ile stilinizi y\u00fckseltin <a href=\"https:\/\/www.purejewels.com\/tr\/a-guide-to-die-stamping\/\">Rozet koleksiyonu<\/a>.<span class=\"button-container ng-star-inserted\"> \u00a0 <\/span><\/p>","protected":false},"excerpt":{"rendered":"<p>Narin ve sade olan bu 6 mm Rosette \u00e7i\u00e7ek k\u00fcpeleri, yumu\u015fak bir \u015fekilde \u015fekillendirilmi\u015f yapraklar\u0131 ve cilal\u0131 merkezi boncu\u011fu ile 22 ayar Sunrise Gold'dan \u00fcretilmi\u015ftir. K\u00fc\u00e7\u00fck boyutlar\u0131, g\u00fcnl\u00fck kullan\u0131m veya ikinci piercingler i\u00e7in m\u00fckemmel olmalar\u0131n\u0131 sa\u011flarken, ayn\u0131 zamanda s\u0131cak bir alt\u0131n \u0131\u015f\u0131lt\u0131 katmaktad\u0131r. G\u00fcvenli saplar ve arka k\u0131s\u0131mlarla tamamlanm\u0131\u015f olup, safl\u0131\u011f\u0131 garantili olmak i\u00e7in \u0130ngiltere'de damgalanm\u0131\u015ft\u0131r.<\/p>\n<p><strong>Malzeme:<\/strong>\u00a022 ayar Sunrise Gold (91,6% Saf Alt\u0131n)<strong><br \/>\nHallmark:\u00a0<\/strong>\u0130ngiliz Damgas\u0131<strong><br \/>\n<\/strong><strong>Br\u00fct A\u011f\u0131rl\u0131k: <\/strong>1.37 Gms<br \/>\n<strong>\u00c7i\u00e7ek Geni\u015fli\u011fi:<\/strong> 6mm<br \/>\n<strong>SKU:<\/strong> 53607, 53608, 54676, 54674, 54675<\/p>\n<p><strong>Fiyat ve Teslimat<\/strong>: KDV ve teslimat \u00fccretleri dahil<br \/>\n<a href=\"https:\/\/www.purejewels.com\/tr\/i%cc%87ade-poli%cc%87ti%cc%87kasi\/\">\u0130ade Politikas\u0131<\/a><\/p>","protected":false},"featured_media":350155,"comment_status":"closed","ping_status":"closed","template":"","meta":{"_eb_attr":"","_crsspst_to_jayantr4sg-hostcom":false},"product_brand":[],"product_cat":[1791,1559,1576,1792,1790,1254,1229,5343,5599,5338,6146,1656,5274,1577,1575,1569,1573,1574,5349],"product_tag":[66],"class_list":{"0":"post-369455","1":"product","2":"type-product","3":"status-publish","4":"has-post-thumbnail","6":"product_cat-anniversary-gifts","7":"product_cat-birthday-gifts","8":"product_cat-childrens-jewellery","9":"product_cat-festival-gifts","10":"product_cat-for-whom-when","11":"product_cat-gold-earrings","12":"product_cat-22ct-gold-jewellery","13":"product_cat-jewellery-under-550","14":"product_cat-baby-earring","15":"product_cat-shop-by-price","16":"product_cat-rosette-stud","17":"product_cat-rosettes-collections","18":"product_cat-rosettes-earring","19":"product_cat-stud-earrings","20":"product_cat-teenage-jewellery","21":"product_cat-valentine-day-gifts","22":"product_cat-wedding-gifts","23":"product_cat-womens-jewellery","24":"product_cat-yellow-gold-jewellery","25":"product_tag-earrings","27":"first","28":"onbackorder","29":"taxable","30":"shipping-taxable","31":"product-type-simple","32":"add-to-wishlist-before_image"},"yoast_head":"<!-- This site is optimized with the Yoast SEO plugin v27.6 - https:\/\/yoast.com\/product\/yoast-seo-wordpress\/ -->\n<title>6mm Gold Flower Studs - Pure Elegance | PureJewels UK<\/title>\n<meta name=\"description\" content=\"Add a touch of glamour with our 6mm gold flower stud jewellery. Shine bright with our delicate gold flower studs. Shop PureJewels UK now!\" \/>\n<meta name=\"robots\" content=\"index, follow, max-snippet:-1, max-image-preview:large, max-video-preview:-1\" \/>\n<link rel=\"canonical\" href=\"https:\/\/www.purejewels.com\/tr\/urun\/rozet-22-ayar-altin-cicek-saplama-52051\/\" \/>\n<meta property=\"og:locale\" content=\"tr_TR\" \/>\n<meta property=\"og:type\" content=\"article\" \/>\n<meta property=\"og:title\" content=\"6mm Gold Flower Studs - Pure Elegance | PureJewels UK\" \/>\n<meta property=\"og:description\" content=\"Add a touch of glamour with our 6mm gold flower stud jewellery. Shine bright with our delicate gold flower studs. Shop PureJewels UK now!\" \/>\n<meta property=\"og:url\" content=\"https:\/\/www.purejewels.com\/tr\/urun\/rozet-22-ayar-altin-cicek-saplama-52051\/\" \/>\n<meta property=\"og:site_name\" content=\"PureJewels UK\" \/>\n<meta property=\"article:modified_time\" content=\"2026-05-08T05:22:07+00:00\" \/>\n<meta property=\"og:image\" content=\"https:\/\/static.purejewels.com\/wp-content\/uploads\/2023\/07\/SKU-44602.jpg\" \/>\n\t<meta property=\"og:image:width\" content=\"1\" \/>\n\t<meta property=\"og:image:height\" content=\"1\" \/>\n\t<meta property=\"og:image:type\" content=\"image\/jpeg\" \/>\n<meta name=\"twitter:card\" content=\"summary_large_image\" \/>\n<meta name=\"twitter:label1\" content=\"Tahmini okuma s\u00fcresi\" \/>\n\t<meta name=\"twitter:data1\" content=\"1 dakika\" \/>\n<script type=\"application\/ld+json\" class=\"yoast-schema-graph\">{\"@context\":\"https:\\\/\\\/schema.org\",\"@graph\":[{\"@type\":[\"WebPage\",\"ItemPage\"],\"@id\":\"https:\\\/\\\/www.purejewels.com\\\/product\\\/rosette-22ct-gold-flower-stud-52051\\\/\",\"url\":\"https:\\\/\\\/www.purejewels.com\\\/product\\\/rosette-22ct-gold-flower-stud-52051\\\/\",\"name\":\"6mm Gold Flower Studs - Pure Elegance | PureJewels UK\",\"isPartOf\":{\"@id\":\"https:\\\/\\\/www.purejewels.com\\\/#website\"},\"primaryImageOfPage\":{\"@id\":\"https:\\\/\\\/www.purejewels.com\\\/product\\\/rosette-22ct-gold-flower-stud-52051\\\/#primaryimage\"},\"image\":{\"@id\":\"https:\\\/\\\/www.purejewels.com\\\/product\\\/rosette-22ct-gold-flower-stud-52051\\\/#primaryimage\"},\"thumbnailUrl\":\"https:\\\/\\\/static.purejewels.com\\\/wp-content\\\/uploads\\\/2023\\\/07\\\/SKU-44602.jpg\",\"datePublished\":\"2024-08-13T06:01:17+00:00\",\"dateModified\":\"2026-05-08T05:22:07+00:00\",\"description\":\"Add a touch of glamour with our 6mm gold flower stud jewellery. Shine bright with our delicate gold flower studs. Shop PureJewels UK now!\",\"breadcrumb\":{\"@id\":\"https:\\\/\\\/www.purejewels.com\\\/product\\\/rosette-22ct-gold-flower-stud-52051\\\/#breadcrumb\"},\"inLanguage\":\"tr\",\"potentialAction\":[{\"@type\":\"ReadAction\",\"target\":[\"https:\\\/\\\/www.purejewels.com\\\/product\\\/rosette-22ct-gold-flower-stud-52051\\\/\"]}]},{\"@type\":\"ImageObject\",\"inLanguage\":\"tr\",\"@id\":\"https:\\\/\\\/www.purejewels.com\\\/product\\\/rosette-22ct-gold-flower-stud-52051\\\/#primaryimage\",\"url\":\"https:\\\/\\\/static.purejewels.com\\\/wp-content\\\/uploads\\\/2023\\\/07\\\/SKU-44602.jpg\",\"contentUrl\":\"https:\\\/\\\/static.purejewels.com\\\/wp-content\\\/uploads\\\/2023\\\/07\\\/SKU-44602.jpg\",\"caption\":\"Rosette 22ct Gold Stud\"},{\"@type\":\"BreadcrumbList\",\"@id\":\"https:\\\/\\\/www.purejewels.com\\\/product\\\/rosette-22ct-gold-flower-stud-52051\\\/#breadcrumb\",\"itemListElement\":[{\"@type\":\"ListItem\",\"position\":1,\"name\":\"Home\",\"item\":\"https:\\\/\\\/www.purejewels.com\\\/\"},{\"@type\":\"ListItem\",\"position\":2,\"name\":\"Shop\",\"item\":\"https:\\\/\\\/www.purejewels.com\\\/shop\\\/\"},{\"@type\":\"ListItem\",\"position\":3,\"name\":\"Rosette 22ct Sunrise Gold Flower Stud | Diameter 6mm\"}]},{\"@type\":\"WebSite\",\"@id\":\"https:\\\/\\\/www.purejewels.com\\\/#website\",\"url\":\"https:\\\/\\\/www.purejewels.com\\\/\",\"name\":\"PureJewels UK\",\"description\":\"Share the Love\",\"publisher\":{\"@id\":\"https:\\\/\\\/www.purejewels.com\\\/#organization\"},\"potentialAction\":[{\"@type\":\"SearchAction\",\"target\":{\"@type\":\"EntryPoint\",\"urlTemplate\":\"https:\\\/\\\/www.purejewels.com\\\/?s={search_term_string}\"},\"query-input\":{\"@type\":\"PropertyValueSpecification\",\"valueRequired\":true,\"valueName\":\"search_term_string\"}}],\"inLanguage\":\"tr\"},{\"@type\":\"Organization\",\"@id\":\"https:\\\/\\\/www.purejewels.com\\\/#organization\",\"name\":\"PureJewels UK\",\"url\":\"https:\\\/\\\/www.purejewels.com\\\/\",\"logo\":{\"@type\":\"ImageObject\",\"inLanguage\":\"tr\",\"@id\":\"https:\\\/\\\/www.purejewels.com\\\/#\\\/schema\\\/logo\\\/image\\\/\",\"url\":\"https:\\\/\\\/static.purejewels.com\\\/wp-content\\\/uploads\\\/2020\\\/11\\\/Logo-PJ-New-1.png\",\"contentUrl\":\"https:\\\/\\\/static.purejewels.com\\\/wp-content\\\/uploads\\\/2020\\\/11\\\/Logo-PJ-New-1.png\",\"width\":150,\"height\":80,\"caption\":\"PureJewels UK\"},\"image\":{\"@id\":\"https:\\\/\\\/www.purejewels.com\\\/#\\\/schema\\\/logo\\\/image\\\/\"}}]}<\/script>\n<!-- \/ Yoast SEO plugin. -->","yoast_head_json":{"title":"6mm Alt\u0131n \u00c7i\u00e7ek \u00c7\u0131t\u00e7\u0131t - Pure Elegance | PureJewels UK","description":"6mm alt\u0131n \u00e7i\u00e7ek \u00e7\u0131t\u00e7\u0131tl\u0131 m\u00fccevherlerimizle ihti\u015faml\u0131 bir dokunu\u015f kat\u0131n. Narin alt\u0131n \u00e7i\u00e7ek saplamalar\u0131m\u0131zla \u0131\u015f\u0131lday\u0131n. \u015eimdi PureJewels UK'den al\u0131\u015fveri\u015f yap\u0131n!","robots":{"index":"index","follow":"follow","max-snippet":"max-snippet:-1","max-image-preview":"max-image-preview:large","max-video-preview":"max-video-preview:-1"},"canonical":"https:\/\/www.purejewels.com\/tr\/urun\/rozet-22-ayar-altin-cicek-saplama-52051\/","og_locale":"tr_TR","og_type":"article","og_title":"6mm Gold Flower Studs - Pure Elegance | PureJewels UK","og_description":"Add a touch of glamour with our 6mm gold flower stud jewellery. Shine bright with our delicate gold flower studs. Shop PureJewels UK now!","og_url":"https:\/\/www.purejewels.com\/tr\/urun\/rozet-22-ayar-altin-cicek-saplama-52051\/","og_site_name":"PureJewels UK","article_modified_time":"2026-05-08T05:22:07+00:00","og_image":[{"url":"https:\/\/static.purejewels.com\/wp-content\/uploads\/2023\/07\/SKU-44602.jpg","width":1,"height":1,"type":"image\/jpeg"}],"twitter_card":"summary_large_image","twitter_misc":{"Tahmini okuma s\u00fcresi":"1 dakika"},"schema":{"@context":"https:\/\/schema.org","@graph":[{"@type":["WebPage","ItemPage"],"@id":"https:\/\/www.purejewels.com\/product\/rosette-22ct-gold-flower-stud-52051\/","url":"https:\/\/www.purejewels.com\/product\/rosette-22ct-gold-flower-stud-52051\/","name":"6mm Alt\u0131n \u00c7i\u00e7ek \u00c7\u0131t\u00e7\u0131t - Pure Elegance | PureJewels UK","isPartOf":{"@id":"https:\/\/www.purejewels.com\/#website"},"primaryImageOfPage":{"@id":"https:\/\/www.purejewels.com\/product\/rosette-22ct-gold-flower-stud-52051\/#primaryimage"},"image":{"@id":"https:\/\/www.purejewels.com\/product\/rosette-22ct-gold-flower-stud-52051\/#primaryimage"},"thumbnailUrl":"https:\/\/static.purejewels.com\/wp-content\/uploads\/2023\/07\/SKU-44602.jpg","datePublished":"2024-08-13T06:01:17+00:00","dateModified":"2026-05-08T05:22:07+00:00","description":"6mm alt\u0131n \u00e7i\u00e7ek \u00e7\u0131t\u00e7\u0131tl\u0131 m\u00fccevherlerimizle ihti\u015faml\u0131 bir dokunu\u015f kat\u0131n. Narin alt\u0131n \u00e7i\u00e7ek saplamalar\u0131m\u0131zla \u0131\u015f\u0131lday\u0131n. \u015eimdi PureJewels UK'den al\u0131\u015fveri\u015f yap\u0131n!","breadcrumb":{"@id":"https:\/\/www.purejewels.com\/product\/rosette-22ct-gold-flower-stud-52051\/#breadcrumb"},"inLanguage":"tr","potentialAction":[{"@type":"ReadAction","target":["https:\/\/www.purejewels.com\/product\/rosette-22ct-gold-flower-stud-52051\/"]}]},{"@type":"ImageObject","inLanguage":"tr","@id":"https:\/\/www.purejewels.com\/product\/rosette-22ct-gold-flower-stud-52051\/#primaryimage","url":"https:\/\/static.purejewels.com\/wp-content\/uploads\/2023\/07\/SKU-44602.jpg","contentUrl":"https:\/\/static.purejewels.com\/wp-content\/uploads\/2023\/07\/SKU-44602.jpg","caption":"Rosette 22ct Gold Stud"},{"@type":"BreadcrumbList","@id":"https:\/\/www.purejewels.com\/product\/rosette-22ct-gold-flower-stud-52051\/#breadcrumb","itemListElement":[{"@type":"ListItem","position":1,"name":"Home","item":"https:\/\/www.purejewels.com\/"},{"@type":"ListItem","position":2,"name":"Shop","item":"https:\/\/www.purejewels.com\/shop\/"},{"@type":"ListItem","position":3,"name":"Rosette 22ct Sunrise Gold Flower Stud | Diameter 6mm"}]},{"@type":"WebSite","@id":"https:\/\/www.purejewels.com\/#website","url":"https:\/\/www.purejewels.com\/","name":"PureJewels \u0130ngiltere","description":"Sevgiyi Payla\u015f\u0131n","publisher":{"@id":"https:\/\/www.purejewels.com\/#organization"},"potentialAction":[{"@type":"SearchAction","target":{"@type":"EntryPoint","urlTemplate":"https:\/\/www.purejewels.com\/?s={search_term_string}"},"query-input":{"@type":"PropertyValueSpecification","valueRequired":true,"valueName":"search_term_string"}}],"inLanguage":"tr"},{"@type":"Organization","@id":"https:\/\/www.purejewels.com\/#organization","name":"PureJewels \u0130ngiltere","url":"https:\/\/www.purejewels.com\/","logo":{"@type":"ImageObject","inLanguage":"tr","@id":"https:\/\/www.purejewels.com\/#\/schema\/logo\/image\/","url":"https:\/\/static.purejewels.com\/wp-content\/uploads\/2020\/11\/Logo-PJ-New-1.png","contentUrl":"https:\/\/static.purejewels.com\/wp-content\/uploads\/2020\/11\/Logo-PJ-New-1.png","width":150,"height":80,"caption":"PureJewels UK"},"image":{"@id":"https:\/\/www.purejewels.com\/#\/schema\/logo\/image\/"}}]}},"_links":{"self":[{"href":"https:\/\/www.purejewels.com\/tr\/wp-json\/wp\/v2\/product\/369455","targetHints":{"allow":["GET"]}}],"collection":[{"href":"https:\/\/www.purejewels.com\/tr\/wp-json\/wp\/v2\/product"}],"about":[{"href":"https:\/\/www.purejewels.com\/tr\/wp-json\/wp\/v2\/types\/product"}],"replies":[{"embeddable":true,"href":"https:\/\/www.purejewels.com\/tr\/wp-json\/wp\/v2\/comments?post=369455"}],"version-history":[{"count":6,"href":"https:\/\/www.purejewels.com\/tr\/wp-json\/wp\/v2\/product\/369455\/revisions"}],"predecessor-version":[{"id":425710,"href":"https:\/\/www.purejewels.com\/tr\/wp-json\/wp\/v2\/product\/369455\/revisions\/425710"}],"wp:featuredmedia":[{"embeddable":true,"href":"https:\/\/www.purejewels.com\/tr\/wp-json\/wp\/v2\/media\/350155"}],"wp:attachment":[{"href":"https:\/\/www.purejewels.com\/tr\/wp-json\/wp\/v2\/media?parent=369455"}],"wp:term":[{"taxonomy":"product_brand","embeddable":true,"href":"https:\/\/www.purejewels.com\/tr\/wp-json\/wp\/v2\/product_brand?post=369455"},{"taxonomy":"product_cat","embeddable":true,"href":"https:\/\/www.purejewels.com\/tr\/wp-json\/wp\/v2\/product_cat?post=369455"},{"taxonomy":"product_tag","embeddable":true,"href":"https:\/\/www.purejewels.com\/tr\/wp-json\/wp\/v2\/product_tag?post=369455"}],"curies":[{"name":"wp","href":"https:\/\/api.w.org\/{rel}","templated":true}]}}