{"id":369539,"date":"2025-03-03T05:11:19","date_gmt":"2025-03-03T05:11:19","guid":{"rendered":"https:\/\/www.purejewels.com\/?post_type=product&#038;p=369539"},"modified":"2026-02-24T04:24:37","modified_gmt":"2026-02-24T04:24:37","slug":"rozetler-koleksi%cc%87yonu-22-ayar-gunes-altini-selale-kupe-51547","status":"publish","type":"product","link":"https:\/\/www.purejewels.com\/tr\/product\/rosettes-collection-22ct-sunrse-gold-waterfall-earring-51547\/","title":{"rendered":"22 Ayar G\u00fcndo\u011fumu Alt\u0131n \u015eelale K\u00fcpe"},"content":{"rendered":"<ul>\n<li><b>Menzil kimli\u011fi:<\/b> SGERWFRS001<\/li>\n<li>SKU. 51547<\/li>\n<\/ul>\n<p>Bu <a href=\"https:\/\/www.purejewels.com\/tr\/product\/22ct-gold-jali-filigree-ring-jali-collection-31926\/\">22ct<\/a> Sunrise Alt\u0131n \u015eelale K\u00fcpeler <a href=\"https:\/\/www.purejewels.com\/tr\/a-guide-to-die-stamping\/\">Rozet Koleksiyonu<\/a> l\u00fcks ve zarafetin b\u00fcy\u00fcleyici bir kar\u0131\u015f\u0131m\u0131d\u0131r. Bu k\u00fcpeler, g\u00fcn do\u011fumunun alt\u0131n \u0131\u015f\u0131nlar\u0131ndan ilham alan, \u0131\u015f\u0131lt\u0131l\u0131 ve ak\u0131c\u0131 bir etki yaratan basamakl\u0131 bir \u015felale tasar\u0131m\u0131na sahiptir. Saf g\u00fcm\u00fc\u015ften el yap\u0131m\u0131 <a href=\"https:\/\/www.purejewels.com\/tr\/product\/holy-cross-gold-pendant-44713\/\">22 ayar alt\u0131n<\/a>Sofistike ve zamans\u0131z bir g\u00fczelli\u011fe sahiptirler, bu da onlar\u0131 resmi davetler i\u00e7in m\u00fckemmel bir se\u00e7im haline getirir veya g\u00fcnl\u00fck g\u00f6r\u00fcn\u00fcm\u00fcn\u00fcze ihti\u015faml\u0131 bir dokunu\u015f katar.<\/p>","protected":false},"excerpt":{"rendered":"<ul>\n<li>Tatl\u0131 Su \u0130ncili 22 Ayar G\u00fcndo\u011fumu Alt\u0131n Damla K\u00fcpe<\/li>\n<li>A\u011f\u0131rl\u0131k 27,4 gms<\/li>\n<li>SKU. 51547<\/li>\n<li>Katalog kimli\u011fi. R1068<\/li>\n<li>T\u00fcm fiyatlara KDV dahildir<\/li>\n<li>T\u00fcm \u00fcr\u00fcnlerimiz Londra Tahlil Ofisi taraf\u0131ndan damgalanm\u0131\u015ft\u0131r<\/li>\n<li>Sunum Kutusu ile Birlikte Gelir<\/li>\n<li>Teslimat Dahil<\/li>\n<li>Forest Gate, Londra, \u0130ngiltere'deki ma\u011fazam\u0131zda bulunan t\u00fcm yeni Yeni Gelin k\u00fcpe serisini g\u00f6r\u00fcnt\u00fclemek i\u00e7in bizimle sohbet edin \/ Whats app<\/li>\n<\/ul>","protected":false},"featured_media":343505,"comment_status":"closed","ping_status":"closed","template":"","meta":{"_eb_attr":"","_crsspst_to_jayantr4sg-hostcom":false},"product_brand":[],"product_cat":[1791,5315,236,1685,1254,1229,6149,1656,5274,1573,1574],"product_tag":[],"class_list":{"0":"post-369539","1":"product","2":"type-product","3":"status-publish","4":"has-post-thumbnail","6":"product_cat-anniversary-gifts","7":"product_cat-bridal-and-wedding-earrings","8":"product_cat-collections","9":"product_cat-drop-earrings","10":"product_cat-gold-earrings","11":"product_cat-22ct-gold-jewellery","12":"product_cat-rosette-drop-earring","13":"product_cat-rosettes-collections","14":"product_cat-rosettes-earring","15":"product_cat-wedding-gifts","16":"product_cat-womens-jewellery","18":"first","19":"onbackorder","20":"taxable","21":"shipping-taxable","22":"product-type-simple","23":"add-to-wishlist-before_image"},"yoast_head":"<!-- This site is optimized with the Yoast SEO plugin v27.5 - https:\/\/yoast.com\/product\/yoast-seo-wordpress\/ -->\n<title>Rosettes Collection 22ct Sunrise Gold Waterfall Earring<\/title>\n<meta name=\"description\" content=\"Dazzle with the Rosettes Collection&#039;s 22ct Sunrise Gold Waterfall Earrings. Perfect for any occasion. Free delivery across UK.\" \/>\n<meta name=\"robots\" content=\"index, follow, max-snippet:-1, max-image-preview:large, max-video-preview:-1\" \/>\n<link rel=\"canonical\" href=\"https:\/\/www.purejewels.com\/tr\/urun\/rozetler-koleksi\u0307yonu-22-ayar-gunes-altini-selale-kupe-51547\/\" \/>\n<meta property=\"og:locale\" content=\"tr_TR\" \/>\n<meta property=\"og:type\" content=\"article\" \/>\n<meta property=\"og:title\" content=\"Rosettes Collection 22ct Sunrise Gold Waterfall Earring\" \/>\n<meta property=\"og:description\" content=\"Dazzle with the Rosettes Collection&#039;s 22ct Sunrise Gold Waterfall Earrings. Perfect for any occasion. Free delivery across UK.\" \/>\n<meta property=\"og:url\" content=\"https:\/\/www.purejewels.com\/tr\/urun\/rozetler-koleksi\u0307yonu-22-ayar-gunes-altini-selale-kupe-51547\/\" \/>\n<meta property=\"og:site_name\" content=\"PureJewels UK\" \/>\n<meta property=\"article:modified_time\" content=\"2026-02-24T04:24:37+00:00\" \/>\n<meta property=\"og:image\" content=\"https:\/\/static.purejewels.com\/wp-content\/uploads\/2023\/02\/44313-1.jpg\" \/>\n\t<meta property=\"og:image:width\" content=\"1000\" \/>\n\t<meta property=\"og:image:height\" content=\"1000\" \/>\n\t<meta property=\"og:image:type\" content=\"image\/jpeg\" \/>\n<meta name=\"twitter:card\" content=\"summary_large_image\" \/>\n<script type=\"application\/ld+json\" class=\"yoast-schema-graph\">{\"@context\":\"https:\\\/\\\/schema.org\",\"@graph\":[{\"@type\":[\"WebPage\",\"ItemPage\"],\"@id\":\"https:\\\/\\\/www.purejewels.com\\\/product\\\/rosettes-collection-22ct-sunrse-gold-waterfall-earring-51547\\\/\",\"url\":\"https:\\\/\\\/www.purejewels.com\\\/product\\\/rosettes-collection-22ct-sunrse-gold-waterfall-earring-51547\\\/\",\"name\":\"Rosettes Collection 22ct Sunrise Gold Waterfall Earring\",\"isPartOf\":{\"@id\":\"https:\\\/\\\/www.purejewels.com\\\/#website\"},\"primaryImageOfPage\":{\"@id\":\"https:\\\/\\\/www.purejewels.com\\\/product\\\/rosettes-collection-22ct-sunrse-gold-waterfall-earring-51547\\\/#primaryimage\"},\"image\":{\"@id\":\"https:\\\/\\\/www.purejewels.com\\\/product\\\/rosettes-collection-22ct-sunrse-gold-waterfall-earring-51547\\\/#primaryimage\"},\"thumbnailUrl\":\"https:\\\/\\\/static.purejewels.com\\\/wp-content\\\/uploads\\\/2023\\\/02\\\/44313-1.jpg\",\"datePublished\":\"2025-03-03T05:11:19+00:00\",\"dateModified\":\"2026-02-24T04:24:37+00:00\",\"description\":\"Dazzle with the Rosettes Collection's 22ct Sunrise Gold Waterfall Earrings. Perfect for any occasion. Free delivery across UK.\",\"breadcrumb\":{\"@id\":\"https:\\\/\\\/www.purejewels.com\\\/product\\\/rosettes-collection-22ct-sunrse-gold-waterfall-earring-51547\\\/#breadcrumb\"},\"inLanguage\":\"tr\",\"potentialAction\":[{\"@type\":\"ReadAction\",\"target\":[\"https:\\\/\\\/www.purejewels.com\\\/product\\\/rosettes-collection-22ct-sunrse-gold-waterfall-earring-51547\\\/\"]}]},{\"@type\":\"ImageObject\",\"inLanguage\":\"tr\",\"@id\":\"https:\\\/\\\/www.purejewels.com\\\/product\\\/rosettes-collection-22ct-sunrse-gold-waterfall-earring-51547\\\/#primaryimage\",\"url\":\"https:\\\/\\\/static.purejewels.com\\\/wp-content\\\/uploads\\\/2023\\\/02\\\/44313-1.jpg\",\"contentUrl\":\"https:\\\/\\\/static.purejewels.com\\\/wp-content\\\/uploads\\\/2023\\\/02\\\/44313-1.jpg\",\"width\":1000,\"height\":1000,\"caption\":\"Long Drop Earring For Ladies | Rosettes Collection\"},{\"@type\":\"BreadcrumbList\",\"@id\":\"https:\\\/\\\/www.purejewels.com\\\/product\\\/rosettes-collection-22ct-sunrse-gold-waterfall-earring-51547\\\/#breadcrumb\",\"itemListElement\":[{\"@type\":\"ListItem\",\"position\":1,\"name\":\"Home\",\"item\":\"https:\\\/\\\/www.purejewels.com\\\/\"},{\"@type\":\"ListItem\",\"position\":2,\"name\":\"Shop\",\"item\":\"https:\\\/\\\/www.purejewels.com\\\/shop\\\/\"},{\"@type\":\"ListItem\",\"position\":3,\"name\":\"22ct Sunrise Gold Waterfall Earring\"}]},{\"@type\":\"WebSite\",\"@id\":\"https:\\\/\\\/www.purejewels.com\\\/#website\",\"url\":\"https:\\\/\\\/www.purejewels.com\\\/\",\"name\":\"PureJewels UK\",\"description\":\"Share the Love\",\"publisher\":{\"@id\":\"https:\\\/\\\/www.purejewels.com\\\/#organization\"},\"potentialAction\":[{\"@type\":\"SearchAction\",\"target\":{\"@type\":\"EntryPoint\",\"urlTemplate\":\"https:\\\/\\\/www.purejewels.com\\\/?s={search_term_string}\"},\"query-input\":{\"@type\":\"PropertyValueSpecification\",\"valueRequired\":true,\"valueName\":\"search_term_string\"}}],\"inLanguage\":\"tr\"},{\"@type\":\"Organization\",\"@id\":\"https:\\\/\\\/www.purejewels.com\\\/#organization\",\"name\":\"PureJewels UK\",\"url\":\"https:\\\/\\\/www.purejewels.com\\\/\",\"logo\":{\"@type\":\"ImageObject\",\"inLanguage\":\"tr\",\"@id\":\"https:\\\/\\\/www.purejewels.com\\\/#\\\/schema\\\/logo\\\/image\\\/\",\"url\":\"https:\\\/\\\/static.purejewels.com\\\/wp-content\\\/uploads\\\/2020\\\/11\\\/Logo-PJ-New-1.png\",\"contentUrl\":\"https:\\\/\\\/static.purejewels.com\\\/wp-content\\\/uploads\\\/2020\\\/11\\\/Logo-PJ-New-1.png\",\"width\":150,\"height\":80,\"caption\":\"PureJewels UK\"},\"image\":{\"@id\":\"https:\\\/\\\/www.purejewels.com\\\/#\\\/schema\\\/logo\\\/image\\\/\"}}]}<\/script>\n<!-- \/ Yoast SEO plugin. -->","yoast_head_json":{"title":"Rozet Koleksiyonu 22 Ayar G\u00fcndo\u011fumu Alt\u0131n \u015eelale K\u00fcpe","description":"Rosettes Koleksiyonu'nun 22 ayar Sunrise Alt\u0131n \u015eelale K\u00fcpeleri ile g\u00f6z kama\u015ft\u0131r\u0131n. Her durum i\u00e7in m\u00fckemmel. \u0130ngiltere genelinde \u00fccretsiz teslimat.","robots":{"index":"index","follow":"follow","max-snippet":"max-snippet:-1","max-image-preview":"max-image-preview:large","max-video-preview":"max-video-preview:-1"},"canonical":"https:\/\/www.purejewels.com\/tr\/urun\/rozetler-koleksi\u0307yonu-22-ayar-gunes-altini-selale-kupe-51547\/","og_locale":"tr_TR","og_type":"article","og_title":"Rosettes Collection 22ct Sunrise Gold Waterfall Earring","og_description":"Dazzle with the Rosettes Collection's 22ct Sunrise Gold Waterfall Earrings. Perfect for any occasion. Free delivery across UK.","og_url":"https:\/\/www.purejewels.com\/tr\/urun\/rozetler-koleksi\u0307yonu-22-ayar-gunes-altini-selale-kupe-51547\/","og_site_name":"PureJewels UK","article_modified_time":"2026-02-24T04:24:37+00:00","og_image":[{"width":1000,"height":1000,"url":"https:\/\/static.purejewels.com\/wp-content\/uploads\/2023\/02\/44313-1.jpg","type":"image\/jpeg"}],"twitter_card":"summary_large_image","schema":{"@context":"https:\/\/schema.org","@graph":[{"@type":["WebPage","ItemPage"],"@id":"https:\/\/www.purejewels.com\/product\/rosettes-collection-22ct-sunrse-gold-waterfall-earring-51547\/","url":"https:\/\/www.purejewels.com\/product\/rosettes-collection-22ct-sunrse-gold-waterfall-earring-51547\/","name":"Rozet Koleksiyonu 22 Ayar G\u00fcndo\u011fumu Alt\u0131n \u015eelale K\u00fcpe","isPartOf":{"@id":"https:\/\/www.purejewels.com\/#website"},"primaryImageOfPage":{"@id":"https:\/\/www.purejewels.com\/product\/rosettes-collection-22ct-sunrse-gold-waterfall-earring-51547\/#primaryimage"},"image":{"@id":"https:\/\/www.purejewels.com\/product\/rosettes-collection-22ct-sunrse-gold-waterfall-earring-51547\/#primaryimage"},"thumbnailUrl":"https:\/\/static.purejewels.com\/wp-content\/uploads\/2023\/02\/44313-1.jpg","datePublished":"2025-03-03T05:11:19+00:00","dateModified":"2026-02-24T04:24:37+00:00","description":"Rosettes Koleksiyonu'nun 22 ayar Sunrise Alt\u0131n \u015eelale K\u00fcpeleri ile g\u00f6z kama\u015ft\u0131r\u0131n. Her durum i\u00e7in m\u00fckemmel. \u0130ngiltere genelinde \u00fccretsiz teslimat.","breadcrumb":{"@id":"https:\/\/www.purejewels.com\/product\/rosettes-collection-22ct-sunrse-gold-waterfall-earring-51547\/#breadcrumb"},"inLanguage":"tr","potentialAction":[{"@type":"ReadAction","target":["https:\/\/www.purejewels.com\/product\/rosettes-collection-22ct-sunrse-gold-waterfall-earring-51547\/"]}]},{"@type":"ImageObject","inLanguage":"tr","@id":"https:\/\/www.purejewels.com\/product\/rosettes-collection-22ct-sunrse-gold-waterfall-earring-51547\/#primaryimage","url":"https:\/\/static.purejewels.com\/wp-content\/uploads\/2023\/02\/44313-1.jpg","contentUrl":"https:\/\/static.purejewels.com\/wp-content\/uploads\/2023\/02\/44313-1.jpg","width":1000,"height":1000,"caption":"Long Drop Earring For Ladies | Rosettes Collection"},{"@type":"BreadcrumbList","@id":"https:\/\/www.purejewels.com\/product\/rosettes-collection-22ct-sunrse-gold-waterfall-earring-51547\/#breadcrumb","itemListElement":[{"@type":"ListItem","position":1,"name":"Home","item":"https:\/\/www.purejewels.com\/"},{"@type":"ListItem","position":2,"name":"Shop","item":"https:\/\/www.purejewels.com\/shop\/"},{"@type":"ListItem","position":3,"name":"22ct Sunrise Gold Waterfall Earring"}]},{"@type":"WebSite","@id":"https:\/\/www.purejewels.com\/#website","url":"https:\/\/www.purejewels.com\/","name":"PureJewels \u0130ngiltere","description":"Sevgiyi Payla\u015f\u0131n","publisher":{"@id":"https:\/\/www.purejewels.com\/#organization"},"potentialAction":[{"@type":"SearchAction","target":{"@type":"EntryPoint","urlTemplate":"https:\/\/www.purejewels.com\/?s={search_term_string}"},"query-input":{"@type":"PropertyValueSpecification","valueRequired":true,"valueName":"search_term_string"}}],"inLanguage":"tr"},{"@type":"Organization","@id":"https:\/\/www.purejewels.com\/#organization","name":"PureJewels \u0130ngiltere","url":"https:\/\/www.purejewels.com\/","logo":{"@type":"ImageObject","inLanguage":"tr","@id":"https:\/\/www.purejewels.com\/#\/schema\/logo\/image\/","url":"https:\/\/static.purejewels.com\/wp-content\/uploads\/2020\/11\/Logo-PJ-New-1.png","contentUrl":"https:\/\/static.purejewels.com\/wp-content\/uploads\/2020\/11\/Logo-PJ-New-1.png","width":150,"height":80,"caption":"PureJewels UK"},"image":{"@id":"https:\/\/www.purejewels.com\/#\/schema\/logo\/image\/"}}]}},"_links":{"self":[{"href":"https:\/\/www.purejewels.com\/tr\/wp-json\/wp\/v2\/product\/369539","targetHints":{"allow":["GET"]}}],"collection":[{"href":"https:\/\/www.purejewels.com\/tr\/wp-json\/wp\/v2\/product"}],"about":[{"href":"https:\/\/www.purejewels.com\/tr\/wp-json\/wp\/v2\/types\/product"}],"replies":[{"embeddable":true,"href":"https:\/\/www.purejewels.com\/tr\/wp-json\/wp\/v2\/comments?post=369539"}],"version-history":[{"count":6,"href":"https:\/\/www.purejewels.com\/tr\/wp-json\/wp\/v2\/product\/369539\/revisions"}],"predecessor-version":[{"id":425911,"href":"https:\/\/www.purejewels.com\/tr\/wp-json\/wp\/v2\/product\/369539\/revisions\/425911"}],"wp:featuredmedia":[{"embeddable":true,"href":"https:\/\/www.purejewels.com\/tr\/wp-json\/wp\/v2\/media\/343505"}],"wp:attachment":[{"href":"https:\/\/www.purejewels.com\/tr\/wp-json\/wp\/v2\/media?parent=369539"}],"wp:term":[{"taxonomy":"product_brand","embeddable":true,"href":"https:\/\/www.purejewels.com\/tr\/wp-json\/wp\/v2\/product_brand?post=369539"},{"taxonomy":"product_cat","embeddable":true,"href":"https:\/\/www.purejewels.com\/tr\/wp-json\/wp\/v2\/product_cat?post=369539"},{"taxonomy":"product_tag","embeddable":true,"href":"https:\/\/www.purejewels.com\/tr\/wp-json\/wp\/v2\/product_tag?post=369539"}],"curies":[{"name":"wp","href":"https:\/\/api.w.org\/{rel}","templated":true}]}}