{"id":369596,"date":"2024-07-14T12:11:07","date_gmt":"2024-07-14T11:11:07","guid":{"rendered":"https:\/\/www.purejewels.com\/?post_type=product&#038;p=369596"},"modified":"2026-02-09T05:41:33","modified_gmt":"2026-02-09T05:41:33","slug":"22-ayar-gundogumu-altin-yuzuk-50840","status":"publish","type":"product","link":"https:\/\/www.purejewels.com\/tr\/product\/22ct-sunrise-gold-ring-50840\/","title":{"rendered":"22 Ayar G\u00fcndo\u011fumu Alt\u0131n Y\u00fcz\u00fck | O Beden | 5,5 mm"},"content":{"rendered":"<h3>Tasar\u0131m:<\/h3>\n<p>Bu <strong>22 Ayar G\u00fcndo\u011fumu Alt\u0131n Y\u00fcz\u00fck<\/strong> i\u00e7inde <strong>Boyut O<\/strong> \u00f6zellikleri bir <strong>5,5 mm geni\u015fli\u011finde bant<\/strong> rozetlerden olu\u015fan kesintisiz bir desenle \u00e7evrelenmi\u015ftir. A\u00e7an \u00e7i\u00e7eklerin zarafetinden ilham alan tasar\u0131m, hem do\u011fal g\u00fczelli\u011fi hem de zamans\u0131z bir sofistikeli\u011fi yans\u0131t\u0131yor.<\/p>\n<h3>\u0130\u015f\u00e7ilik:<\/h3>\n<p>Titizlikle el i\u015f\u00e7ili\u011fi ile <strong>22 Ayar G\u00fcndo\u011fumu Alt\u0131n<\/strong> y\u00fcz\u00fck, her bir rozet \u00fczerinde zarif detaylar sergiliyor. Biraz daha geni\u015f olan 5,5 mm'lik bant, \u00e7i\u00e7ek dokusunu geli\u015ftirirken zanaatk\u00e2rlar\u0131n hassasiyet ve sanata olan ba\u011fl\u0131l\u0131\u011f\u0131n\u0131 sergileyen rahat bir uyum sunuyor.<\/p>\n<h3><strong>Stil:<\/strong><\/h3>\n<p>G\u00f6steri\u015fli bir par\u00e7adan ho\u015flananlar i\u00e7in m\u00fckemmel <strong>5,5 mm Rozet Band\u0131<\/strong> Karma\u015f\u0131k detaylar\u0131 kendinden emin bir profille dengeler. Hem geleneksel hem de modern g\u00f6r\u00fcn\u00fcmleri tamamlayan bu \u00fcr\u00fcn, g\u00fcnl\u00fck kullan\u0131m\u0131n yan\u0131 s\u0131ra anlaml\u0131 kutlamalar i\u00e7in de idealdir.<\/p>\n<p>&nbsp;<\/p>","protected":false},"excerpt":{"rendered":"<p>Bu <strong>22 Ayar G\u00fcndo\u011fumu Alt\u0131n Y\u00fcz\u00fck<\/strong> i\u00e7inde <strong>Boyut O<\/strong> ile <strong>5,5 mm geni\u015fli\u011finde bant<\/strong> bir \u015fey yok. <strong>Rozet Koleksiyonu<\/strong> \u00e7i\u00e7eklerden ilham alan sanat\u0131n rafine bir ifadesidir. Cesur ancak zarif profili, onu g\u00fcnl\u00fck kullan\u0131m ve \u00f6zel g\u00fcnler i\u00e7in \u00e7ok y\u00f6nl\u00fc bir par\u00e7a haline getirir.<\/p>\n<p><strong>Malzeme<\/strong>: 22ct Sunrise Alt\u0131n (91.6% saf alt\u0131n)<br \/>\n<strong>Hallmark<\/strong>: \u0130ngiliz Hallmark<br \/>\n<strong>A\u011f\u0131rl\u0131k Aral\u0131\u011f\u0131<\/strong>: 4.87 Gms<br \/>\n<strong>\u00c7i\u00e7ek geni\u015fli\u011fi<\/strong>: 5.5mm<br \/>\n<strong>Y\u00fcz\u00fck \u00d6l\u00e7\u00fcs\u00fc:<\/strong>\u00a0Farkl\u0131 boyutlarda mevcuttur<br \/>\n<strong>SKU:<\/strong> 50840<\/p>\n<p><strong>Fiyat ve Teslimat:<\/strong>\u00a0KDV ve teslimat \u00fccretleri dahil<br \/>\n<a href=\"https:\/\/www.purejewels.com\/tr\/i%cc%87ade-poli%cc%87ti%cc%87kasi\/\"><strong>\u0130ade Politikas\u0131<\/strong><\/a><\/p>","protected":false},"featured_media":364589,"comment_status":"closed","ping_status":"closed","template":"","meta":{"_eb_attr":"","_crsspst_to_jayantr4sg-hostcom":false},"product_brand":[],"product_cat":[1791,1559,1785,1793,5701,1790,1229,1235,1786,6156,1656,5276,1573,5349],"product_tag":[],"class_list":{"0":"post-369596","1":"product","2":"type-product","3":"status-publish","4":"has-post-thumbnail","6":"product_cat-anniversary-gifts","7":"product_cat-birthday-gifts","8":"product_cat-daily-wear-rings","9":"product_cat-diwali-gifts","10":"product_cat-eid-jewellery","11":"product_cat-for-whom-when","12":"product_cat-22ct-gold-jewellery","13":"product_cat-gold-rings","14":"product_cat-occasional-wear-rings","15":"product_cat-rosette-bands","16":"product_cat-rosettes-collections","17":"product_cat-rosettes-ring","18":"product_cat-wedding-gifts","19":"product_cat-yellow-gold-jewellery","21":"first","22":"outofstock","23":"taxable","24":"shipping-taxable","25":"product-type-simple","26":"add-to-wishlist-before_image"},"yoast_head":"<!-- This site is optimized with the Yoast SEO plugin v27.6 - https:\/\/yoast.com\/product\/yoast-seo-wordpress\/ -->\n<title>22ct Sunrise Gold Ring online at PureJewels UK<\/title>\n<meta name=\"description\" content=\"22ct Sunrise Gold ring from the Rosette Collection with artisanal craftsmanship. Perfect for those seeking timeless luxury. Shop now for free UK delivery.\" \/>\n<meta name=\"robots\" content=\"index, follow, max-snippet:-1, max-image-preview:large, max-video-preview:-1\" \/>\n<link rel=\"canonical\" href=\"https:\/\/www.purejewels.com\/tr\/urun\/22-ayar-gundogumu-altin-yuzuk-50840\/\" \/>\n<meta property=\"og:locale\" content=\"tr_TR\" \/>\n<meta property=\"og:type\" content=\"article\" \/>\n<meta property=\"og:title\" content=\"22ct Sunrise Gold Ring online at PureJewels UK\" \/>\n<meta property=\"og:description\" content=\"22ct Sunrise Gold ring from the Rosette Collection with artisanal craftsmanship. Perfect for those seeking timeless luxury. Shop now for free UK delivery.\" \/>\n<meta property=\"og:url\" content=\"https:\/\/www.purejewels.com\/tr\/urun\/22-ayar-gundogumu-altin-yuzuk-50840\/\" \/>\n<meta property=\"og:site_name\" content=\"PureJewels UK\" \/>\n<meta property=\"article:modified_time\" content=\"2026-02-09T05:41:33+00:00\" \/>\n<meta property=\"og:image\" content=\"https:\/\/static.purejewels.com\/wp-content\/uploads\/2022\/03\/48093.png\" \/>\n\t<meta property=\"og:image:width\" content=\"1000\" \/>\n\t<meta property=\"og:image:height\" content=\"1000\" \/>\n\t<meta property=\"og:image:type\" content=\"image\/png\" \/>\n<meta name=\"twitter:card\" content=\"summary_large_image\" \/>\n<meta name=\"twitter:label1\" content=\"Tahmini okuma s\u00fcresi\" \/>\n\t<meta name=\"twitter:data1\" content=\"1 dakika\" \/>\n<script type=\"application\/ld+json\" class=\"yoast-schema-graph\">{\"@context\":\"https:\\\/\\\/schema.org\",\"@graph\":[{\"@type\":[\"WebPage\",\"ItemPage\"],\"@id\":\"https:\\\/\\\/www.purejewels.com\\\/product\\\/22ct-sunrise-gold-ring-50840\\\/\",\"url\":\"https:\\\/\\\/www.purejewels.com\\\/product\\\/22ct-sunrise-gold-ring-50840\\\/\",\"name\":\"22ct Sunrise Gold Ring online at PureJewels UK\",\"isPartOf\":{\"@id\":\"https:\\\/\\\/www.purejewels.com\\\/#website\"},\"primaryImageOfPage\":{\"@id\":\"https:\\\/\\\/www.purejewels.com\\\/product\\\/22ct-sunrise-gold-ring-50840\\\/#primaryimage\"},\"image\":{\"@id\":\"https:\\\/\\\/www.purejewels.com\\\/product\\\/22ct-sunrise-gold-ring-50840\\\/#primaryimage\"},\"thumbnailUrl\":\"https:\\\/\\\/static.purejewels.com\\\/wp-content\\\/uploads\\\/2022\\\/03\\\/48093.png\",\"datePublished\":\"2024-07-14T11:11:07+00:00\",\"dateModified\":\"2026-02-09T05:41:33+00:00\",\"description\":\"22ct Sunrise Gold ring from the Rosette Collection with artisanal craftsmanship. Perfect for those seeking timeless luxury. Shop now for free UK delivery.\",\"breadcrumb\":{\"@id\":\"https:\\\/\\\/www.purejewels.com\\\/product\\\/22ct-sunrise-gold-ring-50840\\\/#breadcrumb\"},\"inLanguage\":\"tr\",\"potentialAction\":[{\"@type\":\"ReadAction\",\"target\":[\"https:\\\/\\\/www.purejewels.com\\\/product\\\/22ct-sunrise-gold-ring-50840\\\/\"]}]},{\"@type\":\"ImageObject\",\"inLanguage\":\"tr\",\"@id\":\"https:\\\/\\\/www.purejewels.com\\\/product\\\/22ct-sunrise-gold-ring-50840\\\/#primaryimage\",\"url\":\"https:\\\/\\\/static.purejewels.com\\\/wp-content\\\/uploads\\\/2022\\\/03\\\/48093.png\",\"contentUrl\":\"https:\\\/\\\/static.purejewels.com\\\/wp-content\\\/uploads\\\/2022\\\/03\\\/48093.png\",\"width\":1000,\"height\":1000,\"caption\":\"22ct Gold Band\"},{\"@type\":\"BreadcrumbList\",\"@id\":\"https:\\\/\\\/www.purejewels.com\\\/product\\\/22ct-sunrise-gold-ring-50840\\\/#breadcrumb\",\"itemListElement\":[{\"@type\":\"ListItem\",\"position\":1,\"name\":\"Home\",\"item\":\"https:\\\/\\\/www.purejewels.com\\\/\"},{\"@type\":\"ListItem\",\"position\":2,\"name\":\"Shop\",\"item\":\"https:\\\/\\\/www.purejewels.com\\\/shop\\\/\"},{\"@type\":\"ListItem\",\"position\":3,\"name\":\"22ct Sunrise Gold Ring | Size O | 5.5mm\"}]},{\"@type\":\"WebSite\",\"@id\":\"https:\\\/\\\/www.purejewels.com\\\/#website\",\"url\":\"https:\\\/\\\/www.purejewels.com\\\/\",\"name\":\"PureJewels UK\",\"description\":\"Share the Love\",\"publisher\":{\"@id\":\"https:\\\/\\\/www.purejewels.com\\\/#organization\"},\"potentialAction\":[{\"@type\":\"SearchAction\",\"target\":{\"@type\":\"EntryPoint\",\"urlTemplate\":\"https:\\\/\\\/www.purejewels.com\\\/?s={search_term_string}\"},\"query-input\":{\"@type\":\"PropertyValueSpecification\",\"valueRequired\":true,\"valueName\":\"search_term_string\"}}],\"inLanguage\":\"tr\"},{\"@type\":\"Organization\",\"@id\":\"https:\\\/\\\/www.purejewels.com\\\/#organization\",\"name\":\"PureJewels UK\",\"url\":\"https:\\\/\\\/www.purejewels.com\\\/\",\"logo\":{\"@type\":\"ImageObject\",\"inLanguage\":\"tr\",\"@id\":\"https:\\\/\\\/www.purejewels.com\\\/#\\\/schema\\\/logo\\\/image\\\/\",\"url\":\"https:\\\/\\\/static.purejewels.com\\\/wp-content\\\/uploads\\\/2020\\\/11\\\/Logo-PJ-New-1.png\",\"contentUrl\":\"https:\\\/\\\/static.purejewels.com\\\/wp-content\\\/uploads\\\/2020\\\/11\\\/Logo-PJ-New-1.png\",\"width\":150,\"height\":80,\"caption\":\"PureJewels UK\"},\"image\":{\"@id\":\"https:\\\/\\\/www.purejewels.com\\\/#\\\/schema\\\/logo\\\/image\\\/\"}}]}<\/script>\n<!-- \/ Yoast SEO plugin. -->","yoast_head_json":{"title":"22ct Sunrise Alt\u0131n Y\u00fcz\u00fck PureJewels UK'de online","description":"Rosette Koleksiyonu'ndan zanaatkar i\u015f\u00e7ili\u011fine sahip 22 ayar Sunrise Alt\u0131n y\u00fcz\u00fck. Zamans\u0131z l\u00fcks arayanlar i\u00e7in m\u00fckemmel. \u00dccretsiz \u0130ngiltere teslimat\u0131 i\u00e7in \u015fimdi al\u0131\u015fveri\u015f yap\u0131n.","robots":{"index":"index","follow":"follow","max-snippet":"max-snippet:-1","max-image-preview":"max-image-preview:large","max-video-preview":"max-video-preview:-1"},"canonical":"https:\/\/www.purejewels.com\/tr\/urun\/22-ayar-gundogumu-altin-yuzuk-50840\/","og_locale":"tr_TR","og_type":"article","og_title":"22ct Sunrise Gold Ring online at PureJewels UK","og_description":"22ct Sunrise Gold ring from the Rosette Collection with artisanal craftsmanship. Perfect for those seeking timeless luxury. Shop now for free UK delivery.","og_url":"https:\/\/www.purejewels.com\/tr\/urun\/22-ayar-gundogumu-altin-yuzuk-50840\/","og_site_name":"PureJewels UK","article_modified_time":"2026-02-09T05:41:33+00:00","og_image":[{"width":1000,"height":1000,"url":"https:\/\/static.purejewels.com\/wp-content\/uploads\/2022\/03\/48093.png","type":"image\/png"}],"twitter_card":"summary_large_image","twitter_misc":{"Tahmini okuma s\u00fcresi":"1 dakika"},"schema":{"@context":"https:\/\/schema.org","@graph":[{"@type":["WebPage","ItemPage"],"@id":"https:\/\/www.purejewels.com\/product\/22ct-sunrise-gold-ring-50840\/","url":"https:\/\/www.purejewels.com\/product\/22ct-sunrise-gold-ring-50840\/","name":"22ct Sunrise Alt\u0131n Y\u00fcz\u00fck PureJewels UK'de online","isPartOf":{"@id":"https:\/\/www.purejewels.com\/#website"},"primaryImageOfPage":{"@id":"https:\/\/www.purejewels.com\/product\/22ct-sunrise-gold-ring-50840\/#primaryimage"},"image":{"@id":"https:\/\/www.purejewels.com\/product\/22ct-sunrise-gold-ring-50840\/#primaryimage"},"thumbnailUrl":"https:\/\/static.purejewels.com\/wp-content\/uploads\/2022\/03\/48093.png","datePublished":"2024-07-14T11:11:07+00:00","dateModified":"2026-02-09T05:41:33+00:00","description":"Rosette Koleksiyonu'ndan zanaatkar i\u015f\u00e7ili\u011fine sahip 22 ayar Sunrise Alt\u0131n y\u00fcz\u00fck. Zamans\u0131z l\u00fcks arayanlar i\u00e7in m\u00fckemmel. \u00dccretsiz \u0130ngiltere teslimat\u0131 i\u00e7in \u015fimdi al\u0131\u015fveri\u015f yap\u0131n.","breadcrumb":{"@id":"https:\/\/www.purejewels.com\/product\/22ct-sunrise-gold-ring-50840\/#breadcrumb"},"inLanguage":"tr","potentialAction":[{"@type":"ReadAction","target":["https:\/\/www.purejewels.com\/product\/22ct-sunrise-gold-ring-50840\/"]}]},{"@type":"ImageObject","inLanguage":"tr","@id":"https:\/\/www.purejewels.com\/product\/22ct-sunrise-gold-ring-50840\/#primaryimage","url":"https:\/\/static.purejewels.com\/wp-content\/uploads\/2022\/03\/48093.png","contentUrl":"https:\/\/static.purejewels.com\/wp-content\/uploads\/2022\/03\/48093.png","width":1000,"height":1000,"caption":"22ct Gold Band"},{"@type":"BreadcrumbList","@id":"https:\/\/www.purejewels.com\/product\/22ct-sunrise-gold-ring-50840\/#breadcrumb","itemListElement":[{"@type":"ListItem","position":1,"name":"Home","item":"https:\/\/www.purejewels.com\/"},{"@type":"ListItem","position":2,"name":"Shop","item":"https:\/\/www.purejewels.com\/shop\/"},{"@type":"ListItem","position":3,"name":"22ct Sunrise Gold Ring | Size O | 5.5mm"}]},{"@type":"WebSite","@id":"https:\/\/www.purejewels.com\/#website","url":"https:\/\/www.purejewels.com\/","name":"PureJewels \u0130ngiltere","description":"Sevgiyi Payla\u015f\u0131n","publisher":{"@id":"https:\/\/www.purejewels.com\/#organization"},"potentialAction":[{"@type":"SearchAction","target":{"@type":"EntryPoint","urlTemplate":"https:\/\/www.purejewels.com\/?s={search_term_string}"},"query-input":{"@type":"PropertyValueSpecification","valueRequired":true,"valueName":"search_term_string"}}],"inLanguage":"tr"},{"@type":"Organization","@id":"https:\/\/www.purejewels.com\/#organization","name":"PureJewels \u0130ngiltere","url":"https:\/\/www.purejewels.com\/","logo":{"@type":"ImageObject","inLanguage":"tr","@id":"https:\/\/www.purejewels.com\/#\/schema\/logo\/image\/","url":"https:\/\/static.purejewels.com\/wp-content\/uploads\/2020\/11\/Logo-PJ-New-1.png","contentUrl":"https:\/\/static.purejewels.com\/wp-content\/uploads\/2020\/11\/Logo-PJ-New-1.png","width":150,"height":80,"caption":"PureJewels UK"},"image":{"@id":"https:\/\/www.purejewels.com\/#\/schema\/logo\/image\/"}}]}},"_links":{"self":[{"href":"https:\/\/www.purejewels.com\/tr\/wp-json\/wp\/v2\/product\/369596","targetHints":{"allow":["GET"]}}],"collection":[{"href":"https:\/\/www.purejewels.com\/tr\/wp-json\/wp\/v2\/product"}],"about":[{"href":"https:\/\/www.purejewels.com\/tr\/wp-json\/wp\/v2\/types\/product"}],"replies":[{"embeddable":true,"href":"https:\/\/www.purejewels.com\/tr\/wp-json\/wp\/v2\/comments?post=369596"}],"version-history":[{"count":4,"href":"https:\/\/www.purejewels.com\/tr\/wp-json\/wp\/v2\/product\/369596\/revisions"}],"predecessor-version":[{"id":417619,"href":"https:\/\/www.purejewels.com\/tr\/wp-json\/wp\/v2\/product\/369596\/revisions\/417619"}],"wp:featuredmedia":[{"embeddable":true,"href":"https:\/\/www.purejewels.com\/tr\/wp-json\/wp\/v2\/media\/364589"}],"wp:attachment":[{"href":"https:\/\/www.purejewels.com\/tr\/wp-json\/wp\/v2\/media?parent=369596"}],"wp:term":[{"taxonomy":"product_brand","embeddable":true,"href":"https:\/\/www.purejewels.com\/tr\/wp-json\/wp\/v2\/product_brand?post=369596"},{"taxonomy":"product_cat","embeddable":true,"href":"https:\/\/www.purejewels.com\/tr\/wp-json\/wp\/v2\/product_cat?post=369596"},{"taxonomy":"product_tag","embeddable":true,"href":"https:\/\/www.purejewels.com\/tr\/wp-json\/wp\/v2\/product_tag?post=369596"}],"curies":[{"name":"wp","href":"https:\/\/api.w.org\/{rel}","templated":true}]}}