{"id":369719,"date":"2024-07-16T07:52:50","date_gmt":"2024-07-16T06:52:50","guid":{"rendered":"https:\/\/www.purejewels.com\/?post_type=product&#038;p=369719"},"modified":"2026-01-07T06:42:04","modified_gmt":"2026-01-07T06:42:04","slug":"22-ayar-gundogumu-altin-yuzuk-i-beden-4mm-50221","status":"publish","type":"product","link":"https:\/\/www.purejewels.com\/tr\/product\/22ct-sunrise-gold-ring-size-i-4mm-50221\/","title":{"rendered":"22 Ayar G\u00fcndo\u011fumu Alt\u0131n Y\u00fcz\u00fck | I Beden | 4,5 mm"},"content":{"rendered":"<p>\u00c7arp\u0131c\u0131 \u00fcr\u00fcn\u00fcm\u00fczle tan\u0131\u015f\u0131n <a href=\"https:\/\/www.purejewels.com\/tr\/product\/22ct-gold-jali-filigree-ring-jali-collection-31926\/\">22ct<\/a> G\u00fcndo\u011fumu <a href=\"https:\/\/www.purejewels.com\/tr\/product\/22-carat-gold-ring-size-o-46768\/\">Alt\u0131n Y\u00fcz\u00fck<\/a> bir \u015fey yok. <a href=\"https:\/\/www.purejewels.com\/tr\/a-guide-to-die-stamping\/\">Rozet Koleksiyonu<\/a>. En kaliteli alt\u0131ndan \u00fcretilen ve 4,5 mm'lik bir bantla tasarlanan bu zarif y\u00fcz\u00fck, g\u00fcnl\u00fck g\u00f6r\u00fcn\u00fcm\u00fcn\u00fcze l\u00fcks bir dokunu\u015f katmak i\u00e7in m\u00fckemmeldir. G\u00fcn do\u011fumu tasar\u0131m\u0131, klasik bir par\u00e7aya benzersiz bir dokunu\u015f katarak onu m\u00fccevher koleksiyonunuza \u00e7arp\u0131c\u0131 bir eklenti haline getirir. I beden olarak sunulan bu y\u00fcz\u00fc\u011f\u00fcn nereye giderseniz gidin fark yarataca\u011f\u0131ndan emin olabilirsiniz. G\u00fcne\u015f gibi par\u0131ldaman\u0131z\u0131 sa\u011flayacak bu g\u00fczel ve zamans\u0131z par\u00e7a ile stilinizi y\u00fckseltin.<\/p>","protected":false},"excerpt":{"rendered":"<table>\n<tbody>\n<tr>\n<td>Y\u00fcz\u00fck Tipi<\/td>\n<td>G\u00fcn Do\u011fumu Alt\u0131n Y\u00fcz\u00fck<\/td>\n<\/tr>\n<tr>\n<td>SKU<\/td>\n<td>50221<\/td>\n<\/tr>\n<tr>\n<td>A\u011f\u0131rl\u0131k<\/td>\n<td>3,2 gms<\/td>\n<\/tr>\n<tr>\n<td>Y\u00fcz\u00fck \u00d6l\u00e7\u00fcs\u00fc<\/td>\n<td>I<\/td>\n<\/tr>\n<tr>\n<td>Geni\u015flik<\/td>\n<td>4,5 mm<\/td>\n<\/tr>\n<tr>\n<td>Metal<\/td>\n<td>22 Ayar G\u00fcndo\u011fumu Alt\u0131n<\/td>\n<\/tr>\n<tr>\n<td>Koleksiyon<\/td>\n<td>Rozet Koleksiyonu<\/td>\n<\/tr>\n<tr>\n<td>\u00dccretler<\/td>\n<td>Teslimat ve KDV Dahil<\/td>\n<\/tr>\n<tr>\n<td>Paketleme<\/td>\n<td>Sunum Kutusu ile Birlikte Gelir<\/td>\n<\/tr>\n<tr>\n<td>Daha Fazla Bilgi<\/td>\n<td>M\u00fcsaitlik durumu ve daha fazla resim i\u00e7in bizimle canl\u0131 sohbet edin<\/td>\n<\/tr>\n<\/tbody>\n<\/table>","protected":false},"featured_media":364589,"comment_status":"closed","ping_status":"closed","template":"","meta":{"_eb_attr":"","_crsspst_to_jayantr4sg-hostcom":false},"product_brand":[],"product_cat":[1791,1229,1783,1786,6156,1656,5276],"product_tag":[],"class_list":{"0":"post-369719","1":"product","2":"type-product","3":"status-publish","4":"has-post-thumbnail","6":"product_cat-anniversary-gifts","7":"product_cat-22ct-gold-jewellery","8":"product_cat-ladies-rings","9":"product_cat-occasional-wear-rings","10":"product_cat-rosette-bands","11":"product_cat-rosettes-collections","12":"product_cat-rosettes-ring","14":"first","15":"outofstock","16":"taxable","17":"shipping-taxable","18":"product-type-simple","19":"add-to-wishlist-before_image"},"yoast_head":"<!-- This site is optimized with the Yoast SEO plugin v27.3 - https:\/\/yoast.com\/product\/yoast-seo-wordpress\/ -->\n<title>22ct Sunrise Gold Ladies Ring online at PureJewels UK<\/title>\n<meta name=\"description\" content=\"The 22ct Sunrise Gold Band from the Rosette Collection combines timeless elegance with artisanal craftsmanship. Free delivery across the UK.\" \/>\n<meta name=\"robots\" content=\"index, follow, max-snippet:-1, max-image-preview:large, max-video-preview:-1\" \/>\n<link rel=\"canonical\" href=\"https:\/\/www.purejewels.com\/tr\/urun\/22-ayar-gundogumu-altin-yuzuk-i-beden-4mm-50221\/\" \/>\n<meta property=\"og:locale\" content=\"tr_TR\" \/>\n<meta property=\"og:type\" content=\"article\" \/>\n<meta property=\"og:title\" content=\"22ct Sunrise Gold Ladies Ring online at PureJewels UK\" \/>\n<meta property=\"og:description\" content=\"The 22ct Sunrise Gold Band from the Rosette Collection combines timeless elegance with artisanal craftsmanship. Free delivery across the UK.\" \/>\n<meta property=\"og:url\" content=\"https:\/\/www.purejewels.com\/tr\/urun\/22-ayar-gundogumu-altin-yuzuk-i-beden-4mm-50221\/\" \/>\n<meta property=\"og:site_name\" content=\"PureJewels UK\" \/>\n<meta property=\"article:modified_time\" content=\"2026-01-07T06:42:04+00:00\" \/>\n<meta property=\"og:image\" content=\"https:\/\/www.purejewels.com\/wp-content\/uploads\/2022\/03\/48093.png\" \/>\n\t<meta property=\"og:image:width\" content=\"1000\" \/>\n\t<meta property=\"og:image:height\" content=\"1000\" \/>\n\t<meta property=\"og:image:type\" content=\"image\/png\" \/>\n<meta name=\"twitter:card\" content=\"summary_large_image\" \/>\n<script type=\"application\/ld+json\" class=\"yoast-schema-graph\">{\"@context\":\"https:\\\/\\\/schema.org\",\"@graph\":[{\"@type\":[\"WebPage\",\"ItemPage\"],\"@id\":\"https:\\\/\\\/www.purejewels.com\\\/product\\\/22ct-sunrise-gold-ring-size-i-4mm-50221\\\/\",\"url\":\"https:\\\/\\\/www.purejewels.com\\\/product\\\/22ct-sunrise-gold-ring-size-i-4mm-50221\\\/\",\"name\":\"22ct Sunrise Gold Ladies Ring online at PureJewels UK\",\"isPartOf\":{\"@id\":\"https:\\\/\\\/www.purejewels.com\\\/#website\"},\"primaryImageOfPage\":{\"@id\":\"https:\\\/\\\/www.purejewels.com\\\/product\\\/22ct-sunrise-gold-ring-size-i-4mm-50221\\\/#primaryimage\"},\"image\":{\"@id\":\"https:\\\/\\\/www.purejewels.com\\\/product\\\/22ct-sunrise-gold-ring-size-i-4mm-50221\\\/#primaryimage\"},\"thumbnailUrl\":\"https:\\\/\\\/static.purejewels.com\\\/wp-content\\\/uploads\\\/2022\\\/03\\\/48093.png\",\"datePublished\":\"2024-07-16T06:52:50+00:00\",\"dateModified\":\"2026-01-07T06:42:04+00:00\",\"description\":\"The 22ct Sunrise Gold Band from the Rosette Collection combines timeless elegance with artisanal craftsmanship. Free delivery across the UK.\",\"breadcrumb\":{\"@id\":\"https:\\\/\\\/www.purejewels.com\\\/product\\\/22ct-sunrise-gold-ring-size-i-4mm-50221\\\/#breadcrumb\"},\"inLanguage\":\"tr\",\"potentialAction\":[{\"@type\":\"ReadAction\",\"target\":[\"https:\\\/\\\/www.purejewels.com\\\/product\\\/22ct-sunrise-gold-ring-size-i-4mm-50221\\\/\"]}]},{\"@type\":\"ImageObject\",\"inLanguage\":\"tr\",\"@id\":\"https:\\\/\\\/www.purejewels.com\\\/product\\\/22ct-sunrise-gold-ring-size-i-4mm-50221\\\/#primaryimage\",\"url\":\"https:\\\/\\\/static.purejewels.com\\\/wp-content\\\/uploads\\\/2022\\\/03\\\/48093.png\",\"contentUrl\":\"https:\\\/\\\/static.purejewels.com\\\/wp-content\\\/uploads\\\/2022\\\/03\\\/48093.png\",\"width\":1000,\"height\":1000,\"caption\":\"22ct Gold Band\"},{\"@type\":\"BreadcrumbList\",\"@id\":\"https:\\\/\\\/www.purejewels.com\\\/product\\\/22ct-sunrise-gold-ring-size-i-4mm-50221\\\/#breadcrumb\",\"itemListElement\":[{\"@type\":\"ListItem\",\"position\":1,\"name\":\"Home\",\"item\":\"https:\\\/\\\/www.purejewels.com\\\/\"},{\"@type\":\"ListItem\",\"position\":2,\"name\":\"Shop\",\"item\":\"https:\\\/\\\/www.purejewels.com\\\/shop\\\/\"},{\"@type\":\"ListItem\",\"position\":3,\"name\":\"22ct Sunrise Gold Ring | Size I | 4.5mm\"}]},{\"@type\":\"WebSite\",\"@id\":\"https:\\\/\\\/www.purejewels.com\\\/#website\",\"url\":\"https:\\\/\\\/www.purejewels.com\\\/\",\"name\":\"PureJewels UK\",\"description\":\"Share the Love\",\"publisher\":{\"@id\":\"https:\\\/\\\/www.purejewels.com\\\/#organization\"},\"potentialAction\":[{\"@type\":\"SearchAction\",\"target\":{\"@type\":\"EntryPoint\",\"urlTemplate\":\"https:\\\/\\\/www.purejewels.com\\\/?s={search_term_string}\"},\"query-input\":{\"@type\":\"PropertyValueSpecification\",\"valueRequired\":true,\"valueName\":\"search_term_string\"}}],\"inLanguage\":\"tr\"},{\"@type\":\"Organization\",\"@id\":\"https:\\\/\\\/www.purejewels.com\\\/#organization\",\"name\":\"PureJewels UK\",\"url\":\"https:\\\/\\\/www.purejewels.com\\\/\",\"logo\":{\"@type\":\"ImageObject\",\"inLanguage\":\"tr\",\"@id\":\"https:\\\/\\\/www.purejewels.com\\\/#\\\/schema\\\/logo\\\/image\\\/\",\"url\":\"https:\\\/\\\/static.purejewels.com\\\/wp-content\\\/uploads\\\/2020\\\/11\\\/Logo-PJ-New-1.png\",\"contentUrl\":\"https:\\\/\\\/static.purejewels.com\\\/wp-content\\\/uploads\\\/2020\\\/11\\\/Logo-PJ-New-1.png\",\"width\":150,\"height\":80,\"caption\":\"PureJewels UK\"},\"image\":{\"@id\":\"https:\\\/\\\/www.purejewels.com\\\/#\\\/schema\\\/logo\\\/image\\\/\"}}]}<\/script>\n<!-- \/ Yoast SEO plugin. -->","yoast_head_json":{"title":"22ct Sunrise Alt\u0131n Bayan Y\u00fcz\u00fck PureJewels UK'de online","description":"Rosette Koleksiyonu'ndan 22 ayar Sunrise Alt\u0131n Kordon, zamans\u0131z zarafeti zanaatkar i\u015f\u00e7ili\u011fiyle birle\u015ftiriyor. Birle\u015fik Krall\u0131k genelinde \u00fccretsiz teslimat.","robots":{"index":"index","follow":"follow","max-snippet":"max-snippet:-1","max-image-preview":"max-image-preview:large","max-video-preview":"max-video-preview:-1"},"canonical":"https:\/\/www.purejewels.com\/tr\/urun\/22-ayar-gundogumu-altin-yuzuk-i-beden-4mm-50221\/","og_locale":"tr_TR","og_type":"article","og_title":"22ct Sunrise Gold Ladies Ring online at PureJewels UK","og_description":"The 22ct Sunrise Gold Band from the Rosette Collection combines timeless elegance with artisanal craftsmanship. Free delivery across the UK.","og_url":"https:\/\/www.purejewels.com\/tr\/urun\/22-ayar-gundogumu-altin-yuzuk-i-beden-4mm-50221\/","og_site_name":"PureJewels UK","article_modified_time":"2026-01-07T06:42:04+00:00","og_image":[{"width":1000,"height":1000,"url":"https:\/\/www.purejewels.com\/wp-content\/uploads\/2022\/03\/48093.png","type":"image\/png"}],"twitter_card":"summary_large_image","schema":{"@context":"https:\/\/schema.org","@graph":[{"@type":["WebPage","ItemPage"],"@id":"https:\/\/www.purejewels.com\/product\/22ct-sunrise-gold-ring-size-i-4mm-50221\/","url":"https:\/\/www.purejewels.com\/product\/22ct-sunrise-gold-ring-size-i-4mm-50221\/","name":"22ct Sunrise Alt\u0131n Bayan Y\u00fcz\u00fck PureJewels UK'de online","isPartOf":{"@id":"https:\/\/www.purejewels.com\/#website"},"primaryImageOfPage":{"@id":"https:\/\/www.purejewels.com\/product\/22ct-sunrise-gold-ring-size-i-4mm-50221\/#primaryimage"},"image":{"@id":"https:\/\/www.purejewels.com\/product\/22ct-sunrise-gold-ring-size-i-4mm-50221\/#primaryimage"},"thumbnailUrl":"https:\/\/static.purejewels.com\/wp-content\/uploads\/2022\/03\/48093.png","datePublished":"2024-07-16T06:52:50+00:00","dateModified":"2026-01-07T06:42:04+00:00","description":"Rosette Koleksiyonu'ndan 22 ayar Sunrise Alt\u0131n Kordon, zamans\u0131z zarafeti zanaatkar i\u015f\u00e7ili\u011fiyle birle\u015ftiriyor. Birle\u015fik Krall\u0131k genelinde \u00fccretsiz teslimat.","breadcrumb":{"@id":"https:\/\/www.purejewels.com\/product\/22ct-sunrise-gold-ring-size-i-4mm-50221\/#breadcrumb"},"inLanguage":"tr","potentialAction":[{"@type":"ReadAction","target":["https:\/\/www.purejewels.com\/product\/22ct-sunrise-gold-ring-size-i-4mm-50221\/"]}]},{"@type":"ImageObject","inLanguage":"tr","@id":"https:\/\/www.purejewels.com\/product\/22ct-sunrise-gold-ring-size-i-4mm-50221\/#primaryimage","url":"https:\/\/static.purejewels.com\/wp-content\/uploads\/2022\/03\/48093.png","contentUrl":"https:\/\/static.purejewels.com\/wp-content\/uploads\/2022\/03\/48093.png","width":1000,"height":1000,"caption":"22ct Gold Band"},{"@type":"BreadcrumbList","@id":"https:\/\/www.purejewels.com\/product\/22ct-sunrise-gold-ring-size-i-4mm-50221\/#breadcrumb","itemListElement":[{"@type":"ListItem","position":1,"name":"Home","item":"https:\/\/www.purejewels.com\/"},{"@type":"ListItem","position":2,"name":"Shop","item":"https:\/\/www.purejewels.com\/shop\/"},{"@type":"ListItem","position":3,"name":"22ct Sunrise Gold Ring | Size I | 4.5mm"}]},{"@type":"WebSite","@id":"https:\/\/www.purejewels.com\/#website","url":"https:\/\/www.purejewels.com\/","name":"PureJewels \u0130ngiltere","description":"Sevgiyi Payla\u015f\u0131n","publisher":{"@id":"https:\/\/www.purejewels.com\/#organization"},"potentialAction":[{"@type":"SearchAction","target":{"@type":"EntryPoint","urlTemplate":"https:\/\/www.purejewels.com\/?s={search_term_string}"},"query-input":{"@type":"PropertyValueSpecification","valueRequired":true,"valueName":"search_term_string"}}],"inLanguage":"tr"},{"@type":"Organization","@id":"https:\/\/www.purejewels.com\/#organization","name":"PureJewels \u0130ngiltere","url":"https:\/\/www.purejewels.com\/","logo":{"@type":"ImageObject","inLanguage":"tr","@id":"https:\/\/www.purejewels.com\/#\/schema\/logo\/image\/","url":"https:\/\/static.purejewels.com\/wp-content\/uploads\/2020\/11\/Logo-PJ-New-1.png","contentUrl":"https:\/\/static.purejewels.com\/wp-content\/uploads\/2020\/11\/Logo-PJ-New-1.png","width":150,"height":80,"caption":"PureJewels UK"},"image":{"@id":"https:\/\/www.purejewels.com\/#\/schema\/logo\/image\/"}}]}},"_links":{"self":[{"href":"https:\/\/www.purejewels.com\/tr\/wp-json\/wp\/v2\/product\/369719","targetHints":{"allow":["GET"]}}],"collection":[{"href":"https:\/\/www.purejewels.com\/tr\/wp-json\/wp\/v2\/product"}],"about":[{"href":"https:\/\/www.purejewels.com\/tr\/wp-json\/wp\/v2\/types\/product"}],"replies":[{"embeddable":true,"href":"https:\/\/www.purejewels.com\/tr\/wp-json\/wp\/v2\/comments?post=369719"}],"version-history":[{"count":4,"href":"https:\/\/www.purejewels.com\/tr\/wp-json\/wp\/v2\/product\/369719\/revisions"}],"predecessor-version":[{"id":394319,"href":"https:\/\/www.purejewels.com\/tr\/wp-json\/wp\/v2\/product\/369719\/revisions\/394319"}],"wp:featuredmedia":[{"embeddable":true,"href":"https:\/\/www.purejewels.com\/tr\/wp-json\/wp\/v2\/media\/364589"}],"wp:attachment":[{"href":"https:\/\/www.purejewels.com\/tr\/wp-json\/wp\/v2\/media?parent=369719"}],"wp:term":[{"taxonomy":"product_brand","embeddable":true,"href":"https:\/\/www.purejewels.com\/tr\/wp-json\/wp\/v2\/product_brand?post=369719"},{"taxonomy":"product_cat","embeddable":true,"href":"https:\/\/www.purejewels.com\/tr\/wp-json\/wp\/v2\/product_cat?post=369719"},{"taxonomy":"product_tag","embeddable":true,"href":"https:\/\/www.purejewels.com\/tr\/wp-json\/wp\/v2\/product_tag?post=369719"}],"curies":[{"name":"wp","href":"https:\/\/api.w.org\/{rel}","templated":true}]}}