{"id":369998,"date":"2024-08-20T12:47:42","date_gmt":"2024-08-20T11:47:42","guid":{"rendered":"https:\/\/www.purejewels.com\/?post_type=product&#038;p=369998"},"modified":"2026-02-02T09:07:58","modified_gmt":"2026-02-02T09:07:58","slug":"rozet-22-ayar-gundogumu-altin-kare-saplama-capi-14mm-49238","status":"publish","type":"product","link":"https:\/\/www.purejewels.com\/tr\/product\/rosette-22ct-sunrise-gold-square-stud-diameter-14mm-49238\/","title":{"rendered":"Rozet 22 Ayar G\u00fcndo\u011fumu Alt\u0131n Kare Saplama | 14mm"},"content":{"rendered":"<ul>\n<li><strong>SKU:<\/strong>49238<\/li>\n<li><strong>Menzil kimli\u011fi:<\/strong>SGERSTRS040<\/li>\n<\/ul>\n<p>Zarif \u00fcr\u00fcnlerimizle zamans\u0131z \u015f\u0131kl\u0131\u011f\u0131 ke\u015ffedin <a href=\"https:\/\/www.purejewels.com\/tr\/product\/22ct-gold-jali-filigree-ring-jali-collection-31926\/\">22ct<\/a> G\u00fcndo\u011fumu Alt\u0131n Meydan\u0131 <a href=\"https:\/\/www.purejewels.com\/tr\/product\/22ct-gold-antique-finish-studs-armari-collection-6mm-49588\/\">Saplama K\u00fcpeler<\/a>. <span class=\"citation-0 recitation citation-end-0\">Hassas bir i\u015f\u00e7ilikle \u00fcretilen ve narin bir rozet tasar\u0131m\u0131yla s\u00fcslenen 14 mm \u00e7ap\u0131ndaki bu k\u00fcpeler s\u0131cak ve b\u00fcy\u00fcleyici bir \u0131\u015f\u0131lt\u0131 yayar.<\/span><\/p>\n<p data-sourcepos=\"7:1-7:329\"><span class=\"citation-2 recitation citation-end-2\">Hem konfor hem de stil i\u00e7in tasarlanan bu k\u00fcpeler hafif yap\u0131dad\u0131r.<\/span> <span class=\"citation-3 recitation citation-end-3\">G\u00fcnl\u00fck kullan\u0131m veya \u00f6zel g\u00fcnler i\u00e7in m\u00fckemmel olan bu \u00fcr\u00fcnler, kendiniz veya sevdi\u011finiz biri i\u00e7in \u00e7arp\u0131c\u0131 bir hediye olabilir.<\/span> Saf alt\u0131n\u0131n cazibesi ile stilinizi y\u00fckseltin <a href=\"https:\/\/www.purejewels.com\/tr\/a-guide-to-die-stamping\/\">Rozet koleksiyonu<\/a>.<span class=\"button-container ng-star-inserted\"> \u00a0<\/span><\/p>","protected":false},"excerpt":{"rendered":"<table class=\"sh_desc\">\n<tbody>\n<tr>\n<td>K\u00fcpe T\u00fcr\u00fc<\/td>\n<td>Saplama K\u00fcpe<\/td>\n<\/tr>\n<tr>\n<td>SKU<\/td>\n<td>49238<\/td>\n<\/tr>\n<tr>\n<td>A\u011f\u0131rl\u0131k<\/td>\n<td>4.5 gram<\/td>\n<\/tr>\n<tr>\n<td>\u00c7ap<\/td>\n<td>14 mm<\/td>\n<\/tr>\n<tr>\n<td>Metal<\/td>\n<td>22 Ayar G\u00fcndo\u011fumu Alt\u0131n<\/td>\n<\/tr>\n<tr>\n<td>Koleksiyon<\/td>\n<td>Rozet Koleksiyonu<\/td>\n<\/tr>\n<tr>\n<td>\u00dccretler<\/td>\n<td>Teslimat ve KDV Dahil<\/td>\n<\/tr>\n<tr>\n<td>Paketleme<\/td>\n<td>Sunum Kutusu ile Birlikte Gelir<\/td>\n<\/tr>\n<tr>\n<td>Daha Fazla Bilgi<\/td>\n<td>M\u00fcsaitlik durumu ve daha fazla resim i\u00e7in bizimle canl\u0131 sohbet edin<\/td>\n<\/tr>\n<\/tbody>\n<\/table>","protected":false},"featured_media":370001,"comment_status":"closed","ping_status":"closed","template":"","meta":{"_eb_attr":"","_crsspst_to_jayantr4sg-hostcom":false},"product_brand":[],"product_cat":[1791,1559,236,1790,1254,1229,5347,6146,1656,5274,5353,1577,1573,1574,5349],"product_tag":[5841],"class_list":{"0":"post-369998","1":"product","2":"type-product","3":"status-publish","4":"has-post-thumbnail","6":"product_cat-anniversary-gifts","7":"product_cat-birthday-gifts","8":"product_cat-collections","9":"product_cat-for-whom-when","10":"product_cat-gold-earrings","11":"product_cat-22ct-gold-jewellery","12":"product_cat-shop-by-metal","13":"product_cat-rosette-stud","14":"product_cat-rosettes-collections","15":"product_cat-rosettes-earring","16":"product_cat-shop-by","17":"product_cat-stud-earrings","18":"product_cat-wedding-gifts","19":"product_cat-womens-jewellery","20":"product_cat-yellow-gold-jewellery","21":"product_tag-22ct-gold-stud-earrings","23":"first","24":"onbackorder","25":"taxable","26":"shipping-taxable","27":"purchasable","28":"product-type-simple","29":"add-to-wishlist-before_image"},"yoast_head":"<!-- This site is optimized with the Yoast SEO plugin v27.5 - https:\/\/yoast.com\/product\/yoast-seo-wordpress\/ -->\n<title>22ct Sunrise Gold Square Studs - Pure Elegance | PureJewels UK<\/title>\n<meta name=\"description\" content=\"Add a touch of glamour with our 22ct Sunrise Gold 26.3mm gold flower stud jewellery. Shine bright with our delicate gold studs. Shop PureJewels UK now!\" \/>\n<meta name=\"robots\" content=\"index, follow, max-snippet:-1, max-image-preview:large, max-video-preview:-1\" \/>\n<link rel=\"canonical\" href=\"https:\/\/www.purejewels.com\/tr\/urun\/rozet-22-ayar-gundogumu-altin-kare-saplama-capi-14mm-49238\/\" \/>\n<meta property=\"og:locale\" content=\"tr_TR\" \/>\n<meta property=\"og:type\" content=\"article\" \/>\n<meta property=\"og:title\" content=\"22ct Sunrise Gold Square Studs - Pure Elegance | PureJewels UK\" \/>\n<meta property=\"og:description\" content=\"Add a touch of glamour with our 22ct Sunrise Gold 26.3mm gold flower stud jewellery. Shine bright with our delicate gold studs. Shop PureJewels UK now!\" \/>\n<meta property=\"og:url\" content=\"https:\/\/www.purejewels.com\/tr\/urun\/rozet-22-ayar-gundogumu-altin-kare-saplama-capi-14mm-49238\/\" \/>\n<meta property=\"og:site_name\" content=\"PureJewels UK\" \/>\n<meta property=\"article:modified_time\" content=\"2026-02-02T09:07:58+00:00\" \/>\n<meta property=\"og:image\" content=\"https:\/\/static.purejewels.com\/wp-content\/uploads\/2024\/08\/image-1.png\" \/>\n\t<meta property=\"og:image:width\" content=\"1000\" \/>\n\t<meta property=\"og:image:height\" content=\"1000\" \/>\n\t<meta property=\"og:image:type\" content=\"image\/png\" \/>\n<meta name=\"twitter:card\" content=\"summary_large_image\" \/>\n<meta name=\"twitter:label1\" content=\"Tahmini okuma s\u00fcresi\" \/>\n\t<meta name=\"twitter:data1\" content=\"1 dakika\" \/>\n<script type=\"application\/ld+json\" class=\"yoast-schema-graph\">{\"@context\":\"https:\\\/\\\/schema.org\",\"@graph\":[{\"@type\":[\"WebPage\",\"ItemPage\"],\"@id\":\"https:\\\/\\\/www.purejewels.com\\\/product\\\/rosette-22ct-sunrise-gold-square-stud-diameter-14mm-49238\\\/\",\"url\":\"https:\\\/\\\/www.purejewels.com\\\/product\\\/rosette-22ct-sunrise-gold-square-stud-diameter-14mm-49238\\\/\",\"name\":\"22ct Sunrise Gold Square Studs - Pure Elegance | PureJewels UK\",\"isPartOf\":{\"@id\":\"https:\\\/\\\/www.purejewels.com\\\/#website\"},\"primaryImageOfPage\":{\"@id\":\"https:\\\/\\\/www.purejewels.com\\\/product\\\/rosette-22ct-sunrise-gold-square-stud-diameter-14mm-49238\\\/#primaryimage\"},\"image\":{\"@id\":\"https:\\\/\\\/www.purejewels.com\\\/product\\\/rosette-22ct-sunrise-gold-square-stud-diameter-14mm-49238\\\/#primaryimage\"},\"thumbnailUrl\":\"https:\\\/\\\/static.purejewels.com\\\/wp-content\\\/uploads\\\/2024\\\/08\\\/image-1.png\",\"datePublished\":\"2024-08-20T11:47:42+00:00\",\"dateModified\":\"2026-02-02T09:07:58+00:00\",\"description\":\"Add a touch of glamour with our 22ct Sunrise Gold 26.3mm gold flower stud jewellery. Shine bright with our delicate gold studs. Shop PureJewels UK now!\",\"breadcrumb\":{\"@id\":\"https:\\\/\\\/www.purejewels.com\\\/product\\\/rosette-22ct-sunrise-gold-square-stud-diameter-14mm-49238\\\/#breadcrumb\"},\"inLanguage\":\"tr\",\"potentialAction\":[{\"@type\":\"ReadAction\",\"target\":[\"https:\\\/\\\/www.purejewels.com\\\/product\\\/rosette-22ct-sunrise-gold-square-stud-diameter-14mm-49238\\\/\"]}]},{\"@type\":\"ImageObject\",\"inLanguage\":\"tr\",\"@id\":\"https:\\\/\\\/www.purejewels.com\\\/product\\\/rosette-22ct-sunrise-gold-square-stud-diameter-14mm-49238\\\/#primaryimage\",\"url\":\"https:\\\/\\\/static.purejewels.com\\\/wp-content\\\/uploads\\\/2024\\\/08\\\/image-1.png\",\"contentUrl\":\"https:\\\/\\\/static.purejewels.com\\\/wp-content\\\/uploads\\\/2024\\\/08\\\/image-1.png\",\"width\":1000,\"height\":1000},{\"@type\":\"BreadcrumbList\",\"@id\":\"https:\\\/\\\/www.purejewels.com\\\/product\\\/rosette-22ct-sunrise-gold-square-stud-diameter-14mm-49238\\\/#breadcrumb\",\"itemListElement\":[{\"@type\":\"ListItem\",\"position\":1,\"name\":\"Home\",\"item\":\"https:\\\/\\\/www.purejewels.com\\\/\"},{\"@type\":\"ListItem\",\"position\":2,\"name\":\"Shop\",\"item\":\"https:\\\/\\\/www.purejewels.com\\\/shop\\\/\"},{\"@type\":\"ListItem\",\"position\":3,\"name\":\"Rosette 22ct Sunrise Gold Square Stud | 14mm\"}]},{\"@type\":\"WebSite\",\"@id\":\"https:\\\/\\\/www.purejewels.com\\\/#website\",\"url\":\"https:\\\/\\\/www.purejewels.com\\\/\",\"name\":\"PureJewels UK\",\"description\":\"Share the Love\",\"publisher\":{\"@id\":\"https:\\\/\\\/www.purejewels.com\\\/#organization\"},\"potentialAction\":[{\"@type\":\"SearchAction\",\"target\":{\"@type\":\"EntryPoint\",\"urlTemplate\":\"https:\\\/\\\/www.purejewels.com\\\/?s={search_term_string}\"},\"query-input\":{\"@type\":\"PropertyValueSpecification\",\"valueRequired\":true,\"valueName\":\"search_term_string\"}}],\"inLanguage\":\"tr\"},{\"@type\":\"Organization\",\"@id\":\"https:\\\/\\\/www.purejewels.com\\\/#organization\",\"name\":\"PureJewels UK\",\"url\":\"https:\\\/\\\/www.purejewels.com\\\/\",\"logo\":{\"@type\":\"ImageObject\",\"inLanguage\":\"tr\",\"@id\":\"https:\\\/\\\/www.purejewels.com\\\/#\\\/schema\\\/logo\\\/image\\\/\",\"url\":\"https:\\\/\\\/static.purejewels.com\\\/wp-content\\\/uploads\\\/2020\\\/11\\\/Logo-PJ-New-1.png\",\"contentUrl\":\"https:\\\/\\\/static.purejewels.com\\\/wp-content\\\/uploads\\\/2020\\\/11\\\/Logo-PJ-New-1.png\",\"width\":150,\"height\":80,\"caption\":\"PureJewels UK\"},\"image\":{\"@id\":\"https:\\\/\\\/www.purejewels.com\\\/#\\\/schema\\\/logo\\\/image\\\/\"}}]}<\/script>\n<!-- \/ Yoast SEO plugin. -->","yoast_head_json":{"title":"22 Ayar G\u00fcndo\u011fumu Alt\u0131n Kare \u00c7\u0131t\u00e7\u0131t - Pure Elegance | PureJewels UK","description":"22ct Sunrise Gold 26.3mm alt\u0131n \u00e7i\u00e7ek saplama tak\u0131lar\u0131m\u0131zla ihti\u015faml\u0131 bir dokunu\u015f kat\u0131n. Zarif alt\u0131n \u00e7\u0131t\u00e7\u0131tlar\u0131m\u0131zla \u0131\u015f\u0131lday\u0131n. \u015eimdi PureJewels UK'den al\u0131\u015fveri\u015f yap\u0131n!","robots":{"index":"index","follow":"follow","max-snippet":"max-snippet:-1","max-image-preview":"max-image-preview:large","max-video-preview":"max-video-preview:-1"},"canonical":"https:\/\/www.purejewels.com\/tr\/urun\/rozet-22-ayar-gundogumu-altin-kare-saplama-capi-14mm-49238\/","og_locale":"tr_TR","og_type":"article","og_title":"22ct Sunrise Gold Square Studs - Pure Elegance | PureJewels UK","og_description":"Add a touch of glamour with our 22ct Sunrise Gold 26.3mm gold flower stud jewellery. Shine bright with our delicate gold studs. Shop PureJewels UK now!","og_url":"https:\/\/www.purejewels.com\/tr\/urun\/rozet-22-ayar-gundogumu-altin-kare-saplama-capi-14mm-49238\/","og_site_name":"PureJewels UK","article_modified_time":"2026-02-02T09:07:58+00:00","og_image":[{"width":1000,"height":1000,"url":"https:\/\/static.purejewels.com\/wp-content\/uploads\/2024\/08\/image-1.png","type":"image\/png"}],"twitter_card":"summary_large_image","twitter_misc":{"Tahmini okuma s\u00fcresi":"1 dakika"},"schema":{"@context":"https:\/\/schema.org","@graph":[{"@type":["WebPage","ItemPage"],"@id":"https:\/\/www.purejewels.com\/product\/rosette-22ct-sunrise-gold-square-stud-diameter-14mm-49238\/","url":"https:\/\/www.purejewels.com\/product\/rosette-22ct-sunrise-gold-square-stud-diameter-14mm-49238\/","name":"22 Ayar G\u00fcndo\u011fumu Alt\u0131n Kare \u00c7\u0131t\u00e7\u0131t - Pure Elegance | PureJewels UK","isPartOf":{"@id":"https:\/\/www.purejewels.com\/#website"},"primaryImageOfPage":{"@id":"https:\/\/www.purejewels.com\/product\/rosette-22ct-sunrise-gold-square-stud-diameter-14mm-49238\/#primaryimage"},"image":{"@id":"https:\/\/www.purejewels.com\/product\/rosette-22ct-sunrise-gold-square-stud-diameter-14mm-49238\/#primaryimage"},"thumbnailUrl":"https:\/\/static.purejewels.com\/wp-content\/uploads\/2024\/08\/image-1.png","datePublished":"2024-08-20T11:47:42+00:00","dateModified":"2026-02-02T09:07:58+00:00","description":"22ct Sunrise Gold 26.3mm alt\u0131n \u00e7i\u00e7ek saplama tak\u0131lar\u0131m\u0131zla ihti\u015faml\u0131 bir dokunu\u015f kat\u0131n. Zarif alt\u0131n \u00e7\u0131t\u00e7\u0131tlar\u0131m\u0131zla \u0131\u015f\u0131lday\u0131n. \u015eimdi PureJewels UK'den al\u0131\u015fveri\u015f yap\u0131n!","breadcrumb":{"@id":"https:\/\/www.purejewels.com\/product\/rosette-22ct-sunrise-gold-square-stud-diameter-14mm-49238\/#breadcrumb"},"inLanguage":"tr","potentialAction":[{"@type":"ReadAction","target":["https:\/\/www.purejewels.com\/product\/rosette-22ct-sunrise-gold-square-stud-diameter-14mm-49238\/"]}]},{"@type":"ImageObject","inLanguage":"tr","@id":"https:\/\/www.purejewels.com\/product\/rosette-22ct-sunrise-gold-square-stud-diameter-14mm-49238\/#primaryimage","url":"https:\/\/static.purejewels.com\/wp-content\/uploads\/2024\/08\/image-1.png","contentUrl":"https:\/\/static.purejewels.com\/wp-content\/uploads\/2024\/08\/image-1.png","width":1000,"height":1000},{"@type":"BreadcrumbList","@id":"https:\/\/www.purejewels.com\/product\/rosette-22ct-sunrise-gold-square-stud-diameter-14mm-49238\/#breadcrumb","itemListElement":[{"@type":"ListItem","position":1,"name":"Home","item":"https:\/\/www.purejewels.com\/"},{"@type":"ListItem","position":2,"name":"Shop","item":"https:\/\/www.purejewels.com\/shop\/"},{"@type":"ListItem","position":3,"name":"Rosette 22ct Sunrise Gold Square Stud | 14mm"}]},{"@type":"WebSite","@id":"https:\/\/www.purejewels.com\/#website","url":"https:\/\/www.purejewels.com\/","name":"PureJewels \u0130ngiltere","description":"Sevgiyi Payla\u015f\u0131n","publisher":{"@id":"https:\/\/www.purejewels.com\/#organization"},"potentialAction":[{"@type":"SearchAction","target":{"@type":"EntryPoint","urlTemplate":"https:\/\/www.purejewels.com\/?s={search_term_string}"},"query-input":{"@type":"PropertyValueSpecification","valueRequired":true,"valueName":"search_term_string"}}],"inLanguage":"tr"},{"@type":"Organization","@id":"https:\/\/www.purejewels.com\/#organization","name":"PureJewels \u0130ngiltere","url":"https:\/\/www.purejewels.com\/","logo":{"@type":"ImageObject","inLanguage":"tr","@id":"https:\/\/www.purejewels.com\/#\/schema\/logo\/image\/","url":"https:\/\/static.purejewels.com\/wp-content\/uploads\/2020\/11\/Logo-PJ-New-1.png","contentUrl":"https:\/\/static.purejewels.com\/wp-content\/uploads\/2020\/11\/Logo-PJ-New-1.png","width":150,"height":80,"caption":"PureJewels UK"},"image":{"@id":"https:\/\/www.purejewels.com\/#\/schema\/logo\/image\/"}}]}},"_links":{"self":[{"href":"https:\/\/www.purejewels.com\/tr\/wp-json\/wp\/v2\/product\/369998","targetHints":{"allow":["GET"]}}],"collection":[{"href":"https:\/\/www.purejewels.com\/tr\/wp-json\/wp\/v2\/product"}],"about":[{"href":"https:\/\/www.purejewels.com\/tr\/wp-json\/wp\/v2\/types\/product"}],"replies":[{"embeddable":true,"href":"https:\/\/www.purejewels.com\/tr\/wp-json\/wp\/v2\/comments?post=369998"}],"version-history":[{"count":4,"href":"https:\/\/www.purejewels.com\/tr\/wp-json\/wp\/v2\/product\/369998\/revisions"}],"predecessor-version":[{"id":416810,"href":"https:\/\/www.purejewels.com\/tr\/wp-json\/wp\/v2\/product\/369998\/revisions\/416810"}],"wp:featuredmedia":[{"embeddable":true,"href":"https:\/\/www.purejewels.com\/tr\/wp-json\/wp\/v2\/media\/370001"}],"wp:attachment":[{"href":"https:\/\/www.purejewels.com\/tr\/wp-json\/wp\/v2\/media?parent=369998"}],"wp:term":[{"taxonomy":"product_brand","embeddable":true,"href":"https:\/\/www.purejewels.com\/tr\/wp-json\/wp\/v2\/product_brand?post=369998"},{"taxonomy":"product_cat","embeddable":true,"href":"https:\/\/www.purejewels.com\/tr\/wp-json\/wp\/v2\/product_cat?post=369998"},{"taxonomy":"product_tag","embeddable":true,"href":"https:\/\/www.purejewels.com\/tr\/wp-json\/wp\/v2\/product_tag?post=369998"}],"curies":[{"name":"wp","href":"https:\/\/api.w.org\/{rel}","templated":true}]}}