{"id":370246,"date":"2024-08-28T11:05:11","date_gmt":"2024-08-28T10:05:11","guid":{"rendered":"https:\/\/www.purejewels.com\/?post_type=product&#038;p=370246"},"modified":"2026-02-10T09:05:26","modified_gmt":"2026-02-10T09:05:26","slug":"22-ayar-altin-do-lada-haar-48576","status":"publish","type":"product","link":"https:\/\/www.purejewels.com\/tr\/product\/22ct-gold-do-lada-haar-48576\/","title":{"rendered":"22 Ayar Alt\u0131n Do Lada Haar | Armari Koleksiyonu"},"content":{"rendered":"<p data-sourcepos=\"3:1-3:32\"><strong>Zamans\u0131z \u015e\u0131kl\u0131\u011f\u0131n Keyfini \u00c7\u0131kar\u0131n<\/strong><\/p>\n<p data-sourcepos=\"5:1-5:18\">Bizim <a href=\"https:\/\/www.purejewels.com\/tr\/product\/22ct-gold-jali-filigree-ring-jali-collection-31926\/\">22ct<\/a> Gold Do Lada Haar bir ba\u015fyap\u0131tt\u0131r. <a href=\"https:\/\/www.purejewels.com\/tr\/a-guide-to-die-stamping\/\">zanaatkarl\u0131k<\/a>Gelini \u00f6zel g\u00fcn\u00fcnde s\u00fcslemek i\u00e7in tasarlanm\u0131\u015ft\u0131r. Bu zarif kolye, en iyi 22 ayar alt\u0131ndan \u00fcretilmi\u015ftir ve l\u00fcks ve kal\u0131c\u0131 bir par\u00e7a olmas\u0131n\u0131 sa\u011flar.<\/p>\n<p data-sourcepos=\"7:1-7:35\"><strong>Geleneksel Cazibe, Modern Dokunu\u015f<\/strong><\/p>\n<p data-sourcepos=\"9:1-9:206\">Klasik bir Hint motifi olan Do Lada tasar\u0131m\u0131, \u00e7a\u011fda\u015f bir dokunu\u015fla yeniden tasarland\u0131. Karma\u015f\u0131k detaylar ve hassas i\u015f\u00e7ilik bir araya gelerek hem zamans\u0131z hem de trend belirleyici bir kolye yarat\u0131yor.<\/p>\n<p data-sourcepos=\"11:1-11:27\"><strong>Her Gelin \u0130\u00e7in M\u00fckemmel<\/strong><\/p>\n<p data-sourcepos=\"13:1-13:7\">\u0130ster geleneksel ister modern bir d\u00fc\u011f\u00fcn hayal edin, Do Lada Haar'\u0131m\u0131z her t\u00fcrl\u00fc gelin k\u0131yafetini tamamlar. \u00c7ok y\u00f6nl\u00fc tasar\u0131m\u0131, sare'lerden gelinliklere kadar \u00e7e\u015fitli stillerle e\u015fle\u015ftirilmesine olanak tan\u0131r.<\/p>\n<p data-sourcepos=\"15:1-15:35\"><strong>Sevgi ve Refah\u0131n Sembol\u00fc<\/strong><\/p>\n<p data-sourcepos=\"17:1-17:164\">Do Lada Haar sadece bir m\u00fccevher par\u00e7as\u0131 de\u011fildir; a\u015fk\u0131n, refah\u0131n ve iyi talihin sembol\u00fcd\u00fcr. Geline ve gelece\u011fine bereket getirdi\u011fine inan\u0131l\u0131r.<\/p>\n<p data-sourcepos=\"27:1-27:35\"><strong>Armari L\u00fcks\u00fcn\u00fc Deneyimleyin<\/strong><\/p>\n<p data-sourcepos=\"29:1-29:142\">Armari'nin zarif i\u015f\u00e7ili\u011fini ve zamans\u0131z zarafetini ke\u015ffedin. Koleksiyonumuz \u00f6zel g\u00fcn\u00fcn\u00fcz\u00fc daha da unutulmaz k\u0131lmak i\u00e7in tasarland\u0131.<\/p>","protected":false},"excerpt":{"rendered":"<table class=\"sh_desc\">\n<tbody>\n<tr>\n<td>Kolye Tipi<\/td>\n<td>Armari Koleksiyonu Kolye<\/td>\n<\/tr>\n<tr>\n<td>SKU<\/td>\n<td>48576<\/td>\n<\/tr>\n<tr>\n<td>A\u011f\u0131rl\u0131k<\/td>\n<td>42,9 Gms<\/td>\n<\/tr>\n<tr>\n<td>Uzunluk<\/td>\n<td>19 in\u00e7<\/td>\n<\/tr>\n<tr>\n<td>Metal<\/td>\n<td>22 Ayar Alt\u0131n<\/td>\n<\/tr>\n<tr>\n<td>\u00dccretler<\/td>\n<td>Teslimat ve KDV Dahil<\/td>\n<\/tr>\n<tr>\n<td>Paketleme<\/td>\n<td>Sunum Kutusu ile Birlikte Gelir<\/td>\n<\/tr>\n<tr>\n<td>Daha Fazla Bilgi<\/td>\n<td>M\u00fcsaitlik durumu ve daha fazla resim i\u00e7in bizimle canl\u0131 sohbet edin<\/td>\n<\/tr>\n<\/tbody>\n<\/table>","protected":false},"featured_media":370249,"comment_status":"closed","ping_status":"closed","template":"","meta":{"_eb_attr":"","_crsspst_to_jayantr4sg-hostcom":false},"product_brand":[],"product_cat":[1780,245,5643,5950,1625,1782,236,1229,1253],"product_tag":[],"class_list":{"0":"post-370246","1":"product","2":"type-product","3":"status-publish","4":"has-post-thumbnail","6":"product_cat-antique-style-necklaces","7":"product_cat-armari-collections","8":"product_cat-armari-necklace","9":"product_cat-bridal-necklace","10":"product_cat-bridal-set","11":"product_cat-choker-necklaces","12":"product_cat-collections","13":"product_cat-22ct-gold-jewellery","14":"product_cat-gold-necklaces","16":"first","17":"onbackorder","18":"taxable","19":"shipping-taxable","20":"purchasable","21":"product-type-simple","22":"add-to-wishlist-before_image"},"yoast_head":"<!-- This site is optimized with the Yoast SEO plugin v27.5 - https:\/\/yoast.com\/product\/yoast-seo-wordpress\/ -->\n<title>22ct Gold Do Lada Haar: Bridal Necklace from Armari Collection<\/title>\n<meta name=\"description\" content=\"Elevate your bridal look with our exquisite Do Lada Haar. Adorned with intricate designs, this necklace is a perfect blend of tradition and contemporary style.\" \/>\n<meta name=\"robots\" content=\"index, follow, max-snippet:-1, max-image-preview:large, max-video-preview:-1\" \/>\n<link rel=\"canonical\" href=\"https:\/\/www.purejewels.com\/tr\/urun\/22-ayar-altin-do-lada-haar-48576\/\" \/>\n<meta property=\"og:locale\" content=\"tr_TR\" \/>\n<meta property=\"og:type\" content=\"article\" \/>\n<meta property=\"og:title\" content=\"22ct Gold Do Lada Haar: Bridal Necklace from Armari Collection\" \/>\n<meta property=\"og:description\" content=\"Elevate your bridal look with our exquisite Do Lada Haar. Adorned with intricate designs, this necklace is a perfect blend of tradition and contemporary style.\" \/>\n<meta property=\"og:url\" content=\"https:\/\/www.purejewels.com\/tr\/urun\/22-ayar-altin-do-lada-haar-48576\/\" \/>\n<meta property=\"og:site_name\" content=\"PureJewels UK\" \/>\n<meta property=\"article:modified_time\" content=\"2026-02-10T09:05:26+00:00\" \/>\n<meta property=\"og:image\" content=\"https:\/\/static.purejewels.com\/wp-content\/uploads\/2024\/08\/SKU-45063-1.jpg\" \/>\n\t<meta property=\"og:image:width\" content=\"1000\" \/>\n\t<meta property=\"og:image:height\" content=\"1000\" \/>\n\t<meta property=\"og:image:type\" content=\"image\/jpeg\" \/>\n<meta name=\"twitter:card\" content=\"summary_large_image\" \/>\n<meta name=\"twitter:label1\" content=\"Tahmini okuma s\u00fcresi\" \/>\n\t<meta name=\"twitter:data1\" content=\"1 dakika\" \/>\n<script type=\"application\/ld+json\" class=\"yoast-schema-graph\">{\"@context\":\"https:\\\/\\\/schema.org\",\"@graph\":[{\"@type\":[\"WebPage\",\"ItemPage\"],\"@id\":\"https:\\\/\\\/www.purejewels.com\\\/product\\\/22ct-gold-do-lada-haar-48576\\\/\",\"url\":\"https:\\\/\\\/www.purejewels.com\\\/product\\\/22ct-gold-do-lada-haar-48576\\\/\",\"name\":\"22ct Gold Do Lada Haar: Bridal Necklace from Armari Collection\",\"isPartOf\":{\"@id\":\"https:\\\/\\\/www.purejewels.com\\\/#website\"},\"primaryImageOfPage\":{\"@id\":\"https:\\\/\\\/www.purejewels.com\\\/product\\\/22ct-gold-do-lada-haar-48576\\\/#primaryimage\"},\"image\":{\"@id\":\"https:\\\/\\\/www.purejewels.com\\\/product\\\/22ct-gold-do-lada-haar-48576\\\/#primaryimage\"},\"thumbnailUrl\":\"https:\\\/\\\/static.purejewels.com\\\/wp-content\\\/uploads\\\/2024\\\/08\\\/SKU-45063-1.jpg\",\"datePublished\":\"2024-08-28T10:05:11+00:00\",\"dateModified\":\"2026-02-10T09:05:26+00:00\",\"description\":\"Elevate your bridal look with our exquisite Do Lada Haar. Adorned with intricate designs, this necklace is a perfect blend of tradition and contemporary style.\",\"breadcrumb\":{\"@id\":\"https:\\\/\\\/www.purejewels.com\\\/product\\\/22ct-gold-do-lada-haar-48576\\\/#breadcrumb\"},\"inLanguage\":\"tr\",\"potentialAction\":[{\"@type\":\"ReadAction\",\"target\":[\"https:\\\/\\\/www.purejewels.com\\\/product\\\/22ct-gold-do-lada-haar-48576\\\/\"]}]},{\"@type\":\"ImageObject\",\"inLanguage\":\"tr\",\"@id\":\"https:\\\/\\\/www.purejewels.com\\\/product\\\/22ct-gold-do-lada-haar-48576\\\/#primaryimage\",\"url\":\"https:\\\/\\\/static.purejewels.com\\\/wp-content\\\/uploads\\\/2024\\\/08\\\/SKU-45063-1.jpg\",\"contentUrl\":\"https:\\\/\\\/static.purejewels.com\\\/wp-content\\\/uploads\\\/2024\\\/08\\\/SKU-45063-1.jpg\",\"width\":1000,\"height\":1000,\"caption\":\"Stacked from 2 images. Method=B (R=8,S=4)\"},{\"@type\":\"BreadcrumbList\",\"@id\":\"https:\\\/\\\/www.purejewels.com\\\/product\\\/22ct-gold-do-lada-haar-48576\\\/#breadcrumb\",\"itemListElement\":[{\"@type\":\"ListItem\",\"position\":1,\"name\":\"Home\",\"item\":\"https:\\\/\\\/www.purejewels.com\\\/\"},{\"@type\":\"ListItem\",\"position\":2,\"name\":\"Shop\",\"item\":\"https:\\\/\\\/www.purejewels.com\\\/shop\\\/\"},{\"@type\":\"ListItem\",\"position\":3,\"name\":\"22ct Gold Do Lada Haar | Armari Collection\"}]},{\"@type\":\"WebSite\",\"@id\":\"https:\\\/\\\/www.purejewels.com\\\/#website\",\"url\":\"https:\\\/\\\/www.purejewels.com\\\/\",\"name\":\"PureJewels UK\",\"description\":\"Share the Love\",\"publisher\":{\"@id\":\"https:\\\/\\\/www.purejewels.com\\\/#organization\"},\"potentialAction\":[{\"@type\":\"SearchAction\",\"target\":{\"@type\":\"EntryPoint\",\"urlTemplate\":\"https:\\\/\\\/www.purejewels.com\\\/?s={search_term_string}\"},\"query-input\":{\"@type\":\"PropertyValueSpecification\",\"valueRequired\":true,\"valueName\":\"search_term_string\"}}],\"inLanguage\":\"tr\"},{\"@type\":\"Organization\",\"@id\":\"https:\\\/\\\/www.purejewels.com\\\/#organization\",\"name\":\"PureJewels UK\",\"url\":\"https:\\\/\\\/www.purejewels.com\\\/\",\"logo\":{\"@type\":\"ImageObject\",\"inLanguage\":\"tr\",\"@id\":\"https:\\\/\\\/www.purejewels.com\\\/#\\\/schema\\\/logo\\\/image\\\/\",\"url\":\"https:\\\/\\\/static.purejewels.com\\\/wp-content\\\/uploads\\\/2020\\\/11\\\/Logo-PJ-New-1.png\",\"contentUrl\":\"https:\\\/\\\/static.purejewels.com\\\/wp-content\\\/uploads\\\/2020\\\/11\\\/Logo-PJ-New-1.png\",\"width\":150,\"height\":80,\"caption\":\"PureJewels UK\"},\"image\":{\"@id\":\"https:\\\/\\\/www.purejewels.com\\\/#\\\/schema\\\/logo\\\/image\\\/\"}}]}<\/script>\n<!-- \/ Yoast SEO plugin. -->","yoast_head_json":{"title":"22 Ayar Alt\u0131n Do Lada Haar: Armari Koleksiyonundan Gelin Kolyesi","description":"Gelin g\u00f6r\u00fcn\u00fcm\u00fcn\u00fcz\u00fc zarif Do Lada Haar'\u0131m\u0131zla y\u00fckseltin. Karma\u015f\u0131k tasar\u0131mlarla s\u00fcslenmi\u015f bu kolye, gelenek ve \u00e7a\u011fda\u015f tarz\u0131n m\u00fckemmel bir kar\u0131\u015f\u0131m\u0131d\u0131r.","robots":{"index":"index","follow":"follow","max-snippet":"max-snippet:-1","max-image-preview":"max-image-preview:large","max-video-preview":"max-video-preview:-1"},"canonical":"https:\/\/www.purejewels.com\/tr\/urun\/22-ayar-altin-do-lada-haar-48576\/","og_locale":"tr_TR","og_type":"article","og_title":"22ct Gold Do Lada Haar: Bridal Necklace from Armari Collection","og_description":"Elevate your bridal look with our exquisite Do Lada Haar. Adorned with intricate designs, this necklace is a perfect blend of tradition and contemporary style.","og_url":"https:\/\/www.purejewels.com\/tr\/urun\/22-ayar-altin-do-lada-haar-48576\/","og_site_name":"PureJewels UK","article_modified_time":"2026-02-10T09:05:26+00:00","og_image":[{"width":1000,"height":1000,"url":"https:\/\/static.purejewels.com\/wp-content\/uploads\/2024\/08\/SKU-45063-1.jpg","type":"image\/jpeg"}],"twitter_card":"summary_large_image","twitter_misc":{"Tahmini okuma s\u00fcresi":"1 dakika"},"schema":{"@context":"https:\/\/schema.org","@graph":[{"@type":["WebPage","ItemPage"],"@id":"https:\/\/www.purejewels.com\/product\/22ct-gold-do-lada-haar-48576\/","url":"https:\/\/www.purejewels.com\/product\/22ct-gold-do-lada-haar-48576\/","name":"22 Ayar Alt\u0131n Do Lada Haar: Armari Koleksiyonundan Gelin Kolyesi","isPartOf":{"@id":"https:\/\/www.purejewels.com\/#website"},"primaryImageOfPage":{"@id":"https:\/\/www.purejewels.com\/product\/22ct-gold-do-lada-haar-48576\/#primaryimage"},"image":{"@id":"https:\/\/www.purejewels.com\/product\/22ct-gold-do-lada-haar-48576\/#primaryimage"},"thumbnailUrl":"https:\/\/static.purejewels.com\/wp-content\/uploads\/2024\/08\/SKU-45063-1.jpg","datePublished":"2024-08-28T10:05:11+00:00","dateModified":"2026-02-10T09:05:26+00:00","description":"Gelin g\u00f6r\u00fcn\u00fcm\u00fcn\u00fcz\u00fc zarif Do Lada Haar'\u0131m\u0131zla y\u00fckseltin. Karma\u015f\u0131k tasar\u0131mlarla s\u00fcslenmi\u015f bu kolye, gelenek ve \u00e7a\u011fda\u015f tarz\u0131n m\u00fckemmel bir kar\u0131\u015f\u0131m\u0131d\u0131r.","breadcrumb":{"@id":"https:\/\/www.purejewels.com\/product\/22ct-gold-do-lada-haar-48576\/#breadcrumb"},"inLanguage":"tr","potentialAction":[{"@type":"ReadAction","target":["https:\/\/www.purejewels.com\/product\/22ct-gold-do-lada-haar-48576\/"]}]},{"@type":"ImageObject","inLanguage":"tr","@id":"https:\/\/www.purejewels.com\/product\/22ct-gold-do-lada-haar-48576\/#primaryimage","url":"https:\/\/static.purejewels.com\/wp-content\/uploads\/2024\/08\/SKU-45063-1.jpg","contentUrl":"https:\/\/static.purejewels.com\/wp-content\/uploads\/2024\/08\/SKU-45063-1.jpg","width":1000,"height":1000,"caption":"Stacked from 2 images. Method=B (R=8,S=4)"},{"@type":"BreadcrumbList","@id":"https:\/\/www.purejewels.com\/product\/22ct-gold-do-lada-haar-48576\/#breadcrumb","itemListElement":[{"@type":"ListItem","position":1,"name":"Home","item":"https:\/\/www.purejewels.com\/"},{"@type":"ListItem","position":2,"name":"Shop","item":"https:\/\/www.purejewels.com\/shop\/"},{"@type":"ListItem","position":3,"name":"22ct Gold Do Lada Haar | Armari Collection"}]},{"@type":"WebSite","@id":"https:\/\/www.purejewels.com\/#website","url":"https:\/\/www.purejewels.com\/","name":"PureJewels \u0130ngiltere","description":"Sevgiyi Payla\u015f\u0131n","publisher":{"@id":"https:\/\/www.purejewels.com\/#organization"},"potentialAction":[{"@type":"SearchAction","target":{"@type":"EntryPoint","urlTemplate":"https:\/\/www.purejewels.com\/?s={search_term_string}"},"query-input":{"@type":"PropertyValueSpecification","valueRequired":true,"valueName":"search_term_string"}}],"inLanguage":"tr"},{"@type":"Organization","@id":"https:\/\/www.purejewels.com\/#organization","name":"PureJewels \u0130ngiltere","url":"https:\/\/www.purejewels.com\/","logo":{"@type":"ImageObject","inLanguage":"tr","@id":"https:\/\/www.purejewels.com\/#\/schema\/logo\/image\/","url":"https:\/\/static.purejewels.com\/wp-content\/uploads\/2020\/11\/Logo-PJ-New-1.png","contentUrl":"https:\/\/static.purejewels.com\/wp-content\/uploads\/2020\/11\/Logo-PJ-New-1.png","width":150,"height":80,"caption":"PureJewels UK"},"image":{"@id":"https:\/\/www.purejewels.com\/#\/schema\/logo\/image\/"}}]}},"_links":{"self":[{"href":"https:\/\/www.purejewels.com\/tr\/wp-json\/wp\/v2\/product\/370246","targetHints":{"allow":["GET"]}}],"collection":[{"href":"https:\/\/www.purejewels.com\/tr\/wp-json\/wp\/v2\/product"}],"about":[{"href":"https:\/\/www.purejewels.com\/tr\/wp-json\/wp\/v2\/types\/product"}],"replies":[{"embeddable":true,"href":"https:\/\/www.purejewels.com\/tr\/wp-json\/wp\/v2\/comments?post=370246"}],"version-history":[{"count":2,"href":"https:\/\/www.purejewels.com\/tr\/wp-json\/wp\/v2\/product\/370246\/revisions"}],"predecessor-version":[{"id":426115,"href":"https:\/\/www.purejewels.com\/tr\/wp-json\/wp\/v2\/product\/370246\/revisions\/426115"}],"wp:featuredmedia":[{"embeddable":true,"href":"https:\/\/www.purejewels.com\/tr\/wp-json\/wp\/v2\/media\/370249"}],"wp:attachment":[{"href":"https:\/\/www.purejewels.com\/tr\/wp-json\/wp\/v2\/media?parent=370246"}],"wp:term":[{"taxonomy":"product_brand","embeddable":true,"href":"https:\/\/www.purejewels.com\/tr\/wp-json\/wp\/v2\/product_brand?post=370246"},{"taxonomy":"product_cat","embeddable":true,"href":"https:\/\/www.purejewels.com\/tr\/wp-json\/wp\/v2\/product_cat?post=370246"},{"taxonomy":"product_tag","embeddable":true,"href":"https:\/\/www.purejewels.com\/tr\/wp-json\/wp\/v2\/product_tag?post=370246"}],"curies":[{"name":"wp","href":"https:\/\/api.w.org\/{rel}","templated":true}]}}