{"id":370326,"date":"2024-08-26T10:42:08","date_gmt":"2024-08-26T09:42:08","guid":{"rendered":"https:\/\/www.purejewels.com\/?post_type=product&#038;p=370326"},"modified":"2026-02-10T09:06:55","modified_gmt":"2026-02-10T09:06:55","slug":"22-ayar-altin-kolye-49015","status":"publish","type":"product","link":"https:\/\/www.purejewels.com\/tr\/product\/necklace-in-22ct-gold-49015\/","title":{"rendered":"22 Ayar G\u00fcndo\u011fumu Alt\u0131n Kolye | 18,5 \u0130n\u00e7"},"content":{"rendered":"<p data-sourcepos=\"5:1-5:157\">Kar\u015f\u0131n\u0131zda, 22 ayar G\u00fcndo\u011fumu Alt\u0131n\u0131ndan \u00fcretilmi\u015f \u00e7arp\u0131c\u0131 bir par\u00e7a olan zarif \"Elchi\" Kolye. Geleneksel zarafet ve \u00e7a\u011fda\u015f stilin m\u00fckemmel bir kar\u0131\u015f\u0131m\u0131 olan bu kolye, m\u00fccevher koleksiyonunuza \u00e7ok y\u00f6nl\u00fc bir katk\u0131 sa\u011flar.<\/p>\n<p data-sourcepos=\"7:1-7:105\">\"Elchi\" kolye, ayn\u0131 ad\u0131 ta\u015f\u0131yan aromatik baharattan ilham alan b\u00fcy\u00fcleyici bir tasar\u0131ma sahiptir. Karma\u015f\u0131k detaylar ve narin <a href=\"https:\/\/www.purejewels.com\/tr\/a-guide-to-die-stamping\/\">zanaatkarl\u0131k<\/a> bu kolyenin g\u00f6ze \u00e7arpaca\u011f\u0131ndan ve kal\u0131c\u0131 bir etki b\u0131rakaca\u011f\u0131ndan emin olabilirsiniz.<\/p>\n<p data-sourcepos=\"9:1-9:15\"><strong>\u00d6nemli noktalar:<\/strong><\/p>\n<ul data-sourcepos=\"11:1-11:20\">\n<li data-sourcepos=\"11:1-11:20\">Parlak ve \u0131\u015f\u0131lt\u0131l\u0131 bir g\u00f6r\u00fcn\u00fcm i\u00e7in saf 22 ayar Sunrise Alt\u0131ndan \u00fcretilmi\u015ftir.<\/li>\n<li data-sourcepos=\"12:1-12:57\">Elchi baharat\u0131ndan ilham alan benzersiz bir tasar\u0131ma sahiptir.<\/li>\n<li data-sourcepos=\"13:1-13:50\">Karma\u015f\u0131k detaylar ve zarif i\u015f\u00e7ilik.<\/li>\n<li data-sourcepos=\"14:1-14:62\">18,5 in\u00e7 uzunlu\u011fundad\u0131r ve rahat bir uyum sa\u011flar.<\/li>\n<li data-sourcepos=\"15:1-16:0\">Hem g\u00fcnl\u00fck kullan\u0131m hem de \u00f6zel g\u00fcnler i\u00e7in idealdir.<\/li>\n<\/ul>\n<p data-sourcepos=\"17:1-17:27\"><strong>\u00dcr\u00fcn \u00d6zellikleri:<\/strong><\/p>\n<ul data-sourcepos=\"19:1-22:0\">\n<li data-sourcepos=\"19:1-19:33\">Malzeme: 22 ayar G\u00fcndo\u011fumu Alt\u0131n\u0131<\/li>\n<li data-sourcepos=\"20:1-20:21\">Uzunluk: 18 in\u00e7<\/li>\n<li data-sourcepos=\"21:1-22:0\">Koleksiyon Elchi Koleksiyonu<\/li>\n<\/ul>\n<p data-sourcepos=\"23:1-23:33\"><strong>Elaichi Koleksiyonu Hakk\u0131nda:<\/strong><\/p>\n<p data-sourcepos=\"25:1-25:162\">Elchi Koleksiyonu, Hindistan'\u0131n zengin miras\u0131na ve k\u00fclt\u00fcr\u00fcne bir \u00f6vg\u00fc niteli\u011findedir. Bu koleksiyondaki her bir par\u00e7a, geleneksel teknikler ve y\u00fcksek kaliteli malzemeler kullan\u0131larak \u00f6zenle haz\u0131rlanm\u0131\u015f olup ola\u011fan\u00fcst\u00fc g\u00fczellik ve dayan\u0131kl\u0131l\u0131k sa\u011flamaktad\u0131r.<\/p>\n<p>&nbsp;<\/p>","protected":false},"excerpt":{"rendered":"<div class=\"flex between-xs middle-xs price-review\">\n<div class=\"yith-ywraq-add-to-quote add-to-quote-327643 near-add-to-cart\">\n<div class=\"yith-ywraq-add-button show\"><\/div>\n<\/div>\n<\/div>\n<div class=\"woocommerce-product-details__short-description\">\n<table class=\"sh_desc\">\n<tbody>\n<tr>\n<td>Kolye Tipi<\/td>\n<td>Lariate Kolye<\/td>\n<\/tr>\n<tr>\n<td>SKU<\/td>\n<td>49404<\/td>\n<\/tr>\n<tr>\n<td>A\u011f\u0131rl\u0131k<\/td>\n<td>7.2 Gms<\/td>\n<\/tr>\n<tr>\n<td>Metal<\/td>\n<td>22 Ayar G\u00fcndo\u011fumu Alt\u0131n<\/td>\n<\/tr>\n<tr>\n<td>Uzunluk<\/td>\n<td>18 \u0130n\u00e7<\/td>\n<\/tr>\n<tr>\n<td>Hallmark<\/td>\n<td>Londra Tahlil Ofisi Taraf\u0131ndan Damgalanm\u0131\u015f 22 Ayar Alt\u0131n<\/td>\n<\/tr>\n<tr>\n<td>\u00dccretler<\/td>\n<td>Teslimat ve KDV Dahil<\/td>\n<\/tr>\n<tr>\n<td>Paketleme<\/td>\n<td>Sunum Kutusu ile Birlikte Gelir<\/td>\n<\/tr>\n<tr>\n<td>Daha Fazla Bilgi<\/td>\n<td>M\u00fcsaitlik durumu ve daha fazla resim i\u00e7in bizimle canl\u0131 sohbet edin<\/td>\n<\/tr>\n<\/tbody>\n<\/table>\n<p>&nbsp;<\/p>\n<\/div>","protected":false},"featured_media":370366,"comment_status":"closed","ping_status":"closed","template":"","meta":{"_eb_attr":"","_crsspst_to_jayantr4sg-hostcom":false},"product_brand":[],"product_cat":[1791,1559,5848,6116,1475,1229,1253,1570,1778,1574],"product_tag":[1430],"class_list":{"0":"post-370326","1":"product","2":"type-product","3":"status-publish","4":"has-post-thumbnail","6":"product_cat-anniversary-gifts","7":"product_cat-birthday-gifts","8":"product_cat-elchi-collection","9":"product_cat-elchi-necklace","10":"product_cat-gold-chains","11":"product_cat-22ct-gold-jewellery","12":"product_cat-gold-necklaces","13":"product_cat-mothers-day-gifts","14":"product_cat-short-necklaces","15":"product_cat-womens-jewellery","16":"product_tag-diwali-gift","18":"first","19":"onbackorder","20":"taxable","21":"shipping-taxable","22":"purchasable","23":"product-type-simple","24":"add-to-wishlist-before_image"},"yoast_head":"<!-- This site is optimized with the Yoast SEO plugin v27.5 - https:\/\/yoast.com\/product\/yoast-seo-wordpress\/ -->\n<title>Luxury Gold Necklace | 22ct Gold Jeweller | 18.5 Inches<\/title>\n<meta name=\"description\" content=\"Discover the epitome of luxury in our 22 karat gold necklace, a must-have for any discerning woman. Visit our store PureJewels today.\" \/>\n<meta name=\"robots\" content=\"index, follow, max-snippet:-1, max-image-preview:large, max-video-preview:-1\" \/>\n<link rel=\"canonical\" href=\"https:\/\/www.purejewels.com\/tr\/urun\/22-ayar-altin-kolye-49015\/\" \/>\n<meta property=\"og:locale\" content=\"tr_TR\" \/>\n<meta property=\"og:type\" content=\"article\" \/>\n<meta property=\"og:title\" content=\"Luxury Gold Necklace | 22ct Gold Jeweller | 18.5 Inches\" \/>\n<meta property=\"og:description\" content=\"Discover the epitome of luxury in our 22 karat gold necklace, a must-have for any discerning woman. Visit our store PureJewels today.\" \/>\n<meta property=\"og:url\" content=\"https:\/\/www.purejewels.com\/tr\/urun\/22-ayar-altin-kolye-49015\/\" \/>\n<meta property=\"og:site_name\" content=\"PureJewels UK\" \/>\n<meta property=\"article:modified_time\" content=\"2026-02-10T09:06:55+00:00\" \/>\n<meta property=\"og:image\" content=\"https:\/\/static.purejewels.com\/wp-content\/uploads\/2024\/08\/49015-1.jpg\" \/>\n\t<meta property=\"og:image:width\" content=\"1000\" \/>\n\t<meta property=\"og:image:height\" content=\"1000\" \/>\n\t<meta property=\"og:image:type\" content=\"image\/jpeg\" \/>\n<meta name=\"twitter:card\" content=\"summary_large_image\" \/>\n<meta name=\"twitter:label1\" content=\"Tahmini okuma s\u00fcresi\" \/>\n\t<meta name=\"twitter:data1\" content=\"1 dakika\" \/>\n<script type=\"application\/ld+json\" class=\"yoast-schema-graph\">{\"@context\":\"https:\\\/\\\/schema.org\",\"@graph\":[{\"@type\":[\"WebPage\",\"ItemPage\"],\"@id\":\"https:\\\/\\\/www.purejewels.com\\\/product\\\/necklace-in-22ct-gold-49015\\\/\",\"url\":\"https:\\\/\\\/www.purejewels.com\\\/product\\\/necklace-in-22ct-gold-49015\\\/\",\"name\":\"Luxury Gold Necklace | 22ct Gold Jeweller | 18.5 Inches\",\"isPartOf\":{\"@id\":\"https:\\\/\\\/www.purejewels.com\\\/#website\"},\"primaryImageOfPage\":{\"@id\":\"https:\\\/\\\/www.purejewels.com\\\/product\\\/necklace-in-22ct-gold-49015\\\/#primaryimage\"},\"image\":{\"@id\":\"https:\\\/\\\/www.purejewels.com\\\/product\\\/necklace-in-22ct-gold-49015\\\/#primaryimage\"},\"thumbnailUrl\":\"https:\\\/\\\/static.purejewels.com\\\/wp-content\\\/uploads\\\/2024\\\/08\\\/49015-1.jpg\",\"datePublished\":\"2024-08-26T09:42:08+00:00\",\"dateModified\":\"2026-02-10T09:06:55+00:00\",\"description\":\"Discover the epitome of luxury in our 22 karat gold necklace, a must-have for any discerning woman. Visit our store PureJewels today.\",\"breadcrumb\":{\"@id\":\"https:\\\/\\\/www.purejewels.com\\\/product\\\/necklace-in-22ct-gold-49015\\\/#breadcrumb\"},\"inLanguage\":\"tr\",\"potentialAction\":[{\"@type\":\"ReadAction\",\"target\":[\"https:\\\/\\\/www.purejewels.com\\\/product\\\/necklace-in-22ct-gold-49015\\\/\"]}]},{\"@type\":\"ImageObject\",\"inLanguage\":\"tr\",\"@id\":\"https:\\\/\\\/www.purejewels.com\\\/product\\\/necklace-in-22ct-gold-49015\\\/#primaryimage\",\"url\":\"https:\\\/\\\/static.purejewels.com\\\/wp-content\\\/uploads\\\/2024\\\/08\\\/49015-1.jpg\",\"contentUrl\":\"https:\\\/\\\/static.purejewels.com\\\/wp-content\\\/uploads\\\/2024\\\/08\\\/49015-1.jpg\",\"width\":1000,\"height\":1000,\"caption\":\"22ct Gold Necklace\"},{\"@type\":\"BreadcrumbList\",\"@id\":\"https:\\\/\\\/www.purejewels.com\\\/product\\\/necklace-in-22ct-gold-49015\\\/#breadcrumb\",\"itemListElement\":[{\"@type\":\"ListItem\",\"position\":1,\"name\":\"Home\",\"item\":\"https:\\\/\\\/www.purejewels.com\\\/\"},{\"@type\":\"ListItem\",\"position\":2,\"name\":\"Shop\",\"item\":\"https:\\\/\\\/www.purejewels.com\\\/shop\\\/\"},{\"@type\":\"ListItem\",\"position\":3,\"name\":\"Necklace in 22ct Sunrise Gold | 18.5 Inches\"}]},{\"@type\":\"WebSite\",\"@id\":\"https:\\\/\\\/www.purejewels.com\\\/#website\",\"url\":\"https:\\\/\\\/www.purejewels.com\\\/\",\"name\":\"PureJewels UK\",\"description\":\"Share the Love\",\"publisher\":{\"@id\":\"https:\\\/\\\/www.purejewels.com\\\/#organization\"},\"potentialAction\":[{\"@type\":\"SearchAction\",\"target\":{\"@type\":\"EntryPoint\",\"urlTemplate\":\"https:\\\/\\\/www.purejewels.com\\\/?s={search_term_string}\"},\"query-input\":{\"@type\":\"PropertyValueSpecification\",\"valueRequired\":true,\"valueName\":\"search_term_string\"}}],\"inLanguage\":\"tr\"},{\"@type\":\"Organization\",\"@id\":\"https:\\\/\\\/www.purejewels.com\\\/#organization\",\"name\":\"PureJewels UK\",\"url\":\"https:\\\/\\\/www.purejewels.com\\\/\",\"logo\":{\"@type\":\"ImageObject\",\"inLanguage\":\"tr\",\"@id\":\"https:\\\/\\\/www.purejewels.com\\\/#\\\/schema\\\/logo\\\/image\\\/\",\"url\":\"https:\\\/\\\/static.purejewels.com\\\/wp-content\\\/uploads\\\/2020\\\/11\\\/Logo-PJ-New-1.png\",\"contentUrl\":\"https:\\\/\\\/static.purejewels.com\\\/wp-content\\\/uploads\\\/2020\\\/11\\\/Logo-PJ-New-1.png\",\"width\":150,\"height\":80,\"caption\":\"PureJewels UK\"},\"image\":{\"@id\":\"https:\\\/\\\/www.purejewels.com\\\/#\\\/schema\\\/logo\\\/image\\\/\"}}]}<\/script>\n<!-- \/ Yoast SEO plugin. -->","yoast_head_json":{"title":"L\u00fcks Alt\u0131n Kolye | 22 Ayar Alt\u0131n Kuyumcu | 18,5 \u0130n\u00e7","description":"Her se\u00e7ici kad\u0131n\u0131n sahip olmas\u0131 gereken 22 ayar alt\u0131n kolyemizde l\u00fcks\u00fcn \u00f6z\u00fcn\u00fc ke\u015ffedin. PureJewels ma\u011fazam\u0131z\u0131 bug\u00fcn ziyaret edin.","robots":{"index":"index","follow":"follow","max-snippet":"max-snippet:-1","max-image-preview":"max-image-preview:large","max-video-preview":"max-video-preview:-1"},"canonical":"https:\/\/www.purejewels.com\/tr\/urun\/22-ayar-altin-kolye-49015\/","og_locale":"tr_TR","og_type":"article","og_title":"Luxury Gold Necklace | 22ct Gold Jeweller | 18.5 Inches","og_description":"Discover the epitome of luxury in our 22 karat gold necklace, a must-have for any discerning woman. Visit our store PureJewels today.","og_url":"https:\/\/www.purejewels.com\/tr\/urun\/22-ayar-altin-kolye-49015\/","og_site_name":"PureJewels UK","article_modified_time":"2026-02-10T09:06:55+00:00","og_image":[{"width":1000,"height":1000,"url":"https:\/\/static.purejewels.com\/wp-content\/uploads\/2024\/08\/49015-1.jpg","type":"image\/jpeg"}],"twitter_card":"summary_large_image","twitter_misc":{"Tahmini okuma s\u00fcresi":"1 dakika"},"schema":{"@context":"https:\/\/schema.org","@graph":[{"@type":["WebPage","ItemPage"],"@id":"https:\/\/www.purejewels.com\/product\/necklace-in-22ct-gold-49015\/","url":"https:\/\/www.purejewels.com\/product\/necklace-in-22ct-gold-49015\/","name":"L\u00fcks Alt\u0131n Kolye | 22 Ayar Alt\u0131n Kuyumcu | 18,5 \u0130n\u00e7","isPartOf":{"@id":"https:\/\/www.purejewels.com\/#website"},"primaryImageOfPage":{"@id":"https:\/\/www.purejewels.com\/product\/necklace-in-22ct-gold-49015\/#primaryimage"},"image":{"@id":"https:\/\/www.purejewels.com\/product\/necklace-in-22ct-gold-49015\/#primaryimage"},"thumbnailUrl":"https:\/\/static.purejewels.com\/wp-content\/uploads\/2024\/08\/49015-1.jpg","datePublished":"2024-08-26T09:42:08+00:00","dateModified":"2026-02-10T09:06:55+00:00","description":"Her se\u00e7ici kad\u0131n\u0131n sahip olmas\u0131 gereken 22 ayar alt\u0131n kolyemizde l\u00fcks\u00fcn \u00f6z\u00fcn\u00fc ke\u015ffedin. PureJewels ma\u011fazam\u0131z\u0131 bug\u00fcn ziyaret edin.","breadcrumb":{"@id":"https:\/\/www.purejewels.com\/product\/necklace-in-22ct-gold-49015\/#breadcrumb"},"inLanguage":"tr","potentialAction":[{"@type":"ReadAction","target":["https:\/\/www.purejewels.com\/product\/necklace-in-22ct-gold-49015\/"]}]},{"@type":"ImageObject","inLanguage":"tr","@id":"https:\/\/www.purejewels.com\/product\/necklace-in-22ct-gold-49015\/#primaryimage","url":"https:\/\/static.purejewels.com\/wp-content\/uploads\/2024\/08\/49015-1.jpg","contentUrl":"https:\/\/static.purejewels.com\/wp-content\/uploads\/2024\/08\/49015-1.jpg","width":1000,"height":1000,"caption":"22ct Gold Necklace"},{"@type":"BreadcrumbList","@id":"https:\/\/www.purejewels.com\/product\/necklace-in-22ct-gold-49015\/#breadcrumb","itemListElement":[{"@type":"ListItem","position":1,"name":"Home","item":"https:\/\/www.purejewels.com\/"},{"@type":"ListItem","position":2,"name":"Shop","item":"https:\/\/www.purejewels.com\/shop\/"},{"@type":"ListItem","position":3,"name":"Necklace in 22ct Sunrise Gold | 18.5 Inches"}]},{"@type":"WebSite","@id":"https:\/\/www.purejewels.com\/#website","url":"https:\/\/www.purejewels.com\/","name":"PureJewels \u0130ngiltere","description":"Sevgiyi Payla\u015f\u0131n","publisher":{"@id":"https:\/\/www.purejewels.com\/#organization"},"potentialAction":[{"@type":"SearchAction","target":{"@type":"EntryPoint","urlTemplate":"https:\/\/www.purejewels.com\/?s={search_term_string}"},"query-input":{"@type":"PropertyValueSpecification","valueRequired":true,"valueName":"search_term_string"}}],"inLanguage":"tr"},{"@type":"Organization","@id":"https:\/\/www.purejewels.com\/#organization","name":"PureJewels \u0130ngiltere","url":"https:\/\/www.purejewels.com\/","logo":{"@type":"ImageObject","inLanguage":"tr","@id":"https:\/\/www.purejewels.com\/#\/schema\/logo\/image\/","url":"https:\/\/static.purejewels.com\/wp-content\/uploads\/2020\/11\/Logo-PJ-New-1.png","contentUrl":"https:\/\/static.purejewels.com\/wp-content\/uploads\/2020\/11\/Logo-PJ-New-1.png","width":150,"height":80,"caption":"PureJewels UK"},"image":{"@id":"https:\/\/www.purejewels.com\/#\/schema\/logo\/image\/"}}]}},"_links":{"self":[{"href":"https:\/\/www.purejewels.com\/tr\/wp-json\/wp\/v2\/product\/370326","targetHints":{"allow":["GET"]}}],"collection":[{"href":"https:\/\/www.purejewels.com\/tr\/wp-json\/wp\/v2\/product"}],"about":[{"href":"https:\/\/www.purejewels.com\/tr\/wp-json\/wp\/v2\/types\/product"}],"replies":[{"embeddable":true,"href":"https:\/\/www.purejewels.com\/tr\/wp-json\/wp\/v2\/comments?post=370326"}],"version-history":[{"count":4,"href":"https:\/\/www.purejewels.com\/tr\/wp-json\/wp\/v2\/product\/370326\/revisions"}],"predecessor-version":[{"id":370368,"href":"https:\/\/www.purejewels.com\/tr\/wp-json\/wp\/v2\/product\/370326\/revisions\/370368"}],"wp:featuredmedia":[{"embeddable":true,"href":"https:\/\/www.purejewels.com\/tr\/wp-json\/wp\/v2\/media\/370366"}],"wp:attachment":[{"href":"https:\/\/www.purejewels.com\/tr\/wp-json\/wp\/v2\/media?parent=370326"}],"wp:term":[{"taxonomy":"product_brand","embeddable":true,"href":"https:\/\/www.purejewels.com\/tr\/wp-json\/wp\/v2\/product_brand?post=370326"},{"taxonomy":"product_cat","embeddable":true,"href":"https:\/\/www.purejewels.com\/tr\/wp-json\/wp\/v2\/product_cat?post=370326"},{"taxonomy":"product_tag","embeddable":true,"href":"https:\/\/www.purejewels.com\/tr\/wp-json\/wp\/v2\/product_tag?post=370326"}],"curies":[{"name":"wp","href":"https:\/\/api.w.org\/{rel}","templated":true}]}}