{"id":370401,"date":"2025-07-04T05:27:22","date_gmt":"2025-07-04T04:27:22","guid":{"rendered":"https:\/\/www.purejewels.com\/?post_type=product&#038;p=370401"},"modified":"2026-02-27T04:21:20","modified_gmt":"2026-02-27T04:21:20","slug":"22-ayar-gundogumu-altin-kolye-49019","status":"publish","type":"product","link":"https:\/\/www.purejewels.com\/tr\/product\/22ct-sunrise-gold-necklace-49019\/","title":{"rendered":"Hint Elchi Tasar\u0131m\u0131 Alt\u0131n Kolye"},"content":{"rendered":"<p dir=\"auto\">B\u00fcy\u00fcleyici tasar\u0131m\u0131yla stilinizi y\u00fckseltin <a href=\"https:\/\/www.purejewels.com\/tr\/product\/22ct-gold-jali-filigree-ring-jali-collection-31926\/\">22ct<\/a> PureJewels UK'den Sunrise Gold Elchi Kolye. En iyi 22 ayar alt\u0131nla \u00fcretilen bu zarif kolye, zarafet ve sofistikeli\u011fi zahmetsizce birle\u015ftiren benzersiz bir tasar\u0131ma sahiptir.<\/p>\n<p dir=\"auto\">Y\u00fckselen g\u00fcne\u015fin s\u0131cak tonlar\u0131ndan ilham alan Elchi Kolye'nin karma\u015f\u0131k deseni, g\u00f6r\u00fcn\u00fcm\u00fcn\u00fcze zamans\u0131z bir g\u00fczellik katar. 18,5 in\u00e7 uzunlu\u011fu, \u00e7e\u015fitli boyun \u00e7izgilerini tamamlayan gurur verici bir siluet olu\u015fturarak bu kolyeyi her durum i\u00e7in \u00e7ok y\u00f6nl\u00fc bir aksesuar haline getirir.<\/p>\n<p dir=\"auto\">Ola\u011fan\u00fcst\u00fc tasar\u0131m <a href=\"https:\/\/www.purejewels.com\/tr\/a-guide-to-die-stamping\/\">zanaatkarl\u0131k<\/a> ve detaylara g\u00f6sterilen \u00f6zenle tasarlanan Sunrise Gold Elchi Kolye, PureJewels UK markas\u0131n\u0131 tan\u0131mlayan kalite ve sanat\u0131n ger\u00e7ek bir kan\u0131t\u0131d\u0131r. Zengin 22 ayar alt\u0131n, y\u0131llarca el \u00fcst\u00fcnde tutulacak l\u00fcks ve uzun \u00f6m\u00fcrl\u00fc bir g\u00f6r\u00fcn\u00fcm sa\u011flar.<\/p>\n<p dir=\"auto\">PureJewels UK'den Elchi Kolye, ister \u00f6zel bir etkinlik i\u00e7in giyiniyor ister g\u00fcnl\u00fck k\u0131yafetlerinize zarif bir son dokunu\u015f ekliyor olun, g\u00f6ren herkesi b\u00fcy\u00fcleyece\u011finden emin olabilirsiniz. Her kullan\u0131mda stilinizi y\u00fckseltecek zarif, kal\u0131c\u0131 g\u00fczellikte bir par\u00e7aya yat\u0131r\u0131m yap\u0131n.<\/p>\n<p dir=\"auto\">PureJewels UK web sitesinden 22 ayar Sunrise Gold Elchi Kolye'yi hemen sat\u0131n al\u0131n ve bu ola\u011fan\u00fcst\u00fc par\u00e7an\u0131n benzersiz i\u015f\u00e7ili\u011fini ve zamans\u0131z \u00e7ekicili\u011fini deneyimleyin.<\/p>","protected":false},"excerpt":{"rendered":"<p>Zarif ve g\u00f6rkemli 22 ayar alt\u0131ndan Elchi Kolye, geleneksel Hint m\u00fccevherlerinin zarafetini \u00e7a\u011fr\u0131\u015ft\u0131r\u0131yor. \u00d6zveriyle el i\u015f\u00e7ili\u011fiyle \u00fcretilen bu par\u00e7a, miras\u0131n ve modern sanat\u0131n zenginli\u011fini kutluyor.<\/p>\n<p><strong>Malzeme:<\/strong>\u00a022 Ayar G\u00fcndo\u011fumu Alt\u0131n<strong><br \/>\nHallmark:\u00a0<\/strong>\u0130ngiliz Damgas\u0131<strong><br \/>\n<\/strong><strong>Br\u00fct A\u011f\u0131rl\u0131k: <\/strong>5.54 Gms<br \/>\n<strong>Uzunluk:\u00a0<\/strong>18 in\u00e7<br \/>\n<strong>Geni\u015flik:<\/strong> 5 mm<br \/>\n<strong>SKU:<\/strong> 49019<\/p>\n<p><strong>Fiyat ve Teslimat<\/strong>: KDV ve teslimat \u00fccreti dahil<br \/>\n<a href=\"https:\/\/www.purejewels.com\/tr\/i%cc%87ade-poli%cc%87ti%cc%87kasi\/\">\u0130ade Politikas\u0131<\/a><\/p>","protected":false},"featured_media":403559,"comment_status":"closed","ping_status":"closed","template":"","meta":{"_eb_attr":"","_crsspst_to_jayantr4sg-hostcom":false},"product_brand":[],"product_cat":[1791,1559,236,5848,6116,1475,1229,1253,1778,1574],"product_tag":[1430],"class_list":{"0":"post-370401","1":"product","2":"type-product","3":"status-publish","4":"has-post-thumbnail","6":"product_cat-anniversary-gifts","7":"product_cat-birthday-gifts","8":"product_cat-collections","9":"product_cat-elchi-collection","10":"product_cat-elchi-necklace","11":"product_cat-gold-chains","12":"product_cat-22ct-gold-jewellery","13":"product_cat-gold-necklaces","14":"product_cat-short-necklaces","15":"product_cat-womens-jewellery","16":"product_tag-diwali-gift","18":"first","19":"onbackorder","20":"taxable","21":"shipping-taxable","22":"purchasable","23":"product-type-simple","24":"add-to-wishlist-before_image"},"yoast_head":"<!-- This site is optimized with the Yoast SEO plugin v27.6 - https:\/\/yoast.com\/product\/yoast-seo-wordpress\/ -->\n<title>Shop online 22ct Sunrise Gold Elchi Necklace | PureJewels UK<\/title>\n<meta name=\"description\" content=\"Discover the elegance of our 22ct Sunrise Gold Elchi Necklace. This exquisite piece, crafted from the finest 22-carat gold, showcases a stunning sunrise design.\" \/>\n<meta name=\"robots\" content=\"index, follow, max-snippet:-1, max-image-preview:large, max-video-preview:-1\" \/>\n<link rel=\"canonical\" href=\"https:\/\/www.purejewels.com\/tr\/urun\/22-ayar-gundogumu-altin-kolye-49019\/\" \/>\n<meta property=\"og:locale\" content=\"tr_TR\" \/>\n<meta property=\"og:type\" content=\"article\" \/>\n<meta property=\"og:title\" content=\"Shop online 22ct Sunrise Gold Elchi Necklace | PureJewels UK\" \/>\n<meta property=\"og:description\" content=\"Discover the elegance of our 22ct Sunrise Gold Elchi Necklace. This exquisite piece, crafted from the finest 22-carat gold, showcases a stunning sunrise design.\" \/>\n<meta property=\"og:url\" content=\"https:\/\/www.purejewels.com\/tr\/urun\/22-ayar-gundogumu-altin-kolye-49019\/\" \/>\n<meta property=\"og:site_name\" content=\"PureJewels UK\" \/>\n<meta property=\"article:modified_time\" content=\"2026-02-27T04:21:20+00:00\" \/>\n<meta property=\"og:image\" content=\"https:\/\/static.purejewels.com\/wp-content\/uploads\/2025\/07\/SKU-49019.jpg\" \/>\n\t<meta property=\"og:image:width\" content=\"1000\" \/>\n\t<meta property=\"og:image:height\" content=\"1000\" \/>\n\t<meta property=\"og:image:type\" content=\"image\/jpeg\" \/>\n<meta name=\"twitter:card\" content=\"summary_large_image\" \/>\n<meta name=\"twitter:label1\" content=\"Tahmini okuma s\u00fcresi\" \/>\n\t<meta name=\"twitter:data1\" content=\"2 dakika\" \/>\n<script type=\"application\/ld+json\" class=\"yoast-schema-graph\">{\"@context\":\"https:\\\/\\\/schema.org\",\"@graph\":[{\"@type\":[\"WebPage\",\"ItemPage\"],\"@id\":\"https:\\\/\\\/www.purejewels.com\\\/product\\\/22ct-sunrise-gold-necklace-49019\\\/\",\"url\":\"https:\\\/\\\/www.purejewels.com\\\/product\\\/22ct-sunrise-gold-necklace-49019\\\/\",\"name\":\"Shop online 22ct Sunrise Gold Elchi Necklace | PureJewels UK\",\"isPartOf\":{\"@id\":\"https:\\\/\\\/www.purejewels.com\\\/#website\"},\"primaryImageOfPage\":{\"@id\":\"https:\\\/\\\/www.purejewels.com\\\/product\\\/22ct-sunrise-gold-necklace-49019\\\/#primaryimage\"},\"image\":{\"@id\":\"https:\\\/\\\/www.purejewels.com\\\/product\\\/22ct-sunrise-gold-necklace-49019\\\/#primaryimage\"},\"thumbnailUrl\":\"https:\\\/\\\/static.purejewels.com\\\/wp-content\\\/uploads\\\/2025\\\/07\\\/SKU-49019.jpg\",\"datePublished\":\"2025-07-04T04:27:22+00:00\",\"dateModified\":\"2026-02-27T04:21:20+00:00\",\"description\":\"Discover the elegance of our 22ct Sunrise Gold Elchi Necklace. This exquisite piece, crafted from the finest 22-carat gold, showcases a stunning sunrise design.\",\"breadcrumb\":{\"@id\":\"https:\\\/\\\/www.purejewels.com\\\/product\\\/22ct-sunrise-gold-necklace-49019\\\/#breadcrumb\"},\"inLanguage\":\"tr\",\"potentialAction\":[{\"@type\":\"ReadAction\",\"target\":[\"https:\\\/\\\/www.purejewels.com\\\/product\\\/22ct-sunrise-gold-necklace-49019\\\/\"]}]},{\"@type\":\"ImageObject\",\"inLanguage\":\"tr\",\"@id\":\"https:\\\/\\\/www.purejewels.com\\\/product\\\/22ct-sunrise-gold-necklace-49019\\\/#primaryimage\",\"url\":\"https:\\\/\\\/static.purejewels.com\\\/wp-content\\\/uploads\\\/2025\\\/07\\\/SKU-49019.jpg\",\"contentUrl\":\"https:\\\/\\\/static.purejewels.com\\\/wp-content\\\/uploads\\\/2025\\\/07\\\/SKU-49019.jpg\",\"width\":1000,\"height\":1000,\"caption\":\"Stacked from 5 images. Method=B (R=8,S=4)\"},{\"@type\":\"BreadcrumbList\",\"@id\":\"https:\\\/\\\/www.purejewels.com\\\/product\\\/22ct-sunrise-gold-necklace-49019\\\/#breadcrumb\",\"itemListElement\":[{\"@type\":\"ListItem\",\"position\":1,\"name\":\"Home\",\"item\":\"https:\\\/\\\/www.purejewels.com\\\/\"},{\"@type\":\"ListItem\",\"position\":2,\"name\":\"Shop\",\"item\":\"https:\\\/\\\/www.purejewels.com\\\/shop\\\/\"},{\"@type\":\"ListItem\",\"position\":3,\"name\":\"Indian Elchi Design Gold Necklace\"}]},{\"@type\":\"WebSite\",\"@id\":\"https:\\\/\\\/www.purejewels.com\\\/#website\",\"url\":\"https:\\\/\\\/www.purejewels.com\\\/\",\"name\":\"PureJewels UK\",\"description\":\"Share the Love\",\"publisher\":{\"@id\":\"https:\\\/\\\/www.purejewels.com\\\/#organization\"},\"potentialAction\":[{\"@type\":\"SearchAction\",\"target\":{\"@type\":\"EntryPoint\",\"urlTemplate\":\"https:\\\/\\\/www.purejewels.com\\\/?s={search_term_string}\"},\"query-input\":{\"@type\":\"PropertyValueSpecification\",\"valueRequired\":true,\"valueName\":\"search_term_string\"}}],\"inLanguage\":\"tr\"},{\"@type\":\"Organization\",\"@id\":\"https:\\\/\\\/www.purejewels.com\\\/#organization\",\"name\":\"PureJewels UK\",\"url\":\"https:\\\/\\\/www.purejewels.com\\\/\",\"logo\":{\"@type\":\"ImageObject\",\"inLanguage\":\"tr\",\"@id\":\"https:\\\/\\\/www.purejewels.com\\\/#\\\/schema\\\/logo\\\/image\\\/\",\"url\":\"https:\\\/\\\/static.purejewels.com\\\/wp-content\\\/uploads\\\/2020\\\/11\\\/Logo-PJ-New-1.png\",\"contentUrl\":\"https:\\\/\\\/static.purejewels.com\\\/wp-content\\\/uploads\\\/2020\\\/11\\\/Logo-PJ-New-1.png\",\"width\":150,\"height\":80,\"caption\":\"PureJewels UK\"},\"image\":{\"@id\":\"https:\\\/\\\/www.purejewels.com\\\/#\\\/schema\\\/logo\\\/image\\\/\"}}]}<\/script>\n<!-- \/ Yoast SEO plugin. -->","yoast_head_json":{"title":"Online al\u0131\u015fveri\u015f 22ct Sunrise Alt\u0131n Elchi Kolye | PureJewels UK","description":"22 ayar G\u00fcn Do\u011fumu Alt\u0131n Elchi Kolyemizin zarafetini ke\u015ffedin. En iyi 22 ayar alt\u0131ndan \u00fcretilen bu zarif par\u00e7a, \u00e7arp\u0131c\u0131 bir g\u00fcn do\u011fumu tasar\u0131m\u0131 sergiliyor.","robots":{"index":"index","follow":"follow","max-snippet":"max-snippet:-1","max-image-preview":"max-image-preview:large","max-video-preview":"max-video-preview:-1"},"canonical":"https:\/\/www.purejewels.com\/tr\/urun\/22-ayar-gundogumu-altin-kolye-49019\/","og_locale":"tr_TR","og_type":"article","og_title":"Shop online 22ct Sunrise Gold Elchi Necklace | PureJewels UK","og_description":"Discover the elegance of our 22ct Sunrise Gold Elchi Necklace. This exquisite piece, crafted from the finest 22-carat gold, showcases a stunning sunrise design.","og_url":"https:\/\/www.purejewels.com\/tr\/urun\/22-ayar-gundogumu-altin-kolye-49019\/","og_site_name":"PureJewels UK","article_modified_time":"2026-02-27T04:21:20+00:00","og_image":[{"width":1000,"height":1000,"url":"https:\/\/static.purejewels.com\/wp-content\/uploads\/2025\/07\/SKU-49019.jpg","type":"image\/jpeg"}],"twitter_card":"summary_large_image","twitter_misc":{"Tahmini okuma s\u00fcresi":"2 dakika"},"schema":{"@context":"https:\/\/schema.org","@graph":[{"@type":["WebPage","ItemPage"],"@id":"https:\/\/www.purejewels.com\/product\/22ct-sunrise-gold-necklace-49019\/","url":"https:\/\/www.purejewels.com\/product\/22ct-sunrise-gold-necklace-49019\/","name":"Online al\u0131\u015fveri\u015f 22ct Sunrise Alt\u0131n Elchi Kolye | PureJewels UK","isPartOf":{"@id":"https:\/\/www.purejewels.com\/#website"},"primaryImageOfPage":{"@id":"https:\/\/www.purejewels.com\/product\/22ct-sunrise-gold-necklace-49019\/#primaryimage"},"image":{"@id":"https:\/\/www.purejewels.com\/product\/22ct-sunrise-gold-necklace-49019\/#primaryimage"},"thumbnailUrl":"https:\/\/static.purejewels.com\/wp-content\/uploads\/2025\/07\/SKU-49019.jpg","datePublished":"2025-07-04T04:27:22+00:00","dateModified":"2026-02-27T04:21:20+00:00","description":"22 ayar G\u00fcn Do\u011fumu Alt\u0131n Elchi Kolyemizin zarafetini ke\u015ffedin. En iyi 22 ayar alt\u0131ndan \u00fcretilen bu zarif par\u00e7a, \u00e7arp\u0131c\u0131 bir g\u00fcn do\u011fumu tasar\u0131m\u0131 sergiliyor.","breadcrumb":{"@id":"https:\/\/www.purejewels.com\/product\/22ct-sunrise-gold-necklace-49019\/#breadcrumb"},"inLanguage":"tr","potentialAction":[{"@type":"ReadAction","target":["https:\/\/www.purejewels.com\/product\/22ct-sunrise-gold-necklace-49019\/"]}]},{"@type":"ImageObject","inLanguage":"tr","@id":"https:\/\/www.purejewels.com\/product\/22ct-sunrise-gold-necklace-49019\/#primaryimage","url":"https:\/\/static.purejewels.com\/wp-content\/uploads\/2025\/07\/SKU-49019.jpg","contentUrl":"https:\/\/static.purejewels.com\/wp-content\/uploads\/2025\/07\/SKU-49019.jpg","width":1000,"height":1000,"caption":"Stacked from 5 images. Method=B (R=8,S=4)"},{"@type":"BreadcrumbList","@id":"https:\/\/www.purejewels.com\/product\/22ct-sunrise-gold-necklace-49019\/#breadcrumb","itemListElement":[{"@type":"ListItem","position":1,"name":"Home","item":"https:\/\/www.purejewels.com\/"},{"@type":"ListItem","position":2,"name":"Shop","item":"https:\/\/www.purejewels.com\/shop\/"},{"@type":"ListItem","position":3,"name":"Indian Elchi Design Gold Necklace"}]},{"@type":"WebSite","@id":"https:\/\/www.purejewels.com\/#website","url":"https:\/\/www.purejewels.com\/","name":"PureJewels \u0130ngiltere","description":"Sevgiyi Payla\u015f\u0131n","publisher":{"@id":"https:\/\/www.purejewels.com\/#organization"},"potentialAction":[{"@type":"SearchAction","target":{"@type":"EntryPoint","urlTemplate":"https:\/\/www.purejewels.com\/?s={search_term_string}"},"query-input":{"@type":"PropertyValueSpecification","valueRequired":true,"valueName":"search_term_string"}}],"inLanguage":"tr"},{"@type":"Organization","@id":"https:\/\/www.purejewels.com\/#organization","name":"PureJewels \u0130ngiltere","url":"https:\/\/www.purejewels.com\/","logo":{"@type":"ImageObject","inLanguage":"tr","@id":"https:\/\/www.purejewels.com\/#\/schema\/logo\/image\/","url":"https:\/\/static.purejewels.com\/wp-content\/uploads\/2020\/11\/Logo-PJ-New-1.png","contentUrl":"https:\/\/static.purejewels.com\/wp-content\/uploads\/2020\/11\/Logo-PJ-New-1.png","width":150,"height":80,"caption":"PureJewels UK"},"image":{"@id":"https:\/\/www.purejewels.com\/#\/schema\/logo\/image\/"}}]}},"_links":{"self":[{"href":"https:\/\/www.purejewels.com\/tr\/wp-json\/wp\/v2\/product\/370401","targetHints":{"allow":["GET"]}}],"collection":[{"href":"https:\/\/www.purejewels.com\/tr\/wp-json\/wp\/v2\/product"}],"about":[{"href":"https:\/\/www.purejewels.com\/tr\/wp-json\/wp\/v2\/types\/product"}],"replies":[{"embeddable":true,"href":"https:\/\/www.purejewels.com\/tr\/wp-json\/wp\/v2\/comments?post=370401"}],"version-history":[{"count":4,"href":"https:\/\/www.purejewels.com\/tr\/wp-json\/wp\/v2\/product\/370401\/revisions"}],"predecessor-version":[{"id":410625,"href":"https:\/\/www.purejewels.com\/tr\/wp-json\/wp\/v2\/product\/370401\/revisions\/410625"}],"wp:featuredmedia":[{"embeddable":true,"href":"https:\/\/www.purejewels.com\/tr\/wp-json\/wp\/v2\/media\/403559"}],"wp:attachment":[{"href":"https:\/\/www.purejewels.com\/tr\/wp-json\/wp\/v2\/media?parent=370401"}],"wp:term":[{"taxonomy":"product_brand","embeddable":true,"href":"https:\/\/www.purejewels.com\/tr\/wp-json\/wp\/v2\/product_brand?post=370401"},{"taxonomy":"product_cat","embeddable":true,"href":"https:\/\/www.purejewels.com\/tr\/wp-json\/wp\/v2\/product_cat?post=370401"},{"taxonomy":"product_tag","embeddable":true,"href":"https:\/\/www.purejewels.com\/tr\/wp-json\/wp\/v2\/product_tag?post=370401"}],"curies":[{"name":"wp","href":"https:\/\/api.w.org\/{rel}","templated":true}]}}