{"id":370406,"date":"2024-05-11T05:57:00","date_gmt":"2024-05-11T04:57:00","guid":{"rendered":"https:\/\/www.purejewels.com\/?post_type=product&#038;p=370406"},"modified":"2026-02-09T09:12:08","modified_gmt":"2026-02-09T09:12:08","slug":"22-ayar-gundogumu-altin-kolye-49017","status":"publish","type":"product","link":"https:\/\/www.purejewels.com\/tr\/product\/22ct-sunrise-gold-necklace-49017\/","title":{"rendered":"22 Ayar G\u00fcndo\u011fumu Alt\u0131n Kolye"},"content":{"rendered":"<p>Tan\u0131t\u0131m\u0131 <a href=\"https:\/\/www.purejewels.com\/tr\/product\/22ct-gold-jali-filigree-ring-jali-collection-31926\/\">22ct<\/a> G\u00fcndo\u011fumu Alt\u0131n Kolye, \u00e7arp\u0131c\u0131 bir par\u00e7a <a href=\"https:\/\/www.purejewels.com\/tr\/product\/18ct-yellow-gold-diamond-and-peridot-necklace-18-inches-44229\/\">l\u00fcks m\u00fccevherler<\/a> zamans\u0131z zarafet ve sofistikeli\u011fi temsil ediyor. En iyi 22 ayar alt\u0131ndan \u00fcretilen bu kolye, \u015fafa\u011f\u0131n ilk \u0131\u015f\u0131klar\u0131n\u0131 an\u0131msatan s\u0131cak ve zengin bir par\u0131lt\u0131 yayar. 18,5 in\u00e7 \u00f6l\u00e7\u00fcs\u00fcyle boynun etraf\u0131na zarif bir \u015fekilde oturur ve her durum i\u00e7in m\u00fckemmel bir aksesuard\u0131r. \u0130ster tek ba\u015f\u0131na ister di\u011fer par\u00e7alarla birlikte tak\u0131ls\u0131n, bu kolye g\u00f6r\u00fcn\u00fcm\u00fcn\u00fcze zenginlik katar. \u0130nce i\u015f\u00e7ili\u011fi takdir edenler i\u00e7in ideal <a href=\"https:\/\/www.purejewels.com\/tr\/a-guide-to-die-stamping\/\">zanaatkarl\u0131k<\/a> ve zarif tasar\u0131m\u0131yla 22 ayar G\u00fcn Do\u011fumu Alt\u0131n Kolye bir m\u00fccevherden \u00e7ok daha fazlas\u0131d\u0131r; bir stil ve l\u00fcks ifadesidir.<\/p>","protected":false},"excerpt":{"rendered":"<div class=\"flex between-xs middle-xs price-review\">\n<div class=\"yith-ywraq-add-to-quote add-to-quote-327643 near-add-to-cart\">\n<div class=\"yith-ywraq-add-button show\"><\/div>\n<\/div>\n<\/div>\n<div class=\"woocommerce-product-details__short-description\">\n<table class=\"sh_desc\">\n<tbody>\n<tr>\n<td>Kolye Tipi<\/td>\n<td>Lariate Kolye<\/td>\n<\/tr>\n<tr>\n<td>SKU<\/td>\n<td>49017<\/td>\n<\/tr>\n<tr>\n<td>A\u011f\u0131rl\u0131k<\/td>\n<td>7.4 Gms<\/td>\n<\/tr>\n<tr>\n<td>Metal<\/td>\n<td>22 Ayar G\u00fcndo\u011fumu Alt\u0131n<\/td>\n<\/tr>\n<tr>\n<td>Uzunluk<\/td>\n<td>18,5 \u0130n\u00e7<\/td>\n<\/tr>\n<tr>\n<td>Hallmark<\/td>\n<td>Londra Tahlil Ofisi Taraf\u0131ndan Damgalanm\u0131\u015f 22 Ayar Alt\u0131n<\/td>\n<\/tr>\n<tr>\n<td>\u00dccretler<\/td>\n<td>Teslimat ve KDV Dahil<\/td>\n<\/tr>\n<tr>\n<td>Paketleme<\/td>\n<td>Sunum Kutusu ile Birlikte Gelir<\/td>\n<\/tr>\n<tr>\n<td>Daha Fazla Bilgi<\/td>\n<td>M\u00fcsaitlik durumu ve daha fazla resim i\u00e7in bizimle canl\u0131 sohbet edin<\/td>\n<\/tr>\n<\/tbody>\n<\/table>\n<p>&nbsp;<\/p>\n<\/div>","protected":false},"featured_media":373121,"comment_status":"closed","ping_status":"closed","template":"","meta":{"_eb_attr":"","_crsspst_to_jayantr4sg-hostcom":false},"product_brand":[],"product_cat":[1791,1559,1794,236,1793,5848,6116,6049,1475,1229,1253,5902,1570,1778,1569,1574],"product_tag":[1430],"class_list":{"0":"post-370406","1":"product","2":"type-product","3":"status-publish","4":"has-post-thumbnail","6":"product_cat-anniversary-gifts","7":"product_cat-birthday-gifts","8":"product_cat-christmas-gifts","9":"product_cat-collections","10":"product_cat-diwali-gifts","11":"product_cat-elchi-collection","12":"product_cat-elchi-necklace","13":"product_cat-fancy-chain","14":"product_cat-gold-chains","15":"product_cat-22ct-gold-jewellery","16":"product_cat-gold-necklaces","17":"product_cat-lariat-necklace","18":"product_cat-mothers-day-gifts","19":"product_cat-short-necklaces","20":"product_cat-valentine-day-gifts","21":"product_cat-womens-jewellery","22":"product_tag-diwali-gift","24":"first","25":"instock","26":"taxable","27":"shipping-taxable","28":"purchasable","29":"product-type-simple","30":"add-to-wishlist-before_image"},"yoast_head":"<!-- This site is optimized with the Yoast SEO plugin v27.3 - https:\/\/yoast.com\/product\/yoast-seo-wordpress\/ -->\n<title>22ct Sunrise Gold Necklace | 18.5 Inches | Luxury Jewellery<\/title>\n<meta name=\"description\" content=\"Discover the elegance of the 22ct Sunrise Gold Necklace. Crafted from 22-carat gold, this 18.5-inch luxury piece adds a touch of timeless sophistication to any outfit.\" \/>\n<meta name=\"robots\" content=\"index, follow, max-snippet:-1, max-image-preview:large, max-video-preview:-1\" \/>\n<link rel=\"canonical\" href=\"https:\/\/www.purejewels.com\/tr\/urun\/22-ayar-gundogumu-altin-kolye-49017\/\" \/>\n<meta property=\"og:locale\" content=\"tr_TR\" \/>\n<meta property=\"og:type\" content=\"article\" \/>\n<meta property=\"og:title\" content=\"22ct Sunrise Gold Necklace | 18.5 Inches | Luxury Jewellery\" \/>\n<meta property=\"og:description\" content=\"Discover the elegance of the 22ct Sunrise Gold Necklace. Crafted from 22-carat gold, this 18.5-inch luxury piece adds a touch of timeless sophistication to any outfit.\" \/>\n<meta property=\"og:url\" content=\"https:\/\/www.purejewels.com\/tr\/urun\/22-ayar-gundogumu-altin-kolye-49017\/\" \/>\n<meta property=\"og:site_name\" content=\"PureJewels UK\" \/>\n<meta property=\"article:modified_time\" content=\"2026-02-09T09:12:08+00:00\" \/>\n<meta property=\"og:image\" content=\"https:\/\/static.purejewels.com\/wp-content\/uploads\/2024\/08\/SKU-49017.png\" \/>\n\t<meta property=\"og:image:width\" content=\"1000\" \/>\n\t<meta property=\"og:image:height\" content=\"1000\" \/>\n\t<meta property=\"og:image:type\" content=\"image\/png\" \/>\n<meta name=\"twitter:card\" content=\"summary_large_image\" \/>\n<meta name=\"twitter:label1\" content=\"Tahmini okuma s\u00fcresi\" \/>\n\t<meta name=\"twitter:data1\" content=\"1 dakika\" \/>\n<script type=\"application\/ld+json\" class=\"yoast-schema-graph\">{\"@context\":\"https:\\\/\\\/schema.org\",\"@graph\":[{\"@type\":[\"WebPage\",\"ItemPage\"],\"@id\":\"https:\\\/\\\/www.purejewels.com\\\/product\\\/22ct-sunrise-gold-necklace-49017\\\/\",\"url\":\"https:\\\/\\\/www.purejewels.com\\\/product\\\/22ct-sunrise-gold-necklace-49017\\\/\",\"name\":\"22ct Sunrise Gold Necklace | 18.5 Inches | Luxury Jewellery\",\"isPartOf\":{\"@id\":\"https:\\\/\\\/www.purejewels.com\\\/#website\"},\"primaryImageOfPage\":{\"@id\":\"https:\\\/\\\/www.purejewels.com\\\/product\\\/22ct-sunrise-gold-necklace-49017\\\/#primaryimage\"},\"image\":{\"@id\":\"https:\\\/\\\/www.purejewels.com\\\/product\\\/22ct-sunrise-gold-necklace-49017\\\/#primaryimage\"},\"thumbnailUrl\":\"https:\\\/\\\/static.purejewels.com\\\/wp-content\\\/uploads\\\/2024\\\/08\\\/SKU-49017.png\",\"datePublished\":\"2024-05-11T04:57:00+00:00\",\"dateModified\":\"2026-02-09T09:12:08+00:00\",\"description\":\"Discover the elegance of the 22ct Sunrise Gold Necklace. Crafted from 22-carat gold, this 18.5-inch luxury piece adds a touch of timeless sophistication to any outfit.\",\"breadcrumb\":{\"@id\":\"https:\\\/\\\/www.purejewels.com\\\/product\\\/22ct-sunrise-gold-necklace-49017\\\/#breadcrumb\"},\"inLanguage\":\"tr\",\"potentialAction\":[{\"@type\":\"ReadAction\",\"target\":[\"https:\\\/\\\/www.purejewels.com\\\/product\\\/22ct-sunrise-gold-necklace-49017\\\/\"]}]},{\"@type\":\"ImageObject\",\"inLanguage\":\"tr\",\"@id\":\"https:\\\/\\\/www.purejewels.com\\\/product\\\/22ct-sunrise-gold-necklace-49017\\\/#primaryimage\",\"url\":\"https:\\\/\\\/static.purejewels.com\\\/wp-content\\\/uploads\\\/2024\\\/08\\\/SKU-49017.png\",\"contentUrl\":\"https:\\\/\\\/static.purejewels.com\\\/wp-content\\\/uploads\\\/2024\\\/08\\\/SKU-49017.png\",\"width\":1000,\"height\":1000,\"caption\":\"22ct Sunrise Gold Necklace\"},{\"@type\":\"BreadcrumbList\",\"@id\":\"https:\\\/\\\/www.purejewels.com\\\/product\\\/22ct-sunrise-gold-necklace-49017\\\/#breadcrumb\",\"itemListElement\":[{\"@type\":\"ListItem\",\"position\":1,\"name\":\"Home\",\"item\":\"https:\\\/\\\/www.purejewels.com\\\/\"},{\"@type\":\"ListItem\",\"position\":2,\"name\":\"Shop\",\"item\":\"https:\\\/\\\/www.purejewels.com\\\/shop\\\/\"},{\"@type\":\"ListItem\",\"position\":3,\"name\":\"22ct Sunrise Gold Necklace\"}]},{\"@type\":\"WebSite\",\"@id\":\"https:\\\/\\\/www.purejewels.com\\\/#website\",\"url\":\"https:\\\/\\\/www.purejewels.com\\\/\",\"name\":\"PureJewels UK\",\"description\":\"Share the Love\",\"publisher\":{\"@id\":\"https:\\\/\\\/www.purejewels.com\\\/#organization\"},\"potentialAction\":[{\"@type\":\"SearchAction\",\"target\":{\"@type\":\"EntryPoint\",\"urlTemplate\":\"https:\\\/\\\/www.purejewels.com\\\/?s={search_term_string}\"},\"query-input\":{\"@type\":\"PropertyValueSpecification\",\"valueRequired\":true,\"valueName\":\"search_term_string\"}}],\"inLanguage\":\"tr\"},{\"@type\":\"Organization\",\"@id\":\"https:\\\/\\\/www.purejewels.com\\\/#organization\",\"name\":\"PureJewels UK\",\"url\":\"https:\\\/\\\/www.purejewels.com\\\/\",\"logo\":{\"@type\":\"ImageObject\",\"inLanguage\":\"tr\",\"@id\":\"https:\\\/\\\/www.purejewels.com\\\/#\\\/schema\\\/logo\\\/image\\\/\",\"url\":\"https:\\\/\\\/static.purejewels.com\\\/wp-content\\\/uploads\\\/2020\\\/11\\\/Logo-PJ-New-1.png\",\"contentUrl\":\"https:\\\/\\\/static.purejewels.com\\\/wp-content\\\/uploads\\\/2020\\\/11\\\/Logo-PJ-New-1.png\",\"width\":150,\"height\":80,\"caption\":\"PureJewels UK\"},\"image\":{\"@id\":\"https:\\\/\\\/www.purejewels.com\\\/#\\\/schema\\\/logo\\\/image\\\/\"}}]}<\/script>\n<!-- \/ Yoast SEO plugin. -->","yoast_head_json":{"title":"22 Ayar G\u00fcndo\u011fumu Alt\u0131n Kolye | 18,5 \u0130n\u00e7 | L\u00fcks M\u00fccevherat","description":"22ct Sunrise Alt\u0131n Kolye'nin zarafetini ke\u015ffedin. 22 ayar alt\u0131ndan \u00fcretilen bu 18,5 in\u00e7lik l\u00fcks par\u00e7a, her k\u0131yafete zamans\u0131z bir sofistike dokunu\u015f katar.","robots":{"index":"index","follow":"follow","max-snippet":"max-snippet:-1","max-image-preview":"max-image-preview:large","max-video-preview":"max-video-preview:-1"},"canonical":"https:\/\/www.purejewels.com\/tr\/urun\/22-ayar-gundogumu-altin-kolye-49017\/","og_locale":"tr_TR","og_type":"article","og_title":"22ct Sunrise Gold Necklace | 18.5 Inches | Luxury Jewellery","og_description":"Discover the elegance of the 22ct Sunrise Gold Necklace. Crafted from 22-carat gold, this 18.5-inch luxury piece adds a touch of timeless sophistication to any outfit.","og_url":"https:\/\/www.purejewels.com\/tr\/urun\/22-ayar-gundogumu-altin-kolye-49017\/","og_site_name":"PureJewels UK","article_modified_time":"2026-02-09T09:12:08+00:00","og_image":[{"width":1000,"height":1000,"url":"https:\/\/static.purejewels.com\/wp-content\/uploads\/2024\/08\/SKU-49017.png","type":"image\/png"}],"twitter_card":"summary_large_image","twitter_misc":{"Tahmini okuma s\u00fcresi":"1 dakika"},"schema":{"@context":"https:\/\/schema.org","@graph":[{"@type":["WebPage","ItemPage"],"@id":"https:\/\/www.purejewels.com\/product\/22ct-sunrise-gold-necklace-49017\/","url":"https:\/\/www.purejewels.com\/product\/22ct-sunrise-gold-necklace-49017\/","name":"22 Ayar G\u00fcndo\u011fumu Alt\u0131n Kolye | 18,5 \u0130n\u00e7 | L\u00fcks M\u00fccevherat","isPartOf":{"@id":"https:\/\/www.purejewels.com\/#website"},"primaryImageOfPage":{"@id":"https:\/\/www.purejewels.com\/product\/22ct-sunrise-gold-necklace-49017\/#primaryimage"},"image":{"@id":"https:\/\/www.purejewels.com\/product\/22ct-sunrise-gold-necklace-49017\/#primaryimage"},"thumbnailUrl":"https:\/\/static.purejewels.com\/wp-content\/uploads\/2024\/08\/SKU-49017.png","datePublished":"2024-05-11T04:57:00+00:00","dateModified":"2026-02-09T09:12:08+00:00","description":"22ct Sunrise Alt\u0131n Kolye'nin zarafetini ke\u015ffedin. 22 ayar alt\u0131ndan \u00fcretilen bu 18,5 in\u00e7lik l\u00fcks par\u00e7a, her k\u0131yafete zamans\u0131z bir sofistike dokunu\u015f katar.","breadcrumb":{"@id":"https:\/\/www.purejewels.com\/product\/22ct-sunrise-gold-necklace-49017\/#breadcrumb"},"inLanguage":"tr","potentialAction":[{"@type":"ReadAction","target":["https:\/\/www.purejewels.com\/product\/22ct-sunrise-gold-necklace-49017\/"]}]},{"@type":"ImageObject","inLanguage":"tr","@id":"https:\/\/www.purejewels.com\/product\/22ct-sunrise-gold-necklace-49017\/#primaryimage","url":"https:\/\/static.purejewels.com\/wp-content\/uploads\/2024\/08\/SKU-49017.png","contentUrl":"https:\/\/static.purejewels.com\/wp-content\/uploads\/2024\/08\/SKU-49017.png","width":1000,"height":1000,"caption":"22ct Sunrise Gold Necklace"},{"@type":"BreadcrumbList","@id":"https:\/\/www.purejewels.com\/product\/22ct-sunrise-gold-necklace-49017\/#breadcrumb","itemListElement":[{"@type":"ListItem","position":1,"name":"Home","item":"https:\/\/www.purejewels.com\/"},{"@type":"ListItem","position":2,"name":"Shop","item":"https:\/\/www.purejewels.com\/shop\/"},{"@type":"ListItem","position":3,"name":"22ct Sunrise Gold Necklace"}]},{"@type":"WebSite","@id":"https:\/\/www.purejewels.com\/#website","url":"https:\/\/www.purejewels.com\/","name":"PureJewels \u0130ngiltere","description":"Sevgiyi Payla\u015f\u0131n","publisher":{"@id":"https:\/\/www.purejewels.com\/#organization"},"potentialAction":[{"@type":"SearchAction","target":{"@type":"EntryPoint","urlTemplate":"https:\/\/www.purejewels.com\/?s={search_term_string}"},"query-input":{"@type":"PropertyValueSpecification","valueRequired":true,"valueName":"search_term_string"}}],"inLanguage":"tr"},{"@type":"Organization","@id":"https:\/\/www.purejewels.com\/#organization","name":"PureJewels \u0130ngiltere","url":"https:\/\/www.purejewels.com\/","logo":{"@type":"ImageObject","inLanguage":"tr","@id":"https:\/\/www.purejewels.com\/#\/schema\/logo\/image\/","url":"https:\/\/static.purejewels.com\/wp-content\/uploads\/2020\/11\/Logo-PJ-New-1.png","contentUrl":"https:\/\/static.purejewels.com\/wp-content\/uploads\/2020\/11\/Logo-PJ-New-1.png","width":150,"height":80,"caption":"PureJewels UK"},"image":{"@id":"https:\/\/www.purejewels.com\/#\/schema\/logo\/image\/"}}]}},"_links":{"self":[{"href":"https:\/\/www.purejewels.com\/tr\/wp-json\/wp\/v2\/product\/370406","targetHints":{"allow":["GET"]}}],"collection":[{"href":"https:\/\/www.purejewels.com\/tr\/wp-json\/wp\/v2\/product"}],"about":[{"href":"https:\/\/www.purejewels.com\/tr\/wp-json\/wp\/v2\/types\/product"}],"replies":[{"embeddable":true,"href":"https:\/\/www.purejewels.com\/tr\/wp-json\/wp\/v2\/comments?post=370406"}],"version-history":[{"count":4,"href":"https:\/\/www.purejewels.com\/tr\/wp-json\/wp\/v2\/product\/370406\/revisions"}],"predecessor-version":[{"id":383541,"href":"https:\/\/www.purejewels.com\/tr\/wp-json\/wp\/v2\/product\/370406\/revisions\/383541"}],"wp:featuredmedia":[{"embeddable":true,"href":"https:\/\/www.purejewels.com\/tr\/wp-json\/wp\/v2\/media\/373121"}],"wp:attachment":[{"href":"https:\/\/www.purejewels.com\/tr\/wp-json\/wp\/v2\/media?parent=370406"}],"wp:term":[{"taxonomy":"product_brand","embeddable":true,"href":"https:\/\/www.purejewels.com\/tr\/wp-json\/wp\/v2\/product_brand?post=370406"},{"taxonomy":"product_cat","embeddable":true,"href":"https:\/\/www.purejewels.com\/tr\/wp-json\/wp\/v2\/product_cat?post=370406"},{"taxonomy":"product_tag","embeddable":true,"href":"https:\/\/www.purejewels.com\/tr\/wp-json\/wp\/v2\/product_tag?post=370406"}],"curies":[{"name":"wp","href":"https:\/\/api.w.org\/{rel}","templated":true}]}}