{"id":370420,"date":"2024-08-27T09:54:45","date_gmt":"2024-08-27T08:54:45","guid":{"rendered":"https:\/\/www.purejewels.com\/?post_type=product&#038;p=370420"},"modified":"2026-01-06T08:01:27","modified_gmt":"2026-01-06T08:01:27","slug":"22-ayar-gundogumu-altin-bas-harf-a-kolye-ucu-48626","status":"publish","type":"product","link":"https:\/\/www.purejewels.com\/tr\/product\/22ct-sunrise-gold-initial-a-pendant-48626\/","title":{"rendered":"22 Ayar G\u00fcndo\u011fumu Alt\u0131n Ba\u015f Harfi K Kolye | Vinyasa Koleksiyonu"},"content":{"rendered":"<div class=\"markdown markdown-main-panel\" dir=\"ltr\">\n<p data-sourcepos=\"3:1-3:412\">G\u00fczelli\u011fimizle kendinizi \u015f\u0131mart\u0131n <a href=\"https:\/\/www.purejewels.com\/tr\/product\/22ct-gold-jali-filigree-ring-jali-collection-31926\/\">22ct<\/a> G\u00fcn Do\u011fumu Alt\u0131n Ba\u015f Harfi K Kolye Ucu. Vinyasa Koleksiyonumuzun bir par\u00e7as\u0131 olan bu zarif par\u00e7a, en iyi 22 ayar alt\u0131nla \u00fcretilmi\u015ftir ve b\u00fcy\u00fcleyici bir g\u00fcn do\u011fumu tasar\u0131m\u0131na sahiptir. <span class=\"citation-0 recitation citation-end-0\">Kolye ucu, \"K\" harfini narin ve zarif bir tarzda sergiliyor.<\/span><\/p>\n<p data-sourcepos=\"3:1-3:412\">G\u00f6r\u00fcn\u00fcm\u00fcn\u00fcze ki\u015fisel bir dokunu\u015f katmak i\u00e7in m\u00fckemmel olan bu kolye ucu, y\u0131llarca el \u00fcst\u00fcnde tutulacak zamans\u0131z bir par\u00e7ad\u0131r.<span class=\"button-container ng-star-inserted\">\u00a0 \u00a0<\/span><\/p>\n<\/div>","protected":false},"excerpt":{"rendered":"<div class=\"woocommerce-product-details__short-description\">\n<div class=\"woocommerce-product-details__short-description\">\n<table class=\"sh_desc\">\n<tbody>\n<tr>\n<td>Kolye Tipi<\/td>\n<td>S\u00fcsl\u00fc Ba\u015f Harf Kolye<\/td>\n<\/tr>\n<tr>\n<td>SKU<\/td>\n<td>48626<\/td>\n<\/tr>\n<tr>\n<td>A\u011f\u0131rl\u0131k<\/td>\n<td>1.4 Gms<\/td>\n<\/tr>\n<tr>\n<td>Metal<\/td>\n<td>22 Ayar G\u00fcndo\u011fumu Alt\u0131n<\/td>\n<\/tr>\n<tr>\n<td>\u00dccretler<\/td>\n<td>Teslimat ve KDV Dahil<\/td>\n<\/tr>\n<tr>\n<td>Paketleme<\/td>\n<td>Sunum Kutusu ile Birlikte Gelir<\/td>\n<\/tr>\n<tr>\n<td>Daha Fazla Bilgi<\/td>\n<td>\n<ul>\n<li>Zincir dahil de\u011fildir<\/li>\n<li>Bizim g\u00f6r\u00fcnt\u00fcleyin<strong>\u00a0Alt\u0131n Zincirler<\/strong>\u00a0koleksiyon<\/li>\n<li>M\u00fcsaitlik durumu ve daha fazla resim i\u00e7in bizimle canl\u0131 sohbet edin<\/li>\n<\/ul>\n<\/td>\n<\/tr>\n<\/tbody>\n<\/table>\n<\/div>\n<div class=\"btn-atc atc-slide\"><\/div>\n<div class=\"product_meta\"><\/div>\n<\/div>","protected":false},"featured_media":380537,"comment_status":"closed","ping_status":"closed","template":"","meta":{"_eb_attr":"","_crsspst_to_jayantr4sg-hostcom":false},"product_brand":[],"product_cat":[1794,1229,1255,5598,1767,5906,6051,1569,1480],"product_tag":[],"class_list":{"0":"post-370420","1":"product","2":"type-product","3":"status-publish","4":"has-post-thumbnail","6":"product_cat-christmas-gifts","7":"product_cat-22ct-gold-jewellery","8":"product_cat-gold-pendants","9":"product_cat-initial-pendant","10":"product_cat-ladies-pendants","11":"product_cat-personalised-jewellery","12":"product_cat-personalised-pendant","13":"product_cat-valentine-day-gifts","14":"product_cat-vinyasa-collections","16":"first","17":"outofstock","18":"taxable","19":"shipping-taxable","20":"product-type-simple","21":"add-to-wishlist-before_image"},"yoast_head":"<!-- This site is optimized with the Yoast SEO plugin v27.5 - https:\/\/yoast.com\/product\/yoast-seo-wordpress\/ -->\n<title>22ct Sunrise Gold Initial &#039;K&#039; Pendant | Elegant Jewellery<\/title>\n<meta name=\"description\" content=\"Elevate your style with our exquisite 22ct Sunrise Gold Initial &#039;K&#039; Pendant. Crafted from the finest 22-carat gold and available for free UK delivery.\" \/>\n<meta name=\"robots\" content=\"index, follow, max-snippet:-1, max-image-preview:large, max-video-preview:-1\" \/>\n<link rel=\"canonical\" href=\"https:\/\/www.purejewels.com\/tr\/urun\/22-ayar-gundogumu-altin-bas-harf-a-kolye-ucu-48626\/\" \/>\n<meta property=\"og:locale\" content=\"tr_TR\" \/>\n<meta property=\"og:type\" content=\"article\" \/>\n<meta property=\"og:title\" content=\"22ct Sunrise Gold Initial &#039;K&#039; Pendant | Elegant Jewellery\" \/>\n<meta property=\"og:description\" content=\"Elevate your style with our exquisite 22ct Sunrise Gold Initial &#039;K&#039; Pendant. Crafted from the finest 22-carat gold and available for free UK delivery.\" \/>\n<meta property=\"og:url\" content=\"https:\/\/www.purejewels.com\/tr\/urun\/22-ayar-gundogumu-altin-bas-harf-a-kolye-ucu-48626\/\" \/>\n<meta property=\"og:site_name\" content=\"PureJewels UK\" \/>\n<meta property=\"article:modified_time\" content=\"2026-01-06T08:01:27+00:00\" \/>\n<meta property=\"og:image\" content=\"https:\/\/www.purejewels.com\/wp-content\/uploads\/2024\/08\/48626_1.png\" \/>\n\t<meta property=\"og:image:width\" content=\"1000\" \/>\n\t<meta property=\"og:image:height\" content=\"1000\" \/>\n\t<meta property=\"og:image:type\" content=\"image\/png\" \/>\n<meta name=\"twitter:card\" content=\"summary_large_image\" \/>\n<meta name=\"twitter:label1\" content=\"Tahmini okuma s\u00fcresi\" \/>\n\t<meta name=\"twitter:data1\" content=\"1 dakika\" \/>\n<script type=\"application\/ld+json\" class=\"yoast-schema-graph\">{\"@context\":\"https:\\\/\\\/schema.org\",\"@graph\":[{\"@type\":[\"WebPage\",\"ItemPage\"],\"@id\":\"https:\\\/\\\/www.purejewels.com\\\/product\\\/22ct-sunrise-gold-initial-a-pendant-48626\\\/\",\"url\":\"https:\\\/\\\/www.purejewels.com\\\/product\\\/22ct-sunrise-gold-initial-a-pendant-48626\\\/\",\"name\":\"22ct Sunrise Gold Initial 'K' Pendant | Elegant Jewellery\",\"isPartOf\":{\"@id\":\"https:\\\/\\\/www.purejewels.com\\\/#website\"},\"primaryImageOfPage\":{\"@id\":\"https:\\\/\\\/www.purejewels.com\\\/product\\\/22ct-sunrise-gold-initial-a-pendant-48626\\\/#primaryimage\"},\"image\":{\"@id\":\"https:\\\/\\\/www.purejewels.com\\\/product\\\/22ct-sunrise-gold-initial-a-pendant-48626\\\/#primaryimage\"},\"thumbnailUrl\":\"https:\\\/\\\/static.purejewels.com\\\/wp-content\\\/uploads\\\/2024\\\/08\\\/48626_1.png\",\"datePublished\":\"2024-08-27T08:54:45+00:00\",\"dateModified\":\"2026-01-06T08:01:27+00:00\",\"description\":\"Elevate your style with our exquisite 22ct Sunrise Gold Initial 'K' Pendant. Crafted from the finest 22-carat gold and available for free UK delivery.\",\"breadcrumb\":{\"@id\":\"https:\\\/\\\/www.purejewels.com\\\/product\\\/22ct-sunrise-gold-initial-a-pendant-48626\\\/#breadcrumb\"},\"inLanguage\":\"tr\",\"potentialAction\":[{\"@type\":\"ReadAction\",\"target\":[\"https:\\\/\\\/www.purejewels.com\\\/product\\\/22ct-sunrise-gold-initial-a-pendant-48626\\\/\"]}]},{\"@type\":\"ImageObject\",\"inLanguage\":\"tr\",\"@id\":\"https:\\\/\\\/www.purejewels.com\\\/product\\\/22ct-sunrise-gold-initial-a-pendant-48626\\\/#primaryimage\",\"url\":\"https:\\\/\\\/static.purejewels.com\\\/wp-content\\\/uploads\\\/2024\\\/08\\\/48626_1.png\",\"contentUrl\":\"https:\\\/\\\/static.purejewels.com\\\/wp-content\\\/uploads\\\/2024\\\/08\\\/48626_1.png\",\"width\":1000,\"height\":1000,\"caption\":\"22ct Sunrise Gold Initial K Pendant | Vinyasa Collection\"},{\"@type\":\"BreadcrumbList\",\"@id\":\"https:\\\/\\\/www.purejewels.com\\\/product\\\/22ct-sunrise-gold-initial-a-pendant-48626\\\/#breadcrumb\",\"itemListElement\":[{\"@type\":\"ListItem\",\"position\":1,\"name\":\"Home\",\"item\":\"https:\\\/\\\/www.purejewels.com\\\/\"},{\"@type\":\"ListItem\",\"position\":2,\"name\":\"Shop\",\"item\":\"https:\\\/\\\/www.purejewels.com\\\/shop\\\/\"},{\"@type\":\"ListItem\",\"position\":3,\"name\":\"22ct Sunrise Gold Initial K Pendant | Vinyasa Collection\"}]},{\"@type\":\"WebSite\",\"@id\":\"https:\\\/\\\/www.purejewels.com\\\/#website\",\"url\":\"https:\\\/\\\/www.purejewels.com\\\/\",\"name\":\"PureJewels UK\",\"description\":\"Share the Love\",\"publisher\":{\"@id\":\"https:\\\/\\\/www.purejewels.com\\\/#organization\"},\"potentialAction\":[{\"@type\":\"SearchAction\",\"target\":{\"@type\":\"EntryPoint\",\"urlTemplate\":\"https:\\\/\\\/www.purejewels.com\\\/?s={search_term_string}\"},\"query-input\":{\"@type\":\"PropertyValueSpecification\",\"valueRequired\":true,\"valueName\":\"search_term_string\"}}],\"inLanguage\":\"tr\"},{\"@type\":\"Organization\",\"@id\":\"https:\\\/\\\/www.purejewels.com\\\/#organization\",\"name\":\"PureJewels UK\",\"url\":\"https:\\\/\\\/www.purejewels.com\\\/\",\"logo\":{\"@type\":\"ImageObject\",\"inLanguage\":\"tr\",\"@id\":\"https:\\\/\\\/www.purejewels.com\\\/#\\\/schema\\\/logo\\\/image\\\/\",\"url\":\"https:\\\/\\\/static.purejewels.com\\\/wp-content\\\/uploads\\\/2020\\\/11\\\/Logo-PJ-New-1.png\",\"contentUrl\":\"https:\\\/\\\/static.purejewels.com\\\/wp-content\\\/uploads\\\/2020\\\/11\\\/Logo-PJ-New-1.png\",\"width\":150,\"height\":80,\"caption\":\"PureJewels UK\"},\"image\":{\"@id\":\"https:\\\/\\\/www.purejewels.com\\\/#\\\/schema\\\/logo\\\/image\\\/\"}}]}<\/script>\n<!-- \/ Yoast SEO plugin. -->","yoast_head_json":{"title":"22 Ayar G\u00fcndo\u011fumu Alt\u0131n Ba\u015f Harfi 'K' Kolye Ucu | Elegant Jewellery","description":"Zarif 22 ayar Sunrise Gold Initial 'K' Kolyemiz ile stilinizi y\u00fckseltin. En iyi 22 ayar alt\u0131ndan \u00fcretilmi\u015ftir ve \u0130ngiltere'ye \u00fccretsiz teslim edilebilir.","robots":{"index":"index","follow":"follow","max-snippet":"max-snippet:-1","max-image-preview":"max-image-preview:large","max-video-preview":"max-video-preview:-1"},"canonical":"https:\/\/www.purejewels.com\/tr\/urun\/22-ayar-gundogumu-altin-bas-harf-a-kolye-ucu-48626\/","og_locale":"tr_TR","og_type":"article","og_title":"22ct Sunrise Gold Initial 'K' Pendant | Elegant Jewellery","og_description":"Elevate your style with our exquisite 22ct Sunrise Gold Initial 'K' Pendant. Crafted from the finest 22-carat gold and available for free UK delivery.","og_url":"https:\/\/www.purejewels.com\/tr\/urun\/22-ayar-gundogumu-altin-bas-harf-a-kolye-ucu-48626\/","og_site_name":"PureJewels UK","article_modified_time":"2026-01-06T08:01:27+00:00","og_image":[{"width":1000,"height":1000,"url":"https:\/\/www.purejewels.com\/wp-content\/uploads\/2024\/08\/48626_1.png","type":"image\/png"}],"twitter_card":"summary_large_image","twitter_misc":{"Tahmini okuma s\u00fcresi":"1 dakika"},"schema":{"@context":"https:\/\/schema.org","@graph":[{"@type":["WebPage","ItemPage"],"@id":"https:\/\/www.purejewels.com\/product\/22ct-sunrise-gold-initial-a-pendant-48626\/","url":"https:\/\/www.purejewels.com\/product\/22ct-sunrise-gold-initial-a-pendant-48626\/","name":"22 Ayar G\u00fcndo\u011fumu Alt\u0131n Ba\u015f Harfi 'K' Kolye Ucu | Elegant Jewellery","isPartOf":{"@id":"https:\/\/www.purejewels.com\/#website"},"primaryImageOfPage":{"@id":"https:\/\/www.purejewels.com\/product\/22ct-sunrise-gold-initial-a-pendant-48626\/#primaryimage"},"image":{"@id":"https:\/\/www.purejewels.com\/product\/22ct-sunrise-gold-initial-a-pendant-48626\/#primaryimage"},"thumbnailUrl":"https:\/\/static.purejewels.com\/wp-content\/uploads\/2024\/08\/48626_1.png","datePublished":"2024-08-27T08:54:45+00:00","dateModified":"2026-01-06T08:01:27+00:00","description":"Zarif 22 ayar Sunrise Gold Initial 'K' Kolyemiz ile stilinizi y\u00fckseltin. En iyi 22 ayar alt\u0131ndan \u00fcretilmi\u015ftir ve \u0130ngiltere'ye \u00fccretsiz teslim edilebilir.","breadcrumb":{"@id":"https:\/\/www.purejewels.com\/product\/22ct-sunrise-gold-initial-a-pendant-48626\/#breadcrumb"},"inLanguage":"tr","potentialAction":[{"@type":"ReadAction","target":["https:\/\/www.purejewels.com\/product\/22ct-sunrise-gold-initial-a-pendant-48626\/"]}]},{"@type":"ImageObject","inLanguage":"tr","@id":"https:\/\/www.purejewels.com\/product\/22ct-sunrise-gold-initial-a-pendant-48626\/#primaryimage","url":"https:\/\/static.purejewels.com\/wp-content\/uploads\/2024\/08\/48626_1.png","contentUrl":"https:\/\/static.purejewels.com\/wp-content\/uploads\/2024\/08\/48626_1.png","width":1000,"height":1000,"caption":"22ct Sunrise Gold Initial K Pendant | Vinyasa Collection"},{"@type":"BreadcrumbList","@id":"https:\/\/www.purejewels.com\/product\/22ct-sunrise-gold-initial-a-pendant-48626\/#breadcrumb","itemListElement":[{"@type":"ListItem","position":1,"name":"Home","item":"https:\/\/www.purejewels.com\/"},{"@type":"ListItem","position":2,"name":"Shop","item":"https:\/\/www.purejewels.com\/shop\/"},{"@type":"ListItem","position":3,"name":"22ct Sunrise Gold Initial K Pendant | Vinyasa Collection"}]},{"@type":"WebSite","@id":"https:\/\/www.purejewels.com\/#website","url":"https:\/\/www.purejewels.com\/","name":"PureJewels \u0130ngiltere","description":"Sevgiyi Payla\u015f\u0131n","publisher":{"@id":"https:\/\/www.purejewels.com\/#organization"},"potentialAction":[{"@type":"SearchAction","target":{"@type":"EntryPoint","urlTemplate":"https:\/\/www.purejewels.com\/?s={search_term_string}"},"query-input":{"@type":"PropertyValueSpecification","valueRequired":true,"valueName":"search_term_string"}}],"inLanguage":"tr"},{"@type":"Organization","@id":"https:\/\/www.purejewels.com\/#organization","name":"PureJewels \u0130ngiltere","url":"https:\/\/www.purejewels.com\/","logo":{"@type":"ImageObject","inLanguage":"tr","@id":"https:\/\/www.purejewels.com\/#\/schema\/logo\/image\/","url":"https:\/\/static.purejewels.com\/wp-content\/uploads\/2020\/11\/Logo-PJ-New-1.png","contentUrl":"https:\/\/static.purejewels.com\/wp-content\/uploads\/2020\/11\/Logo-PJ-New-1.png","width":150,"height":80,"caption":"PureJewels UK"},"image":{"@id":"https:\/\/www.purejewels.com\/#\/schema\/logo\/image\/"}}]}},"_links":{"self":[{"href":"https:\/\/www.purejewels.com\/tr\/wp-json\/wp\/v2\/product\/370420","targetHints":{"allow":["GET"]}}],"collection":[{"href":"https:\/\/www.purejewels.com\/tr\/wp-json\/wp\/v2\/product"}],"about":[{"href":"https:\/\/www.purejewels.com\/tr\/wp-json\/wp\/v2\/types\/product"}],"replies":[{"embeddable":true,"href":"https:\/\/www.purejewels.com\/tr\/wp-json\/wp\/v2\/comments?post=370420"}],"version-history":[{"count":2,"href":"https:\/\/www.purejewels.com\/tr\/wp-json\/wp\/v2\/product\/370420\/revisions"}],"predecessor-version":[{"id":392853,"href":"https:\/\/www.purejewels.com\/tr\/wp-json\/wp\/v2\/product\/370420\/revisions\/392853"}],"wp:featuredmedia":[{"embeddable":true,"href":"https:\/\/www.purejewels.com\/tr\/wp-json\/wp\/v2\/media\/380537"}],"wp:attachment":[{"href":"https:\/\/www.purejewels.com\/tr\/wp-json\/wp\/v2\/media?parent=370420"}],"wp:term":[{"taxonomy":"product_brand","embeddable":true,"href":"https:\/\/www.purejewels.com\/tr\/wp-json\/wp\/v2\/product_brand?post=370420"},{"taxonomy":"product_cat","embeddable":true,"href":"https:\/\/www.purejewels.com\/tr\/wp-json\/wp\/v2\/product_cat?post=370420"},{"taxonomy":"product_tag","embeddable":true,"href":"https:\/\/www.purejewels.com\/tr\/wp-json\/wp\/v2\/product_tag?post=370420"}],"curies":[{"name":"wp","href":"https:\/\/api.w.org\/{rel}","templated":true}]}}