{"id":370456,"date":"2024-08-27T12:27:18","date_gmt":"2024-08-27T11:27:18","guid":{"rendered":"https:\/\/www.purejewels.com\/?post_type=product&#038;p=370456"},"modified":"2026-01-29T12:53:33","modified_gmt":"2026-01-29T12:53:33","slug":"22-ayar-gundogumu-altin-v-bas-harfli-kolye-ucu-48620","status":"publish","type":"product","link":"https:\/\/www.purejewels.com\/tr\/product\/22ct-sunrise-gold-v-initial-pendant-48620\/","title":{"rendered":"Initial V Kolye Ucu | Vinyasa Koleksiyonu"},"content":{"rendered":"<p>Bireyselli\u011finizi enfes \u00fcr\u00fcnlerimizle kutlay\u0131n <a href=\"https:\/\/www.purejewels.com\/tr\/product\/22ct-gold-initial-l-pendant-unisex-30409\/\">Alfabe Kolye<\/a>zarafeti ki\u015fisel ifadeyle birle\u015ftiren zamans\u0131z bir par\u00e7a. L\u00fcks malzemeden \u00fcretilmi\u015ftir <a href=\"https:\/\/www.purejewels.com\/tr\/product\/22ct-gold-jali-filigree-ring-jali-collection-31926\/\">22ct<\/a> Sunrise Gold, bu \"V\" <a href=\"https:\/\/www.purejewels.com\/tr\/product\/22ct-gold-initial-f-pendant-with-cz-0-6-inches-unisex-42281\/\">ba\u015f harfli kolye ucu<\/a> Her stili tamamlayan s\u0131cak, alt\u0131n bir \u0131\u015f\u0131lt\u0131 yayar. G\u00fcn Do\u011fumu Alt\u0131n\u0131n\u0131n e\u015fsiz tonu, modern ve sofistike bir dokunu\u015f katarak bu kolyeyi m\u00fccevher koleksiyonunuza \u00e7arp\u0131c\u0131 bir eklenti haline getirir.<\/p>\n<p>Kolyenin sade ve minimalist tasar\u0131m\u0131, ba\u015f harfin g\u00fczelli\u011fini vurgulayarak onu katmanlar halinde ya da tek ba\u015f\u0131na takmak i\u00e7in m\u00fckemmel bir par\u00e7a haline getiriyor. \u0130ster kendinizi \u015f\u0131mart\u0131n ister \u00f6zel birine hediye edin, bu kolye ucu hem l\u00fcks\u00fc hem de duygusall\u0131\u011f\u0131 bir araya getirerek y\u0131llarca sevilen bir aksesuar olmas\u0131n\u0131 sa\u011flar.<\/p>","protected":false},"excerpt":{"rendered":"<p><strong>Kolye Tipi:<\/strong> Ki\u015fiselle\u015ftirilmi\u015f Ba\u015f Harf Kolye<br \/>\n<strong>SKU:<\/strong> 48620<br \/>\n<strong>A\u011f\u0131rl\u0131k:<\/strong> 1.6 Gms<br \/>\n<strong>Metal:<\/strong> 22 Ayar G\u00fcndo\u011fumu Alt\u0131n<br \/>\n<strong>Su\u00e7lamalar:<\/strong> Teslimat ve KDV Dahil<br \/>\n<strong>Daha Fazla Bilgi<\/strong><br \/>\nZincir dahil de\u011fildir<br \/>\nBizim g\u00f6r\u00fcnt\u00fcleyin\u00a0<a href=\"https:\/\/www.purejewels.com\/tr\/urun-kategori%cc%87si%cc%87\/22-ayar-altin-takilar\/altin-zincirler\/baklali-zincir\/\">Alt\u0131n Zincirler<\/a>\u00a0koleksiyon<br \/>\nM\u00fcsaitlik durumu ve daha fazla resim i\u00e7in bizimle canl\u0131 sohbet edin<\/p>","protected":false},"featured_media":380559,"comment_status":"closed","ping_status":"closed","template":"","meta":{"_eb_attr":"","_crsspst_to_jayantr4sg-hostcom":false},"product_brand":[],"product_cat":[1794,1229,1255,6122,5598,1767,5906,6051,6120,1569,1480],"product_tag":[],"class_list":{"0":"post-370456","1":"product","2":"type-product","3":"status-publish","4":"has-post-thumbnail","6":"product_cat-christmas-gifts","7":"product_cat-22ct-gold-jewellery","8":"product_cat-gold-pendants","9":"product_cat-initial","10":"product_cat-initial-pendant","11":"product_cat-ladies-pendants","12":"product_cat-personalised-jewellery","13":"product_cat-personalised-pendant","14":"product_cat-shop-by-style","15":"product_cat-valentine-day-gifts","16":"product_cat-vinyasa-collections","18":"first","19":"instock","20":"taxable","21":"shipping-taxable","22":"purchasable","23":"product-type-simple","24":"add-to-wishlist-before_image"},"yoast_head":"<!-- This site is optimized with the Yoast SEO plugin v27.3 - https:\/\/yoast.com\/product\/yoast-seo-wordpress\/ -->\n<title>Alphabet Pendant: 22ct Sunrise Gold V Initial Pendant<\/title>\n<meta name=\"description\" content=\"Discover the 22ct Sunrise Gold V Initial Pendant from the Vinyasa Collection. Perfect for personal style, this Alphabet Pendant is a cherished gift.\" \/>\n<meta name=\"robots\" content=\"index, follow, max-snippet:-1, max-image-preview:large, max-video-preview:-1\" \/>\n<link rel=\"canonical\" href=\"https:\/\/www.purejewels.com\/tr\/urun\/22-ayar-gundogumu-altin-v-bas-harfli-kolye-ucu-48620\/\" \/>\n<meta property=\"og:locale\" content=\"tr_TR\" \/>\n<meta property=\"og:type\" content=\"article\" \/>\n<meta property=\"og:title\" content=\"Alphabet Pendant: 22ct Sunrise Gold V Initial Pendant\" \/>\n<meta property=\"og:description\" content=\"Discover the 22ct Sunrise Gold V Initial Pendant from the Vinyasa Collection. Perfect for personal style, this Alphabet Pendant is a cherished gift.\" \/>\n<meta property=\"og:url\" content=\"https:\/\/www.purejewels.com\/tr\/urun\/22-ayar-gundogumu-altin-v-bas-harfli-kolye-ucu-48620\/\" \/>\n<meta property=\"og:site_name\" content=\"PureJewels UK\" \/>\n<meta property=\"article:modified_time\" content=\"2026-01-29T12:53:33+00:00\" \/>\n<meta property=\"og:image\" content=\"https:\/\/static.purejewels.com\/wp-content\/uploads\/2024\/08\/20_1.png\" \/>\n\t<meta property=\"og:image:width\" content=\"1000\" \/>\n\t<meta property=\"og:image:height\" content=\"1000\" \/>\n\t<meta property=\"og:image:type\" content=\"image\/png\" \/>\n<meta name=\"twitter:card\" content=\"summary_large_image\" \/>\n<meta name=\"twitter:label1\" content=\"Tahmini okuma s\u00fcresi\" \/>\n\t<meta name=\"twitter:data1\" content=\"1 dakika\" \/>\n<script type=\"application\/ld+json\" class=\"yoast-schema-graph\">{\"@context\":\"https:\\\/\\\/schema.org\",\"@graph\":[{\"@type\":[\"WebPage\",\"ItemPage\"],\"@id\":\"https:\\\/\\\/www.purejewels.com\\\/product\\\/22ct-sunrise-gold-v-initial-pendant-48620\\\/\",\"url\":\"https:\\\/\\\/www.purejewels.com\\\/product\\\/22ct-sunrise-gold-v-initial-pendant-48620\\\/\",\"name\":\"Alphabet Pendant: 22ct Sunrise Gold V Initial Pendant\",\"isPartOf\":{\"@id\":\"https:\\\/\\\/www.purejewels.com\\\/#website\"},\"primaryImageOfPage\":{\"@id\":\"https:\\\/\\\/www.purejewels.com\\\/product\\\/22ct-sunrise-gold-v-initial-pendant-48620\\\/#primaryimage\"},\"image\":{\"@id\":\"https:\\\/\\\/www.purejewels.com\\\/product\\\/22ct-sunrise-gold-v-initial-pendant-48620\\\/#primaryimage\"},\"thumbnailUrl\":\"https:\\\/\\\/static.purejewels.com\\\/wp-content\\\/uploads\\\/2024\\\/08\\\/20_1.png\",\"datePublished\":\"2024-08-27T11:27:18+00:00\",\"dateModified\":\"2026-01-29T12:53:33+00:00\",\"description\":\"Discover the 22ct Sunrise Gold V Initial Pendant from the Vinyasa Collection. Perfect for personal style, this Alphabet Pendant is a cherished gift.\",\"breadcrumb\":{\"@id\":\"https:\\\/\\\/www.purejewels.com\\\/product\\\/22ct-sunrise-gold-v-initial-pendant-48620\\\/#breadcrumb\"},\"inLanguage\":\"tr\",\"potentialAction\":[{\"@type\":\"ReadAction\",\"target\":[\"https:\\\/\\\/www.purejewels.com\\\/product\\\/22ct-sunrise-gold-v-initial-pendant-48620\\\/\"]}]},{\"@type\":\"ImageObject\",\"inLanguage\":\"tr\",\"@id\":\"https:\\\/\\\/www.purejewels.com\\\/product\\\/22ct-sunrise-gold-v-initial-pendant-48620\\\/#primaryimage\",\"url\":\"https:\\\/\\\/static.purejewels.com\\\/wp-content\\\/uploads\\\/2024\\\/08\\\/20_1.png\",\"contentUrl\":\"https:\\\/\\\/static.purejewels.com\\\/wp-content\\\/uploads\\\/2024\\\/08\\\/20_1.png\",\"width\":1000,\"height\":1000,\"caption\":\"22ct Sunrise Gold V Initial Pendant\"},{\"@type\":\"BreadcrumbList\",\"@id\":\"https:\\\/\\\/www.purejewels.com\\\/product\\\/22ct-sunrise-gold-v-initial-pendant-48620\\\/#breadcrumb\",\"itemListElement\":[{\"@type\":\"ListItem\",\"position\":1,\"name\":\"Home\",\"item\":\"https:\\\/\\\/www.purejewels.com\\\/\"},{\"@type\":\"ListItem\",\"position\":2,\"name\":\"Shop\",\"item\":\"https:\\\/\\\/www.purejewels.com\\\/shop\\\/\"},{\"@type\":\"ListItem\",\"position\":3,\"name\":\"Initial V Pendant | Vinyasa Collection\"}]},{\"@type\":\"WebSite\",\"@id\":\"https:\\\/\\\/www.purejewels.com\\\/#website\",\"url\":\"https:\\\/\\\/www.purejewels.com\\\/\",\"name\":\"PureJewels UK\",\"description\":\"Share the Love\",\"publisher\":{\"@id\":\"https:\\\/\\\/www.purejewels.com\\\/#organization\"},\"potentialAction\":[{\"@type\":\"SearchAction\",\"target\":{\"@type\":\"EntryPoint\",\"urlTemplate\":\"https:\\\/\\\/www.purejewels.com\\\/?s={search_term_string}\"},\"query-input\":{\"@type\":\"PropertyValueSpecification\",\"valueRequired\":true,\"valueName\":\"search_term_string\"}}],\"inLanguage\":\"tr\"},{\"@type\":\"Organization\",\"@id\":\"https:\\\/\\\/www.purejewels.com\\\/#organization\",\"name\":\"PureJewels UK\",\"url\":\"https:\\\/\\\/www.purejewels.com\\\/\",\"logo\":{\"@type\":\"ImageObject\",\"inLanguage\":\"tr\",\"@id\":\"https:\\\/\\\/www.purejewels.com\\\/#\\\/schema\\\/logo\\\/image\\\/\",\"url\":\"https:\\\/\\\/static.purejewels.com\\\/wp-content\\\/uploads\\\/2020\\\/11\\\/Logo-PJ-New-1.png\",\"contentUrl\":\"https:\\\/\\\/static.purejewels.com\\\/wp-content\\\/uploads\\\/2020\\\/11\\\/Logo-PJ-New-1.png\",\"width\":150,\"height\":80,\"caption\":\"PureJewels UK\"},\"image\":{\"@id\":\"https:\\\/\\\/www.purejewels.com\\\/#\\\/schema\\\/logo\\\/image\\\/\"}}]}<\/script>\n<!-- \/ Yoast SEO plugin. -->","yoast_head_json":{"title":"Alfabe Kolye Ucu: 22 Ayar Sunrise Alt\u0131n V Ba\u015f Harf Kolye Ucu","description":"Vinyasa Koleksiyonu'ndan 22 ayar Sunrise Alt\u0131n V Harfli Kolyeyi ke\u015ffedin. Ki\u015fisel stil i\u00e7in m\u00fckemmel olan bu Alfabe Kolye, de\u011ferli bir hediyedir.","robots":{"index":"index","follow":"follow","max-snippet":"max-snippet:-1","max-image-preview":"max-image-preview:large","max-video-preview":"max-video-preview:-1"},"canonical":"https:\/\/www.purejewels.com\/tr\/urun\/22-ayar-gundogumu-altin-v-bas-harfli-kolye-ucu-48620\/","og_locale":"tr_TR","og_type":"article","og_title":"Alphabet Pendant: 22ct Sunrise Gold V Initial Pendant","og_description":"Discover the 22ct Sunrise Gold V Initial Pendant from the Vinyasa Collection. Perfect for personal style, this Alphabet Pendant is a cherished gift.","og_url":"https:\/\/www.purejewels.com\/tr\/urun\/22-ayar-gundogumu-altin-v-bas-harfli-kolye-ucu-48620\/","og_site_name":"PureJewels UK","article_modified_time":"2026-01-29T12:53:33+00:00","og_image":[{"width":1000,"height":1000,"url":"https:\/\/static.purejewels.com\/wp-content\/uploads\/2024\/08\/20_1.png","type":"image\/png"}],"twitter_card":"summary_large_image","twitter_misc":{"Tahmini okuma s\u00fcresi":"1 dakika"},"schema":{"@context":"https:\/\/schema.org","@graph":[{"@type":["WebPage","ItemPage"],"@id":"https:\/\/www.purejewels.com\/product\/22ct-sunrise-gold-v-initial-pendant-48620\/","url":"https:\/\/www.purejewels.com\/product\/22ct-sunrise-gold-v-initial-pendant-48620\/","name":"Alfabe Kolye Ucu: 22 Ayar Sunrise Alt\u0131n V Ba\u015f Harf Kolye Ucu","isPartOf":{"@id":"https:\/\/www.purejewels.com\/#website"},"primaryImageOfPage":{"@id":"https:\/\/www.purejewels.com\/product\/22ct-sunrise-gold-v-initial-pendant-48620\/#primaryimage"},"image":{"@id":"https:\/\/www.purejewels.com\/product\/22ct-sunrise-gold-v-initial-pendant-48620\/#primaryimage"},"thumbnailUrl":"https:\/\/static.purejewels.com\/wp-content\/uploads\/2024\/08\/20_1.png","datePublished":"2024-08-27T11:27:18+00:00","dateModified":"2026-01-29T12:53:33+00:00","description":"Vinyasa Koleksiyonu'ndan 22 ayar Sunrise Alt\u0131n V Harfli Kolyeyi ke\u015ffedin. Ki\u015fisel stil i\u00e7in m\u00fckemmel olan bu Alfabe Kolye, de\u011ferli bir hediyedir.","breadcrumb":{"@id":"https:\/\/www.purejewels.com\/product\/22ct-sunrise-gold-v-initial-pendant-48620\/#breadcrumb"},"inLanguage":"tr","potentialAction":[{"@type":"ReadAction","target":["https:\/\/www.purejewels.com\/product\/22ct-sunrise-gold-v-initial-pendant-48620\/"]}]},{"@type":"ImageObject","inLanguage":"tr","@id":"https:\/\/www.purejewels.com\/product\/22ct-sunrise-gold-v-initial-pendant-48620\/#primaryimage","url":"https:\/\/static.purejewels.com\/wp-content\/uploads\/2024\/08\/20_1.png","contentUrl":"https:\/\/static.purejewels.com\/wp-content\/uploads\/2024\/08\/20_1.png","width":1000,"height":1000,"caption":"22ct Sunrise Gold V Initial Pendant"},{"@type":"BreadcrumbList","@id":"https:\/\/www.purejewels.com\/product\/22ct-sunrise-gold-v-initial-pendant-48620\/#breadcrumb","itemListElement":[{"@type":"ListItem","position":1,"name":"Home","item":"https:\/\/www.purejewels.com\/"},{"@type":"ListItem","position":2,"name":"Shop","item":"https:\/\/www.purejewels.com\/shop\/"},{"@type":"ListItem","position":3,"name":"Initial V Pendant | Vinyasa Collection"}]},{"@type":"WebSite","@id":"https:\/\/www.purejewels.com\/#website","url":"https:\/\/www.purejewels.com\/","name":"PureJewels \u0130ngiltere","description":"Sevgiyi Payla\u015f\u0131n","publisher":{"@id":"https:\/\/www.purejewels.com\/#organization"},"potentialAction":[{"@type":"SearchAction","target":{"@type":"EntryPoint","urlTemplate":"https:\/\/www.purejewels.com\/?s={search_term_string}"},"query-input":{"@type":"PropertyValueSpecification","valueRequired":true,"valueName":"search_term_string"}}],"inLanguage":"tr"},{"@type":"Organization","@id":"https:\/\/www.purejewels.com\/#organization","name":"PureJewels \u0130ngiltere","url":"https:\/\/www.purejewels.com\/","logo":{"@type":"ImageObject","inLanguage":"tr","@id":"https:\/\/www.purejewels.com\/#\/schema\/logo\/image\/","url":"https:\/\/static.purejewels.com\/wp-content\/uploads\/2020\/11\/Logo-PJ-New-1.png","contentUrl":"https:\/\/static.purejewels.com\/wp-content\/uploads\/2020\/11\/Logo-PJ-New-1.png","width":150,"height":80,"caption":"PureJewels UK"},"image":{"@id":"https:\/\/www.purejewels.com\/#\/schema\/logo\/image\/"}}]}},"_links":{"self":[{"href":"https:\/\/www.purejewels.com\/tr\/wp-json\/wp\/v2\/product\/370456","targetHints":{"allow":["GET"]}}],"collection":[{"href":"https:\/\/www.purejewels.com\/tr\/wp-json\/wp\/v2\/product"}],"about":[{"href":"https:\/\/www.purejewels.com\/tr\/wp-json\/wp\/v2\/types\/product"}],"replies":[{"embeddable":true,"href":"https:\/\/www.purejewels.com\/tr\/wp-json\/wp\/v2\/comments?post=370456"}],"version-history":[{"count":4,"href":"https:\/\/www.purejewels.com\/tr\/wp-json\/wp\/v2\/product\/370456\/revisions"}],"predecessor-version":[{"id":406716,"href":"https:\/\/www.purejewels.com\/tr\/wp-json\/wp\/v2\/product\/370456\/revisions\/406716"}],"wp:featuredmedia":[{"embeddable":true,"href":"https:\/\/www.purejewels.com\/tr\/wp-json\/wp\/v2\/media\/380559"}],"wp:attachment":[{"href":"https:\/\/www.purejewels.com\/tr\/wp-json\/wp\/v2\/media?parent=370456"}],"wp:term":[{"taxonomy":"product_brand","embeddable":true,"href":"https:\/\/www.purejewels.com\/tr\/wp-json\/wp\/v2\/product_brand?post=370456"},{"taxonomy":"product_cat","embeddable":true,"href":"https:\/\/www.purejewels.com\/tr\/wp-json\/wp\/v2\/product_cat?post=370456"},{"taxonomy":"product_tag","embeddable":true,"href":"https:\/\/www.purejewels.com\/tr\/wp-json\/wp\/v2\/product_tag?post=370456"}],"curies":[{"name":"wp","href":"https:\/\/api.w.org\/{rel}","templated":true}]}}