{"id":370513,"date":"2024-08-28T12:43:04","date_gmt":"2024-08-28T11:43:04","guid":{"rendered":"https:\/\/www.purejewels.com\/?post_type=product&#038;p=370513"},"modified":"2026-02-27T06:46:10","modified_gmt":"2026-02-27T06:46:10","slug":"22-ayar-gundogumu-altin-t-bas-harfli-kolye-ucu-48624","status":"publish","type":"product","link":"https:\/\/www.purejewels.com\/tr\/product\/22ct-sunrise-gold-t-initial-pendant-48624\/","title":{"rendered":"Initial T Kolye Ucu | Vinyasa Koleksiyonu"},"content":{"rendered":"<p>ile \u015f\u0131kl\u0131\u011f\u0131n\u0131z\u0131 ki\u015fiselle\u015ftirin. <a href=\"https:\/\/www.purejewels.com\/tr\/product\/22ct-gold-jali-filigree-ring-jali-collection-31926\/\">22ct<\/a> Sunrise Gold Initial \"T\" Kolye, s\u0131cakl\u0131k ve sofistike bir hava yayan, g\u00fczelce i\u015flenmi\u015f bir par\u00e7a. Birinci s\u0131n\u0131f alt\u0131n <a href=\"https:\/\/www.purejewels.com\/tr\/product\/holy-cross-gold-pendant-44713\/\">22 ayar alt\u0131n<\/a>Bu kolye ucu, \"T\" harfini zarif ve cilal\u0131 bir y\u00fczeyle vurgulayan \u015f\u0131k ve minimalist bir tasar\u0131ma sahiptir. G\u00fcn Do\u011fumu Alt\u0131n rengi, \u015fafa\u011f\u0131n ilk \u0131\u015f\u0131klar\u0131n\u0131 an\u0131msatan benzersiz bir parlakl\u0131k katarak onu \u00e7arp\u0131c\u0131 ama ince bir aksesuar haline getiriyor. \u0130ster tek ba\u015f\u0131na narin bir zincire tak\u0131ls\u0131n, ister di\u011fer par\u00e7alarla birlikte kullan\u0131ls\u0131n, bu kolye ucu zamans\u0131z stile ve anlaml\u0131 m\u00fccevherlere de\u011fer verenler i\u00e7in m\u00fckemmeldir. D\u00fc\u015f\u00fcnceli bir hediye veya ki\u015fisel bir ikram olarak ideal olan bu kolye, bireyselli\u011fin ve zarafetin sembol\u00fcd\u00fcr.<\/p>\n<p>Vinyasa Koleksiyonu'ndan T Harfli Kolye ucu, yumu\u015fak k\u0131vr\u0131mlara sahip parlak alt\u0131ndan \u00fcretilmi\u015f, kimlik ve duygular\u0131n zarif bir ifadesidir. Narin bir zincirden sarkan bu kolye, ki\u015fisel bir anlamla birlikte zarif bir g\u00fcnl\u00fck g\u00f6r\u00fcn\u00fcm sunar. Anneniz i\u00e7in zarif bir m\u00fccevher hediyesi olan bu kolye, onun kalbine yak\u0131n tutabilece\u011fi zamans\u0131z bir par\u00e7ad\u0131r.<\/p>","protected":false},"excerpt":{"rendered":"<div class=\"woocommerce-product-details__short-description\">\n<div class=\"woocommerce-product-details__short-description\">\n<table class=\"sh_desc\">\n<tbody>\n<tr>\n<td>Kolye Tipi<\/td>\n<td>S\u00fcsl\u00fc Ba\u015f Harf Kolye<\/td>\n<\/tr>\n<tr>\n<td>SKU<\/td>\n<td>48624<\/td>\n<\/tr>\n<tr>\n<td>A\u011f\u0131rl\u0131k<\/td>\n<td>1.1 Gms<\/td>\n<\/tr>\n<tr>\n<td>Metal<\/td>\n<td>22 Ayar G\u00fcndo\u011fumu Alt\u0131n<\/td>\n<\/tr>\n<tr>\n<td>\u00dccretler<\/td>\n<td>Teslimat ve KDV Dahil<\/td>\n<\/tr>\n<tr>\n<td>Paketleme<\/td>\n<td>Sunum Kutusu ile Birlikte Gelir<\/td>\n<\/tr>\n<tr>\n<td>Daha Fazla Bilgi<\/td>\n<td>\n<ul>\n<li>Zincir dahil de\u011fildir<\/li>\n<li>Bizim g\u00f6r\u00fcnt\u00fcleyin<strong>\u00a0Alt\u0131n Zincirler<\/strong>\u00a0koleksiyon<\/li>\n<li>M\u00fcsaitlik durumu ve daha fazla resim i\u00e7in bizimle canl\u0131 sohbet edin<\/li>\n<\/ul>\n<\/td>\n<\/tr>\n<\/tbody>\n<\/table>\n<\/div>\n<div class=\"btn-atc atc-slide\"><\/div>\n<div class=\"product_meta\"><\/div>\n<\/div>","protected":false},"featured_media":380542,"comment_status":"closed","ping_status":"closed","template":"","meta":{"_eb_attr":"","_crsspst_to_jayantr4sg-hostcom":false},"product_brand":[],"product_cat":[1794,1229,1255,6122,5598,5343,1767,5906,6051,6120,1569,1480],"product_tag":[],"class_list":{"0":"post-370513","1":"product","2":"type-product","3":"status-publish","4":"has-post-thumbnail","6":"product_cat-christmas-gifts","7":"product_cat-22ct-gold-jewellery","8":"product_cat-gold-pendants","9":"product_cat-initial","10":"product_cat-initial-pendant","11":"product_cat-jewellery-under-550","12":"product_cat-ladies-pendants","13":"product_cat-personalised-jewellery","14":"product_cat-personalised-pendant","15":"product_cat-shop-by-style","16":"product_cat-valentine-day-gifts","17":"product_cat-vinyasa-collections","19":"first","20":"instock","21":"taxable","22":"shipping-taxable","23":"purchasable","24":"product-type-simple","25":"add-to-wishlist-before_image"},"yoast_head":"<!-- This site is optimized with the Yoast SEO plugin v27.5 - https:\/\/yoast.com\/product\/yoast-seo-wordpress\/ -->\n<title>Initial Gold Pendant - 22ct Sunrise Gold T Pendant<\/title>\n<meta name=\"description\" content=\"Discover the elegance of our Initial Gold Pendant in 22ct Sunrise Gold from the Viniyasa Collection. A perfect accessory for any occasion!\" \/>\n<meta name=\"robots\" content=\"index, follow, max-snippet:-1, max-image-preview:large, max-video-preview:-1\" \/>\n<link rel=\"canonical\" href=\"https:\/\/www.purejewels.com\/tr\/urun\/22-ayar-gundogumu-altin-t-bas-harfli-kolye-ucu-48624\/\" \/>\n<meta property=\"og:locale\" content=\"tr_TR\" \/>\n<meta property=\"og:type\" content=\"article\" \/>\n<meta property=\"og:title\" content=\"Initial Gold Pendant - 22ct Sunrise Gold T Pendant\" \/>\n<meta property=\"og:description\" content=\"Discover the elegance of our Initial Gold Pendant in 22ct Sunrise Gold from the Viniyasa Collection. A perfect accessory for any occasion!\" \/>\n<meta property=\"og:url\" content=\"https:\/\/www.purejewels.com\/tr\/urun\/22-ayar-gundogumu-altin-t-bas-harfli-kolye-ucu-48624\/\" \/>\n<meta property=\"og:site_name\" content=\"PureJewels UK\" \/>\n<meta property=\"article:modified_time\" content=\"2026-02-27T06:46:10+00:00\" \/>\n<meta property=\"og:image\" content=\"https:\/\/static.purejewels.com\/wp-content\/uploads\/2024\/08\/18624_1.png\" \/>\n\t<meta property=\"og:image:width\" content=\"1000\" \/>\n\t<meta property=\"og:image:height\" content=\"1000\" \/>\n\t<meta property=\"og:image:type\" content=\"image\/png\" \/>\n<meta name=\"twitter:card\" content=\"summary_large_image\" \/>\n<meta name=\"twitter:label1\" content=\"Tahmini okuma s\u00fcresi\" \/>\n\t<meta name=\"twitter:data1\" content=\"1 dakika\" \/>\n<script type=\"application\/ld+json\" class=\"yoast-schema-graph\">{\"@context\":\"https:\\\/\\\/schema.org\",\"@graph\":[{\"@type\":[\"WebPage\",\"ItemPage\"],\"@id\":\"https:\\\/\\\/www.purejewels.com\\\/product\\\/22ct-sunrise-gold-t-initial-pendant-48624\\\/\",\"url\":\"https:\\\/\\\/www.purejewels.com\\\/product\\\/22ct-sunrise-gold-t-initial-pendant-48624\\\/\",\"name\":\"Initial Gold Pendant - 22ct Sunrise Gold T Pendant\",\"isPartOf\":{\"@id\":\"https:\\\/\\\/www.purejewels.com\\\/#website\"},\"primaryImageOfPage\":{\"@id\":\"https:\\\/\\\/www.purejewels.com\\\/product\\\/22ct-sunrise-gold-t-initial-pendant-48624\\\/#primaryimage\"},\"image\":{\"@id\":\"https:\\\/\\\/www.purejewels.com\\\/product\\\/22ct-sunrise-gold-t-initial-pendant-48624\\\/#primaryimage\"},\"thumbnailUrl\":\"https:\\\/\\\/static.purejewels.com\\\/wp-content\\\/uploads\\\/2024\\\/08\\\/18624_1.png\",\"datePublished\":\"2024-08-28T11:43:04+00:00\",\"dateModified\":\"2026-02-27T06:46:10+00:00\",\"description\":\"Discover the elegance of our Initial Gold Pendant in 22ct Sunrise Gold from the Viniyasa Collection. A perfect accessory for any occasion!\",\"breadcrumb\":{\"@id\":\"https:\\\/\\\/www.purejewels.com\\\/product\\\/22ct-sunrise-gold-t-initial-pendant-48624\\\/#breadcrumb\"},\"inLanguage\":\"tr\",\"potentialAction\":[{\"@type\":\"ReadAction\",\"target\":[\"https:\\\/\\\/www.purejewels.com\\\/product\\\/22ct-sunrise-gold-t-initial-pendant-48624\\\/\"]}]},{\"@type\":\"ImageObject\",\"inLanguage\":\"tr\",\"@id\":\"https:\\\/\\\/www.purejewels.com\\\/product\\\/22ct-sunrise-gold-t-initial-pendant-48624\\\/#primaryimage\",\"url\":\"https:\\\/\\\/static.purejewels.com\\\/wp-content\\\/uploads\\\/2024\\\/08\\\/18624_1.png\",\"contentUrl\":\"https:\\\/\\\/static.purejewels.com\\\/wp-content\\\/uploads\\\/2024\\\/08\\\/18624_1.png\",\"width\":1000,\"height\":1000,\"caption\":\"22ct Sunrise Gold T Initial Pendant\"},{\"@type\":\"BreadcrumbList\",\"@id\":\"https:\\\/\\\/www.purejewels.com\\\/product\\\/22ct-sunrise-gold-t-initial-pendant-48624\\\/#breadcrumb\",\"itemListElement\":[{\"@type\":\"ListItem\",\"position\":1,\"name\":\"Home\",\"item\":\"https:\\\/\\\/www.purejewels.com\\\/\"},{\"@type\":\"ListItem\",\"position\":2,\"name\":\"Shop\",\"item\":\"https:\\\/\\\/www.purejewels.com\\\/shop\\\/\"},{\"@type\":\"ListItem\",\"position\":3,\"name\":\"Initial T Pendant | Vinyasa Collection\"}]},{\"@type\":\"WebSite\",\"@id\":\"https:\\\/\\\/www.purejewels.com\\\/#website\",\"url\":\"https:\\\/\\\/www.purejewels.com\\\/\",\"name\":\"PureJewels UK\",\"description\":\"Share the Love\",\"publisher\":{\"@id\":\"https:\\\/\\\/www.purejewels.com\\\/#organization\"},\"potentialAction\":[{\"@type\":\"SearchAction\",\"target\":{\"@type\":\"EntryPoint\",\"urlTemplate\":\"https:\\\/\\\/www.purejewels.com\\\/?s={search_term_string}\"},\"query-input\":{\"@type\":\"PropertyValueSpecification\",\"valueRequired\":true,\"valueName\":\"search_term_string\"}}],\"inLanguage\":\"tr\"},{\"@type\":\"Organization\",\"@id\":\"https:\\\/\\\/www.purejewels.com\\\/#organization\",\"name\":\"PureJewels UK\",\"url\":\"https:\\\/\\\/www.purejewels.com\\\/\",\"logo\":{\"@type\":\"ImageObject\",\"inLanguage\":\"tr\",\"@id\":\"https:\\\/\\\/www.purejewels.com\\\/#\\\/schema\\\/logo\\\/image\\\/\",\"url\":\"https:\\\/\\\/static.purejewels.com\\\/wp-content\\\/uploads\\\/2020\\\/11\\\/Logo-PJ-New-1.png\",\"contentUrl\":\"https:\\\/\\\/static.purejewels.com\\\/wp-content\\\/uploads\\\/2020\\\/11\\\/Logo-PJ-New-1.png\",\"width\":150,\"height\":80,\"caption\":\"PureJewels UK\"},\"image\":{\"@id\":\"https:\\\/\\\/www.purejewels.com\\\/#\\\/schema\\\/logo\\\/image\\\/\"}}]}<\/script>\n<!-- \/ Yoast SEO plugin. -->","yoast_head_json":{"title":"Initial Alt\u0131n Kolye Ucu - 22 Ayar G\u00fcn Do\u011fumu Alt\u0131n T Kolye Ucu","description":"Viniyasa Koleksiyonu'ndan 22 ayar G\u00fcndo\u011fumu Alt\u0131n\u0131ndan Ba\u015f Harf Alt\u0131n Kolyemizin zarafetini ke\u015ffedin. Her durum i\u00e7in m\u00fckemmel bir aksesuar!","robots":{"index":"index","follow":"follow","max-snippet":"max-snippet:-1","max-image-preview":"max-image-preview:large","max-video-preview":"max-video-preview:-1"},"canonical":"https:\/\/www.purejewels.com\/tr\/urun\/22-ayar-gundogumu-altin-t-bas-harfli-kolye-ucu-48624\/","og_locale":"tr_TR","og_type":"article","og_title":"Initial Gold Pendant - 22ct Sunrise Gold T Pendant","og_description":"Discover the elegance of our Initial Gold Pendant in 22ct Sunrise Gold from the Viniyasa Collection. A perfect accessory for any occasion!","og_url":"https:\/\/www.purejewels.com\/tr\/urun\/22-ayar-gundogumu-altin-t-bas-harfli-kolye-ucu-48624\/","og_site_name":"PureJewels UK","article_modified_time":"2026-02-27T06:46:10+00:00","og_image":[{"width":1000,"height":1000,"url":"https:\/\/static.purejewels.com\/wp-content\/uploads\/2024\/08\/18624_1.png","type":"image\/png"}],"twitter_card":"summary_large_image","twitter_misc":{"Tahmini okuma s\u00fcresi":"1 dakika"},"schema":{"@context":"https:\/\/schema.org","@graph":[{"@type":["WebPage","ItemPage"],"@id":"https:\/\/www.purejewels.com\/product\/22ct-sunrise-gold-t-initial-pendant-48624\/","url":"https:\/\/www.purejewels.com\/product\/22ct-sunrise-gold-t-initial-pendant-48624\/","name":"Initial Alt\u0131n Kolye Ucu - 22 Ayar G\u00fcn Do\u011fumu Alt\u0131n T Kolye Ucu","isPartOf":{"@id":"https:\/\/www.purejewels.com\/#website"},"primaryImageOfPage":{"@id":"https:\/\/www.purejewels.com\/product\/22ct-sunrise-gold-t-initial-pendant-48624\/#primaryimage"},"image":{"@id":"https:\/\/www.purejewels.com\/product\/22ct-sunrise-gold-t-initial-pendant-48624\/#primaryimage"},"thumbnailUrl":"https:\/\/static.purejewels.com\/wp-content\/uploads\/2024\/08\/18624_1.png","datePublished":"2024-08-28T11:43:04+00:00","dateModified":"2026-02-27T06:46:10+00:00","description":"Viniyasa Koleksiyonu'ndan 22 ayar G\u00fcndo\u011fumu Alt\u0131n\u0131ndan Ba\u015f Harf Alt\u0131n Kolyemizin zarafetini ke\u015ffedin. Her durum i\u00e7in m\u00fckemmel bir aksesuar!","breadcrumb":{"@id":"https:\/\/www.purejewels.com\/product\/22ct-sunrise-gold-t-initial-pendant-48624\/#breadcrumb"},"inLanguage":"tr","potentialAction":[{"@type":"ReadAction","target":["https:\/\/www.purejewels.com\/product\/22ct-sunrise-gold-t-initial-pendant-48624\/"]}]},{"@type":"ImageObject","inLanguage":"tr","@id":"https:\/\/www.purejewels.com\/product\/22ct-sunrise-gold-t-initial-pendant-48624\/#primaryimage","url":"https:\/\/static.purejewels.com\/wp-content\/uploads\/2024\/08\/18624_1.png","contentUrl":"https:\/\/static.purejewels.com\/wp-content\/uploads\/2024\/08\/18624_1.png","width":1000,"height":1000,"caption":"22ct Sunrise Gold T Initial Pendant"},{"@type":"BreadcrumbList","@id":"https:\/\/www.purejewels.com\/product\/22ct-sunrise-gold-t-initial-pendant-48624\/#breadcrumb","itemListElement":[{"@type":"ListItem","position":1,"name":"Home","item":"https:\/\/www.purejewels.com\/"},{"@type":"ListItem","position":2,"name":"Shop","item":"https:\/\/www.purejewels.com\/shop\/"},{"@type":"ListItem","position":3,"name":"Initial T Pendant | Vinyasa Collection"}]},{"@type":"WebSite","@id":"https:\/\/www.purejewels.com\/#website","url":"https:\/\/www.purejewels.com\/","name":"PureJewels \u0130ngiltere","description":"Sevgiyi Payla\u015f\u0131n","publisher":{"@id":"https:\/\/www.purejewels.com\/#organization"},"potentialAction":[{"@type":"SearchAction","target":{"@type":"EntryPoint","urlTemplate":"https:\/\/www.purejewels.com\/?s={search_term_string}"},"query-input":{"@type":"PropertyValueSpecification","valueRequired":true,"valueName":"search_term_string"}}],"inLanguage":"tr"},{"@type":"Organization","@id":"https:\/\/www.purejewels.com\/#organization","name":"PureJewels \u0130ngiltere","url":"https:\/\/www.purejewels.com\/","logo":{"@type":"ImageObject","inLanguage":"tr","@id":"https:\/\/www.purejewels.com\/#\/schema\/logo\/image\/","url":"https:\/\/static.purejewels.com\/wp-content\/uploads\/2020\/11\/Logo-PJ-New-1.png","contentUrl":"https:\/\/static.purejewels.com\/wp-content\/uploads\/2020\/11\/Logo-PJ-New-1.png","width":150,"height":80,"caption":"PureJewels UK"},"image":{"@id":"https:\/\/www.purejewels.com\/#\/schema\/logo\/image\/"}}]}},"_links":{"self":[{"href":"https:\/\/www.purejewels.com\/tr\/wp-json\/wp\/v2\/product\/370513","targetHints":{"allow":["GET"]}}],"collection":[{"href":"https:\/\/www.purejewels.com\/tr\/wp-json\/wp\/v2\/product"}],"about":[{"href":"https:\/\/www.purejewels.com\/tr\/wp-json\/wp\/v2\/types\/product"}],"replies":[{"embeddable":true,"href":"https:\/\/www.purejewels.com\/tr\/wp-json\/wp\/v2\/comments?post=370513"}],"version-history":[{"count":4,"href":"https:\/\/www.purejewels.com\/tr\/wp-json\/wp\/v2\/product\/370513\/revisions"}],"predecessor-version":[{"id":426403,"href":"https:\/\/www.purejewels.com\/tr\/wp-json\/wp\/v2\/product\/370513\/revisions\/426403"}],"wp:featuredmedia":[{"embeddable":true,"href":"https:\/\/www.purejewels.com\/tr\/wp-json\/wp\/v2\/media\/380542"}],"wp:attachment":[{"href":"https:\/\/www.purejewels.com\/tr\/wp-json\/wp\/v2\/media?parent=370513"}],"wp:term":[{"taxonomy":"product_brand","embeddable":true,"href":"https:\/\/www.purejewels.com\/tr\/wp-json\/wp\/v2\/product_brand?post=370513"},{"taxonomy":"product_cat","embeddable":true,"href":"https:\/\/www.purejewels.com\/tr\/wp-json\/wp\/v2\/product_cat?post=370513"},{"taxonomy":"product_tag","embeddable":true,"href":"https:\/\/www.purejewels.com\/tr\/wp-json\/wp\/v2\/product_tag?post=370513"}],"curies":[{"name":"wp","href":"https:\/\/api.w.org\/{rel}","templated":true}]}}