{"id":370515,"date":"2024-08-28T13:22:10","date_gmt":"2024-08-28T12:22:10","guid":{"rendered":"https:\/\/www.purejewels.com\/?post_type=product&#038;p=370515"},"modified":"2026-02-02T09:07:34","modified_gmt":"2026-02-02T09:07:34","slug":"rozet-22-ayar-gundogumu-altin-saplama-capi-26-3mm-49328","status":"publish","type":"product","link":"https:\/\/www.purejewels.com\/tr\/product\/rosette-22ct-sunrise-gold-stud-diameter-26-3mm-49328\/","title":{"rendered":"Rozet 22 Ayar G\u00fcndo\u011fumu Alt\u0131n Saplama | \u00c7ap 26mm"},"content":{"rendered":"<ul>\n<li><strong>SKU:<\/strong>49328<\/li>\n<li><strong>Menzil kimli\u011fi:<\/strong>SGERSTRS004<\/li>\n<\/ul>\n<p>Zarif \u00fcr\u00fcnlerimizle zamans\u0131z \u015f\u0131kl\u0131\u011f\u0131 ke\u015ffedin <a href=\"https:\/\/www.purejewels.com\/tr\/product\/22ct-gold-jali-filigree-ring-jali-collection-31926\/\">22ct<\/a> G\u00fcndo\u011fumu <a href=\"https:\/\/www.purejewels.com\/tr\/product\/gold-stud-earrings-42487\/\">Alt\u0131n Saplama K\u00fcpe<\/a>. <span class=\"citation-0 recitation citation-end-0\">Hassas bir i\u015f\u00e7ilikle \u00fcretilen ve narin bir rozet tasar\u0131m\u0131yla s\u00fcslenen 26,3 mm \u00e7ap\u0131ndaki bu k\u00fcpeler s\u0131cak ve b\u00fcy\u00fcleyici bir \u0131\u015f\u0131lt\u0131 yayar.<\/span><\/p>\n<p data-sourcepos=\"7:1-7:329\"><span class=\"citation-2 recitation citation-end-2\">Hem konfor hem de stil i\u00e7in tasarlanan bu <a href=\"https:\/\/www.purejewels.com\/tr\/product\/22ct-gold-antique-finish-studs-armari-collection-6mm-49588\/\">saplama k\u00fcpeler<\/a> hafif yap\u0131dad\u0131r.<\/span> <span class=\"citation-3 recitation citation-end-3\">G\u00fcnl\u00fck kullan\u0131m veya \u00f6zel g\u00fcnler i\u00e7in m\u00fckemmel olan bu \u00fcr\u00fcnler, kendiniz veya sevdi\u011finiz biri i\u00e7in \u00e7arp\u0131c\u0131 bir hediye olabilir.<\/span> Saf alt\u0131n\u0131n cazibesi ile stilinizi y\u00fckseltin <a href=\"https:\/\/www.purejewels.com\/tr\/a-guide-to-die-stamping\/\">Rozet koleksiyonu<\/a>.<span class=\"button-container ng-star-inserted\"> \u00a0<\/span><\/p>","protected":false},"excerpt":{"rendered":"<table class=\"sh_desc\">\n<tbody>\n<tr>\n<td>K\u00fcpe T\u00fcr\u00fc<\/td>\n<td>Saplama K\u00fcpe<\/td>\n<\/tr>\n<tr>\n<td>SKU<\/td>\n<td>49328<\/td>\n<\/tr>\n<tr>\n<td>A\u011f\u0131rl\u0131k<\/td>\n<td>10.7 gram<\/td>\n<\/tr>\n<tr>\n<td>\u00c7ap<\/td>\n<td>26,3 mm<\/td>\n<\/tr>\n<tr>\n<td>Metal<\/td>\n<td>22 Ayar G\u00fcndo\u011fumu Alt\u0131n<\/td>\n<\/tr>\n<tr>\n<td>Koleksiyon<\/td>\n<td>Rozet Koleksiyonu<\/td>\n<\/tr>\n<tr>\n<td>\u00dccretler<\/td>\n<td>Teslimat ve KDV Dahil<\/td>\n<\/tr>\n<tr>\n<td>Paketleme<\/td>\n<td>Sunum Kutusu ile Birlikte Gelir<\/td>\n<\/tr>\n<tr>\n<td>Daha Fazla Bilgi<\/td>\n<td>M\u00fcsaitlik durumu ve daha fazla resim i\u00e7in bizimle canl\u0131 sohbet edin<\/td>\n<\/tr>\n<\/tbody>\n<\/table>","protected":false},"featured_media":371208,"comment_status":"closed","ping_status":"closed","template":"","meta":{"_eb_attr":"","_crsspst_to_jayantr4sg-hostcom":false},"product_brand":[],"product_cat":[1791,1559,5315,236,5370,1790,1254,1229,5347,1570,6146,1656,5274,5353,1577,1575,1569,1573,1574,5349],"product_tag":[],"class_list":{"0":"post-370515","1":"product","2":"type-product","3":"status-publish","4":"has-post-thumbnail","6":"product_cat-anniversary-gifts","7":"product_cat-birthday-gifts","8":"product_cat-bridal-and-wedding-earrings","9":"product_cat-collections","10":"product_cat-ethnic-jewellery","11":"product_cat-for-whom-when","12":"product_cat-gold-earrings","13":"product_cat-22ct-gold-jewellery","14":"product_cat-shop-by-metal","15":"product_cat-mothers-day-gifts","16":"product_cat-rosette-stud","17":"product_cat-rosettes-collections","18":"product_cat-rosettes-earring","19":"product_cat-shop-by","20":"product_cat-stud-earrings","21":"product_cat-teenage-jewellery","22":"product_cat-valentine-day-gifts","23":"product_cat-wedding-gifts","24":"product_cat-womens-jewellery","25":"product_cat-yellow-gold-jewellery","27":"first","28":"onbackorder","29":"taxable","30":"shipping-taxable","31":"purchasable","32":"product-type-simple","33":"add-to-wishlist-before_image"},"yoast_head":"<!-- This site is optimized with the Yoast SEO plugin v27.5 - https:\/\/yoast.com\/product\/yoast-seo-wordpress\/ -->\n<title>22ct Sunrise Gold Studs - Pure Elegance | PureJewels UK<\/title>\n<meta name=\"description\" content=\"Add a touch of glamour with 22ct Sunrise Gold Studs 26.3mm gold flower stud jewellery. Shine bright with our delicate gold studs. Shop PureJewels UK now!\" \/>\n<meta name=\"robots\" content=\"index, follow, max-snippet:-1, max-image-preview:large, max-video-preview:-1\" \/>\n<link rel=\"canonical\" href=\"https:\/\/www.purejewels.com\/tr\/urun\/rozet-22-ayar-gundogumu-altin-saplama-capi-26-3mm-49328\/\" \/>\n<meta property=\"og:locale\" content=\"tr_TR\" \/>\n<meta property=\"og:type\" content=\"article\" \/>\n<meta property=\"og:title\" content=\"22ct Sunrise Gold Studs - Pure Elegance | PureJewels UK\" \/>\n<meta property=\"og:description\" content=\"Add a touch of glamour with 22ct Sunrise Gold Studs 26.3mm gold flower stud jewellery. Shine bright with our delicate gold studs. Shop PureJewels UK now!\" \/>\n<meta property=\"og:url\" content=\"https:\/\/www.purejewels.com\/tr\/urun\/rozet-22-ayar-gundogumu-altin-saplama-capi-26-3mm-49328\/\" \/>\n<meta property=\"og:site_name\" content=\"PureJewels UK\" \/>\n<meta property=\"article:modified_time\" content=\"2026-02-02T09:07:34+00:00\" \/>\n<meta property=\"og:image\" content=\"https:\/\/static.purejewels.com\/wp-content\/uploads\/2024\/08\/49328.png\" \/>\n\t<meta property=\"og:image:width\" content=\"1000\" \/>\n\t<meta property=\"og:image:height\" content=\"1000\" \/>\n\t<meta property=\"og:image:type\" content=\"image\/png\" \/>\n<meta name=\"twitter:card\" content=\"summary_large_image\" \/>\n<meta name=\"twitter:label1\" content=\"Tahmini okuma s\u00fcresi\" \/>\n\t<meta name=\"twitter:data1\" content=\"1 dakika\" \/>\n<script type=\"application\/ld+json\" class=\"yoast-schema-graph\">{\"@context\":\"https:\\\/\\\/schema.org\",\"@graph\":[{\"@type\":[\"WebPage\",\"ItemPage\"],\"@id\":\"https:\\\/\\\/www.purejewels.com\\\/product\\\/rosette-22ct-sunrise-gold-stud-diameter-26-3mm-49328\\\/\",\"url\":\"https:\\\/\\\/www.purejewels.com\\\/product\\\/rosette-22ct-sunrise-gold-stud-diameter-26-3mm-49328\\\/\",\"name\":\"22ct Sunrise Gold Studs - Pure Elegance | PureJewels UK\",\"isPartOf\":{\"@id\":\"https:\\\/\\\/www.purejewels.com\\\/#website\"},\"primaryImageOfPage\":{\"@id\":\"https:\\\/\\\/www.purejewels.com\\\/product\\\/rosette-22ct-sunrise-gold-stud-diameter-26-3mm-49328\\\/#primaryimage\"},\"image\":{\"@id\":\"https:\\\/\\\/www.purejewels.com\\\/product\\\/rosette-22ct-sunrise-gold-stud-diameter-26-3mm-49328\\\/#primaryimage\"},\"thumbnailUrl\":\"https:\\\/\\\/static.purejewels.com\\\/wp-content\\\/uploads\\\/2024\\\/08\\\/49328.png\",\"datePublished\":\"2024-08-28T12:22:10+00:00\",\"dateModified\":\"2026-02-02T09:07:34+00:00\",\"description\":\"Add a touch of glamour with 22ct Sunrise Gold Studs 26.3mm gold flower stud jewellery. Shine bright with our delicate gold studs. Shop PureJewels UK now!\",\"breadcrumb\":{\"@id\":\"https:\\\/\\\/www.purejewels.com\\\/product\\\/rosette-22ct-sunrise-gold-stud-diameter-26-3mm-49328\\\/#breadcrumb\"},\"inLanguage\":\"tr\",\"potentialAction\":[{\"@type\":\"ReadAction\",\"target\":[\"https:\\\/\\\/www.purejewels.com\\\/product\\\/rosette-22ct-sunrise-gold-stud-diameter-26-3mm-49328\\\/\"]}]},{\"@type\":\"ImageObject\",\"inLanguage\":\"tr\",\"@id\":\"https:\\\/\\\/www.purejewels.com\\\/product\\\/rosette-22ct-sunrise-gold-stud-diameter-26-3mm-49328\\\/#primaryimage\",\"url\":\"https:\\\/\\\/static.purejewels.com\\\/wp-content\\\/uploads\\\/2024\\\/08\\\/49328.png\",\"contentUrl\":\"https:\\\/\\\/static.purejewels.com\\\/wp-content\\\/uploads\\\/2024\\\/08\\\/49328.png\",\"width\":1000,\"height\":1000,\"caption\":\"22ct Gold Stud\"},{\"@type\":\"BreadcrumbList\",\"@id\":\"https:\\\/\\\/www.purejewels.com\\\/product\\\/rosette-22ct-sunrise-gold-stud-diameter-26-3mm-49328\\\/#breadcrumb\",\"itemListElement\":[{\"@type\":\"ListItem\",\"position\":1,\"name\":\"Home\",\"item\":\"https:\\\/\\\/www.purejewels.com\\\/\"},{\"@type\":\"ListItem\",\"position\":2,\"name\":\"Shop\",\"item\":\"https:\\\/\\\/www.purejewels.com\\\/shop\\\/\"},{\"@type\":\"ListItem\",\"position\":3,\"name\":\"Rosette 22ct Sunrise Gold Stud | Diameter 26mm\"}]},{\"@type\":\"WebSite\",\"@id\":\"https:\\\/\\\/www.purejewels.com\\\/#website\",\"url\":\"https:\\\/\\\/www.purejewels.com\\\/\",\"name\":\"PureJewels UK\",\"description\":\"Share the Love\",\"publisher\":{\"@id\":\"https:\\\/\\\/www.purejewels.com\\\/#organization\"},\"potentialAction\":[{\"@type\":\"SearchAction\",\"target\":{\"@type\":\"EntryPoint\",\"urlTemplate\":\"https:\\\/\\\/www.purejewels.com\\\/?s={search_term_string}\"},\"query-input\":{\"@type\":\"PropertyValueSpecification\",\"valueRequired\":true,\"valueName\":\"search_term_string\"}}],\"inLanguage\":\"tr\"},{\"@type\":\"Organization\",\"@id\":\"https:\\\/\\\/www.purejewels.com\\\/#organization\",\"name\":\"PureJewels UK\",\"url\":\"https:\\\/\\\/www.purejewels.com\\\/\",\"logo\":{\"@type\":\"ImageObject\",\"inLanguage\":\"tr\",\"@id\":\"https:\\\/\\\/www.purejewels.com\\\/#\\\/schema\\\/logo\\\/image\\\/\",\"url\":\"https:\\\/\\\/static.purejewels.com\\\/wp-content\\\/uploads\\\/2020\\\/11\\\/Logo-PJ-New-1.png\",\"contentUrl\":\"https:\\\/\\\/static.purejewels.com\\\/wp-content\\\/uploads\\\/2020\\\/11\\\/Logo-PJ-New-1.png\",\"width\":150,\"height\":80,\"caption\":\"PureJewels UK\"},\"image\":{\"@id\":\"https:\\\/\\\/www.purejewels.com\\\/#\\\/schema\\\/logo\\\/image\\\/\"}}]}<\/script>\n<!-- \/ Yoast SEO plugin. -->","yoast_head_json":{"title":"22 Ayar G\u00fcndo\u011fumu Alt\u0131n \u00c7\u0131t\u00e7\u0131t - Pure Elegance | PureJewels UK","description":"22ct Sunrise Gold Studs 26,3mm alt\u0131n \u00e7i\u00e7ek saplama tak\u0131 ile ihti\u015faml\u0131 bir dokunu\u015f kat\u0131n. Zarif alt\u0131n \u00e7\u0131t\u00e7\u0131tlar\u0131m\u0131zla \u0131\u015f\u0131lday\u0131n. \u015eimdi PureJewels UK'den al\u0131\u015fveri\u015f yap\u0131n!","robots":{"index":"index","follow":"follow","max-snippet":"max-snippet:-1","max-image-preview":"max-image-preview:large","max-video-preview":"max-video-preview:-1"},"canonical":"https:\/\/www.purejewels.com\/tr\/urun\/rozet-22-ayar-gundogumu-altin-saplama-capi-26-3mm-49328\/","og_locale":"tr_TR","og_type":"article","og_title":"22ct Sunrise Gold Studs - Pure Elegance | PureJewels UK","og_description":"Add a touch of glamour with 22ct Sunrise Gold Studs 26.3mm gold flower stud jewellery. Shine bright with our delicate gold studs. Shop PureJewels UK now!","og_url":"https:\/\/www.purejewels.com\/tr\/urun\/rozet-22-ayar-gundogumu-altin-saplama-capi-26-3mm-49328\/","og_site_name":"PureJewels UK","article_modified_time":"2026-02-02T09:07:34+00:00","og_image":[{"width":1000,"height":1000,"url":"https:\/\/static.purejewels.com\/wp-content\/uploads\/2024\/08\/49328.png","type":"image\/png"}],"twitter_card":"summary_large_image","twitter_misc":{"Tahmini okuma s\u00fcresi":"1 dakika"},"schema":{"@context":"https:\/\/schema.org","@graph":[{"@type":["WebPage","ItemPage"],"@id":"https:\/\/www.purejewels.com\/product\/rosette-22ct-sunrise-gold-stud-diameter-26-3mm-49328\/","url":"https:\/\/www.purejewels.com\/product\/rosette-22ct-sunrise-gold-stud-diameter-26-3mm-49328\/","name":"22 Ayar G\u00fcndo\u011fumu Alt\u0131n \u00c7\u0131t\u00e7\u0131t - Pure Elegance | PureJewels UK","isPartOf":{"@id":"https:\/\/www.purejewels.com\/#website"},"primaryImageOfPage":{"@id":"https:\/\/www.purejewels.com\/product\/rosette-22ct-sunrise-gold-stud-diameter-26-3mm-49328\/#primaryimage"},"image":{"@id":"https:\/\/www.purejewels.com\/product\/rosette-22ct-sunrise-gold-stud-diameter-26-3mm-49328\/#primaryimage"},"thumbnailUrl":"https:\/\/static.purejewels.com\/wp-content\/uploads\/2024\/08\/49328.png","datePublished":"2024-08-28T12:22:10+00:00","dateModified":"2026-02-02T09:07:34+00:00","description":"22ct Sunrise Gold Studs 26,3mm alt\u0131n \u00e7i\u00e7ek saplama tak\u0131 ile ihti\u015faml\u0131 bir dokunu\u015f kat\u0131n. Zarif alt\u0131n \u00e7\u0131t\u00e7\u0131tlar\u0131m\u0131zla \u0131\u015f\u0131lday\u0131n. \u015eimdi PureJewels UK'den al\u0131\u015fveri\u015f yap\u0131n!","breadcrumb":{"@id":"https:\/\/www.purejewels.com\/product\/rosette-22ct-sunrise-gold-stud-diameter-26-3mm-49328\/#breadcrumb"},"inLanguage":"tr","potentialAction":[{"@type":"ReadAction","target":["https:\/\/www.purejewels.com\/product\/rosette-22ct-sunrise-gold-stud-diameter-26-3mm-49328\/"]}]},{"@type":"ImageObject","inLanguage":"tr","@id":"https:\/\/www.purejewels.com\/product\/rosette-22ct-sunrise-gold-stud-diameter-26-3mm-49328\/#primaryimage","url":"https:\/\/static.purejewels.com\/wp-content\/uploads\/2024\/08\/49328.png","contentUrl":"https:\/\/static.purejewels.com\/wp-content\/uploads\/2024\/08\/49328.png","width":1000,"height":1000,"caption":"22ct Gold Stud"},{"@type":"BreadcrumbList","@id":"https:\/\/www.purejewels.com\/product\/rosette-22ct-sunrise-gold-stud-diameter-26-3mm-49328\/#breadcrumb","itemListElement":[{"@type":"ListItem","position":1,"name":"Home","item":"https:\/\/www.purejewels.com\/"},{"@type":"ListItem","position":2,"name":"Shop","item":"https:\/\/www.purejewels.com\/shop\/"},{"@type":"ListItem","position":3,"name":"Rosette 22ct Sunrise Gold Stud | Diameter 26mm"}]},{"@type":"WebSite","@id":"https:\/\/www.purejewels.com\/#website","url":"https:\/\/www.purejewels.com\/","name":"PureJewels \u0130ngiltere","description":"Sevgiyi Payla\u015f\u0131n","publisher":{"@id":"https:\/\/www.purejewels.com\/#organization"},"potentialAction":[{"@type":"SearchAction","target":{"@type":"EntryPoint","urlTemplate":"https:\/\/www.purejewels.com\/?s={search_term_string}"},"query-input":{"@type":"PropertyValueSpecification","valueRequired":true,"valueName":"search_term_string"}}],"inLanguage":"tr"},{"@type":"Organization","@id":"https:\/\/www.purejewels.com\/#organization","name":"PureJewels \u0130ngiltere","url":"https:\/\/www.purejewels.com\/","logo":{"@type":"ImageObject","inLanguage":"tr","@id":"https:\/\/www.purejewels.com\/#\/schema\/logo\/image\/","url":"https:\/\/static.purejewels.com\/wp-content\/uploads\/2020\/11\/Logo-PJ-New-1.png","contentUrl":"https:\/\/static.purejewels.com\/wp-content\/uploads\/2020\/11\/Logo-PJ-New-1.png","width":150,"height":80,"caption":"PureJewels UK"},"image":{"@id":"https:\/\/www.purejewels.com\/#\/schema\/logo\/image\/"}}]}},"_links":{"self":[{"href":"https:\/\/www.purejewels.com\/tr\/wp-json\/wp\/v2\/product\/370515","targetHints":{"allow":["GET"]}}],"collection":[{"href":"https:\/\/www.purejewels.com\/tr\/wp-json\/wp\/v2\/product"}],"about":[{"href":"https:\/\/www.purejewels.com\/tr\/wp-json\/wp\/v2\/types\/product"}],"replies":[{"embeddable":true,"href":"https:\/\/www.purejewels.com\/tr\/wp-json\/wp\/v2\/comments?post=370515"}],"version-history":[{"count":4,"href":"https:\/\/www.purejewels.com\/tr\/wp-json\/wp\/v2\/product\/370515\/revisions"}],"predecessor-version":[{"id":425679,"href":"https:\/\/www.purejewels.com\/tr\/wp-json\/wp\/v2\/product\/370515\/revisions\/425679"}],"wp:featuredmedia":[{"embeddable":true,"href":"https:\/\/www.purejewels.com\/tr\/wp-json\/wp\/v2\/media\/371208"}],"wp:attachment":[{"href":"https:\/\/www.purejewels.com\/tr\/wp-json\/wp\/v2\/media?parent=370515"}],"wp:term":[{"taxonomy":"product_brand","embeddable":true,"href":"https:\/\/www.purejewels.com\/tr\/wp-json\/wp\/v2\/product_brand?post=370515"},{"taxonomy":"product_cat","embeddable":true,"href":"https:\/\/www.purejewels.com\/tr\/wp-json\/wp\/v2\/product_cat?post=370515"},{"taxonomy":"product_tag","embeddable":true,"href":"https:\/\/www.purejewels.com\/tr\/wp-json\/wp\/v2\/product_tag?post=370515"}],"curies":[{"name":"wp","href":"https:\/\/api.w.org\/{rel}","templated":true}]}}