{"id":370519,"date":"2024-08-28T13:07:27","date_gmt":"2024-08-28T12:07:27","guid":{"rendered":"https:\/\/www.purejewels.com\/?post_type=product&#038;p=370519"},"modified":"2026-01-06T08:01:28","modified_gmt":"2026-01-06T08:01:28","slug":"22-ayar-gundogumu-altin-e-bas-harfli-kolye-ucu-48622","status":"publish","type":"product","link":"https:\/\/www.purejewels.com\/tr\/product\/22ct-sunrise-gold-e-initial-pendant-48622\/","title":{"rendered":"22 Ayar G\u00fcndo\u011fumu Alt\u0131n E Harfli Kolye"},"content":{"rendered":"<p>\u015e\u0131kl\u0131k, bireysellikle bulu\u015fuyor <em>E <a href=\"https:\/\/www.purejewels.com\/tr\/product\/22ct-gold-initial-f-pendant-with-cz-0-6-inches-unisex-42281\/\">Initial Kolye Ucu<\/a><\/em> PureJewels UK'nin Vinyasa Koleksiyonu'ndan. L\u00fcks kuma\u015ftan \u00fcretilmi\u015ftir. <a href=\"https:\/\/www.purejewels.com\/tr\/product\/22ct-gold-jali-filigree-ring-jali-collection-31926\/\">22ct<\/a> Sunrise Gold, bu kolye ucu, \u015fafa\u011f\u0131n ilk \u0131\u015f\u0131klar\u0131n\u0131n \u00f6z\u00fcn\u00fc yakalayan s\u0131cak, alt\u0131n bir renk tonu yayar. \u0130nce detaylara sahip \"E\" harfi zarif ama cesur bir tasar\u0131mla \u00f6ne \u00e7\u0131karak ki\u015fisel \u00f6nemin m\u00fckemmel bir sembol\u00fc haline geliyor.<\/p>\n<p>\u00d6zel Vinyasa Koleksiyonumuzun bir par\u00e7as\u0131 olan bu kolye ucu, bir m\u00fccevher par\u00e7as\u0131ndan \u00e7ok daha fazlas\u0131d\u0131r; bir kimlik ve stil ifadesidir. \u0130ster kendi isminizin bir temsili olarak ister \u00f6zel birine bir \u00f6vg\u00fc olarak tak\u0131n, E Ba\u015f Harf Kolye her k\u0131yafeti tamamlayan zamans\u0131z bir aksesuard\u0131r.<\/p>\n<p>Her bir par\u00e7a kusursuz bir y\u00fczey elde etmek i\u00e7in titizlikle cilalanarak sadece g\u00f6ze \u00e7arpmakla kalmay\u0131p ayn\u0131 zamanda kal\u0131c\u0131 bir parlakl\u0131\u011fa da sahip olmas\u0131 sa\u011flanm\u0131\u015ft\u0131r. Kolye ucu, hem g\u00fcnl\u00fck kullan\u0131m hem de \u00f6zel g\u00fcnler i\u00e7in uygun olacak \u015fekilde \u00e7ok y\u00f6nl\u00fc olarak tasarlanm\u0131\u015ft\u0131r.<\/p>\n<p>Kendinize veya sevdiklerinize PureJewels imzal\u0131 ambalaj\u0131m\u0131zda sunulan bu zarif duygu simgesini hediye edin. Kilometre ta\u015flar\u0131n\u0131 i\u015faretlemek veya anlaml\u0131 anlar\u0131 kutlamak i\u00e7in m\u00fckemmel olan 22 ayar Sunrise Alt\u0131n E Ba\u015f Harfi Kolye, y\u0131llarca el \u00fcst\u00fcnde tutulacak bir par\u00e7ad\u0131r.<\/p>\n<p>&nbsp;<\/p>","protected":false},"excerpt":{"rendered":"<div class=\"woocommerce-product-details__short-description\">\n<div class=\"woocommerce-product-details__short-description\">\n<table class=\"sh_desc\">\n<tbody>\n<tr>\n<td>Kolye Tipi<\/td>\n<td>S\u00fcsl\u00fc Ba\u015f Harf Kolye<\/td>\n<\/tr>\n<tr>\n<td>SKU<\/td>\n<td>48622<\/td>\n<\/tr>\n<tr>\n<td>A\u011f\u0131rl\u0131k<\/td>\n<td>1.6 Gms<\/td>\n<\/tr>\n<tr>\n<td>Metal<\/td>\n<td>22 Ayar G\u00fcndo\u011fumu Alt\u0131n<\/td>\n<\/tr>\n<tr>\n<td>\u00dccretler<\/td>\n<td>Teslimat ve KDV Dahil<\/td>\n<\/tr>\n<tr>\n<td>Paketleme<\/td>\n<td>Sunum Kutusu ile Birlikte Gelir<\/td>\n<\/tr>\n<tr>\n<td>Daha Fazla Bilgi<\/td>\n<td>\n<ul>\n<li>Zincir dahil de\u011fildir<\/li>\n<li>Bizim g\u00f6r\u00fcnt\u00fcleyin<strong>\u00a0Alt\u0131n Zincirler<\/strong>\u00a0koleksiyon<\/li>\n<li>M\u00fcsaitlik durumu ve daha fazla resim i\u00e7in bizimle canl\u0131 sohbet edin<\/li>\n<\/ul>\n<\/td>\n<\/tr>\n<\/tbody>\n<\/table>\n<\/div>\n<div class=\"btn-atc atc-slide\"><\/div>\n<div class=\"product_meta\"><\/div>\n<\/div>","protected":false},"featured_media":380550,"comment_status":"closed","ping_status":"closed","template":"","meta":{"_eb_attr":"","_crsspst_to_jayantr4sg-hostcom":false},"product_brand":[],"product_cat":[1794,1229,1255,5598,5943,1769,1767,1569,1480],"product_tag":[],"class_list":{"0":"post-370519","1":"product","2":"type-product","3":"status-publish","4":"has-post-thumbnail","6":"product_cat-christmas-gifts","7":"product_cat-22ct-gold-jewellery","8":"product_cat-gold-pendants","9":"product_cat-initial-pendant","10":"product_cat-kids-jewellery","11":"product_cat-kids-pendants","12":"product_cat-ladies-pendants","13":"product_cat-valentine-day-gifts","14":"product_cat-vinyasa-collections","16":"first","17":"outofstock","18":"taxable","19":"shipping-taxable","20":"product-type-simple","21":"add-to-wishlist-before_image"},"yoast_head":"<!-- This site is optimized with the Yoast SEO plugin v27.5 - https:\/\/yoast.com\/product\/yoast-seo-wordpress\/ -->\n<title>E Initial Pendant in 22ct Sunrise Gold | PureJewels UK<\/title>\n<meta name=\"description\" content=\"Discover our stunning E Initial Pendant crafted in 22ct Sunrise Gold. Perfect for personal style or gifting, it&#039;s a unique piece to cherish.\" \/>\n<meta name=\"robots\" content=\"index, follow, max-snippet:-1, max-image-preview:large, max-video-preview:-1\" \/>\n<link rel=\"canonical\" href=\"https:\/\/www.purejewels.com\/tr\/urun\/22-ayar-gundogumu-altin-e-bas-harfli-kolye-ucu-48622\/\" \/>\n<meta property=\"og:locale\" content=\"tr_TR\" \/>\n<meta property=\"og:type\" content=\"article\" \/>\n<meta property=\"og:title\" content=\"E Initial Pendant in 22ct Sunrise Gold | PureJewels UK\" \/>\n<meta property=\"og:description\" content=\"Discover our stunning E Initial Pendant crafted in 22ct Sunrise Gold. Perfect for personal style or gifting, it&#039;s a unique piece to cherish.\" \/>\n<meta property=\"og:url\" content=\"https:\/\/www.purejewels.com\/tr\/urun\/22-ayar-gundogumu-altin-e-bas-harfli-kolye-ucu-48622\/\" \/>\n<meta property=\"og:site_name\" content=\"PureJewels UK\" \/>\n<meta property=\"article:modified_time\" content=\"2026-01-06T08:01:28+00:00\" \/>\n<meta property=\"og:image\" content=\"https:\/\/www.purejewels.com\/wp-content\/uploads\/2024\/08\/8622_1.png\" \/>\n\t<meta property=\"og:image:width\" content=\"1000\" \/>\n\t<meta property=\"og:image:height\" content=\"1000\" \/>\n\t<meta property=\"og:image:type\" content=\"image\/png\" \/>\n<meta name=\"twitter:card\" content=\"summary_large_image\" \/>\n<meta name=\"twitter:label1\" content=\"Tahmini okuma s\u00fcresi\" \/>\n\t<meta name=\"twitter:data1\" content=\"1 dakika\" \/>\n<script type=\"application\/ld+json\" class=\"yoast-schema-graph\">{\"@context\":\"https:\\\/\\\/schema.org\",\"@graph\":[{\"@type\":[\"WebPage\",\"ItemPage\"],\"@id\":\"https:\\\/\\\/www.purejewels.com\\\/product\\\/22ct-sunrise-gold-e-initial-pendant-48622\\\/\",\"url\":\"https:\\\/\\\/www.purejewels.com\\\/product\\\/22ct-sunrise-gold-e-initial-pendant-48622\\\/\",\"name\":\"E Initial Pendant in 22ct Sunrise Gold | PureJewels UK\",\"isPartOf\":{\"@id\":\"https:\\\/\\\/www.purejewels.com\\\/#website\"},\"primaryImageOfPage\":{\"@id\":\"https:\\\/\\\/www.purejewels.com\\\/product\\\/22ct-sunrise-gold-e-initial-pendant-48622\\\/#primaryimage\"},\"image\":{\"@id\":\"https:\\\/\\\/www.purejewels.com\\\/product\\\/22ct-sunrise-gold-e-initial-pendant-48622\\\/#primaryimage\"},\"thumbnailUrl\":\"https:\\\/\\\/static.purejewels.com\\\/wp-content\\\/uploads\\\/2024\\\/08\\\/8622_1.png\",\"datePublished\":\"2024-08-28T12:07:27+00:00\",\"dateModified\":\"2026-01-06T08:01:28+00:00\",\"description\":\"Discover our stunning E Initial Pendant crafted in 22ct Sunrise Gold. Perfect for personal style or gifting, it's a unique piece to cherish.\",\"breadcrumb\":{\"@id\":\"https:\\\/\\\/www.purejewels.com\\\/product\\\/22ct-sunrise-gold-e-initial-pendant-48622\\\/#breadcrumb\"},\"inLanguage\":\"tr\",\"potentialAction\":[{\"@type\":\"ReadAction\",\"target\":[\"https:\\\/\\\/www.purejewels.com\\\/product\\\/22ct-sunrise-gold-e-initial-pendant-48622\\\/\"]}]},{\"@type\":\"ImageObject\",\"inLanguage\":\"tr\",\"@id\":\"https:\\\/\\\/www.purejewels.com\\\/product\\\/22ct-sunrise-gold-e-initial-pendant-48622\\\/#primaryimage\",\"url\":\"https:\\\/\\\/static.purejewels.com\\\/wp-content\\\/uploads\\\/2024\\\/08\\\/8622_1.png\",\"contentUrl\":\"https:\\\/\\\/static.purejewels.com\\\/wp-content\\\/uploads\\\/2024\\\/08\\\/8622_1.png\",\"width\":1000,\"height\":1000,\"caption\":\"22ct Sunrise Gold E Initial Pendant\"},{\"@type\":\"BreadcrumbList\",\"@id\":\"https:\\\/\\\/www.purejewels.com\\\/product\\\/22ct-sunrise-gold-e-initial-pendant-48622\\\/#breadcrumb\",\"itemListElement\":[{\"@type\":\"ListItem\",\"position\":1,\"name\":\"Home\",\"item\":\"https:\\\/\\\/www.purejewels.com\\\/\"},{\"@type\":\"ListItem\",\"position\":2,\"name\":\"Shop\",\"item\":\"https:\\\/\\\/www.purejewels.com\\\/shop\\\/\"},{\"@type\":\"ListItem\",\"position\":3,\"name\":\"22ct Sunrise Gold E Initial Pendant\"}]},{\"@type\":\"WebSite\",\"@id\":\"https:\\\/\\\/www.purejewels.com\\\/#website\",\"url\":\"https:\\\/\\\/www.purejewels.com\\\/\",\"name\":\"PureJewels UK\",\"description\":\"Share the Love\",\"publisher\":{\"@id\":\"https:\\\/\\\/www.purejewels.com\\\/#organization\"},\"potentialAction\":[{\"@type\":\"SearchAction\",\"target\":{\"@type\":\"EntryPoint\",\"urlTemplate\":\"https:\\\/\\\/www.purejewels.com\\\/?s={search_term_string}\"},\"query-input\":{\"@type\":\"PropertyValueSpecification\",\"valueRequired\":true,\"valueName\":\"search_term_string\"}}],\"inLanguage\":\"tr\"},{\"@type\":\"Organization\",\"@id\":\"https:\\\/\\\/www.purejewels.com\\\/#organization\",\"name\":\"PureJewels UK\",\"url\":\"https:\\\/\\\/www.purejewels.com\\\/\",\"logo\":{\"@type\":\"ImageObject\",\"inLanguage\":\"tr\",\"@id\":\"https:\\\/\\\/www.purejewels.com\\\/#\\\/schema\\\/logo\\\/image\\\/\",\"url\":\"https:\\\/\\\/static.purejewels.com\\\/wp-content\\\/uploads\\\/2020\\\/11\\\/Logo-PJ-New-1.png\",\"contentUrl\":\"https:\\\/\\\/static.purejewels.com\\\/wp-content\\\/uploads\\\/2020\\\/11\\\/Logo-PJ-New-1.png\",\"width\":150,\"height\":80,\"caption\":\"PureJewels UK\"},\"image\":{\"@id\":\"https:\\\/\\\/www.purejewels.com\\\/#\\\/schema\\\/logo\\\/image\\\/\"}}]}<\/script>\n<!-- \/ Yoast SEO plugin. -->","yoast_head_json":{"title":"22ct Sunrise Alt\u0131n E Ba\u015f Harfi Kolye Ucu | PureJewels UK","description":"22ct Sunrise Alt\u0131ndan haz\u0131rlanm\u0131\u015f \u00e7arp\u0131c\u0131 E Ba\u015f Harfi Kolyemizi ke\u015ffedin. Ki\u015fisel stil veya hediye i\u00e7in m\u00fckemmel olan bu e\u015fsiz par\u00e7a, el \u00fcst\u00fcnde tutulacak.","robots":{"index":"index","follow":"follow","max-snippet":"max-snippet:-1","max-image-preview":"max-image-preview:large","max-video-preview":"max-video-preview:-1"},"canonical":"https:\/\/www.purejewels.com\/tr\/urun\/22-ayar-gundogumu-altin-e-bas-harfli-kolye-ucu-48622\/","og_locale":"tr_TR","og_type":"article","og_title":"E Initial Pendant in 22ct Sunrise Gold | PureJewels UK","og_description":"Discover our stunning E Initial Pendant crafted in 22ct Sunrise Gold. Perfect for personal style or gifting, it's a unique piece to cherish.","og_url":"https:\/\/www.purejewels.com\/tr\/urun\/22-ayar-gundogumu-altin-e-bas-harfli-kolye-ucu-48622\/","og_site_name":"PureJewels UK","article_modified_time":"2026-01-06T08:01:28+00:00","og_image":[{"width":1000,"height":1000,"url":"https:\/\/www.purejewels.com\/wp-content\/uploads\/2024\/08\/8622_1.png","type":"image\/png"}],"twitter_card":"summary_large_image","twitter_misc":{"Tahmini okuma s\u00fcresi":"1 dakika"},"schema":{"@context":"https:\/\/schema.org","@graph":[{"@type":["WebPage","ItemPage"],"@id":"https:\/\/www.purejewels.com\/product\/22ct-sunrise-gold-e-initial-pendant-48622\/","url":"https:\/\/www.purejewels.com\/product\/22ct-sunrise-gold-e-initial-pendant-48622\/","name":"22ct Sunrise Alt\u0131n E Ba\u015f Harfi Kolye Ucu | PureJewels UK","isPartOf":{"@id":"https:\/\/www.purejewels.com\/#website"},"primaryImageOfPage":{"@id":"https:\/\/www.purejewels.com\/product\/22ct-sunrise-gold-e-initial-pendant-48622\/#primaryimage"},"image":{"@id":"https:\/\/www.purejewels.com\/product\/22ct-sunrise-gold-e-initial-pendant-48622\/#primaryimage"},"thumbnailUrl":"https:\/\/static.purejewels.com\/wp-content\/uploads\/2024\/08\/8622_1.png","datePublished":"2024-08-28T12:07:27+00:00","dateModified":"2026-01-06T08:01:28+00:00","description":"22ct Sunrise Alt\u0131ndan haz\u0131rlanm\u0131\u015f \u00e7arp\u0131c\u0131 E Ba\u015f Harfi Kolyemizi ke\u015ffedin. Ki\u015fisel stil veya hediye i\u00e7in m\u00fckemmel olan bu e\u015fsiz par\u00e7a, el \u00fcst\u00fcnde tutulacak.","breadcrumb":{"@id":"https:\/\/www.purejewels.com\/product\/22ct-sunrise-gold-e-initial-pendant-48622\/#breadcrumb"},"inLanguage":"tr","potentialAction":[{"@type":"ReadAction","target":["https:\/\/www.purejewels.com\/product\/22ct-sunrise-gold-e-initial-pendant-48622\/"]}]},{"@type":"ImageObject","inLanguage":"tr","@id":"https:\/\/www.purejewels.com\/product\/22ct-sunrise-gold-e-initial-pendant-48622\/#primaryimage","url":"https:\/\/static.purejewels.com\/wp-content\/uploads\/2024\/08\/8622_1.png","contentUrl":"https:\/\/static.purejewels.com\/wp-content\/uploads\/2024\/08\/8622_1.png","width":1000,"height":1000,"caption":"22ct Sunrise Gold E Initial Pendant"},{"@type":"BreadcrumbList","@id":"https:\/\/www.purejewels.com\/product\/22ct-sunrise-gold-e-initial-pendant-48622\/#breadcrumb","itemListElement":[{"@type":"ListItem","position":1,"name":"Home","item":"https:\/\/www.purejewels.com\/"},{"@type":"ListItem","position":2,"name":"Shop","item":"https:\/\/www.purejewels.com\/shop\/"},{"@type":"ListItem","position":3,"name":"22ct Sunrise Gold E Initial Pendant"}]},{"@type":"WebSite","@id":"https:\/\/www.purejewels.com\/#website","url":"https:\/\/www.purejewels.com\/","name":"PureJewels \u0130ngiltere","description":"Sevgiyi Payla\u015f\u0131n","publisher":{"@id":"https:\/\/www.purejewels.com\/#organization"},"potentialAction":[{"@type":"SearchAction","target":{"@type":"EntryPoint","urlTemplate":"https:\/\/www.purejewels.com\/?s={search_term_string}"},"query-input":{"@type":"PropertyValueSpecification","valueRequired":true,"valueName":"search_term_string"}}],"inLanguage":"tr"},{"@type":"Organization","@id":"https:\/\/www.purejewels.com\/#organization","name":"PureJewels \u0130ngiltere","url":"https:\/\/www.purejewels.com\/","logo":{"@type":"ImageObject","inLanguage":"tr","@id":"https:\/\/www.purejewels.com\/#\/schema\/logo\/image\/","url":"https:\/\/static.purejewels.com\/wp-content\/uploads\/2020\/11\/Logo-PJ-New-1.png","contentUrl":"https:\/\/static.purejewels.com\/wp-content\/uploads\/2020\/11\/Logo-PJ-New-1.png","width":150,"height":80,"caption":"PureJewels UK"},"image":{"@id":"https:\/\/www.purejewels.com\/#\/schema\/logo\/image\/"}}]}},"_links":{"self":[{"href":"https:\/\/www.purejewels.com\/tr\/wp-json\/wp\/v2\/product\/370519","targetHints":{"allow":["GET"]}}],"collection":[{"href":"https:\/\/www.purejewels.com\/tr\/wp-json\/wp\/v2\/product"}],"about":[{"href":"https:\/\/www.purejewels.com\/tr\/wp-json\/wp\/v2\/types\/product"}],"replies":[{"embeddable":true,"href":"https:\/\/www.purejewels.com\/tr\/wp-json\/wp\/v2\/comments?post=370519"}],"version-history":[{"count":2,"href":"https:\/\/www.purejewels.com\/tr\/wp-json\/wp\/v2\/product\/370519\/revisions"}],"predecessor-version":[{"id":387886,"href":"https:\/\/www.purejewels.com\/tr\/wp-json\/wp\/v2\/product\/370519\/revisions\/387886"}],"wp:featuredmedia":[{"embeddable":true,"href":"https:\/\/www.purejewels.com\/tr\/wp-json\/wp\/v2\/media\/380550"}],"wp:attachment":[{"href":"https:\/\/www.purejewels.com\/tr\/wp-json\/wp\/v2\/media?parent=370519"}],"wp:term":[{"taxonomy":"product_brand","embeddable":true,"href":"https:\/\/www.purejewels.com\/tr\/wp-json\/wp\/v2\/product_brand?post=370519"},{"taxonomy":"product_cat","embeddable":true,"href":"https:\/\/www.purejewels.com\/tr\/wp-json\/wp\/v2\/product_cat?post=370519"},{"taxonomy":"product_tag","embeddable":true,"href":"https:\/\/www.purejewels.com\/tr\/wp-json\/wp\/v2\/product_tag?post=370519"}],"curies":[{"name":"wp","href":"https:\/\/api.w.org\/{rel}","templated":true}]}}