{"id":370528,"date":"2024-08-28T13:48:38","date_gmt":"2024-08-28T12:48:38","guid":{"rendered":"https:\/\/www.purejewels.com\/?post_type=product&#038;p=370528"},"modified":"2026-02-03T12:22:17","modified_gmt":"2026-02-03T12:22:17","slug":"22-ayar-altin-rozet-kupe-49287","status":"publish","type":"product","link":"https:\/\/www.purejewels.com\/tr\/product\/22ct-gold-rosette-earring-49287\/","title":{"rendered":"22 ayar alt\u0131n rozet \u00e7i\u00e7ek desenli damla k\u00fcpe"},"content":{"rendered":"<h3 data-start=\"154\" data-end=\"170\"><strong data-start=\"158\" data-end=\"168\">Tasar\u0131m<\/strong><\/h3>\n<p data-start=\"171\" data-end=\"489\">Bu zarif damla k\u00fcpeler, rozetlerden ilham alan bir saplamaya ve g\u00fczel katmanl\u0131 \u00e7i\u00e7ek kompozisyonuna sahiptir. Yaprak motifleri, kenarlar\u0131nda hafif\u00e7e dans eden narin \u00e7i\u00e7ek desenleriyle s\u00fcslenmi\u015f dairesel bir damlay\u0131 \u00e7er\u00e7eveler. Zengin doku ve dengeli simetri, zarif bir kad\u0131ns\u0131 hava ile rafine bir geleneksel g\u00f6r\u00fcn\u00fcm yarat\u0131r.<\/p>\n<h3 data-start=\"491\" data-end=\"514\"><strong data-start=\"495\" data-end=\"512\">Zanaatkarl\u0131k<\/strong><\/h3>\n<p data-start=\"515\" data-end=\"850\">22 ayar Sunrise Gold ile ustaca el i\u015f\u00e7ili\u011fi ile \u00fcretilen her bir yaprak ve \u00e7i\u00e7ek yapra\u011f\u0131, ince oyma ve geleneksel kuyumculuk detaylar\u0131 ile tan\u0131mlanm\u0131\u015ft\u0131r. Antik kaplama, s\u0131cak ve parlak bir \u0131\u015f\u0131lt\u0131 sa\u011flarken tasar\u0131m\u0131n derinli\u011fini ve sanatsal y\u00f6n\u00fcn\u00fc vurgular. Sa\u011flam bir sap ve arka k\u0131s\u0131m ile sabitlenmi\u015f olup, alt\u0131n safl\u0131\u011f\u0131 ve kalitesi i\u00e7in Birle\u015fik Krall\u0131k'ta damgalanm\u0131\u015ft\u0131r.<\/p>\n<h3 data-start=\"852\" data-end=\"879\"><strong data-start=\"856\" data-end=\"877\">\u015eekillendirme &amp; Hediyele\u015fme<\/strong><\/h3>\n<p data-start=\"880\" data-end=\"1157\">\u00d6zel g\u00fcnler, d\u00fc\u011f\u00fcnler ve \u015f\u0131k kutlamalar i\u00e7in tasarlanan bu k\u00fcpeler, ipek sari, lehenga ve klasik ak\u015fam k\u0131yafetleriyle m\u00fckemmel bir uyum sa\u011flar. \u00d6zel anlar i\u00e7in anlaml\u0131 bir hediye olan bu k\u00fcpeler, geleneksel zanaatkarl\u0131\u011f\u0131n g\u00fczelli\u011fini ve \u00e7i\u00e7ek a\u00e7an ne\u015fenin sembolizmini yans\u0131t\u0131yor.<\/p>","protected":false},"excerpt":{"rendered":"<div class=\"woocommerce-product-details__short-description\">22 ayar Sunrise Gold'dan el yap\u0131m\u0131 \u00e7i\u00e7ek damla k\u00fcpeler, rozet ve yaprak motifleriyle. Detayl\u0131 oyma ve yumu\u015fak hareket, \u015fenlikli ve gelinlik g\u00f6r\u00fcn\u00fcmlerine zarafet katar. Safl\u0131k ve kalite i\u00e7in \u0130ngiltere damgal\u0131.<\/div>\n<div>\n<p><strong>Malzeme:<\/strong> 22 ayar Sunrise Gold (91,6% Saf Alt\u0131n)<strong><br \/>\nHallmark:\u00a0<\/strong>\u0130ngiliz Damgas\u0131<strong><br \/>\n<\/strong><strong>Br\u00fct A\u011f\u0131rl\u0131k: <\/strong>6,91 gram<br \/>\n<strong>SKU:<\/strong> 52804<\/p>\n<p><strong>Fiyat ve Teslimat<\/strong>: KDV ve teslimat \u00fccretleri dahil<br \/>\n<a href=\"https:\/\/www.purejewels.com\/tr\/i%cc%87ade-poli%cc%87ti%cc%87kasi\/\">\u0130ade Politikas\u0131<\/a><\/p>\n<\/div>\n<div class=\"btn-atc atc-slide\"><\/div>\n<div class=\"product_meta\"><\/div>","protected":false},"featured_media":371170,"comment_status":"closed","ping_status":"closed","template":"","meta":{"_eb_attr":"","_crsspst_to_jayantr4sg-hostcom":false},"product_brand":[],"product_cat":[1791,1559,5315,5657,236,1793,1685,5701,1790,1254,1229,6149,1656,5274,1575,1573,1574,5349],"product_tag":[66],"class_list":{"0":"post-370528","1":"product","2":"type-product","3":"status-publish","4":"has-post-thumbnail","6":"product_cat-anniversary-gifts","7":"product_cat-birthday-gifts","8":"product_cat-bridal-and-wedding-earrings","9":"product_cat-chand-bali","10":"product_cat-collections","11":"product_cat-diwali-gifts","12":"product_cat-drop-earrings","13":"product_cat-eid-jewellery","14":"product_cat-for-whom-when","15":"product_cat-gold-earrings","16":"product_cat-22ct-gold-jewellery","17":"product_cat-rosette-drop-earring","18":"product_cat-rosettes-collections","19":"product_cat-rosettes-earring","20":"product_cat-teenage-jewellery","21":"product_cat-wedding-gifts","22":"product_cat-womens-jewellery","23":"product_cat-yellow-gold-jewellery","24":"product_tag-earrings","26":"first","27":"instock","28":"taxable","29":"shipping-taxable","30":"purchasable","31":"product-type-simple","32":"add-to-wishlist-before_image"},"yoast_head":"<!-- This site is optimized with the Yoast SEO plugin v27.6 - https:\/\/yoast.com\/product\/yoast-seo-wordpress\/ -->\n<title>22ct Gold Rosette Drop Earring for a Special Occasion<\/title>\n<meta name=\"description\" content=\"Order your 22ct gold rosette earrings today and experience the luxury of owning a truly timeless piece of jewellery\u2014free delivery across the UK.\" \/>\n<meta name=\"robots\" content=\"index, follow, max-snippet:-1, max-image-preview:large, max-video-preview:-1\" \/>\n<link rel=\"canonical\" href=\"https:\/\/www.purejewels.com\/tr\/urun\/22-ayar-altin-rozet-kupe-49287\/\" \/>\n<meta property=\"og:locale\" content=\"tr_TR\" \/>\n<meta property=\"og:type\" content=\"article\" \/>\n<meta property=\"og:title\" content=\"22ct Gold Rosette Drop Earring for a Special Occasion\" \/>\n<meta property=\"og:description\" content=\"Order your 22ct gold rosette earrings today and experience the luxury of owning a truly timeless piece of jewellery\u2014free delivery across the UK.\" \/>\n<meta property=\"og:url\" content=\"https:\/\/www.purejewels.com\/tr\/urun\/22-ayar-altin-rozet-kupe-49287\/\" \/>\n<meta property=\"og:site_name\" content=\"PureJewels UK\" \/>\n<meta property=\"article:modified_time\" content=\"2026-02-03T12:22:17+00:00\" \/>\n<meta property=\"og:image\" content=\"https:\/\/static.purejewels.com\/wp-content\/uploads\/2024\/08\/49287.png\" \/>\n\t<meta property=\"og:image:width\" content=\"1000\" \/>\n\t<meta property=\"og:image:height\" content=\"1000\" \/>\n\t<meta property=\"og:image:type\" content=\"image\/png\" \/>\n<meta name=\"twitter:card\" content=\"summary_large_image\" \/>\n<meta name=\"twitter:label1\" content=\"Tahmini okuma s\u00fcresi\" \/>\n\t<meta name=\"twitter:data1\" content=\"1 dakika\" \/>\n<script type=\"application\/ld+json\" class=\"yoast-schema-graph\">{\"@context\":\"https:\\\/\\\/schema.org\",\"@graph\":[{\"@type\":[\"WebPage\",\"ItemPage\"],\"@id\":\"https:\\\/\\\/www.purejewels.com\\\/product\\\/22ct-gold-rosette-earring-49287\\\/\",\"url\":\"https:\\\/\\\/www.purejewels.com\\\/product\\\/22ct-gold-rosette-earring-49287\\\/\",\"name\":\"22ct Gold Rosette Drop Earring for a Special Occasion\",\"isPartOf\":{\"@id\":\"https:\\\/\\\/www.purejewels.com\\\/#website\"},\"primaryImageOfPage\":{\"@id\":\"https:\\\/\\\/www.purejewels.com\\\/product\\\/22ct-gold-rosette-earring-49287\\\/#primaryimage\"},\"image\":{\"@id\":\"https:\\\/\\\/www.purejewels.com\\\/product\\\/22ct-gold-rosette-earring-49287\\\/#primaryimage\"},\"thumbnailUrl\":\"https:\\\/\\\/static.purejewels.com\\\/wp-content\\\/uploads\\\/2024\\\/08\\\/49287.png\",\"datePublished\":\"2024-08-28T12:48:38+00:00\",\"dateModified\":\"2026-02-03T12:22:17+00:00\",\"description\":\"Order your 22ct gold rosette earrings today and experience the luxury of owning a truly timeless piece of jewellery\u2014free delivery across the UK.\",\"breadcrumb\":{\"@id\":\"https:\\\/\\\/www.purejewels.com\\\/product\\\/22ct-gold-rosette-earring-49287\\\/#breadcrumb\"},\"inLanguage\":\"tr\",\"potentialAction\":[{\"@type\":\"ReadAction\",\"target\":[\"https:\\\/\\\/www.purejewels.com\\\/product\\\/22ct-gold-rosette-earring-49287\\\/\"]}]},{\"@type\":\"ImageObject\",\"inLanguage\":\"tr\",\"@id\":\"https:\\\/\\\/www.purejewels.com\\\/product\\\/22ct-gold-rosette-earring-49287\\\/#primaryimage\",\"url\":\"https:\\\/\\\/static.purejewels.com\\\/wp-content\\\/uploads\\\/2024\\\/08\\\/49287.png\",\"contentUrl\":\"https:\\\/\\\/static.purejewels.com\\\/wp-content\\\/uploads\\\/2024\\\/08\\\/49287.png\",\"width\":1000,\"height\":1000},{\"@type\":\"BreadcrumbList\",\"@id\":\"https:\\\/\\\/www.purejewels.com\\\/product\\\/22ct-gold-rosette-earring-49287\\\/#breadcrumb\",\"itemListElement\":[{\"@type\":\"ListItem\",\"position\":1,\"name\":\"Home\",\"item\":\"https:\\\/\\\/www.purejewels.com\\\/\"},{\"@type\":\"ListItem\",\"position\":2,\"name\":\"Shop\",\"item\":\"https:\\\/\\\/www.purejewels.com\\\/shop\\\/\"},{\"@type\":\"ListItem\",\"position\":3,\"name\":\"22ct Gold Rosette Floral Drop Earrings\"}]},{\"@type\":\"WebSite\",\"@id\":\"https:\\\/\\\/www.purejewels.com\\\/#website\",\"url\":\"https:\\\/\\\/www.purejewels.com\\\/\",\"name\":\"PureJewels UK\",\"description\":\"Share the Love\",\"publisher\":{\"@id\":\"https:\\\/\\\/www.purejewels.com\\\/#organization\"},\"potentialAction\":[{\"@type\":\"SearchAction\",\"target\":{\"@type\":\"EntryPoint\",\"urlTemplate\":\"https:\\\/\\\/www.purejewels.com\\\/?s={search_term_string}\"},\"query-input\":{\"@type\":\"PropertyValueSpecification\",\"valueRequired\":true,\"valueName\":\"search_term_string\"}}],\"inLanguage\":\"tr\"},{\"@type\":\"Organization\",\"@id\":\"https:\\\/\\\/www.purejewels.com\\\/#organization\",\"name\":\"PureJewels UK\",\"url\":\"https:\\\/\\\/www.purejewels.com\\\/\",\"logo\":{\"@type\":\"ImageObject\",\"inLanguage\":\"tr\",\"@id\":\"https:\\\/\\\/www.purejewels.com\\\/#\\\/schema\\\/logo\\\/image\\\/\",\"url\":\"https:\\\/\\\/static.purejewels.com\\\/wp-content\\\/uploads\\\/2020\\\/11\\\/Logo-PJ-New-1.png\",\"contentUrl\":\"https:\\\/\\\/static.purejewels.com\\\/wp-content\\\/uploads\\\/2020\\\/11\\\/Logo-PJ-New-1.png\",\"width\":150,\"height\":80,\"caption\":\"PureJewels UK\"},\"image\":{\"@id\":\"https:\\\/\\\/www.purejewels.com\\\/#\\\/schema\\\/logo\\\/image\\\/\"}}]}<\/script>\n<!-- \/ Yoast SEO plugin. -->","yoast_head_json":{"title":"\u00d6zel G\u00fcnler i\u00e7in 22 Ayar Alt\u0131n Rozet Damla K\u00fcpe","description":"22 ayar alt\u0131n rozet k\u00fcpelerinizi bug\u00fcn sipari\u015f edin ve ger\u00e7ekten zamans\u0131z bir m\u00fccevher par\u00e7as\u0131na sahip olman\u0131n l\u00fcks\u00fcn\u00fc Birle\u015fik Krall\u0131k genelinde \u00fccretsiz teslimatla ya\u015fay\u0131n.","robots":{"index":"index","follow":"follow","max-snippet":"max-snippet:-1","max-image-preview":"max-image-preview:large","max-video-preview":"max-video-preview:-1"},"canonical":"https:\/\/www.purejewels.com\/tr\/urun\/22-ayar-altin-rozet-kupe-49287\/","og_locale":"tr_TR","og_type":"article","og_title":"22ct Gold Rosette Drop Earring for a Special Occasion","og_description":"Order your 22ct gold rosette earrings today and experience the luxury of owning a truly timeless piece of jewellery\u2014free delivery across the UK.","og_url":"https:\/\/www.purejewels.com\/tr\/urun\/22-ayar-altin-rozet-kupe-49287\/","og_site_name":"PureJewels UK","article_modified_time":"2026-02-03T12:22:17+00:00","og_image":[{"width":1000,"height":1000,"url":"https:\/\/static.purejewels.com\/wp-content\/uploads\/2024\/08\/49287.png","type":"image\/png"}],"twitter_card":"summary_large_image","twitter_misc":{"Tahmini okuma s\u00fcresi":"1 dakika"},"schema":{"@context":"https:\/\/schema.org","@graph":[{"@type":["WebPage","ItemPage"],"@id":"https:\/\/www.purejewels.com\/product\/22ct-gold-rosette-earring-49287\/","url":"https:\/\/www.purejewels.com\/product\/22ct-gold-rosette-earring-49287\/","name":"\u00d6zel G\u00fcnler i\u00e7in 22 Ayar Alt\u0131n Rozet Damla K\u00fcpe","isPartOf":{"@id":"https:\/\/www.purejewels.com\/#website"},"primaryImageOfPage":{"@id":"https:\/\/www.purejewels.com\/product\/22ct-gold-rosette-earring-49287\/#primaryimage"},"image":{"@id":"https:\/\/www.purejewels.com\/product\/22ct-gold-rosette-earring-49287\/#primaryimage"},"thumbnailUrl":"https:\/\/static.purejewels.com\/wp-content\/uploads\/2024\/08\/49287.png","datePublished":"2024-08-28T12:48:38+00:00","dateModified":"2026-02-03T12:22:17+00:00","description":"22 ayar alt\u0131n rozet k\u00fcpelerinizi bug\u00fcn sipari\u015f edin ve ger\u00e7ekten zamans\u0131z bir m\u00fccevher par\u00e7as\u0131na sahip olman\u0131n l\u00fcks\u00fcn\u00fc Birle\u015fik Krall\u0131k genelinde \u00fccretsiz teslimatla ya\u015fay\u0131n.","breadcrumb":{"@id":"https:\/\/www.purejewels.com\/product\/22ct-gold-rosette-earring-49287\/#breadcrumb"},"inLanguage":"tr","potentialAction":[{"@type":"ReadAction","target":["https:\/\/www.purejewels.com\/product\/22ct-gold-rosette-earring-49287\/"]}]},{"@type":"ImageObject","inLanguage":"tr","@id":"https:\/\/www.purejewels.com\/product\/22ct-gold-rosette-earring-49287\/#primaryimage","url":"https:\/\/static.purejewels.com\/wp-content\/uploads\/2024\/08\/49287.png","contentUrl":"https:\/\/static.purejewels.com\/wp-content\/uploads\/2024\/08\/49287.png","width":1000,"height":1000},{"@type":"BreadcrumbList","@id":"https:\/\/www.purejewels.com\/product\/22ct-gold-rosette-earring-49287\/#breadcrumb","itemListElement":[{"@type":"ListItem","position":1,"name":"Home","item":"https:\/\/www.purejewels.com\/"},{"@type":"ListItem","position":2,"name":"Shop","item":"https:\/\/www.purejewels.com\/shop\/"},{"@type":"ListItem","position":3,"name":"22ct Gold Rosette Floral Drop Earrings"}]},{"@type":"WebSite","@id":"https:\/\/www.purejewels.com\/#website","url":"https:\/\/www.purejewels.com\/","name":"PureJewels \u0130ngiltere","description":"Sevgiyi Payla\u015f\u0131n","publisher":{"@id":"https:\/\/www.purejewels.com\/#organization"},"potentialAction":[{"@type":"SearchAction","target":{"@type":"EntryPoint","urlTemplate":"https:\/\/www.purejewels.com\/?s={search_term_string}"},"query-input":{"@type":"PropertyValueSpecification","valueRequired":true,"valueName":"search_term_string"}}],"inLanguage":"tr"},{"@type":"Organization","@id":"https:\/\/www.purejewels.com\/#organization","name":"PureJewels \u0130ngiltere","url":"https:\/\/www.purejewels.com\/","logo":{"@type":"ImageObject","inLanguage":"tr","@id":"https:\/\/www.purejewels.com\/#\/schema\/logo\/image\/","url":"https:\/\/static.purejewels.com\/wp-content\/uploads\/2020\/11\/Logo-PJ-New-1.png","contentUrl":"https:\/\/static.purejewels.com\/wp-content\/uploads\/2020\/11\/Logo-PJ-New-1.png","width":150,"height":80,"caption":"PureJewels UK"},"image":{"@id":"https:\/\/www.purejewels.com\/#\/schema\/logo\/image\/"}}]}},"_links":{"self":[{"href":"https:\/\/www.purejewels.com\/tr\/wp-json\/wp\/v2\/product\/370528","targetHints":{"allow":["GET"]}}],"collection":[{"href":"https:\/\/www.purejewels.com\/tr\/wp-json\/wp\/v2\/product"}],"about":[{"href":"https:\/\/www.purejewels.com\/tr\/wp-json\/wp\/v2\/types\/product"}],"replies":[{"embeddable":true,"href":"https:\/\/www.purejewels.com\/tr\/wp-json\/wp\/v2\/comments?post=370528"}],"version-history":[{"count":3,"href":"https:\/\/www.purejewels.com\/tr\/wp-json\/wp\/v2\/product\/370528\/revisions"}],"predecessor-version":[{"id":425632,"href":"https:\/\/www.purejewels.com\/tr\/wp-json\/wp\/v2\/product\/370528\/revisions\/425632"}],"wp:featuredmedia":[{"embeddable":true,"href":"https:\/\/www.purejewels.com\/tr\/wp-json\/wp\/v2\/media\/371170"}],"wp:attachment":[{"href":"https:\/\/www.purejewels.com\/tr\/wp-json\/wp\/v2\/media?parent=370528"}],"wp:term":[{"taxonomy":"product_brand","embeddable":true,"href":"https:\/\/www.purejewels.com\/tr\/wp-json\/wp\/v2\/product_brand?post=370528"},{"taxonomy":"product_cat","embeddable":true,"href":"https:\/\/www.purejewels.com\/tr\/wp-json\/wp\/v2\/product_cat?post=370528"},{"taxonomy":"product_tag","embeddable":true,"href":"https:\/\/www.purejewels.com\/tr\/wp-json\/wp\/v2\/product_tag?post=370528"}],"curies":[{"name":"wp","href":"https:\/\/api.w.org\/{rel}","templated":true}]}}