{"id":370540,"date":"2025-12-09T05:07:53","date_gmt":"2025-12-09T05:07:53","guid":{"rendered":"https:\/\/www.purejewels.com\/?post_type=product&#038;p=370540"},"modified":"2026-01-13T05:18:39","modified_gmt":"2026-01-13T05:18:39","slug":"22-ayar-gundogumu-altindan-bas-harf-s-kolye-ucu-48618","status":"publish","type":"product","link":"https:\/\/www.purejewels.com\/tr\/product\/initial-s-pendant-in-22ct-sunrise-gold-48618\/","title":{"rendered":"Ba\u015f Harfi S Kolye | Vinyasa Koleksiyonu"},"content":{"rendered":"<p>Sofistike ve ki\u015fisel ifadenin \u00f6z\u00fcn\u00fc <em><a href=\"https:\/\/www.purejewels.com\/tr\/product\/22ct-gold-pendant-initial-50347\/\">Ba\u015f Harfi S Kolye<\/a><\/em> PureJewels \u0130ngiltere'nin Vinyasa Koleksiyonu'ndan. I\u015f\u0131lt\u0131l\u0131 el yap\u0131m\u0131 <a href=\"https:\/\/www.purejewels.com\/tr\/product\/22ct-gold-jali-filigree-ring-jali-collection-31926\/\">22ct<\/a> G\u00fcn Do\u011fumu Alt\u0131n\u0131, g\u00fcne\u015fin ilk \u0131\u015f\u0131klar\u0131n\u0131 an\u0131msatan s\u0131cak ve \u0131\u015f\u0131lt\u0131l\u0131 bir par\u0131lt\u0131 yayarak her m\u00fccevher koleksiyonuna zarif bir katk\u0131 sa\u011flar.<\/p>\n<p>Stilize \"S\" harfi hem g\u00fcc\u00fc hem de zarafeti sergilemek i\u00e7in karma\u015f\u0131k bir \u015fekilde tasarlanm\u0131\u015ft\u0131r ve kullan\u0131c\u0131n\u0131n de\u011fer verdi\u011fi benzersiz hikayeleri ve ba\u011flant\u0131lar\u0131 sembolize eder. \u0130ster bir ismi ister de\u011ferli bir an\u0131y\u0131 temsil etsin, bu kolye ucu bireyselli\u011fin zamans\u0131z bir simgesi olarak hizmet eder.<\/p>\n<p>\u00d6zenle se\u00e7ilmi\u015f Vinyasa Koleksiyonumuzun bir par\u00e7as\u0131 olan Initial S Kolye, bir aksesuardan \u00e7ok daha fazlas\u0131d\u0131r; ki\u015fisel bir ifadedir. \u00c7ok y\u00f6nl\u00fc tasar\u0131m\u0131, g\u00fcndelik \u015f\u0131kl\u0131ktan rafine sofistikeli\u011fe kadar her g\u00f6r\u00fcn\u00fcm\u00fc tamamlamas\u0131na olanak tan\u0131yarak hem g\u00fcnl\u00fck kullan\u0131m hem de \u00f6zel g\u00fcnler i\u00e7in m\u00fckemmeldir.<\/p>\n<p>Hikayenizi 22 ayar G\u00fcndo\u011fumu Alt\u0131n\u0131ndan Ba\u015f Harfi S Kolye ile kutlay\u0131n; kal\u0131c\u0131 bir g\u00fczellik ve anlam\u0131n hat\u0131ras\u0131.<\/p>","protected":false},"excerpt":{"rendered":"<p><strong>Kolye Tipi:<\/strong> Ki\u015fiselle\u015ftirilmi\u015f Ba\u015f Harf Kolye<br \/>\n<strong>SKU:<\/strong> 48618<br \/>\n<strong>A\u011f\u0131rl\u0131k:<\/strong> 1.6 Gms<br \/>\n<strong>Metal:<\/strong> 22 Ayar G\u00fcndo\u011fumu Alt\u0131n<br \/>\n<strong>Su\u00e7lamalar:<\/strong> Teslimat ve KDV Dahil<\/p>\n<p><strong>Daha fazla bilgi:\u00a0<\/strong><br \/>\nZincir dahil de\u011fildir<br \/>\nBizim g\u00f6r\u00fcnt\u00fcleyin\u00a0<a href=\"https:\/\/www.purejewels.com\/tr\/urun-kategori%cc%87si%cc%87\/22-ayar-altin-takilar\/altin-zincirler\/baklali-zincir\/\">Alt\u0131n Zincirler koleksiyonu<\/a><br \/>\nM\u00fcsaitlik durumu ve daha fazla resim i\u00e7in bizimle canl\u0131 sohbet edin<\/p>","protected":false},"featured_media":380540,"comment_status":"closed","ping_status":"closed","template":"","meta":{"_eb_attr":"","_crsspst_to_jayantr4sg-hostcom":false},"product_brand":[],"product_cat":[1794,1229,1255,6122,5598,1767,5906,6051,6120,1569,1480],"product_tag":[],"class_list":{"0":"post-370540","1":"product","2":"type-product","3":"status-publish","4":"has-post-thumbnail","6":"product_cat-christmas-gifts","7":"product_cat-22ct-gold-jewellery","8":"product_cat-gold-pendants","9":"product_cat-initial","10":"product_cat-initial-pendant","11":"product_cat-ladies-pendants","12":"product_cat-personalised-jewellery","13":"product_cat-personalised-pendant","14":"product_cat-shop-by-style","15":"product_cat-valentine-day-gifts","16":"product_cat-vinyasa-collections","18":"first","19":"outofstock","20":"taxable","21":"shipping-taxable","22":"product-type-simple","23":"add-to-wishlist-before_image"},"yoast_head":"<!-- This site is optimized with the Yoast SEO plugin v27.5 - https:\/\/yoast.com\/product\/yoast-seo-wordpress\/ -->\n<title>Initial S Pendant in 22ct Sunrise Gold | Vinyasa Collection<\/title>\n<meta name=\"description\" content=\"Discover the elegance of the Initial S Pendant in 22ct Sunrise Gold from our Vinyasa Collection. Perfect for personal elegance and meaningful gifting.\" \/>\n<meta name=\"robots\" content=\"index, follow, max-snippet:-1, max-image-preview:large, max-video-preview:-1\" \/>\n<link rel=\"canonical\" href=\"https:\/\/www.purejewels.com\/tr\/urun\/22-ayar-gundogumu-altindan-bas-harf-s-kolye-ucu-48618\/\" \/>\n<meta property=\"og:locale\" content=\"tr_TR\" \/>\n<meta property=\"og:type\" content=\"article\" \/>\n<meta property=\"og:title\" content=\"Initial S Pendant in 22ct Sunrise Gold | Vinyasa Collection\" \/>\n<meta property=\"og:description\" content=\"Discover the elegance of the Initial S Pendant in 22ct Sunrise Gold from our Vinyasa Collection. Perfect for personal elegance and meaningful gifting.\" \/>\n<meta property=\"og:url\" content=\"https:\/\/www.purejewels.com\/tr\/urun\/22-ayar-gundogumu-altindan-bas-harf-s-kolye-ucu-48618\/\" \/>\n<meta property=\"og:site_name\" content=\"PureJewels UK\" \/>\n<meta property=\"article:modified_time\" content=\"2026-01-13T05:18:39+00:00\" \/>\n<meta property=\"og:image\" content=\"https:\/\/static.purejewels.com\/wp-content\/uploads\/2024\/08\/48618_1.png\" \/>\n\t<meta property=\"og:image:width\" content=\"1000\" \/>\n\t<meta property=\"og:image:height\" content=\"1000\" \/>\n\t<meta property=\"og:image:type\" content=\"image\/png\" \/>\n<meta name=\"twitter:card\" content=\"summary_large_image\" \/>\n<meta name=\"twitter:label1\" content=\"Tahmini okuma s\u00fcresi\" \/>\n\t<meta name=\"twitter:data1\" content=\"1 dakika\" \/>\n<script type=\"application\/ld+json\" class=\"yoast-schema-graph\">{\"@context\":\"https:\\\/\\\/schema.org\",\"@graph\":[{\"@type\":[\"WebPage\",\"ItemPage\"],\"@id\":\"https:\\\/\\\/www.purejewels.com\\\/product\\\/initial-s-pendant-in-22ct-sunrise-gold-48618\\\/\",\"url\":\"https:\\\/\\\/www.purejewels.com\\\/product\\\/initial-s-pendant-in-22ct-sunrise-gold-48618\\\/\",\"name\":\"Initial S Pendant in 22ct Sunrise Gold | Vinyasa Collection\",\"isPartOf\":{\"@id\":\"https:\\\/\\\/www.purejewels.com\\\/#website\"},\"primaryImageOfPage\":{\"@id\":\"https:\\\/\\\/www.purejewels.com\\\/product\\\/initial-s-pendant-in-22ct-sunrise-gold-48618\\\/#primaryimage\"},\"image\":{\"@id\":\"https:\\\/\\\/www.purejewels.com\\\/product\\\/initial-s-pendant-in-22ct-sunrise-gold-48618\\\/#primaryimage\"},\"thumbnailUrl\":\"https:\\\/\\\/static.purejewels.com\\\/wp-content\\\/uploads\\\/2024\\\/08\\\/48618_1.png\",\"datePublished\":\"2025-12-09T05:07:53+00:00\",\"dateModified\":\"2026-01-13T05:18:39+00:00\",\"description\":\"Discover the elegance of the Initial S Pendant in 22ct Sunrise Gold from our Vinyasa Collection. Perfect for personal elegance and meaningful gifting.\",\"breadcrumb\":{\"@id\":\"https:\\\/\\\/www.purejewels.com\\\/product\\\/initial-s-pendant-in-22ct-sunrise-gold-48618\\\/#breadcrumb\"},\"inLanguage\":\"tr\",\"potentialAction\":[{\"@type\":\"ReadAction\",\"target\":[\"https:\\\/\\\/www.purejewels.com\\\/product\\\/initial-s-pendant-in-22ct-sunrise-gold-48618\\\/\"]}]},{\"@type\":\"ImageObject\",\"inLanguage\":\"tr\",\"@id\":\"https:\\\/\\\/www.purejewels.com\\\/product\\\/initial-s-pendant-in-22ct-sunrise-gold-48618\\\/#primaryimage\",\"url\":\"https:\\\/\\\/static.purejewels.com\\\/wp-content\\\/uploads\\\/2024\\\/08\\\/48618_1.png\",\"contentUrl\":\"https:\\\/\\\/static.purejewels.com\\\/wp-content\\\/uploads\\\/2024\\\/08\\\/48618_1.png\",\"width\":1000,\"height\":1000,\"caption\":\"22kt Sunrise Gold Initial S Pendant | Vinyasa Collection\"},{\"@type\":\"BreadcrumbList\",\"@id\":\"https:\\\/\\\/www.purejewels.com\\\/product\\\/initial-s-pendant-in-22ct-sunrise-gold-48618\\\/#breadcrumb\",\"itemListElement\":[{\"@type\":\"ListItem\",\"position\":1,\"name\":\"Home\",\"item\":\"https:\\\/\\\/www.purejewels.com\\\/\"},{\"@type\":\"ListItem\",\"position\":2,\"name\":\"Shop\",\"item\":\"https:\\\/\\\/www.purejewels.com\\\/shop\\\/\"},{\"@type\":\"ListItem\",\"position\":3,\"name\":\"Initial S Pendant | Vinyasa Collection\"}]},{\"@type\":\"WebSite\",\"@id\":\"https:\\\/\\\/www.purejewels.com\\\/#website\",\"url\":\"https:\\\/\\\/www.purejewels.com\\\/\",\"name\":\"PureJewels UK\",\"description\":\"Share the Love\",\"publisher\":{\"@id\":\"https:\\\/\\\/www.purejewels.com\\\/#organization\"},\"potentialAction\":[{\"@type\":\"SearchAction\",\"target\":{\"@type\":\"EntryPoint\",\"urlTemplate\":\"https:\\\/\\\/www.purejewels.com\\\/?s={search_term_string}\"},\"query-input\":{\"@type\":\"PropertyValueSpecification\",\"valueRequired\":true,\"valueName\":\"search_term_string\"}}],\"inLanguage\":\"tr\"},{\"@type\":\"Organization\",\"@id\":\"https:\\\/\\\/www.purejewels.com\\\/#organization\",\"name\":\"PureJewels UK\",\"url\":\"https:\\\/\\\/www.purejewels.com\\\/\",\"logo\":{\"@type\":\"ImageObject\",\"inLanguage\":\"tr\",\"@id\":\"https:\\\/\\\/www.purejewels.com\\\/#\\\/schema\\\/logo\\\/image\\\/\",\"url\":\"https:\\\/\\\/static.purejewels.com\\\/wp-content\\\/uploads\\\/2020\\\/11\\\/Logo-PJ-New-1.png\",\"contentUrl\":\"https:\\\/\\\/static.purejewels.com\\\/wp-content\\\/uploads\\\/2020\\\/11\\\/Logo-PJ-New-1.png\",\"width\":150,\"height\":80,\"caption\":\"PureJewels UK\"},\"image\":{\"@id\":\"https:\\\/\\\/www.purejewels.com\\\/#\\\/schema\\\/logo\\\/image\\\/\"}}]}<\/script>\n<!-- \/ Yoast SEO plugin. -->","yoast_head_json":{"title":"Vinyasa Koleksiyonu 22 Ayar G\u00fcndo\u011fumu Alt\u0131n Ba\u015f Harfi S Kolye","description":"Vinyasa Koleksiyonumuzdan 22 ayar G\u00fcndo\u011fumu Alt\u0131n\u0131ndan Ba\u015f Harfi S Kolyenin zarafetini ke\u015ffedin. Ki\u015fisel \u015f\u0131kl\u0131k ve anlaml\u0131 hediyeler i\u00e7in m\u00fckemmel.","robots":{"index":"index","follow":"follow","max-snippet":"max-snippet:-1","max-image-preview":"max-image-preview:large","max-video-preview":"max-video-preview:-1"},"canonical":"https:\/\/www.purejewels.com\/tr\/urun\/22-ayar-gundogumu-altindan-bas-harf-s-kolye-ucu-48618\/","og_locale":"tr_TR","og_type":"article","og_title":"Initial S Pendant in 22ct Sunrise Gold | Vinyasa Collection","og_description":"Discover the elegance of the Initial S Pendant in 22ct Sunrise Gold from our Vinyasa Collection. Perfect for personal elegance and meaningful gifting.","og_url":"https:\/\/www.purejewels.com\/tr\/urun\/22-ayar-gundogumu-altindan-bas-harf-s-kolye-ucu-48618\/","og_site_name":"PureJewels UK","article_modified_time":"2026-01-13T05:18:39+00:00","og_image":[{"width":1000,"height":1000,"url":"https:\/\/static.purejewels.com\/wp-content\/uploads\/2024\/08\/48618_1.png","type":"image\/png"}],"twitter_card":"summary_large_image","twitter_misc":{"Tahmini okuma s\u00fcresi":"1 dakika"},"schema":{"@context":"https:\/\/schema.org","@graph":[{"@type":["WebPage","ItemPage"],"@id":"https:\/\/www.purejewels.com\/product\/initial-s-pendant-in-22ct-sunrise-gold-48618\/","url":"https:\/\/www.purejewels.com\/product\/initial-s-pendant-in-22ct-sunrise-gold-48618\/","name":"Vinyasa Koleksiyonu 22 Ayar G\u00fcndo\u011fumu Alt\u0131n Ba\u015f Harfi S Kolye","isPartOf":{"@id":"https:\/\/www.purejewels.com\/#website"},"primaryImageOfPage":{"@id":"https:\/\/www.purejewels.com\/product\/initial-s-pendant-in-22ct-sunrise-gold-48618\/#primaryimage"},"image":{"@id":"https:\/\/www.purejewels.com\/product\/initial-s-pendant-in-22ct-sunrise-gold-48618\/#primaryimage"},"thumbnailUrl":"https:\/\/static.purejewels.com\/wp-content\/uploads\/2024\/08\/48618_1.png","datePublished":"2025-12-09T05:07:53+00:00","dateModified":"2026-01-13T05:18:39+00:00","description":"Vinyasa Koleksiyonumuzdan 22 ayar G\u00fcndo\u011fumu Alt\u0131n\u0131ndan Ba\u015f Harfi S Kolyenin zarafetini ke\u015ffedin. Ki\u015fisel \u015f\u0131kl\u0131k ve anlaml\u0131 hediyeler i\u00e7in m\u00fckemmel.","breadcrumb":{"@id":"https:\/\/www.purejewels.com\/product\/initial-s-pendant-in-22ct-sunrise-gold-48618\/#breadcrumb"},"inLanguage":"tr","potentialAction":[{"@type":"ReadAction","target":["https:\/\/www.purejewels.com\/product\/initial-s-pendant-in-22ct-sunrise-gold-48618\/"]}]},{"@type":"ImageObject","inLanguage":"tr","@id":"https:\/\/www.purejewels.com\/product\/initial-s-pendant-in-22ct-sunrise-gold-48618\/#primaryimage","url":"https:\/\/static.purejewels.com\/wp-content\/uploads\/2024\/08\/48618_1.png","contentUrl":"https:\/\/static.purejewels.com\/wp-content\/uploads\/2024\/08\/48618_1.png","width":1000,"height":1000,"caption":"22kt Sunrise Gold Initial S Pendant | Vinyasa Collection"},{"@type":"BreadcrumbList","@id":"https:\/\/www.purejewels.com\/product\/initial-s-pendant-in-22ct-sunrise-gold-48618\/#breadcrumb","itemListElement":[{"@type":"ListItem","position":1,"name":"Home","item":"https:\/\/www.purejewels.com\/"},{"@type":"ListItem","position":2,"name":"Shop","item":"https:\/\/www.purejewels.com\/shop\/"},{"@type":"ListItem","position":3,"name":"Initial S Pendant | Vinyasa Collection"}]},{"@type":"WebSite","@id":"https:\/\/www.purejewels.com\/#website","url":"https:\/\/www.purejewels.com\/","name":"PureJewels \u0130ngiltere","description":"Sevgiyi Payla\u015f\u0131n","publisher":{"@id":"https:\/\/www.purejewels.com\/#organization"},"potentialAction":[{"@type":"SearchAction","target":{"@type":"EntryPoint","urlTemplate":"https:\/\/www.purejewels.com\/?s={search_term_string}"},"query-input":{"@type":"PropertyValueSpecification","valueRequired":true,"valueName":"search_term_string"}}],"inLanguage":"tr"},{"@type":"Organization","@id":"https:\/\/www.purejewels.com\/#organization","name":"PureJewels \u0130ngiltere","url":"https:\/\/www.purejewels.com\/","logo":{"@type":"ImageObject","inLanguage":"tr","@id":"https:\/\/www.purejewels.com\/#\/schema\/logo\/image\/","url":"https:\/\/static.purejewels.com\/wp-content\/uploads\/2020\/11\/Logo-PJ-New-1.png","contentUrl":"https:\/\/static.purejewels.com\/wp-content\/uploads\/2020\/11\/Logo-PJ-New-1.png","width":150,"height":80,"caption":"PureJewels UK"},"image":{"@id":"https:\/\/www.purejewels.com\/#\/schema\/logo\/image\/"}}]}},"_links":{"self":[{"href":"https:\/\/www.purejewels.com\/tr\/wp-json\/wp\/v2\/product\/370540","targetHints":{"allow":["GET"]}}],"collection":[{"href":"https:\/\/www.purejewels.com\/tr\/wp-json\/wp\/v2\/product"}],"about":[{"href":"https:\/\/www.purejewels.com\/tr\/wp-json\/wp\/v2\/types\/product"}],"replies":[{"embeddable":true,"href":"https:\/\/www.purejewels.com\/tr\/wp-json\/wp\/v2\/comments?post=370540"}],"version-history":[{"count":3,"href":"https:\/\/www.purejewels.com\/tr\/wp-json\/wp\/v2\/product\/370540\/revisions"}],"predecessor-version":[{"id":404750,"href":"https:\/\/www.purejewels.com\/tr\/wp-json\/wp\/v2\/product\/370540\/revisions\/404750"}],"wp:featuredmedia":[{"embeddable":true,"href":"https:\/\/www.purejewels.com\/tr\/wp-json\/wp\/v2\/media\/380540"}],"wp:attachment":[{"href":"https:\/\/www.purejewels.com\/tr\/wp-json\/wp\/v2\/media?parent=370540"}],"wp:term":[{"taxonomy":"product_brand","embeddable":true,"href":"https:\/\/www.purejewels.com\/tr\/wp-json\/wp\/v2\/product_brand?post=370540"},{"taxonomy":"product_cat","embeddable":true,"href":"https:\/\/www.purejewels.com\/tr\/wp-json\/wp\/v2\/product_cat?post=370540"},{"taxonomy":"product_tag","embeddable":true,"href":"https:\/\/www.purejewels.com\/tr\/wp-json\/wp\/v2\/product_tag?post=370540"}],"curies":[{"name":"wp","href":"https:\/\/api.w.org\/{rel}","templated":true}]}}