{"id":370545,"date":"2024-08-29T05:27:53","date_gmt":"2024-08-29T04:27:53","guid":{"rendered":"https:\/\/www.purejewels.com\/?post_type=product&#038;p=370545"},"modified":"2026-01-06T08:01:28","modified_gmt":"2026-01-06T08:01:28","slug":"initial-n-sunrise-altin-kolye-ucu-48621","status":"publish","type":"product","link":"https:\/\/www.purejewels.com\/tr\/product\/initial-n-sunrise-gold-pendant-48621\/","title":{"rendered":"Initial N G\u00fcndo\u011fumu Alt\u0131n Kolye"},"content":{"rendered":"<p>Ki\u015fiselle\u015ftirilmi\u015f \u015f\u0131kl\u0131\u011f\u0131n g\u00fczelli\u011fini <em>Initial N Sunrise <a href=\"https:\/\/www.purejewels.com\/tr\/product\/22ct-real-gold-shoe-pendant-43097\/\">Alt\u0131n Kolye<\/a><\/em> PureJewels UK'nin Vinyasa Koleksiyonu'ndan. I\u015f\u0131l \u0131\u015f\u0131l parlayan <a href=\"https:\/\/www.purejewels.com\/tr\/product\/22ct-gold-jali-filigree-ring-jali-collection-31926\/\">22ct<\/a> Sunrise Gold, bu kolye ucu, zamans\u0131z cazibeyi modern bir dokunu\u015fla birle\u015ftiren zarif bir tasar\u0131mda \"N\" harfini sergiliyor. Kolyenin s\u0131cak, alt\u0131n tonlar\u0131, yeni ba\u015flang\u0131\u00e7lar\u0131 ve de\u011ferli anlar\u0131 simgeleyen ilk sabah \u0131\u015f\u0131\u011f\u0131n\u0131n par\u0131lt\u0131s\u0131n\u0131 yakal\u0131yor.<\/p>\n<p>Uzman <a href=\"https:\/\/www.purejewels.com\/tr\/a-guide-to-die-stamping\/\">zanaatkarl\u0131k<\/a> Her bir k\u0131vr\u0131m\u0131 ve \u00e7izgisi m\u00fckemmel bir \u015fekilde parlat\u0131lm\u0131\u015f kusursuz bir y\u00fczey sa\u011flar ve her hareketle parlayan bir par\u00e7a yarat\u0131r. \u00c7ok y\u00f6nl\u00fc tasar\u0131m\u0131, hem g\u00fcnl\u00fck kullan\u0131m hem de \u00f6zel g\u00fcnler i\u00e7in idealdir ve her tak\u0131ma sofistike bir dokunu\u015f katar.<\/p>\n<p>Zarif PureJewels ambalaj\u0131nda sunulan Initial N Sunrise Alt\u0131n Kolye, d\u00fc\u015f\u00fcnceli bir hediye veya kendi koleksiyonunuza anlaml\u0131 bir katk\u0131 sa\u011flar. Hayat\u0131n d\u00f6n\u00fcm noktalar\u0131n\u0131 kutlay\u0131n, bireyselli\u011finizi ifade edin veya sadece benzersiz tarz\u0131n\u0131za hitap eden bir par\u00e7an\u0131n l\u00fcks\u00fcn\u00fcn tad\u0131n\u0131 \u00e7\u0131kar\u0131n.<\/p>","protected":false},"excerpt":{"rendered":"<div class=\"woocommerce-product-details__short-description\">\n<div class=\"woocommerce-product-details__short-description\">\n<table class=\"sh_desc\">\n<tbody>\n<tr>\n<td>Kolye Tipi<\/td>\n<td>S\u00fcsl\u00fc Ba\u015f Harf Kolye<\/td>\n<\/tr>\n<tr>\n<td>SKU<\/td>\n<td>48621<\/td>\n<\/tr>\n<tr>\n<td>A\u011f\u0131rl\u0131k<\/td>\n<td>1.7 Gms<\/td>\n<\/tr>\n<tr>\n<td>Metal<\/td>\n<td>22 Ayar G\u00fcndo\u011fumu Alt\u0131n<\/td>\n<\/tr>\n<tr>\n<td>\u00dccretler<\/td>\n<td>Teslimat ve KDV Dahil<\/td>\n<\/tr>\n<tr>\n<td>Paketleme<\/td>\n<td>Sunum Kutusu ile Birlikte Gelir<\/td>\n<\/tr>\n<tr>\n<td>Daha Fazla Bilgi<\/td>\n<td>\n<ul>\n<li>Zincir dahil de\u011fildir<\/li>\n<li>Bizim g\u00f6r\u00fcnt\u00fcleyin<strong>\u00a0Alt\u0131n Zincirler<\/strong>\u00a0koleksiyon<\/li>\n<li>M\u00fcsaitlik durumu ve daha fazla resim i\u00e7in bizimle canl\u0131 sohbet edin<\/li>\n<\/ul>\n<\/td>\n<\/tr>\n<\/tbody>\n<\/table>\n<\/div>\n<div class=\"btn-atc atc-slide\"><\/div>\n<div class=\"product_meta\"><\/div>\n<\/div>","protected":false},"featured_media":370546,"comment_status":"closed","ping_status":"closed","template":"","meta":{"_eb_attr":"","_crsspst_to_jayantr4sg-hostcom":false},"product_brand":[],"product_cat":[1576,1794,1793,1255,5598,1769,1767,1575,1480,1574],"product_tag":[],"class_list":{"0":"post-370545","1":"product","2":"type-product","3":"status-publish","4":"has-post-thumbnail","6":"product_cat-childrens-jewellery","7":"product_cat-christmas-gifts","8":"product_cat-diwali-gifts","9":"product_cat-gold-pendants","10":"product_cat-initial-pendant","11":"product_cat-kids-pendants","12":"product_cat-ladies-pendants","13":"product_cat-teenage-jewellery","14":"product_cat-vinyasa-collections","15":"product_cat-womens-jewellery","17":"first","18":"outofstock","19":"taxable","20":"shipping-taxable","21":"product-type-simple","22":"add-to-wishlist-before_image"},"yoast_head":"<!-- This site is optimized with the Yoast SEO plugin v27.5 - https:\/\/yoast.com\/product\/yoast-seo-wordpress\/ -->\n<title>Diwali Jewellery: Initial N Sunrise Gold Pendant<\/title>\n<meta name=\"description\" content=\"Celebrate this Diwali with our stunning Initial N Sunrise Gold Pendant. Discover elegant Diwali jewellery that adds sparkle to your festive look!\" \/>\n<meta name=\"robots\" content=\"index, follow, max-snippet:-1, max-image-preview:large, max-video-preview:-1\" \/>\n<link rel=\"canonical\" href=\"https:\/\/www.purejewels.com\/tr\/urun\/initial-n-sunrise-altin-kolye-ucu-48621\/\" \/>\n<meta property=\"og:locale\" content=\"tr_TR\" \/>\n<meta property=\"og:type\" content=\"article\" \/>\n<meta property=\"og:title\" content=\"Diwali Jewellery: Initial N Sunrise Gold Pendant\" \/>\n<meta property=\"og:description\" content=\"Celebrate this Diwali with our stunning Initial N Sunrise Gold Pendant. Discover elegant Diwali jewellery that adds sparkle to your festive look!\" \/>\n<meta property=\"og:url\" content=\"https:\/\/www.purejewels.com\/tr\/urun\/initial-n-sunrise-altin-kolye-ucu-48621\/\" \/>\n<meta property=\"og:site_name\" content=\"PureJewels UK\" \/>\n<meta property=\"article:modified_time\" content=\"2026-01-06T08:01:28+00:00\" \/>\n<meta property=\"og:image\" content=\"https:\/\/www.purejewels.com\/wp-content\/uploads\/2024\/08\/48621.jpg\" \/>\n\t<meta property=\"og:image:width\" content=\"1000\" \/>\n\t<meta property=\"og:image:height\" content=\"1000\" \/>\n\t<meta property=\"og:image:type\" content=\"image\/jpeg\" \/>\n<meta name=\"twitter:card\" content=\"summary_large_image\" \/>\n<meta name=\"twitter:label1\" content=\"Tahmini okuma s\u00fcresi\" \/>\n\t<meta name=\"twitter:data1\" content=\"1 dakika\" \/>\n<script type=\"application\/ld+json\" class=\"yoast-schema-graph\">{\"@context\":\"https:\\\/\\\/schema.org\",\"@graph\":[{\"@type\":[\"WebPage\",\"ItemPage\"],\"@id\":\"https:\\\/\\\/www.purejewels.com\\\/product\\\/initial-n-sunrise-gold-pendant-48621\\\/\",\"url\":\"https:\\\/\\\/www.purejewels.com\\\/product\\\/initial-n-sunrise-gold-pendant-48621\\\/\",\"name\":\"Diwali Jewellery: Initial N Sunrise Gold Pendant\",\"isPartOf\":{\"@id\":\"https:\\\/\\\/www.purejewels.com\\\/#website\"},\"primaryImageOfPage\":{\"@id\":\"https:\\\/\\\/www.purejewels.com\\\/product\\\/initial-n-sunrise-gold-pendant-48621\\\/#primaryimage\"},\"image\":{\"@id\":\"https:\\\/\\\/www.purejewels.com\\\/product\\\/initial-n-sunrise-gold-pendant-48621\\\/#primaryimage\"},\"thumbnailUrl\":\"https:\\\/\\\/static.purejewels.com\\\/wp-content\\\/uploads\\\/2024\\\/08\\\/48621.jpg\",\"datePublished\":\"2024-08-29T04:27:53+00:00\",\"dateModified\":\"2026-01-06T08:01:28+00:00\",\"description\":\"Celebrate this Diwali with our stunning Initial N Sunrise Gold Pendant. Discover elegant Diwali jewellery that adds sparkle to your festive look!\",\"breadcrumb\":{\"@id\":\"https:\\\/\\\/www.purejewels.com\\\/product\\\/initial-n-sunrise-gold-pendant-48621\\\/#breadcrumb\"},\"inLanguage\":\"tr\",\"potentialAction\":[{\"@type\":\"ReadAction\",\"target\":[\"https:\\\/\\\/www.purejewels.com\\\/product\\\/initial-n-sunrise-gold-pendant-48621\\\/\"]}]},{\"@type\":\"ImageObject\",\"inLanguage\":\"tr\",\"@id\":\"https:\\\/\\\/www.purejewels.com\\\/product\\\/initial-n-sunrise-gold-pendant-48621\\\/#primaryimage\",\"url\":\"https:\\\/\\\/static.purejewels.com\\\/wp-content\\\/uploads\\\/2024\\\/08\\\/48621.jpg\",\"contentUrl\":\"https:\\\/\\\/static.purejewels.com\\\/wp-content\\\/uploads\\\/2024\\\/08\\\/48621.jpg\",\"width\":1000,\"height\":1000,\"caption\":\"22ct Gold Pendant\"},{\"@type\":\"BreadcrumbList\",\"@id\":\"https:\\\/\\\/www.purejewels.com\\\/product\\\/initial-n-sunrise-gold-pendant-48621\\\/#breadcrumb\",\"itemListElement\":[{\"@type\":\"ListItem\",\"position\":1,\"name\":\"Home\",\"item\":\"https:\\\/\\\/www.purejewels.com\\\/\"},{\"@type\":\"ListItem\",\"position\":2,\"name\":\"Shop\",\"item\":\"https:\\\/\\\/www.purejewels.com\\\/shop\\\/\"},{\"@type\":\"ListItem\",\"position\":3,\"name\":\"Initial N Sunrise Gold Pendant\"}]},{\"@type\":\"WebSite\",\"@id\":\"https:\\\/\\\/www.purejewels.com\\\/#website\",\"url\":\"https:\\\/\\\/www.purejewels.com\\\/\",\"name\":\"PureJewels UK\",\"description\":\"Share the Love\",\"publisher\":{\"@id\":\"https:\\\/\\\/www.purejewels.com\\\/#organization\"},\"potentialAction\":[{\"@type\":\"SearchAction\",\"target\":{\"@type\":\"EntryPoint\",\"urlTemplate\":\"https:\\\/\\\/www.purejewels.com\\\/?s={search_term_string}\"},\"query-input\":{\"@type\":\"PropertyValueSpecification\",\"valueRequired\":true,\"valueName\":\"search_term_string\"}}],\"inLanguage\":\"tr\"},{\"@type\":\"Organization\",\"@id\":\"https:\\\/\\\/www.purejewels.com\\\/#organization\",\"name\":\"PureJewels UK\",\"url\":\"https:\\\/\\\/www.purejewels.com\\\/\",\"logo\":{\"@type\":\"ImageObject\",\"inLanguage\":\"tr\",\"@id\":\"https:\\\/\\\/www.purejewels.com\\\/#\\\/schema\\\/logo\\\/image\\\/\",\"url\":\"https:\\\/\\\/static.purejewels.com\\\/wp-content\\\/uploads\\\/2020\\\/11\\\/Logo-PJ-New-1.png\",\"contentUrl\":\"https:\\\/\\\/static.purejewels.com\\\/wp-content\\\/uploads\\\/2020\\\/11\\\/Logo-PJ-New-1.png\",\"width\":150,\"height\":80,\"caption\":\"PureJewels UK\"},\"image\":{\"@id\":\"https:\\\/\\\/www.purejewels.com\\\/#\\\/schema\\\/logo\\\/image\\\/\"}}]}<\/script>\n<!-- \/ Yoast SEO plugin. -->","yoast_head_json":{"title":"Diwali M\u00fccevherleri: Initial N Sunrise Alt\u0131n Kolye","description":"Bu Diwali'yi \u00e7arp\u0131c\u0131 Initial N Sunrise Alt\u0131n Kolyemizle kutlay\u0131n. Festival g\u00f6r\u00fcn\u00fcm\u00fcn\u00fcze \u0131\u015f\u0131lt\u0131 katan zarif Diwali m\u00fccevherlerini ke\u015ffedin!","robots":{"index":"index","follow":"follow","max-snippet":"max-snippet:-1","max-image-preview":"max-image-preview:large","max-video-preview":"max-video-preview:-1"},"canonical":"https:\/\/www.purejewels.com\/tr\/urun\/initial-n-sunrise-altin-kolye-ucu-48621\/","og_locale":"tr_TR","og_type":"article","og_title":"Diwali Jewellery: Initial N Sunrise Gold Pendant","og_description":"Celebrate this Diwali with our stunning Initial N Sunrise Gold Pendant. Discover elegant Diwali jewellery that adds sparkle to your festive look!","og_url":"https:\/\/www.purejewels.com\/tr\/urun\/initial-n-sunrise-altin-kolye-ucu-48621\/","og_site_name":"PureJewels UK","article_modified_time":"2026-01-06T08:01:28+00:00","og_image":[{"width":1000,"height":1000,"url":"https:\/\/www.purejewels.com\/wp-content\/uploads\/2024\/08\/48621.jpg","type":"image\/jpeg"}],"twitter_card":"summary_large_image","twitter_misc":{"Tahmini okuma s\u00fcresi":"1 dakika"},"schema":{"@context":"https:\/\/schema.org","@graph":[{"@type":["WebPage","ItemPage"],"@id":"https:\/\/www.purejewels.com\/product\/initial-n-sunrise-gold-pendant-48621\/","url":"https:\/\/www.purejewels.com\/product\/initial-n-sunrise-gold-pendant-48621\/","name":"Diwali M\u00fccevherleri: Initial N Sunrise Alt\u0131n Kolye","isPartOf":{"@id":"https:\/\/www.purejewels.com\/#website"},"primaryImageOfPage":{"@id":"https:\/\/www.purejewels.com\/product\/initial-n-sunrise-gold-pendant-48621\/#primaryimage"},"image":{"@id":"https:\/\/www.purejewels.com\/product\/initial-n-sunrise-gold-pendant-48621\/#primaryimage"},"thumbnailUrl":"https:\/\/static.purejewels.com\/wp-content\/uploads\/2024\/08\/48621.jpg","datePublished":"2024-08-29T04:27:53+00:00","dateModified":"2026-01-06T08:01:28+00:00","description":"Bu Diwali'yi \u00e7arp\u0131c\u0131 Initial N Sunrise Alt\u0131n Kolyemizle kutlay\u0131n. Festival g\u00f6r\u00fcn\u00fcm\u00fcn\u00fcze \u0131\u015f\u0131lt\u0131 katan zarif Diwali m\u00fccevherlerini ke\u015ffedin!","breadcrumb":{"@id":"https:\/\/www.purejewels.com\/product\/initial-n-sunrise-gold-pendant-48621\/#breadcrumb"},"inLanguage":"tr","potentialAction":[{"@type":"ReadAction","target":["https:\/\/www.purejewels.com\/product\/initial-n-sunrise-gold-pendant-48621\/"]}]},{"@type":"ImageObject","inLanguage":"tr","@id":"https:\/\/www.purejewels.com\/product\/initial-n-sunrise-gold-pendant-48621\/#primaryimage","url":"https:\/\/static.purejewels.com\/wp-content\/uploads\/2024\/08\/48621.jpg","contentUrl":"https:\/\/static.purejewels.com\/wp-content\/uploads\/2024\/08\/48621.jpg","width":1000,"height":1000,"caption":"22ct Gold Pendant"},{"@type":"BreadcrumbList","@id":"https:\/\/www.purejewels.com\/product\/initial-n-sunrise-gold-pendant-48621\/#breadcrumb","itemListElement":[{"@type":"ListItem","position":1,"name":"Home","item":"https:\/\/www.purejewels.com\/"},{"@type":"ListItem","position":2,"name":"Shop","item":"https:\/\/www.purejewels.com\/shop\/"},{"@type":"ListItem","position":3,"name":"Initial N Sunrise Gold Pendant"}]},{"@type":"WebSite","@id":"https:\/\/www.purejewels.com\/#website","url":"https:\/\/www.purejewels.com\/","name":"PureJewels \u0130ngiltere","description":"Sevgiyi Payla\u015f\u0131n","publisher":{"@id":"https:\/\/www.purejewels.com\/#organization"},"potentialAction":[{"@type":"SearchAction","target":{"@type":"EntryPoint","urlTemplate":"https:\/\/www.purejewels.com\/?s={search_term_string}"},"query-input":{"@type":"PropertyValueSpecification","valueRequired":true,"valueName":"search_term_string"}}],"inLanguage":"tr"},{"@type":"Organization","@id":"https:\/\/www.purejewels.com\/#organization","name":"PureJewels \u0130ngiltere","url":"https:\/\/www.purejewels.com\/","logo":{"@type":"ImageObject","inLanguage":"tr","@id":"https:\/\/www.purejewels.com\/#\/schema\/logo\/image\/","url":"https:\/\/static.purejewels.com\/wp-content\/uploads\/2020\/11\/Logo-PJ-New-1.png","contentUrl":"https:\/\/static.purejewels.com\/wp-content\/uploads\/2020\/11\/Logo-PJ-New-1.png","width":150,"height":80,"caption":"PureJewels UK"},"image":{"@id":"https:\/\/www.purejewels.com\/#\/schema\/logo\/image\/"}}]}},"_links":{"self":[{"href":"https:\/\/www.purejewels.com\/tr\/wp-json\/wp\/v2\/product\/370545","targetHints":{"allow":["GET"]}}],"collection":[{"href":"https:\/\/www.purejewels.com\/tr\/wp-json\/wp\/v2\/product"}],"about":[{"href":"https:\/\/www.purejewels.com\/tr\/wp-json\/wp\/v2\/types\/product"}],"replies":[{"embeddable":true,"href":"https:\/\/www.purejewels.com\/tr\/wp-json\/wp\/v2\/comments?post=370545"}],"version-history":[{"count":1,"href":"https:\/\/www.purejewels.com\/tr\/wp-json\/wp\/v2\/product\/370545\/revisions"}],"predecessor-version":[{"id":370548,"href":"https:\/\/www.purejewels.com\/tr\/wp-json\/wp\/v2\/product\/370545\/revisions\/370548"}],"wp:featuredmedia":[{"embeddable":true,"href":"https:\/\/www.purejewels.com\/tr\/wp-json\/wp\/v2\/media\/370546"}],"wp:attachment":[{"href":"https:\/\/www.purejewels.com\/tr\/wp-json\/wp\/v2\/media?parent=370545"}],"wp:term":[{"taxonomy":"product_brand","embeddable":true,"href":"https:\/\/www.purejewels.com\/tr\/wp-json\/wp\/v2\/product_brand?post=370545"},{"taxonomy":"product_cat","embeddable":true,"href":"https:\/\/www.purejewels.com\/tr\/wp-json\/wp\/v2\/product_cat?post=370545"},{"taxonomy":"product_tag","embeddable":true,"href":"https:\/\/www.purejewels.com\/tr\/wp-json\/wp\/v2\/product_tag?post=370545"}],"curies":[{"name":"wp","href":"https:\/\/api.w.org\/{rel}","templated":true}]}}