{"id":370589,"date":"2024-09-04T13:52:22","date_gmt":"2024-09-04T12:52:22","guid":{"rendered":"https:\/\/www.purejewels.com\/?post_type=product&#038;p=370589"},"modified":"2026-01-06T06:53:48","modified_gmt":"2026-01-06T06:53:48","slug":"22-ayar-altin-jhumka-kupe-52609","status":"publish","type":"product","link":"https:\/\/www.purejewels.com\/tr\/product\/22ct-sunrise-gold-jhumka-earring-52609\/","title":{"rendered":"22 ayar alt\u0131n \u00e7i\u00e7ek desenli Jhumka k\u00fcpeler"},"content":{"rendered":"<h3 data-start=\"149\" data-end=\"165\"><strong data-start=\"153\" data-end=\"163\">Tasar\u0131m<\/strong><\/h3>\n<p data-start=\"166\" data-end=\"491\">Bu zarif <a href=\"https:\/\/www.purejewels.com\/tr\/product\/22-ct-gold-jhumka-earring-uk\/\">jhumka<\/a> K\u00fcpeler, geleneksel Hint motiflerinden esinlenerek tasarlanm\u0131\u015f, g\u00fczel bir \u015fekilde \u015fekillendirilmi\u015f kubbeye uzanan \u00e7i\u00e7ek desenli bir saplamaya sahiptir. Katmanl\u0131 detaylar ve yumu\u015fak yuvarlak boncuk kenarlar\u0131, vintage bir karakter dokunu\u015fuyla b\u00fcy\u00fcleyici bir siluet olu\u015fturur. Kula\u011fa zarif bir hareket ve \u00e7arp\u0131c\u0131 bir g\u00f6r\u00fcn\u00fcm katmak i\u00e7in tasarlanm\u0131\u015ft\u0131r.<\/p>\n<h3 data-start=\"493\" data-end=\"516\"><strong data-start=\"497\" data-end=\"514\">Zanaatkarl\u0131k<\/strong><\/h3>\n<p data-start=\"517\" data-end=\"818\">El ile oyulmu\u015f ve zengin kal\u0131plarla d\u00f6k\u00fclm\u00fc\u015f <a href=\"https:\/\/www.purejewels.com\/tr\/product\/22ct-gold-jali-filigree-ring-jali-collection-31926\/\">22ct<\/a> Sunrise Gold, her bir unsur \u00e7i\u00e7ek sanat\u0131n\u0131 vurgulamak i\u00e7in \u00f6zenle i\u015flenmi\u015ftir. Antik kaplama, jhumka'n\u0131n derinli\u011fini art\u0131r\u0131r ve karma\u015f\u0131k formlar\u0131n\u0131 belirginle\u015ftirir. Sa\u011flam bir sap ve arka k\u0131s\u0131mla sabitlenmi\u015f olup, safl\u0131k ve kalite garantisi i\u00e7in Birle\u015fik Krall\u0131k'ta damgalanm\u0131\u015ft\u0131r.<\/p>\n<h3 data-start=\"820\" data-end=\"847\"><strong data-start=\"824\" data-end=\"845\">\u015eekillendirme &amp; Hediyele\u015fme<\/strong><\/h3>\n<p data-start=\"848\" data-end=\"1102\">D\u00fc\u011f\u00fcnler, bayram kutlamalar\u0131 ve aile etkinlikleri i\u00e7in \u00e7ok sevilen bir aksesuar. Nak\u0131\u015fl\u0131 sari, lehenga veya modern f\u00fczyon k\u0131yafetlerle kombinleyerek g\u00f6r\u00fcn\u00fcm\u00fcn\u00fcz\u00fc bir \u00fcst seviyeye ta\u015f\u0131y\u0131n. K\u00fclt\u00fcrel gelenekleri onurland\u0131rmak ve de\u011ferli d\u00f6n\u00fcm noktalar\u0131n\u0131 kutlamak i\u00e7in anlaml\u0131 bir hediye.<\/p>","protected":false},"excerpt":{"rendered":"<p>22 ayar Sunrise Gold'dan el i\u015f\u00e7ili\u011fi ile \u00fcretilmi\u015f, karma\u015f\u0131k detaylara ve antika bir kaplamaya sahip \u00e7i\u00e7ek desenli jhumka k\u00fcpeler. \u015e\u0131k hareketler ve \u015fenlikli ve d\u00fc\u011f\u00fcn gibi \u00f6zel g\u00fcnler i\u00e7in dikkat \u00e7ekici bir g\u00f6r\u00fcn\u00fcm sunmak \u00fczere tasarlanm\u0131\u015ft\u0131r. Sertifikal\u0131 alt\u0131n safl\u0131\u011f\u0131 i\u00e7in \u0130ngiltere damgal\u0131d\u0131r.<\/p>\n<p><strong>Malzeme:<\/strong> 22 ayar Sunrise Gold (91,6% Saf Alt\u0131n)<strong><br \/>\nHallmark:\u00a0<\/strong>\u0130ngiliz Damgas\u0131<strong><br \/>\n<\/strong><strong>Br\u00fct A\u011f\u0131rl\u0131k: <\/strong>7,13 Gms<br \/>\n<strong>SKU:<\/strong> 52609<\/p>\n<p><strong>Fiyat ve Teslimat<\/strong>: KDV ve teslimat \u00fccretleri dahil<br \/>\n<a href=\"https:\/\/www.purejewels.com\/tr\/i%cc%87ade-poli%cc%87ti%cc%87kasi\/\">\u0130ade Politikas\u0131<\/a><\/p>","protected":false},"featured_media":371097,"comment_status":"closed","ping_status":"closed","template":"","meta":{"_eb_attr":"","_crsspst_to_jayantr4sg-hostcom":false},"product_brand":[],"product_cat":[1791,1559,236,1793,1792,1790,1254,1229,1578,1570,1656,5274,5353,1573,1574,5349],"product_tag":[],"class_list":{"0":"post-370589","1":"product","2":"type-product","3":"status-publish","4":"has-post-thumbnail","6":"product_cat-anniversary-gifts","7":"product_cat-birthday-gifts","8":"product_cat-collections","9":"product_cat-diwali-gifts","10":"product_cat-festival-gifts","11":"product_cat-for-whom-when","12":"product_cat-gold-earrings","13":"product_cat-22ct-gold-jewellery","14":"product_cat-jhumkha-earrings","15":"product_cat-mothers-day-gifts","16":"product_cat-rosettes-collections","17":"product_cat-rosettes-earring","18":"product_cat-shop-by","19":"product_cat-wedding-gifts","20":"product_cat-womens-jewellery","21":"product_cat-yellow-gold-jewellery","23":"first","24":"outofstock","25":"taxable","26":"shipping-taxable","27":"product-type-simple","28":"add-to-wishlist-before_image"},"yoast_head":"<!-- This site is optimized with the Yoast SEO plugin v27.5 - https:\/\/yoast.com\/product\/yoast-seo-wordpress\/ -->\n<title>22ct Sunrise Gold Jhumka Earring | PureJewels UK<\/title>\n<meta name=\"description\" content=\"Immerse yourself in elegance with our 22ct Sunrise gold Jhumka earrings. Handcrafted for a touch of tradition, free delivery within the UK.\" \/>\n<meta name=\"robots\" content=\"index, follow, max-snippet:-1, max-image-preview:large, max-video-preview:-1\" \/>\n<link rel=\"canonical\" href=\"https:\/\/www.purejewels.com\/tr\/urun\/22-ayar-altin-jhumka-kupe-52609\/\" \/>\n<meta property=\"og:locale\" content=\"tr_TR\" \/>\n<meta property=\"og:type\" content=\"article\" \/>\n<meta property=\"og:title\" content=\"22ct Sunrise Gold Jhumka Earring | PureJewels UK\" \/>\n<meta property=\"og:description\" content=\"Immerse yourself in elegance with our 22ct Sunrise gold Jhumka earrings. Handcrafted for a touch of tradition, free delivery within the UK.\" \/>\n<meta property=\"og:url\" content=\"https:\/\/www.purejewels.com\/tr\/urun\/22-ayar-altin-jhumka-kupe-52609\/\" \/>\n<meta property=\"og:site_name\" content=\"PureJewels UK\" \/>\n<meta property=\"article:modified_time\" content=\"2026-01-06T06:53:48+00:00\" \/>\n<meta property=\"og:image\" content=\"https:\/\/static.purejewels.com\/wp-content\/uploads\/2024\/09\/49094.png\" \/>\n\t<meta property=\"og:image:width\" content=\"1000\" \/>\n\t<meta property=\"og:image:height\" content=\"1000\" \/>\n\t<meta property=\"og:image:type\" content=\"image\/png\" \/>\n<meta name=\"twitter:card\" content=\"summary_large_image\" \/>\n<meta name=\"twitter:label1\" content=\"Tahmini okuma s\u00fcresi\" \/>\n\t<meta name=\"twitter:data1\" content=\"1 dakika\" \/>\n<script type=\"application\/ld+json\" class=\"yoast-schema-graph\">{\"@context\":\"https:\\\/\\\/schema.org\",\"@graph\":[{\"@type\":[\"WebPage\",\"ItemPage\"],\"@id\":\"https:\\\/\\\/www.purejewels.com\\\/product\\\/22ct-sunrise-gold-jhumka-earring-52609\\\/\",\"url\":\"https:\\\/\\\/www.purejewels.com\\\/product\\\/22ct-sunrise-gold-jhumka-earring-52609\\\/\",\"name\":\"22ct Sunrise Gold Jhumka Earring | PureJewels UK\",\"isPartOf\":{\"@id\":\"https:\\\/\\\/www.purejewels.com\\\/#website\"},\"primaryImageOfPage\":{\"@id\":\"https:\\\/\\\/www.purejewels.com\\\/product\\\/22ct-sunrise-gold-jhumka-earring-52609\\\/#primaryimage\"},\"image\":{\"@id\":\"https:\\\/\\\/www.purejewels.com\\\/product\\\/22ct-sunrise-gold-jhumka-earring-52609\\\/#primaryimage\"},\"thumbnailUrl\":\"https:\\\/\\\/static.purejewels.com\\\/wp-content\\\/uploads\\\/2024\\\/09\\\/49094.png\",\"datePublished\":\"2024-09-04T12:52:22+00:00\",\"dateModified\":\"2026-01-06T06:53:48+00:00\",\"description\":\"Immerse yourself in elegance with our 22ct Sunrise gold Jhumka earrings. Handcrafted for a touch of tradition, free delivery within the UK.\",\"breadcrumb\":{\"@id\":\"https:\\\/\\\/www.purejewels.com\\\/product\\\/22ct-sunrise-gold-jhumka-earring-52609\\\/#breadcrumb\"},\"inLanguage\":\"tr\",\"potentialAction\":[{\"@type\":\"ReadAction\",\"target\":[\"https:\\\/\\\/www.purejewels.com\\\/product\\\/22ct-sunrise-gold-jhumka-earring-52609\\\/\"]}]},{\"@type\":\"ImageObject\",\"inLanguage\":\"tr\",\"@id\":\"https:\\\/\\\/www.purejewels.com\\\/product\\\/22ct-sunrise-gold-jhumka-earring-52609\\\/#primaryimage\",\"url\":\"https:\\\/\\\/static.purejewels.com\\\/wp-content\\\/uploads\\\/2024\\\/09\\\/49094.png\",\"contentUrl\":\"https:\\\/\\\/static.purejewels.com\\\/wp-content\\\/uploads\\\/2024\\\/09\\\/49094.png\",\"width\":1000,\"height\":1000,\"caption\":\"22ct Gold Jumjha\"},{\"@type\":\"BreadcrumbList\",\"@id\":\"https:\\\/\\\/www.purejewels.com\\\/product\\\/22ct-sunrise-gold-jhumka-earring-52609\\\/#breadcrumb\",\"itemListElement\":[{\"@type\":\"ListItem\",\"position\":1,\"name\":\"Home\",\"item\":\"https:\\\/\\\/www.purejewels.com\\\/\"},{\"@type\":\"ListItem\",\"position\":2,\"name\":\"Shop\",\"item\":\"https:\\\/\\\/www.purejewels.com\\\/shop\\\/\"},{\"@type\":\"ListItem\",\"position\":3,\"name\":\"22ct Gold Floral Jhumka Earrings\"}]},{\"@type\":\"WebSite\",\"@id\":\"https:\\\/\\\/www.purejewels.com\\\/#website\",\"url\":\"https:\\\/\\\/www.purejewels.com\\\/\",\"name\":\"PureJewels UK\",\"description\":\"Share the Love\",\"publisher\":{\"@id\":\"https:\\\/\\\/www.purejewels.com\\\/#organization\"},\"potentialAction\":[{\"@type\":\"SearchAction\",\"target\":{\"@type\":\"EntryPoint\",\"urlTemplate\":\"https:\\\/\\\/www.purejewels.com\\\/?s={search_term_string}\"},\"query-input\":{\"@type\":\"PropertyValueSpecification\",\"valueRequired\":true,\"valueName\":\"search_term_string\"}}],\"inLanguage\":\"tr\"},{\"@type\":\"Organization\",\"@id\":\"https:\\\/\\\/www.purejewels.com\\\/#organization\",\"name\":\"PureJewels UK\",\"url\":\"https:\\\/\\\/www.purejewels.com\\\/\",\"logo\":{\"@type\":\"ImageObject\",\"inLanguage\":\"tr\",\"@id\":\"https:\\\/\\\/www.purejewels.com\\\/#\\\/schema\\\/logo\\\/image\\\/\",\"url\":\"https:\\\/\\\/static.purejewels.com\\\/wp-content\\\/uploads\\\/2020\\\/11\\\/Logo-PJ-New-1.png\",\"contentUrl\":\"https:\\\/\\\/static.purejewels.com\\\/wp-content\\\/uploads\\\/2020\\\/11\\\/Logo-PJ-New-1.png\",\"width\":150,\"height\":80,\"caption\":\"PureJewels UK\"},\"image\":{\"@id\":\"https:\\\/\\\/www.purejewels.com\\\/#\\\/schema\\\/logo\\\/image\\\/\"}}]}<\/script>\n<!-- \/ Yoast SEO plugin. -->","yoast_head_json":{"title":"22 Ayar G\u00fcndo\u011fumu Alt\u0131n Jhumka K\u00fcpe | PureJewels UK","description":"22ct Sunrise alt\u0131n Jhumka k\u00fcpelerimizle kendinizi zarafete b\u0131rak\u0131n. Geleneksel bir dokunu\u015f i\u00e7in el yap\u0131m\u0131, \u0130ngiltere i\u00e7inde \u00fccretsiz teslimat.","robots":{"index":"index","follow":"follow","max-snippet":"max-snippet:-1","max-image-preview":"max-image-preview:large","max-video-preview":"max-video-preview:-1"},"canonical":"https:\/\/www.purejewels.com\/tr\/urun\/22-ayar-altin-jhumka-kupe-52609\/","og_locale":"tr_TR","og_type":"article","og_title":"22ct Sunrise Gold Jhumka Earring | PureJewels UK","og_description":"Immerse yourself in elegance with our 22ct Sunrise gold Jhumka earrings. Handcrafted for a touch of tradition, free delivery within the UK.","og_url":"https:\/\/www.purejewels.com\/tr\/urun\/22-ayar-altin-jhumka-kupe-52609\/","og_site_name":"PureJewels UK","article_modified_time":"2026-01-06T06:53:48+00:00","og_image":[{"width":1000,"height":1000,"url":"https:\/\/static.purejewels.com\/wp-content\/uploads\/2024\/09\/49094.png","type":"image\/png"}],"twitter_card":"summary_large_image","twitter_misc":{"Tahmini okuma s\u00fcresi":"1 dakika"},"schema":{"@context":"https:\/\/schema.org","@graph":[{"@type":["WebPage","ItemPage"],"@id":"https:\/\/www.purejewels.com\/product\/22ct-sunrise-gold-jhumka-earring-52609\/","url":"https:\/\/www.purejewels.com\/product\/22ct-sunrise-gold-jhumka-earring-52609\/","name":"22 Ayar G\u00fcndo\u011fumu Alt\u0131n Jhumka K\u00fcpe | PureJewels UK","isPartOf":{"@id":"https:\/\/www.purejewels.com\/#website"},"primaryImageOfPage":{"@id":"https:\/\/www.purejewels.com\/product\/22ct-sunrise-gold-jhumka-earring-52609\/#primaryimage"},"image":{"@id":"https:\/\/www.purejewels.com\/product\/22ct-sunrise-gold-jhumka-earring-52609\/#primaryimage"},"thumbnailUrl":"https:\/\/static.purejewels.com\/wp-content\/uploads\/2024\/09\/49094.png","datePublished":"2024-09-04T12:52:22+00:00","dateModified":"2026-01-06T06:53:48+00:00","description":"22ct Sunrise alt\u0131n Jhumka k\u00fcpelerimizle kendinizi zarafete b\u0131rak\u0131n. Geleneksel bir dokunu\u015f i\u00e7in el yap\u0131m\u0131, \u0130ngiltere i\u00e7inde \u00fccretsiz teslimat.","breadcrumb":{"@id":"https:\/\/www.purejewels.com\/product\/22ct-sunrise-gold-jhumka-earring-52609\/#breadcrumb"},"inLanguage":"tr","potentialAction":[{"@type":"ReadAction","target":["https:\/\/www.purejewels.com\/product\/22ct-sunrise-gold-jhumka-earring-52609\/"]}]},{"@type":"ImageObject","inLanguage":"tr","@id":"https:\/\/www.purejewels.com\/product\/22ct-sunrise-gold-jhumka-earring-52609\/#primaryimage","url":"https:\/\/static.purejewels.com\/wp-content\/uploads\/2024\/09\/49094.png","contentUrl":"https:\/\/static.purejewels.com\/wp-content\/uploads\/2024\/09\/49094.png","width":1000,"height":1000,"caption":"22ct Gold Jumjha"},{"@type":"BreadcrumbList","@id":"https:\/\/www.purejewels.com\/product\/22ct-sunrise-gold-jhumka-earring-52609\/#breadcrumb","itemListElement":[{"@type":"ListItem","position":1,"name":"Home","item":"https:\/\/www.purejewels.com\/"},{"@type":"ListItem","position":2,"name":"Shop","item":"https:\/\/www.purejewels.com\/shop\/"},{"@type":"ListItem","position":3,"name":"22ct Gold Floral Jhumka Earrings"}]},{"@type":"WebSite","@id":"https:\/\/www.purejewels.com\/#website","url":"https:\/\/www.purejewels.com\/","name":"PureJewels \u0130ngiltere","description":"Sevgiyi Payla\u015f\u0131n","publisher":{"@id":"https:\/\/www.purejewels.com\/#organization"},"potentialAction":[{"@type":"SearchAction","target":{"@type":"EntryPoint","urlTemplate":"https:\/\/www.purejewels.com\/?s={search_term_string}"},"query-input":{"@type":"PropertyValueSpecification","valueRequired":true,"valueName":"search_term_string"}}],"inLanguage":"tr"},{"@type":"Organization","@id":"https:\/\/www.purejewels.com\/#organization","name":"PureJewels \u0130ngiltere","url":"https:\/\/www.purejewels.com\/","logo":{"@type":"ImageObject","inLanguage":"tr","@id":"https:\/\/www.purejewels.com\/#\/schema\/logo\/image\/","url":"https:\/\/static.purejewels.com\/wp-content\/uploads\/2020\/11\/Logo-PJ-New-1.png","contentUrl":"https:\/\/static.purejewels.com\/wp-content\/uploads\/2020\/11\/Logo-PJ-New-1.png","width":150,"height":80,"caption":"PureJewels UK"},"image":{"@id":"https:\/\/www.purejewels.com\/#\/schema\/logo\/image\/"}}]}},"_links":{"self":[{"href":"https:\/\/www.purejewels.com\/tr\/wp-json\/wp\/v2\/product\/370589","targetHints":{"allow":["GET"]}}],"collection":[{"href":"https:\/\/www.purejewels.com\/tr\/wp-json\/wp\/v2\/product"}],"about":[{"href":"https:\/\/www.purejewels.com\/tr\/wp-json\/wp\/v2\/types\/product"}],"replies":[{"embeddable":true,"href":"https:\/\/www.purejewels.com\/tr\/wp-json\/wp\/v2\/comments?post=370589"}],"version-history":[{"count":3,"href":"https:\/\/www.purejewels.com\/tr\/wp-json\/wp\/v2\/product\/370589\/revisions"}],"predecessor-version":[{"id":421861,"href":"https:\/\/www.purejewels.com\/tr\/wp-json\/wp\/v2\/product\/370589\/revisions\/421861"}],"wp:featuredmedia":[{"embeddable":true,"href":"https:\/\/www.purejewels.com\/tr\/wp-json\/wp\/v2\/media\/371097"}],"wp:attachment":[{"href":"https:\/\/www.purejewels.com\/tr\/wp-json\/wp\/v2\/media?parent=370589"}],"wp:term":[{"taxonomy":"product_brand","embeddable":true,"href":"https:\/\/www.purejewels.com\/tr\/wp-json\/wp\/v2\/product_brand?post=370589"},{"taxonomy":"product_cat","embeddable":true,"href":"https:\/\/www.purejewels.com\/tr\/wp-json\/wp\/v2\/product_cat?post=370589"},{"taxonomy":"product_tag","embeddable":true,"href":"https:\/\/www.purejewels.com\/tr\/wp-json\/wp\/v2\/product_tag?post=370589"}],"curies":[{"name":"wp","href":"https:\/\/api.w.org\/{rel}","templated":true}]}}