{"id":370634,"date":"2024-09-02T14:45:06","date_gmt":"2024-09-02T13:45:06","guid":{"rendered":"https:\/\/www.purejewels.com\/?post_type=product&#038;p=370634"},"modified":"2026-02-12T07:40:13","modified_gmt":"2026-02-12T07:40:13","slug":"22-ayar-altin-mangalsutra-cift-sira-25-inc-48857","status":"publish","type":"product","link":"https:\/\/www.purejewels.com\/tr\/product\/22ct-gold-mangalsutra-double-line-25-inches-48857\/","title":{"rendered":"22 Ayar Alt\u0131n \u00c7ift S\u0131ral\u0131 Mangalsutra | 25 \u0130n\u00e7"},"content":{"rendered":"<ul>\n<li><strong>SKU:48857<\/strong><\/li>\n<\/ul>\n<p>Sevgi ve ba\u011fl\u0131l\u0131k ba\u011f\u0131n\u0131 kutlamak i\u00e7in <strong><a href=\"https:\/\/www.purejewels.com\/tr\/product\/22ct-gold-jali-filigree-ring-jali-collection-31926\/\">22ct<\/a>\u00a0 Alt\u0131n Mangalsutra<\/strong> bizim <strong><a href=\"https:\/\/www.purejewels.com\/tr\/a-guide-to-die-stamping\/\">Rozet Koleksiyonu<\/a><\/strong>. En iyi 22 ayar alt\u0131ndan ustal\u0131kla \u00fcretilen bu zarif par\u00e7a zarafet ve gelene\u011fi yans\u0131t\u0131yor. Mangalsutra, sonsuz g\u00fczelli\u011fi ve zarafeti simgeleyen, 25 in\u00e7lik \u00e7ift s\u0131ra zincire incelikle dokunmu\u015f karma\u015f\u0131k rozet desenlerine sahiptir.<\/p>\n<p>L\u00fcks bir hediye kutusunda sunulan Rosette Koleksiyonu'ndan 22 Ayar Alt\u0131n Mangalsutra sadece bir m\u00fccevher par\u00e7as\u0131 de\u011fil, ayn\u0131 zamanda de\u011ferli bir hat\u0131rad\u0131r. D\u00fc\u011f\u00fcnler, y\u0131ld\u00f6n\u00fcmleri veya \u00f6zel g\u00fcnler i\u00e7in ideal olan bu tak\u0131, sevgi, sayg\u0131 ve ebedi ba\u011f\u0131 temsil eder. Bu muhte\u015fem mangalsutra ile gelenek ve sofistikeli\u011fin m\u00fckemmel kar\u0131\u015f\u0131m\u0131n\u0131 kucaklay\u0131n.<\/p>","protected":false},"excerpt":{"rendered":"<table class=\"sh_desc\">\n<tbody>\n<tr>\n<td>Mangalsutra T\u00fcr\u00fc<\/td>\n<td>\u00c7ift S\u0131ral\u0131 Rozet Mangalsutra<\/td>\n<\/tr>\n<tr>\n<td>SKU<\/td>\n<td>48857<\/td>\n<\/tr>\n<tr>\n<td>Br\u00fct A\u011f\u0131rl\u0131k<\/td>\n<td>16.4 Gms<\/td>\n<\/tr>\n<tr>\n<td>Net A\u011f\u0131rl\u0131k<\/td>\n<td>13.0 Gms<\/td>\n<\/tr>\n<tr>\n<td>Uzunluk<\/td>\n<td>25 \u0130n\u00e7<\/td>\n<\/tr>\n<tr>\n<td>\u00c7i\u00e7ek boyutu<\/td>\n<td>6mm<\/td>\n<\/tr>\n<tr>\n<td>Metal<\/td>\n<td>22 Ayar Alt\u0131n<\/td>\n<\/tr>\n<tr>\n<td>\u00dccretler<\/td>\n<td>Teslimat ve KDV Dahil<\/td>\n<\/tr>\n<tr>\n<td>Paketleme<\/td>\n<td>Sunum Kutusu ile Birlikte Gelir<\/td>\n<\/tr>\n<tr>\n<td>Daha Fazla Bilgi<\/td>\n<td>M\u00fcsaitlik durumu ve daha fazla resim i\u00e7in bizimle canl\u0131 sohbet edin<\/td>\n<\/tr>\n<\/tbody>\n<\/table>","protected":false},"featured_media":370806,"comment_status":"closed","ping_status":"closed","template":"","meta":{"_eb_attr":"","_crsspst_to_jayantr4sg-hostcom":false},"product_brand":[],"product_cat":[1791,1559,236,1775,1792,1229,1284,5666,1656,1573],"product_tag":[],"class_list":{"0":"post-370634","1":"product","2":"type-product","3":"status-publish","4":"has-post-thumbnail","6":"product_cat-anniversary-gifts","7":"product_cat-birthday-gifts","8":"product_cat-collections","9":"product_cat-daily-wear-mangalsutras","10":"product_cat-festival-gifts","11":"product_cat-22ct-gold-jewellery","12":"product_cat-gold-mangalsutras","13":"product_cat-rosette-mangalsutra","14":"product_cat-rosettes-collections","15":"product_cat-wedding-gifts","17":"first","18":"instock","19":"taxable","20":"shipping-taxable","21":"purchasable","22":"product-type-simple","23":"add-to-wishlist-before_image"},"yoast_head":"<!-- This site is optimized with the Yoast SEO plugin v27.3 - https:\/\/yoast.com\/product\/yoast-seo-wordpress\/ -->\n<title>Buy 22ct Real Gold Mangalsutra with Glass Beads | PureJewels<\/title>\n<meta name=\"description\" content=\"Shop 22ct Real Gold Rosette Collection Mangalsutra for Women Free Delivery Across UK. Hallmarked By The London Assay Office.\" \/>\n<meta name=\"robots\" content=\"index, follow, max-snippet:-1, max-image-preview:large, max-video-preview:-1\" \/>\n<link rel=\"canonical\" href=\"https:\/\/www.purejewels.com\/tr\/urun\/22-ayar-altin-mangalsutra-cift-sira-25-inc-48857\/\" \/>\n<meta property=\"og:locale\" content=\"tr_TR\" \/>\n<meta property=\"og:type\" content=\"article\" \/>\n<meta property=\"og:title\" content=\"Buy 22ct Real Gold Mangalsutra with Glass Beads | PureJewels\" \/>\n<meta property=\"og:description\" content=\"Shop 22ct Real Gold Rosette Collection Mangalsutra for Women Free Delivery Across UK. Hallmarked By The London Assay Office.\" \/>\n<meta property=\"og:url\" content=\"https:\/\/www.purejewels.com\/tr\/urun\/22-ayar-altin-mangalsutra-cift-sira-25-inc-48857\/\" \/>\n<meta property=\"og:site_name\" content=\"PureJewels UK\" \/>\n<meta property=\"article:modified_time\" content=\"2026-02-12T07:40:13+00:00\" \/>\n<meta property=\"og:image\" content=\"https:\/\/static.purejewels.com\/wp-content\/uploads\/2024\/08\/48857.png\" \/>\n\t<meta property=\"og:image:width\" content=\"1000\" \/>\n\t<meta property=\"og:image:height\" content=\"1000\" \/>\n\t<meta property=\"og:image:type\" content=\"image\/png\" \/>\n<meta name=\"twitter:card\" content=\"summary_large_image\" \/>\n<meta name=\"twitter:label1\" content=\"Tahmini okuma s\u00fcresi\" \/>\n\t<meta name=\"twitter:data1\" content=\"1 dakika\" \/>\n<script type=\"application\/ld+json\" class=\"yoast-schema-graph\">{\"@context\":\"https:\\\/\\\/schema.org\",\"@graph\":[{\"@type\":[\"WebPage\",\"ItemPage\"],\"@id\":\"https:\\\/\\\/www.purejewels.com\\\/product\\\/22ct-gold-mangalsutra-double-line-25-inches-48857\\\/\",\"url\":\"https:\\\/\\\/www.purejewels.com\\\/product\\\/22ct-gold-mangalsutra-double-line-25-inches-48857\\\/\",\"name\":\"Buy 22ct Real Gold Mangalsutra with Glass Beads | PureJewels\",\"isPartOf\":{\"@id\":\"https:\\\/\\\/www.purejewels.com\\\/#website\"},\"primaryImageOfPage\":{\"@id\":\"https:\\\/\\\/www.purejewels.com\\\/product\\\/22ct-gold-mangalsutra-double-line-25-inches-48857\\\/#primaryimage\"},\"image\":{\"@id\":\"https:\\\/\\\/www.purejewels.com\\\/product\\\/22ct-gold-mangalsutra-double-line-25-inches-48857\\\/#primaryimage\"},\"thumbnailUrl\":\"https:\\\/\\\/static.purejewels.com\\\/wp-content\\\/uploads\\\/2024\\\/08\\\/48857.png\",\"datePublished\":\"2024-09-02T13:45:06+00:00\",\"dateModified\":\"2026-02-12T07:40:13+00:00\",\"description\":\"Shop 22ct Real Gold Rosette Collection Mangalsutra for Women Free Delivery Across UK. Hallmarked By The London Assay Office.\",\"breadcrumb\":{\"@id\":\"https:\\\/\\\/www.purejewels.com\\\/product\\\/22ct-gold-mangalsutra-double-line-25-inches-48857\\\/#breadcrumb\"},\"inLanguage\":\"tr\",\"potentialAction\":[{\"@type\":\"ReadAction\",\"target\":[\"https:\\\/\\\/www.purejewels.com\\\/product\\\/22ct-gold-mangalsutra-double-line-25-inches-48857\\\/\"]}]},{\"@type\":\"ImageObject\",\"inLanguage\":\"tr\",\"@id\":\"https:\\\/\\\/www.purejewels.com\\\/product\\\/22ct-gold-mangalsutra-double-line-25-inches-48857\\\/#primaryimage\",\"url\":\"https:\\\/\\\/static.purejewels.com\\\/wp-content\\\/uploads\\\/2024\\\/08\\\/48857.png\",\"contentUrl\":\"https:\\\/\\\/static.purejewels.com\\\/wp-content\\\/uploads\\\/2024\\\/08\\\/48857.png\",\"width\":1000,\"height\":1000,\"caption\":\"22ct Gold Mangalsutra\"},{\"@type\":\"BreadcrumbList\",\"@id\":\"https:\\\/\\\/www.purejewels.com\\\/product\\\/22ct-gold-mangalsutra-double-line-25-inches-48857\\\/#breadcrumb\",\"itemListElement\":[{\"@type\":\"ListItem\",\"position\":1,\"name\":\"Home\",\"item\":\"https:\\\/\\\/www.purejewels.com\\\/\"},{\"@type\":\"ListItem\",\"position\":2,\"name\":\"Shop\",\"item\":\"https:\\\/\\\/www.purejewels.com\\\/shop\\\/\"},{\"@type\":\"ListItem\",\"position\":3,\"name\":\"22ct Gold Double Line Mangalsutra | 25 Inches\"}]},{\"@type\":\"WebSite\",\"@id\":\"https:\\\/\\\/www.purejewels.com\\\/#website\",\"url\":\"https:\\\/\\\/www.purejewels.com\\\/\",\"name\":\"PureJewels UK\",\"description\":\"Share the Love\",\"publisher\":{\"@id\":\"https:\\\/\\\/www.purejewels.com\\\/#organization\"},\"potentialAction\":[{\"@type\":\"SearchAction\",\"target\":{\"@type\":\"EntryPoint\",\"urlTemplate\":\"https:\\\/\\\/www.purejewels.com\\\/?s={search_term_string}\"},\"query-input\":{\"@type\":\"PropertyValueSpecification\",\"valueRequired\":true,\"valueName\":\"search_term_string\"}}],\"inLanguage\":\"tr\"},{\"@type\":\"Organization\",\"@id\":\"https:\\\/\\\/www.purejewels.com\\\/#organization\",\"name\":\"PureJewels UK\",\"url\":\"https:\\\/\\\/www.purejewels.com\\\/\",\"logo\":{\"@type\":\"ImageObject\",\"inLanguage\":\"tr\",\"@id\":\"https:\\\/\\\/www.purejewels.com\\\/#\\\/schema\\\/logo\\\/image\\\/\",\"url\":\"https:\\\/\\\/static.purejewels.com\\\/wp-content\\\/uploads\\\/2020\\\/11\\\/Logo-PJ-New-1.png\",\"contentUrl\":\"https:\\\/\\\/static.purejewels.com\\\/wp-content\\\/uploads\\\/2020\\\/11\\\/Logo-PJ-New-1.png\",\"width\":150,\"height\":80,\"caption\":\"PureJewels UK\"},\"image\":{\"@id\":\"https:\\\/\\\/www.purejewels.com\\\/#\\\/schema\\\/logo\\\/image\\\/\"}}]}<\/script>\n<!-- \/ Yoast SEO plugin. -->","yoast_head_json":{"title":"Cam Boncuklu 22 Ayar Ger\u00e7ek Alt\u0131n Mangalsutra Sat\u0131n Al\u0131n | PureJewels","description":"Kad\u0131nlar i\u00e7in 22 Ayar Ger\u00e7ek Alt\u0131n Rozet Koleksiyonu Mangalsutra Sat\u0131n Al\u0131n \u0130ngiltere \u00c7ap\u0131nda \u00dccretsiz Teslimat. Londra Tahlil Ofisi taraf\u0131ndan damgalanm\u0131\u015ft\u0131r.","robots":{"index":"index","follow":"follow","max-snippet":"max-snippet:-1","max-image-preview":"max-image-preview:large","max-video-preview":"max-video-preview:-1"},"canonical":"https:\/\/www.purejewels.com\/tr\/urun\/22-ayar-altin-mangalsutra-cift-sira-25-inc-48857\/","og_locale":"tr_TR","og_type":"article","og_title":"Buy 22ct Real Gold Mangalsutra with Glass Beads | PureJewels","og_description":"Shop 22ct Real Gold Rosette Collection Mangalsutra for Women Free Delivery Across UK. Hallmarked By The London Assay Office.","og_url":"https:\/\/www.purejewels.com\/tr\/urun\/22-ayar-altin-mangalsutra-cift-sira-25-inc-48857\/","og_site_name":"PureJewels UK","article_modified_time":"2026-02-12T07:40:13+00:00","og_image":[{"width":1000,"height":1000,"url":"https:\/\/static.purejewels.com\/wp-content\/uploads\/2024\/08\/48857.png","type":"image\/png"}],"twitter_card":"summary_large_image","twitter_misc":{"Tahmini okuma s\u00fcresi":"1 dakika"},"schema":{"@context":"https:\/\/schema.org","@graph":[{"@type":["WebPage","ItemPage"],"@id":"https:\/\/www.purejewels.com\/product\/22ct-gold-mangalsutra-double-line-25-inches-48857\/","url":"https:\/\/www.purejewels.com\/product\/22ct-gold-mangalsutra-double-line-25-inches-48857\/","name":"Cam Boncuklu 22 Ayar Ger\u00e7ek Alt\u0131n Mangalsutra Sat\u0131n Al\u0131n | PureJewels","isPartOf":{"@id":"https:\/\/www.purejewels.com\/#website"},"primaryImageOfPage":{"@id":"https:\/\/www.purejewels.com\/product\/22ct-gold-mangalsutra-double-line-25-inches-48857\/#primaryimage"},"image":{"@id":"https:\/\/www.purejewels.com\/product\/22ct-gold-mangalsutra-double-line-25-inches-48857\/#primaryimage"},"thumbnailUrl":"https:\/\/static.purejewels.com\/wp-content\/uploads\/2024\/08\/48857.png","datePublished":"2024-09-02T13:45:06+00:00","dateModified":"2026-02-12T07:40:13+00:00","description":"Kad\u0131nlar i\u00e7in 22 Ayar Ger\u00e7ek Alt\u0131n Rozet Koleksiyonu Mangalsutra Sat\u0131n Al\u0131n \u0130ngiltere \u00c7ap\u0131nda \u00dccretsiz Teslimat. Londra Tahlil Ofisi taraf\u0131ndan damgalanm\u0131\u015ft\u0131r.","breadcrumb":{"@id":"https:\/\/www.purejewels.com\/product\/22ct-gold-mangalsutra-double-line-25-inches-48857\/#breadcrumb"},"inLanguage":"tr","potentialAction":[{"@type":"ReadAction","target":["https:\/\/www.purejewels.com\/product\/22ct-gold-mangalsutra-double-line-25-inches-48857\/"]}]},{"@type":"ImageObject","inLanguage":"tr","@id":"https:\/\/www.purejewels.com\/product\/22ct-gold-mangalsutra-double-line-25-inches-48857\/#primaryimage","url":"https:\/\/static.purejewels.com\/wp-content\/uploads\/2024\/08\/48857.png","contentUrl":"https:\/\/static.purejewels.com\/wp-content\/uploads\/2024\/08\/48857.png","width":1000,"height":1000,"caption":"22ct Gold Mangalsutra"},{"@type":"BreadcrumbList","@id":"https:\/\/www.purejewels.com\/product\/22ct-gold-mangalsutra-double-line-25-inches-48857\/#breadcrumb","itemListElement":[{"@type":"ListItem","position":1,"name":"Home","item":"https:\/\/www.purejewels.com\/"},{"@type":"ListItem","position":2,"name":"Shop","item":"https:\/\/www.purejewels.com\/shop\/"},{"@type":"ListItem","position":3,"name":"22ct Gold Double Line Mangalsutra | 25 Inches"}]},{"@type":"WebSite","@id":"https:\/\/www.purejewels.com\/#website","url":"https:\/\/www.purejewels.com\/","name":"PureJewels \u0130ngiltere","description":"Sevgiyi Payla\u015f\u0131n","publisher":{"@id":"https:\/\/www.purejewels.com\/#organization"},"potentialAction":[{"@type":"SearchAction","target":{"@type":"EntryPoint","urlTemplate":"https:\/\/www.purejewels.com\/?s={search_term_string}"},"query-input":{"@type":"PropertyValueSpecification","valueRequired":true,"valueName":"search_term_string"}}],"inLanguage":"tr"},{"@type":"Organization","@id":"https:\/\/www.purejewels.com\/#organization","name":"PureJewels \u0130ngiltere","url":"https:\/\/www.purejewels.com\/","logo":{"@type":"ImageObject","inLanguage":"tr","@id":"https:\/\/www.purejewels.com\/#\/schema\/logo\/image\/","url":"https:\/\/static.purejewels.com\/wp-content\/uploads\/2020\/11\/Logo-PJ-New-1.png","contentUrl":"https:\/\/static.purejewels.com\/wp-content\/uploads\/2020\/11\/Logo-PJ-New-1.png","width":150,"height":80,"caption":"PureJewels UK"},"image":{"@id":"https:\/\/www.purejewels.com\/#\/schema\/logo\/image\/"}}]}},"_links":{"self":[{"href":"https:\/\/www.purejewels.com\/tr\/wp-json\/wp\/v2\/product\/370634","targetHints":{"allow":["GET"]}}],"collection":[{"href":"https:\/\/www.purejewels.com\/tr\/wp-json\/wp\/v2\/product"}],"about":[{"href":"https:\/\/www.purejewels.com\/tr\/wp-json\/wp\/v2\/types\/product"}],"replies":[{"embeddable":true,"href":"https:\/\/www.purejewels.com\/tr\/wp-json\/wp\/v2\/comments?post=370634"}],"version-history":[{"count":4,"href":"https:\/\/www.purejewels.com\/tr\/wp-json\/wp\/v2\/product\/370634\/revisions"}],"predecessor-version":[{"id":402001,"href":"https:\/\/www.purejewels.com\/tr\/wp-json\/wp\/v2\/product\/370634\/revisions\/402001"}],"wp:featuredmedia":[{"embeddable":true,"href":"https:\/\/www.purejewels.com\/tr\/wp-json\/wp\/v2\/media\/370806"}],"wp:attachment":[{"href":"https:\/\/www.purejewels.com\/tr\/wp-json\/wp\/v2\/media?parent=370634"}],"wp:term":[{"taxonomy":"product_brand","embeddable":true,"href":"https:\/\/www.purejewels.com\/tr\/wp-json\/wp\/v2\/product_brand?post=370634"},{"taxonomy":"product_cat","embeddable":true,"href":"https:\/\/www.purejewels.com\/tr\/wp-json\/wp\/v2\/product_cat?post=370634"},{"taxonomy":"product_tag","embeddable":true,"href":"https:\/\/www.purejewels.com\/tr\/wp-json\/wp\/v2\/product_tag?post=370634"}],"curies":[{"name":"wp","href":"https:\/\/api.w.org\/{rel}","templated":true}]}}