{"id":370640,"date":"2025-04-13T14:35:13","date_gmt":"2025-04-13T13:35:13","guid":{"rendered":"https:\/\/www.purejewels.com\/?post_type=product&#038;p=370640"},"modified":"2026-01-21T05:44:00","modified_gmt":"2026-01-21T05:44:00","slug":"iki-katli-22-ayar-gundogumu-altin-rozet-kolye-48084","status":"publish","type":"product","link":"https:\/\/www.purejewels.com\/tr\/product\/22ct-sunrise-gold-rosette-necklace-with-two-layers-48084\/","title":{"rendered":"\u0130ki Katl\u0131 22 Ayar Sunrise Alt\u0131n Rozet Kolye"},"content":{"rendered":"<p data-sourcepos=\"3:1-3:58\">Do\u011fan g\u00fcne\u015fin s\u0131cakl\u0131\u011f\u0131n\u0131 bu g\u00f6z al\u0131c\u0131 tasar\u0131mla kucaklay\u0131n <a href=\"https:\/\/www.purejewels.com\/tr\/product\/22ct-gold-jali-filigree-ring-jali-collection-31926\/\">22ct<\/a> Sunrise Alt\u0131n Rozet Kolye. Bu b\u00fcy\u00fcleyici par\u00e7a, ola\u011fan\u00fcst\u00fc i\u015f\u00e7ili\u011fi ve zamans\u0131z tasar\u0131m\u0131yla m\u00fccevher koleksiyonunuza m\u00fckemmel bir katk\u0131 sa\u011flar.<\/p>\n<ul data-sourcepos=\"5:1-5:13\">\n<li data-sourcepos=\"5:1-5:13\"><strong>L\u00fcks 22 ayar Sunrise Alt\u0131n:<\/strong> Saf malzemeden \u00fcretilmi\u015ftir <a href=\"https:\/\/www.purejewels.com\/tr\/product\/holy-cross-gold-pendant-44713\/\">22 ayar alt\u0131n<\/a>Bu kolye, canl\u0131 bir g\u00fcn do\u011fumunu an\u0131msatan zengin ve s\u0131cak bir renk tonuna sahiptir. Y\u00fcksek alt\u0131n i\u00e7eri\u011fi, kal\u0131c\u0131 g\u00fczelli\u011fini ve de\u011ferini garanti eder.<\/li>\n<li data-sourcepos=\"6:1-6:124\"><strong>\u0130ki Katl\u0131 Rozet Tasar\u0131m\u0131:<\/strong> Kolye, zarif rozetlerle s\u00fcslenmi\u015f b\u00fcy\u00fcleyici iki katmanl\u0131 bir tasar\u0131ma sahiptir. <a href=\"https:\/\/www.purejewels.com\/tr\/a-guide-to-die-stamping\/\">Rozet Koleksiyonu<\/a>. Bu katmanl\u0131 tasar\u0131m par\u00e7aya derinlik ve boyut katar.<\/li>\n<li data-sourcepos=\"7:1-8:0\"><strong>M\u00fckemmel uzunlukta:<\/strong> K\u00f6pr\u00fcc\u00fck kemi\u011fine zarif bir \u015fekilde d\u00fc\u015fen bu kolye, \u00e7e\u015fitli yaka hatlar\u0131n\u0131 tamamlayan \u00e7ok y\u00f6nl\u00fc bir par\u00e7ad\u0131r.<\/li>\n<\/ul>\n<p data-sourcepos=\"9:1-9:52\">Bu 22 ayar G\u00fcn Do\u011fumu Alt\u0131n Rozet Kolye, her k\u0131yafete l\u00fcks ve sofistike bir dokunu\u015f katmak i\u00e7in idealdir. G\u00fcn do\u011fumu \u0131\u015f\u0131lt\u0131s\u0131 ve karma\u015f\u0131k tasar\u0131m\u0131 gitti\u011finiz her yerde dikkatleri \u00fczerinize \u00e7ekecek. Ayn\u0131 zamanda de\u011ferli bir aile yadigar\u0131 olarak aktar\u0131labilecek de\u011ferli bir par\u00e7ad\u0131r.<\/p>\n<ul>\n<li>Benzer Kolyeleri ke\u015ffedin<\/li>\n<\/ul>","protected":false},"excerpt":{"rendered":"<table class=\"sh_desc\" style=\"width: 100%; height: 259px;\">\n<tbody>\n<tr style=\"height: 28px;\">\n<td style=\"height: 28px;\">Kolye Tipi<\/td>\n<td style=\"height: 28px;\">K\u0131sa Rozet \u0130ki Katl\u0131 Kolyeler<\/td>\n<\/tr>\n<tr style=\"height: 28px;\">\n<td style=\"height: 28px;\">SKU<\/td>\n<td style=\"height: 28px;\">48084<\/td>\n<\/tr>\n<tr style=\"height: 28px;\">\n<td style=\"height: 28px;\">A\u011f\u0131rl\u0131k<\/td>\n<td style=\"height: 28px;\">24 gram<\/td>\n<\/tr>\n<tr style=\"height: 28px;\">\n<td style=\"height: 28px;\">Metal<\/td>\n<td style=\"height: 28px;\">22 Ayar Alt\u0131n<\/td>\n<\/tr>\n<tr style=\"height: 28px;\">\n<td style=\"height: 28px;\">Uzunluk<\/td>\n<td style=\"height: 28px;\">17 \u0130n\u00e7<\/td>\n<\/tr>\n<tr style=\"height: 28px;\">\n<td style=\"height: 28px;\">KatalogID<\/td>\n<td style=\"height: 28px;\">R1056<\/td>\n<\/tr>\n<tr style=\"height: 28px;\">\n<td style=\"height: 28px;\">Koleksiyon<\/td>\n<td style=\"height: 28px;\"><strong>Rozet Koleksiyonu<\/strong><\/td>\n<\/tr>\n<tr style=\"height: 28px;\">\n<td style=\"height: 28px;\">\u00dccretler<\/td>\n<td style=\"height: 28px;\">Teslimat ve KDV Dahil<\/td>\n<\/tr>\n<tr style=\"height: 28px;\">\n<td style=\"height: 28px;\">Paketleme<\/td>\n<td style=\"height: 28px;\">Sunum Kutusu ile Birlikte Gelir<\/td>\n<\/tr>\n<tr style=\"height: 112px;\">\n<td style=\"height: 35px;\">Daha Fazla Bilgi<\/td>\n<td style=\"height: 35px;\">\n<ul>\n<li>M\u00fcsaitlik durumu ve daha fazla resim i\u00e7in bizimle canl\u0131 sohbet edin<\/li>\n<\/ul>\n<\/td>\n<\/tr>\n<\/tbody>\n<\/table>","protected":false},"featured_media":370802,"comment_status":"closed","ping_status":"closed","template":"","meta":{"_eb_attr":"","_crsspst_to_jayantr4sg-hostcom":false},"product_brand":[],"product_cat":[5950,1229,1253,1779,5347,1656,5275,1778,1573,1574,5349],"product_tag":[],"class_list":{"0":"post-370640","1":"product","2":"type-product","3":"status-publish","4":"has-post-thumbnail","6":"product_cat-bridal-necklace","7":"product_cat-22ct-gold-jewellery","8":"product_cat-gold-necklaces","9":"product_cat-mala-style-necklaces","10":"product_cat-shop-by-metal","11":"product_cat-rosettes-collections","12":"product_cat-rosettes-necklace","13":"product_cat-short-necklaces","14":"product_cat-wedding-gifts","15":"product_cat-womens-jewellery","16":"product_cat-yellow-gold-jewellery","18":"first","19":"onbackorder","20":"taxable","21":"shipping-taxable","22":"product-type-simple","23":"add-to-wishlist-before_image"},"yoast_head":"<!-- This site is optimized with the Yoast SEO plugin v27.5 - https:\/\/yoast.com\/product\/yoast-seo-wordpress\/ -->\n<title>22ct Sunrise Gold Rosette Two Layer Necklace | PureJewels UK<\/title>\n<meta name=\"description\" content=\"22ct Sunrise Gold Rosette Two Layer short Necklace. This stunning Sunrise Gold necklace features a double layer design and is crafted from 22ct gold.\" \/>\n<meta name=\"robots\" content=\"index, follow, max-snippet:-1, max-image-preview:large, max-video-preview:-1\" \/>\n<link rel=\"canonical\" href=\"https:\/\/www.purejewels.com\/tr\/urun\/iki-katli-22-ayar-gundogumu-altin-rozet-kolye-48084\/\" \/>\n<meta property=\"og:locale\" content=\"tr_TR\" \/>\n<meta property=\"og:type\" content=\"article\" \/>\n<meta property=\"og:title\" content=\"22ct Sunrise Gold Rosette Two Layer Necklace | PureJewels UK\" \/>\n<meta property=\"og:description\" content=\"22ct Sunrise Gold Rosette Two Layer short Necklace. This stunning Sunrise Gold necklace features a double layer design and is crafted from 22ct gold.\" \/>\n<meta property=\"og:url\" content=\"https:\/\/www.purejewels.com\/tr\/urun\/iki-katli-22-ayar-gundogumu-altin-rozet-kolye-48084\/\" \/>\n<meta property=\"og:site_name\" content=\"PureJewels UK\" \/>\n<meta property=\"article:modified_time\" content=\"2026-01-21T05:44:00+00:00\" \/>\n<meta property=\"og:image\" content=\"https:\/\/static.purejewels.com\/wp-content\/uploads\/2024\/08\/48084.png\" \/>\n\t<meta property=\"og:image:width\" content=\"1000\" \/>\n\t<meta property=\"og:image:height\" content=\"1000\" \/>\n\t<meta property=\"og:image:type\" content=\"image\/png\" \/>\n<meta name=\"twitter:card\" content=\"summary_large_image\" \/>\n<meta name=\"twitter:label1\" content=\"Tahmini okuma s\u00fcresi\" \/>\n\t<meta name=\"twitter:data1\" content=\"1 dakika\" \/>\n<script type=\"application\/ld+json\" class=\"yoast-schema-graph\">{\"@context\":\"https:\\\/\\\/schema.org\",\"@graph\":[{\"@type\":[\"WebPage\",\"ItemPage\"],\"@id\":\"https:\\\/\\\/www.purejewels.com\\\/product\\\/22ct-sunrise-gold-rosette-necklace-with-two-layers-48084\\\/\",\"url\":\"https:\\\/\\\/www.purejewels.com\\\/product\\\/22ct-sunrise-gold-rosette-necklace-with-two-layers-48084\\\/\",\"name\":\"22ct Sunrise Gold Rosette Two Layer Necklace | PureJewels UK\",\"isPartOf\":{\"@id\":\"https:\\\/\\\/www.purejewels.com\\\/#website\"},\"primaryImageOfPage\":{\"@id\":\"https:\\\/\\\/www.purejewels.com\\\/product\\\/22ct-sunrise-gold-rosette-necklace-with-two-layers-48084\\\/#primaryimage\"},\"image\":{\"@id\":\"https:\\\/\\\/www.purejewels.com\\\/product\\\/22ct-sunrise-gold-rosette-necklace-with-two-layers-48084\\\/#primaryimage\"},\"thumbnailUrl\":\"https:\\\/\\\/static.purejewels.com\\\/wp-content\\\/uploads\\\/2024\\\/08\\\/48084.png\",\"datePublished\":\"2025-04-13T13:35:13+00:00\",\"dateModified\":\"2026-01-21T05:44:00+00:00\",\"description\":\"22ct Sunrise Gold Rosette Two Layer short Necklace. This stunning Sunrise Gold necklace features a double layer design and is crafted from 22ct gold.\",\"breadcrumb\":{\"@id\":\"https:\\\/\\\/www.purejewels.com\\\/product\\\/22ct-sunrise-gold-rosette-necklace-with-two-layers-48084\\\/#breadcrumb\"},\"inLanguage\":\"tr\",\"potentialAction\":[{\"@type\":\"ReadAction\",\"target\":[\"https:\\\/\\\/www.purejewels.com\\\/product\\\/22ct-sunrise-gold-rosette-necklace-with-two-layers-48084\\\/\"]}]},{\"@type\":\"ImageObject\",\"inLanguage\":\"tr\",\"@id\":\"https:\\\/\\\/www.purejewels.com\\\/product\\\/22ct-sunrise-gold-rosette-necklace-with-two-layers-48084\\\/#primaryimage\",\"url\":\"https:\\\/\\\/static.purejewels.com\\\/wp-content\\\/uploads\\\/2024\\\/08\\\/48084.png\",\"contentUrl\":\"https:\\\/\\\/static.purejewels.com\\\/wp-content\\\/uploads\\\/2024\\\/08\\\/48084.png\",\"width\":1000,\"height\":1000,\"caption\":\"22ct Gold Necklace\"},{\"@type\":\"BreadcrumbList\",\"@id\":\"https:\\\/\\\/www.purejewels.com\\\/product\\\/22ct-sunrise-gold-rosette-necklace-with-two-layers-48084\\\/#breadcrumb\",\"itemListElement\":[{\"@type\":\"ListItem\",\"position\":1,\"name\":\"Home\",\"item\":\"https:\\\/\\\/www.purejewels.com\\\/\"},{\"@type\":\"ListItem\",\"position\":2,\"name\":\"Shop\",\"item\":\"https:\\\/\\\/www.purejewels.com\\\/shop\\\/\"},{\"@type\":\"ListItem\",\"position\":3,\"name\":\"22ct Sunrise Gold Rosette Necklace with Two Layers\"}]},{\"@type\":\"WebSite\",\"@id\":\"https:\\\/\\\/www.purejewels.com\\\/#website\",\"url\":\"https:\\\/\\\/www.purejewels.com\\\/\",\"name\":\"PureJewels UK\",\"description\":\"Share the Love\",\"publisher\":{\"@id\":\"https:\\\/\\\/www.purejewels.com\\\/#organization\"},\"potentialAction\":[{\"@type\":\"SearchAction\",\"target\":{\"@type\":\"EntryPoint\",\"urlTemplate\":\"https:\\\/\\\/www.purejewels.com\\\/?s={search_term_string}\"},\"query-input\":{\"@type\":\"PropertyValueSpecification\",\"valueRequired\":true,\"valueName\":\"search_term_string\"}}],\"inLanguage\":\"tr\"},{\"@type\":\"Organization\",\"@id\":\"https:\\\/\\\/www.purejewels.com\\\/#organization\",\"name\":\"PureJewels UK\",\"url\":\"https:\\\/\\\/www.purejewels.com\\\/\",\"logo\":{\"@type\":\"ImageObject\",\"inLanguage\":\"tr\",\"@id\":\"https:\\\/\\\/www.purejewels.com\\\/#\\\/schema\\\/logo\\\/image\\\/\",\"url\":\"https:\\\/\\\/static.purejewels.com\\\/wp-content\\\/uploads\\\/2020\\\/11\\\/Logo-PJ-New-1.png\",\"contentUrl\":\"https:\\\/\\\/static.purejewels.com\\\/wp-content\\\/uploads\\\/2020\\\/11\\\/Logo-PJ-New-1.png\",\"width\":150,\"height\":80,\"caption\":\"PureJewels UK\"},\"image\":{\"@id\":\"https:\\\/\\\/www.purejewels.com\\\/#\\\/schema\\\/logo\\\/image\\\/\"}}]}<\/script>\n<!-- \/ Yoast SEO plugin. -->","yoast_head_json":{"title":"22 Ayar G\u00fcndo\u011fumu Alt\u0131n Rozet \u0130ki Katl\u0131 Kolye | PureJewels UK","description":"22 Ayar G\u00fcn Do\u011fumu Alt\u0131n Rozet \u0130ki Katl\u0131 K\u0131sa Kolye. Bu \u00e7arp\u0131c\u0131 Sunrise Gold kolye, \u00e7ift katmanl\u0131 bir tasar\u0131ma sahiptir ve 22 ayar alt\u0131ndan \u00fcretilmi\u015ftir.","robots":{"index":"index","follow":"follow","max-snippet":"max-snippet:-1","max-image-preview":"max-image-preview:large","max-video-preview":"max-video-preview:-1"},"canonical":"https:\/\/www.purejewels.com\/tr\/urun\/iki-katli-22-ayar-gundogumu-altin-rozet-kolye-48084\/","og_locale":"tr_TR","og_type":"article","og_title":"22ct Sunrise Gold Rosette Two Layer Necklace | PureJewels UK","og_description":"22ct Sunrise Gold Rosette Two Layer short Necklace. This stunning Sunrise Gold necklace features a double layer design and is crafted from 22ct gold.","og_url":"https:\/\/www.purejewels.com\/tr\/urun\/iki-katli-22-ayar-gundogumu-altin-rozet-kolye-48084\/","og_site_name":"PureJewels UK","article_modified_time":"2026-01-21T05:44:00+00:00","og_image":[{"width":1000,"height":1000,"url":"https:\/\/static.purejewels.com\/wp-content\/uploads\/2024\/08\/48084.png","type":"image\/png"}],"twitter_card":"summary_large_image","twitter_misc":{"Tahmini okuma s\u00fcresi":"1 dakika"},"schema":{"@context":"https:\/\/schema.org","@graph":[{"@type":["WebPage","ItemPage"],"@id":"https:\/\/www.purejewels.com\/product\/22ct-sunrise-gold-rosette-necklace-with-two-layers-48084\/","url":"https:\/\/www.purejewels.com\/product\/22ct-sunrise-gold-rosette-necklace-with-two-layers-48084\/","name":"22 Ayar G\u00fcndo\u011fumu Alt\u0131n Rozet \u0130ki Katl\u0131 Kolye | PureJewels UK","isPartOf":{"@id":"https:\/\/www.purejewels.com\/#website"},"primaryImageOfPage":{"@id":"https:\/\/www.purejewels.com\/product\/22ct-sunrise-gold-rosette-necklace-with-two-layers-48084\/#primaryimage"},"image":{"@id":"https:\/\/www.purejewels.com\/product\/22ct-sunrise-gold-rosette-necklace-with-two-layers-48084\/#primaryimage"},"thumbnailUrl":"https:\/\/static.purejewels.com\/wp-content\/uploads\/2024\/08\/48084.png","datePublished":"2025-04-13T13:35:13+00:00","dateModified":"2026-01-21T05:44:00+00:00","description":"22 Ayar G\u00fcn Do\u011fumu Alt\u0131n Rozet \u0130ki Katl\u0131 K\u0131sa Kolye. Bu \u00e7arp\u0131c\u0131 Sunrise Gold kolye, \u00e7ift katmanl\u0131 bir tasar\u0131ma sahiptir ve 22 ayar alt\u0131ndan \u00fcretilmi\u015ftir.","breadcrumb":{"@id":"https:\/\/www.purejewels.com\/product\/22ct-sunrise-gold-rosette-necklace-with-two-layers-48084\/#breadcrumb"},"inLanguage":"tr","potentialAction":[{"@type":"ReadAction","target":["https:\/\/www.purejewels.com\/product\/22ct-sunrise-gold-rosette-necklace-with-two-layers-48084\/"]}]},{"@type":"ImageObject","inLanguage":"tr","@id":"https:\/\/www.purejewels.com\/product\/22ct-sunrise-gold-rosette-necklace-with-two-layers-48084\/#primaryimage","url":"https:\/\/static.purejewels.com\/wp-content\/uploads\/2024\/08\/48084.png","contentUrl":"https:\/\/static.purejewels.com\/wp-content\/uploads\/2024\/08\/48084.png","width":1000,"height":1000,"caption":"22ct Gold Necklace"},{"@type":"BreadcrumbList","@id":"https:\/\/www.purejewels.com\/product\/22ct-sunrise-gold-rosette-necklace-with-two-layers-48084\/#breadcrumb","itemListElement":[{"@type":"ListItem","position":1,"name":"Home","item":"https:\/\/www.purejewels.com\/"},{"@type":"ListItem","position":2,"name":"Shop","item":"https:\/\/www.purejewels.com\/shop\/"},{"@type":"ListItem","position":3,"name":"22ct Sunrise Gold Rosette Necklace with Two Layers"}]},{"@type":"WebSite","@id":"https:\/\/www.purejewels.com\/#website","url":"https:\/\/www.purejewels.com\/","name":"PureJewels \u0130ngiltere","description":"Sevgiyi Payla\u015f\u0131n","publisher":{"@id":"https:\/\/www.purejewels.com\/#organization"},"potentialAction":[{"@type":"SearchAction","target":{"@type":"EntryPoint","urlTemplate":"https:\/\/www.purejewels.com\/?s={search_term_string}"},"query-input":{"@type":"PropertyValueSpecification","valueRequired":true,"valueName":"search_term_string"}}],"inLanguage":"tr"},{"@type":"Organization","@id":"https:\/\/www.purejewels.com\/#organization","name":"PureJewels \u0130ngiltere","url":"https:\/\/www.purejewels.com\/","logo":{"@type":"ImageObject","inLanguage":"tr","@id":"https:\/\/www.purejewels.com\/#\/schema\/logo\/image\/","url":"https:\/\/static.purejewels.com\/wp-content\/uploads\/2020\/11\/Logo-PJ-New-1.png","contentUrl":"https:\/\/static.purejewels.com\/wp-content\/uploads\/2020\/11\/Logo-PJ-New-1.png","width":150,"height":80,"caption":"PureJewels UK"},"image":{"@id":"https:\/\/www.purejewels.com\/#\/schema\/logo\/image\/"}}]}},"_links":{"self":[{"href":"https:\/\/www.purejewels.com\/tr\/wp-json\/wp\/v2\/product\/370640","targetHints":{"allow":["GET"]}}],"collection":[{"href":"https:\/\/www.purejewels.com\/tr\/wp-json\/wp\/v2\/product"}],"about":[{"href":"https:\/\/www.purejewels.com\/tr\/wp-json\/wp\/v2\/types\/product"}],"replies":[{"embeddable":true,"href":"https:\/\/www.purejewels.com\/tr\/wp-json\/wp\/v2\/comments?post=370640"}],"version-history":[{"count":3,"href":"https:\/\/www.purejewels.com\/tr\/wp-json\/wp\/v2\/product\/370640\/revisions"}],"predecessor-version":[{"id":371087,"href":"https:\/\/www.purejewels.com\/tr\/wp-json\/wp\/v2\/product\/370640\/revisions\/371087"}],"wp:featuredmedia":[{"embeddable":true,"href":"https:\/\/www.purejewels.com\/tr\/wp-json\/wp\/v2\/media\/370802"}],"wp:attachment":[{"href":"https:\/\/www.purejewels.com\/tr\/wp-json\/wp\/v2\/media?parent=370640"}],"wp:term":[{"taxonomy":"product_brand","embeddable":true,"href":"https:\/\/www.purejewels.com\/tr\/wp-json\/wp\/v2\/product_brand?post=370640"},{"taxonomy":"product_cat","embeddable":true,"href":"https:\/\/www.purejewels.com\/tr\/wp-json\/wp\/v2\/product_cat?post=370640"},{"taxonomy":"product_tag","embeddable":true,"href":"https:\/\/www.purejewels.com\/tr\/wp-json\/wp\/v2\/product_tag?post=370640"}],"curies":[{"name":"wp","href":"https:\/\/api.w.org\/{rel}","templated":true}]}}