{"id":3708,"date":"2017-07-19T13:17:53","date_gmt":"2017-07-19T13:17:53","guid":{"rendered":"http:\/\/new.purejewels.com\/product\/the-diamond-jubilee\/"},"modified":"2020-11-10T09:50:11","modified_gmt":"2020-11-10T09:50:11","slug":"elmas-jubi%cc%87le","status":"publish","type":"product","link":"https:\/\/www.purejewels.com\/tr\/product\/the-diamond-jubilee\/","title":{"rendered":"Elmas J\u00fcbile"},"content":{"rendered":"<p>Elmas J\u00fcbile Alt\u0131n Kilosu<\/p>\n<p>100'den fazla p\u0131rlantayla s\u00fcslenmi\u015f olan bu eser, Krali\u00e7e 2. Elizabeth'in Elmas J\u00fcbilesi'ni kutlad\u0131\u011f\u0131 g\u00fcn kadar nadir bulunan, ger\u00e7ekten istisnai bir par\u00e7ad\u0131r. Sadece 60 alt\u0131n Kilodan olu\u015fan s\u0131n\u0131rl\u0131 say\u0131da \u00fcretilmi\u015ftir. Her bir kilo, detaylara en b\u00fcy\u00fck \u00f6zen g\u00f6sterilerek dikkatle planlanm\u0131\u015f ve bas\u0131mda bilinen en y\u00fcksek standartta tamamlanm\u0131\u015ft\u0131r. Ne \u00e7aba ne de masraftan ka\u00e7\u0131n\u0131lm\u0131\u015ft\u0131r.<\/p>","protected":false},"excerpt":{"rendered":"<p>Elmas J\u00fcbile Alt\u0131n Kilosu<\/p>\n<p>100'den fazla p\u0131rlantayla s\u00fcslenmi\u015f olan bu eser, Krali\u00e7e 2. Elizabeth'in Elmas J\u00fcbilesi'ni kutlad\u0131\u011f\u0131 g\u00fcn kadar nadir bulunan, ger\u00e7ekten istisnai bir par\u00e7ad\u0131r. Sadece 60 alt\u0131n Kilodan olu\u015fan s\u0131n\u0131rl\u0131 say\u0131da \u00fcretilmi\u015ftir. Her bir kilo, detaylara en b\u00fcy\u00fck \u00f6zen g\u00f6sterilerek dikkatle planlanm\u0131\u015f ve bas\u0131mda bilinen en y\u00fcksek standartta tamamlanm\u0131\u015ft\u0131r. Ne \u00e7aba ne de masraftan ka\u00e7\u0131n\u0131lm\u0131\u015ft\u0131r.<\/p>","protected":false},"featured_media":3709,"comment_status":"open","ping_status":"open","template":"","meta":{"_eb_attr":"","_crsspst_to_jayantr4sg-hostcom":false},"product_brand":[],"product_cat":[236],"product_tag":[],"class_list":{"0":"post-3708","1":"product","2":"type-product","3":"status-publish","4":"has-post-thumbnail","6":"product_cat-collections","8":"first","9":"outofstock","10":"taxable","11":"shipping-taxable","12":"product-type-simple","13":"add-to-wishlist-before_image"},"yoast_head":"<!-- This site is optimized with the Yoast SEO plugin v27.3 - https:\/\/yoast.com\/product\/yoast-seo-wordpress\/ -->\n<title>The Diamond Jubilee - PureJewels UK<\/title>\n<meta name=\"robots\" content=\"index, follow, max-snippet:-1, max-image-preview:large, max-video-preview:-1\" \/>\n<link rel=\"canonical\" href=\"https:\/\/www.purejewels.com\/tr\/urun\/elmas-jubi\u0307le\/\" \/>\n<meta property=\"og:locale\" content=\"tr_TR\" \/>\n<meta property=\"og:type\" content=\"article\" \/>\n<meta property=\"og:title\" content=\"The Diamond Jubilee - PureJewels UK\" \/>\n<meta property=\"og:description\" content=\"The Diamond Jubilee Gold Kilo  Set with over 100 diamonds, this is a truly exceptional piece as rare as the occasion it celebrates - Queen Elizabeth II&#039;s Diamond Jubilee. A Limited Edition of only 60 gold Kilos have been struck. Each Kilo was carefully planned with the greatest attention to detail and finished to the highest standard known in minting. Neither effort nor expense has been spared.\" \/>\n<meta property=\"og:url\" content=\"https:\/\/www.purejewels.com\/tr\/urun\/elmas-jubi\u0307le\/\" \/>\n<meta property=\"og:site_name\" content=\"PureJewels UK\" \/>\n<meta property=\"article:modified_time\" content=\"2020-11-10T09:50:11+00:00\" \/>\n<meta property=\"og:image\" content=\"https:\/\/www.purejewels.com\/wp-content\/uploads\/2017\/07\/the_diamond_jubilee_gold_kilo-2.png\" \/>\n\t<meta property=\"og:image:width\" content=\"1000\" \/>\n\t<meta property=\"og:image:height\" content=\"1000\" \/>\n\t<meta property=\"og:image:type\" content=\"image\/png\" \/>\n<meta name=\"twitter:card\" content=\"summary_large_image\" \/>\n<script type=\"application\/ld+json\" class=\"yoast-schema-graph\">{\"@context\":\"https:\\\/\\\/schema.org\",\"@graph\":[{\"@type\":[\"WebPage\",\"ItemPage\"],\"@id\":\"https:\\\/\\\/www.purejewels.com\\\/product\\\/the-diamond-jubilee\\\/\",\"url\":\"https:\\\/\\\/www.purejewels.com\\\/product\\\/the-diamond-jubilee\\\/\",\"name\":\"The Diamond Jubilee - PureJewels UK\",\"isPartOf\":{\"@id\":\"https:\\\/\\\/www.purejewels.com\\\/#website\"},\"primaryImageOfPage\":{\"@id\":\"https:\\\/\\\/www.purejewels.com\\\/product\\\/the-diamond-jubilee\\\/#primaryimage\"},\"image\":{\"@id\":\"https:\\\/\\\/www.purejewels.com\\\/product\\\/the-diamond-jubilee\\\/#primaryimage\"},\"thumbnailUrl\":\"https:\\\/\\\/static.purejewels.com\\\/wp-content\\\/uploads\\\/2017\\\/07\\\/the_diamond_jubilee_gold_kilo-2.png\",\"datePublished\":\"2017-07-19T13:17:53+00:00\",\"dateModified\":\"2020-11-10T09:50:11+00:00\",\"breadcrumb\":{\"@id\":\"https:\\\/\\\/www.purejewels.com\\\/product\\\/the-diamond-jubilee\\\/#breadcrumb\"},\"inLanguage\":\"tr\",\"potentialAction\":[{\"@type\":\"ReadAction\",\"target\":[\"https:\\\/\\\/www.purejewels.com\\\/product\\\/the-diamond-jubilee\\\/\"]}]},{\"@type\":\"ImageObject\",\"inLanguage\":\"tr\",\"@id\":\"https:\\\/\\\/www.purejewels.com\\\/product\\\/the-diamond-jubilee\\\/#primaryimage\",\"url\":\"https:\\\/\\\/static.purejewels.com\\\/wp-content\\\/uploads\\\/2017\\\/07\\\/the_diamond_jubilee_gold_kilo-2.png\",\"contentUrl\":\"https:\\\/\\\/static.purejewels.com\\\/wp-content\\\/uploads\\\/2017\\\/07\\\/the_diamond_jubilee_gold_kilo-2.png\",\"width\":1000,\"height\":1000,\"caption\":\"the_diamond_jubilee_gold_kilo.png\"},{\"@type\":\"BreadcrumbList\",\"@id\":\"https:\\\/\\\/www.purejewels.com\\\/product\\\/the-diamond-jubilee\\\/#breadcrumb\",\"itemListElement\":[{\"@type\":\"ListItem\",\"position\":1,\"name\":\"Home\",\"item\":\"https:\\\/\\\/www.purejewels.com\\\/\"},{\"@type\":\"ListItem\",\"position\":2,\"name\":\"Shop\",\"item\":\"https:\\\/\\\/www.purejewels.com\\\/shop\\\/\"},{\"@type\":\"ListItem\",\"position\":3,\"name\":\"The Diamond Jubilee\"}]},{\"@type\":\"WebSite\",\"@id\":\"https:\\\/\\\/www.purejewels.com\\\/#website\",\"url\":\"https:\\\/\\\/www.purejewels.com\\\/\",\"name\":\"PureJewels UK\",\"description\":\"Share the Love\",\"publisher\":{\"@id\":\"https:\\\/\\\/www.purejewels.com\\\/#organization\"},\"potentialAction\":[{\"@type\":\"SearchAction\",\"target\":{\"@type\":\"EntryPoint\",\"urlTemplate\":\"https:\\\/\\\/www.purejewels.com\\\/?s={search_term_string}\"},\"query-input\":{\"@type\":\"PropertyValueSpecification\",\"valueRequired\":true,\"valueName\":\"search_term_string\"}}],\"inLanguage\":\"tr\"},{\"@type\":\"Organization\",\"@id\":\"https:\\\/\\\/www.purejewels.com\\\/#organization\",\"name\":\"PureJewels UK\",\"url\":\"https:\\\/\\\/www.purejewels.com\\\/\",\"logo\":{\"@type\":\"ImageObject\",\"inLanguage\":\"tr\",\"@id\":\"https:\\\/\\\/www.purejewels.com\\\/#\\\/schema\\\/logo\\\/image\\\/\",\"url\":\"https:\\\/\\\/static.purejewels.com\\\/wp-content\\\/uploads\\\/2020\\\/11\\\/Logo-PJ-New-1.png\",\"contentUrl\":\"https:\\\/\\\/static.purejewels.com\\\/wp-content\\\/uploads\\\/2020\\\/11\\\/Logo-PJ-New-1.png\",\"width\":150,\"height\":80,\"caption\":\"PureJewels UK\"},\"image\":{\"@id\":\"https:\\\/\\\/www.purejewels.com\\\/#\\\/schema\\\/logo\\\/image\\\/\"}}]}<\/script>\n<!-- \/ Yoast SEO plugin. -->","yoast_head_json":{"title":"Elmas J\u00fcbile - PureJewels UK","robots":{"index":"index","follow":"follow","max-snippet":"max-snippet:-1","max-image-preview":"max-image-preview:large","max-video-preview":"max-video-preview:-1"},"canonical":"https:\/\/www.purejewels.com\/tr\/urun\/elmas-jubi\u0307le\/","og_locale":"tr_TR","og_type":"article","og_title":"The Diamond Jubilee - PureJewels UK","og_description":"The Diamond Jubilee Gold Kilo  Set with over 100 diamonds, this is a truly exceptional piece as rare as the occasion it celebrates - Queen Elizabeth II's Diamond Jubilee. A Limited Edition of only 60 gold Kilos have been struck. Each Kilo was carefully planned with the greatest attention to detail and finished to the highest standard known in minting. Neither effort nor expense has been spared.","og_url":"https:\/\/www.purejewels.com\/tr\/urun\/elmas-jubi\u0307le\/","og_site_name":"PureJewels UK","article_modified_time":"2020-11-10T09:50:11+00:00","og_image":[{"width":1000,"height":1000,"url":"https:\/\/www.purejewels.com\/wp-content\/uploads\/2017\/07\/the_diamond_jubilee_gold_kilo-2.png","type":"image\/png"}],"twitter_card":"summary_large_image","schema":{"@context":"https:\/\/schema.org","@graph":[{"@type":["WebPage","ItemPage"],"@id":"https:\/\/www.purejewels.com\/product\/the-diamond-jubilee\/","url":"https:\/\/www.purejewels.com\/product\/the-diamond-jubilee\/","name":"Elmas J\u00fcbile - PureJewels UK","isPartOf":{"@id":"https:\/\/www.purejewels.com\/#website"},"primaryImageOfPage":{"@id":"https:\/\/www.purejewels.com\/product\/the-diamond-jubilee\/#primaryimage"},"image":{"@id":"https:\/\/www.purejewels.com\/product\/the-diamond-jubilee\/#primaryimage"},"thumbnailUrl":"https:\/\/static.purejewels.com\/wp-content\/uploads\/2017\/07\/the_diamond_jubilee_gold_kilo-2.png","datePublished":"2017-07-19T13:17:53+00:00","dateModified":"2020-11-10T09:50:11+00:00","breadcrumb":{"@id":"https:\/\/www.purejewels.com\/product\/the-diamond-jubilee\/#breadcrumb"},"inLanguage":"tr","potentialAction":[{"@type":"ReadAction","target":["https:\/\/www.purejewels.com\/product\/the-diamond-jubilee\/"]}]},{"@type":"ImageObject","inLanguage":"tr","@id":"https:\/\/www.purejewels.com\/product\/the-diamond-jubilee\/#primaryimage","url":"https:\/\/static.purejewels.com\/wp-content\/uploads\/2017\/07\/the_diamond_jubilee_gold_kilo-2.png","contentUrl":"https:\/\/static.purejewels.com\/wp-content\/uploads\/2017\/07\/the_diamond_jubilee_gold_kilo-2.png","width":1000,"height":1000,"caption":"the_diamond_jubilee_gold_kilo.png"},{"@type":"BreadcrumbList","@id":"https:\/\/www.purejewels.com\/product\/the-diamond-jubilee\/#breadcrumb","itemListElement":[{"@type":"ListItem","position":1,"name":"Home","item":"https:\/\/www.purejewels.com\/"},{"@type":"ListItem","position":2,"name":"Shop","item":"https:\/\/www.purejewels.com\/shop\/"},{"@type":"ListItem","position":3,"name":"The Diamond Jubilee"}]},{"@type":"WebSite","@id":"https:\/\/www.purejewels.com\/#website","url":"https:\/\/www.purejewels.com\/","name":"PureJewels \u0130ngiltere","description":"Sevgiyi Payla\u015f\u0131n","publisher":{"@id":"https:\/\/www.purejewels.com\/#organization"},"potentialAction":[{"@type":"SearchAction","target":{"@type":"EntryPoint","urlTemplate":"https:\/\/www.purejewels.com\/?s={search_term_string}"},"query-input":{"@type":"PropertyValueSpecification","valueRequired":true,"valueName":"search_term_string"}}],"inLanguage":"tr"},{"@type":"Organization","@id":"https:\/\/www.purejewels.com\/#organization","name":"PureJewels \u0130ngiltere","url":"https:\/\/www.purejewels.com\/","logo":{"@type":"ImageObject","inLanguage":"tr","@id":"https:\/\/www.purejewels.com\/#\/schema\/logo\/image\/","url":"https:\/\/static.purejewels.com\/wp-content\/uploads\/2020\/11\/Logo-PJ-New-1.png","contentUrl":"https:\/\/static.purejewels.com\/wp-content\/uploads\/2020\/11\/Logo-PJ-New-1.png","width":150,"height":80,"caption":"PureJewels UK"},"image":{"@id":"https:\/\/www.purejewels.com\/#\/schema\/logo\/image\/"}}]}},"_links":{"self":[{"href":"https:\/\/www.purejewels.com\/tr\/wp-json\/wp\/v2\/product\/3708","targetHints":{"allow":["GET"]}}],"collection":[{"href":"https:\/\/www.purejewels.com\/tr\/wp-json\/wp\/v2\/product"}],"about":[{"href":"https:\/\/www.purejewels.com\/tr\/wp-json\/wp\/v2\/types\/product"}],"replies":[{"embeddable":true,"href":"https:\/\/www.purejewels.com\/tr\/wp-json\/wp\/v2\/comments?post=3708"}],"version-history":[{"count":0,"href":"https:\/\/www.purejewels.com\/tr\/wp-json\/wp\/v2\/product\/3708\/revisions"}],"wp:featuredmedia":[{"embeddable":true,"href":"https:\/\/www.purejewels.com\/tr\/wp-json\/wp\/v2\/media\/3709"}],"wp:attachment":[{"href":"https:\/\/www.purejewels.com\/tr\/wp-json\/wp\/v2\/media?parent=3708"}],"wp:term":[{"taxonomy":"product_brand","embeddable":true,"href":"https:\/\/www.purejewels.com\/tr\/wp-json\/wp\/v2\/product_brand?post=3708"},{"taxonomy":"product_cat","embeddable":true,"href":"https:\/\/www.purejewels.com\/tr\/wp-json\/wp\/v2\/product_cat?post=3708"},{"taxonomy":"product_tag","embeddable":true,"href":"https:\/\/www.purejewels.com\/tr\/wp-json\/wp\/v2\/product_tag?post=3708"}],"curies":[{"name":"wp","href":"https:\/\/api.w.org\/{rel}","templated":true}]}}