{"id":371066,"date":"2024-09-04T11:56:24","date_gmt":"2024-09-04T10:56:24","guid":{"rendered":"https:\/\/www.purejewels.com\/?post_type=product&#038;p=371066"},"modified":"2026-02-03T07:08:40","modified_gmt":"2026-02-03T07:08:40","slug":"22-ayar-gundogumu-altin-kolye-48241","status":"publish","type":"product","link":"https:\/\/www.purejewels.com\/tr\/product\/22ct-sunrise-gold-pendant-48241\/","title":{"rendered":"22 Ayar G\u00fcndo\u011fumu Alt\u0131n Kolye"},"content":{"rendered":"<p>ile do\u011fan\u0131n \u00f6z\u00fcn\u00fc kucaklay\u0131n. <a href=\"https:\/\/www.purejewels.com\/tr\/product\/22ct-gold-jali-filigree-ring-jali-collection-31926\/\">22ct<\/a> G\u00fcndo\u011fumu <a href=\"https:\/\/www.purejewels.com\/tr\/product\/22ct-real-gold-shoe-pendant-43097\/\">Alt\u0131n Kolye<\/a>narin bir \u00e7i\u00e7ek motifiyle zarif bir \u015fekilde tasarlanm\u0131\u015ft\u0131r. L\u00fcks 22 ayar alt\u0131ndan \u00fcretilen bu kolye ucu, a\u00e7an \u00e7i\u00e7eklerin g\u00fczelli\u011fini ve canl\u0131l\u0131\u011f\u0131n\u0131 yakalayarak alt\u0131n bir g\u00fcn do\u011fumunun s\u0131cak \u0131\u015f\u0131lt\u0131s\u0131n\u0131 yayar.<\/p>\n<p>Kolyenin kalbinde yer alan karma\u015f\u0131k detayl\u0131 \u00e7i\u00e7ek motifi b\u00fcy\u00fcmeyi, g\u00fczelli\u011fi ve yeni ba\u015flang\u0131\u00e7lar\u0131 sembolize eder. Zarif tasar\u0131m\u0131, klasik incelik ve modern cazibe aras\u0131nda m\u00fckemmel bir denge sunarak onu her durum i\u00e7in \u00e7ok y\u00f6nl\u00fc bir aksesuar haline getirir.<\/p>\n<p>\u0130ster \u015f\u0131k bir gece elbisesi ister g\u00fcndelik bir k\u0131yafetle e\u015fle\u015ftirin, 22 ayar G\u00fcn Do\u011fumu Alt\u0131n Kolye ucu g\u00f6r\u00fcn\u00fcm\u00fcn\u00fcze zarif bir zarafet katar. Koleksiyonunuz i\u00e7in m\u00fckemmel bir tamamlay\u0131c\u0131 olan bu \u00e7arp\u0131c\u0131 m\u00fccevher par\u00e7as\u0131yla do\u011fan\u0131n zamans\u0131z cazibesini kutlay\u0131n.<\/p>","protected":false},"excerpt":{"rendered":"<table class=\"sh_desc\">\n<tbody>\n<tr>\n<td>Kolye Tipi<\/td>\n<td>G\u00fcn Do\u011fumu Alt\u0131n Kolye<\/td>\n<\/tr>\n<tr>\n<td>SKU<\/td>\n<td>48241<\/td>\n<\/tr>\n<tr>\n<td>A\u011f\u0131rl\u0131k<\/td>\n<td>1.7 Gms<\/td>\n<\/tr>\n<tr>\n<td>Hallmark<\/td>\n<td>Londra Tahlil Ofisi Taraf\u0131ndan Damgalanm\u0131\u015f 22 Ayar Alt\u0131n<\/td>\n<\/tr>\n<tr>\n<td>\u00dccretler<\/td>\n<td>Teslimat ve KDV Dahil<\/td>\n<\/tr>\n<tr>\n<td>Paketleme<\/td>\n<td>Sunum Kutusu ile Birlikte Gelir<\/td>\n<\/tr>\n<tr>\n<td>Daha Fazla Bilgi<\/td>\n<td>\n<ul>\n<li>Zincir dahil de\u011fildir<\/li>\n<li>Bizim ke\u015ffedin<strong>\u00a0Zincir<\/strong>\u00a0Koleksiyon<\/li>\n<li>M\u00fcsaitlik durumu ve daha fazla resim i\u00e7in bizimle canl\u0131 sohbet edin<\/li>\n<\/ul>\n<\/td>\n<\/tr>\n<\/tbody>\n<\/table>","protected":false},"featured_media":371067,"comment_status":"closed","ping_status":"closed","template":"","meta":{"_eb_attr":"","_crsspst_to_jayantr4sg-hostcom":false},"product_brand":[],"product_cat":[1791,1559,236,1770,1229,1255,1767,1570,5585,1656,1573,1574],"product_tag":[1430],"class_list":{"0":"post-371066","1":"product","2":"type-product","3":"status-publish","4":"has-post-thumbnail","6":"product_cat-anniversary-gifts","7":"product_cat-birthday-gifts","8":"product_cat-collections","9":"product_cat-fancy-pendants","10":"product_cat-22ct-gold-jewellery","11":"product_cat-gold-pendants","12":"product_cat-ladies-pendants","13":"product_cat-mothers-day-gifts","14":"product_cat-rosette-pendant","15":"product_cat-rosettes-collections","16":"product_cat-wedding-gifts","17":"product_cat-womens-jewellery","18":"product_tag-diwali-gift","20":"first","21":"onbackorder","22":"taxable","23":"shipping-taxable","24":"product-type-simple","25":"add-to-wishlist-before_image"},"yoast_head":"<!-- This site is optimized with the Yoast SEO plugin v27.5 - https:\/\/yoast.com\/product\/yoast-seo-wordpress\/ -->\n<title>Flower Motif Pendant | 22ct Sunrise Gold | PureJewels UK<\/title>\n<meta name=\"description\" content=\"Discover the charm of our Flower Motif Pendant in 22ct Real Gold. Perfect for adding elegance to any outfit. Shop now for timeless beauty!\" \/>\n<meta name=\"robots\" content=\"index, follow, max-snippet:-1, max-image-preview:large, max-video-preview:-1\" \/>\n<link rel=\"canonical\" href=\"https:\/\/www.purejewels.com\/tr\/urun\/22-ayar-gundogumu-altin-kolye-48241\/\" \/>\n<meta property=\"og:locale\" content=\"tr_TR\" \/>\n<meta property=\"og:type\" content=\"article\" \/>\n<meta property=\"og:title\" content=\"Flower Motif Pendant | 22ct Sunrise Gold | PureJewels UK\" \/>\n<meta property=\"og:description\" content=\"Discover the charm of our Flower Motif Pendant in 22ct Real Gold. Perfect for adding elegance to any outfit. Shop now for timeless beauty!\" \/>\n<meta property=\"og:url\" content=\"https:\/\/www.purejewels.com\/tr\/urun\/22-ayar-gundogumu-altin-kolye-48241\/\" \/>\n<meta property=\"og:site_name\" content=\"PureJewels UK\" \/>\n<meta property=\"article:modified_time\" content=\"2026-02-03T07:08:40+00:00\" \/>\n<meta property=\"og:image\" content=\"https:\/\/static.purejewels.com\/wp-content\/uploads\/2024\/09\/48241.png\" \/>\n\t<meta property=\"og:image:width\" content=\"1000\" \/>\n\t<meta property=\"og:image:height\" content=\"1000\" \/>\n\t<meta property=\"og:image:type\" content=\"image\/png\" \/>\n<meta name=\"twitter:card\" content=\"summary_large_image\" \/>\n<meta name=\"twitter:label1\" content=\"Tahmini okuma s\u00fcresi\" \/>\n\t<meta name=\"twitter:data1\" content=\"1 dakika\" \/>\n<script type=\"application\/ld+json\" class=\"yoast-schema-graph\">{\"@context\":\"https:\\\/\\\/schema.org\",\"@graph\":[{\"@type\":[\"WebPage\",\"ItemPage\"],\"@id\":\"https:\\\/\\\/www.purejewels.com\\\/product\\\/22ct-sunrise-gold-pendant-48241\\\/\",\"url\":\"https:\\\/\\\/www.purejewels.com\\\/product\\\/22ct-sunrise-gold-pendant-48241\\\/\",\"name\":\"Flower Motif Pendant | 22ct Sunrise Gold | PureJewels UK\",\"isPartOf\":{\"@id\":\"https:\\\/\\\/www.purejewels.com\\\/#website\"},\"primaryImageOfPage\":{\"@id\":\"https:\\\/\\\/www.purejewels.com\\\/product\\\/22ct-sunrise-gold-pendant-48241\\\/#primaryimage\"},\"image\":{\"@id\":\"https:\\\/\\\/www.purejewels.com\\\/product\\\/22ct-sunrise-gold-pendant-48241\\\/#primaryimage\"},\"thumbnailUrl\":\"https:\\\/\\\/static.purejewels.com\\\/wp-content\\\/uploads\\\/2024\\\/09\\\/48241.png\",\"datePublished\":\"2024-09-04T10:56:24+00:00\",\"dateModified\":\"2026-02-03T07:08:40+00:00\",\"description\":\"Discover the charm of our Flower Motif Pendant in 22ct Real Gold. Perfect for adding elegance to any outfit. Shop now for timeless beauty!\",\"breadcrumb\":{\"@id\":\"https:\\\/\\\/www.purejewels.com\\\/product\\\/22ct-sunrise-gold-pendant-48241\\\/#breadcrumb\"},\"inLanguage\":\"tr\",\"potentialAction\":[{\"@type\":\"ReadAction\",\"target\":[\"https:\\\/\\\/www.purejewels.com\\\/product\\\/22ct-sunrise-gold-pendant-48241\\\/\"]}]},{\"@type\":\"ImageObject\",\"inLanguage\":\"tr\",\"@id\":\"https:\\\/\\\/www.purejewels.com\\\/product\\\/22ct-sunrise-gold-pendant-48241\\\/#primaryimage\",\"url\":\"https:\\\/\\\/static.purejewels.com\\\/wp-content\\\/uploads\\\/2024\\\/09\\\/48241.png\",\"contentUrl\":\"https:\\\/\\\/static.purejewels.com\\\/wp-content\\\/uploads\\\/2024\\\/09\\\/48241.png\",\"width\":1000,\"height\":1000,\"caption\":\"22ct Gold Pendant\"},{\"@type\":\"BreadcrumbList\",\"@id\":\"https:\\\/\\\/www.purejewels.com\\\/product\\\/22ct-sunrise-gold-pendant-48241\\\/#breadcrumb\",\"itemListElement\":[{\"@type\":\"ListItem\",\"position\":1,\"name\":\"Home\",\"item\":\"https:\\\/\\\/www.purejewels.com\\\/\"},{\"@type\":\"ListItem\",\"position\":2,\"name\":\"Shop\",\"item\":\"https:\\\/\\\/www.purejewels.com\\\/shop\\\/\"},{\"@type\":\"ListItem\",\"position\":3,\"name\":\"22ct Sunrise Gold Pendant\"}]},{\"@type\":\"WebSite\",\"@id\":\"https:\\\/\\\/www.purejewels.com\\\/#website\",\"url\":\"https:\\\/\\\/www.purejewels.com\\\/\",\"name\":\"PureJewels UK\",\"description\":\"Share the Love\",\"publisher\":{\"@id\":\"https:\\\/\\\/www.purejewels.com\\\/#organization\"},\"potentialAction\":[{\"@type\":\"SearchAction\",\"target\":{\"@type\":\"EntryPoint\",\"urlTemplate\":\"https:\\\/\\\/www.purejewels.com\\\/?s={search_term_string}\"},\"query-input\":{\"@type\":\"PropertyValueSpecification\",\"valueRequired\":true,\"valueName\":\"search_term_string\"}}],\"inLanguage\":\"tr\"},{\"@type\":\"Organization\",\"@id\":\"https:\\\/\\\/www.purejewels.com\\\/#organization\",\"name\":\"PureJewels UK\",\"url\":\"https:\\\/\\\/www.purejewels.com\\\/\",\"logo\":{\"@type\":\"ImageObject\",\"inLanguage\":\"tr\",\"@id\":\"https:\\\/\\\/www.purejewels.com\\\/#\\\/schema\\\/logo\\\/image\\\/\",\"url\":\"https:\\\/\\\/static.purejewels.com\\\/wp-content\\\/uploads\\\/2020\\\/11\\\/Logo-PJ-New-1.png\",\"contentUrl\":\"https:\\\/\\\/static.purejewels.com\\\/wp-content\\\/uploads\\\/2020\\\/11\\\/Logo-PJ-New-1.png\",\"width\":150,\"height\":80,\"caption\":\"PureJewels UK\"},\"image\":{\"@id\":\"https:\\\/\\\/www.purejewels.com\\\/#\\\/schema\\\/logo\\\/image\\\/\"}}]}<\/script>\n<!-- \/ Yoast SEO plugin. -->","yoast_head_json":{"title":"\u00c7i\u00e7ek Motifli Kolye Ucu | 22 Ayar G\u00fcn Do\u011fumu Alt\u0131n | PureJewels UK","description":"22ct Ger\u00e7ek Alt\u0131n \u00c7i\u00e7ek Motifli Kolyemizin cazibesini ke\u015ffedin. Her k\u0131yafete \u015f\u0131kl\u0131k katmak i\u00e7in m\u00fckemmel. Zamans\u0131z g\u00fczellik i\u00e7in \u015fimdi al\u0131\u015fveri\u015f yap\u0131n!","robots":{"index":"index","follow":"follow","max-snippet":"max-snippet:-1","max-image-preview":"max-image-preview:large","max-video-preview":"max-video-preview:-1"},"canonical":"https:\/\/www.purejewels.com\/tr\/urun\/22-ayar-gundogumu-altin-kolye-48241\/","og_locale":"tr_TR","og_type":"article","og_title":"Flower Motif Pendant | 22ct Sunrise Gold | PureJewels UK","og_description":"Discover the charm of our Flower Motif Pendant in 22ct Real Gold. Perfect for adding elegance to any outfit. Shop now for timeless beauty!","og_url":"https:\/\/www.purejewels.com\/tr\/urun\/22-ayar-gundogumu-altin-kolye-48241\/","og_site_name":"PureJewels UK","article_modified_time":"2026-02-03T07:08:40+00:00","og_image":[{"width":1000,"height":1000,"url":"https:\/\/static.purejewels.com\/wp-content\/uploads\/2024\/09\/48241.png","type":"image\/png"}],"twitter_card":"summary_large_image","twitter_misc":{"Tahmini okuma s\u00fcresi":"1 dakika"},"schema":{"@context":"https:\/\/schema.org","@graph":[{"@type":["WebPage","ItemPage"],"@id":"https:\/\/www.purejewels.com\/product\/22ct-sunrise-gold-pendant-48241\/","url":"https:\/\/www.purejewels.com\/product\/22ct-sunrise-gold-pendant-48241\/","name":"\u00c7i\u00e7ek Motifli Kolye Ucu | 22 Ayar G\u00fcn Do\u011fumu Alt\u0131n | PureJewels UK","isPartOf":{"@id":"https:\/\/www.purejewels.com\/#website"},"primaryImageOfPage":{"@id":"https:\/\/www.purejewels.com\/product\/22ct-sunrise-gold-pendant-48241\/#primaryimage"},"image":{"@id":"https:\/\/www.purejewels.com\/product\/22ct-sunrise-gold-pendant-48241\/#primaryimage"},"thumbnailUrl":"https:\/\/static.purejewels.com\/wp-content\/uploads\/2024\/09\/48241.png","datePublished":"2024-09-04T10:56:24+00:00","dateModified":"2026-02-03T07:08:40+00:00","description":"22ct Ger\u00e7ek Alt\u0131n \u00c7i\u00e7ek Motifli Kolyemizin cazibesini ke\u015ffedin. Her k\u0131yafete \u015f\u0131kl\u0131k katmak i\u00e7in m\u00fckemmel. Zamans\u0131z g\u00fczellik i\u00e7in \u015fimdi al\u0131\u015fveri\u015f yap\u0131n!","breadcrumb":{"@id":"https:\/\/www.purejewels.com\/product\/22ct-sunrise-gold-pendant-48241\/#breadcrumb"},"inLanguage":"tr","potentialAction":[{"@type":"ReadAction","target":["https:\/\/www.purejewels.com\/product\/22ct-sunrise-gold-pendant-48241\/"]}]},{"@type":"ImageObject","inLanguage":"tr","@id":"https:\/\/www.purejewels.com\/product\/22ct-sunrise-gold-pendant-48241\/#primaryimage","url":"https:\/\/static.purejewels.com\/wp-content\/uploads\/2024\/09\/48241.png","contentUrl":"https:\/\/static.purejewels.com\/wp-content\/uploads\/2024\/09\/48241.png","width":1000,"height":1000,"caption":"22ct Gold Pendant"},{"@type":"BreadcrumbList","@id":"https:\/\/www.purejewels.com\/product\/22ct-sunrise-gold-pendant-48241\/#breadcrumb","itemListElement":[{"@type":"ListItem","position":1,"name":"Home","item":"https:\/\/www.purejewels.com\/"},{"@type":"ListItem","position":2,"name":"Shop","item":"https:\/\/www.purejewels.com\/shop\/"},{"@type":"ListItem","position":3,"name":"22ct Sunrise Gold Pendant"}]},{"@type":"WebSite","@id":"https:\/\/www.purejewels.com\/#website","url":"https:\/\/www.purejewels.com\/","name":"PureJewels \u0130ngiltere","description":"Sevgiyi Payla\u015f\u0131n","publisher":{"@id":"https:\/\/www.purejewels.com\/#organization"},"potentialAction":[{"@type":"SearchAction","target":{"@type":"EntryPoint","urlTemplate":"https:\/\/www.purejewels.com\/?s={search_term_string}"},"query-input":{"@type":"PropertyValueSpecification","valueRequired":true,"valueName":"search_term_string"}}],"inLanguage":"tr"},{"@type":"Organization","@id":"https:\/\/www.purejewels.com\/#organization","name":"PureJewels \u0130ngiltere","url":"https:\/\/www.purejewels.com\/","logo":{"@type":"ImageObject","inLanguage":"tr","@id":"https:\/\/www.purejewels.com\/#\/schema\/logo\/image\/","url":"https:\/\/static.purejewels.com\/wp-content\/uploads\/2020\/11\/Logo-PJ-New-1.png","contentUrl":"https:\/\/static.purejewels.com\/wp-content\/uploads\/2020\/11\/Logo-PJ-New-1.png","width":150,"height":80,"caption":"PureJewels UK"},"image":{"@id":"https:\/\/www.purejewels.com\/#\/schema\/logo\/image\/"}}]}},"_links":{"self":[{"href":"https:\/\/www.purejewels.com\/tr\/wp-json\/wp\/v2\/product\/371066","targetHints":{"allow":["GET"]}}],"collection":[{"href":"https:\/\/www.purejewels.com\/tr\/wp-json\/wp\/v2\/product"}],"about":[{"href":"https:\/\/www.purejewels.com\/tr\/wp-json\/wp\/v2\/types\/product"}],"replies":[{"embeddable":true,"href":"https:\/\/www.purejewels.com\/tr\/wp-json\/wp\/v2\/comments?post=371066"}],"version-history":[{"count":4,"href":"https:\/\/www.purejewels.com\/tr\/wp-json\/wp\/v2\/product\/371066\/revisions"}],"predecessor-version":[{"id":397093,"href":"https:\/\/www.purejewels.com\/tr\/wp-json\/wp\/v2\/product\/371066\/revisions\/397093"}],"wp:featuredmedia":[{"embeddable":true,"href":"https:\/\/www.purejewels.com\/tr\/wp-json\/wp\/v2\/media\/371067"}],"wp:attachment":[{"href":"https:\/\/www.purejewels.com\/tr\/wp-json\/wp\/v2\/media?parent=371066"}],"wp:term":[{"taxonomy":"product_brand","embeddable":true,"href":"https:\/\/www.purejewels.com\/tr\/wp-json\/wp\/v2\/product_brand?post=371066"},{"taxonomy":"product_cat","embeddable":true,"href":"https:\/\/www.purejewels.com\/tr\/wp-json\/wp\/v2\/product_cat?post=371066"},{"taxonomy":"product_tag","embeddable":true,"href":"https:\/\/www.purejewels.com\/tr\/wp-json\/wp\/v2\/product_tag?post=371066"}],"curies":[{"name":"wp","href":"https:\/\/api.w.org\/{rel}","templated":true}]}}