{"id":371123,"date":"2024-09-05T06:20:51","date_gmt":"2024-09-05T05:20:51","guid":{"rendered":"https:\/\/www.purejewels.com\/?post_type=product&#038;p=371123"},"modified":"2026-02-06T05:15:43","modified_gmt":"2026-02-06T05:15:43","slug":"22-ayar-gundogumu-altin-kolye-48984","status":"publish","type":"product","link":"https:\/\/www.purejewels.com\/tr\/product\/22ct-sunrise-gold-pendant-48984\/","title":{"rendered":"22 Ayar G\u00fcndo\u011fumu Alt\u0131n Kolye | \u00c7ap 9mm"},"content":{"rendered":"<p>Zamans\u0131z \u015f\u0131kl\u0131\u011f\u0131 kucaklay\u0131n <a href=\"https:\/\/www.purejewels.com\/tr\/product\/22ct-gold-jali-filigree-ring-jali-collection-31926\/\">22ct<\/a> PureJewels UK'den Sunrise Gold 9mm Kolye Ucu. L\u00fcks 22 ayar alt\u0131ndan hassasiyetle \u00fcretilen bu kolye ucu, \u015f\u0131k ve zarif bir tasar\u0131ma sahiptir. <a href=\"https:\/\/www.purejewels.com\/tr\/product\/18ct-yellow-gold-diamond-and-peridot-necklace-18-inches-44229\/\">sofi\u0307sti\u0307ke tasarim<\/a> G\u00fcn do\u011fumunun dingin g\u00fczelli\u011fini yakalayan.<\/p>\n<p>\u00c7ap\u0131 9 mm olan kolye ucunun minimalist ama zarif stili, onu her k\u0131yafeti tamamlayan \u00e7ok y\u00f6nl\u00fc bir aksesuar haline getiriyor. Parlak alt\u0131n y\u00fczeyi \u0131\u015f\u0131\u011f\u0131 g\u00fczel bir \u015fekilde yans\u0131tarak g\u00f6r\u00fcn\u00fcm\u00fcn\u00fcze l\u00fcks bir dokunu\u015f katan s\u0131cak, \u0131\u015f\u0131lt\u0131l\u0131 bir etki yarat\u0131r.<\/p>\n<p>\u0130ster tek ba\u015f\u0131na tak\u0131ls\u0131n ister di\u011fer par\u00e7alarla e\u015fle\u015ftirilsin, bu kolye ucu sade zarafeti ve ince i\u015f\u00e7ili\u011fi takdir edenler i\u00e7in m\u00fckemmeldir. <a href=\"https:\/\/www.purejewels.com\/tr\/a-guide-to-die-stamping\/\">zanaatkarl\u0131k<\/a>. G\u00fcnl\u00fck kullan\u0131m i\u00e7in ideal bir se\u00e7im olmakla birlikte, hayat\u0131n unutulmaz anlar\u0131n\u0131 i\u015faretleyecek kadar da \u00f6zeldir.<\/p>\n<p><strong>Temel \u00d6zellikler:<\/strong><\/p>\n<ul>\n<li>I\u015f\u0131lt\u0131l\u0131, uzun s\u00fcreli parlakl\u0131k i\u00e7in 22 ayar alt\u0131ndan \u00fcretilmi\u015ftir<\/li>\n<li>9 mm boyut, \u015f\u0131k ve \u00e7ok y\u00f6nl\u00fc bir tasar\u0131m sunar<\/li>\n<li>Hem g\u00fcnl\u00fck kullan\u0131m hem de \u00f6zel g\u00fcnler i\u00e7in m\u00fckemmel<\/li>\n<li>Her stili tamamlayan minimalist tasar\u0131m<\/li>\n<li>Sadece PureJewels UK'de mevcuttur<\/li>\n<\/ul>\n<p>Sofistike ve zamans\u0131z g\u00fczelli\u011fi temsil eden 22 ayar Sunrise Gold 9mm Kolye ile m\u00fccevher koleksiyonunuzu y\u00fckseltin.<\/p>","protected":false},"excerpt":{"rendered":"<p>Rosette koleksiyonuna ait bu kolye ucu, 22 ayar g\u00fcn do\u011fumu alt\u0131ndan kal\u0131p bask\u0131 y\u00f6ntemiyle titizlikle \u00fcretilmi\u015f olup klasik cazibeyi ve vintage \u00e7ekicili\u011fi \u00e7a\u011fr\u0131\u015ft\u0131ran ayr\u0131nt\u0131l\u0131 bir sanat sergiliyor.<\/p>\n<p><strong>Malzeme:<\/strong>\u00a022 Ayar G\u00fcndo\u011fumu Alt\u0131n<br \/>\n<strong>Safl\u0131k:<\/strong>\u00a091.6% saf alt\u0131n<br \/>\n<strong>Hallmark:<\/strong>\u00a0\u0130ngiliz Damgas\u0131<br \/>\n<strong>SKU:<\/strong> 48984<br \/>\n<strong>A\u011f\u0131rl\u0131k:<\/strong> 0. 6Gms<br \/>\n<strong>Geni\u015flik:<\/strong> 9mm<br \/>\n<strong>Not:<\/strong> \u00a0Zincir dahil de\u011fildir.<br \/>\nBizim ke\u015ffedin<strong>\u00a0Zincir<\/strong>\u00a0Koleksiyon<\/p>\n<p><strong>Fiyat ve Teslimat:<\/strong>\u00a0KDV ve teslimat \u00fccretleri dahil<br \/>\n<a href=\"https:\/\/www.purejewels.com\/tr\/i%cc%87ade-poli%cc%87ti%cc%87kasi\/\"><strong>\u0130ade Politikas\u0131<\/strong><\/a><\/p>","protected":false},"featured_media":371124,"comment_status":"closed","ping_status":"closed","template":"","meta":{"_eb_attr":"","_crsspst_to_jayantr4sg-hostcom":false},"product_brand":[],"product_cat":[1791,1559,236,1793,1770,1229,1255,5342,1767,1570,5338,5585,1656,6081,1573,1574],"product_tag":[1430],"class_list":{"0":"post-371123","1":"product","2":"type-product","3":"status-publish","4":"has-post-thumbnail","6":"product_cat-anniversary-gifts","7":"product_cat-birthday-gifts","8":"product_cat-collections","9":"product_cat-diwali-gifts","10":"product_cat-fancy-pendants","11":"product_cat-22ct-gold-jewellery","12":"product_cat-gold-pendants","13":"product_cat-jewellery-under-250","14":"product_cat-ladies-pendants","15":"product_cat-mothers-day-gifts","16":"product_cat-shop-by-price","17":"product_cat-rosette-pendant","18":"product_cat-rosettes-collections","19":"product_cat-sunrise-gold","20":"product_cat-wedding-gifts","21":"product_cat-womens-jewellery","22":"product_tag-diwali-gift","24":"first","25":"instock","26":"taxable","27":"shipping-taxable","28":"purchasable","29":"product-type-simple","30":"add-to-wishlist-before_image"},"yoast_head":"<!-- This site is optimized with the Yoast SEO plugin v27.4 - https:\/\/yoast.com\/product\/yoast-seo-wordpress\/ -->\n<title>Gold Pendant - 22ct Sunrise Gold 9mm Pendant | PureJewels UK<\/title>\n<meta name=\"description\" content=\"Discover the exquisite 22ct Sunrise Gold Pendant, 9mm in diameter. Perfect for any occasion, this 1 layer pendant adds elegance to your jewellery collection.\" \/>\n<meta name=\"robots\" content=\"index, follow, max-snippet:-1, max-image-preview:large, max-video-preview:-1\" \/>\n<link rel=\"canonical\" href=\"https:\/\/www.purejewels.com\/tr\/urun\/22-ayar-gundogumu-altin-kolye-48984\/\" \/>\n<meta property=\"og:locale\" content=\"tr_TR\" \/>\n<meta property=\"og:type\" content=\"article\" \/>\n<meta property=\"og:title\" content=\"Gold Pendant - 22ct Sunrise Gold 9mm Pendant | PureJewels UK\" \/>\n<meta property=\"og:description\" content=\"Discover the exquisite 22ct Sunrise Gold Pendant, 9mm in diameter. Perfect for any occasion, this 1 layer pendant adds elegance to your jewellery collection.\" \/>\n<meta property=\"og:url\" content=\"https:\/\/www.purejewels.com\/tr\/urun\/22-ayar-gundogumu-altin-kolye-48984\/\" \/>\n<meta property=\"og:site_name\" content=\"PureJewels UK\" \/>\n<meta property=\"article:modified_time\" content=\"2026-02-06T05:15:43+00:00\" \/>\n<meta property=\"og:image\" content=\"https:\/\/static.purejewels.com\/wp-content\/uploads\/2024\/09\/48984.png\" \/>\n\t<meta property=\"og:image:width\" content=\"1000\" \/>\n\t<meta property=\"og:image:height\" content=\"1000\" \/>\n\t<meta property=\"og:image:type\" content=\"image\/png\" \/>\n<meta name=\"twitter:card\" content=\"summary_large_image\" \/>\n<meta name=\"twitter:label1\" content=\"Tahmini okuma s\u00fcresi\" \/>\n\t<meta name=\"twitter:data1\" content=\"1 dakika\" \/>\n<script type=\"application\/ld+json\" class=\"yoast-schema-graph\">{\"@context\":\"https:\\\/\\\/schema.org\",\"@graph\":[{\"@type\":[\"WebPage\",\"ItemPage\"],\"@id\":\"https:\\\/\\\/www.purejewels.com\\\/product\\\/22ct-sunrise-gold-pendant-48984\\\/\",\"url\":\"https:\\\/\\\/www.purejewels.com\\\/product\\\/22ct-sunrise-gold-pendant-48984\\\/\",\"name\":\"Gold Pendant - 22ct Sunrise Gold 9mm Pendant | PureJewels UK\",\"isPartOf\":{\"@id\":\"https:\\\/\\\/www.purejewels.com\\\/#website\"},\"primaryImageOfPage\":{\"@id\":\"https:\\\/\\\/www.purejewels.com\\\/product\\\/22ct-sunrise-gold-pendant-48984\\\/#primaryimage\"},\"image\":{\"@id\":\"https:\\\/\\\/www.purejewels.com\\\/product\\\/22ct-sunrise-gold-pendant-48984\\\/#primaryimage\"},\"thumbnailUrl\":\"https:\\\/\\\/static.purejewels.com\\\/wp-content\\\/uploads\\\/2024\\\/09\\\/48984.png\",\"datePublished\":\"2024-09-05T05:20:51+00:00\",\"dateModified\":\"2026-02-06T05:15:43+00:00\",\"description\":\"Discover the exquisite 22ct Sunrise Gold Pendant, 9mm in diameter. Perfect for any occasion, this 1 layer pendant adds elegance to your jewellery collection.\",\"breadcrumb\":{\"@id\":\"https:\\\/\\\/www.purejewels.com\\\/product\\\/22ct-sunrise-gold-pendant-48984\\\/#breadcrumb\"},\"inLanguage\":\"tr\",\"potentialAction\":[{\"@type\":\"ReadAction\",\"target\":[\"https:\\\/\\\/www.purejewels.com\\\/product\\\/22ct-sunrise-gold-pendant-48984\\\/\"]}]},{\"@type\":\"ImageObject\",\"inLanguage\":\"tr\",\"@id\":\"https:\\\/\\\/www.purejewels.com\\\/product\\\/22ct-sunrise-gold-pendant-48984\\\/#primaryimage\",\"url\":\"https:\\\/\\\/static.purejewels.com\\\/wp-content\\\/uploads\\\/2024\\\/09\\\/48984.png\",\"contentUrl\":\"https:\\\/\\\/static.purejewels.com\\\/wp-content\\\/uploads\\\/2024\\\/09\\\/48984.png\",\"width\":1000,\"height\":1000,\"caption\":\"22ct Gold Pendant\"},{\"@type\":\"BreadcrumbList\",\"@id\":\"https:\\\/\\\/www.purejewels.com\\\/product\\\/22ct-sunrise-gold-pendant-48984\\\/#breadcrumb\",\"itemListElement\":[{\"@type\":\"ListItem\",\"position\":1,\"name\":\"Home\",\"item\":\"https:\\\/\\\/www.purejewels.com\\\/\"},{\"@type\":\"ListItem\",\"position\":2,\"name\":\"Shop\",\"item\":\"https:\\\/\\\/www.purejewels.com\\\/shop\\\/\"},{\"@type\":\"ListItem\",\"position\":3,\"name\":\"22ct Sunrise Gold Pendant | Diameter 9mm\"}]},{\"@type\":\"WebSite\",\"@id\":\"https:\\\/\\\/www.purejewels.com\\\/#website\",\"url\":\"https:\\\/\\\/www.purejewels.com\\\/\",\"name\":\"PureJewels UK\",\"description\":\"Share the Love\",\"publisher\":{\"@id\":\"https:\\\/\\\/www.purejewels.com\\\/#organization\"},\"potentialAction\":[{\"@type\":\"SearchAction\",\"target\":{\"@type\":\"EntryPoint\",\"urlTemplate\":\"https:\\\/\\\/www.purejewels.com\\\/?s={search_term_string}\"},\"query-input\":{\"@type\":\"PropertyValueSpecification\",\"valueRequired\":true,\"valueName\":\"search_term_string\"}}],\"inLanguage\":\"tr\"},{\"@type\":\"Organization\",\"@id\":\"https:\\\/\\\/www.purejewels.com\\\/#organization\",\"name\":\"PureJewels UK\",\"url\":\"https:\\\/\\\/www.purejewels.com\\\/\",\"logo\":{\"@type\":\"ImageObject\",\"inLanguage\":\"tr\",\"@id\":\"https:\\\/\\\/www.purejewels.com\\\/#\\\/schema\\\/logo\\\/image\\\/\",\"url\":\"https:\\\/\\\/static.purejewels.com\\\/wp-content\\\/uploads\\\/2020\\\/11\\\/Logo-PJ-New-1.png\",\"contentUrl\":\"https:\\\/\\\/static.purejewels.com\\\/wp-content\\\/uploads\\\/2020\\\/11\\\/Logo-PJ-New-1.png\",\"width\":150,\"height\":80,\"caption\":\"PureJewels UK\"},\"image\":{\"@id\":\"https:\\\/\\\/www.purejewels.com\\\/#\\\/schema\\\/logo\\\/image\\\/\"}}]}<\/script>\n<!-- \/ Yoast SEO plugin. -->","yoast_head_json":{"title":"Alt\u0131n Kolye - 22ct Sunrise Alt\u0131n 9mm Kolye | PureJewels UK","description":"9 mm \u00e7ap\u0131ndaki zarif 22 ayar G\u00fcn Do\u011fumu Alt\u0131n Kolyeyi ke\u015ffedin. Her durum i\u00e7in m\u00fckemmel olan bu 1 katl\u0131 kolye ucu, m\u00fccevher koleksiyonunuza \u015f\u0131kl\u0131k katar.","robots":{"index":"index","follow":"follow","max-snippet":"max-snippet:-1","max-image-preview":"max-image-preview:large","max-video-preview":"max-video-preview:-1"},"canonical":"https:\/\/www.purejewels.com\/tr\/urun\/22-ayar-gundogumu-altin-kolye-48984\/","og_locale":"tr_TR","og_type":"article","og_title":"Gold Pendant - 22ct Sunrise Gold 9mm Pendant | PureJewels UK","og_description":"Discover the exquisite 22ct Sunrise Gold Pendant, 9mm in diameter. Perfect for any occasion, this 1 layer pendant adds elegance to your jewellery collection.","og_url":"https:\/\/www.purejewels.com\/tr\/urun\/22-ayar-gundogumu-altin-kolye-48984\/","og_site_name":"PureJewels UK","article_modified_time":"2026-02-06T05:15:43+00:00","og_image":[{"width":1000,"height":1000,"url":"https:\/\/static.purejewels.com\/wp-content\/uploads\/2024\/09\/48984.png","type":"image\/png"}],"twitter_card":"summary_large_image","twitter_misc":{"Tahmini okuma s\u00fcresi":"1 dakika"},"schema":{"@context":"https:\/\/schema.org","@graph":[{"@type":["WebPage","ItemPage"],"@id":"https:\/\/www.purejewels.com\/product\/22ct-sunrise-gold-pendant-48984\/","url":"https:\/\/www.purejewels.com\/product\/22ct-sunrise-gold-pendant-48984\/","name":"Alt\u0131n Kolye - 22ct Sunrise Alt\u0131n 9mm Kolye | PureJewels UK","isPartOf":{"@id":"https:\/\/www.purejewels.com\/#website"},"primaryImageOfPage":{"@id":"https:\/\/www.purejewels.com\/product\/22ct-sunrise-gold-pendant-48984\/#primaryimage"},"image":{"@id":"https:\/\/www.purejewels.com\/product\/22ct-sunrise-gold-pendant-48984\/#primaryimage"},"thumbnailUrl":"https:\/\/static.purejewels.com\/wp-content\/uploads\/2024\/09\/48984.png","datePublished":"2024-09-05T05:20:51+00:00","dateModified":"2026-02-06T05:15:43+00:00","description":"9 mm \u00e7ap\u0131ndaki zarif 22 ayar G\u00fcn Do\u011fumu Alt\u0131n Kolyeyi ke\u015ffedin. Her durum i\u00e7in m\u00fckemmel olan bu 1 katl\u0131 kolye ucu, m\u00fccevher koleksiyonunuza \u015f\u0131kl\u0131k katar.","breadcrumb":{"@id":"https:\/\/www.purejewels.com\/product\/22ct-sunrise-gold-pendant-48984\/#breadcrumb"},"inLanguage":"tr","potentialAction":[{"@type":"ReadAction","target":["https:\/\/www.purejewels.com\/product\/22ct-sunrise-gold-pendant-48984\/"]}]},{"@type":"ImageObject","inLanguage":"tr","@id":"https:\/\/www.purejewels.com\/product\/22ct-sunrise-gold-pendant-48984\/#primaryimage","url":"https:\/\/static.purejewels.com\/wp-content\/uploads\/2024\/09\/48984.png","contentUrl":"https:\/\/static.purejewels.com\/wp-content\/uploads\/2024\/09\/48984.png","width":1000,"height":1000,"caption":"22ct Gold Pendant"},{"@type":"BreadcrumbList","@id":"https:\/\/www.purejewels.com\/product\/22ct-sunrise-gold-pendant-48984\/#breadcrumb","itemListElement":[{"@type":"ListItem","position":1,"name":"Home","item":"https:\/\/www.purejewels.com\/"},{"@type":"ListItem","position":2,"name":"Shop","item":"https:\/\/www.purejewels.com\/shop\/"},{"@type":"ListItem","position":3,"name":"22ct Sunrise Gold Pendant | Diameter 9mm"}]},{"@type":"WebSite","@id":"https:\/\/www.purejewels.com\/#website","url":"https:\/\/www.purejewels.com\/","name":"PureJewels \u0130ngiltere","description":"Sevgiyi Payla\u015f\u0131n","publisher":{"@id":"https:\/\/www.purejewels.com\/#organization"},"potentialAction":[{"@type":"SearchAction","target":{"@type":"EntryPoint","urlTemplate":"https:\/\/www.purejewels.com\/?s={search_term_string}"},"query-input":{"@type":"PropertyValueSpecification","valueRequired":true,"valueName":"search_term_string"}}],"inLanguage":"tr"},{"@type":"Organization","@id":"https:\/\/www.purejewels.com\/#organization","name":"PureJewels \u0130ngiltere","url":"https:\/\/www.purejewels.com\/","logo":{"@type":"ImageObject","inLanguage":"tr","@id":"https:\/\/www.purejewels.com\/#\/schema\/logo\/image\/","url":"https:\/\/static.purejewels.com\/wp-content\/uploads\/2020\/11\/Logo-PJ-New-1.png","contentUrl":"https:\/\/static.purejewels.com\/wp-content\/uploads\/2020\/11\/Logo-PJ-New-1.png","width":150,"height":80,"caption":"PureJewels UK"},"image":{"@id":"https:\/\/www.purejewels.com\/#\/schema\/logo\/image\/"}}]}},"_links":{"self":[{"href":"https:\/\/www.purejewels.com\/tr\/wp-json\/wp\/v2\/product\/371123","targetHints":{"allow":["GET"]}}],"collection":[{"href":"https:\/\/www.purejewels.com\/tr\/wp-json\/wp\/v2\/product"}],"about":[{"href":"https:\/\/www.purejewels.com\/tr\/wp-json\/wp\/v2\/types\/product"}],"replies":[{"embeddable":true,"href":"https:\/\/www.purejewels.com\/tr\/wp-json\/wp\/v2\/comments?post=371123"}],"version-history":[{"count":5,"href":"https:\/\/www.purejewels.com\/tr\/wp-json\/wp\/v2\/product\/371123\/revisions"}],"predecessor-version":[{"id":403062,"href":"https:\/\/www.purejewels.com\/tr\/wp-json\/wp\/v2\/product\/371123\/revisions\/403062"}],"wp:featuredmedia":[{"embeddable":true,"href":"https:\/\/www.purejewels.com\/tr\/wp-json\/wp\/v2\/media\/371124"}],"wp:attachment":[{"href":"https:\/\/www.purejewels.com\/tr\/wp-json\/wp\/v2\/media?parent=371123"}],"wp:term":[{"taxonomy":"product_brand","embeddable":true,"href":"https:\/\/www.purejewels.com\/tr\/wp-json\/wp\/v2\/product_brand?post=371123"},{"taxonomy":"product_cat","embeddable":true,"href":"https:\/\/www.purejewels.com\/tr\/wp-json\/wp\/v2\/product_cat?post=371123"},{"taxonomy":"product_tag","embeddable":true,"href":"https:\/\/www.purejewels.com\/tr\/wp-json\/wp\/v2\/product_tag?post=371123"}],"curies":[{"name":"wp","href":"https:\/\/api.w.org\/{rel}","templated":true}]}}