{"id":371126,"date":"2024-09-05T06:30:29","date_gmt":"2024-09-05T05:30:29","guid":{"rendered":"https:\/\/www.purejewels.com\/?post_type=product&#038;p=371126"},"modified":"2026-04-13T10:03:25","modified_gmt":"2026-04-13T09:03:25","slug":"22-ayar-gundogumu-altin-rozet-cicek-motifli-tek-sira-bilezik-49417","status":"publish","type":"product","link":"https:\/\/www.purejewels.com\/tr\/product\/22ct-sunrise-gold-rosette-flower-motif-single-line-bracelet-49417\/","title":{"rendered":"22 Ayar Sunrise Alt\u0131n Rozet \u00c7i\u00e7ek Motifli Tek S\u0131ra Bileklik"},"content":{"rendered":"<p data-start=\"343\" data-end=\"651\">Zamans\u0131z zarafete zarif bir \u00f6vg\u00fc niteli\u011findeki bu <strong data-start=\"385\" data-end=\"422\"><a href=\"https:\/\/www.purejewels.com\/tr\/product\/22ct-gold-jali-filigree-ring-jali-collection-31926\/\">22ct<\/a> Alt\u0131n Rozet \u00c7i\u00e7ek Bileklik<\/strong> Narin g\u00fczelli\u011fin \u00f6z\u00fcn\u00fc yakalamak i\u00e7in tasarlanm\u0131\u015ft\u0131r. Hassas bir i\u015f\u00e7ilikle el yap\u0131m\u0131 olan bu kolye, zarif bir alt\u0131n zincir boyunca kusursuz bir \u015fekilde birbirine ba\u011flanm\u0131\u015f, g\u00fczel dokulu rozet \u00e7i\u00e7ek boncuklardan olu\u015fur.<\/p>\n<p data-start=\"653\" data-end=\"969\">Bilezik \u00f6l\u00e7\u00fcleri <strong data-start=\"675\" data-end=\"697\">7 in\u00e7 uzunlu\u011funda<\/strong>G\u00fcnl\u00fck kullan\u0131m veya \u00f6zel g\u00fcnler i\u00e7in rahat ve g\u00fcvenli bir uyum sunar. Istakoz toka kapan\u0131\u015f\u0131, bilezi\u011fin zarif ak\u0131\u015f\u0131n\u0131 korurken g\u00fcvenilirlik sa\u011flar. Her bir \u00e7i\u00e7ek boncu\u011fu titizlikle detayland\u0131r\u0131larak par\u00e7aya doku, \u00e7ekicilik ve zanaatkar bir dokunu\u015f katar.<\/p>\n<p data-start=\"971\" data-end=\"1199\">\u0130ster sade bir \u015f\u0131kl\u0131k i\u00e7in tek ba\u015f\u0131na ister daha \u00e7a\u011fda\u015f bir g\u00f6r\u00fcn\u00fcm i\u00e7in di\u011fer bileziklerle birlikte tak\u0131ls\u0131n, bu bilezik her m\u00fccevher koleksiyonu i\u00e7in \u00e7ok y\u00f6nl\u00fc bir eklentidir - rafine g\u00fczelli\u011fin ve zamans\u0131z i\u015f\u00e7ili\u011fin sembol\u00fcd\u00fcr.<\/p>","protected":false},"excerpt":{"rendered":"<p>Narin ve \u00e7ekici olan bu 22 ayar Sunrise Gold Rosette Flower Bracelet, ince alt\u0131n zincir \u00fczerine \u00f6zenle i\u015flenmi\u015f rozet \u00e7i\u00e7ek motifleri ile s\u00fcslenmi\u015ftir. 7 in\u00e7lik rahat uzunlu\u011fu ile zarafet ve g\u00fcnl\u00fck \u015f\u0131kl\u0131\u011f\u0131n m\u00fckemmel bir kar\u0131\u015f\u0131m\u0131d\u0131r.<\/p>\n<p><strong>Malzeme:<\/strong>\u00a022 Ayar G\u00fcndo\u011fumu Alt\u0131n<br \/>\n<strong>Hallmark:<\/strong>\u00a0\u0130ngiliz Damgas\u0131<br \/>\n<strong>SKU:<\/strong> 53341, 53340, 49418,\u00a0 53338, 48987<br \/>\n<strong>A\u011f\u0131rl\u0131k Aral\u0131\u011f\u0131:<\/strong> 3,3 Gms \u2013 5,1 Gms<br \/>\n<strong>Uzunluk:<\/strong> 7 in\u00e7<\/p>\n<p><strong>Fiyat ve Teslimat:<\/strong>\u00a0KDV ve teslimat \u00fccretleri dahil<br \/>\n<a href=\"https:\/\/www.purejewels.com\/tr\/i%cc%87ade-poli%cc%87ti%cc%87kasi\/\"><strong>\u0130ade Politikas\u0131<\/strong><\/a><\/p>","protected":false},"featured_media":349734,"comment_status":"closed","ping_status":"closed","template":"","meta":{"_eb_attr":"","_crsspst_to_jayantr4sg-hostcom":false},"product_brand":[],"product_cat":[1791,5441,1559,236,1793,1790,1324,1229,5586,1656,1575,1573,1574],"product_tag":[5634],"class_list":{"0":"post-371126","1":"product","2":"type-product","3":"status-publish","4":"has-post-thumbnail","6":"product_cat-anniversary-gifts","7":"product_cat-gold-bead-bracelets","8":"product_cat-birthday-gifts","9":"product_cat-collections","10":"product_cat-diwali-gifts","11":"product_cat-for-whom-when","12":"product_cat-gold-bracelet","13":"product_cat-22ct-gold-jewellery","14":"product_cat-rosette-bracelet","15":"product_cat-rosettes-collections","16":"product_cat-teenage-jewellery","17":"product_cat-wedding-gifts","18":"product_cat-womens-jewellery","19":"product_tag-22ct-gold-bracelet-for-ladies","21":"first","22":"outofstock","23":"taxable","24":"shipping-taxable","25":"product-type-variable","26":"add-to-wishlist-before_image"},"yoast_head":"<!-- This site is optimized with the Yoast SEO plugin v27.6 - https:\/\/yoast.com\/product\/yoast-seo-wordpress\/ -->\n<title>22ct Sunrise Gold Rosette Flower Bracelet | PureJewels UK<\/title>\n<meta name=\"description\" content=\"Discover exquisite fine jewellery with our 22ct Sunrise Gold Rosette Flower Motif Single Line Bracelet. A perfect blend of elegance and luxury awaits you.\" \/>\n<meta name=\"robots\" content=\"index, follow, max-snippet:-1, max-image-preview:large, max-video-preview:-1\" \/>\n<link rel=\"canonical\" href=\"https:\/\/www.purejewels.com\/tr\/urun\/22-ayar-gundogumu-altin-rozet-cicek-motifli-tek-sira-bilezik-49417\/\" \/>\n<meta property=\"og:locale\" content=\"tr_TR\" \/>\n<meta property=\"og:type\" content=\"article\" \/>\n<meta property=\"og:title\" content=\"22ct Sunrise Gold Rosette Flower Bracelet | PureJewels UK\" \/>\n<meta property=\"og:description\" content=\"Discover exquisite fine jewellery with our 22ct Sunrise Gold Rosette Flower Motif Single Line Bracelet. A perfect blend of elegance and luxury awaits you.\" \/>\n<meta property=\"og:url\" content=\"https:\/\/www.purejewels.com\/tr\/urun\/22-ayar-gundogumu-altin-rozet-cicek-motifli-tek-sira-bilezik-49417\/\" \/>\n<meta property=\"og:site_name\" content=\"PureJewels UK\" \/>\n<meta property=\"article:modified_time\" content=\"2026-04-13T09:03:25+00:00\" \/>\n<meta property=\"og:image\" content=\"https:\/\/static.purejewels.com\/wp-content\/uploads\/2023\/08\/45737.jpg\" \/>\n\t<meta property=\"og:image:width\" content=\"1000\" \/>\n\t<meta property=\"og:image:height\" content=\"1000\" \/>\n\t<meta property=\"og:image:type\" content=\"image\/jpeg\" \/>\n<meta name=\"twitter:card\" content=\"summary_large_image\" \/>\n<meta name=\"twitter:label1\" content=\"Tahmini okuma s\u00fcresi\" \/>\n\t<meta name=\"twitter:data1\" content=\"1 dakika\" \/>\n<script type=\"application\/ld+json\" class=\"yoast-schema-graph\">{\"@context\":\"https:\\\/\\\/schema.org\",\"@graph\":[{\"@type\":[\"WebPage\",\"ItemPage\"],\"@id\":\"https:\\\/\\\/www.purejewels.com\\\/product\\\/22ct-sunrise-gold-rosette-flower-motif-single-line-bracelet-49417\\\/\",\"url\":\"https:\\\/\\\/www.purejewels.com\\\/product\\\/22ct-sunrise-gold-rosette-flower-motif-single-line-bracelet-49417\\\/\",\"name\":\"22ct Sunrise Gold Rosette Flower Bracelet | PureJewels UK\",\"isPartOf\":{\"@id\":\"https:\\\/\\\/www.purejewels.com\\\/#website\"},\"primaryImageOfPage\":{\"@id\":\"https:\\\/\\\/www.purejewels.com\\\/product\\\/22ct-sunrise-gold-rosette-flower-motif-single-line-bracelet-49417\\\/#primaryimage\"},\"image\":{\"@id\":\"https:\\\/\\\/www.purejewels.com\\\/product\\\/22ct-sunrise-gold-rosette-flower-motif-single-line-bracelet-49417\\\/#primaryimage\"},\"thumbnailUrl\":\"https:\\\/\\\/static.purejewels.com\\\/wp-content\\\/uploads\\\/2023\\\/08\\\/45737.jpg\",\"datePublished\":\"2024-09-05T05:30:29+00:00\",\"dateModified\":\"2026-04-13T09:03:25+00:00\",\"description\":\"Discover exquisite fine jewellery with our 22ct Sunrise Gold Rosette Flower Motif Single Line Bracelet. A perfect blend of elegance and luxury awaits you.\",\"breadcrumb\":{\"@id\":\"https:\\\/\\\/www.purejewels.com\\\/product\\\/22ct-sunrise-gold-rosette-flower-motif-single-line-bracelet-49417\\\/#breadcrumb\"},\"inLanguage\":\"tr\",\"potentialAction\":[{\"@type\":\"ReadAction\",\"target\":[\"https:\\\/\\\/www.purejewels.com\\\/product\\\/22ct-sunrise-gold-rosette-flower-motif-single-line-bracelet-49417\\\/\"]}]},{\"@type\":\"ImageObject\",\"inLanguage\":\"tr\",\"@id\":\"https:\\\/\\\/www.purejewels.com\\\/product\\\/22ct-sunrise-gold-rosette-flower-motif-single-line-bracelet-49417\\\/#primaryimage\",\"url\":\"https:\\\/\\\/static.purejewels.com\\\/wp-content\\\/uploads\\\/2023\\\/08\\\/45737.jpg\",\"contentUrl\":\"https:\\\/\\\/static.purejewels.com\\\/wp-content\\\/uploads\\\/2023\\\/08\\\/45737.jpg\",\"width\":1000,\"height\":1000,\"caption\":\"22ct Rosette Waterfall Single Line Bracelet\"},{\"@type\":\"BreadcrumbList\",\"@id\":\"https:\\\/\\\/www.purejewels.com\\\/product\\\/22ct-sunrise-gold-rosette-flower-motif-single-line-bracelet-49417\\\/#breadcrumb\",\"itemListElement\":[{\"@type\":\"ListItem\",\"position\":1,\"name\":\"Home\",\"item\":\"https:\\\/\\\/www.purejewels.com\\\/\"},{\"@type\":\"ListItem\",\"position\":2,\"name\":\"Shop\",\"item\":\"https:\\\/\\\/www.purejewels.com\\\/shop\\\/\"},{\"@type\":\"ListItem\",\"position\":3,\"name\":\"22ct Sunrise Gold Rosette Flower Motif Single Line Bracelet\"}]},{\"@type\":\"WebSite\",\"@id\":\"https:\\\/\\\/www.purejewels.com\\\/#website\",\"url\":\"https:\\\/\\\/www.purejewels.com\\\/\",\"name\":\"PureJewels UK\",\"description\":\"Share the Love\",\"publisher\":{\"@id\":\"https:\\\/\\\/www.purejewels.com\\\/#organization\"},\"potentialAction\":[{\"@type\":\"SearchAction\",\"target\":{\"@type\":\"EntryPoint\",\"urlTemplate\":\"https:\\\/\\\/www.purejewels.com\\\/?s={search_term_string}\"},\"query-input\":{\"@type\":\"PropertyValueSpecification\",\"valueRequired\":true,\"valueName\":\"search_term_string\"}}],\"inLanguage\":\"tr\"},{\"@type\":\"Organization\",\"@id\":\"https:\\\/\\\/www.purejewels.com\\\/#organization\",\"name\":\"PureJewels UK\",\"url\":\"https:\\\/\\\/www.purejewels.com\\\/\",\"logo\":{\"@type\":\"ImageObject\",\"inLanguage\":\"tr\",\"@id\":\"https:\\\/\\\/www.purejewels.com\\\/#\\\/schema\\\/logo\\\/image\\\/\",\"url\":\"https:\\\/\\\/static.purejewels.com\\\/wp-content\\\/uploads\\\/2020\\\/11\\\/Logo-PJ-New-1.png\",\"contentUrl\":\"https:\\\/\\\/static.purejewels.com\\\/wp-content\\\/uploads\\\/2020\\\/11\\\/Logo-PJ-New-1.png\",\"width\":150,\"height\":80,\"caption\":\"PureJewels UK\"},\"image\":{\"@id\":\"https:\\\/\\\/www.purejewels.com\\\/#\\\/schema\\\/logo\\\/image\\\/\"}}]}<\/script>\n<!-- \/ Yoast SEO plugin. -->","yoast_head_json":{"title":"22 Ayar Sunrise Alt\u0131n Rozet \u00c7i\u00e7ek Bileklik | PureJewels UK","description":"22ct Sunrise Alt\u0131n Rozet \u00c7i\u00e7ek Motifli Tek S\u0131ra Bilekli\u011fimizle zarif m\u00fccevherleri ke\u015ffedin. Zarafet ve l\u00fcks\u00fcn m\u00fckemmel bir kar\u0131\u015f\u0131m\u0131 sizi bekliyor.","robots":{"index":"index","follow":"follow","max-snippet":"max-snippet:-1","max-image-preview":"max-image-preview:large","max-video-preview":"max-video-preview:-1"},"canonical":"https:\/\/www.purejewels.com\/tr\/urun\/22-ayar-gundogumu-altin-rozet-cicek-motifli-tek-sira-bilezik-49417\/","og_locale":"tr_TR","og_type":"article","og_title":"22ct Sunrise Gold Rosette Flower Bracelet | PureJewels UK","og_description":"Discover exquisite fine jewellery with our 22ct Sunrise Gold Rosette Flower Motif Single Line Bracelet. A perfect blend of elegance and luxury awaits you.","og_url":"https:\/\/www.purejewels.com\/tr\/urun\/22-ayar-gundogumu-altin-rozet-cicek-motifli-tek-sira-bilezik-49417\/","og_site_name":"PureJewels UK","article_modified_time":"2026-04-13T09:03:25+00:00","og_image":[{"width":1000,"height":1000,"url":"https:\/\/static.purejewels.com\/wp-content\/uploads\/2023\/08\/45737.jpg","type":"image\/jpeg"}],"twitter_card":"summary_large_image","twitter_misc":{"Tahmini okuma s\u00fcresi":"1 dakika"},"schema":{"@context":"https:\/\/schema.org","@graph":[{"@type":["WebPage","ItemPage"],"@id":"https:\/\/www.purejewels.com\/product\/22ct-sunrise-gold-rosette-flower-motif-single-line-bracelet-49417\/","url":"https:\/\/www.purejewels.com\/product\/22ct-sunrise-gold-rosette-flower-motif-single-line-bracelet-49417\/","name":"22 Ayar Sunrise Alt\u0131n Rozet \u00c7i\u00e7ek Bileklik | PureJewels UK","isPartOf":{"@id":"https:\/\/www.purejewels.com\/#website"},"primaryImageOfPage":{"@id":"https:\/\/www.purejewels.com\/product\/22ct-sunrise-gold-rosette-flower-motif-single-line-bracelet-49417\/#primaryimage"},"image":{"@id":"https:\/\/www.purejewels.com\/product\/22ct-sunrise-gold-rosette-flower-motif-single-line-bracelet-49417\/#primaryimage"},"thumbnailUrl":"https:\/\/static.purejewels.com\/wp-content\/uploads\/2023\/08\/45737.jpg","datePublished":"2024-09-05T05:30:29+00:00","dateModified":"2026-04-13T09:03:25+00:00","description":"22ct Sunrise Alt\u0131n Rozet \u00c7i\u00e7ek Motifli Tek S\u0131ra Bilekli\u011fimizle zarif m\u00fccevherleri ke\u015ffedin. Zarafet ve l\u00fcks\u00fcn m\u00fckemmel bir kar\u0131\u015f\u0131m\u0131 sizi bekliyor.","breadcrumb":{"@id":"https:\/\/www.purejewels.com\/product\/22ct-sunrise-gold-rosette-flower-motif-single-line-bracelet-49417\/#breadcrumb"},"inLanguage":"tr","potentialAction":[{"@type":"ReadAction","target":["https:\/\/www.purejewels.com\/product\/22ct-sunrise-gold-rosette-flower-motif-single-line-bracelet-49417\/"]}]},{"@type":"ImageObject","inLanguage":"tr","@id":"https:\/\/www.purejewels.com\/product\/22ct-sunrise-gold-rosette-flower-motif-single-line-bracelet-49417\/#primaryimage","url":"https:\/\/static.purejewels.com\/wp-content\/uploads\/2023\/08\/45737.jpg","contentUrl":"https:\/\/static.purejewels.com\/wp-content\/uploads\/2023\/08\/45737.jpg","width":1000,"height":1000,"caption":"22ct Rosette Waterfall Single Line Bracelet"},{"@type":"BreadcrumbList","@id":"https:\/\/www.purejewels.com\/product\/22ct-sunrise-gold-rosette-flower-motif-single-line-bracelet-49417\/#breadcrumb","itemListElement":[{"@type":"ListItem","position":1,"name":"Home","item":"https:\/\/www.purejewels.com\/"},{"@type":"ListItem","position":2,"name":"Shop","item":"https:\/\/www.purejewels.com\/shop\/"},{"@type":"ListItem","position":3,"name":"22ct Sunrise Gold Rosette Flower Motif Single Line Bracelet"}]},{"@type":"WebSite","@id":"https:\/\/www.purejewels.com\/#website","url":"https:\/\/www.purejewels.com\/","name":"PureJewels \u0130ngiltere","description":"Sevgiyi Payla\u015f\u0131n","publisher":{"@id":"https:\/\/www.purejewels.com\/#organization"},"potentialAction":[{"@type":"SearchAction","target":{"@type":"EntryPoint","urlTemplate":"https:\/\/www.purejewels.com\/?s={search_term_string}"},"query-input":{"@type":"PropertyValueSpecification","valueRequired":true,"valueName":"search_term_string"}}],"inLanguage":"tr"},{"@type":"Organization","@id":"https:\/\/www.purejewels.com\/#organization","name":"PureJewels \u0130ngiltere","url":"https:\/\/www.purejewels.com\/","logo":{"@type":"ImageObject","inLanguage":"tr","@id":"https:\/\/www.purejewels.com\/#\/schema\/logo\/image\/","url":"https:\/\/static.purejewels.com\/wp-content\/uploads\/2020\/11\/Logo-PJ-New-1.png","contentUrl":"https:\/\/static.purejewels.com\/wp-content\/uploads\/2020\/11\/Logo-PJ-New-1.png","width":150,"height":80,"caption":"PureJewels UK"},"image":{"@id":"https:\/\/www.purejewels.com\/#\/schema\/logo\/image\/"}}]}},"_links":{"self":[{"href":"https:\/\/www.purejewels.com\/tr\/wp-json\/wp\/v2\/product\/371126","targetHints":{"allow":["GET"]}}],"collection":[{"href":"https:\/\/www.purejewels.com\/tr\/wp-json\/wp\/v2\/product"}],"about":[{"href":"https:\/\/www.purejewels.com\/tr\/wp-json\/wp\/v2\/types\/product"}],"replies":[{"embeddable":true,"href":"https:\/\/www.purejewels.com\/tr\/wp-json\/wp\/v2\/comments?post=371126"}],"version-history":[{"count":6,"href":"https:\/\/www.purejewels.com\/tr\/wp-json\/wp\/v2\/product\/371126\/revisions"}],"predecessor-version":[{"id":425395,"href":"https:\/\/www.purejewels.com\/tr\/wp-json\/wp\/v2\/product\/371126\/revisions\/425395"}],"wp:featuredmedia":[{"embeddable":true,"href":"https:\/\/www.purejewels.com\/tr\/wp-json\/wp\/v2\/media\/349734"}],"wp:attachment":[{"href":"https:\/\/www.purejewels.com\/tr\/wp-json\/wp\/v2\/media?parent=371126"}],"wp:term":[{"taxonomy":"product_brand","embeddable":true,"href":"https:\/\/www.purejewels.com\/tr\/wp-json\/wp\/v2\/product_brand?post=371126"},{"taxonomy":"product_cat","embeddable":true,"href":"https:\/\/www.purejewels.com\/tr\/wp-json\/wp\/v2\/product_cat?post=371126"},{"taxonomy":"product_tag","embeddable":true,"href":"https:\/\/www.purejewels.com\/tr\/wp-json\/wp\/v2\/product_tag?post=371126"}],"curies":[{"name":"wp","href":"https:\/\/api.w.org\/{rel}","templated":true}]}}