{"id":371143,"date":"2024-09-05T07:57:19","date_gmt":"2024-09-05T06:57:19","guid":{"rendered":"https:\/\/www.purejewels.com\/?post_type=product&#038;p=371143"},"modified":"2026-04-07T09:34:15","modified_gmt":"2026-04-07T08:34:15","slug":"22-ayar-gundogumu-altin-gerdanlik-kolye-rozet-koleksiyonu-49407","status":"publish","type":"product","link":"https:\/\/www.purejewels.com\/tr\/product\/22ct-sunrise-gold-choker-necklace-rosettes-collection-49407\/","title":{"rendered":"22 Ayar G\u00fcndo\u011fumu Alt\u0131n Gerdanl\u0131k Kolye | Rozetler Koleksiyonu"},"content":{"rendered":"<p>Koleksiyonunuza eklemek i\u00e7in \u00e7arp\u0131c\u0131 bir m\u00fccevher par\u00e7as\u0131 m\u0131 ar\u0131yorsunuz? Rozetler Koleksiyonu'ndan 22 ayar G\u00fcn Do\u011fumu Alt\u0131n Gerdanl\u0131k Kolyemizden ba\u015fkas\u0131na bakmay\u0131n. Bu zarif kolye 35,9 gram a\u011f\u0131rl\u0131\u011f\u0131nda ve y\u00fcksek kaliteli 22 ayar G\u00fcn Do\u011fumu Alt\u0131n\u0131ndan \u00fcretilmi\u015f olup, orijinalli\u011fi Londra Tahlil Ofisi taraf\u0131ndan onaylanm\u0131\u015ft\u0131r.<\/p>\n<p>Bu gerdanl\u0131k kolyenin karma\u015f\u0131k tasar\u0131m\u0131n\u0131n dikkatleri \u00fczerine \u00e7ekece\u011fi ve fark yarataca\u011f\u0131 kesin. \u00d6zel g\u00fcnler veya g\u00fcnl\u00fck kullan\u0131m i\u00e7in m\u00fckemmel olan bu kolye, Double Spiral Ring veya Almond Studs gibi koleksiyonumuzdaki di\u011fer par\u00e7alarla birlikte kullan\u0131labilecek \u00e7ok y\u00f6nl\u00fc bir par\u00e7ad\u0131r.<\/p>\n<p>\u015eimdi sipari\u015f verin ve KDV fiyata dahil olmak \u00fczere \u00fccretsiz takipli teslimat al\u0131n. Herhangi bir sorunuz varsa veya daha h\u0131zl\u0131 teslimat se\u00e7eneklerine ihtiyac\u0131n\u0131z varsa, m\u00fc\u015fteri hizmetleri ekibimiz size yard\u0131mc\u0131 olmak i\u00e7in burada.<\/p>","protected":false},"excerpt":{"rendered":"<table class=\"sh_desc\" style=\"width: 100%; height: 308px;\">\n<tbody>\n<tr style=\"height: 28px;\">\n<td style=\"height: 28px; width: 28.1667%;\">Kolye Tipi<\/td>\n<td style=\"height: 28px; width: 71.6667%;\">Gerdanl\u0131k Kolye<\/td>\n<\/tr>\n<tr style=\"height: 28px;\">\n<td style=\"height: 28px; width: 28.1667%;\">SKU<\/td>\n<td style=\"height: 28px; width: 71.6667%;\">49407<\/td>\n<\/tr>\n<tr style=\"height: 28px;\">\n<td style=\"height: 28px; width: 28.1667%;\">A\u011f\u0131rl\u0131k<\/td>\n<td style=\"height: 28px; width: 71.6667%;\">35.9Gm<\/td>\n<\/tr>\n<tr style=\"height: 28px;\">\n<td style=\"height: 28px; width: 28.1667%;\">Metal<\/td>\n<td style=\"height: 28px; width: 71.6667%;\">22 Ayar G\u00fcndo\u011fumu Alt\u0131n<\/td>\n<\/tr>\n<tr style=\"height: 28px;\">\n<td style=\"height: 28px; width: 28.1667%;\">KatalogID<\/td>\n<td style=\"height: 28px; width: 71.6667%;\">R1034<\/td>\n<\/tr>\n<tr style=\"height: 28px;\">\n<td style=\"height: 28px; width: 28.1667%;\">Koleksiyon<\/td>\n<td style=\"height: 28px; width: 71.6667%;\">Rozet Koleksiyonu<\/td>\n<\/tr>\n<tr style=\"height: 28px;\">\n<td style=\"height: 28px; width: 28.1667%;\">Hallmark<\/td>\n<td style=\"height: 28px; width: 71.6667%;\">Londra Tahlil Ofisi Taraf\u0131ndan Damgalanm\u0131\u015f 22 Ayar Alt\u0131n<\/td>\n<\/tr>\n<tr style=\"height: 28px;\">\n<td style=\"height: 28px; width: 28.1667%;\">\u00dccretler<\/td>\n<td style=\"height: 28px; width: 71.6667%;\">Teslimat ve KDV Dahil<\/td>\n<\/tr>\n<tr style=\"height: 28px;\">\n<td style=\"height: 28px; width: 28.1667%;\">Paketleme<\/td>\n<td style=\"height: 28px; width: 71.6667%;\">Sunum Kutusu ile Birlikte Gelir<\/td>\n<\/tr>\n<tr style=\"height: 84px;\">\n<td style=\"height: 84px; width: 28.1667%;\">Daha Fazla Bilgi<\/td>\n<td style=\"height: 84px; width: 71.6667%;\">\n<ul>\n<li>M\u00fcsaitlik durumu ve daha fazla resim i\u00e7in bizimle canl\u0131 sohbet edin<\/li>\n<li>Bizim ke\u015ffedin\u00a0<strong>alt\u0131n tak\u0131 seti<\/strong><\/li>\n<li>Tak\u0131lar\u0131n\u0131za \u015fu \u015fekilde stil verebilirsiniz<\/li>\n<li><strong>\u00c7ift Spiral Halka<\/strong><\/li>\n<li><strong>Badem \u00c7\u0131t\u00e7\u0131tlar<\/strong><\/li>\n<li><strong>Asimetri \u00c7\u0131t\u00e7\u0131tlar<\/strong><\/li>\n<\/ul>\n<\/td>\n<\/tr>\n<\/tbody>\n<\/table>","protected":false},"featured_media":365769,"comment_status":"closed","ping_status":"closed","template":"","meta":{"_eb_attr":"","_crsspst_to_jayantr4sg-hostcom":false},"product_brand":[],"product_cat":[5950,1782,1790,1229,1253,1656,5275,1778,1573,1574],"product_tag":[],"class_list":{"0":"post-371143","1":"product","2":"type-product","3":"status-publish","4":"has-post-thumbnail","6":"product_cat-bridal-necklace","7":"product_cat-choker-necklaces","8":"product_cat-for-whom-when","9":"product_cat-22ct-gold-jewellery","10":"product_cat-gold-necklaces","11":"product_cat-rosettes-collections","12":"product_cat-rosettes-necklace","13":"product_cat-short-necklaces","14":"product_cat-wedding-gifts","15":"product_cat-womens-jewellery","17":"first","18":"onbackorder","19":"taxable","20":"shipping-taxable","21":"product-type-simple","22":"add-to-wishlist-before_image"},"yoast_head":"<!-- This site is optimized with the Yoast SEO plugin v27.5 - https:\/\/yoast.com\/product\/yoast-seo-wordpress\/ -->\n<title>22ct Sunrise Gold Rosettes Choker Necklace | Purejewels UK<\/title>\n<meta name=\"description\" content=\"Discover the elegance of the 22ct Sunrise Gold Necklace from Purejewels. Crafted with exceptional purity and design, this piece adds a touch of elegance.\" \/>\n<meta name=\"robots\" content=\"index, follow, max-snippet:-1, max-image-preview:large, max-video-preview:-1\" \/>\n<link rel=\"canonical\" href=\"https:\/\/www.purejewels.com\/tr\/urun\/22-ayar-gundogumu-altin-gerdanlik-kolye-rozet-koleksiyonu-49407\/\" \/>\n<meta property=\"og:locale\" content=\"tr_TR\" \/>\n<meta property=\"og:type\" content=\"article\" \/>\n<meta property=\"og:title\" content=\"22ct Sunrise Gold Rosettes Choker Necklace | Purejewels UK\" \/>\n<meta property=\"og:description\" content=\"Discover the elegance of the 22ct Sunrise Gold Necklace from Purejewels. Crafted with exceptional purity and design, this piece adds a touch of elegance.\" \/>\n<meta property=\"og:url\" content=\"https:\/\/www.purejewels.com\/tr\/urun\/22-ayar-gundogumu-altin-gerdanlik-kolye-rozet-koleksiyonu-49407\/\" \/>\n<meta property=\"og:site_name\" content=\"PureJewels UK\" \/>\n<meta property=\"article:modified_time\" content=\"2026-04-07T08:34:15+00:00\" \/>\n<meta property=\"og:image\" content=\"https:\/\/static.purejewels.com\/wp-content\/uploads\/2024\/06\/44875-576x576.png\" \/>\n\t<meta property=\"og:image:width\" content=\"576\" \/>\n\t<meta property=\"og:image:height\" content=\"576\" \/>\n\t<meta property=\"og:image:type\" content=\"image\/png\" \/>\n<meta name=\"twitter:card\" content=\"summary_large_image\" \/>\n<meta name=\"twitter:label1\" content=\"Tahmini okuma s\u00fcresi\" \/>\n\t<meta name=\"twitter:data1\" content=\"1 dakika\" \/>\n<script type=\"application\/ld+json\" class=\"yoast-schema-graph\">{\"@context\":\"https:\\\/\\\/schema.org\",\"@graph\":[{\"@type\":[\"WebPage\",\"ItemPage\"],\"@id\":\"https:\\\/\\\/www.purejewels.com\\\/product\\\/22ct-sunrise-gold-choker-necklace-rosettes-collection-49407\\\/\",\"url\":\"https:\\\/\\\/www.purejewels.com\\\/product\\\/22ct-sunrise-gold-choker-necklace-rosettes-collection-49407\\\/\",\"name\":\"22ct Sunrise Gold Rosettes Choker Necklace | Purejewels UK\",\"isPartOf\":{\"@id\":\"https:\\\/\\\/www.purejewels.com\\\/#website\"},\"primaryImageOfPage\":{\"@id\":\"https:\\\/\\\/www.purejewels.com\\\/product\\\/22ct-sunrise-gold-choker-necklace-rosettes-collection-49407\\\/#primaryimage\"},\"image\":{\"@id\":\"https:\\\/\\\/www.purejewels.com\\\/product\\\/22ct-sunrise-gold-choker-necklace-rosettes-collection-49407\\\/#primaryimage\"},\"thumbnailUrl\":\"https:\\\/\\\/static.purejewels.com\\\/wp-content\\\/uploads\\\/2024\\\/06\\\/44875.png\",\"datePublished\":\"2024-09-05T06:57:19+00:00\",\"dateModified\":\"2026-04-07T08:34:15+00:00\",\"description\":\"Discover the elegance of the 22ct Sunrise Gold Necklace from Purejewels. Crafted with exceptional purity and design, this piece adds a touch of elegance.\",\"breadcrumb\":{\"@id\":\"https:\\\/\\\/www.purejewels.com\\\/product\\\/22ct-sunrise-gold-choker-necklace-rosettes-collection-49407\\\/#breadcrumb\"},\"inLanguage\":\"tr\",\"potentialAction\":[{\"@type\":\"ReadAction\",\"target\":[\"https:\\\/\\\/www.purejewels.com\\\/product\\\/22ct-sunrise-gold-choker-necklace-rosettes-collection-49407\\\/\"]}]},{\"@type\":\"ImageObject\",\"inLanguage\":\"tr\",\"@id\":\"https:\\\/\\\/www.purejewels.com\\\/product\\\/22ct-sunrise-gold-choker-necklace-rosettes-collection-49407\\\/#primaryimage\",\"url\":\"https:\\\/\\\/static.purejewels.com\\\/wp-content\\\/uploads\\\/2024\\\/06\\\/44875.png\",\"contentUrl\":\"https:\\\/\\\/static.purejewels.com\\\/wp-content\\\/uploads\\\/2024\\\/06\\\/44875.png\",\"width\":1000,\"height\":1000,\"caption\":\"22ct Gold Necklace\"},{\"@type\":\"BreadcrumbList\",\"@id\":\"https:\\\/\\\/www.purejewels.com\\\/product\\\/22ct-sunrise-gold-choker-necklace-rosettes-collection-49407\\\/#breadcrumb\",\"itemListElement\":[{\"@type\":\"ListItem\",\"position\":1,\"name\":\"Home\",\"item\":\"https:\\\/\\\/www.purejewels.com\\\/\"},{\"@type\":\"ListItem\",\"position\":2,\"name\":\"Shop\",\"item\":\"https:\\\/\\\/www.purejewels.com\\\/shop\\\/\"},{\"@type\":\"ListItem\",\"position\":3,\"name\":\"22ct Sunrise Gold Choker Necklace | Rosettes Collection\"}]},{\"@type\":\"WebSite\",\"@id\":\"https:\\\/\\\/www.purejewels.com\\\/#website\",\"url\":\"https:\\\/\\\/www.purejewels.com\\\/\",\"name\":\"PureJewels UK\",\"description\":\"Share the Love\",\"publisher\":{\"@id\":\"https:\\\/\\\/www.purejewels.com\\\/#organization\"},\"potentialAction\":[{\"@type\":\"SearchAction\",\"target\":{\"@type\":\"EntryPoint\",\"urlTemplate\":\"https:\\\/\\\/www.purejewels.com\\\/?s={search_term_string}\"},\"query-input\":{\"@type\":\"PropertyValueSpecification\",\"valueRequired\":true,\"valueName\":\"search_term_string\"}}],\"inLanguage\":\"tr\"},{\"@type\":\"Organization\",\"@id\":\"https:\\\/\\\/www.purejewels.com\\\/#organization\",\"name\":\"PureJewels UK\",\"url\":\"https:\\\/\\\/www.purejewels.com\\\/\",\"logo\":{\"@type\":\"ImageObject\",\"inLanguage\":\"tr\",\"@id\":\"https:\\\/\\\/www.purejewels.com\\\/#\\\/schema\\\/logo\\\/image\\\/\",\"url\":\"https:\\\/\\\/static.purejewels.com\\\/wp-content\\\/uploads\\\/2020\\\/11\\\/Logo-PJ-New-1.png\",\"contentUrl\":\"https:\\\/\\\/static.purejewels.com\\\/wp-content\\\/uploads\\\/2020\\\/11\\\/Logo-PJ-New-1.png\",\"width\":150,\"height\":80,\"caption\":\"PureJewels UK\"},\"image\":{\"@id\":\"https:\\\/\\\/www.purejewels.com\\\/#\\\/schema\\\/logo\\\/image\\\/\"}}]}<\/script>\n<!-- \/ Yoast SEO plugin. -->","yoast_head_json":{"title":"22ct Sunrise Alt\u0131n Rozetler Gerdanl\u0131k Kolye | Purejewels UK","description":"Purejewels'in 22 ayar Sunrise Alt\u0131n Kolyesinin zarafetini ke\u015ffedin. Ola\u011fan\u00fcst\u00fc safl\u0131k ve tasar\u0131mla \u00fcretilen bu par\u00e7a, zarafet dokunu\u015fu kat\u0131yor.","robots":{"index":"index","follow":"follow","max-snippet":"max-snippet:-1","max-image-preview":"max-image-preview:large","max-video-preview":"max-video-preview:-1"},"canonical":"https:\/\/www.purejewels.com\/tr\/urun\/22-ayar-gundogumu-altin-gerdanlik-kolye-rozet-koleksiyonu-49407\/","og_locale":"tr_TR","og_type":"article","og_title":"22ct Sunrise Gold Rosettes Choker Necklace | Purejewels UK","og_description":"Discover the elegance of the 22ct Sunrise Gold Necklace from Purejewels. Crafted with exceptional purity and design, this piece adds a touch of elegance.","og_url":"https:\/\/www.purejewels.com\/tr\/urun\/22-ayar-gundogumu-altin-gerdanlik-kolye-rozet-koleksiyonu-49407\/","og_site_name":"PureJewels UK","article_modified_time":"2026-04-07T08:34:15+00:00","og_image":[{"width":576,"height":576,"url":"https:\/\/static.purejewels.com\/wp-content\/uploads\/2024\/06\/44875-576x576.png","type":"image\/png"}],"twitter_card":"summary_large_image","twitter_misc":{"Tahmini okuma s\u00fcresi":"1 dakika"},"schema":{"@context":"https:\/\/schema.org","@graph":[{"@type":["WebPage","ItemPage"],"@id":"https:\/\/www.purejewels.com\/product\/22ct-sunrise-gold-choker-necklace-rosettes-collection-49407\/","url":"https:\/\/www.purejewels.com\/product\/22ct-sunrise-gold-choker-necklace-rosettes-collection-49407\/","name":"22ct Sunrise Alt\u0131n Rozetler Gerdanl\u0131k Kolye | Purejewels UK","isPartOf":{"@id":"https:\/\/www.purejewels.com\/#website"},"primaryImageOfPage":{"@id":"https:\/\/www.purejewels.com\/product\/22ct-sunrise-gold-choker-necklace-rosettes-collection-49407\/#primaryimage"},"image":{"@id":"https:\/\/www.purejewels.com\/product\/22ct-sunrise-gold-choker-necklace-rosettes-collection-49407\/#primaryimage"},"thumbnailUrl":"https:\/\/static.purejewels.com\/wp-content\/uploads\/2024\/06\/44875.png","datePublished":"2024-09-05T06:57:19+00:00","dateModified":"2026-04-07T08:34:15+00:00","description":"Purejewels'in 22 ayar Sunrise Alt\u0131n Kolyesinin zarafetini ke\u015ffedin. Ola\u011fan\u00fcst\u00fc safl\u0131k ve tasar\u0131mla \u00fcretilen bu par\u00e7a, zarafet dokunu\u015fu kat\u0131yor.","breadcrumb":{"@id":"https:\/\/www.purejewels.com\/product\/22ct-sunrise-gold-choker-necklace-rosettes-collection-49407\/#breadcrumb"},"inLanguage":"tr","potentialAction":[{"@type":"ReadAction","target":["https:\/\/www.purejewels.com\/product\/22ct-sunrise-gold-choker-necklace-rosettes-collection-49407\/"]}]},{"@type":"ImageObject","inLanguage":"tr","@id":"https:\/\/www.purejewels.com\/product\/22ct-sunrise-gold-choker-necklace-rosettes-collection-49407\/#primaryimage","url":"https:\/\/static.purejewels.com\/wp-content\/uploads\/2024\/06\/44875.png","contentUrl":"https:\/\/static.purejewels.com\/wp-content\/uploads\/2024\/06\/44875.png","width":1000,"height":1000,"caption":"22ct Gold Necklace"},{"@type":"BreadcrumbList","@id":"https:\/\/www.purejewels.com\/product\/22ct-sunrise-gold-choker-necklace-rosettes-collection-49407\/#breadcrumb","itemListElement":[{"@type":"ListItem","position":1,"name":"Home","item":"https:\/\/www.purejewels.com\/"},{"@type":"ListItem","position":2,"name":"Shop","item":"https:\/\/www.purejewels.com\/shop\/"},{"@type":"ListItem","position":3,"name":"22ct Sunrise Gold Choker Necklace | Rosettes Collection"}]},{"@type":"WebSite","@id":"https:\/\/www.purejewels.com\/#website","url":"https:\/\/www.purejewels.com\/","name":"PureJewels \u0130ngiltere","description":"Sevgiyi Payla\u015f\u0131n","publisher":{"@id":"https:\/\/www.purejewels.com\/#organization"},"potentialAction":[{"@type":"SearchAction","target":{"@type":"EntryPoint","urlTemplate":"https:\/\/www.purejewels.com\/?s={search_term_string}"},"query-input":{"@type":"PropertyValueSpecification","valueRequired":true,"valueName":"search_term_string"}}],"inLanguage":"tr"},{"@type":"Organization","@id":"https:\/\/www.purejewels.com\/#organization","name":"PureJewels \u0130ngiltere","url":"https:\/\/www.purejewels.com\/","logo":{"@type":"ImageObject","inLanguage":"tr","@id":"https:\/\/www.purejewels.com\/#\/schema\/logo\/image\/","url":"https:\/\/static.purejewels.com\/wp-content\/uploads\/2020\/11\/Logo-PJ-New-1.png","contentUrl":"https:\/\/static.purejewels.com\/wp-content\/uploads\/2020\/11\/Logo-PJ-New-1.png","width":150,"height":80,"caption":"PureJewels UK"},"image":{"@id":"https:\/\/www.purejewels.com\/#\/schema\/logo\/image\/"}}]}},"_links":{"self":[{"href":"https:\/\/www.purejewels.com\/tr\/wp-json\/wp\/v2\/product\/371143","targetHints":{"allow":["GET"]}}],"collection":[{"href":"https:\/\/www.purejewels.com\/tr\/wp-json\/wp\/v2\/product"}],"about":[{"href":"https:\/\/www.purejewels.com\/tr\/wp-json\/wp\/v2\/types\/product"}],"replies":[{"embeddable":true,"href":"https:\/\/www.purejewels.com\/tr\/wp-json\/wp\/v2\/comments?post=371143"}],"version-history":[{"count":3,"href":"https:\/\/www.purejewels.com\/tr\/wp-json\/wp\/v2\/product\/371143\/revisions"}],"predecessor-version":[{"id":420477,"href":"https:\/\/www.purejewels.com\/tr\/wp-json\/wp\/v2\/product\/371143\/revisions\/420477"}],"wp:featuredmedia":[{"embeddable":true,"href":"https:\/\/www.purejewels.com\/tr\/wp-json\/wp\/v2\/media\/365769"}],"wp:attachment":[{"href":"https:\/\/www.purejewels.com\/tr\/wp-json\/wp\/v2\/media?parent=371143"}],"wp:term":[{"taxonomy":"product_brand","embeddable":true,"href":"https:\/\/www.purejewels.com\/tr\/wp-json\/wp\/v2\/product_brand?post=371143"},{"taxonomy":"product_cat","embeddable":true,"href":"https:\/\/www.purejewels.com\/tr\/wp-json\/wp\/v2\/product_cat?post=371143"},{"taxonomy":"product_tag","embeddable":true,"href":"https:\/\/www.purejewels.com\/tr\/wp-json\/wp\/v2\/product_tag?post=371143"}],"curies":[{"name":"wp","href":"https:\/\/api.w.org\/{rel}","templated":true}]}}