{"id":3712,"date":"2017-07-19T13:17:59","date_gmt":"2017-07-19T13:17:59","guid":{"rendered":"http:\/\/new.purejewels.com\/product\/japan-400\/"},"modified":"2017-07-19T13:17:59","modified_gmt":"2017-07-19T13:17:59","slug":"japonya-400","status":"publish","type":"product","link":"https:\/\/www.purejewels.com\/tr\/product\/japan-400\/","title":{"rendered":"Japonya 400"},"content":{"rendered":"<p>2013 Japonya - Britanya \u0130li\u015fkilerinin 400. Y\u0131ld\u00f6n\u00fcm\u00fc Alt\u0131n prova sikke.<\/p>\n<p>G\u00fczelce bas\u0131lm\u0131\u015f <a href=\"https:\/\/www.purejewels.com\/tr\/product\/24ct-gold-minted-bar-in-5grm\/\">24 Ayar Alt\u0131n<\/a>Bu ilk madeni parada Shogun Tokugawa Ieyasu'nun portresi, Kral I. James ve EIC gemisi 'The Clove' ile birlikte ilk kez bir madeni para \u00fczerinde yer almaktad\u0131r. Sadece 400 adetle s\u0131n\u0131rl\u0131 olan bu nadir madeni para, bir\u00e7ok ba\u015far\u0131l\u0131 i\u015fbirli\u011fine ve d\u00fcnyan\u0131n iki z\u0131t ucundaki iki ulus aras\u0131nda dikkate de\u011fer bir dostlu\u011fa ilham verecek olan ke\u015fif ruhunun bir kan\u0131t\u0131d\u0131r.<\/p>","protected":false},"excerpt":{"rendered":"<p>2013 Japonya - Britanya \u0130li\u015fkilerinin 400. Y\u0131ld\u00f6n\u00fcm\u00fc Alt\u0131n prova sikke.<\/p>\n<p>24 ayar alt\u0131nla g\u00fczel bir \u015fekilde bas\u0131lan bu \"ilk\" madeni parada Shogun Tokugawa Ieyasu'nun portresinin yan\u0131 s\u0131ra Kral I. James ve EIC gemisi \"The Clove\" da yer almaktad\u0131r. Sadece 400 adetle s\u0131n\u0131rl\u0131 olan bu nadir madeni para, d\u00fcnyan\u0131n iki z\u0131t ucundaki iki ulus aras\u0131nda bir\u00e7ok ba\u015far\u0131l\u0131 i\u015fbirli\u011fine ve dikkate de\u011fer bir dostlu\u011fa ilham verecek olan ke\u015fif ruhunun bir kan\u0131t\u0131d\u0131r.<\/p>","protected":false},"featured_media":3713,"comment_status":"open","ping_status":"open","template":"","meta":{"_eb_attr":"","_crsspst_to_jayantr4sg-hostcom":false},"product_brand":[],"product_cat":[236],"product_tag":[],"class_list":{"0":"post-3712","1":"product","2":"type-product","3":"status-publish","4":"has-post-thumbnail","6":"product_cat-collections","8":"first","9":"outofstock","10":"taxable","11":"shipping-taxable","12":"product-type-simple","13":"add-to-wishlist-before_image"},"yoast_head":"<!-- This site is optimized with the Yoast SEO plugin v27.3 - https:\/\/yoast.com\/product\/yoast-seo-wordpress\/ -->\n<title>Japan 400 - PureJewels UK<\/title>\n<meta name=\"robots\" content=\"index, follow, max-snippet:-1, max-image-preview:large, max-video-preview:-1\" \/>\n<link rel=\"canonical\" href=\"https:\/\/www.purejewels.com\/tr\/urun\/japonya-400\/\" \/>\n<meta property=\"og:locale\" content=\"tr_TR\" \/>\n<meta property=\"og:type\" content=\"article\" \/>\n<meta property=\"og:title\" content=\"Japan 400 - PureJewels UK\" \/>\n<meta property=\"og:description\" content=\"2013 400th Anniversary of Japan - British Relations Gold proof coin.  Beautifully minted in 24ct Gold, this \u00e2\u0080\u0098coin-first\u00e2\u0080\u0099 features the portrait of Shogun Tokugawa Ieyasu for the very first time ever on a coin, alongside King James I and EIC ship &#039;The Clove&#039;. Strictly limited to just 400 pieces this rare coin is a testament to the spirit of discovery, which was to inspire many successful collaborations and a remarkable friendship between two nations on opposite sides of the world.\" \/>\n<meta property=\"og:url\" content=\"https:\/\/www.purejewels.com\/tr\/urun\/japonya-400\/\" \/>\n<meta property=\"og:site_name\" content=\"PureJewels UK\" \/>\n<meta property=\"og:image\" content=\"https:\/\/www.purejewels.com\/wp-content\/uploads\/2017\/07\/japanfront-2.png\" \/>\n\t<meta property=\"og:image:width\" content=\"1100\" \/>\n\t<meta property=\"og:image:height\" content=\"1100\" \/>\n\t<meta property=\"og:image:type\" content=\"image\/png\" \/>\n<meta name=\"twitter:card\" content=\"summary_large_image\" \/>\n<script type=\"application\/ld+json\" class=\"yoast-schema-graph\">{\"@context\":\"https:\\\/\\\/schema.org\",\"@graph\":[{\"@type\":[\"WebPage\",\"ItemPage\"],\"@id\":\"https:\\\/\\\/www.purejewels.com\\\/product\\\/japan-400\\\/\",\"url\":\"https:\\\/\\\/www.purejewels.com\\\/product\\\/japan-400\\\/\",\"name\":\"Japan 400 - PureJewels UK\",\"isPartOf\":{\"@id\":\"https:\\\/\\\/www.purejewels.com\\\/#website\"},\"primaryImageOfPage\":{\"@id\":\"https:\\\/\\\/www.purejewels.com\\\/product\\\/japan-400\\\/#primaryimage\"},\"image\":{\"@id\":\"https:\\\/\\\/www.purejewels.com\\\/product\\\/japan-400\\\/#primaryimage\"},\"thumbnailUrl\":\"https:\\\/\\\/static.purejewels.com\\\/wp-content\\\/uploads\\\/2017\\\/07\\\/japanfront-2.png\",\"datePublished\":\"2017-07-19T13:17:59+00:00\",\"breadcrumb\":{\"@id\":\"https:\\\/\\\/www.purejewels.com\\\/product\\\/japan-400\\\/#breadcrumb\"},\"inLanguage\":\"tr\",\"potentialAction\":[{\"@type\":\"ReadAction\",\"target\":[\"https:\\\/\\\/www.purejewels.com\\\/product\\\/japan-400\\\/\"]}]},{\"@type\":\"ImageObject\",\"inLanguage\":\"tr\",\"@id\":\"https:\\\/\\\/www.purejewels.com\\\/product\\\/japan-400\\\/#primaryimage\",\"url\":\"https:\\\/\\\/static.purejewels.com\\\/wp-content\\\/uploads\\\/2017\\\/07\\\/japanfront-2.png\",\"contentUrl\":\"https:\\\/\\\/static.purejewels.com\\\/wp-content\\\/uploads\\\/2017\\\/07\\\/japanfront-2.png\",\"width\":1100,\"height\":1100,\"caption\":\"japanfront.png\"},{\"@type\":\"BreadcrumbList\",\"@id\":\"https:\\\/\\\/www.purejewels.com\\\/product\\\/japan-400\\\/#breadcrumb\",\"itemListElement\":[{\"@type\":\"ListItem\",\"position\":1,\"name\":\"Home\",\"item\":\"https:\\\/\\\/www.purejewels.com\\\/\"},{\"@type\":\"ListItem\",\"position\":2,\"name\":\"Shop\",\"item\":\"https:\\\/\\\/www.purejewels.com\\\/shop\\\/\"},{\"@type\":\"ListItem\",\"position\":3,\"name\":\"Japan 400\"}]},{\"@type\":\"WebSite\",\"@id\":\"https:\\\/\\\/www.purejewels.com\\\/#website\",\"url\":\"https:\\\/\\\/www.purejewels.com\\\/\",\"name\":\"PureJewels UK\",\"description\":\"Share the Love\",\"publisher\":{\"@id\":\"https:\\\/\\\/www.purejewels.com\\\/#organization\"},\"potentialAction\":[{\"@type\":\"SearchAction\",\"target\":{\"@type\":\"EntryPoint\",\"urlTemplate\":\"https:\\\/\\\/www.purejewels.com\\\/?s={search_term_string}\"},\"query-input\":{\"@type\":\"PropertyValueSpecification\",\"valueRequired\":true,\"valueName\":\"search_term_string\"}}],\"inLanguage\":\"tr\"},{\"@type\":\"Organization\",\"@id\":\"https:\\\/\\\/www.purejewels.com\\\/#organization\",\"name\":\"PureJewels UK\",\"url\":\"https:\\\/\\\/www.purejewels.com\\\/\",\"logo\":{\"@type\":\"ImageObject\",\"inLanguage\":\"tr\",\"@id\":\"https:\\\/\\\/www.purejewels.com\\\/#\\\/schema\\\/logo\\\/image\\\/\",\"url\":\"https:\\\/\\\/static.purejewels.com\\\/wp-content\\\/uploads\\\/2020\\\/11\\\/Logo-PJ-New-1.png\",\"contentUrl\":\"https:\\\/\\\/static.purejewels.com\\\/wp-content\\\/uploads\\\/2020\\\/11\\\/Logo-PJ-New-1.png\",\"width\":150,\"height\":80,\"caption\":\"PureJewels UK\"},\"image\":{\"@id\":\"https:\\\/\\\/www.purejewels.com\\\/#\\\/schema\\\/logo\\\/image\\\/\"}}]}<\/script>\n<!-- \/ Yoast SEO plugin. -->","yoast_head_json":{"title":"Japonya 400 - PureJewels UK","robots":{"index":"index","follow":"follow","max-snippet":"max-snippet:-1","max-image-preview":"max-image-preview:large","max-video-preview":"max-video-preview:-1"},"canonical":"https:\/\/www.purejewels.com\/tr\/urun\/japonya-400\/","og_locale":"tr_TR","og_type":"article","og_title":"Japan 400 - PureJewels UK","og_description":"2013 400th Anniversary of Japan - British Relations Gold proof coin.  Beautifully minted in 24ct Gold, this \u00e2\u0080\u0098coin-first\u00e2\u0080\u0099 features the portrait of Shogun Tokugawa Ieyasu for the very first time ever on a coin, alongside King James I and EIC ship 'The Clove'. Strictly limited to just 400 pieces this rare coin is a testament to the spirit of discovery, which was to inspire many successful collaborations and a remarkable friendship between two nations on opposite sides of the world.","og_url":"https:\/\/www.purejewels.com\/tr\/urun\/japonya-400\/","og_site_name":"PureJewels UK","og_image":[{"width":1100,"height":1100,"url":"https:\/\/www.purejewels.com\/wp-content\/uploads\/2017\/07\/japanfront-2.png","type":"image\/png"}],"twitter_card":"summary_large_image","schema":{"@context":"https:\/\/schema.org","@graph":[{"@type":["WebPage","ItemPage"],"@id":"https:\/\/www.purejewels.com\/product\/japan-400\/","url":"https:\/\/www.purejewels.com\/product\/japan-400\/","name":"Japonya 400 - PureJewels UK","isPartOf":{"@id":"https:\/\/www.purejewels.com\/#website"},"primaryImageOfPage":{"@id":"https:\/\/www.purejewels.com\/product\/japan-400\/#primaryimage"},"image":{"@id":"https:\/\/www.purejewels.com\/product\/japan-400\/#primaryimage"},"thumbnailUrl":"https:\/\/static.purejewels.com\/wp-content\/uploads\/2017\/07\/japanfront-2.png","datePublished":"2017-07-19T13:17:59+00:00","breadcrumb":{"@id":"https:\/\/www.purejewels.com\/product\/japan-400\/#breadcrumb"},"inLanguage":"tr","potentialAction":[{"@type":"ReadAction","target":["https:\/\/www.purejewels.com\/product\/japan-400\/"]}]},{"@type":"ImageObject","inLanguage":"tr","@id":"https:\/\/www.purejewels.com\/product\/japan-400\/#primaryimage","url":"https:\/\/static.purejewels.com\/wp-content\/uploads\/2017\/07\/japanfront-2.png","contentUrl":"https:\/\/static.purejewels.com\/wp-content\/uploads\/2017\/07\/japanfront-2.png","width":1100,"height":1100,"caption":"japanfront.png"},{"@type":"BreadcrumbList","@id":"https:\/\/www.purejewels.com\/product\/japan-400\/#breadcrumb","itemListElement":[{"@type":"ListItem","position":1,"name":"Home","item":"https:\/\/www.purejewels.com\/"},{"@type":"ListItem","position":2,"name":"Shop","item":"https:\/\/www.purejewels.com\/shop\/"},{"@type":"ListItem","position":3,"name":"Japan 400"}]},{"@type":"WebSite","@id":"https:\/\/www.purejewels.com\/#website","url":"https:\/\/www.purejewels.com\/","name":"PureJewels \u0130ngiltere","description":"Sevgiyi Payla\u015f\u0131n","publisher":{"@id":"https:\/\/www.purejewels.com\/#organization"},"potentialAction":[{"@type":"SearchAction","target":{"@type":"EntryPoint","urlTemplate":"https:\/\/www.purejewels.com\/?s={search_term_string}"},"query-input":{"@type":"PropertyValueSpecification","valueRequired":true,"valueName":"search_term_string"}}],"inLanguage":"tr"},{"@type":"Organization","@id":"https:\/\/www.purejewels.com\/#organization","name":"PureJewels \u0130ngiltere","url":"https:\/\/www.purejewels.com\/","logo":{"@type":"ImageObject","inLanguage":"tr","@id":"https:\/\/www.purejewels.com\/#\/schema\/logo\/image\/","url":"https:\/\/static.purejewels.com\/wp-content\/uploads\/2020\/11\/Logo-PJ-New-1.png","contentUrl":"https:\/\/static.purejewels.com\/wp-content\/uploads\/2020\/11\/Logo-PJ-New-1.png","width":150,"height":80,"caption":"PureJewels UK"},"image":{"@id":"https:\/\/www.purejewels.com\/#\/schema\/logo\/image\/"}}]}},"_links":{"self":[{"href":"https:\/\/www.purejewels.com\/tr\/wp-json\/wp\/v2\/product\/3712","targetHints":{"allow":["GET"]}}],"collection":[{"href":"https:\/\/www.purejewels.com\/tr\/wp-json\/wp\/v2\/product"}],"about":[{"href":"https:\/\/www.purejewels.com\/tr\/wp-json\/wp\/v2\/types\/product"}],"replies":[{"embeddable":true,"href":"https:\/\/www.purejewels.com\/tr\/wp-json\/wp\/v2\/comments?post=3712"}],"version-history":[{"count":0,"href":"https:\/\/www.purejewels.com\/tr\/wp-json\/wp\/v2\/product\/3712\/revisions"}],"wp:featuredmedia":[{"embeddable":true,"href":"https:\/\/www.purejewels.com\/tr\/wp-json\/wp\/v2\/media\/3713"}],"wp:attachment":[{"href":"https:\/\/www.purejewels.com\/tr\/wp-json\/wp\/v2\/media?parent=3712"}],"wp:term":[{"taxonomy":"product_brand","embeddable":true,"href":"https:\/\/www.purejewels.com\/tr\/wp-json\/wp\/v2\/product_brand?post=3712"},{"taxonomy":"product_cat","embeddable":true,"href":"https:\/\/www.purejewels.com\/tr\/wp-json\/wp\/v2\/product_cat?post=3712"},{"taxonomy":"product_tag","embeddable":true,"href":"https:\/\/www.purejewels.com\/tr\/wp-json\/wp\/v2\/product_tag?post=3712"}],"curies":[{"name":"wp","href":"https:\/\/api.w.org\/{rel}","templated":true}]}}