{"id":372057,"date":"2024-11-21T09:57:18","date_gmt":"2024-11-21T09:57:18","guid":{"rendered":"https:\/\/www.purejewels.com\/?post_type=product&#038;p=372057"},"modified":"2026-02-24T04:25:29","modified_gmt":"2026-02-24T04:25:29","slug":"rozet-koleksiyonu-icin-22-ayar-altin-bileklik-beden-2-3-48859","status":"publish","type":"product","link":"https:\/\/www.purejewels.com\/tr\/product\/22ct-gold-bangle-for-her-rosette-collection-size-2-3-48859\/","title":{"rendered":"22 Ayar Alt\u0131n Bileklik | Rozet Koleksiyonu | 2.3 Beden"},"content":{"rendered":"<p data-sourcepos=\"5:1-5:246\">Detaylara titizlikle \u00f6zen g\u00f6sterilerek haz\u0131rlanan bu \u00e7arp\u0131c\u0131 bileklik, sofistike ve zarafet yans\u0131tan karma\u015f\u0131k rozet motiflerine sahiptir. Saf <a href=\"https:\/\/www.purejewels.com\/tr\/product\/22ct-gold-jali-filigree-ring-jali-collection-31926\/\">22ct<\/a> Alt\u0131n, parlakl\u0131\u011f\u0131n\u0131 ve dayan\u0131kl\u0131l\u0131\u011f\u0131n\u0131 garanti ederek onu nesiller boyu sevilen bir yadig\u00e2r haline getirir.<\/p>\n<p data-sourcepos=\"7:1-7:147\">Her k\u0131yafeti tamamlamak i\u00e7in tasarlanan bu \u00e7ok y\u00f6nl\u00fc bileklik, g\u00fcnl\u00fck g\u00f6r\u00fcn\u00fcm\u00fcn\u00fcze l\u00fcks bir dokunu\u015f katar veya \u00f6zel g\u00fcnler i\u00e7in tarz\u0131n\u0131z\u0131 y\u00fckseltir. Rahat 2,3 boyutu \u00e7o\u011fu bile\u011fe m\u00fckemmel uyum sa\u011flayarak gurur verici ve g\u00fcvenli bir oturu\u015f sa\u011flar.<\/p>\n<p data-sourcepos=\"9:1-9:165\">Bu \u015faheser ile m\u00fccevher koleksiyonunuzu y\u00fckseltin <a href=\"https:\/\/www.purejewels.com\/tr\/a-guide-to-die-stamping\/\">zanaatkarl\u0131k<\/a>. Zarafet ve inceli\u011fi b\u00fcnyesinde bar\u0131nd\u0131ran, ger\u00e7ekten istisnai bir par\u00e7aya sahip olman\u0131n keyfini ya\u015fay\u0131n. Sat\u0131n alma\u00a0 <a href=\"https:\/\/www.purejewels.com\/tr\/diwali-gifts\/\">diwali i\u00e7in m\u00fccevherler<\/a> ve t\u00fcm \u00f6zel g\u00fcnlerde.<\/p>\n<div class=\"container\"><\/div>\n<p data-sourcepos=\"11:1-11:23\">","protected":false},"excerpt":{"rendered":"<p>Rosette koleksiyonumuzdan bu bileklik, 22 ayar g\u00fcndo\u011fumu alt\u0131n\u0131ndan kal\u0131p bask\u0131 kullan\u0131larak el i\u015f\u00e7ili\u011fiyle \u00fcretilmi\u015ftir ve zamans\u0131z zarafeti vintage i\u015f\u00e7ilikle birle\u015ftiren karma\u015f\u0131k tasar\u0131mlara sahiptir.<\/p>\n<p><strong>Malzeme:<\/strong> 22 Ayar G\u00fcndo\u011fumu Alt\u0131n<br \/>\n<strong>Safl\u0131k:<\/strong> 91.6% saf alt\u0131n<br \/>\n<strong>Hallmark:<\/strong> \u0130ngiliz Damgas\u0131<br \/>\n<strong>SKU:<\/strong> 48859, 48694<br \/>\n<strong>A\u011f\u0131rl\u0131k:<\/strong> 14,3 Gms<br \/>\n<strong>Boyut<\/strong> 2.3<br \/>\n<strong>Ek Bilgi:<\/strong> Ek boyutlar i\u00e7in bizimle ileti\u015fime ge\u00e7in.<\/p>\n<p><strong>Fiyat ve Teslimat:<\/strong>\u00a0KDV ve teslimat \u00fccretleri dahil<br \/>\n<a href=\"https:\/\/www.purejewels.com\/tr\/i%cc%87ade-poli%cc%87ti%cc%87kasi\/\"><strong>\u0130ade Politikas\u0131<\/strong><\/a><\/p>","protected":false},"featured_media":337761,"comment_status":"closed","ping_status":"closed","template":"","meta":{"_eb_attr":"","_crsspst_to_jayantr4sg-hostcom":false},"product_brand":[],"product_cat":[1233,1229,5271,5273,1656],"product_tag":[],"class_list":{"0":"post-372057","1":"product","2":"type-product","3":"status-publish","4":"has-post-thumbnail","6":"product_cat-gold-bangles","7":"product_cat-22ct-gold-jewellery","8":"product_cat-occasion-wear-bangles","9":"product_cat-22ct-gold-poncha-bracelet","10":"product_cat-rosettes-collections","12":"first","13":"onbackorder","14":"taxable","15":"shipping-taxable","16":"product-type-simple","17":"add-to-wishlist-before_image"},"yoast_head":"<!-- This site is optimized with the Yoast SEO plugin v27.6 - https:\/\/yoast.com\/product\/yoast-seo-wordpress\/ -->\n<title>22ct Gold Bangle Size 2.3 | Rosettes Collection for Women<\/title>\n<meta name=\"description\" content=\"Discover timeless elegance with our 22ct Gold Bangle from the Rosettes Collection. Find your perfect fit with size 2.3. Shop now!\" \/>\n<meta name=\"robots\" content=\"index, follow, max-snippet:-1, max-image-preview:large, max-video-preview:-1\" \/>\n<link rel=\"canonical\" href=\"https:\/\/www.purejewels.com\/tr\/urun\/rozet-koleksiyonu-icin-22-ayar-altin-bileklik-beden-2-3-48859\/\" \/>\n<meta property=\"og:locale\" content=\"tr_TR\" \/>\n<meta property=\"og:type\" content=\"article\" \/>\n<meta property=\"og:title\" content=\"22ct Gold Bangle Size 2.3 | Rosettes Collection for Women\" \/>\n<meta property=\"og:description\" content=\"Discover timeless elegance with our 22ct Gold Bangle from the Rosettes Collection. Find your perfect fit with size 2.3. Shop now!\" \/>\n<meta property=\"og:url\" content=\"https:\/\/www.purejewels.com\/tr\/urun\/rozet-koleksiyonu-icin-22-ayar-altin-bileklik-beden-2-3-48859\/\" \/>\n<meta property=\"og:site_name\" content=\"PureJewels UK\" \/>\n<meta property=\"article:modified_time\" content=\"2026-02-24T04:25:29+00:00\" \/>\n<meta property=\"og:image\" content=\"https:\/\/static.purejewels.com\/wp-content\/uploads\/2022\/07\/41588-41587-41590-41586-41589-1.jpg\" \/>\n\t<meta property=\"og:image:width\" content=\"1000\" \/>\n\t<meta property=\"og:image:height\" content=\"1000\" \/>\n\t<meta property=\"og:image:type\" content=\"image\/jpeg\" \/>\n<meta name=\"twitter:card\" content=\"summary_large_image\" \/>\n<meta name=\"twitter:label1\" content=\"Tahmini okuma s\u00fcresi\" \/>\n\t<meta name=\"twitter:data1\" content=\"1 dakika\" \/>\n<script type=\"application\/ld+json\" class=\"yoast-schema-graph\">{\"@context\":\"https:\\\/\\\/schema.org\",\"@graph\":[{\"@type\":[\"WebPage\",\"ItemPage\"],\"@id\":\"https:\\\/\\\/www.purejewels.com\\\/product\\\/22ct-gold-bangle-for-her-rosette-collection-size-2-3-48859\\\/\",\"url\":\"https:\\\/\\\/www.purejewels.com\\\/product\\\/22ct-gold-bangle-for-her-rosette-collection-size-2-3-48859\\\/\",\"name\":\"22ct Gold Bangle Size 2.3 | Rosettes Collection for Women\",\"isPartOf\":{\"@id\":\"https:\\\/\\\/www.purejewels.com\\\/#website\"},\"primaryImageOfPage\":{\"@id\":\"https:\\\/\\\/www.purejewels.com\\\/product\\\/22ct-gold-bangle-for-her-rosette-collection-size-2-3-48859\\\/#primaryimage\"},\"image\":{\"@id\":\"https:\\\/\\\/www.purejewels.com\\\/product\\\/22ct-gold-bangle-for-her-rosette-collection-size-2-3-48859\\\/#primaryimage\"},\"thumbnailUrl\":\"https:\\\/\\\/static.purejewels.com\\\/wp-content\\\/uploads\\\/2022\\\/07\\\/41588-41587-41590-41586-41589-1.jpg\",\"datePublished\":\"2024-11-21T09:57:18+00:00\",\"dateModified\":\"2026-02-24T04:25:29+00:00\",\"description\":\"Discover timeless elegance with our 22ct Gold Bangle from the Rosettes Collection. Find your perfect fit with size 2.3. Shop now!\",\"breadcrumb\":{\"@id\":\"https:\\\/\\\/www.purejewels.com\\\/product\\\/22ct-gold-bangle-for-her-rosette-collection-size-2-3-48859\\\/#breadcrumb\"},\"inLanguage\":\"tr\",\"potentialAction\":[{\"@type\":\"ReadAction\",\"target\":[\"https:\\\/\\\/www.purejewels.com\\\/product\\\/22ct-gold-bangle-for-her-rosette-collection-size-2-3-48859\\\/\"]}]},{\"@type\":\"ImageObject\",\"inLanguage\":\"tr\",\"@id\":\"https:\\\/\\\/www.purejewels.com\\\/product\\\/22ct-gold-bangle-for-her-rosette-collection-size-2-3-48859\\\/#primaryimage\",\"url\":\"https:\\\/\\\/static.purejewels.com\\\/wp-content\\\/uploads\\\/2022\\\/07\\\/41588-41587-41590-41586-41589-1.jpg\",\"contentUrl\":\"https:\\\/\\\/static.purejewels.com\\\/wp-content\\\/uploads\\\/2022\\\/07\\\/41588-41587-41590-41586-41589-1.jpg\",\"width\":1000,\"height\":1000},{\"@type\":\"BreadcrumbList\",\"@id\":\"https:\\\/\\\/www.purejewels.com\\\/product\\\/22ct-gold-bangle-for-her-rosette-collection-size-2-3-48859\\\/#breadcrumb\",\"itemListElement\":[{\"@type\":\"ListItem\",\"position\":1,\"name\":\"Home\",\"item\":\"https:\\\/\\\/www.purejewels.com\\\/\"},{\"@type\":\"ListItem\",\"position\":2,\"name\":\"Shop\",\"item\":\"https:\\\/\\\/www.purejewels.com\\\/shop\\\/\"},{\"@type\":\"ListItem\",\"position\":3,\"name\":\"22ct Gold Bangle | Rosette Collection | Size 2.3\"}]},{\"@type\":\"WebSite\",\"@id\":\"https:\\\/\\\/www.purejewels.com\\\/#website\",\"url\":\"https:\\\/\\\/www.purejewels.com\\\/\",\"name\":\"PureJewels UK\",\"description\":\"Share the Love\",\"publisher\":{\"@id\":\"https:\\\/\\\/www.purejewels.com\\\/#organization\"},\"potentialAction\":[{\"@type\":\"SearchAction\",\"target\":{\"@type\":\"EntryPoint\",\"urlTemplate\":\"https:\\\/\\\/www.purejewels.com\\\/?s={search_term_string}\"},\"query-input\":{\"@type\":\"PropertyValueSpecification\",\"valueRequired\":true,\"valueName\":\"search_term_string\"}}],\"inLanguage\":\"tr\"},{\"@type\":\"Organization\",\"@id\":\"https:\\\/\\\/www.purejewels.com\\\/#organization\",\"name\":\"PureJewels UK\",\"url\":\"https:\\\/\\\/www.purejewels.com\\\/\",\"logo\":{\"@type\":\"ImageObject\",\"inLanguage\":\"tr\",\"@id\":\"https:\\\/\\\/www.purejewels.com\\\/#\\\/schema\\\/logo\\\/image\\\/\",\"url\":\"https:\\\/\\\/static.purejewels.com\\\/wp-content\\\/uploads\\\/2020\\\/11\\\/Logo-PJ-New-1.png\",\"contentUrl\":\"https:\\\/\\\/static.purejewels.com\\\/wp-content\\\/uploads\\\/2020\\\/11\\\/Logo-PJ-New-1.png\",\"width\":150,\"height\":80,\"caption\":\"PureJewels UK\"},\"image\":{\"@id\":\"https:\\\/\\\/www.purejewels.com\\\/#\\\/schema\\\/logo\\\/image\\\/\"}}]}<\/script>\n<!-- \/ Yoast SEO plugin. -->","yoast_head_json":{"title":"22 Ayar Alt\u0131n Bileklik 2.3 Beden | Kad\u0131nlar i\u00e7in Rozet Koleksiyonu","description":"Rozetler Koleksiyonu'ndan 22 Ayar Alt\u0131n Bilekli\u011fimizle zamans\u0131z \u015f\u0131kl\u0131\u011f\u0131 ke\u015ffedin. M\u00fckemmel uyumunuzu 2,3 beden ile bulun. \u015eimdi al\u0131\u015fveri\u015f yap\u0131n!","robots":{"index":"index","follow":"follow","max-snippet":"max-snippet:-1","max-image-preview":"max-image-preview:large","max-video-preview":"max-video-preview:-1"},"canonical":"https:\/\/www.purejewels.com\/tr\/urun\/rozet-koleksiyonu-icin-22-ayar-altin-bileklik-beden-2-3-48859\/","og_locale":"tr_TR","og_type":"article","og_title":"22ct Gold Bangle Size 2.3 | Rosettes Collection for Women","og_description":"Discover timeless elegance with our 22ct Gold Bangle from the Rosettes Collection. Find your perfect fit with size 2.3. Shop now!","og_url":"https:\/\/www.purejewels.com\/tr\/urun\/rozet-koleksiyonu-icin-22-ayar-altin-bileklik-beden-2-3-48859\/","og_site_name":"PureJewels UK","article_modified_time":"2026-02-24T04:25:29+00:00","og_image":[{"width":1000,"height":1000,"url":"https:\/\/static.purejewels.com\/wp-content\/uploads\/2022\/07\/41588-41587-41590-41586-41589-1.jpg","type":"image\/jpeg"}],"twitter_card":"summary_large_image","twitter_misc":{"Tahmini okuma s\u00fcresi":"1 dakika"},"schema":{"@context":"https:\/\/schema.org","@graph":[{"@type":["WebPage","ItemPage"],"@id":"https:\/\/www.purejewels.com\/product\/22ct-gold-bangle-for-her-rosette-collection-size-2-3-48859\/","url":"https:\/\/www.purejewels.com\/product\/22ct-gold-bangle-for-her-rosette-collection-size-2-3-48859\/","name":"22 Ayar Alt\u0131n Bileklik 2.3 Beden | Kad\u0131nlar i\u00e7in Rozet Koleksiyonu","isPartOf":{"@id":"https:\/\/www.purejewels.com\/#website"},"primaryImageOfPage":{"@id":"https:\/\/www.purejewels.com\/product\/22ct-gold-bangle-for-her-rosette-collection-size-2-3-48859\/#primaryimage"},"image":{"@id":"https:\/\/www.purejewels.com\/product\/22ct-gold-bangle-for-her-rosette-collection-size-2-3-48859\/#primaryimage"},"thumbnailUrl":"https:\/\/static.purejewels.com\/wp-content\/uploads\/2022\/07\/41588-41587-41590-41586-41589-1.jpg","datePublished":"2024-11-21T09:57:18+00:00","dateModified":"2026-02-24T04:25:29+00:00","description":"Rozetler Koleksiyonu'ndan 22 Ayar Alt\u0131n Bilekli\u011fimizle zamans\u0131z \u015f\u0131kl\u0131\u011f\u0131 ke\u015ffedin. M\u00fckemmel uyumunuzu 2,3 beden ile bulun. \u015eimdi al\u0131\u015fveri\u015f yap\u0131n!","breadcrumb":{"@id":"https:\/\/www.purejewels.com\/product\/22ct-gold-bangle-for-her-rosette-collection-size-2-3-48859\/#breadcrumb"},"inLanguage":"tr","potentialAction":[{"@type":"ReadAction","target":["https:\/\/www.purejewels.com\/product\/22ct-gold-bangle-for-her-rosette-collection-size-2-3-48859\/"]}]},{"@type":"ImageObject","inLanguage":"tr","@id":"https:\/\/www.purejewels.com\/product\/22ct-gold-bangle-for-her-rosette-collection-size-2-3-48859\/#primaryimage","url":"https:\/\/static.purejewels.com\/wp-content\/uploads\/2022\/07\/41588-41587-41590-41586-41589-1.jpg","contentUrl":"https:\/\/static.purejewels.com\/wp-content\/uploads\/2022\/07\/41588-41587-41590-41586-41589-1.jpg","width":1000,"height":1000},{"@type":"BreadcrumbList","@id":"https:\/\/www.purejewels.com\/product\/22ct-gold-bangle-for-her-rosette-collection-size-2-3-48859\/#breadcrumb","itemListElement":[{"@type":"ListItem","position":1,"name":"Home","item":"https:\/\/www.purejewels.com\/"},{"@type":"ListItem","position":2,"name":"Shop","item":"https:\/\/www.purejewels.com\/shop\/"},{"@type":"ListItem","position":3,"name":"22ct Gold Bangle | Rosette Collection | Size 2.3"}]},{"@type":"WebSite","@id":"https:\/\/www.purejewels.com\/#website","url":"https:\/\/www.purejewels.com\/","name":"PureJewels \u0130ngiltere","description":"Sevgiyi Payla\u015f\u0131n","publisher":{"@id":"https:\/\/www.purejewels.com\/#organization"},"potentialAction":[{"@type":"SearchAction","target":{"@type":"EntryPoint","urlTemplate":"https:\/\/www.purejewels.com\/?s={search_term_string}"},"query-input":{"@type":"PropertyValueSpecification","valueRequired":true,"valueName":"search_term_string"}}],"inLanguage":"tr"},{"@type":"Organization","@id":"https:\/\/www.purejewels.com\/#organization","name":"PureJewels \u0130ngiltere","url":"https:\/\/www.purejewels.com\/","logo":{"@type":"ImageObject","inLanguage":"tr","@id":"https:\/\/www.purejewels.com\/#\/schema\/logo\/image\/","url":"https:\/\/static.purejewels.com\/wp-content\/uploads\/2020\/11\/Logo-PJ-New-1.png","contentUrl":"https:\/\/static.purejewels.com\/wp-content\/uploads\/2020\/11\/Logo-PJ-New-1.png","width":150,"height":80,"caption":"PureJewels UK"},"image":{"@id":"https:\/\/www.purejewels.com\/#\/schema\/logo\/image\/"}}]}},"_links":{"self":[{"href":"https:\/\/www.purejewels.com\/tr\/wp-json\/wp\/v2\/product\/372057","targetHints":{"allow":["GET"]}}],"collection":[{"href":"https:\/\/www.purejewels.com\/tr\/wp-json\/wp\/v2\/product"}],"about":[{"href":"https:\/\/www.purejewels.com\/tr\/wp-json\/wp\/v2\/types\/product"}],"replies":[{"embeddable":true,"href":"https:\/\/www.purejewels.com\/tr\/wp-json\/wp\/v2\/comments?post=372057"}],"version-history":[{"count":5,"href":"https:\/\/www.purejewels.com\/tr\/wp-json\/wp\/v2\/product\/372057\/revisions"}],"predecessor-version":[{"id":398284,"href":"https:\/\/www.purejewels.com\/tr\/wp-json\/wp\/v2\/product\/372057\/revisions\/398284"}],"wp:featuredmedia":[{"embeddable":true,"href":"https:\/\/www.purejewels.com\/tr\/wp-json\/wp\/v2\/media\/337761"}],"wp:attachment":[{"href":"https:\/\/www.purejewels.com\/tr\/wp-json\/wp\/v2\/media?parent=372057"}],"wp:term":[{"taxonomy":"product_brand","embeddable":true,"href":"https:\/\/www.purejewels.com\/tr\/wp-json\/wp\/v2\/product_brand?post=372057"},{"taxonomy":"product_cat","embeddable":true,"href":"https:\/\/www.purejewels.com\/tr\/wp-json\/wp\/v2\/product_cat?post=372057"},{"taxonomy":"product_tag","embeddable":true,"href":"https:\/\/www.purejewels.com\/tr\/wp-json\/wp\/v2\/product_tag?post=372057"}],"curies":[{"name":"wp","href":"https:\/\/api.w.org\/{rel}","templated":true}]}}