{"id":372133,"date":"2025-03-31T10:53:26","date_gmt":"2025-03-31T09:53:26","guid":{"rendered":"https:\/\/www.purejewels.com\/?post_type=product&#038;p=372133"},"modified":"2026-02-10T11:41:17","modified_gmt":"2026-02-10T11:41:17","slug":"jumkha-51421-i%cc%87le-hi%cc%87nt-altin-halka-kupeler","status":"publish","type":"product","link":"https:\/\/www.purejewels.com\/tr\/product\/indian-gold-hoop-earrings-with-jumkha-51421\/","title":{"rendered":"Jumkha ile Hint Alt\u0131n Halka K\u00fcpeler"},"content":{"rendered":"<p data-sourcepos=\"3:1-3:114\"><strong>Enfes g\u00fczelli\u011fini ke\u015ffedin <a href=\"https:\/\/www.purejewels.com\/tr\/product\/indian-gold-hoop-earrings-49204\/\">Hint Alt\u0131n Halka K\u00fcpeler<\/a> ile <a href=\"https:\/\/www.purejewels.com\/tr\/product\/gold-jumkha-earrings-2\/\">Jumkha<\/a>.<\/strong> Karma\u015f\u0131k tasar\u0131mlar ve canl\u0131 renklerle bezenmi\u015f bu el yap\u0131m\u0131 par\u00e7alar <a href=\"https:\/\/www.purejewels.com\/tr\/all-about-birthstones\/\">de\u011ferli ta\u015flar<\/a>geleneksel ve \u00e7a\u011fda\u015f tarz\u0131n m\u00fckemmel bir kar\u0131\u015f\u0131m\u0131d\u0131r.<\/p>\n<p data-sourcepos=\"5:1-5:17\"><strong>Temel \u00d6zellikler:<\/strong><\/p>\n<ul data-sourcepos=\"7:1-7:42\">\n<li data-sourcepos=\"7:1-7:42\"><strong>Saf alt\u0131n:<\/strong> Y\u00fcksek kaliteli malzemeden \u00fcretilmi\u015ftir <a href=\"https:\/\/www.purejewels.com\/tr\/product\/22ct-gold-jali-filigree-ring-jali-collection-31926\/\">22ct<\/a> alt\u0131n, dayan\u0131kl\u0131l\u0131k ve parlakl\u0131k sa\u011flar.<\/li>\n<li data-sourcepos=\"8:1-8:90\"><strong>Jumkha Charm:<\/strong> E\u015fsiz jumkha, zarafet ve sofistike bir dokunu\u015f katar.<\/li>\n<\/ul>\n<p data-sourcepos=\"13:1-13:16\"><strong>\u015eunun i\u00e7in m\u00fckemmel:<\/strong><\/p>\n<ul data-sourcepos=\"15:1-18:0\">\n<li data-sourcepos=\"15:1-15:63\"><strong>\u00d6zel G\u00fcnler:<\/strong> D\u00fc\u011f\u00fcnler, festivaller ve kutlamalar.<\/li>\n<li data-sourcepos=\"16:1-16:64\"><strong>G\u00fcnl\u00fck Giyim:<\/strong> G\u00fcnl\u00fck g\u00f6r\u00fcn\u00fcm\u00fcn\u00fcze \u015f\u0131k bir dokunu\u015f kat\u0131n.<\/li>\n<li data-sourcepos=\"17:1-18:0\"><strong>Hediye vermek:<\/strong> Sevdikleriniz i\u00e7in d\u00fc\u015f\u00fcnceli ve zamans\u0131z bir hediye.<\/li>\n<\/ul>\n<p data-sourcepos=\"19:1-19:107\"><strong>T\u00fcrkiye'nin g\u00fczelli\u011fini ve gelene\u011fini deneyimleyin <a href=\"https:\/\/www.purejewels.com\/tr\/contact\/\">Hint m\u00fccevherleri<\/a> \u00e7arp\u0131c\u0131 tasar\u0131m\u0131m\u0131zla <a href=\"https:\/\/www.purejewels.com\/tr\/product\/timeless-classics-gold-hoop-earring-41672\/\">Alt\u0131n Halka K\u00fcpeler<\/a> Jumkha ile.<\/strong><\/p>","protected":false},"excerpt":{"rendered":"<div class=\"woocommerce-product-details__short-description\">\n<table class=\"sh_desc\">\n<tbody>\n<tr>\n<td>K\u00fcpe T\u00fcr\u00fc<\/td>\n<td>Jumkha ile Halka K\u00fcpe<\/td>\n<\/tr>\n<tr>\n<td>SKU<\/td>\n<td>51421<\/td>\n<\/tr>\n<tr>\n<td>\u00c7ap<\/td>\n<td>42mm<\/td>\n<\/tr>\n<tr>\n<td>A\u011f\u0131rl\u0131k<\/td>\n<td>11.5 Gms<\/td>\n<\/tr>\n<tr>\n<td>Metal<\/td>\n<td>22 Ayar Alt\u0131n<\/td>\n<\/tr>\n<tr>\n<td>\u00dccretler<\/td>\n<td>Teslimat ve KDV Dahil<\/td>\n<\/tr>\n<tr>\n<td>Paketleme<\/td>\n<td>Sunum Kutusu ile Birlikte Gelir<\/td>\n<\/tr>\n<tr>\n<td>Daha Fazla Bilgi<\/td>\n<td>M\u00fcsaitlik durumu ve daha fazla resim i\u00e7in bizimle canl\u0131 sohbet edin<\/td>\n<\/tr>\n<\/tbody>\n<\/table>\n<\/div>\n<div class=\"btn-atc atc-slide\"><\/div>\n<div class=\"product_meta\"><\/div>","protected":false},"featured_media":372530,"comment_status":"closed","ping_status":"closed","template":"","meta":{"_eb_attr":"","_crsspst_to_jayantr4sg-hostcom":false},"product_brand":[],"product_cat":[1791,245,5639,6145,5956,5370,1254,1229,1579,5609,1574,5349],"product_tag":[66],"class_list":{"0":"post-372133","1":"product","2":"type-product","3":"status-publish","4":"has-post-thumbnail","6":"product_cat-anniversary-gifts","7":"product_cat-armari-collections","8":"product_cat-armari-earring","9":"product_cat-armari-hoop-earring","10":"product_cat-dangler","11":"product_cat-ethnic-jewellery","12":"product_cat-gold-earrings","13":"product_cat-22ct-gold-jewellery","14":"product_cat-hoop-earrings","15":"product_cat-hoop-with-droplets","16":"product_cat-womens-jewellery","17":"product_cat-yellow-gold-jewellery","18":"product_tag-earrings","20":"first","21":"onbackorder","22":"taxable","23":"shipping-taxable","24":"purchasable","25":"product-type-simple","26":"add-to-wishlist-before_image"},"yoast_head":"<!-- This site is optimized with the Yoast SEO plugin v27.5 - https:\/\/yoast.com\/product\/yoast-seo-wordpress\/ -->\n<title>Stunning Indian Gold Hoop Earrings with Jumkha | PureJewels UK<\/title>\n<meta name=\"description\" content=\"Add a touch of traditional elegance to your look with our exquisite Indian Gold Hoop Earrings with Jumkha. Shop now and elevate your style!\" \/>\n<meta name=\"robots\" content=\"index, follow, max-snippet:-1, max-image-preview:large, max-video-preview:-1\" \/>\n<link rel=\"canonical\" href=\"https:\/\/www.purejewels.com\/tr\/urun\/jumkha-51421-i\u0307le-hi\u0307nt-altin-halka-kupeler\/\" \/>\n<meta property=\"og:locale\" content=\"tr_TR\" \/>\n<meta property=\"og:type\" content=\"article\" \/>\n<meta property=\"og:title\" content=\"Stunning Indian Gold Hoop Earrings with Jumkha | PureJewels UK\" \/>\n<meta property=\"og:description\" content=\"Add a touch of traditional elegance to your look with our exquisite Indian Gold Hoop Earrings with Jumkha. Shop now and elevate your style!\" \/>\n<meta property=\"og:url\" content=\"https:\/\/www.purejewels.com\/tr\/urun\/jumkha-51421-i\u0307le-hi\u0307nt-altin-halka-kupeler\/\" \/>\n<meta property=\"og:site_name\" content=\"PureJewels UK\" \/>\n<meta property=\"article:modified_time\" content=\"2026-02-10T11:41:17+00:00\" \/>\n<meta property=\"og:image\" content=\"https:\/\/static.purejewels.com\/wp-content\/uploads\/2024\/09\/SKU-49205_1.png\" \/>\n\t<meta property=\"og:image:width\" content=\"1000\" \/>\n\t<meta property=\"og:image:height\" content=\"1000\" \/>\n\t<meta property=\"og:image:type\" content=\"image\/png\" \/>\n<meta name=\"twitter:card\" content=\"summary_large_image\" \/>\n<meta name=\"twitter:label1\" content=\"Tahmini okuma s\u00fcresi\" \/>\n\t<meta name=\"twitter:data1\" content=\"1 dakika\" \/>\n<script type=\"application\/ld+json\" class=\"yoast-schema-graph\">{\"@context\":\"https:\\\/\\\/schema.org\",\"@graph\":[{\"@type\":[\"WebPage\",\"ItemPage\"],\"@id\":\"https:\\\/\\\/www.purejewels.com\\\/product\\\/indian-gold-hoop-earrings-with-jumkha-51421\\\/\",\"url\":\"https:\\\/\\\/www.purejewels.com\\\/product\\\/indian-gold-hoop-earrings-with-jumkha-51421\\\/\",\"name\":\"Stunning Indian Gold Hoop Earrings with Jumkha | PureJewels UK\",\"isPartOf\":{\"@id\":\"https:\\\/\\\/www.purejewels.com\\\/#website\"},\"primaryImageOfPage\":{\"@id\":\"https:\\\/\\\/www.purejewels.com\\\/product\\\/indian-gold-hoop-earrings-with-jumkha-51421\\\/#primaryimage\"},\"image\":{\"@id\":\"https:\\\/\\\/www.purejewels.com\\\/product\\\/indian-gold-hoop-earrings-with-jumkha-51421\\\/#primaryimage\"},\"thumbnailUrl\":\"https:\\\/\\\/static.purejewels.com\\\/wp-content\\\/uploads\\\/2024\\\/09\\\/SKU-49205_1.png\",\"datePublished\":\"2025-03-31T09:53:26+00:00\",\"dateModified\":\"2026-02-10T11:41:17+00:00\",\"description\":\"Add a touch of traditional elegance to your look with our exquisite Indian Gold Hoop Earrings with Jumkha. Shop now and elevate your style!\",\"breadcrumb\":{\"@id\":\"https:\\\/\\\/www.purejewels.com\\\/product\\\/indian-gold-hoop-earrings-with-jumkha-51421\\\/#breadcrumb\"},\"inLanguage\":\"tr\",\"potentialAction\":[{\"@type\":\"ReadAction\",\"target\":[\"https:\\\/\\\/www.purejewels.com\\\/product\\\/indian-gold-hoop-earrings-with-jumkha-51421\\\/\"]}]},{\"@type\":\"ImageObject\",\"inLanguage\":\"tr\",\"@id\":\"https:\\\/\\\/www.purejewels.com\\\/product\\\/indian-gold-hoop-earrings-with-jumkha-51421\\\/#primaryimage\",\"url\":\"https:\\\/\\\/static.purejewels.com\\\/wp-content\\\/uploads\\\/2024\\\/09\\\/SKU-49205_1.png\",\"contentUrl\":\"https:\\\/\\\/static.purejewels.com\\\/wp-content\\\/uploads\\\/2024\\\/09\\\/SKU-49205_1.png\",\"width\":1000,\"height\":1000,\"caption\":\"Indian Gold Hoop Earrings with Jumkha\"},{\"@type\":\"BreadcrumbList\",\"@id\":\"https:\\\/\\\/www.purejewels.com\\\/product\\\/indian-gold-hoop-earrings-with-jumkha-51421\\\/#breadcrumb\",\"itemListElement\":[{\"@type\":\"ListItem\",\"position\":1,\"name\":\"Home\",\"item\":\"https:\\\/\\\/www.purejewels.com\\\/\"},{\"@type\":\"ListItem\",\"position\":2,\"name\":\"Shop\",\"item\":\"https:\\\/\\\/www.purejewels.com\\\/shop\\\/\"},{\"@type\":\"ListItem\",\"position\":3,\"name\":\"Indian Gold Hoop Earrings with Jumkha\"}]},{\"@type\":\"WebSite\",\"@id\":\"https:\\\/\\\/www.purejewels.com\\\/#website\",\"url\":\"https:\\\/\\\/www.purejewels.com\\\/\",\"name\":\"PureJewels UK\",\"description\":\"Share the Love\",\"publisher\":{\"@id\":\"https:\\\/\\\/www.purejewels.com\\\/#organization\"},\"potentialAction\":[{\"@type\":\"SearchAction\",\"target\":{\"@type\":\"EntryPoint\",\"urlTemplate\":\"https:\\\/\\\/www.purejewels.com\\\/?s={search_term_string}\"},\"query-input\":{\"@type\":\"PropertyValueSpecification\",\"valueRequired\":true,\"valueName\":\"search_term_string\"}}],\"inLanguage\":\"tr\"},{\"@type\":\"Organization\",\"@id\":\"https:\\\/\\\/www.purejewels.com\\\/#organization\",\"name\":\"PureJewels UK\",\"url\":\"https:\\\/\\\/www.purejewels.com\\\/\",\"logo\":{\"@type\":\"ImageObject\",\"inLanguage\":\"tr\",\"@id\":\"https:\\\/\\\/www.purejewels.com\\\/#\\\/schema\\\/logo\\\/image\\\/\",\"url\":\"https:\\\/\\\/static.purejewels.com\\\/wp-content\\\/uploads\\\/2020\\\/11\\\/Logo-PJ-New-1.png\",\"contentUrl\":\"https:\\\/\\\/static.purejewels.com\\\/wp-content\\\/uploads\\\/2020\\\/11\\\/Logo-PJ-New-1.png\",\"width\":150,\"height\":80,\"caption\":\"PureJewels UK\"},\"image\":{\"@id\":\"https:\\\/\\\/www.purejewels.com\\\/#\\\/schema\\\/logo\\\/image\\\/\"}}]}<\/script>\n<!-- \/ Yoast SEO plugin. -->","yoast_head_json":{"title":"Jumkha ile \u00c7arp\u0131c\u0131 Hint Alt\u0131n Halka K\u00fcpeler | PureJewels UK","description":"Jumkha'l\u0131 zarif Hint Alt\u0131n Halka K\u00fcpelerimizle g\u00f6r\u00fcn\u00fcm\u00fcn\u00fcze geleneksel zarafet dokunu\u015fu kat\u0131n. \u015eimdi al\u0131\u015fveri\u015f yap\u0131n ve stilinizi y\u00fckseltin!","robots":{"index":"index","follow":"follow","max-snippet":"max-snippet:-1","max-image-preview":"max-image-preview:large","max-video-preview":"max-video-preview:-1"},"canonical":"https:\/\/www.purejewels.com\/tr\/urun\/jumkha-51421-i\u0307le-hi\u0307nt-altin-halka-kupeler\/","og_locale":"tr_TR","og_type":"article","og_title":"Stunning Indian Gold Hoop Earrings with Jumkha | PureJewels UK","og_description":"Add a touch of traditional elegance to your look with our exquisite Indian Gold Hoop Earrings with Jumkha. Shop now and elevate your style!","og_url":"https:\/\/www.purejewels.com\/tr\/urun\/jumkha-51421-i\u0307le-hi\u0307nt-altin-halka-kupeler\/","og_site_name":"PureJewels UK","article_modified_time":"2026-02-10T11:41:17+00:00","og_image":[{"width":1000,"height":1000,"url":"https:\/\/static.purejewels.com\/wp-content\/uploads\/2024\/09\/SKU-49205_1.png","type":"image\/png"}],"twitter_card":"summary_large_image","twitter_misc":{"Tahmini okuma s\u00fcresi":"1 dakika"},"schema":{"@context":"https:\/\/schema.org","@graph":[{"@type":["WebPage","ItemPage"],"@id":"https:\/\/www.purejewels.com\/product\/indian-gold-hoop-earrings-with-jumkha-51421\/","url":"https:\/\/www.purejewels.com\/product\/indian-gold-hoop-earrings-with-jumkha-51421\/","name":"Jumkha ile \u00c7arp\u0131c\u0131 Hint Alt\u0131n Halka K\u00fcpeler | PureJewels UK","isPartOf":{"@id":"https:\/\/www.purejewels.com\/#website"},"primaryImageOfPage":{"@id":"https:\/\/www.purejewels.com\/product\/indian-gold-hoop-earrings-with-jumkha-51421\/#primaryimage"},"image":{"@id":"https:\/\/www.purejewels.com\/product\/indian-gold-hoop-earrings-with-jumkha-51421\/#primaryimage"},"thumbnailUrl":"https:\/\/static.purejewels.com\/wp-content\/uploads\/2024\/09\/SKU-49205_1.png","datePublished":"2025-03-31T09:53:26+00:00","dateModified":"2026-02-10T11:41:17+00:00","description":"Jumkha'l\u0131 zarif Hint Alt\u0131n Halka K\u00fcpelerimizle g\u00f6r\u00fcn\u00fcm\u00fcn\u00fcze geleneksel zarafet dokunu\u015fu kat\u0131n. \u015eimdi al\u0131\u015fveri\u015f yap\u0131n ve stilinizi y\u00fckseltin!","breadcrumb":{"@id":"https:\/\/www.purejewels.com\/product\/indian-gold-hoop-earrings-with-jumkha-51421\/#breadcrumb"},"inLanguage":"tr","potentialAction":[{"@type":"ReadAction","target":["https:\/\/www.purejewels.com\/product\/indian-gold-hoop-earrings-with-jumkha-51421\/"]}]},{"@type":"ImageObject","inLanguage":"tr","@id":"https:\/\/www.purejewels.com\/product\/indian-gold-hoop-earrings-with-jumkha-51421\/#primaryimage","url":"https:\/\/static.purejewels.com\/wp-content\/uploads\/2024\/09\/SKU-49205_1.png","contentUrl":"https:\/\/static.purejewels.com\/wp-content\/uploads\/2024\/09\/SKU-49205_1.png","width":1000,"height":1000,"caption":"Indian Gold Hoop Earrings with Jumkha"},{"@type":"BreadcrumbList","@id":"https:\/\/www.purejewels.com\/product\/indian-gold-hoop-earrings-with-jumkha-51421\/#breadcrumb","itemListElement":[{"@type":"ListItem","position":1,"name":"Home","item":"https:\/\/www.purejewels.com\/"},{"@type":"ListItem","position":2,"name":"Shop","item":"https:\/\/www.purejewels.com\/shop\/"},{"@type":"ListItem","position":3,"name":"Indian Gold Hoop Earrings with Jumkha"}]},{"@type":"WebSite","@id":"https:\/\/www.purejewels.com\/#website","url":"https:\/\/www.purejewels.com\/","name":"PureJewels \u0130ngiltere","description":"Sevgiyi Payla\u015f\u0131n","publisher":{"@id":"https:\/\/www.purejewels.com\/#organization"},"potentialAction":[{"@type":"SearchAction","target":{"@type":"EntryPoint","urlTemplate":"https:\/\/www.purejewels.com\/?s={search_term_string}"},"query-input":{"@type":"PropertyValueSpecification","valueRequired":true,"valueName":"search_term_string"}}],"inLanguage":"tr"},{"@type":"Organization","@id":"https:\/\/www.purejewels.com\/#organization","name":"PureJewels \u0130ngiltere","url":"https:\/\/www.purejewels.com\/","logo":{"@type":"ImageObject","inLanguage":"tr","@id":"https:\/\/www.purejewels.com\/#\/schema\/logo\/image\/","url":"https:\/\/static.purejewels.com\/wp-content\/uploads\/2020\/11\/Logo-PJ-New-1.png","contentUrl":"https:\/\/static.purejewels.com\/wp-content\/uploads\/2020\/11\/Logo-PJ-New-1.png","width":150,"height":80,"caption":"PureJewels UK"},"image":{"@id":"https:\/\/www.purejewels.com\/#\/schema\/logo\/image\/"}}]}},"_links":{"self":[{"href":"https:\/\/www.purejewels.com\/tr\/wp-json\/wp\/v2\/product\/372133","targetHints":{"allow":["GET"]}}],"collection":[{"href":"https:\/\/www.purejewels.com\/tr\/wp-json\/wp\/v2\/product"}],"about":[{"href":"https:\/\/www.purejewels.com\/tr\/wp-json\/wp\/v2\/types\/product"}],"replies":[{"embeddable":true,"href":"https:\/\/www.purejewels.com\/tr\/wp-json\/wp\/v2\/comments?post=372133"}],"version-history":[{"count":4,"href":"https:\/\/www.purejewels.com\/tr\/wp-json\/wp\/v2\/product\/372133\/revisions"}],"predecessor-version":[{"id":388950,"href":"https:\/\/www.purejewels.com\/tr\/wp-json\/wp\/v2\/product\/372133\/revisions\/388950"}],"wp:featuredmedia":[{"embeddable":true,"href":"https:\/\/www.purejewels.com\/tr\/wp-json\/wp\/v2\/media\/372530"}],"wp:attachment":[{"href":"https:\/\/www.purejewels.com\/tr\/wp-json\/wp\/v2\/media?parent=372133"}],"wp:term":[{"taxonomy":"product_brand","embeddable":true,"href":"https:\/\/www.purejewels.com\/tr\/wp-json\/wp\/v2\/product_brand?post=372133"},{"taxonomy":"product_cat","embeddable":true,"href":"https:\/\/www.purejewels.com\/tr\/wp-json\/wp\/v2\/product_cat?post=372133"},{"taxonomy":"product_tag","embeddable":true,"href":"https:\/\/www.purejewels.com\/tr\/wp-json\/wp\/v2\/product_tag?post=372133"}],"curies":[{"name":"wp","href":"https:\/\/api.w.org\/{rel}","templated":true}]}}