{"id":372194,"date":"2024-10-22T08:51:39","date_gmt":"2024-10-22T07:51:39","guid":{"rendered":"https:\/\/www.purejewels.com\/?post_type=product&#038;p=372194"},"modified":"2026-01-12T11:36:23","modified_gmt":"2026-01-12T11:36:23","slug":"22-ayar-altin-tek-bileklik-gunluk-kullanim-48187","status":"publish","type":"product","link":"https:\/\/www.purejewels.com\/tr\/product\/22-carat-gold-single-bangle-daily-wear-48187\/","title":{"rendered":"22 Ayar Alt\u0131n Tekli Bileklik | G\u00fcnl\u00fck kullan\u0131m"},"content":{"rendered":"<p data-start=\"679\" data-end=\"993\">Bu 22 Ayar Alt\u0131n Tekli Bileklik, abart\u0131s\u0131z sofistikeli\u011fin v\u00fccut bulmu\u015f halidir. P\u00fcr\u00fczs\u00fcz, d\u00fcz bir y\u00fczey ve kusursuz bir i\u00e7 kavis ile g\u00fcnl\u00fck kullan\u0131m i\u00e7in titizlikle tasarlanm\u0131\u015ft\u0131r. B\u00fck\u00fclmeyen yap\u0131s\u0131 dayan\u0131kl\u0131l\u0131k sa\u011flarken, minimal esteti\u011fi ister tek ba\u015f\u0131na ister \u00fcst \u00fcste tak\u0131ls\u0131n zamans\u0131z bir \u00e7ekicilik sunar.<\/p>\n<p data-start=\"995\" data-end=\"1347\">Rahatl\u0131k ve uzun \u00f6m\u00fcrl\u00fcl\u00fck i\u00e7in \u00fcretilen bu par\u00e7a, PureJewels'in y\u00fcksek kaliteli i\u015f\u00e7ili\u011fe olan ba\u011fl\u0131l\u0131\u011f\u0131n\u0131 yans\u0131t\u0131yor. Hi\u00e7 eskimeyen tasar\u0131m\u0131, onu nesiller ve stiller aras\u0131nda \u00e7ok y\u00f6nl\u00fc bir arkada\u015f haline getirir ve i\u015f g\u00fcnlerinden \u00f6zel g\u00fcnlere zarif bir \u015fekilde uyum sa\u011flar. Modas\u0131 asla ge\u00e7meyen bu bileklik, m\u00fckemmel uyumu sa\u011flamak i\u00e7in t\u00fcm bedenlerde mevcuttur.<\/p>","protected":false},"excerpt":{"rendered":"<p>22 ayar alt\u0131ndan ustal\u0131kla \u00fcretilen bu d\u00fcz y\u00fczeyli bilekli\u011fin i\u00e7 k\u0131sm\u0131 maksimum konfor i\u00e7in p\u00fcr\u00fczs\u00fczd\u00fcr ve asla b\u00fck\u00fclmeyecek \u015fekilde tasarlanm\u0131\u015ft\u0131r, bu da onu m\u00fckemmel bir g\u00fcnl\u00fck ihtiya\u00e7 haline getirir. Klasik silueti ve kusursuz cilas\u0131 ile ki\u015fiye \u00f6zel bir uyum i\u00e7in t\u00fcm bedenlerde mevcuttur.<\/p>\n<p><strong>\u00dcr\u00fcn Detaylar\u0131<\/strong><br \/>\n<strong>Bileklik T\u00fcr\u00fc:<\/strong> G\u00fcnl\u00fck Giyim Bileklik<br \/>\n<strong>SKU:<\/strong> 48187<br \/>\n<strong>A\u011f\u0131rl\u0131k:<\/strong> 12.1 gram<br \/>\n<strong>Metal:<\/strong> 22 Ayar Alt\u0131n<br \/>\n<strong>Bileklik Boyutu:<\/strong> 2.8<br \/>\n<strong>Bitir:<\/strong> Masif d\u00fcz kaplama, p\u00fcr\u00fczs\u00fcz i\u00e7 y\u00fczey<br \/>\n<strong>Yap\u0131<\/strong>: B\u00fck\u00fclmez, g\u00fcnl\u00fck kullan\u0131m i\u00e7in ideal<br \/>\n<strong>Hallmark:<\/strong> Birle\u015fik Krall\u0131k Tahlil Ofisi taraf\u0131ndan damgalanm\u0131\u015ft\u0131r<br \/>\n<strong>Su\u00e7lamalar:<\/strong> Teslimat ve KDV Dahil<br \/>\n<strong>Daha fazla bilgi:<\/strong> T\u00fcm boyutlarda mevcuttur. Yard\u0131m i\u00e7in bizimle canl\u0131 sohbet edin.<\/p>\n<p><strong data-start=\"623\" data-end=\"640\">Daha fazlas\u0131n\u0131 ke\u015ffedin:<\/strong> Eksiksiz bilgilerimizi ke\u015ffedin <a href=\"https:\/\/www.purejewels.com\/tr\/urun-kategori%cc%87si%cc%87\/22-ayar-altin-takilar\/altin-bilezikler\/gunluk-kullanim-bi%cc%87lezi%cc%87kler\/\">G\u00fcnl\u00fck Giyim Bileklikler<\/a> koleksiyonundan daha zarif g\u00fcnl\u00fck stiller i\u00e7in yararlanabilirsiniz.<\/p>\n<p>&nbsp;<\/p>","protected":false},"featured_media":328071,"comment_status":"closed","ping_status":"closed","template":"","meta":{"_eb_attr":"","_crsspst_to_jayantr4sg-hostcom":false},"product_brand":[],"product_cat":[1791,1559,5270,1792,1790,1233,1229,5347,5353,1657,1575,1573,1574,5349],"product_tag":[5874],"class_list":{"0":"post-372194","1":"product","2":"type-product","3":"status-publish","4":"has-post-thumbnail","6":"product_cat-anniversary-gifts","7":"product_cat-birthday-gifts","8":"product_cat-daily-wear-bangles","9":"product_cat-festival-gifts","10":"product_cat-for-whom-when","11":"product_cat-gold-bangles","12":"product_cat-22ct-gold-jewellery","13":"product_cat-shop-by-metal","14":"product_cat-shop-by","15":"product_cat-single-bangle","16":"product_cat-teenage-jewellery","17":"product_cat-wedding-gifts","18":"product_cat-womens-jewellery","19":"product_cat-yellow-gold-jewellery","20":"product_tag-22ct-gold-bangle","22":"first","23":"onbackorder","24":"taxable","25":"shipping-taxable","26":"product-type-simple","27":"add-to-wishlist-before_image"},"yoast_head":"<!-- This site is optimized with the Yoast SEO plugin v27.5 - https:\/\/yoast.com\/product\/yoast-seo-wordpress\/ -->\n<title>22 Carat Gold Single Bangle | Daily wear | PureJewels<\/title>\n<meta name=\"description\" content=\"Elevate your style with our exquisite 22 carat gold single bangle. Order online for a touch of luxury. Limited availability, don&#039;t miss out! Shop now.\" \/>\n<meta name=\"robots\" content=\"index, follow, max-snippet:-1, max-image-preview:large, max-video-preview:-1\" \/>\n<link rel=\"canonical\" href=\"https:\/\/www.purejewels.com\/tr\/urun\/22-ayar-altin-tek-bileklik-gunluk-kullanim-48187\/\" \/>\n<meta property=\"og:locale\" content=\"tr_TR\" \/>\n<meta property=\"og:type\" content=\"article\" \/>\n<meta property=\"og:title\" content=\"22 Carat Gold Single Bangle | Daily wear | PureJewels\" \/>\n<meta property=\"og:description\" content=\"Elevate your style with our exquisite 22 carat gold single bangle. Order online for a touch of luxury. Limited availability, don&#039;t miss out! Shop now.\" \/>\n<meta property=\"og:url\" content=\"https:\/\/www.purejewels.com\/tr\/urun\/22-ayar-altin-tek-bileklik-gunluk-kullanim-48187\/\" \/>\n<meta property=\"og:site_name\" content=\"PureJewels UK\" \/>\n<meta property=\"article:modified_time\" content=\"2026-01-12T11:36:23+00:00\" \/>\n<meta property=\"og:image\" content=\"https:\/\/static.purejewels.com\/wp-content\/uploads\/2021\/10\/34742-4.jpg\" \/>\n\t<meta property=\"og:image:width\" content=\"1000\" \/>\n\t<meta property=\"og:image:height\" content=\"1000\" \/>\n\t<meta property=\"og:image:type\" content=\"image\/jpeg\" \/>\n<meta name=\"twitter:card\" content=\"summary_large_image\" \/>\n<meta name=\"twitter:label1\" content=\"Tahmini okuma s\u00fcresi\" \/>\n\t<meta name=\"twitter:data1\" content=\"1 dakika\" \/>\n<script type=\"application\/ld+json\" class=\"yoast-schema-graph\">{\"@context\":\"https:\\\/\\\/schema.org\",\"@graph\":[{\"@type\":[\"WebPage\",\"ItemPage\"],\"@id\":\"https:\\\/\\\/www.purejewels.com\\\/product\\\/22-carat-gold-single-bangle-daily-wear-48187\\\/\",\"url\":\"https:\\\/\\\/www.purejewels.com\\\/product\\\/22-carat-gold-single-bangle-daily-wear-48187\\\/\",\"name\":\"22 Carat Gold Single Bangle | Daily wear | PureJewels\",\"isPartOf\":{\"@id\":\"https:\\\/\\\/www.purejewels.com\\\/#website\"},\"primaryImageOfPage\":{\"@id\":\"https:\\\/\\\/www.purejewels.com\\\/product\\\/22-carat-gold-single-bangle-daily-wear-48187\\\/#primaryimage\"},\"image\":{\"@id\":\"https:\\\/\\\/www.purejewels.com\\\/product\\\/22-carat-gold-single-bangle-daily-wear-48187\\\/#primaryimage\"},\"thumbnailUrl\":\"https:\\\/\\\/static.purejewels.com\\\/wp-content\\\/uploads\\\/2021\\\/10\\\/34742-4.jpg\",\"datePublished\":\"2024-10-22T07:51:39+00:00\",\"dateModified\":\"2026-01-12T11:36:23+00:00\",\"description\":\"Elevate your style with our exquisite 22 carat gold single bangle. Order online for a touch of luxury. Limited availability, don't miss out! Shop now.\",\"breadcrumb\":{\"@id\":\"https:\\\/\\\/www.purejewels.com\\\/product\\\/22-carat-gold-single-bangle-daily-wear-48187\\\/#breadcrumb\"},\"inLanguage\":\"tr\",\"potentialAction\":[{\"@type\":\"ReadAction\",\"target\":[\"https:\\\/\\\/www.purejewels.com\\\/product\\\/22-carat-gold-single-bangle-daily-wear-48187\\\/\"]}]},{\"@type\":\"ImageObject\",\"inLanguage\":\"tr\",\"@id\":\"https:\\\/\\\/www.purejewels.com\\\/product\\\/22-carat-gold-single-bangle-daily-wear-48187\\\/#primaryimage\",\"url\":\"https:\\\/\\\/static.purejewels.com\\\/wp-content\\\/uploads\\\/2021\\\/10\\\/34742-4.jpg\",\"contentUrl\":\"https:\\\/\\\/static.purejewels.com\\\/wp-content\\\/uploads\\\/2021\\\/10\\\/34742-4.jpg\",\"width\":1000,\"height\":1000,\"caption\":\"22ct Gold Bangle 34742-4\"},{\"@type\":\"BreadcrumbList\",\"@id\":\"https:\\\/\\\/www.purejewels.com\\\/product\\\/22-carat-gold-single-bangle-daily-wear-48187\\\/#breadcrumb\",\"itemListElement\":[{\"@type\":\"ListItem\",\"position\":1,\"name\":\"Home\",\"item\":\"https:\\\/\\\/www.purejewels.com\\\/\"},{\"@type\":\"ListItem\",\"position\":2,\"name\":\"Shop\",\"item\":\"https:\\\/\\\/www.purejewels.com\\\/shop\\\/\"},{\"@type\":\"ListItem\",\"position\":3,\"name\":\"22 Carat Gold Single Bangle | Daily wear\"}]},{\"@type\":\"WebSite\",\"@id\":\"https:\\\/\\\/www.purejewels.com\\\/#website\",\"url\":\"https:\\\/\\\/www.purejewels.com\\\/\",\"name\":\"PureJewels UK\",\"description\":\"Share the Love\",\"publisher\":{\"@id\":\"https:\\\/\\\/www.purejewels.com\\\/#organization\"},\"potentialAction\":[{\"@type\":\"SearchAction\",\"target\":{\"@type\":\"EntryPoint\",\"urlTemplate\":\"https:\\\/\\\/www.purejewels.com\\\/?s={search_term_string}\"},\"query-input\":{\"@type\":\"PropertyValueSpecification\",\"valueRequired\":true,\"valueName\":\"search_term_string\"}}],\"inLanguage\":\"tr\"},{\"@type\":\"Organization\",\"@id\":\"https:\\\/\\\/www.purejewels.com\\\/#organization\",\"name\":\"PureJewels UK\",\"url\":\"https:\\\/\\\/www.purejewels.com\\\/\",\"logo\":{\"@type\":\"ImageObject\",\"inLanguage\":\"tr\",\"@id\":\"https:\\\/\\\/www.purejewels.com\\\/#\\\/schema\\\/logo\\\/image\\\/\",\"url\":\"https:\\\/\\\/static.purejewels.com\\\/wp-content\\\/uploads\\\/2020\\\/11\\\/Logo-PJ-New-1.png\",\"contentUrl\":\"https:\\\/\\\/static.purejewels.com\\\/wp-content\\\/uploads\\\/2020\\\/11\\\/Logo-PJ-New-1.png\",\"width\":150,\"height\":80,\"caption\":\"PureJewels UK\"},\"image\":{\"@id\":\"https:\\\/\\\/www.purejewels.com\\\/#\\\/schema\\\/logo\\\/image\\\/\"}}]}<\/script>\n<!-- \/ Yoast SEO plugin. -->","yoast_head_json":{"title":"22 Ayar Alt\u0131n Tekli Bileklik | G\u00fcnl\u00fck Giyim | PureJewels","description":"Enfes 22 ayar alt\u0131n tek bilekli\u011fimizle tarz\u0131n\u0131z\u0131 y\u00fckseltin. L\u00fcks bir dokunu\u015f i\u00e7in online sipari\u015f verin. S\u0131n\u0131rl\u0131 say\u0131da mevcuttur, ka\u00e7\u0131rmay\u0131n! \u015eimdi al\u0131\u015fveri\u015f yap\u0131n.","robots":{"index":"index","follow":"follow","max-snippet":"max-snippet:-1","max-image-preview":"max-image-preview:large","max-video-preview":"max-video-preview:-1"},"canonical":"https:\/\/www.purejewels.com\/tr\/urun\/22-ayar-altin-tek-bileklik-gunluk-kullanim-48187\/","og_locale":"tr_TR","og_type":"article","og_title":"22 Carat Gold Single Bangle | Daily wear | PureJewels","og_description":"Elevate your style with our exquisite 22 carat gold single bangle. Order online for a touch of luxury. Limited availability, don't miss out! Shop now.","og_url":"https:\/\/www.purejewels.com\/tr\/urun\/22-ayar-altin-tek-bileklik-gunluk-kullanim-48187\/","og_site_name":"PureJewels UK","article_modified_time":"2026-01-12T11:36:23+00:00","og_image":[{"width":1000,"height":1000,"url":"https:\/\/static.purejewels.com\/wp-content\/uploads\/2021\/10\/34742-4.jpg","type":"image\/jpeg"}],"twitter_card":"summary_large_image","twitter_misc":{"Tahmini okuma s\u00fcresi":"1 dakika"},"schema":{"@context":"https:\/\/schema.org","@graph":[{"@type":["WebPage","ItemPage"],"@id":"https:\/\/www.purejewels.com\/product\/22-carat-gold-single-bangle-daily-wear-48187\/","url":"https:\/\/www.purejewels.com\/product\/22-carat-gold-single-bangle-daily-wear-48187\/","name":"22 Ayar Alt\u0131n Tekli Bileklik | G\u00fcnl\u00fck Giyim | PureJewels","isPartOf":{"@id":"https:\/\/www.purejewels.com\/#website"},"primaryImageOfPage":{"@id":"https:\/\/www.purejewels.com\/product\/22-carat-gold-single-bangle-daily-wear-48187\/#primaryimage"},"image":{"@id":"https:\/\/www.purejewels.com\/product\/22-carat-gold-single-bangle-daily-wear-48187\/#primaryimage"},"thumbnailUrl":"https:\/\/static.purejewels.com\/wp-content\/uploads\/2021\/10\/34742-4.jpg","datePublished":"2024-10-22T07:51:39+00:00","dateModified":"2026-01-12T11:36:23+00:00","description":"Enfes 22 ayar alt\u0131n tek bilekli\u011fimizle tarz\u0131n\u0131z\u0131 y\u00fckseltin. L\u00fcks bir dokunu\u015f i\u00e7in online sipari\u015f verin. S\u0131n\u0131rl\u0131 say\u0131da mevcuttur, ka\u00e7\u0131rmay\u0131n! \u015eimdi al\u0131\u015fveri\u015f yap\u0131n.","breadcrumb":{"@id":"https:\/\/www.purejewels.com\/product\/22-carat-gold-single-bangle-daily-wear-48187\/#breadcrumb"},"inLanguage":"tr","potentialAction":[{"@type":"ReadAction","target":["https:\/\/www.purejewels.com\/product\/22-carat-gold-single-bangle-daily-wear-48187\/"]}]},{"@type":"ImageObject","inLanguage":"tr","@id":"https:\/\/www.purejewels.com\/product\/22-carat-gold-single-bangle-daily-wear-48187\/#primaryimage","url":"https:\/\/static.purejewels.com\/wp-content\/uploads\/2021\/10\/34742-4.jpg","contentUrl":"https:\/\/static.purejewels.com\/wp-content\/uploads\/2021\/10\/34742-4.jpg","width":1000,"height":1000,"caption":"22ct Gold Bangle 34742-4"},{"@type":"BreadcrumbList","@id":"https:\/\/www.purejewels.com\/product\/22-carat-gold-single-bangle-daily-wear-48187\/#breadcrumb","itemListElement":[{"@type":"ListItem","position":1,"name":"Home","item":"https:\/\/www.purejewels.com\/"},{"@type":"ListItem","position":2,"name":"Shop","item":"https:\/\/www.purejewels.com\/shop\/"},{"@type":"ListItem","position":3,"name":"22 Carat Gold Single Bangle | Daily wear"}]},{"@type":"WebSite","@id":"https:\/\/www.purejewels.com\/#website","url":"https:\/\/www.purejewels.com\/","name":"PureJewels \u0130ngiltere","description":"Sevgiyi Payla\u015f\u0131n","publisher":{"@id":"https:\/\/www.purejewels.com\/#organization"},"potentialAction":[{"@type":"SearchAction","target":{"@type":"EntryPoint","urlTemplate":"https:\/\/www.purejewels.com\/?s={search_term_string}"},"query-input":{"@type":"PropertyValueSpecification","valueRequired":true,"valueName":"search_term_string"}}],"inLanguage":"tr"},{"@type":"Organization","@id":"https:\/\/www.purejewels.com\/#organization","name":"PureJewels \u0130ngiltere","url":"https:\/\/www.purejewels.com\/","logo":{"@type":"ImageObject","inLanguage":"tr","@id":"https:\/\/www.purejewels.com\/#\/schema\/logo\/image\/","url":"https:\/\/static.purejewels.com\/wp-content\/uploads\/2020\/11\/Logo-PJ-New-1.png","contentUrl":"https:\/\/static.purejewels.com\/wp-content\/uploads\/2020\/11\/Logo-PJ-New-1.png","width":150,"height":80,"caption":"PureJewels UK"},"image":{"@id":"https:\/\/www.purejewels.com\/#\/schema\/logo\/image\/"}}]}},"_links":{"self":[{"href":"https:\/\/www.purejewels.com\/tr\/wp-json\/wp\/v2\/product\/372194","targetHints":{"allow":["GET"]}}],"collection":[{"href":"https:\/\/www.purejewels.com\/tr\/wp-json\/wp\/v2\/product"}],"about":[{"href":"https:\/\/www.purejewels.com\/tr\/wp-json\/wp\/v2\/types\/product"}],"replies":[{"embeddable":true,"href":"https:\/\/www.purejewels.com\/tr\/wp-json\/wp\/v2\/comments?post=372194"}],"version-history":[{"count":5,"href":"https:\/\/www.purejewels.com\/tr\/wp-json\/wp\/v2\/product\/372194\/revisions"}],"predecessor-version":[{"id":405894,"href":"https:\/\/www.purejewels.com\/tr\/wp-json\/wp\/v2\/product\/372194\/revisions\/405894"}],"wp:featuredmedia":[{"embeddable":true,"href":"https:\/\/www.purejewels.com\/tr\/wp-json\/wp\/v2\/media\/328071"}],"wp:attachment":[{"href":"https:\/\/www.purejewels.com\/tr\/wp-json\/wp\/v2\/media?parent=372194"}],"wp:term":[{"taxonomy":"product_brand","embeddable":true,"href":"https:\/\/www.purejewels.com\/tr\/wp-json\/wp\/v2\/product_brand?post=372194"},{"taxonomy":"product_cat","embeddable":true,"href":"https:\/\/www.purejewels.com\/tr\/wp-json\/wp\/v2\/product_cat?post=372194"},{"taxonomy":"product_tag","embeddable":true,"href":"https:\/\/www.purejewels.com\/tr\/wp-json\/wp\/v2\/product_tag?post=372194"}],"curies":[{"name":"wp","href":"https:\/\/api.w.org\/{rel}","templated":true}]}}