{"id":3724,"date":"2017-07-19T13:18:13","date_gmt":"2017-07-19T13:18:13","guid":{"rendered":"http:\/\/new.purejewels.com\/product\/2013-koh-i-noor-1oz\/"},"modified":"2026-03-05T08:44:33","modified_gmt":"2026-03-05T08:44:33","slug":"2013-koh-i-noor-1oz","status":"publish","type":"product","link":"https:\/\/www.purejewels.com\/tr\/product\/2013-koh-i-noor-1oz\/","title":{"rendered":"2013 Koh-i-Noor 1oz"},"content":{"rendered":"<p>2013 Koh-i-Noor Ta\u00e7 Giyme T\u00f6reni 1oz <a href=\"https:\/\/www.purejewels.com\/tr\/urun-kategori%cc%87si%cc%87\/cubuk-paralar\/gumus-paralar\/\">G\u00fcm\u00fc\u015f Sikke<\/a><\/p>","protected":false},"excerpt":{"rendered":"<p>2013 Koh-i-Noor Ta\u00e7 Giyme T\u00f6reni 1oz <a href=\"https:\/\/www.purejewels.com\/tr\/urun-kategori%cc%87si%cc%87\/cubuk-paralar\/gumus-paralar\/\">G\u00fcm\u00fc\u015f Sikke<\/a><\/p>\n<p>Bu Diamond Jubilee Coronation 1 ons madeni para, kaliteli g\u00fcm\u00fc\u015ften bas\u0131lm\u0131\u015f ve \u00fcnl\u00fc Koh-i-Noor ta\u015f\u0131n\u0131n topraklar\u0131ndan benzersiz bir \u015fekilde kesilmi\u015f ve parlat\u0131lm\u0131\u015f bir elmasla ayarlanm\u0131\u015ft\u0131r. Sadece 1953 adetle s\u0131n\u0131rl\u0131 olan bu madeni para, Krali\u00e7e Elizabeth'in 60. Ta\u00e7 Giyme y\u0131l\u0131nda elde etti\u011fi muhte\u015fem ba\u015far\u0131y\u0131 kutlamaktad\u0131r.<\/p>","protected":false},"featured_media":3725,"comment_status":"closed","ping_status":"closed","template":"","meta":{"_eb_attr":"","_crsspst_to_jayantr4sg-hostcom":false},"product_brand":[],"product_cat":[236],"product_tag":[],"class_list":{"0":"post-3724","1":"product","2":"type-product","3":"status-publish","4":"has-post-thumbnail","6":"product_cat-collections","8":"first","9":"outofstock","10":"taxable","11":"shipping-taxable","12":"product-type-simple","13":"add-to-wishlist-before_image"},"yoast_head":"<!-- This site is optimized with the Yoast SEO plugin v27.3 - https:\/\/yoast.com\/product\/yoast-seo-wordpress\/ -->\n<title>2013 Koh-i-Noor 1oz - PureJewels UK<\/title>\n<meta name=\"robots\" content=\"index, follow, max-snippet:-1, max-image-preview:large, max-video-preview:-1\" \/>\n<link rel=\"canonical\" href=\"https:\/\/www.purejewels.com\/tr\/urun\/2013-koh-i-noor-1oz\/\" \/>\n<meta property=\"og:locale\" content=\"tr_TR\" \/>\n<meta property=\"og:type\" content=\"article\" \/>\n<meta property=\"og:title\" content=\"2013 Koh-i-Noor 1oz - PureJewels UK\" \/>\n<meta property=\"og:description\" content=\"2013 Koh-i-Noor Coronation 1oz Silver Coin  This Diamond Jubilee Coronation 1oz coin is minted in fine silver and set with a uniquely cut and polished diamond from the lands of the famed Koh-i-Noor stone. Limited to just 1953 pieces, the coin celebrates the magnificent achievement of HM Queen Elizabeth in her 60th Coronation year.\" \/>\n<meta property=\"og:url\" content=\"https:\/\/www.purejewels.com\/tr\/urun\/2013-koh-i-noor-1oz\/\" \/>\n<meta property=\"og:site_name\" content=\"PureJewels UK\" \/>\n<meta property=\"article:modified_time\" content=\"2026-03-05T08:44:33+00:00\" \/>\n<meta property=\"og:image\" content=\"https:\/\/static.purejewels.com\/wp-content\/uploads\/2017\/07\/2013_koh-i-noor_coronation_1oz_silver_coin_-_limited_special_price-2.jpg\" \/>\n\t<meta property=\"og:image:width\" content=\"1280\" \/>\n\t<meta property=\"og:image:height\" content=\"618\" \/>\n\t<meta property=\"og:image:type\" content=\"image\/jpeg\" \/>\n<meta name=\"twitter:card\" content=\"summary_large_image\" \/>\n<meta name=\"twitter:label1\" content=\"Tahmini okuma s\u00fcresi\" \/>\n\t<meta name=\"twitter:data1\" content=\"1 dakika\" \/>\n<script type=\"application\/ld+json\" class=\"yoast-schema-graph\">{\"@context\":\"https:\\\/\\\/schema.org\",\"@graph\":[{\"@type\":[\"WebPage\",\"ItemPage\"],\"@id\":\"https:\\\/\\\/www.purejewels.com\\\/product\\\/2013-koh-i-noor-1oz\\\/\",\"url\":\"https:\\\/\\\/www.purejewels.com\\\/product\\\/2013-koh-i-noor-1oz\\\/\",\"name\":\"2013 Koh-i-Noor 1oz - PureJewels UK\",\"isPartOf\":{\"@id\":\"https:\\\/\\\/www.purejewels.com\\\/#website\"},\"primaryImageOfPage\":{\"@id\":\"https:\\\/\\\/www.purejewels.com\\\/product\\\/2013-koh-i-noor-1oz\\\/#primaryimage\"},\"image\":{\"@id\":\"https:\\\/\\\/www.purejewels.com\\\/product\\\/2013-koh-i-noor-1oz\\\/#primaryimage\"},\"thumbnailUrl\":\"https:\\\/\\\/static.purejewels.com\\\/wp-content\\\/uploads\\\/2017\\\/07\\\/2013_koh-i-noor_coronation_1oz_silver_coin_-_limited_special_price-2.jpg\",\"datePublished\":\"2017-07-19T13:18:13+00:00\",\"dateModified\":\"2026-03-05T08:44:33+00:00\",\"breadcrumb\":{\"@id\":\"https:\\\/\\\/www.purejewels.com\\\/product\\\/2013-koh-i-noor-1oz\\\/#breadcrumb\"},\"inLanguage\":\"tr\",\"potentialAction\":[{\"@type\":\"ReadAction\",\"target\":[\"https:\\\/\\\/www.purejewels.com\\\/product\\\/2013-koh-i-noor-1oz\\\/\"]}]},{\"@type\":\"ImageObject\",\"inLanguage\":\"tr\",\"@id\":\"https:\\\/\\\/www.purejewels.com\\\/product\\\/2013-koh-i-noor-1oz\\\/#primaryimage\",\"url\":\"https:\\\/\\\/static.purejewels.com\\\/wp-content\\\/uploads\\\/2017\\\/07\\\/2013_koh-i-noor_coronation_1oz_silver_coin_-_limited_special_price-2.jpg\",\"contentUrl\":\"https:\\\/\\\/static.purejewels.com\\\/wp-content\\\/uploads\\\/2017\\\/07\\\/2013_koh-i-noor_coronation_1oz_silver_coin_-_limited_special_price-2.jpg\",\"width\":1280,\"height\":618,\"caption\":\"2013_koh-i-noor_coronation_1oz_silver_coin_-_limited_special_price.jpg\"},{\"@type\":\"BreadcrumbList\",\"@id\":\"https:\\\/\\\/www.purejewels.com\\\/product\\\/2013-koh-i-noor-1oz\\\/#breadcrumb\",\"itemListElement\":[{\"@type\":\"ListItem\",\"position\":1,\"name\":\"Home\",\"item\":\"https:\\\/\\\/www.purejewels.com\\\/\"},{\"@type\":\"ListItem\",\"position\":2,\"name\":\"Shop\",\"item\":\"https:\\\/\\\/www.purejewels.com\\\/shop\\\/\"},{\"@type\":\"ListItem\",\"position\":3,\"name\":\"2013 Koh-i-Noor 1oz\"}]},{\"@type\":\"WebSite\",\"@id\":\"https:\\\/\\\/www.purejewels.com\\\/#website\",\"url\":\"https:\\\/\\\/www.purejewels.com\\\/\",\"name\":\"PureJewels UK\",\"description\":\"Share the Love\",\"publisher\":{\"@id\":\"https:\\\/\\\/www.purejewels.com\\\/#organization\"},\"potentialAction\":[{\"@type\":\"SearchAction\",\"target\":{\"@type\":\"EntryPoint\",\"urlTemplate\":\"https:\\\/\\\/www.purejewels.com\\\/?s={search_term_string}\"},\"query-input\":{\"@type\":\"PropertyValueSpecification\",\"valueRequired\":true,\"valueName\":\"search_term_string\"}}],\"inLanguage\":\"tr\"},{\"@type\":\"Organization\",\"@id\":\"https:\\\/\\\/www.purejewels.com\\\/#organization\",\"name\":\"PureJewels UK\",\"url\":\"https:\\\/\\\/www.purejewels.com\\\/\",\"logo\":{\"@type\":\"ImageObject\",\"inLanguage\":\"tr\",\"@id\":\"https:\\\/\\\/www.purejewels.com\\\/#\\\/schema\\\/logo\\\/image\\\/\",\"url\":\"https:\\\/\\\/static.purejewels.com\\\/wp-content\\\/uploads\\\/2020\\\/11\\\/Logo-PJ-New-1.png\",\"contentUrl\":\"https:\\\/\\\/static.purejewels.com\\\/wp-content\\\/uploads\\\/2020\\\/11\\\/Logo-PJ-New-1.png\",\"width\":150,\"height\":80,\"caption\":\"PureJewels UK\"},\"image\":{\"@id\":\"https:\\\/\\\/www.purejewels.com\\\/#\\\/schema\\\/logo\\\/image\\\/\"}}]}<\/script>\n<!-- \/ Yoast SEO plugin. -->","yoast_head_json":{"title":"2013 Koh-i-Noor 1oz - PureJewels UK","robots":{"index":"index","follow":"follow","max-snippet":"max-snippet:-1","max-image-preview":"max-image-preview:large","max-video-preview":"max-video-preview:-1"},"canonical":"https:\/\/www.purejewels.com\/tr\/urun\/2013-koh-i-noor-1oz\/","og_locale":"tr_TR","og_type":"article","og_title":"2013 Koh-i-Noor 1oz - PureJewels UK","og_description":"2013 Koh-i-Noor Coronation 1oz Silver Coin  This Diamond Jubilee Coronation 1oz coin is minted in fine silver and set with a uniquely cut and polished diamond from the lands of the famed Koh-i-Noor stone. Limited to just 1953 pieces, the coin celebrates the magnificent achievement of HM Queen Elizabeth in her 60th Coronation year.","og_url":"https:\/\/www.purejewels.com\/tr\/urun\/2013-koh-i-noor-1oz\/","og_site_name":"PureJewels UK","article_modified_time":"2026-03-05T08:44:33+00:00","og_image":[{"width":1280,"height":618,"url":"https:\/\/static.purejewels.com\/wp-content\/uploads\/2017\/07\/2013_koh-i-noor_coronation_1oz_silver_coin_-_limited_special_price-2.jpg","type":"image\/jpeg"}],"twitter_card":"summary_large_image","twitter_misc":{"Tahmini okuma s\u00fcresi":"1 dakika"},"schema":{"@context":"https:\/\/schema.org","@graph":[{"@type":["WebPage","ItemPage"],"@id":"https:\/\/www.purejewels.com\/product\/2013-koh-i-noor-1oz\/","url":"https:\/\/www.purejewels.com\/product\/2013-koh-i-noor-1oz\/","name":"2013 Koh-i-Noor 1oz - PureJewels UK","isPartOf":{"@id":"https:\/\/www.purejewels.com\/#website"},"primaryImageOfPage":{"@id":"https:\/\/www.purejewels.com\/product\/2013-koh-i-noor-1oz\/#primaryimage"},"image":{"@id":"https:\/\/www.purejewels.com\/product\/2013-koh-i-noor-1oz\/#primaryimage"},"thumbnailUrl":"https:\/\/static.purejewels.com\/wp-content\/uploads\/2017\/07\/2013_koh-i-noor_coronation_1oz_silver_coin_-_limited_special_price-2.jpg","datePublished":"2017-07-19T13:18:13+00:00","dateModified":"2026-03-05T08:44:33+00:00","breadcrumb":{"@id":"https:\/\/www.purejewels.com\/product\/2013-koh-i-noor-1oz\/#breadcrumb"},"inLanguage":"tr","potentialAction":[{"@type":"ReadAction","target":["https:\/\/www.purejewels.com\/product\/2013-koh-i-noor-1oz\/"]}]},{"@type":"ImageObject","inLanguage":"tr","@id":"https:\/\/www.purejewels.com\/product\/2013-koh-i-noor-1oz\/#primaryimage","url":"https:\/\/static.purejewels.com\/wp-content\/uploads\/2017\/07\/2013_koh-i-noor_coronation_1oz_silver_coin_-_limited_special_price-2.jpg","contentUrl":"https:\/\/static.purejewels.com\/wp-content\/uploads\/2017\/07\/2013_koh-i-noor_coronation_1oz_silver_coin_-_limited_special_price-2.jpg","width":1280,"height":618,"caption":"2013_koh-i-noor_coronation_1oz_silver_coin_-_limited_special_price.jpg"},{"@type":"BreadcrumbList","@id":"https:\/\/www.purejewels.com\/product\/2013-koh-i-noor-1oz\/#breadcrumb","itemListElement":[{"@type":"ListItem","position":1,"name":"Home","item":"https:\/\/www.purejewels.com\/"},{"@type":"ListItem","position":2,"name":"Shop","item":"https:\/\/www.purejewels.com\/shop\/"},{"@type":"ListItem","position":3,"name":"2013 Koh-i-Noor 1oz"}]},{"@type":"WebSite","@id":"https:\/\/www.purejewels.com\/#website","url":"https:\/\/www.purejewels.com\/","name":"PureJewels \u0130ngiltere","description":"Sevgiyi Payla\u015f\u0131n","publisher":{"@id":"https:\/\/www.purejewels.com\/#organization"},"potentialAction":[{"@type":"SearchAction","target":{"@type":"EntryPoint","urlTemplate":"https:\/\/www.purejewels.com\/?s={search_term_string}"},"query-input":{"@type":"PropertyValueSpecification","valueRequired":true,"valueName":"search_term_string"}}],"inLanguage":"tr"},{"@type":"Organization","@id":"https:\/\/www.purejewels.com\/#organization","name":"PureJewels \u0130ngiltere","url":"https:\/\/www.purejewels.com\/","logo":{"@type":"ImageObject","inLanguage":"tr","@id":"https:\/\/www.purejewels.com\/#\/schema\/logo\/image\/","url":"https:\/\/static.purejewels.com\/wp-content\/uploads\/2020\/11\/Logo-PJ-New-1.png","contentUrl":"https:\/\/static.purejewels.com\/wp-content\/uploads\/2020\/11\/Logo-PJ-New-1.png","width":150,"height":80,"caption":"PureJewels UK"},"image":{"@id":"https:\/\/www.purejewels.com\/#\/schema\/logo\/image\/"}}]}},"_links":{"self":[{"href":"https:\/\/www.purejewels.com\/tr\/wp-json\/wp\/v2\/product\/3724","targetHints":{"allow":["GET"]}}],"collection":[{"href":"https:\/\/www.purejewels.com\/tr\/wp-json\/wp\/v2\/product"}],"about":[{"href":"https:\/\/www.purejewels.com\/tr\/wp-json\/wp\/v2\/types\/product"}],"replies":[{"embeddable":true,"href":"https:\/\/www.purejewels.com\/tr\/wp-json\/wp\/v2\/comments?post=3724"}],"version-history":[{"count":1,"href":"https:\/\/www.purejewels.com\/tr\/wp-json\/wp\/v2\/product\/3724\/revisions"}],"predecessor-version":[{"id":426641,"href":"https:\/\/www.purejewels.com\/tr\/wp-json\/wp\/v2\/product\/3724\/revisions\/426641"}],"wp:featuredmedia":[{"embeddable":true,"href":"https:\/\/www.purejewels.com\/tr\/wp-json\/wp\/v2\/media\/3725"}],"wp:attachment":[{"href":"https:\/\/www.purejewels.com\/tr\/wp-json\/wp\/v2\/media?parent=3724"}],"wp:term":[{"taxonomy":"product_brand","embeddable":true,"href":"https:\/\/www.purejewels.com\/tr\/wp-json\/wp\/v2\/product_brand?post=3724"},{"taxonomy":"product_cat","embeddable":true,"href":"https:\/\/www.purejewels.com\/tr\/wp-json\/wp\/v2\/product_cat?post=3724"},{"taxonomy":"product_tag","embeddable":true,"href":"https:\/\/www.purejewels.com\/tr\/wp-json\/wp\/v2\/product_tag?post=3724"}],"curies":[{"name":"wp","href":"https:\/\/api.w.org\/{rel}","templated":true}]}}