{"id":372418,"date":"2024-10-01T12:38:52","date_gmt":"2024-10-01T11:38:52","guid":{"rendered":"https:\/\/www.purejewels.com\/?post_type=product&#038;p=372418"},"modified":"2026-04-29T16:16:11","modified_gmt":"2026-04-29T15:16:11","slug":"22-ayar-altin-yesil-mineli-bayan-kolye-maharani-collection-49559","status":"publish","type":"product","link":"https:\/\/www.purejewels.com\/tr\/product\/22ct-gold-green-enamel-ladies-necklace-maharani-collection-49559\/","title":{"rendered":"22 Ayar Alt\u0131n Mavi Mineli Kolye | Maharani Koleksiyonu"},"content":{"rendered":"<ul>\n<li>Kar\u015f\u0131n\u0131zda enfes <a href=\"https:\/\/www.purejewels.com\/tr\/product\/choker-necklace-in-22-carat-gold\/\">22 ayar alt\u0131n kolye<\/a> Purejewels'in Maharani Koleksiyonundan mavi mineli bir m\u00fccevher. Geleneksel sanat ve \u00e7a\u011fda\u015f zarafetin uyumlu bir kar\u0131\u015f\u0131m\u0131n\u0131 sergileyen bu \u00e7arp\u0131c\u0131 par\u00e7a, her m\u00fccevher tutkununun sahip olmas\u0131 gereken bir \u00fcr\u00fcnd\u00fcr. Kolyenin \u00fczerindeki karma\u015f\u0131k tasar\u0131mlar, m\u00fccevherin <a href=\"https:\/\/www.purejewels.com\/tr\/a-guide-to-die-stamping\/\">zanaatkarl\u0131k<\/a> zengin miras\u0131n\u0131 yans\u0131tan yetenekli zanaatk\u00e2rlar\u0131n <a href=\"https:\/\/www.purejewels.com\/tr\/contact\/\">Hint m\u00fccevherleri<\/a>.<\/li>\n<li>Canl\u0131 mavi emaye, s\u00fckunet ve bilgeli\u011fi simgeleyen bir renk patlamas\u0131 katarken, l\u00fcks <a href=\"https:\/\/www.purejewels.com\/tr\/product\/22ct-gold-jali-filigree-ring-jali-collection-31926\/\">22ct<\/a> Alt\u0131n, \u0131\u015f\u0131lt\u0131l\u0131 bir fon g\u00f6revi g\u00f6rerek genel cazibesini art\u0131r\u0131r. Her bir kolyenin benzersiz bir ba\u015fyap\u0131t olmas\u0131n\u0131 sa\u011flamak i\u00e7in s\u00fcsl\u00fc desenlerden hassas s\u00fcslemelere kadar her ayr\u0131nt\u0131 titizlikle i\u015flenmi\u015ftir.<\/li>\n<li>D\u00fc\u011f\u00fcnler, \u015fenlikli kutlamalar veya \u00f6zel g\u00fcnler i\u00e7in m\u00fckemmel olan bu kolye, her k\u0131yafeti zahmetsizce y\u00fckseltir, sofistike bir havay\u0131 korurken cesur bir a\u00e7\u0131klama yapar. \u0130ster tek ba\u015f\u0131na ister di\u011fer par\u00e7alarla birlikte tak\u0131ls\u0131n, dikkat \u00e7ekmek ve hayranl\u0131k uyand\u0131rmak i\u00e7in tasarlanm\u0131\u015ft\u0131r.<\/li>\n<li>Bireyselli\u011finizi kutlay\u0131n ve bunun zamans\u0131z g\u00fczelli\u011fini kucaklay\u0131n <a href=\"https:\/\/www.purejewels.com\/tr\/product\/holy-cross-gold-pendant-44713\/\">22 ayar alt\u0131n<\/a> Maharani Koleksiyonu'ndan mavi emaye kolye.<\/li>\n<li>Hediye etmek veya kendi koleksiyonunuza de\u011ferli bir ekleme yapmak i\u00e7in ideal olan bu par\u00e7a, zarafet ve sanat\u0131 temsil eder. PureJewels'in cazibesini bug\u00fcn ke\u015ffedin!<\/li>\n<\/ul>","protected":false},"excerpt":{"rendered":"<table class=\"sh_desc\" style=\"width: 100%; height: 234px;\">\n<tbody>\n<tr style=\"height: 28px;\">\n<td style=\"height: 28px;\">Kolye Tipi<\/td>\n<td style=\"height: 28px;\">Mavi Mineli Bayan Kolye<\/td>\n<\/tr>\n<tr style=\"height: 28px;\">\n<td style=\"height: 28px;\">SKU<\/td>\n<td style=\"height: 28px;\">49559<\/td>\n<\/tr>\n<tr style=\"height: 28px;\">\n<td style=\"height: 28px;\">A\u011f\u0131rl\u0131k<\/td>\n<td style=\"height: 28px;\">96.2 gram<\/td>\n<\/tr>\n<tr style=\"height: 28px;\">\n<td style=\"height: 28px;\">Metal<\/td>\n<td style=\"height: 28px;\">22 Ayar Alt\u0131n<\/td>\n<\/tr>\n<tr style=\"height: 28px;\">\n<td style=\"height: 28px;\">Koleksiyon<\/td>\n<td style=\"height: 28px;\">Maharani Koleksiyonu<\/td>\n<\/tr>\n<tr style=\"height: 28px;\">\n<td style=\"height: 28px;\">Hallmark<\/td>\n<td style=\"height: 28px;\">Londra Tahlil Ofisi Taraf\u0131ndan Damgalanm\u0131\u015f 22 Ayar Alt\u0131n<\/td>\n<\/tr>\n<tr style=\"height: 28px;\">\n<td style=\"height: 28px;\">\u00dccretler<\/td>\n<td style=\"height: 28px;\">Teslimat ve KDV Dahil<\/td>\n<\/tr>\n<tr style=\"height: 28px;\">\n<td style=\"height: 28px;\">Paketleme<\/td>\n<td style=\"height: 28px;\">Sunum Kutusu ile Birlikte Gelir<\/td>\n<\/tr>\n<tr style=\"height: 84px;\">\n<td style=\"height: 38px;\">Daha Fazla Bilgi<\/td>\n<td style=\"height: 38px;\">\n<ul>\n<li>M\u00fcsaitlik durumu ve daha fazla resim i\u00e7in bizimle canl\u0131 sohbet edin<\/li>\n<li>Bizim ke\u015ffedin\u00a0<strong>Kolyeler<\/strong><\/li>\n<\/ul>\n<\/td>\n<\/tr>\n<\/tbody>\n<\/table>","protected":false},"featured_media":373110,"comment_status":"closed","ping_status":"closed","template":"","meta":{"_eb_attr":"","_crsspst_to_jayantr4sg-hostcom":false},"product_brand":[],"product_cat":[5950,1782,236,1229,1253,5875,5876,1778,1573,1574,5349],"product_tag":[5879,1430],"class_list":{"0":"post-372418","1":"product","2":"type-product","3":"status-publish","4":"has-post-thumbnail","6":"product_cat-bridal-necklace","7":"product_cat-choker-necklaces","8":"product_cat-collections","9":"product_cat-22ct-gold-jewellery","10":"product_cat-gold-necklaces","11":"product_cat-maharani-collection","12":"product_cat-maharani-necklace","13":"product_cat-short-necklaces","14":"product_cat-wedding-gifts","15":"product_cat-womens-jewellery","16":"product_cat-yellow-gold-jewellery","17":"product_tag-22ct-gold-necklace","18":"product_tag-diwali-gift","20":"first","21":"instock","22":"taxable","23":"shipping-taxable","24":"purchasable","25":"product-type-simple","26":"add-to-wishlist-before_image"},"yoast_head":"<!-- This site is optimized with the Yoast SEO plugin v27.5 - https:\/\/yoast.com\/product\/yoast-seo-wordpress\/ -->\n<title>22ct Gold Blue Enamel Necklace | PureJewels UK<\/title>\n<meta name=\"description\" content=\"Explore the elegant 22ct gold blue enamel necklace from Maharani Collection,featuring a stunning design that effortlessly adds a touch of luxury. Shop now!\" \/>\n<meta name=\"robots\" content=\"index, follow, max-snippet:-1, max-image-preview:large, max-video-preview:-1\" \/>\n<link rel=\"canonical\" href=\"https:\/\/www.purejewels.com\/tr\/urun\/22-ayar-altin-yesil-mineli-bayan-kolye-maharani-collection-49559\/\" \/>\n<meta property=\"og:locale\" content=\"tr_TR\" \/>\n<meta property=\"og:type\" content=\"article\" \/>\n<meta property=\"og:title\" content=\"22ct Gold Blue Enamel Necklace | PureJewels UK\" \/>\n<meta property=\"og:description\" content=\"Explore the elegant 22ct gold blue enamel necklace from Maharani Collection,featuring a stunning design that effortlessly adds a touch of luxury. Shop now!\" \/>\n<meta property=\"og:url\" content=\"https:\/\/www.purejewels.com\/tr\/urun\/22-ayar-altin-yesil-mineli-bayan-kolye-maharani-collection-49559\/\" \/>\n<meta property=\"og:site_name\" content=\"PureJewels UK\" \/>\n<meta property=\"article:modified_time\" content=\"2026-04-29T15:16:11+00:00\" \/>\n<meta property=\"og:image\" content=\"https:\/\/static.purejewels.com\/wp-content\/uploads\/2024\/09\/SKU-49559.png\" \/>\n\t<meta property=\"og:image:width\" content=\"1000\" \/>\n\t<meta property=\"og:image:height\" content=\"1000\" \/>\n\t<meta property=\"og:image:type\" content=\"image\/png\" \/>\n<meta name=\"twitter:card\" content=\"summary_large_image\" \/>\n<meta name=\"twitter:label1\" content=\"Tahmini okuma s\u00fcresi\" \/>\n\t<meta name=\"twitter:data1\" content=\"2 dakika\" \/>\n<script type=\"application\/ld+json\" class=\"yoast-schema-graph\">{\"@context\":\"https:\\\/\\\/schema.org\",\"@graph\":[{\"@type\":[\"WebPage\",\"ItemPage\"],\"@id\":\"https:\\\/\\\/www.purejewels.com\\\/product\\\/22ct-gold-green-enamel-ladies-necklace-maharani-collection-49559\\\/\",\"url\":\"https:\\\/\\\/www.purejewels.com\\\/product\\\/22ct-gold-green-enamel-ladies-necklace-maharani-collection-49559\\\/\",\"name\":\"22ct Gold Blue Enamel Necklace | PureJewels UK\",\"isPartOf\":{\"@id\":\"https:\\\/\\\/www.purejewels.com\\\/#website\"},\"primaryImageOfPage\":{\"@id\":\"https:\\\/\\\/www.purejewels.com\\\/product\\\/22ct-gold-green-enamel-ladies-necklace-maharani-collection-49559\\\/#primaryimage\"},\"image\":{\"@id\":\"https:\\\/\\\/www.purejewels.com\\\/product\\\/22ct-gold-green-enamel-ladies-necklace-maharani-collection-49559\\\/#primaryimage\"},\"thumbnailUrl\":\"https:\\\/\\\/static.purejewels.com\\\/wp-content\\\/uploads\\\/2024\\\/09\\\/SKU-49559.png\",\"datePublished\":\"2024-10-01T11:38:52+00:00\",\"dateModified\":\"2026-04-29T15:16:11+00:00\",\"description\":\"Explore the elegant 22ct gold blue enamel necklace from Maharani Collection,featuring a stunning design that effortlessly adds a touch of luxury. Shop now!\",\"breadcrumb\":{\"@id\":\"https:\\\/\\\/www.purejewels.com\\\/product\\\/22ct-gold-green-enamel-ladies-necklace-maharani-collection-49559\\\/#breadcrumb\"},\"inLanguage\":\"tr\",\"potentialAction\":[{\"@type\":\"ReadAction\",\"target\":[\"https:\\\/\\\/www.purejewels.com\\\/product\\\/22ct-gold-green-enamel-ladies-necklace-maharani-collection-49559\\\/\"]}]},{\"@type\":\"ImageObject\",\"inLanguage\":\"tr\",\"@id\":\"https:\\\/\\\/www.purejewels.com\\\/product\\\/22ct-gold-green-enamel-ladies-necklace-maharani-collection-49559\\\/#primaryimage\",\"url\":\"https:\\\/\\\/static.purejewels.com\\\/wp-content\\\/uploads\\\/2024\\\/09\\\/SKU-49559.png\",\"contentUrl\":\"https:\\\/\\\/static.purejewels.com\\\/wp-content\\\/uploads\\\/2024\\\/09\\\/SKU-49559.png\",\"width\":1000,\"height\":1000,\"caption\":\"22ct Gold Necklace\"},{\"@type\":\"BreadcrumbList\",\"@id\":\"https:\\\/\\\/www.purejewels.com\\\/product\\\/22ct-gold-green-enamel-ladies-necklace-maharani-collection-49559\\\/#breadcrumb\",\"itemListElement\":[{\"@type\":\"ListItem\",\"position\":1,\"name\":\"Home\",\"item\":\"https:\\\/\\\/www.purejewels.com\\\/\"},{\"@type\":\"ListItem\",\"position\":2,\"name\":\"Shop\",\"item\":\"https:\\\/\\\/www.purejewels.com\\\/shop\\\/\"},{\"@type\":\"ListItem\",\"position\":3,\"name\":\"22ct Gold Blue Enamel Necklace | Maharani Collection\"}]},{\"@type\":\"WebSite\",\"@id\":\"https:\\\/\\\/www.purejewels.com\\\/#website\",\"url\":\"https:\\\/\\\/www.purejewels.com\\\/\",\"name\":\"PureJewels UK\",\"description\":\"Share the Love\",\"publisher\":{\"@id\":\"https:\\\/\\\/www.purejewels.com\\\/#organization\"},\"potentialAction\":[{\"@type\":\"SearchAction\",\"target\":{\"@type\":\"EntryPoint\",\"urlTemplate\":\"https:\\\/\\\/www.purejewels.com\\\/?s={search_term_string}\"},\"query-input\":{\"@type\":\"PropertyValueSpecification\",\"valueRequired\":true,\"valueName\":\"search_term_string\"}}],\"inLanguage\":\"tr\"},{\"@type\":\"Organization\",\"@id\":\"https:\\\/\\\/www.purejewels.com\\\/#organization\",\"name\":\"PureJewels UK\",\"url\":\"https:\\\/\\\/www.purejewels.com\\\/\",\"logo\":{\"@type\":\"ImageObject\",\"inLanguage\":\"tr\",\"@id\":\"https:\\\/\\\/www.purejewels.com\\\/#\\\/schema\\\/logo\\\/image\\\/\",\"url\":\"https:\\\/\\\/static.purejewels.com\\\/wp-content\\\/uploads\\\/2020\\\/11\\\/Logo-PJ-New-1.png\",\"contentUrl\":\"https:\\\/\\\/static.purejewels.com\\\/wp-content\\\/uploads\\\/2020\\\/11\\\/Logo-PJ-New-1.png\",\"width\":150,\"height\":80,\"caption\":\"PureJewels UK\"},\"image\":{\"@id\":\"https:\\\/\\\/www.purejewels.com\\\/#\\\/schema\\\/logo\\\/image\\\/\"}}]}<\/script>\n<!-- \/ Yoast SEO plugin. -->","yoast_head_json":{"title":"22 Ayar Alt\u0131n Mavi Mineli Kolye | PureJewels UK","description":"Zahmetsizce l\u00fcks bir dokunu\u015f katan \u00e7arp\u0131c\u0131 bir tasar\u0131ma sahip Maharani Collection'\u0131n zarif 22 ayar alt\u0131n mavi mine kolyesini ke\u015ffedin. \u015eimdi sat\u0131n al\u0131n!","robots":{"index":"index","follow":"follow","max-snippet":"max-snippet:-1","max-image-preview":"max-image-preview:large","max-video-preview":"max-video-preview:-1"},"canonical":"https:\/\/www.purejewels.com\/tr\/urun\/22-ayar-altin-yesil-mineli-bayan-kolye-maharani-collection-49559\/","og_locale":"tr_TR","og_type":"article","og_title":"22ct Gold Blue Enamel Necklace | PureJewels UK","og_description":"Explore the elegant 22ct gold blue enamel necklace from Maharani Collection,featuring a stunning design that effortlessly adds a touch of luxury. Shop now!","og_url":"https:\/\/www.purejewels.com\/tr\/urun\/22-ayar-altin-yesil-mineli-bayan-kolye-maharani-collection-49559\/","og_site_name":"PureJewels UK","article_modified_time":"2026-04-29T15:16:11+00:00","og_image":[{"width":1000,"height":1000,"url":"https:\/\/static.purejewels.com\/wp-content\/uploads\/2024\/09\/SKU-49559.png","type":"image\/png"}],"twitter_card":"summary_large_image","twitter_misc":{"Tahmini okuma s\u00fcresi":"2 dakika"},"schema":{"@context":"https:\/\/schema.org","@graph":[{"@type":["WebPage","ItemPage"],"@id":"https:\/\/www.purejewels.com\/product\/22ct-gold-green-enamel-ladies-necklace-maharani-collection-49559\/","url":"https:\/\/www.purejewels.com\/product\/22ct-gold-green-enamel-ladies-necklace-maharani-collection-49559\/","name":"22 Ayar Alt\u0131n Mavi Mineli Kolye | PureJewels UK","isPartOf":{"@id":"https:\/\/www.purejewels.com\/#website"},"primaryImageOfPage":{"@id":"https:\/\/www.purejewels.com\/product\/22ct-gold-green-enamel-ladies-necklace-maharani-collection-49559\/#primaryimage"},"image":{"@id":"https:\/\/www.purejewels.com\/product\/22ct-gold-green-enamel-ladies-necklace-maharani-collection-49559\/#primaryimage"},"thumbnailUrl":"https:\/\/static.purejewels.com\/wp-content\/uploads\/2024\/09\/SKU-49559.png","datePublished":"2024-10-01T11:38:52+00:00","dateModified":"2026-04-29T15:16:11+00:00","description":"Zahmetsizce l\u00fcks bir dokunu\u015f katan \u00e7arp\u0131c\u0131 bir tasar\u0131ma sahip Maharani Collection'\u0131n zarif 22 ayar alt\u0131n mavi mine kolyesini ke\u015ffedin. \u015eimdi sat\u0131n al\u0131n!","breadcrumb":{"@id":"https:\/\/www.purejewels.com\/product\/22ct-gold-green-enamel-ladies-necklace-maharani-collection-49559\/#breadcrumb"},"inLanguage":"tr","potentialAction":[{"@type":"ReadAction","target":["https:\/\/www.purejewels.com\/product\/22ct-gold-green-enamel-ladies-necklace-maharani-collection-49559\/"]}]},{"@type":"ImageObject","inLanguage":"tr","@id":"https:\/\/www.purejewels.com\/product\/22ct-gold-green-enamel-ladies-necklace-maharani-collection-49559\/#primaryimage","url":"https:\/\/static.purejewels.com\/wp-content\/uploads\/2024\/09\/SKU-49559.png","contentUrl":"https:\/\/static.purejewels.com\/wp-content\/uploads\/2024\/09\/SKU-49559.png","width":1000,"height":1000,"caption":"22ct Gold Necklace"},{"@type":"BreadcrumbList","@id":"https:\/\/www.purejewels.com\/product\/22ct-gold-green-enamel-ladies-necklace-maharani-collection-49559\/#breadcrumb","itemListElement":[{"@type":"ListItem","position":1,"name":"Home","item":"https:\/\/www.purejewels.com\/"},{"@type":"ListItem","position":2,"name":"Shop","item":"https:\/\/www.purejewels.com\/shop\/"},{"@type":"ListItem","position":3,"name":"22ct Gold Blue Enamel Necklace | Maharani Collection"}]},{"@type":"WebSite","@id":"https:\/\/www.purejewels.com\/#website","url":"https:\/\/www.purejewels.com\/","name":"PureJewels \u0130ngiltere","description":"Sevgiyi Payla\u015f\u0131n","publisher":{"@id":"https:\/\/www.purejewels.com\/#organization"},"potentialAction":[{"@type":"SearchAction","target":{"@type":"EntryPoint","urlTemplate":"https:\/\/www.purejewels.com\/?s={search_term_string}"},"query-input":{"@type":"PropertyValueSpecification","valueRequired":true,"valueName":"search_term_string"}}],"inLanguage":"tr"},{"@type":"Organization","@id":"https:\/\/www.purejewels.com\/#organization","name":"PureJewels \u0130ngiltere","url":"https:\/\/www.purejewels.com\/","logo":{"@type":"ImageObject","inLanguage":"tr","@id":"https:\/\/www.purejewels.com\/#\/schema\/logo\/image\/","url":"https:\/\/static.purejewels.com\/wp-content\/uploads\/2020\/11\/Logo-PJ-New-1.png","contentUrl":"https:\/\/static.purejewels.com\/wp-content\/uploads\/2020\/11\/Logo-PJ-New-1.png","width":150,"height":80,"caption":"PureJewels UK"},"image":{"@id":"https:\/\/www.purejewels.com\/#\/schema\/logo\/image\/"}}]}},"_links":{"self":[{"href":"https:\/\/www.purejewels.com\/tr\/wp-json\/wp\/v2\/product\/372418","targetHints":{"allow":["GET"]}}],"collection":[{"href":"https:\/\/www.purejewels.com\/tr\/wp-json\/wp\/v2\/product"}],"about":[{"href":"https:\/\/www.purejewels.com\/tr\/wp-json\/wp\/v2\/types\/product"}],"replies":[{"embeddable":true,"href":"https:\/\/www.purejewels.com\/tr\/wp-json\/wp\/v2\/comments?post=372418"}],"version-history":[{"count":4,"href":"https:\/\/www.purejewels.com\/tr\/wp-json\/wp\/v2\/product\/372418\/revisions"}],"predecessor-version":[{"id":426474,"href":"https:\/\/www.purejewels.com\/tr\/wp-json\/wp\/v2\/product\/372418\/revisions\/426474"}],"wp:featuredmedia":[{"embeddable":true,"href":"https:\/\/www.purejewels.com\/tr\/wp-json\/wp\/v2\/media\/373110"}],"wp:attachment":[{"href":"https:\/\/www.purejewels.com\/tr\/wp-json\/wp\/v2\/media?parent=372418"}],"wp:term":[{"taxonomy":"product_brand","embeddable":true,"href":"https:\/\/www.purejewels.com\/tr\/wp-json\/wp\/v2\/product_brand?post=372418"},{"taxonomy":"product_cat","embeddable":true,"href":"https:\/\/www.purejewels.com\/tr\/wp-json\/wp\/v2\/product_cat?post=372418"},{"taxonomy":"product_tag","embeddable":true,"href":"https:\/\/www.purejewels.com\/tr\/wp-json\/wp\/v2\/product_tag?post=372418"}],"curies":[{"name":"wp","href":"https:\/\/api.w.org\/{rel}","templated":true}]}}