{"id":372553,"date":"2024-09-25T11:25:55","date_gmt":"2024-09-25T10:25:55","guid":{"rendered":"https:\/\/www.purejewels.com\/?post_type=product&#038;p=372553"},"modified":"2025-10-03T13:30:44","modified_gmt":"2025-10-03T12:30:44","slug":"22-ayar-altin-armari-kolye-gelin-stili-49188","status":"publish","type":"product","link":"https:\/\/www.purejewels.com\/tr\/product\/22ct-gold-armari-necklace-bridal-style-49188\/","title":{"rendered":"22 Ayar Alt\u0131n Bayan Kolye | Armari Koleksiyonu"},"content":{"rendered":"<ul>\n<li><strong>SKU:<\/strong> 49188<\/li>\n<li><b>Menzil kimli\u011fi:<\/b> JWNLRHAR007<\/li>\n<\/ul>\n<p>Bizim <a href=\"https:\/\/www.purejewels.com\/tr\/product\/22ct-gold-jali-filigree-ring-jali-collection-31926\/\">22ct<\/a> Purejewels'in alt\u0131n Armari kolyesi, markan\u0131n m\u00fckemmelli\u011fe olan ba\u011fl\u0131l\u0131\u011f\u0131n\u0131 \u00f6rnekleyen b\u00fcy\u00fcleyici bir par\u00e7ad\u0131r. <a href=\"https:\/\/www.purejewels.com\/tr\/a-guide-to-die-stamping\/\">zanaatkarl\u0131k<\/a> ve zamans\u0131z bir zarafet. Bu \u00e7arp\u0131c\u0131 kolyede karma\u015f\u0131k <a href=\"https:\/\/www.purejewels.com\/tr\/armari-collection\/\">kabartma<\/a> zengin bir doku katarak her harekette \u0131\u015f\u0131\u011f\u0131 g\u00fczel bir \u015fekilde yakalamas\u0131n\u0131 sa\u011flar. Tasar\u0131m\u0131n her bir unsuru, modern estetikle kusursuz bir \u015fekilde harmanlanm\u0131\u015f geleneksel tekniklere y\u00f6nelik derin bir takdiri yans\u0131tmaktad\u0131r.<\/p>\n<p>Armari kolyenin \u00f6ne \u00e7\u0131kan \u00f6zelliklerinden biri de her bir boncuk aras\u0131nda kullan\u0131lan el \u00f6rg\u00fcs\u00fc tekni\u011fidir. Bu titiz ayr\u0131nt\u0131, kolyenin esnekli\u011fini art\u0131rman\u0131n yan\u0131 s\u0131ra e\u015fsiz bir g\u00f6rsel \u00e7ekicilik de sa\u011flar. Bu tekni\u011fin i\u00e7erdi\u011fi sanat, her bir par\u00e7an\u0131n t\u00fcr\u00fcn\u00fcn tek \u00f6rne\u011fi olmas\u0131n\u0131 sa\u011flayarak Purejewels'teki zanaatk\u00e2rlar\u0131n beceri ve adanm\u0131\u015fl\u0131\u011f\u0131n\u0131 sergiliyor.<\/p>\n<p>L\u00fcks malzemeden \u00fcretilmi\u015ftir <a href=\"https:\/\/www.purejewels.com\/tr\/product\/holy-cross-gold-pendant-44713\/\">22 ayar alt\u0131n<\/a>Bu kolye sadece \u0131\u015f\u0131lt\u0131l\u0131 de\u011fil ayn\u0131 zamanda dayan\u0131kl\u0131d\u0131r ve her m\u00fccevher koleksiyonuna de\u011ferli bir katk\u0131 sa\u011flar. \u00c7ok y\u00f6nl\u00fc tasar\u0131m\u0131, \u00f6zel g\u00fcnlerde veya g\u00fcnl\u00fck \u015f\u0131kl\u0131k i\u00e7in bir ifade par\u00e7as\u0131 olarak tak\u0131lmas\u0131na olanak tan\u0131r. \u0130ster di\u011fer kolyelerle birlikte ister tek ba\u015f\u0131na tak\u0131ls\u0131n, armari kolye \u00e7arp\u0131c\u0131 bir izlenim b\u0131rak\u0131r.<\/p>\n<p>G\u00fczel m\u00fccevherleri takdir edenler i\u00e7in m\u00fckemmel olan bu kolye, incelik ve sanat\u0131 temsil eder. K\u00fclt\u00fcrel miras\u0131n ve modern tasar\u0131m\u0131n bir kutlamas\u0131 olan bu kolye, sevdikleriniz i\u00e7in ideal bir hediye veya de\u011ferli bir ki\u015fisel sat\u0131n al\u0131md\u0131r. Armari kolye ile sadece m\u00fccevher takm\u0131\u015f olmazs\u0131n\u0131z; kendinizi bir sanat eseriyle s\u00fcslemi\u015f olursunuz.<\/p>","protected":false},"excerpt":{"rendered":"<table class=\"sh_desc\">\n<tbody>\n<tr>\n<td>Kolye Tipi<\/td>\n<td>Armari Raani Haar<\/td>\n<\/tr>\n<tr>\n<td>SKU<\/td>\n<td>49188<\/td>\n<\/tr>\n<tr>\n<td>A\u011f\u0131rl\u0131k<\/td>\n<td>57.8 Gms<\/td>\n<\/tr>\n<tr>\n<td>Uzunluk<\/td>\n<td>18 \u0130n\u00e7<\/td>\n<\/tr>\n<tr>\n<td>Koleksiyon<\/td>\n<td>Armari Koleksiyonlar\u0131<\/td>\n<\/tr>\n<tr>\n<td>Metal<\/td>\n<td>22 Ayar Alt\u0131n<\/td>\n<\/tr>\n<tr>\n<td>\u00dccretler<\/td>\n<td>Teslimat ve KDV Dahil<\/td>\n<\/tr>\n<tr>\n<td>Paketleme<\/td>\n<td>Sunum Kutusu ile Birlikte Gelir<\/td>\n<\/tr>\n<tr>\n<td>Daha Fazla Bilgi<\/td>\n<td>\n<ul>\n<li>M\u00fcsaitlik durumu ve daha fazla resim i\u00e7in bizimle canl\u0131 sohbet edin<\/li>\n<li>Bizim ke\u015ffedin\u00a0<strong>alt\u0131n tak\u0131 seti<\/strong><\/li>\n<\/ul>\n<\/td>\n<\/tr>\n<\/tbody>\n<\/table>","protected":false},"featured_media":373179,"comment_status":"closed","ping_status":"closed","template":"","meta":{"_eb_attr":"","_crsspst_to_jayantr4sg-hostcom":false},"product_brand":[],"product_cat":[1780,245,5643,1625,236,5370,1229,1253,1573],"product_tag":[5883,5879],"class_list":{"0":"post-372553","1":"product","2":"type-product","3":"status-publish","4":"has-post-thumbnail","6":"product_cat-antique-style-necklaces","7":"product_cat-armari-collections","8":"product_cat-armari-necklace","9":"product_cat-bridal-set","10":"product_cat-collections","11":"product_cat-ethnic-jewellery","12":"product_cat-22ct-gold-jewellery","13":"product_cat-gold-necklaces","14":"product_cat-wedding-gifts","15":"product_tag-22ct-gold-armari-necklace","16":"product_tag-22ct-gold-necklace","18":"first","19":"onbackorder","20":"taxable","21":"shipping-taxable","22":"product-type-simple","23":"add-to-wishlist-before_image"},"yoast_head":"<!-- This site is optimized with the Yoast SEO plugin v27.5 - https:\/\/yoast.com\/product\/yoast-seo-wordpress\/ -->\n<title>22ct Gold Ladies Necklace from Armari Collection | PureJewels UK<\/title>\n<meta name=\"description\" content=\"Wedding &amp; Special Occasion Necklace in Rani Haar Style, crafted with embossing technique in 22ct Gold by PureJewels. Fast Delivery.\" \/>\n<meta name=\"robots\" content=\"index, follow, max-snippet:-1, max-image-preview:large, max-video-preview:-1\" \/>\n<link rel=\"canonical\" href=\"https:\/\/www.purejewels.com\/tr\/urun\/22-ayar-altin-armari-kolye-gelin-stili-49188\/\" \/>\n<meta property=\"og:locale\" content=\"tr_TR\" \/>\n<meta property=\"og:type\" content=\"article\" \/>\n<meta property=\"og:title\" content=\"22ct Gold Ladies Necklace from Armari Collection | PureJewels UK\" \/>\n<meta property=\"og:description\" content=\"Wedding &amp; Special Occasion Necklace in Rani Haar Style, crafted with embossing technique in 22ct Gold by PureJewels. Fast Delivery.\" \/>\n<meta property=\"og:url\" content=\"https:\/\/www.purejewels.com\/tr\/urun\/22-ayar-altin-armari-kolye-gelin-stili-49188\/\" \/>\n<meta property=\"og:site_name\" content=\"PureJewels UK\" \/>\n<meta property=\"article:modified_time\" content=\"2025-10-03T12:30:44+00:00\" \/>\n<meta property=\"og:image\" content=\"https:\/\/www.purejewels.com\/wp-content\/uploads\/2024\/09\/SKU-49188.png\" \/>\n\t<meta property=\"og:image:width\" content=\"1000\" \/>\n\t<meta property=\"og:image:height\" content=\"1000\" \/>\n\t<meta property=\"og:image:type\" content=\"image\/png\" \/>\n<meta name=\"twitter:card\" content=\"summary_large_image\" \/>\n<meta name=\"twitter:label1\" content=\"Tahmini okuma s\u00fcresi\" \/>\n\t<meta name=\"twitter:data1\" content=\"1 dakika\" \/>\n<script type=\"application\/ld+json\" class=\"yoast-schema-graph\">{\"@context\":\"https:\\\/\\\/schema.org\",\"@graph\":[{\"@type\":[\"WebPage\",\"ItemPage\"],\"@id\":\"https:\\\/\\\/www.purejewels.com\\\/de\\\/produkt-2\\\/22-kt-gold-armari-halskette-braut-stil-49188\\\/\",\"url\":\"https:\\\/\\\/www.purejewels.com\\\/de\\\/produkt-2\\\/22-kt-gold-armari-halskette-braut-stil-49188\\\/\",\"name\":\"22ct Gold Ladies Necklace from Armari Collection | PureJewels UK\",\"isPartOf\":{\"@id\":\"https:\\\/\\\/www.purejewels.com\\\/#website\"},\"primaryImageOfPage\":{\"@id\":\"https:\\\/\\\/www.purejewels.com\\\/de\\\/produkt-2\\\/22-kt-gold-armari-halskette-braut-stil-49188\\\/#primaryimage\"},\"image\":{\"@id\":\"https:\\\/\\\/www.purejewels.com\\\/de\\\/produkt-2\\\/22-kt-gold-armari-halskette-braut-stil-49188\\\/#primaryimage\"},\"thumbnailUrl\":\"https:\\\/\\\/static.purejewels.com\\\/wp-content\\\/uploads\\\/2024\\\/09\\\/SKU-49188.png\",\"datePublished\":\"2024-09-25T10:25:55+00:00\",\"dateModified\":\"2025-10-03T12:30:44+00:00\",\"description\":\"Wedding & Special Occasion Necklace in Rani Haar Style, crafted with embossing technique in 22ct Gold by PureJewels. Fast Delivery.\",\"breadcrumb\":{\"@id\":\"https:\\\/\\\/www.purejewels.com\\\/de\\\/produkt-2\\\/22-kt-gold-armari-halskette-braut-stil-49188\\\/#breadcrumb\"},\"inLanguage\":\"tr\",\"potentialAction\":[{\"@type\":\"ReadAction\",\"target\":[\"https:\\\/\\\/www.purejewels.com\\\/de\\\/produkt-2\\\/22-kt-gold-armari-halskette-braut-stil-49188\\\/\"]}]},{\"@type\":\"ImageObject\",\"inLanguage\":\"tr\",\"@id\":\"https:\\\/\\\/www.purejewels.com\\\/de\\\/produkt-2\\\/22-kt-gold-armari-halskette-braut-stil-49188\\\/#primaryimage\",\"url\":\"https:\\\/\\\/static.purejewels.com\\\/wp-content\\\/uploads\\\/2024\\\/09\\\/SKU-49188.png\",\"contentUrl\":\"https:\\\/\\\/static.purejewels.com\\\/wp-content\\\/uploads\\\/2024\\\/09\\\/SKU-49188.png\",\"width\":1000,\"height\":1000,\"caption\":\"22ct gold Armari neckalce\"},{\"@type\":\"BreadcrumbList\",\"@id\":\"https:\\\/\\\/www.purejewels.com\\\/de\\\/produkt-2\\\/22-kt-gold-armari-halskette-braut-stil-49188\\\/#breadcrumb\",\"itemListElement\":[{\"@type\":\"ListItem\",\"position\":1,\"name\":\"Home\",\"item\":\"https:\\\/\\\/www.purejewels.com\\\/\"},{\"@type\":\"ListItem\",\"position\":2,\"name\":\"Shop\",\"item\":\"https:\\\/\\\/www.purejewels.com\\\/shop\\\/\"},{\"@type\":\"ListItem\",\"position\":3,\"name\":\"22ct Gold Ladies Necklace | Armari Collection\"}]},{\"@type\":\"WebSite\",\"@id\":\"https:\\\/\\\/www.purejewels.com\\\/#website\",\"url\":\"https:\\\/\\\/www.purejewels.com\\\/\",\"name\":\"PureJewels UK\",\"description\":\"Share the Love\",\"publisher\":{\"@id\":\"https:\\\/\\\/www.purejewels.com\\\/#organization\"},\"potentialAction\":[{\"@type\":\"SearchAction\",\"target\":{\"@type\":\"EntryPoint\",\"urlTemplate\":\"https:\\\/\\\/www.purejewels.com\\\/?s={search_term_string}\"},\"query-input\":{\"@type\":\"PropertyValueSpecification\",\"valueRequired\":true,\"valueName\":\"search_term_string\"}}],\"inLanguage\":\"tr\"},{\"@type\":\"Organization\",\"@id\":\"https:\\\/\\\/www.purejewels.com\\\/#organization\",\"name\":\"PureJewels UK\",\"url\":\"https:\\\/\\\/www.purejewels.com\\\/\",\"logo\":{\"@type\":\"ImageObject\",\"inLanguage\":\"tr\",\"@id\":\"https:\\\/\\\/www.purejewels.com\\\/#\\\/schema\\\/logo\\\/image\\\/\",\"url\":\"https:\\\/\\\/static.purejewels.com\\\/wp-content\\\/uploads\\\/2020\\\/11\\\/Logo-PJ-New-1.png\",\"contentUrl\":\"https:\\\/\\\/static.purejewels.com\\\/wp-content\\\/uploads\\\/2020\\\/11\\\/Logo-PJ-New-1.png\",\"width\":150,\"height\":80,\"caption\":\"PureJewels UK\"},\"image\":{\"@id\":\"https:\\\/\\\/www.purejewels.com\\\/#\\\/schema\\\/logo\\\/image\\\/\"}}]}<\/script>\n<!-- \/ Yoast SEO plugin. -->","yoast_head_json":{"title":"Armari Koleksiyonundan 22 Ayar Alt\u0131n Bayan Kolye | PureJewels UK","description":"PureJewels taraf\u0131ndan 22 ayar alt\u0131n kabartma tekni\u011fi ile haz\u0131rlanm\u0131\u015f Rani Haar Stilinde D\u00fc\u011f\u00fcn ve \u00d6zel G\u00fcn Kolyesi. H\u0131zl\u0131 Teslimat.","robots":{"index":"index","follow":"follow","max-snippet":"max-snippet:-1","max-image-preview":"max-image-preview:large","max-video-preview":"max-video-preview:-1"},"canonical":"https:\/\/www.purejewels.com\/tr\/urun\/22-ayar-altin-armari-kolye-gelin-stili-49188\/","og_locale":"tr_TR","og_type":"article","og_title":"22ct Gold Ladies Necklace from Armari Collection | PureJewels UK","og_description":"Wedding & Special Occasion Necklace in Rani Haar Style, crafted with embossing technique in 22ct Gold by PureJewels. Fast Delivery.","og_url":"https:\/\/www.purejewels.com\/tr\/urun\/22-ayar-altin-armari-kolye-gelin-stili-49188\/","og_site_name":"PureJewels UK","article_modified_time":"2025-10-03T12:30:44+00:00","og_image":[{"width":1000,"height":1000,"url":"https:\/\/www.purejewels.com\/wp-content\/uploads\/2024\/09\/SKU-49188.png","type":"image\/png"}],"twitter_card":"summary_large_image","twitter_misc":{"Tahmini okuma s\u00fcresi":"1 dakika"},"schema":{"@context":"https:\/\/schema.org","@graph":[{"@type":["WebPage","ItemPage"],"@id":"https:\/\/www.purejewels.com\/de\/produkt-2\/22-kt-gold-armari-halskette-braut-stil-49188\/","url":"https:\/\/www.purejewels.com\/de\/produkt-2\/22-kt-gold-armari-halskette-braut-stil-49188\/","name":"Armari Koleksiyonundan 22 Ayar Alt\u0131n Bayan Kolye | PureJewels UK","isPartOf":{"@id":"https:\/\/www.purejewels.com\/#website"},"primaryImageOfPage":{"@id":"https:\/\/www.purejewels.com\/de\/produkt-2\/22-kt-gold-armari-halskette-braut-stil-49188\/#primaryimage"},"image":{"@id":"https:\/\/www.purejewels.com\/de\/produkt-2\/22-kt-gold-armari-halskette-braut-stil-49188\/#primaryimage"},"thumbnailUrl":"https:\/\/static.purejewels.com\/wp-content\/uploads\/2024\/09\/SKU-49188.png","datePublished":"2024-09-25T10:25:55+00:00","dateModified":"2025-10-03T12:30:44+00:00","description":"PureJewels taraf\u0131ndan 22 ayar alt\u0131n kabartma tekni\u011fi ile haz\u0131rlanm\u0131\u015f Rani Haar Stilinde D\u00fc\u011f\u00fcn ve \u00d6zel G\u00fcn Kolyesi. H\u0131zl\u0131 Teslimat.","breadcrumb":{"@id":"https:\/\/www.purejewels.com\/de\/produkt-2\/22-kt-gold-armari-halskette-braut-stil-49188\/#breadcrumb"},"inLanguage":"tr","potentialAction":[{"@type":"ReadAction","target":["https:\/\/www.purejewels.com\/de\/produkt-2\/22-kt-gold-armari-halskette-braut-stil-49188\/"]}]},{"@type":"ImageObject","inLanguage":"tr","@id":"https:\/\/www.purejewels.com\/de\/produkt-2\/22-kt-gold-armari-halskette-braut-stil-49188\/#primaryimage","url":"https:\/\/static.purejewels.com\/wp-content\/uploads\/2024\/09\/SKU-49188.png","contentUrl":"https:\/\/static.purejewels.com\/wp-content\/uploads\/2024\/09\/SKU-49188.png","width":1000,"height":1000,"caption":"22ct gold Armari neckalce"},{"@type":"BreadcrumbList","@id":"https:\/\/www.purejewels.com\/de\/produkt-2\/22-kt-gold-armari-halskette-braut-stil-49188\/#breadcrumb","itemListElement":[{"@type":"ListItem","position":1,"name":"Home","item":"https:\/\/www.purejewels.com\/"},{"@type":"ListItem","position":2,"name":"Shop","item":"https:\/\/www.purejewels.com\/shop\/"},{"@type":"ListItem","position":3,"name":"22ct Gold Ladies Necklace | Armari Collection"}]},{"@type":"WebSite","@id":"https:\/\/www.purejewels.com\/#website","url":"https:\/\/www.purejewels.com\/","name":"PureJewels \u0130ngiltere","description":"Sevgiyi Payla\u015f\u0131n","publisher":{"@id":"https:\/\/www.purejewels.com\/#organization"},"potentialAction":[{"@type":"SearchAction","target":{"@type":"EntryPoint","urlTemplate":"https:\/\/www.purejewels.com\/?s={search_term_string}"},"query-input":{"@type":"PropertyValueSpecification","valueRequired":true,"valueName":"search_term_string"}}],"inLanguage":"tr"},{"@type":"Organization","@id":"https:\/\/www.purejewels.com\/#organization","name":"PureJewels \u0130ngiltere","url":"https:\/\/www.purejewels.com\/","logo":{"@type":"ImageObject","inLanguage":"tr","@id":"https:\/\/www.purejewels.com\/#\/schema\/logo\/image\/","url":"https:\/\/static.purejewels.com\/wp-content\/uploads\/2020\/11\/Logo-PJ-New-1.png","contentUrl":"https:\/\/static.purejewels.com\/wp-content\/uploads\/2020\/11\/Logo-PJ-New-1.png","width":150,"height":80,"caption":"PureJewels UK"},"image":{"@id":"https:\/\/www.purejewels.com\/#\/schema\/logo\/image\/"}}]}},"_links":{"self":[{"href":"https:\/\/www.purejewels.com\/tr\/wp-json\/wp\/v2\/product\/372553","targetHints":{"allow":["GET"]}}],"collection":[{"href":"https:\/\/www.purejewels.com\/tr\/wp-json\/wp\/v2\/product"}],"about":[{"href":"https:\/\/www.purejewels.com\/tr\/wp-json\/wp\/v2\/types\/product"}],"replies":[{"embeddable":true,"href":"https:\/\/www.purejewels.com\/tr\/wp-json\/wp\/v2\/comments?post=372553"}],"version-history":[{"count":2,"href":"https:\/\/www.purejewels.com\/tr\/wp-json\/wp\/v2\/product\/372553\/revisions"}],"predecessor-version":[{"id":397760,"href":"https:\/\/www.purejewels.com\/tr\/wp-json\/wp\/v2\/product\/372553\/revisions\/397760"}],"wp:featuredmedia":[{"embeddable":true,"href":"https:\/\/www.purejewels.com\/tr\/wp-json\/wp\/v2\/media\/373179"}],"wp:attachment":[{"href":"https:\/\/www.purejewels.com\/tr\/wp-json\/wp\/v2\/media?parent=372553"}],"wp:term":[{"taxonomy":"product_brand","embeddable":true,"href":"https:\/\/www.purejewels.com\/tr\/wp-json\/wp\/v2\/product_brand?post=372553"},{"taxonomy":"product_cat","embeddable":true,"href":"https:\/\/www.purejewels.com\/tr\/wp-json\/wp\/v2\/product_cat?post=372553"},{"taxonomy":"product_tag","embeddable":true,"href":"https:\/\/www.purejewels.com\/tr\/wp-json\/wp\/v2\/product_tag?post=372553"}],"curies":[{"name":"wp","href":"https:\/\/api.w.org\/{rel}","templated":true}]}}