{"id":3730,"date":"2017-07-19T13:18:19","date_gmt":"2017-07-19T13:18:19","guid":{"rendered":"http:\/\/new.purejewels.com\/product\/sachin-tendulkar-1oz-gold-coin\/"},"modified":"2018-02-25T22:22:11","modified_gmt":"2018-02-25T22:22:11","slug":"sachin-tendulkar-1oz-altin-para","status":"publish","type":"product","link":"https:\/\/www.purejewels.com\/tr\/product\/sachin-tendulkar-1oz-gold-coin\/","title":{"rendered":"Sachin Tendulkar 1oz Alt\u0131n Sikke"},"content":{"rendered":"<p>Sachin Tendulkar 'D\u00fcnyan\u0131n En B\u00fcy\u00fck Vurucusu' 1oz Alt\u0131n Sikke.<\/p>\n<p>Resmi Sachin Tendulkar hat\u0131ra paras\u0131.<br \/>\nD\u00fcnya \u00e7ap\u0131nda 1.000 adet s\u0131n\u0131rl\u0131 say\u0131da \u00fcretilmi\u015ftir.<br \/>\nG\u00f6rkemli bir \u015fekilde bas\u0131lm\u0131\u015f premium bask\u0131 <a href=\"https:\/\/www.purejewels.com\/tr\/product\/24ct-gold-minted-bar-in-5grm\/\">24 ayar alt\u0131n<\/a>.<br \/>\nEn \u00fcst d\u00fczey 'kan\u0131t' kalitesine vurulmu\u015ftur.<br \/>\nEIC'ye \u00f6zel Sachin Tendulkar sunum kutusunda, ayr\u0131 ayr\u0131 numaraland\u0131r\u0131lm\u0131\u015f orijinallik sertifikas\u0131 ile birlikte sunulmaktad\u0131r.<\/p>","protected":false},"excerpt":{"rendered":"<p>Sachin Tendulkar 'D\u00fcnyan\u0131n En B\u00fcy\u00fck Vurucusu' 1oz Alt\u0131n Sikke.<\/p>\n<p>Resmi Sachin Tendulkar hat\u0131ra paras\u0131.<br \/>\nD\u00fcnya \u00e7ap\u0131nda 1.000 adet s\u0131n\u0131rl\u0131 say\u0131da \u00fcretilmi\u015ftir.<br \/>\nG\u00f6rkemli 24 ayar alt\u0131nla bas\u0131lm\u0131\u015f birinci s\u0131n\u0131f bask\u0131.<br \/>\nEn \u00fcst d\u00fczey 'kan\u0131t' kalitesine vurulmu\u015ftur.<br \/>\nEIC'ye \u00f6zel Sachin Tendulkar sunum kutusunda, ayr\u0131 ayr\u0131 numaraland\u0131r\u0131lm\u0131\u015f orijinallik sertifikas\u0131 ile birlikte sunulmaktad\u0131r.<\/p>","protected":false},"featured_media":3731,"comment_status":"open","ping_status":"closed","template":"","meta":{"_eb_attr":"","_crsspst_to_jayantr4sg-hostcom":false},"product_brand":[],"product_cat":[236],"product_tag":[],"class_list":{"0":"post-3730","1":"product","2":"type-product","3":"status-publish","4":"has-post-thumbnail","6":"product_cat-collections","8":"first","9":"outofstock","10":"taxable","11":"shipping-taxable","12":"product-type-simple","13":"add-to-wishlist-before_image"},"yoast_head":"<!-- This site is optimized with the Yoast SEO plugin v27.4 - https:\/\/yoast.com\/product\/yoast-seo-wordpress\/ -->\n<title>Sachin Tendulkar 1oz Gold Coin from PuireJewels.com Jewellery<\/title>\n<meta name=\"robots\" content=\"index, follow, max-snippet:-1, max-image-preview:large, max-video-preview:-1\" \/>\n<link rel=\"canonical\" href=\"https:\/\/www.purejewels.com\/tr\/urun\/sachin-tendulkar-1oz-altin-para\/\" \/>\n<meta property=\"og:locale\" content=\"tr_TR\" \/>\n<meta property=\"og:type\" content=\"article\" \/>\n<meta property=\"og:title\" content=\"Sachin Tendulkar 1oz Gold Coin from PuireJewels.com Jewellery\" \/>\n<meta property=\"og:description\" content=\"Sachin Tendulkar &#039;The World&#039;s Greatest Batsman&#039; 1oz Gold Coin.  Official Sachin Tendulkar commemorative coin. Strictly limited edition 1,000 pieces worldwide. Premium edition issued in glorious 24ct gold. Struck to ultimate &#039;proof&#039; quality. Presented in EIC exclusive Sachin Tendulkar presentation box with individually numbered certificate of authenticity.\" \/>\n<meta property=\"og:url\" content=\"https:\/\/www.purejewels.com\/tr\/urun\/sachin-tendulkar-1oz-altin-para\/\" \/>\n<meta property=\"og:site_name\" content=\"PureJewels UK\" \/>\n<meta property=\"article:modified_time\" content=\"2018-02-25T22:22:11+00:00\" \/>\n<meta property=\"og:image\" content=\"https:\/\/www.purejewels.com\/wp-content\/uploads\/2017\/07\/sachin_tendulkar_front-2.png\" \/>\n\t<meta property=\"og:image:width\" content=\"1100\" \/>\n\t<meta property=\"og:image:height\" content=\"1100\" \/>\n\t<meta property=\"og:image:type\" content=\"image\/png\" \/>\n<meta name=\"twitter:card\" content=\"summary_large_image\" \/>\n<script type=\"application\/ld+json\" class=\"yoast-schema-graph\">{\"@context\":\"https:\\\/\\\/schema.org\",\"@graph\":[{\"@type\":[\"WebPage\",\"ItemPage\"],\"@id\":\"https:\\\/\\\/www.purejewels.com\\\/product\\\/sachin-tendulkar-1oz-gold-coin\\\/\",\"url\":\"https:\\\/\\\/www.purejewels.com\\\/product\\\/sachin-tendulkar-1oz-gold-coin\\\/\",\"name\":\"Sachin Tendulkar 1oz Gold Coin from PuireJewels.com Jewellery\",\"isPartOf\":{\"@id\":\"https:\\\/\\\/www.purejewels.com\\\/#website\"},\"primaryImageOfPage\":{\"@id\":\"https:\\\/\\\/www.purejewels.com\\\/product\\\/sachin-tendulkar-1oz-gold-coin\\\/#primaryimage\"},\"image\":{\"@id\":\"https:\\\/\\\/www.purejewels.com\\\/product\\\/sachin-tendulkar-1oz-gold-coin\\\/#primaryimage\"},\"thumbnailUrl\":\"https:\\\/\\\/static.purejewels.com\\\/wp-content\\\/uploads\\\/2017\\\/07\\\/sachin_tendulkar_front-2.png\",\"datePublished\":\"2017-07-19T13:18:19+00:00\",\"dateModified\":\"2018-02-25T22:22:11+00:00\",\"breadcrumb\":{\"@id\":\"https:\\\/\\\/www.purejewels.com\\\/product\\\/sachin-tendulkar-1oz-gold-coin\\\/#breadcrumb\"},\"inLanguage\":\"tr\",\"potentialAction\":[{\"@type\":\"ReadAction\",\"target\":[\"https:\\\/\\\/www.purejewels.com\\\/product\\\/sachin-tendulkar-1oz-gold-coin\\\/\"]}]},{\"@type\":\"ImageObject\",\"inLanguage\":\"tr\",\"@id\":\"https:\\\/\\\/www.purejewels.com\\\/product\\\/sachin-tendulkar-1oz-gold-coin\\\/#primaryimage\",\"url\":\"https:\\\/\\\/static.purejewels.com\\\/wp-content\\\/uploads\\\/2017\\\/07\\\/sachin_tendulkar_front-2.png\",\"contentUrl\":\"https:\\\/\\\/static.purejewels.com\\\/wp-content\\\/uploads\\\/2017\\\/07\\\/sachin_tendulkar_front-2.png\",\"width\":1100,\"height\":1100,\"caption\":\"sachin_tendulkar_front.png\"},{\"@type\":\"BreadcrumbList\",\"@id\":\"https:\\\/\\\/www.purejewels.com\\\/product\\\/sachin-tendulkar-1oz-gold-coin\\\/#breadcrumb\",\"itemListElement\":[{\"@type\":\"ListItem\",\"position\":1,\"name\":\"Home\",\"item\":\"https:\\\/\\\/www.purejewels.com\\\/\"},{\"@type\":\"ListItem\",\"position\":2,\"name\":\"Shop\",\"item\":\"https:\\\/\\\/www.purejewels.com\\\/shop\\\/\"},{\"@type\":\"ListItem\",\"position\":3,\"name\":\"Sachin Tendulkar 1oz Gold Coin\"}]},{\"@type\":\"WebSite\",\"@id\":\"https:\\\/\\\/www.purejewels.com\\\/#website\",\"url\":\"https:\\\/\\\/www.purejewels.com\\\/\",\"name\":\"PureJewels UK\",\"description\":\"Share the Love\",\"publisher\":{\"@id\":\"https:\\\/\\\/www.purejewels.com\\\/#organization\"},\"potentialAction\":[{\"@type\":\"SearchAction\",\"target\":{\"@type\":\"EntryPoint\",\"urlTemplate\":\"https:\\\/\\\/www.purejewels.com\\\/?s={search_term_string}\"},\"query-input\":{\"@type\":\"PropertyValueSpecification\",\"valueRequired\":true,\"valueName\":\"search_term_string\"}}],\"inLanguage\":\"tr\"},{\"@type\":\"Organization\",\"@id\":\"https:\\\/\\\/www.purejewels.com\\\/#organization\",\"name\":\"PureJewels UK\",\"url\":\"https:\\\/\\\/www.purejewels.com\\\/\",\"logo\":{\"@type\":\"ImageObject\",\"inLanguage\":\"tr\",\"@id\":\"https:\\\/\\\/www.purejewels.com\\\/#\\\/schema\\\/logo\\\/image\\\/\",\"url\":\"https:\\\/\\\/static.purejewels.com\\\/wp-content\\\/uploads\\\/2020\\\/11\\\/Logo-PJ-New-1.png\",\"contentUrl\":\"https:\\\/\\\/static.purejewels.com\\\/wp-content\\\/uploads\\\/2020\\\/11\\\/Logo-PJ-New-1.png\",\"width\":150,\"height\":80,\"caption\":\"PureJewels UK\"},\"image\":{\"@id\":\"https:\\\/\\\/www.purejewels.com\\\/#\\\/schema\\\/logo\\\/image\\\/\"}}]}<\/script>\n<!-- \/ Yoast SEO plugin. -->","yoast_head_json":{"title":"PuireJewels.com Jewellery'den Sachin Tendulkar 1oz Alt\u0131n Sikke","robots":{"index":"index","follow":"follow","max-snippet":"max-snippet:-1","max-image-preview":"max-image-preview:large","max-video-preview":"max-video-preview:-1"},"canonical":"https:\/\/www.purejewels.com\/tr\/urun\/sachin-tendulkar-1oz-altin-para\/","og_locale":"tr_TR","og_type":"article","og_title":"Sachin Tendulkar 1oz Gold Coin from PuireJewels.com Jewellery","og_description":"Sachin Tendulkar 'The World's Greatest Batsman' 1oz Gold Coin.  Official Sachin Tendulkar commemorative coin. Strictly limited edition 1,000 pieces worldwide. Premium edition issued in glorious 24ct gold. Struck to ultimate 'proof' quality. Presented in EIC exclusive Sachin Tendulkar presentation box with individually numbered certificate of authenticity.","og_url":"https:\/\/www.purejewels.com\/tr\/urun\/sachin-tendulkar-1oz-altin-para\/","og_site_name":"PureJewels UK","article_modified_time":"2018-02-25T22:22:11+00:00","og_image":[{"width":1100,"height":1100,"url":"https:\/\/www.purejewels.com\/wp-content\/uploads\/2017\/07\/sachin_tendulkar_front-2.png","type":"image\/png"}],"twitter_card":"summary_large_image","schema":{"@context":"https:\/\/schema.org","@graph":[{"@type":["WebPage","ItemPage"],"@id":"https:\/\/www.purejewels.com\/product\/sachin-tendulkar-1oz-gold-coin\/","url":"https:\/\/www.purejewels.com\/product\/sachin-tendulkar-1oz-gold-coin\/","name":"PuireJewels.com Jewellery'den Sachin Tendulkar 1oz Alt\u0131n Sikke","isPartOf":{"@id":"https:\/\/www.purejewels.com\/#website"},"primaryImageOfPage":{"@id":"https:\/\/www.purejewels.com\/product\/sachin-tendulkar-1oz-gold-coin\/#primaryimage"},"image":{"@id":"https:\/\/www.purejewels.com\/product\/sachin-tendulkar-1oz-gold-coin\/#primaryimage"},"thumbnailUrl":"https:\/\/static.purejewels.com\/wp-content\/uploads\/2017\/07\/sachin_tendulkar_front-2.png","datePublished":"2017-07-19T13:18:19+00:00","dateModified":"2018-02-25T22:22:11+00:00","breadcrumb":{"@id":"https:\/\/www.purejewels.com\/product\/sachin-tendulkar-1oz-gold-coin\/#breadcrumb"},"inLanguage":"tr","potentialAction":[{"@type":"ReadAction","target":["https:\/\/www.purejewels.com\/product\/sachin-tendulkar-1oz-gold-coin\/"]}]},{"@type":"ImageObject","inLanguage":"tr","@id":"https:\/\/www.purejewels.com\/product\/sachin-tendulkar-1oz-gold-coin\/#primaryimage","url":"https:\/\/static.purejewels.com\/wp-content\/uploads\/2017\/07\/sachin_tendulkar_front-2.png","contentUrl":"https:\/\/static.purejewels.com\/wp-content\/uploads\/2017\/07\/sachin_tendulkar_front-2.png","width":1100,"height":1100,"caption":"sachin_tendulkar_front.png"},{"@type":"BreadcrumbList","@id":"https:\/\/www.purejewels.com\/product\/sachin-tendulkar-1oz-gold-coin\/#breadcrumb","itemListElement":[{"@type":"ListItem","position":1,"name":"Home","item":"https:\/\/www.purejewels.com\/"},{"@type":"ListItem","position":2,"name":"Shop","item":"https:\/\/www.purejewels.com\/shop\/"},{"@type":"ListItem","position":3,"name":"Sachin Tendulkar 1oz Gold Coin"}]},{"@type":"WebSite","@id":"https:\/\/www.purejewels.com\/#website","url":"https:\/\/www.purejewels.com\/","name":"PureJewels \u0130ngiltere","description":"Sevgiyi Payla\u015f\u0131n","publisher":{"@id":"https:\/\/www.purejewels.com\/#organization"},"potentialAction":[{"@type":"SearchAction","target":{"@type":"EntryPoint","urlTemplate":"https:\/\/www.purejewels.com\/?s={search_term_string}"},"query-input":{"@type":"PropertyValueSpecification","valueRequired":true,"valueName":"search_term_string"}}],"inLanguage":"tr"},{"@type":"Organization","@id":"https:\/\/www.purejewels.com\/#organization","name":"PureJewels \u0130ngiltere","url":"https:\/\/www.purejewels.com\/","logo":{"@type":"ImageObject","inLanguage":"tr","@id":"https:\/\/www.purejewels.com\/#\/schema\/logo\/image\/","url":"https:\/\/static.purejewels.com\/wp-content\/uploads\/2020\/11\/Logo-PJ-New-1.png","contentUrl":"https:\/\/static.purejewels.com\/wp-content\/uploads\/2020\/11\/Logo-PJ-New-1.png","width":150,"height":80,"caption":"PureJewels UK"},"image":{"@id":"https:\/\/www.purejewels.com\/#\/schema\/logo\/image\/"}}]}},"_links":{"self":[{"href":"https:\/\/www.purejewels.com\/tr\/wp-json\/wp\/v2\/product\/3730","targetHints":{"allow":["GET"]}}],"collection":[{"href":"https:\/\/www.purejewels.com\/tr\/wp-json\/wp\/v2\/product"}],"about":[{"href":"https:\/\/www.purejewels.com\/tr\/wp-json\/wp\/v2\/types\/product"}],"replies":[{"embeddable":true,"href":"https:\/\/www.purejewels.com\/tr\/wp-json\/wp\/v2\/comments?post=3730"}],"version-history":[{"count":0,"href":"https:\/\/www.purejewels.com\/tr\/wp-json\/wp\/v2\/product\/3730\/revisions"}],"wp:featuredmedia":[{"embeddable":true,"href":"https:\/\/www.purejewels.com\/tr\/wp-json\/wp\/v2\/media\/3731"}],"wp:attachment":[{"href":"https:\/\/www.purejewels.com\/tr\/wp-json\/wp\/v2\/media?parent=3730"}],"wp:term":[{"taxonomy":"product_brand","embeddable":true,"href":"https:\/\/www.purejewels.com\/tr\/wp-json\/wp\/v2\/product_brand?post=3730"},{"taxonomy":"product_cat","embeddable":true,"href":"https:\/\/www.purejewels.com\/tr\/wp-json\/wp\/v2\/product_cat?post=3730"},{"taxonomy":"product_tag","embeddable":true,"href":"https:\/\/www.purejewels.com\/tr\/wp-json\/wp\/v2\/product_tag?post=3730"}],"curies":[{"name":"wp","href":"https:\/\/api.w.org\/{rel}","templated":true}]}}