{"id":373426,"date":"2024-10-07T06:30:53","date_gmt":"2024-10-07T05:30:53","guid":{"rendered":"https:\/\/www.purejewels.com\/?post_type=product&#038;p=373426"},"modified":"2026-01-30T07:13:34","modified_gmt":"2026-01-30T07:13:34","slug":"22-ayar-altin-tavus-kusu-motifli-saplama-kupe-48013","status":"publish","type":"product","link":"https:\/\/www.purejewels.com\/tr\/product\/22ct-gold-peacock-motif-stud-earring-48013\/","title":{"rendered":"22 Ayar Alt\u0131n Tavusku\u015fu Motifli Saplama K\u00fcpe"},"content":{"rendered":"<div class=\"presented-response-container ng-tns-c2631351022-58\">\n<div class=\"response-container-content ng-tns-c2631351022-58 tunable-selection-with-avatar\">\n<div class=\"response-content ng-tns-c2631351022-58\">\n<div class=\"markdown markdown-main-panel\" dir=\"ltr\">\n<p data-sourcepos=\"3:1-3:246\">Detaylara titizlikle \u00f6zen g\u00f6sterilerek haz\u0131rlanan bu k\u00fcpeler tavus ku\u015funun zarafetini ve g\u00fczelli\u011fini sergiliyor. Bu g\u00f6rkemli ku\u015fun \u00f6z\u00fcn\u00fc yans\u0131tan karma\u015f\u0131k tasar\u0131m, k\u00fcpeleri m\u00fccevher koleksiyonunuza ger\u00e7ekten e\u015fsiz ve \u015f\u0131k bir katk\u0131 haline getiriyor.<\/p>\n<p data-sourcepos=\"5:1-5:13\"><strong>\u00d6zellikler:<\/strong><\/p>\n<ul data-sourcepos=\"7:1-11:0\">\n<li data-sourcepos=\"7:1-7:93\"><strong><a href=\"https:\/\/www.purejewels.com\/tr\/product\/22ct-gold-jali-filigree-ring-jali-collection-31926\/\">22ct<\/a> Alt\u0131n:<\/strong> Y\u00fcksek kaliteli malzemeden \u00fcretilmi\u015ftir <a href=\"https:\/\/www.purejewels.com\/tr\/product\/holy-cross-gold-pendant-44713\/\">22 ayar alt\u0131n<\/a>dayan\u0131kl\u0131l\u0131k ve zamans\u0131z bir parlakl\u0131k sa\u011flar.<\/li>\n<li data-sourcepos=\"8:1-8:114\"><strong>Tavus ku\u015fu motifi:<\/strong> Hassas tavus ku\u015fu motifi, ku\u015fun zarafetini ve g\u00fczelli\u011fini sergilemek i\u00e7in karma\u015f\u0131k bir \u015fekilde i\u015flenmi\u015ftir.<\/li>\n<li data-sourcepos=\"9:1-9:104\"><strong>Saplama Tasar\u0131m\u0131:<\/strong> Klasik saplama tasar\u0131m\u0131 bu k\u00fcpeleri \u00e7ok y\u00f6nl\u00fc ve her duruma uygun hale getirir.<\/li>\n<li data-sourcepos=\"10:1-11:0\"><strong>Damgal\u0131:<\/strong> Bu k\u00fcpeler, alt\u0131n\u0131n safl\u0131\u011f\u0131n\u0131 ve kalitesini garanti etmek i\u00e7in damgalanm\u0131\u015ft\u0131r.<\/li>\n<\/ul>\n<p data-sourcepos=\"12:1-12:16\"><strong>\u015eunun i\u00e7in m\u00fckemmel:<\/strong><\/p>\n<ul data-sourcepos=\"14:1-17:0\">\n<li data-sourcepos=\"14:1-14:67\"><strong>G\u00fcnl\u00fck Giyim:<\/strong> G\u00fcnl\u00fck k\u0131yafetlerinize \u015f\u0131k bir dokunu\u015f kat\u0131n.<\/li>\n<li data-sourcepos=\"15:1-15:88\"><strong>\u00d6zel G\u00fcnler:<\/strong> D\u00fc\u011f\u00fcnlerde, partilerde veya di\u011fer \u00f6zel etkinliklerde bir a\u00e7\u0131klama yap\u0131n.<\/li>\n<li data-sourcepos=\"16:1-17:0\"><strong>Hediye vermek:<\/strong> Sevdikleriniz i\u00e7in d\u00fc\u015f\u00fcnceli ve l\u00fcks bir hediye.<\/li>\n<\/ul>\n<div class=\"container\"><\/div>\n<\/div>\n<div class=\"skeleton-loader-container\"><\/div>\n<div class=\"response-footer gap complete\"><\/div>\n<\/div>\n<\/div>\n<\/div>\n<div class=\"response-container-footer ng-tns-c2631351022-58\">\n<div class=\"actions-container-v2 ng-star-inserted\">\n<div class=\"buttons-container-v2 ng-star-inserted\">\n<div class=\"menu-button-wrapper ng-star-inserted\"><\/div>\n<\/div>\n<\/div>\n<\/div>","protected":false},"excerpt":{"rendered":"<p><strong>22 Ayar Alt\u0131n Tavusku\u015fu Motifli Saplama K\u00fcpemizin g\u00fczelli\u011fi ve l\u00fcks\u00fcyle kendinizi \u015f\u0131mart\u0131n.<\/strong><\/p>\n<table class=\"sh_desc\">\n<tbody>\n<tr>\n<td>K\u00fcpe T\u00fcr\u00fc<\/td>\n<td>Saplama K\u00fcpe<\/td>\n<\/tr>\n<tr>\n<td>SKU<\/td>\n<td>48013<\/td>\n<\/tr>\n<tr>\n<td>A\u011f\u0131rl\u0131k<\/td>\n<td>7.8 Gms<\/td>\n<\/tr>\n<tr>\n<td>Biti\u015f<\/td>\n<td>Antique_Matte<\/td>\n<\/tr>\n<tr>\n<td>Cinsiyet<\/td>\n<td>Bayanlar<\/td>\n<\/tr>\n<tr>\n<td>Koleksiyon<\/td>\n<td><strong>Armari Koleksiyonu<\/strong><\/td>\n<\/tr>\n<tr>\n<td>Metal<\/td>\n<td>22 Ayar Alt\u0131n<\/td>\n<\/tr>\n<tr>\n<td>\u00dccretler<\/td>\n<td>Teslimat ve KDV Dahil<\/td>\n<\/tr>\n<tr>\n<td>Paketleme<\/td>\n<td>Sunum Kutusu ile Birlikte Gelir<\/td>\n<\/tr>\n<tr>\n<td>Daha Fazla Bilgi<\/td>\n<td>M\u00fcsaitlik durumu ve daha fazla resim i\u00e7in bizimle canl\u0131 sohbet edin<\/td>\n<\/tr>\n<\/tbody>\n<\/table>","protected":false},"featured_media":373435,"comment_status":"closed","ping_status":"closed","template":"","meta":{"_eb_attr":"","_crsspst_to_jayantr4sg-hostcom":false},"product_brand":[],"product_cat":[1791,245,5639,6143,1559,1793,1254,1229,1570,1577,1573,1574,5349],"product_tag":[],"class_list":{"0":"post-373426","1":"product","2":"type-product","3":"status-publish","4":"has-post-thumbnail","6":"product_cat-anniversary-gifts","7":"product_cat-armari-collections","8":"product_cat-armari-earring","9":"product_cat-armari-stud-earrings","10":"product_cat-birthday-gifts","11":"product_cat-diwali-gifts","12":"product_cat-gold-earrings","13":"product_cat-22ct-gold-jewellery","14":"product_cat-mothers-day-gifts","15":"product_cat-stud-earrings","16":"product_cat-wedding-gifts","17":"product_cat-womens-jewellery","18":"product_cat-yellow-gold-jewellery","20":"first","21":"instock","22":"taxable","23":"shipping-taxable","24":"purchasable","25":"product-type-simple","26":"add-to-wishlist-before_image"},"yoast_head":"<!-- This site is optimized with the Yoast SEO plugin v27.5 - https:\/\/yoast.com\/product\/yoast-seo-wordpress\/ -->\n<title>22ct Gold Peacock Motif Stud Earring | PureJewels UK<\/title>\n<meta name=\"description\" content=\"&quot;Elegant 22ct Gold Peacock Motif Stud Earrings, weighing 7.8 grams. A timeless piece that blends intricate design with luxury, perfect for adding a touch of sophistication to any occasion.&quot;\" \/>\n<meta name=\"robots\" content=\"index, follow, max-snippet:-1, max-image-preview:large, max-video-preview:-1\" \/>\n<link rel=\"canonical\" href=\"https:\/\/www.purejewels.com\/tr\/urun\/22-ayar-altin-tavus-kusu-motifli-saplama-kupe-48013\/\" \/>\n<meta property=\"og:locale\" content=\"tr_TR\" \/>\n<meta property=\"og:type\" content=\"article\" \/>\n<meta property=\"og:title\" content=\"22ct Gold Peacock Motif Stud Earring | PureJewels UK\" \/>\n<meta property=\"og:description\" content=\"&quot;Elegant 22ct Gold Peacock Motif Stud Earrings, weighing 7.8 grams. A timeless piece that blends intricate design with luxury, perfect for adding a touch of sophistication to any occasion.&quot;\" \/>\n<meta property=\"og:url\" content=\"https:\/\/www.purejewels.com\/tr\/urun\/22-ayar-altin-tavus-kusu-motifli-saplama-kupe-48013\/\" \/>\n<meta property=\"og:site_name\" content=\"PureJewels UK\" \/>\n<meta property=\"article:modified_time\" content=\"2026-01-30T07:13:34+00:00\" \/>\n<meta property=\"og:image\" content=\"https:\/\/static.purejewels.com\/wp-content\/uploads\/2024\/10\/SKU-48013.png\" \/>\n\t<meta property=\"og:image:width\" content=\"1000\" \/>\n\t<meta property=\"og:image:height\" content=\"1000\" \/>\n\t<meta property=\"og:image:type\" content=\"image\/png\" \/>\n<meta name=\"twitter:card\" content=\"summary_large_image\" \/>\n<meta name=\"twitter:label1\" content=\"Tahmini okuma s\u00fcresi\" \/>\n\t<meta name=\"twitter:data1\" content=\"1 dakika\" \/>\n<script type=\"application\/ld+json\" class=\"yoast-schema-graph\">{\"@context\":\"https:\\\/\\\/schema.org\",\"@graph\":[{\"@type\":[\"WebPage\",\"ItemPage\"],\"@id\":\"https:\\\/\\\/www.purejewels.com\\\/product\\\/22ct-gold-peacock-motif-stud-earring-48013\\\/\",\"url\":\"https:\\\/\\\/www.purejewels.com\\\/product\\\/22ct-gold-peacock-motif-stud-earring-48013\\\/\",\"name\":\"22ct Gold Peacock Motif Stud Earring | PureJewels UK\",\"isPartOf\":{\"@id\":\"https:\\\/\\\/www.purejewels.com\\\/#website\"},\"primaryImageOfPage\":{\"@id\":\"https:\\\/\\\/www.purejewels.com\\\/product\\\/22ct-gold-peacock-motif-stud-earring-48013\\\/#primaryimage\"},\"image\":{\"@id\":\"https:\\\/\\\/www.purejewels.com\\\/product\\\/22ct-gold-peacock-motif-stud-earring-48013\\\/#primaryimage\"},\"thumbnailUrl\":\"https:\\\/\\\/static.purejewels.com\\\/wp-content\\\/uploads\\\/2024\\\/10\\\/SKU-48013.png\",\"datePublished\":\"2024-10-07T05:30:53+00:00\",\"dateModified\":\"2026-01-30T07:13:34+00:00\",\"description\":\"\\\"Elegant 22ct Gold Peacock Motif Stud Earrings, weighing 7.8 grams. A timeless piece that blends intricate design with luxury, perfect for adding a touch of sophistication to any occasion.\\\"\",\"breadcrumb\":{\"@id\":\"https:\\\/\\\/www.purejewels.com\\\/product\\\/22ct-gold-peacock-motif-stud-earring-48013\\\/#breadcrumb\"},\"inLanguage\":\"tr\",\"potentialAction\":[{\"@type\":\"ReadAction\",\"target\":[\"https:\\\/\\\/www.purejewels.com\\\/product\\\/22ct-gold-peacock-motif-stud-earring-48013\\\/\"]}]},{\"@type\":\"ImageObject\",\"inLanguage\":\"tr\",\"@id\":\"https:\\\/\\\/www.purejewels.com\\\/product\\\/22ct-gold-peacock-motif-stud-earring-48013\\\/#primaryimage\",\"url\":\"https:\\\/\\\/static.purejewels.com\\\/wp-content\\\/uploads\\\/2024\\\/10\\\/SKU-48013.png\",\"contentUrl\":\"https:\\\/\\\/static.purejewels.com\\\/wp-content\\\/uploads\\\/2024\\\/10\\\/SKU-48013.png\",\"width\":1000,\"height\":1000,\"caption\":\"22ct Gold Stud Earring\"},{\"@type\":\"BreadcrumbList\",\"@id\":\"https:\\\/\\\/www.purejewels.com\\\/product\\\/22ct-gold-peacock-motif-stud-earring-48013\\\/#breadcrumb\",\"itemListElement\":[{\"@type\":\"ListItem\",\"position\":1,\"name\":\"Home\",\"item\":\"https:\\\/\\\/www.purejewels.com\\\/\"},{\"@type\":\"ListItem\",\"position\":2,\"name\":\"Shop\",\"item\":\"https:\\\/\\\/www.purejewels.com\\\/shop\\\/\"},{\"@type\":\"ListItem\",\"position\":3,\"name\":\"22ct Gold Peacock Motif Stud Earring\"}]},{\"@type\":\"WebSite\",\"@id\":\"https:\\\/\\\/www.purejewels.com\\\/#website\",\"url\":\"https:\\\/\\\/www.purejewels.com\\\/\",\"name\":\"PureJewels UK\",\"description\":\"Share the Love\",\"publisher\":{\"@id\":\"https:\\\/\\\/www.purejewels.com\\\/#organization\"},\"potentialAction\":[{\"@type\":\"SearchAction\",\"target\":{\"@type\":\"EntryPoint\",\"urlTemplate\":\"https:\\\/\\\/www.purejewels.com\\\/?s={search_term_string}\"},\"query-input\":{\"@type\":\"PropertyValueSpecification\",\"valueRequired\":true,\"valueName\":\"search_term_string\"}}],\"inLanguage\":\"tr\"},{\"@type\":\"Organization\",\"@id\":\"https:\\\/\\\/www.purejewels.com\\\/#organization\",\"name\":\"PureJewels UK\",\"url\":\"https:\\\/\\\/www.purejewels.com\\\/\",\"logo\":{\"@type\":\"ImageObject\",\"inLanguage\":\"tr\",\"@id\":\"https:\\\/\\\/www.purejewels.com\\\/#\\\/schema\\\/logo\\\/image\\\/\",\"url\":\"https:\\\/\\\/static.purejewels.com\\\/wp-content\\\/uploads\\\/2020\\\/11\\\/Logo-PJ-New-1.png\",\"contentUrl\":\"https:\\\/\\\/static.purejewels.com\\\/wp-content\\\/uploads\\\/2020\\\/11\\\/Logo-PJ-New-1.png\",\"width\":150,\"height\":80,\"caption\":\"PureJewels UK\"},\"image\":{\"@id\":\"https:\\\/\\\/www.purejewels.com\\\/#\\\/schema\\\/logo\\\/image\\\/\"}}]}<\/script>\n<!-- \/ Yoast SEO plugin. -->","yoast_head_json":{"title":"22 Ayar Alt\u0131n Tavusku\u015fu Motifli Saplama K\u00fcpe | PureJewels UK","description":"\"Zarif 22 Ayar Alt\\u0131n Tavus Ku\\u015fu Motifli Saplama K\\u00fcpe, 7,8 gram a\\u011f\\u0131rl\\u0131\\u011f\\u0131nda. Karma\\u015f\\u0131k tasar\\u0131m\\u0131 l\\u00fcksle harmanlayan zamans\\u0131z bir par\\u00e7a, her duruma sofistike bir dokunu\\u015f katmak i\\u00e7in m\\u00fckemmel.\"","robots":{"index":"index","follow":"follow","max-snippet":"max-snippet:-1","max-image-preview":"max-image-preview:large","max-video-preview":"max-video-preview:-1"},"canonical":"https:\/\/www.purejewels.com\/tr\/urun\/22-ayar-altin-tavus-kusu-motifli-saplama-kupe-48013\/","og_locale":"tr_TR","og_type":"article","og_title":"22ct Gold Peacock Motif Stud Earring | PureJewels UK","og_description":"\"Elegant 22ct Gold Peacock Motif Stud Earrings, weighing 7.8 grams. A timeless piece that blends intricate design with luxury, perfect for adding a touch of sophistication to any occasion.\"","og_url":"https:\/\/www.purejewels.com\/tr\/urun\/22-ayar-altin-tavus-kusu-motifli-saplama-kupe-48013\/","og_site_name":"PureJewels UK","article_modified_time":"2026-01-30T07:13:34+00:00","og_image":[{"width":1000,"height":1000,"url":"https:\/\/static.purejewels.com\/wp-content\/uploads\/2024\/10\/SKU-48013.png","type":"image\/png"}],"twitter_card":"summary_large_image","twitter_misc":{"Tahmini okuma s\u00fcresi":"1 dakika"},"schema":{"@context":"https:\/\/schema.org","@graph":[{"@type":["WebPage","ItemPage"],"@id":"https:\/\/www.purejewels.com\/product\/22ct-gold-peacock-motif-stud-earring-48013\/","url":"https:\/\/www.purejewels.com\/product\/22ct-gold-peacock-motif-stud-earring-48013\/","name":"22 Ayar Alt\u0131n Tavusku\u015fu Motifli Saplama K\u00fcpe | PureJewels UK","isPartOf":{"@id":"https:\/\/www.purejewels.com\/#website"},"primaryImageOfPage":{"@id":"https:\/\/www.purejewels.com\/product\/22ct-gold-peacock-motif-stud-earring-48013\/#primaryimage"},"image":{"@id":"https:\/\/www.purejewels.com\/product\/22ct-gold-peacock-motif-stud-earring-48013\/#primaryimage"},"thumbnailUrl":"https:\/\/static.purejewels.com\/wp-content\/uploads\/2024\/10\/SKU-48013.png","datePublished":"2024-10-07T05:30:53+00:00","dateModified":"2026-01-30T07:13:34+00:00","description":"\"Zarif 22 Ayar Alt\\u0131n Tavus Ku\\u015fu Motifli Saplama K\\u00fcpe, 7,8 gram a\\u011f\\u0131rl\\u0131\\u011f\\u0131nda. Karma\\u015f\\u0131k tasar\\u0131m\\u0131 l\\u00fcksle harmanlayan zamans\\u0131z bir par\\u00e7a, her duruma sofistike bir dokunu\\u015f katmak i\\u00e7in m\\u00fckemmel.\"","breadcrumb":{"@id":"https:\/\/www.purejewels.com\/product\/22ct-gold-peacock-motif-stud-earring-48013\/#breadcrumb"},"inLanguage":"tr","potentialAction":[{"@type":"ReadAction","target":["https:\/\/www.purejewels.com\/product\/22ct-gold-peacock-motif-stud-earring-48013\/"]}]},{"@type":"ImageObject","inLanguage":"tr","@id":"https:\/\/www.purejewels.com\/product\/22ct-gold-peacock-motif-stud-earring-48013\/#primaryimage","url":"https:\/\/static.purejewels.com\/wp-content\/uploads\/2024\/10\/SKU-48013.png","contentUrl":"https:\/\/static.purejewels.com\/wp-content\/uploads\/2024\/10\/SKU-48013.png","width":1000,"height":1000,"caption":"22ct Gold Stud Earring"},{"@type":"BreadcrumbList","@id":"https:\/\/www.purejewels.com\/product\/22ct-gold-peacock-motif-stud-earring-48013\/#breadcrumb","itemListElement":[{"@type":"ListItem","position":1,"name":"Home","item":"https:\/\/www.purejewels.com\/"},{"@type":"ListItem","position":2,"name":"Shop","item":"https:\/\/www.purejewels.com\/shop\/"},{"@type":"ListItem","position":3,"name":"22ct Gold Peacock Motif Stud Earring"}]},{"@type":"WebSite","@id":"https:\/\/www.purejewels.com\/#website","url":"https:\/\/www.purejewels.com\/","name":"PureJewels \u0130ngiltere","description":"Sevgiyi Payla\u015f\u0131n","publisher":{"@id":"https:\/\/www.purejewels.com\/#organization"},"potentialAction":[{"@type":"SearchAction","target":{"@type":"EntryPoint","urlTemplate":"https:\/\/www.purejewels.com\/?s={search_term_string}"},"query-input":{"@type":"PropertyValueSpecification","valueRequired":true,"valueName":"search_term_string"}}],"inLanguage":"tr"},{"@type":"Organization","@id":"https:\/\/www.purejewels.com\/#organization","name":"PureJewels \u0130ngiltere","url":"https:\/\/www.purejewels.com\/","logo":{"@type":"ImageObject","inLanguage":"tr","@id":"https:\/\/www.purejewels.com\/#\/schema\/logo\/image\/","url":"https:\/\/static.purejewels.com\/wp-content\/uploads\/2020\/11\/Logo-PJ-New-1.png","contentUrl":"https:\/\/static.purejewels.com\/wp-content\/uploads\/2020\/11\/Logo-PJ-New-1.png","width":150,"height":80,"caption":"PureJewels UK"},"image":{"@id":"https:\/\/www.purejewels.com\/#\/schema\/logo\/image\/"}}]}},"_links":{"self":[{"href":"https:\/\/www.purejewels.com\/tr\/wp-json\/wp\/v2\/product\/373426","targetHints":{"allow":["GET"]}}],"collection":[{"href":"https:\/\/www.purejewels.com\/tr\/wp-json\/wp\/v2\/product"}],"about":[{"href":"https:\/\/www.purejewels.com\/tr\/wp-json\/wp\/v2\/types\/product"}],"replies":[{"embeddable":true,"href":"https:\/\/www.purejewels.com\/tr\/wp-json\/wp\/v2\/comments?post=373426"}],"version-history":[{"count":4,"href":"https:\/\/www.purejewels.com\/tr\/wp-json\/wp\/v2\/product\/373426\/revisions"}],"predecessor-version":[{"id":426083,"href":"https:\/\/www.purejewels.com\/tr\/wp-json\/wp\/v2\/product\/373426\/revisions\/426083"}],"wp:featuredmedia":[{"embeddable":true,"href":"https:\/\/www.purejewels.com\/tr\/wp-json\/wp\/v2\/media\/373435"}],"wp:attachment":[{"href":"https:\/\/www.purejewels.com\/tr\/wp-json\/wp\/v2\/media?parent=373426"}],"wp:term":[{"taxonomy":"product_brand","embeddable":true,"href":"https:\/\/www.purejewels.com\/tr\/wp-json\/wp\/v2\/product_brand?post=373426"},{"taxonomy":"product_cat","embeddable":true,"href":"https:\/\/www.purejewels.com\/tr\/wp-json\/wp\/v2\/product_cat?post=373426"},{"taxonomy":"product_tag","embeddable":true,"href":"https:\/\/www.purejewels.com\/tr\/wp-json\/wp\/v2\/product_tag?post=373426"}],"curies":[{"name":"wp","href":"https:\/\/api.w.org\/{rel}","templated":true}]}}