{"id":373479,"date":"2024-10-07T11:21:05","date_gmt":"2024-10-07T10:21:05","guid":{"rendered":"https:\/\/www.purejewels.com\/?post_type=product&#038;p=373479"},"modified":"2026-01-30T11:09:00","modified_gmt":"2026-01-30T11:09:00","slug":"22-ayar-altin-mala-armari-koleksiyonu-16-inc-48802","status":"publish","type":"product","link":"https:\/\/www.purejewels.com\/tr\/product\/22ct-gold-mala-armari-collection-16-inches-48802\/","title":{"rendered":"22 Ayar Alt\u0131n Mala | Armari Koleksiyonu | 16 \u0130n\u00e7"},"content":{"rendered":"<ul>\n<li><strong>SKU:<\/strong>48802<\/li>\n<li><strong>Menzil kimli\u011fi:<\/strong>JWCHFCAR001L16<\/li>\n<\/ul>\n<p>&nbsp;<\/p>\n<p>Bu <a href=\"https:\/\/www.purejewels.com\/tr\/product\/22ct-gold-jali-filigree-ring-jali-collection-31926\/\">22ct<\/a> Alt\u0131n <a href=\"https:\/\/www.purejewels.com\/tr\/product\/22ct-gold-armari-collection-stud-antique-finish-49172\/\">Armari Koleksiyonu<\/a> Purejewels'ten 16\u2033 uzunlu\u011funda ve 14\u2033 kadi tasar\u0131ml\u0131 zincir, el \u00f6rg\u00fcs\u00fc tekni\u011fi ve <a href=\"https:\/\/www.purejewels.com\/tr\/armari-collection\/\">antika kaplama<\/a>Diwali hediyeleri i\u00e7in \u00e7arp\u0131c\u0131 bir se\u00e7im! Karma\u015f\u0131k yap\u0131s\u0131 <a href=\"https:\/\/www.purejewels.com\/tr\/a-guide-to-die-stamping\/\">zanaatkarl\u0131k<\/a> ve zarif g\u00f6r\u00fcn\u00fcm\u00fc, bu bayram sezonunda sevdikleriniz i\u00e7in anlaml\u0131 bir hediye olmas\u0131n\u0131 sa\u011fl\u0131yor.<\/p>\n<p>Antik kaplama miras ve cazibe katarken, kadi tasar\u0131m\u0131 \u00e7a\u011fda\u015f bir hava katar. Bu kolye sadece g\u00fczel bir aksesuar de\u011fil, ayn\u0131 zamanda d\u00fc\u015f\u00fcnceli olman\u0131n ve kutlaman\u0131n da bir sembol\u00fcd\u00fcr. Geleneksel k\u0131yafetleri kolayca tamamlayabilir veya modern bir k\u0131yafeti geli\u015ftirebilir, bu da onu \u00e7e\u015fitli durumlar i\u00e7in \u00e7ok y\u00f6nl\u00fc hale getirir.<\/p>","protected":false},"excerpt":{"rendered":"<div class=\"woocommerce-product-details__short-description\">\n<table class=\"sh_desc\">\n<tbody>\n<tr>\n<td>Zincir Tipi<\/td>\n<td>\u00a0Mala Zinciri<\/td>\n<\/tr>\n<tr>\n<td>SKU<\/td>\n<td>48802<\/td>\n<\/tr>\n<tr>\n<td>A\u011f\u0131rl\u0131k<\/td>\n<td>12.6 Gms<\/td>\n<\/tr>\n<tr>\n<td>Uzunluk<\/td>\n<td>16 \u0130n\u00e7<\/td>\n<\/tr>\n<tr>\n<td>Biti\u015f<\/td>\n<td>Antique_Matte<\/td>\n<\/tr>\n<tr>\n<td>Koleksiyon<\/td>\n<td><strong>Armari Koleksiyonu<\/strong><\/td>\n<\/tr>\n<tr>\n<td>Cinsiyet<\/td>\n<td>Bayanlar<\/td>\n<\/tr>\n<tr>\n<td>Metal<\/td>\n<td>22 Ayar Alt\u0131n<\/td>\n<\/tr>\n<tr>\n<td>\u00dccretler<\/td>\n<td>Teslimat ve KDV Dahil<\/td>\n<\/tr>\n<tr>\n<td>Paketleme<\/td>\n<td>Sunum Kutusu ile Birlikte Gelir<\/td>\n<\/tr>\n<tr>\n<td>Daha Fazla Bilgi<\/td>\n<td>M\u00fcsaitlik durumu ve daha fazla resim i\u00e7in bizimle canl\u0131 sohbet edin<\/td>\n<\/tr>\n<\/tbody>\n<\/table>\n<\/div>","protected":false},"featured_media":373484,"comment_status":"closed","ping_status":"closed","template":"","meta":{"_eb_attr":"","_crsspst_to_jayantr4sg-hostcom":false},"product_brand":[],"product_cat":[245,5643,1617,1559,1698,236,1792,1790,1475,1229,5347,1570,5353,1573,1574,5349],"product_tag":[5884],"class_list":{"0":"post-373479","1":"product","2":"type-product","3":"status-publish","4":"has-post-thumbnail","6":"product_cat-armari-collections","7":"product_cat-armari-necklace","8":"product_cat-fancy-mala-chains","9":"product_cat-birthday-gifts","10":"product_cat-choker-chains","11":"product_cat-collections","12":"product_cat-festival-gifts","13":"product_cat-for-whom-when","14":"product_cat-gold-chains","15":"product_cat-22ct-gold-jewellery","16":"product_cat-shop-by-metal","17":"product_cat-mothers-day-gifts","18":"product_cat-shop-by","19":"product_cat-wedding-gifts","20":"product_cat-womens-jewellery","21":"product_cat-yellow-gold-jewellery","22":"product_tag-22ct-gold-mala-chain","24":"first","25":"instock","26":"taxable","27":"shipping-taxable","28":"purchasable","29":"product-type-simple","30":"add-to-wishlist-before_image"},"yoast_head":"<!-- This site is optimized with the Yoast SEO plugin v27.5 - https:\/\/yoast.com\/product\/yoast-seo-wordpress\/ -->\n<title>22ct Gold Mala | Luxury Gold Jewellery | PureJewels UK<\/title>\n<meta name=\"description\" content=\"Discover the exquisite 22ct Gold Armari Collection Mala at Purejewels, featuring elegant designs with hand-knitting techniques perfect for special occasions\" \/>\n<meta name=\"robots\" content=\"index, follow, max-snippet:-1, max-image-preview:large, max-video-preview:-1\" \/>\n<link rel=\"canonical\" href=\"https:\/\/www.purejewels.com\/tr\/urun\/22-ayar-altin-mala-armari-koleksiyonu-16-inc-48802\/\" \/>\n<meta property=\"og:locale\" content=\"tr_TR\" \/>\n<meta property=\"og:type\" content=\"article\" \/>\n<meta property=\"og:title\" content=\"22ct Gold Mala | Luxury Gold Jewellery | PureJewels UK\" \/>\n<meta property=\"og:description\" content=\"Discover the exquisite 22ct Gold Armari Collection Mala at Purejewels, featuring elegant designs with hand-knitting techniques perfect for special occasions\" \/>\n<meta property=\"og:url\" content=\"https:\/\/www.purejewels.com\/tr\/urun\/22-ayar-altin-mala-armari-koleksiyonu-16-inc-48802\/\" \/>\n<meta property=\"og:site_name\" content=\"PureJewels UK\" \/>\n<meta property=\"article:modified_time\" content=\"2026-01-30T11:09:00+00:00\" \/>\n<meta property=\"og:image\" content=\"https:\/\/static.purejewels.com\/wp-content\/uploads\/2024\/10\/SKU-48804.png\" \/>\n\t<meta property=\"og:image:width\" content=\"1000\" \/>\n\t<meta property=\"og:image:height\" content=\"1000\" \/>\n\t<meta property=\"og:image:type\" content=\"image\/png\" \/>\n<meta name=\"twitter:card\" content=\"summary_large_image\" \/>\n<meta name=\"twitter:label1\" content=\"Tahmini okuma s\u00fcresi\" \/>\n\t<meta name=\"twitter:data1\" content=\"1 dakika\" \/>\n<script type=\"application\/ld+json\" class=\"yoast-schema-graph\">{\"@context\":\"https:\\\/\\\/schema.org\",\"@graph\":[{\"@type\":[\"WebPage\",\"ItemPage\"],\"@id\":\"https:\\\/\\\/www.purejewels.com\\\/product\\\/22ct-gold-mala-armari-collection-16-inches-48802\\\/\",\"url\":\"https:\\\/\\\/www.purejewels.com\\\/product\\\/22ct-gold-mala-armari-collection-16-inches-48802\\\/\",\"name\":\"22ct Gold Mala | Luxury Gold Jewellery | PureJewels UK\",\"isPartOf\":{\"@id\":\"https:\\\/\\\/www.purejewels.com\\\/#website\"},\"primaryImageOfPage\":{\"@id\":\"https:\\\/\\\/www.purejewels.com\\\/product\\\/22ct-gold-mala-armari-collection-16-inches-48802\\\/#primaryimage\"},\"image\":{\"@id\":\"https:\\\/\\\/www.purejewels.com\\\/product\\\/22ct-gold-mala-armari-collection-16-inches-48802\\\/#primaryimage\"},\"thumbnailUrl\":\"https:\\\/\\\/static.purejewels.com\\\/wp-content\\\/uploads\\\/2024\\\/10\\\/SKU-48804.png\",\"datePublished\":\"2024-10-07T10:21:05+00:00\",\"dateModified\":\"2026-01-30T11:09:00+00:00\",\"description\":\"Discover the exquisite 22ct Gold Armari Collection Mala at Purejewels, featuring elegant designs with hand-knitting techniques perfect for special occasions\",\"breadcrumb\":{\"@id\":\"https:\\\/\\\/www.purejewels.com\\\/product\\\/22ct-gold-mala-armari-collection-16-inches-48802\\\/#breadcrumb\"},\"inLanguage\":\"tr\",\"potentialAction\":[{\"@type\":\"ReadAction\",\"target\":[\"https:\\\/\\\/www.purejewels.com\\\/product\\\/22ct-gold-mala-armari-collection-16-inches-48802\\\/\"]}]},{\"@type\":\"ImageObject\",\"inLanguage\":\"tr\",\"@id\":\"https:\\\/\\\/www.purejewels.com\\\/product\\\/22ct-gold-mala-armari-collection-16-inches-48802\\\/#primaryimage\",\"url\":\"https:\\\/\\\/static.purejewels.com\\\/wp-content\\\/uploads\\\/2024\\\/10\\\/SKU-48804.png\",\"contentUrl\":\"https:\\\/\\\/static.purejewels.com\\\/wp-content\\\/uploads\\\/2024\\\/10\\\/SKU-48804.png\",\"width\":1000,\"height\":1000,\"caption\":\"22ct gold Mala Armari Collection\"},{\"@type\":\"BreadcrumbList\",\"@id\":\"https:\\\/\\\/www.purejewels.com\\\/product\\\/22ct-gold-mala-armari-collection-16-inches-48802\\\/#breadcrumb\",\"itemListElement\":[{\"@type\":\"ListItem\",\"position\":1,\"name\":\"Home\",\"item\":\"https:\\\/\\\/www.purejewels.com\\\/\"},{\"@type\":\"ListItem\",\"position\":2,\"name\":\"Shop\",\"item\":\"https:\\\/\\\/www.purejewels.com\\\/shop\\\/\"},{\"@type\":\"ListItem\",\"position\":3,\"name\":\"22ct Gold Mala | Armari Collection | 16 Inches\"}]},{\"@type\":\"WebSite\",\"@id\":\"https:\\\/\\\/www.purejewels.com\\\/#website\",\"url\":\"https:\\\/\\\/www.purejewels.com\\\/\",\"name\":\"PureJewels UK\",\"description\":\"Share the Love\",\"publisher\":{\"@id\":\"https:\\\/\\\/www.purejewels.com\\\/#organization\"},\"potentialAction\":[{\"@type\":\"SearchAction\",\"target\":{\"@type\":\"EntryPoint\",\"urlTemplate\":\"https:\\\/\\\/www.purejewels.com\\\/?s={search_term_string}\"},\"query-input\":{\"@type\":\"PropertyValueSpecification\",\"valueRequired\":true,\"valueName\":\"search_term_string\"}}],\"inLanguage\":\"tr\"},{\"@type\":\"Organization\",\"@id\":\"https:\\\/\\\/www.purejewels.com\\\/#organization\",\"name\":\"PureJewels UK\",\"url\":\"https:\\\/\\\/www.purejewels.com\\\/\",\"logo\":{\"@type\":\"ImageObject\",\"inLanguage\":\"tr\",\"@id\":\"https:\\\/\\\/www.purejewels.com\\\/#\\\/schema\\\/logo\\\/image\\\/\",\"url\":\"https:\\\/\\\/static.purejewels.com\\\/wp-content\\\/uploads\\\/2020\\\/11\\\/Logo-PJ-New-1.png\",\"contentUrl\":\"https:\\\/\\\/static.purejewels.com\\\/wp-content\\\/uploads\\\/2020\\\/11\\\/Logo-PJ-New-1.png\",\"width\":150,\"height\":80,\"caption\":\"PureJewels UK\"},\"image\":{\"@id\":\"https:\\\/\\\/www.purejewels.com\\\/#\\\/schema\\\/logo\\\/image\\\/\"}}]}<\/script>\n<!-- \/ Yoast SEO plugin. -->","yoast_head_json":{"title":"22 Ayar Alt\u0131n Mala | L\u00fcks Alt\u0131n Tak\u0131lar | PureJewels UK","description":"Purejewels'te \u00f6zel g\u00fcnler i\u00e7in m\u00fckemmel el \u00f6rg\u00fcs\u00fc teknikleri ile zarif tasar\u0131mlar i\u00e7eren enfes 22 ayar Alt\u0131n Armari Koleksiyonu Mala'y\u0131 ke\u015ffedin","robots":{"index":"index","follow":"follow","max-snippet":"max-snippet:-1","max-image-preview":"max-image-preview:large","max-video-preview":"max-video-preview:-1"},"canonical":"https:\/\/www.purejewels.com\/tr\/urun\/22-ayar-altin-mala-armari-koleksiyonu-16-inc-48802\/","og_locale":"tr_TR","og_type":"article","og_title":"22ct Gold Mala | Luxury Gold Jewellery | PureJewels UK","og_description":"Discover the exquisite 22ct Gold Armari Collection Mala at Purejewels, featuring elegant designs with hand-knitting techniques perfect for special occasions","og_url":"https:\/\/www.purejewels.com\/tr\/urun\/22-ayar-altin-mala-armari-koleksiyonu-16-inc-48802\/","og_site_name":"PureJewels UK","article_modified_time":"2026-01-30T11:09:00+00:00","og_image":[{"width":1000,"height":1000,"url":"https:\/\/static.purejewels.com\/wp-content\/uploads\/2024\/10\/SKU-48804.png","type":"image\/png"}],"twitter_card":"summary_large_image","twitter_misc":{"Tahmini okuma s\u00fcresi":"1 dakika"},"schema":{"@context":"https:\/\/schema.org","@graph":[{"@type":["WebPage","ItemPage"],"@id":"https:\/\/www.purejewels.com\/product\/22ct-gold-mala-armari-collection-16-inches-48802\/","url":"https:\/\/www.purejewels.com\/product\/22ct-gold-mala-armari-collection-16-inches-48802\/","name":"22 Ayar Alt\u0131n Mala | L\u00fcks Alt\u0131n Tak\u0131lar | PureJewels UK","isPartOf":{"@id":"https:\/\/www.purejewels.com\/#website"},"primaryImageOfPage":{"@id":"https:\/\/www.purejewels.com\/product\/22ct-gold-mala-armari-collection-16-inches-48802\/#primaryimage"},"image":{"@id":"https:\/\/www.purejewels.com\/product\/22ct-gold-mala-armari-collection-16-inches-48802\/#primaryimage"},"thumbnailUrl":"https:\/\/static.purejewels.com\/wp-content\/uploads\/2024\/10\/SKU-48804.png","datePublished":"2024-10-07T10:21:05+00:00","dateModified":"2026-01-30T11:09:00+00:00","description":"Purejewels'te \u00f6zel g\u00fcnler i\u00e7in m\u00fckemmel el \u00f6rg\u00fcs\u00fc teknikleri ile zarif tasar\u0131mlar i\u00e7eren enfes 22 ayar Alt\u0131n Armari Koleksiyonu Mala'y\u0131 ke\u015ffedin","breadcrumb":{"@id":"https:\/\/www.purejewels.com\/product\/22ct-gold-mala-armari-collection-16-inches-48802\/#breadcrumb"},"inLanguage":"tr","potentialAction":[{"@type":"ReadAction","target":["https:\/\/www.purejewels.com\/product\/22ct-gold-mala-armari-collection-16-inches-48802\/"]}]},{"@type":"ImageObject","inLanguage":"tr","@id":"https:\/\/www.purejewels.com\/product\/22ct-gold-mala-armari-collection-16-inches-48802\/#primaryimage","url":"https:\/\/static.purejewels.com\/wp-content\/uploads\/2024\/10\/SKU-48804.png","contentUrl":"https:\/\/static.purejewels.com\/wp-content\/uploads\/2024\/10\/SKU-48804.png","width":1000,"height":1000,"caption":"22ct gold Mala Armari Collection"},{"@type":"BreadcrumbList","@id":"https:\/\/www.purejewels.com\/product\/22ct-gold-mala-armari-collection-16-inches-48802\/#breadcrumb","itemListElement":[{"@type":"ListItem","position":1,"name":"Home","item":"https:\/\/www.purejewels.com\/"},{"@type":"ListItem","position":2,"name":"Shop","item":"https:\/\/www.purejewels.com\/shop\/"},{"@type":"ListItem","position":3,"name":"22ct Gold Mala | Armari Collection | 16 Inches"}]},{"@type":"WebSite","@id":"https:\/\/www.purejewels.com\/#website","url":"https:\/\/www.purejewels.com\/","name":"PureJewels \u0130ngiltere","description":"Sevgiyi Payla\u015f\u0131n","publisher":{"@id":"https:\/\/www.purejewels.com\/#organization"},"potentialAction":[{"@type":"SearchAction","target":{"@type":"EntryPoint","urlTemplate":"https:\/\/www.purejewels.com\/?s={search_term_string}"},"query-input":{"@type":"PropertyValueSpecification","valueRequired":true,"valueName":"search_term_string"}}],"inLanguage":"tr"},{"@type":"Organization","@id":"https:\/\/www.purejewels.com\/#organization","name":"PureJewels \u0130ngiltere","url":"https:\/\/www.purejewels.com\/","logo":{"@type":"ImageObject","inLanguage":"tr","@id":"https:\/\/www.purejewels.com\/#\/schema\/logo\/image\/","url":"https:\/\/static.purejewels.com\/wp-content\/uploads\/2020\/11\/Logo-PJ-New-1.png","contentUrl":"https:\/\/static.purejewels.com\/wp-content\/uploads\/2020\/11\/Logo-PJ-New-1.png","width":150,"height":80,"caption":"PureJewels UK"},"image":{"@id":"https:\/\/www.purejewels.com\/#\/schema\/logo\/image\/"}}]}},"_links":{"self":[{"href":"https:\/\/www.purejewels.com\/tr\/wp-json\/wp\/v2\/product\/373479","targetHints":{"allow":["GET"]}}],"collection":[{"href":"https:\/\/www.purejewels.com\/tr\/wp-json\/wp\/v2\/product"}],"about":[{"href":"https:\/\/www.purejewels.com\/tr\/wp-json\/wp\/v2\/types\/product"}],"replies":[{"embeddable":true,"href":"https:\/\/www.purejewels.com\/tr\/wp-json\/wp\/v2\/comments?post=373479"}],"version-history":[{"count":3,"href":"https:\/\/www.purejewels.com\/tr\/wp-json\/wp\/v2\/product\/373479\/revisions"}],"predecessor-version":[{"id":403078,"href":"https:\/\/www.purejewels.com\/tr\/wp-json\/wp\/v2\/product\/373479\/revisions\/403078"}],"wp:featuredmedia":[{"embeddable":true,"href":"https:\/\/www.purejewels.com\/tr\/wp-json\/wp\/v2\/media\/373484"}],"wp:attachment":[{"href":"https:\/\/www.purejewels.com\/tr\/wp-json\/wp\/v2\/media?parent=373479"}],"wp:term":[{"taxonomy":"product_brand","embeddable":true,"href":"https:\/\/www.purejewels.com\/tr\/wp-json\/wp\/v2\/product_brand?post=373479"},{"taxonomy":"product_cat","embeddable":true,"href":"https:\/\/www.purejewels.com\/tr\/wp-json\/wp\/v2\/product_cat?post=373479"},{"taxonomy":"product_tag","embeddable":true,"href":"https:\/\/www.purejewels.com\/tr\/wp-json\/wp\/v2\/product_tag?post=373479"}],"curies":[{"name":"wp","href":"https:\/\/api.w.org\/{rel}","templated":true}]}}