{"id":373761,"date":"2025-05-13T10:22:09","date_gmt":"2025-05-13T09:22:09","guid":{"rendered":"https:\/\/www.purejewels.com\/?post_type=product&#038;p=373761"},"modified":"2026-01-06T05:33:51","modified_gmt":"2026-01-06T05:33:51","slug":"22-ayar-altin-armari-koleksiyonu-saplama-8mm-49167","status":"publish","type":"product","link":"https:\/\/www.purejewels.com\/tr\/product\/22ct-gold-armari-collection-stud-8mm-49167\/","title":{"rendered":"22 Ayar Alt\u0131n Armari Koleksiyonu Saplama | 8mm"},"content":{"rendered":"<ul>\n<li>M\u00fckemmelli\u011fi ke\u015ffedin <a href=\"https:\/\/www.purejewels.com\/tr\/product\/22ct-gold-jali-filigree-ring-jali-collection-31926\/\">22ct<\/a> alt\u0131n hafif k\u00fcpeler <strong><a href=\"https:\/\/www.purejewels.com\/tr\/product\/22ct-gold-armari-collection-stud-antique-finish-49172\/\">Armari koleksiyonu<\/a><\/strong> at <strong>Purejewels<\/strong>. Bu k\u00fcpeler zarif bir <a href=\"https:\/\/www.purejewels.com\/tr\/armari-collection\/\">antika kaplama<\/a>geleneksel sanat\u0131 \u00e7a\u011fda\u015f tarzla g\u00fczel bir \u015fekilde harmanl\u0131yor. Karma\u015f\u0131k malzemeler kullan\u0131larak <a href=\"https:\/\/www.purejewels.com\/tr\/a-guide-to-die-stamping\/\">kabartma<\/a> ve el \u00e7ilas\u0131 teknikleriyle \u00fcretilen bu ayakkab\u0131lar, g\u00fcnl\u00fck kullan\u0131m i\u00e7in m\u00fckemmel olmalar\u0131n\u0131 sa\u011flayan benzersiz bir cazibeye sahiptir. Hafif tasar\u0131mlar\u0131 rahatl\u0131k sa\u011flayarak g\u00fcnd\u00fczden geceye zahmetsizce giymenize olanak tan\u0131r.<\/li>\n<li>Diwali gibi festivallerde hediye etmek i\u00e7in ideal olan bu k\u00fcpeler, kutlama ruhunu somutla\u015ft\u0131r\u0131rken her tak\u0131ma sofistike bir dokunu\u015f katar. \u0130ster bayram i\u00e7in giyiniyor olun, ister g\u00fcnl\u00fck kullan\u0131m i\u00e7in \u00e7ok y\u00f6nl\u00fc bir aksesuar ar\u0131yor olun, bu k\u00fcpeler harika bir se\u00e7imdir. Hint tak\u0131lar\u0131n\u0131n zengin miras\u0131n\u0131 modern bir dokunu\u015fla kutlay\u0131n; zarafet ve gelene\u011fin \u00f6z\u00fcn\u00fc m\u00fckemmel bir \u015fekilde yakalayan bu \u00e7arp\u0131c\u0131 par\u00e7alarla koleksiyonunuzu geli\u015ftirin veya sevdi\u011finiz birine s\u00fcrpriz yap\u0131n.<\/li>\n<\/ul>","protected":false},"excerpt":{"rendered":"<table class=\"sh_desc\">\n<tbody>\n<tr>\n<td>K\u00fcpe T\u00fcr\u00fc<\/td>\n<td>Saplama K\u00fcpe<\/td>\n<\/tr>\n<tr>\n<td>SKU<\/td>\n<td>49167<\/td>\n<\/tr>\n<tr>\n<td>A\u011f\u0131rl\u0131k<\/td>\n<td>1.8 Gms<\/td>\n<\/tr>\n<tr>\n<td>Biti\u015f<\/td>\n<td>Antique_Matte<\/td>\n<\/tr>\n<tr>\n<td>Geni\u015flik<\/td>\n<td>8mm<\/td>\n<\/tr>\n<tr>\n<td>Cinsiyet<\/td>\n<td>Bayanlar<\/td>\n<\/tr>\n<tr>\n<td>Koleksiyon<\/td>\n<td><strong>Armari Koleksiyonu<\/strong><\/td>\n<\/tr>\n<tr>\n<td>Metal<\/td>\n<td>22 Ayar Alt\u0131n<\/td>\n<\/tr>\n<tr>\n<td>\u00dccretler<\/td>\n<td>Teslimat ve KDV Dahil<\/td>\n<\/tr>\n<tr>\n<td>Paketleme<\/td>\n<td>Sunum Kutusu ile Birlikte Gelir<\/td>\n<\/tr>\n<tr>\n<td>Daha Fazla Bilgi<\/td>\n<td>M\u00fcsaitlik durumu ve daha fazla resim i\u00e7in bizimle canl\u0131 sohbet edin<\/td>\n<\/tr>\n<\/tbody>\n<\/table>","protected":false},"featured_media":391970,"comment_status":"closed","ping_status":"closed","template":"","meta":{"_eb_attr":"","_crsspst_to_jayantr4sg-hostcom":false},"product_brand":[],"product_cat":[1791,245,5639,1559,236,1793,1254,1229,5343,1577,1573,1574,5349],"product_tag":[5919],"class_list":{"0":"post-373761","1":"product","2":"type-product","3":"status-publish","4":"has-post-thumbnail","6":"product_cat-anniversary-gifts","7":"product_cat-armari-collections","8":"product_cat-armari-earring","9":"product_cat-birthday-gifts","10":"product_cat-collections","11":"product_cat-diwali-gifts","12":"product_cat-gold-earrings","13":"product_cat-22ct-gold-jewellery","14":"product_cat-jewellery-under-550","15":"product_cat-stud-earrings","16":"product_cat-wedding-gifts","17":"product_cat-womens-jewellery","18":"product_cat-yellow-gold-jewellery","19":"product_tag-stud","21":"first","22":"outofstock","23":"taxable","24":"shipping-taxable","25":"product-type-simple","26":"add-to-wishlist-before_image"},"yoast_head":"<!-- This site is optimized with the Yoast SEO plugin v27.3 - https:\/\/yoast.com\/product\/yoast-seo-wordpress\/ -->\n<title>22ct Gold Antique Finish Round stud earrings | Purejewels UK<\/title>\n<meta name=\"description\" content=\"&quot;Explore the elegance of the 22ct Gold Armari Collection Earrings, featuring a delicate wire design. Weighing 1.8 grams and measuring 8mm, these stunning earrings are perfect for adding a touch of luxury to any outfit.&quot; Order online Pure Jewel UK\" \/>\n<meta name=\"robots\" content=\"index, follow, max-snippet:-1, max-image-preview:large, max-video-preview:-1\" \/>\n<link rel=\"canonical\" href=\"https:\/\/www.purejewels.com\/tr\/urun\/22-ayar-altin-armari-koleksiyonu-saplama-8mm-49167\/\" \/>\n<meta property=\"og:locale\" content=\"tr_TR\" \/>\n<meta property=\"og:type\" content=\"article\" \/>\n<meta property=\"og:title\" content=\"22ct Gold Antique Finish Round stud earrings | Purejewels UK\" \/>\n<meta property=\"og:description\" content=\"&quot;Explore the elegance of the 22ct Gold Armari Collection Earrings, featuring a delicate wire design. Weighing 1.8 grams and measuring 8mm, these stunning earrings are perfect for adding a touch of luxury to any outfit.&quot; Order online Pure Jewel UK\" \/>\n<meta property=\"og:url\" content=\"https:\/\/www.purejewels.com\/tr\/urun\/22-ayar-altin-armari-koleksiyonu-saplama-8mm-49167\/\" \/>\n<meta property=\"og:site_name\" content=\"PureJewels UK\" \/>\n<meta property=\"article:modified_time\" content=\"2026-01-06T05:33:51+00:00\" \/>\n<meta property=\"og:image\" content=\"https:\/\/www.purejewels.com\/wp-content\/uploads\/2024\/10\/49167.png\" \/>\n\t<meta property=\"og:image:width\" content=\"1000\" \/>\n\t<meta property=\"og:image:height\" content=\"1000\" \/>\n\t<meta property=\"og:image:type\" content=\"image\/png\" \/>\n<meta name=\"twitter:card\" content=\"summary_large_image\" \/>\n<meta name=\"twitter:label1\" content=\"Tahmini okuma s\u00fcresi\" \/>\n\t<meta name=\"twitter:data1\" content=\"1 dakika\" \/>\n<script type=\"application\/ld+json\" class=\"yoast-schema-graph\">{\"@context\":\"https:\\\/\\\/schema.org\",\"@graph\":[{\"@type\":[\"WebPage\",\"ItemPage\"],\"@id\":\"https:\\\/\\\/www.purejewels.com\\\/product\\\/22ct-gold-armari-collection-stud-8mm-49167\\\/\",\"url\":\"https:\\\/\\\/www.purejewels.com\\\/product\\\/22ct-gold-armari-collection-stud-8mm-49167\\\/\",\"name\":\"22ct Gold Antique Finish Round stud earrings | Purejewels UK\",\"isPartOf\":{\"@id\":\"https:\\\/\\\/www.purejewels.com\\\/#website\"},\"primaryImageOfPage\":{\"@id\":\"https:\\\/\\\/www.purejewels.com\\\/product\\\/22ct-gold-armari-collection-stud-8mm-49167\\\/#primaryimage\"},\"image\":{\"@id\":\"https:\\\/\\\/www.purejewels.com\\\/product\\\/22ct-gold-armari-collection-stud-8mm-49167\\\/#primaryimage\"},\"thumbnailUrl\":\"https:\\\/\\\/static.purejewels.com\\\/wp-content\\\/uploads\\\/2024\\\/10\\\/49167.png\",\"datePublished\":\"2025-05-13T09:22:09+00:00\",\"dateModified\":\"2026-01-06T05:33:51+00:00\",\"description\":\"\\\"Explore the elegance of the 22ct Gold Armari Collection Earrings, featuring a delicate wire design. Weighing 1.8 grams and measuring 8mm, these stunning earrings are perfect for adding a touch of luxury to any outfit.\\\" Order online Pure Jewel UK\",\"breadcrumb\":{\"@id\":\"https:\\\/\\\/www.purejewels.com\\\/product\\\/22ct-gold-armari-collection-stud-8mm-49167\\\/#breadcrumb\"},\"inLanguage\":\"tr\",\"potentialAction\":[{\"@type\":\"ReadAction\",\"target\":[\"https:\\\/\\\/www.purejewels.com\\\/product\\\/22ct-gold-armari-collection-stud-8mm-49167\\\/\"]}]},{\"@type\":\"ImageObject\",\"inLanguage\":\"tr\",\"@id\":\"https:\\\/\\\/www.purejewels.com\\\/product\\\/22ct-gold-armari-collection-stud-8mm-49167\\\/#primaryimage\",\"url\":\"https:\\\/\\\/static.purejewels.com\\\/wp-content\\\/uploads\\\/2024\\\/10\\\/49167.png\",\"contentUrl\":\"https:\\\/\\\/static.purejewels.com\\\/wp-content\\\/uploads\\\/2024\\\/10\\\/49167.png\",\"width\":1000,\"height\":1000,\"caption\":\"22ct Gold Armari Collection Stud\"},{\"@type\":\"BreadcrumbList\",\"@id\":\"https:\\\/\\\/www.purejewels.com\\\/product\\\/22ct-gold-armari-collection-stud-8mm-49167\\\/#breadcrumb\",\"itemListElement\":[{\"@type\":\"ListItem\",\"position\":1,\"name\":\"Home\",\"item\":\"https:\\\/\\\/www.purejewels.com\\\/\"},{\"@type\":\"ListItem\",\"position\":2,\"name\":\"Shop\",\"item\":\"https:\\\/\\\/www.purejewels.com\\\/shop\\\/\"},{\"@type\":\"ListItem\",\"position\":3,\"name\":\"22ct Gold Armari Collection Stud | 8mm\"}]},{\"@type\":\"WebSite\",\"@id\":\"https:\\\/\\\/www.purejewels.com\\\/#website\",\"url\":\"https:\\\/\\\/www.purejewels.com\\\/\",\"name\":\"PureJewels UK\",\"description\":\"Share the Love\",\"publisher\":{\"@id\":\"https:\\\/\\\/www.purejewels.com\\\/#organization\"},\"potentialAction\":[{\"@type\":\"SearchAction\",\"target\":{\"@type\":\"EntryPoint\",\"urlTemplate\":\"https:\\\/\\\/www.purejewels.com\\\/?s={search_term_string}\"},\"query-input\":{\"@type\":\"PropertyValueSpecification\",\"valueRequired\":true,\"valueName\":\"search_term_string\"}}],\"inLanguage\":\"tr\"},{\"@type\":\"Organization\",\"@id\":\"https:\\\/\\\/www.purejewels.com\\\/#organization\",\"name\":\"PureJewels UK\",\"url\":\"https:\\\/\\\/www.purejewels.com\\\/\",\"logo\":{\"@type\":\"ImageObject\",\"inLanguage\":\"tr\",\"@id\":\"https:\\\/\\\/www.purejewels.com\\\/#\\\/schema\\\/logo\\\/image\\\/\",\"url\":\"https:\\\/\\\/static.purejewels.com\\\/wp-content\\\/uploads\\\/2020\\\/11\\\/Logo-PJ-New-1.png\",\"contentUrl\":\"https:\\\/\\\/static.purejewels.com\\\/wp-content\\\/uploads\\\/2020\\\/11\\\/Logo-PJ-New-1.png\",\"width\":150,\"height\":80,\"caption\":\"PureJewels UK\"},\"image\":{\"@id\":\"https:\\\/\\\/www.purejewels.com\\\/#\\\/schema\\\/logo\\\/image\\\/\"}}]}<\/script>\n<!-- \/ Yoast SEO plugin. -->","yoast_head_json":{"title":"22 Ayar Alt\u0131n Antik Kaplama Yuvarlak saplama k\u00fcpe | Purejewels UK","description":"\"Narin bir tel tasar\u0131ma sahip 22 Ayar Alt\u0131n Armari Koleksiyonu K\u00fcpelerin zarafetini ke\u015ffedin. 1,8 gram a\u011f\u0131rl\u0131\u011f\u0131nda ve 8mm \u00f6l\u00e7\u00fclerindeki bu \u00e7arp\u0131c\u0131 k\u00fcpeler, her k\u0131yafete l\u00fcks bir dokunu\u015f katmak i\u00e7in m\u00fckemmeldir.\" Online sipari\u015f verin Pure Jewel UK","robots":{"index":"index","follow":"follow","max-snippet":"max-snippet:-1","max-image-preview":"max-image-preview:large","max-video-preview":"max-video-preview:-1"},"canonical":"https:\/\/www.purejewels.com\/tr\/urun\/22-ayar-altin-armari-koleksiyonu-saplama-8mm-49167\/","og_locale":"tr_TR","og_type":"article","og_title":"22ct Gold Antique Finish Round stud earrings | Purejewels UK","og_description":"\"Explore the elegance of the 22ct Gold Armari Collection Earrings, featuring a delicate wire design. Weighing 1.8 grams and measuring 8mm, these stunning earrings are perfect for adding a touch of luxury to any outfit.\" Order online Pure Jewel UK","og_url":"https:\/\/www.purejewels.com\/tr\/urun\/22-ayar-altin-armari-koleksiyonu-saplama-8mm-49167\/","og_site_name":"PureJewels UK","article_modified_time":"2026-01-06T05:33:51+00:00","og_image":[{"width":1000,"height":1000,"url":"https:\/\/www.purejewels.com\/wp-content\/uploads\/2024\/10\/49167.png","type":"image\/png"}],"twitter_card":"summary_large_image","twitter_misc":{"Tahmini okuma s\u00fcresi":"1 dakika"},"schema":{"@context":"https:\/\/schema.org","@graph":[{"@type":["WebPage","ItemPage"],"@id":"https:\/\/www.purejewels.com\/product\/22ct-gold-armari-collection-stud-8mm-49167\/","url":"https:\/\/www.purejewels.com\/product\/22ct-gold-armari-collection-stud-8mm-49167\/","name":"22 Ayar Alt\u0131n Antik Kaplama Yuvarlak saplama k\u00fcpe | Purejewels UK","isPartOf":{"@id":"https:\/\/www.purejewels.com\/#website"},"primaryImageOfPage":{"@id":"https:\/\/www.purejewels.com\/product\/22ct-gold-armari-collection-stud-8mm-49167\/#primaryimage"},"image":{"@id":"https:\/\/www.purejewels.com\/product\/22ct-gold-armari-collection-stud-8mm-49167\/#primaryimage"},"thumbnailUrl":"https:\/\/static.purejewels.com\/wp-content\/uploads\/2024\/10\/49167.png","datePublished":"2025-05-13T09:22:09+00:00","dateModified":"2026-01-06T05:33:51+00:00","description":"\"Narin bir tel tasar\u0131ma sahip 22 Ayar Alt\u0131n Armari Koleksiyonu K\u00fcpelerin zarafetini ke\u015ffedin. 1,8 gram a\u011f\u0131rl\u0131\u011f\u0131nda ve 8mm \u00f6l\u00e7\u00fclerindeki bu \u00e7arp\u0131c\u0131 k\u00fcpeler, her k\u0131yafete l\u00fcks bir dokunu\u015f katmak i\u00e7in m\u00fckemmeldir.\" Online sipari\u015f verin Pure Jewel UK","breadcrumb":{"@id":"https:\/\/www.purejewels.com\/product\/22ct-gold-armari-collection-stud-8mm-49167\/#breadcrumb"},"inLanguage":"tr","potentialAction":[{"@type":"ReadAction","target":["https:\/\/www.purejewels.com\/product\/22ct-gold-armari-collection-stud-8mm-49167\/"]}]},{"@type":"ImageObject","inLanguage":"tr","@id":"https:\/\/www.purejewels.com\/product\/22ct-gold-armari-collection-stud-8mm-49167\/#primaryimage","url":"https:\/\/static.purejewels.com\/wp-content\/uploads\/2024\/10\/49167.png","contentUrl":"https:\/\/static.purejewels.com\/wp-content\/uploads\/2024\/10\/49167.png","width":1000,"height":1000,"caption":"22ct Gold Armari Collection Stud"},{"@type":"BreadcrumbList","@id":"https:\/\/www.purejewels.com\/product\/22ct-gold-armari-collection-stud-8mm-49167\/#breadcrumb","itemListElement":[{"@type":"ListItem","position":1,"name":"Home","item":"https:\/\/www.purejewels.com\/"},{"@type":"ListItem","position":2,"name":"Shop","item":"https:\/\/www.purejewels.com\/shop\/"},{"@type":"ListItem","position":3,"name":"22ct Gold Armari Collection Stud | 8mm"}]},{"@type":"WebSite","@id":"https:\/\/www.purejewels.com\/#website","url":"https:\/\/www.purejewels.com\/","name":"PureJewels \u0130ngiltere","description":"Sevgiyi Payla\u015f\u0131n","publisher":{"@id":"https:\/\/www.purejewels.com\/#organization"},"potentialAction":[{"@type":"SearchAction","target":{"@type":"EntryPoint","urlTemplate":"https:\/\/www.purejewels.com\/?s={search_term_string}"},"query-input":{"@type":"PropertyValueSpecification","valueRequired":true,"valueName":"search_term_string"}}],"inLanguage":"tr"},{"@type":"Organization","@id":"https:\/\/www.purejewels.com\/#organization","name":"PureJewels \u0130ngiltere","url":"https:\/\/www.purejewels.com\/","logo":{"@type":"ImageObject","inLanguage":"tr","@id":"https:\/\/www.purejewels.com\/#\/schema\/logo\/image\/","url":"https:\/\/static.purejewels.com\/wp-content\/uploads\/2020\/11\/Logo-PJ-New-1.png","contentUrl":"https:\/\/static.purejewels.com\/wp-content\/uploads\/2020\/11\/Logo-PJ-New-1.png","width":150,"height":80,"caption":"PureJewels UK"},"image":{"@id":"https:\/\/www.purejewels.com\/#\/schema\/logo\/image\/"}}]}},"_links":{"self":[{"href":"https:\/\/www.purejewels.com\/tr\/wp-json\/wp\/v2\/product\/373761","targetHints":{"allow":["GET"]}}],"collection":[{"href":"https:\/\/www.purejewels.com\/tr\/wp-json\/wp\/v2\/product"}],"about":[{"href":"https:\/\/www.purejewels.com\/tr\/wp-json\/wp\/v2\/types\/product"}],"replies":[{"embeddable":true,"href":"https:\/\/www.purejewels.com\/tr\/wp-json\/wp\/v2\/comments?post=373761"}],"version-history":[{"count":4,"href":"https:\/\/www.purejewels.com\/tr\/wp-json\/wp\/v2\/product\/373761\/revisions"}],"predecessor-version":[{"id":389865,"href":"https:\/\/www.purejewels.com\/tr\/wp-json\/wp\/v2\/product\/373761\/revisions\/389865"}],"wp:featuredmedia":[{"embeddable":true,"href":"https:\/\/www.purejewels.com\/tr\/wp-json\/wp\/v2\/media\/391970"}],"wp:attachment":[{"href":"https:\/\/www.purejewels.com\/tr\/wp-json\/wp\/v2\/media?parent=373761"}],"wp:term":[{"taxonomy":"product_brand","embeddable":true,"href":"https:\/\/www.purejewels.com\/tr\/wp-json\/wp\/v2\/product_brand?post=373761"},{"taxonomy":"product_cat","embeddable":true,"href":"https:\/\/www.purejewels.com\/tr\/wp-json\/wp\/v2\/product_cat?post=373761"},{"taxonomy":"product_tag","embeddable":true,"href":"https:\/\/www.purejewels.com\/tr\/wp-json\/wp\/v2\/product_tag?post=373761"}],"curies":[{"name":"wp","href":"https:\/\/api.w.org\/{rel}","templated":true}]}}