{"id":373793,"date":"2025-04-13T14:11:16","date_gmt":"2025-04-13T13:11:16","guid":{"rendered":"https:\/\/www.purejewels.com\/?post_type=product&#038;p=373793"},"modified":"2026-01-06T05:33:51","modified_gmt":"2026-01-06T05:33:51","slug":"22-ayar-altin-antika-kaplama-saplama-15mm-49124","status":"publish","type":"product","link":"https:\/\/www.purejewels.com\/tr\/product\/22ct-gold-antique-finish-stud-15mm-49124\/","title":{"rendered":"22 Ayar Alt\u0131n Antik Kaplama Saplama | Armari Koleksiyonu"},"content":{"rendered":"<p>Kar\u015f\u0131n\u0131zda enfes <a href=\"https:\/\/www.purejewels.com\/tr\/product\/22ct-gold-jali-filigree-ring-jali-collection-31926\/\">22ct<\/a> alt\u0131n hafif k\u00fcpeler <strong><a href=\"https:\/\/www.purejewels.com\/tr\/product\/22ct-gold-armari-collection-stud-antique-finish-49172\/\">Armari koleksiyonu<\/a><\/strong> at <strong>Purejewels<\/strong>. Klasik yuvarlak bir \u015fekle sahip olan bu k\u00fcpeler, \u00e7\u0131t\u00e7\u0131tlar\u0131 ve i\u00e7 k\u0131sm\u0131 s\u00fcsleyen karma\u015f\u0131k tellere sahiptir. <a href=\"https:\/\/www.purejewels.com\/tr\/armari-collection\/\">antika kaplama<\/a> ve zarafetlerine derinlik kat\u0131yor. Geleneksel kabartma ve el \u00e7ilas\u0131 teknikleri kullan\u0131larak \u00fcretilen bu \u00fcr\u00fcnler, zamans\u0131z sanat\u0131 \u00e7a\u011fda\u015f bir yetenekle g\u00fczel bir \u015fekilde birle\u015ftiriyor.<\/p>\n<p>G\u00fcnl\u00fck kullan\u0131m i\u00e7in m\u00fckemmel olan bu k\u00fcpeler<strong> hafif<\/strong> ve <strong>rahat<\/strong>Bu da onlar\u0131 her m\u00fccevher koleksiyonuna \u00e7ok y\u00f6nl\u00fc bir katk\u0131 haline getirir. \u0130ster bir bayram kutlamas\u0131 i\u00e7in giyiniyor olun, ister g\u00fcnl\u00fck kullan\u0131m i\u00e7in \u015f\u0131k bir aksesuar ar\u0131yor olun, bu k\u00fcpeler ideal bir se\u00e7imdir.<\/p>\n<p>Hindistan'\u0131n zengin miras\u0131n\u0131 yans\u0131tan bu \u00e7arp\u0131c\u0131 par\u00e7alarla festivalin ruhunu kucaklay\u0131n <a href=\"https:\/\/www.purejewels.com\/tr\/a-guide-to-die-stamping\/\">zanaatkarl\u0131k<\/a>Sizin ya da sevdiklerinizin kutlamalar s\u0131ras\u0131nda \u0131\u015f\u0131l \u0131\u015f\u0131l parlamas\u0131n\u0131 sa\u011flar. Bu b\u00fcy\u00fcleyici k\u00fcpelerle stilinizi y\u00fckseltin!<\/p>\n<ul>\n<li><strong>Tasar\u0131m K\u00fcpeler<\/strong>: Sanatsal yarat\u0131c\u0131l\u0131k ve zamans\u0131z g\u00fczelli\u011fi dengelemek i\u00e7in ustal\u0131kla tasarlanm\u0131\u015ft\u0131r.<\/li>\n<li><strong>Armari Koleksiyonu<\/strong>: Zanaatkarl\u0131\u011f\u0131 ve zamans\u0131z g\u00fczelli\u011fi kutlayan \u00f6zel serimizin bir par\u00e7as\u0131.<\/li>\n<li><strong>Benzersizlik<\/strong>: Her bir \u00e7ift \u00f6zenle \u00fcretilmi\u015ftir ve ger\u00e7ek sanat\u00e7\u0131l\u0131\u011f\u0131 yans\u0131tan t\u00fcr\u00fcn\u00fcn tek \u00f6rne\u011fi bir par\u00e7a sunar.<\/li>\n<\/ul>","protected":false},"excerpt":{"rendered":"<table class=\"sh_desc\" style=\"height: 323px;\" width=\"495\">\n<tbody>\n<tr>\n<td>K\u00fcpe T\u00fcr\u00fc<\/td>\n<td>Saplama K\u00fcpe<\/td>\n<\/tr>\n<tr>\n<td>SKU<\/td>\n<td>49124<\/td>\n<\/tr>\n<tr>\n<td>A\u011f\u0131rl\u0131k<\/td>\n<td>3.7 Gms<\/td>\n<\/tr>\n<tr>\n<td>Biti\u015f<\/td>\n<td>Antique_Matte<\/td>\n<\/tr>\n<tr>\n<td>Geni\u015flik<\/td>\n<td>15mm<\/td>\n<\/tr>\n<tr>\n<td>Koleksiyon<\/td>\n<td><strong>Armari Koleksiyonu<\/strong><\/td>\n<\/tr>\n<tr>\n<td>Metal<\/td>\n<td>22 Ayar Alt\u0131n<\/td>\n<\/tr>\n<tr>\n<td>\u00dccretler<\/td>\n<td>Teslimat ve KDV Dahil<\/td>\n<\/tr>\n<tr>\n<td>Paketleme<\/td>\n<td>Sunum Kutusu ile Birlikte Gelir<\/td>\n<\/tr>\n<tr>\n<td>Daha Fazla Bilgi<\/td>\n<td>M\u00fcsaitlik durumu ve daha fazla resim ve video i\u00e7in bizimle canl\u0131 sohbet edin.<\/td>\n<\/tr>\n<\/tbody>\n<\/table>","protected":false},"featured_media":373794,"comment_status":"closed","ping_status":"closed","template":"","meta":{"_eb_attr":"","_crsspst_to_jayantr4sg-hostcom":false},"product_brand":[],"product_cat":[1791,245,5639,6143,1559,236,1793,1254,1229,1570,1577,1573,1574,5349],"product_tag":[66,5919],"class_list":{"0":"post-373793","1":"product","2":"type-product","3":"status-publish","4":"has-post-thumbnail","6":"product_cat-anniversary-gifts","7":"product_cat-armari-collections","8":"product_cat-armari-earring","9":"product_cat-armari-stud-earrings","10":"product_cat-birthday-gifts","11":"product_cat-collections","12":"product_cat-diwali-gifts","13":"product_cat-gold-earrings","14":"product_cat-22ct-gold-jewellery","15":"product_cat-mothers-day-gifts","16":"product_cat-stud-earrings","17":"product_cat-wedding-gifts","18":"product_cat-womens-jewellery","19":"product_cat-yellow-gold-jewellery","20":"product_tag-earrings","21":"product_tag-stud","23":"first","24":"outofstock","25":"taxable","26":"shipping-taxable","27":"product-type-simple","28":"add-to-wishlist-before_image"},"yoast_head":"<!-- This site is optimized with the Yoast SEO plugin v27.5 - https:\/\/yoast.com\/product\/yoast-seo-wordpress\/ -->\n<title>Shop 22ct Gold Antique Finish Stud in 15mm | PureJewels<\/title>\n<meta name=\"description\" content=\"&quot;Explore the elegance of the 22ct Gold Armari Collection Earrings, featuring a delicate 3.7g weight and 15mm size. A timeless piece, perfect for adding luxury and sophistication to any look.&quot; Pure Jewels UK\" \/>\n<meta name=\"robots\" content=\"index, follow, max-snippet:-1, max-image-preview:large, max-video-preview:-1\" \/>\n<link rel=\"canonical\" href=\"https:\/\/www.purejewels.com\/tr\/urun\/22-ayar-altin-antika-kaplama-saplama-15mm-49124\/\" \/>\n<meta property=\"og:locale\" content=\"tr_TR\" \/>\n<meta property=\"og:type\" content=\"article\" \/>\n<meta property=\"og:title\" content=\"Shop 22ct Gold Antique Finish Stud in 15mm | PureJewels\" \/>\n<meta property=\"og:description\" content=\"&quot;Explore the elegance of the 22ct Gold Armari Collection Earrings, featuring a delicate 3.7g weight and 15mm size. A timeless piece, perfect for adding luxury and sophistication to any look.&quot; Pure Jewels UK\" \/>\n<meta property=\"og:url\" content=\"https:\/\/www.purejewels.com\/tr\/urun\/22-ayar-altin-antika-kaplama-saplama-15mm-49124\/\" \/>\n<meta property=\"og:site_name\" content=\"PureJewels UK\" \/>\n<meta property=\"article:modified_time\" content=\"2026-01-06T05:33:51+00:00\" \/>\n<meta property=\"og:image\" content=\"https:\/\/www.purejewels.com\/wp-content\/uploads\/2024\/10\/SKU-49124.png\" \/>\n\t<meta property=\"og:image:width\" content=\"1000\" \/>\n\t<meta property=\"og:image:height\" content=\"1000\" \/>\n\t<meta property=\"og:image:type\" content=\"image\/png\" \/>\n<meta name=\"twitter:card\" content=\"summary_large_image\" \/>\n<meta name=\"twitter:label1\" content=\"Tahmini okuma s\u00fcresi\" \/>\n\t<meta name=\"twitter:data1\" content=\"1 dakika\" \/>\n<script type=\"application\/ld+json\" class=\"yoast-schema-graph\">{\"@context\":\"https:\\\/\\\/schema.org\",\"@graph\":[{\"@type\":[\"WebPage\",\"ItemPage\"],\"@id\":\"https:\\\/\\\/www.purejewels.com\\\/product\\\/22ct-gold-antique-finish-stud-15mm-49124\\\/\",\"url\":\"https:\\\/\\\/www.purejewels.com\\\/product\\\/22ct-gold-antique-finish-stud-15mm-49124\\\/\",\"name\":\"Shop 22ct Gold Antique Finish Stud in 15mm | PureJewels\",\"isPartOf\":{\"@id\":\"https:\\\/\\\/www.purejewels.com\\\/#website\"},\"primaryImageOfPage\":{\"@id\":\"https:\\\/\\\/www.purejewels.com\\\/product\\\/22ct-gold-antique-finish-stud-15mm-49124\\\/#primaryimage\"},\"image\":{\"@id\":\"https:\\\/\\\/www.purejewels.com\\\/product\\\/22ct-gold-antique-finish-stud-15mm-49124\\\/#primaryimage\"},\"thumbnailUrl\":\"https:\\\/\\\/static.purejewels.com\\\/wp-content\\\/uploads\\\/2024\\\/10\\\/SKU-49124.png\",\"datePublished\":\"2025-04-13T13:11:16+00:00\",\"dateModified\":\"2026-01-06T05:33:51+00:00\",\"description\":\"\\\"Explore the elegance of the 22ct Gold Armari Collection Earrings, featuring a delicate 3.7g weight and 15mm size. A timeless piece, perfect for adding luxury and sophistication to any look.\\\" Pure Jewels UK\",\"breadcrumb\":{\"@id\":\"https:\\\/\\\/www.purejewels.com\\\/product\\\/22ct-gold-antique-finish-stud-15mm-49124\\\/#breadcrumb\"},\"inLanguage\":\"tr\",\"potentialAction\":[{\"@type\":\"ReadAction\",\"target\":[\"https:\\\/\\\/www.purejewels.com\\\/product\\\/22ct-gold-antique-finish-stud-15mm-49124\\\/\"]}]},{\"@type\":\"ImageObject\",\"inLanguage\":\"tr\",\"@id\":\"https:\\\/\\\/www.purejewels.com\\\/product\\\/22ct-gold-antique-finish-stud-15mm-49124\\\/#primaryimage\",\"url\":\"https:\\\/\\\/static.purejewels.com\\\/wp-content\\\/uploads\\\/2024\\\/10\\\/SKU-49124.png\",\"contentUrl\":\"https:\\\/\\\/static.purejewels.com\\\/wp-content\\\/uploads\\\/2024\\\/10\\\/SKU-49124.png\",\"width\":1000,\"height\":1000,\"caption\":\"22ct gold stud earrings\"},{\"@type\":\"BreadcrumbList\",\"@id\":\"https:\\\/\\\/www.purejewels.com\\\/product\\\/22ct-gold-antique-finish-stud-15mm-49124\\\/#breadcrumb\",\"itemListElement\":[{\"@type\":\"ListItem\",\"position\":1,\"name\":\"Home\",\"item\":\"https:\\\/\\\/www.purejewels.com\\\/\"},{\"@type\":\"ListItem\",\"position\":2,\"name\":\"Shop\",\"item\":\"https:\\\/\\\/www.purejewels.com\\\/shop\\\/\"},{\"@type\":\"ListItem\",\"position\":3,\"name\":\"22ct Gold Antique Finish Stud | Armari Collection\"}]},{\"@type\":\"WebSite\",\"@id\":\"https:\\\/\\\/www.purejewels.com\\\/#website\",\"url\":\"https:\\\/\\\/www.purejewels.com\\\/\",\"name\":\"PureJewels UK\",\"description\":\"Share the Love\",\"publisher\":{\"@id\":\"https:\\\/\\\/www.purejewels.com\\\/#organization\"},\"potentialAction\":[{\"@type\":\"SearchAction\",\"target\":{\"@type\":\"EntryPoint\",\"urlTemplate\":\"https:\\\/\\\/www.purejewels.com\\\/?s={search_term_string}\"},\"query-input\":{\"@type\":\"PropertyValueSpecification\",\"valueRequired\":true,\"valueName\":\"search_term_string\"}}],\"inLanguage\":\"tr\"},{\"@type\":\"Organization\",\"@id\":\"https:\\\/\\\/www.purejewels.com\\\/#organization\",\"name\":\"PureJewels UK\",\"url\":\"https:\\\/\\\/www.purejewels.com\\\/\",\"logo\":{\"@type\":\"ImageObject\",\"inLanguage\":\"tr\",\"@id\":\"https:\\\/\\\/www.purejewels.com\\\/#\\\/schema\\\/logo\\\/image\\\/\",\"url\":\"https:\\\/\\\/static.purejewels.com\\\/wp-content\\\/uploads\\\/2020\\\/11\\\/Logo-PJ-New-1.png\",\"contentUrl\":\"https:\\\/\\\/static.purejewels.com\\\/wp-content\\\/uploads\\\/2020\\\/11\\\/Logo-PJ-New-1.png\",\"width\":150,\"height\":80,\"caption\":\"PureJewels UK\"},\"image\":{\"@id\":\"https:\\\/\\\/www.purejewels.com\\\/#\\\/schema\\\/logo\\\/image\\\/\"}}]}<\/script>\n<!-- \/ Yoast SEO plugin. -->","yoast_head_json":{"title":"15mm 22 Ayar Alt\u0131n Antik Kaplama Saplama Al\u0131\u015fveri\u015fi Yap\u0131n | PureJewels","description":"\"Hassas 3,7 g a\u011f\u0131rl\u0131\u011fa ve 15 mm boyuta sahip 22 Ayar Alt\u0131n Armari Koleksiyonu K\u00fcpelerin zarafetini ke\u015ffedin. Zamans\u0131z bir par\u00e7a, her g\u00f6r\u00fcn\u00fcme l\u00fcks ve sofistike bir hava katmak i\u00e7in m\u00fckemmel.\" Pure Jewels \u0130ngiltere","robots":{"index":"index","follow":"follow","max-snippet":"max-snippet:-1","max-image-preview":"max-image-preview:large","max-video-preview":"max-video-preview:-1"},"canonical":"https:\/\/www.purejewels.com\/tr\/urun\/22-ayar-altin-antika-kaplama-saplama-15mm-49124\/","og_locale":"tr_TR","og_type":"article","og_title":"Shop 22ct Gold Antique Finish Stud in 15mm | PureJewels","og_description":"\"Explore the elegance of the 22ct Gold Armari Collection Earrings, featuring a delicate 3.7g weight and 15mm size. A timeless piece, perfect for adding luxury and sophistication to any look.\" Pure Jewels UK","og_url":"https:\/\/www.purejewels.com\/tr\/urun\/22-ayar-altin-antika-kaplama-saplama-15mm-49124\/","og_site_name":"PureJewels UK","article_modified_time":"2026-01-06T05:33:51+00:00","og_image":[{"width":1000,"height":1000,"url":"https:\/\/www.purejewels.com\/wp-content\/uploads\/2024\/10\/SKU-49124.png","type":"image\/png"}],"twitter_card":"summary_large_image","twitter_misc":{"Tahmini okuma s\u00fcresi":"1 dakika"},"schema":{"@context":"https:\/\/schema.org","@graph":[{"@type":["WebPage","ItemPage"],"@id":"https:\/\/www.purejewels.com\/product\/22ct-gold-antique-finish-stud-15mm-49124\/","url":"https:\/\/www.purejewels.com\/product\/22ct-gold-antique-finish-stud-15mm-49124\/","name":"15mm 22 Ayar Alt\u0131n Antik Kaplama Saplama Al\u0131\u015fveri\u015fi Yap\u0131n | PureJewels","isPartOf":{"@id":"https:\/\/www.purejewels.com\/#website"},"primaryImageOfPage":{"@id":"https:\/\/www.purejewels.com\/product\/22ct-gold-antique-finish-stud-15mm-49124\/#primaryimage"},"image":{"@id":"https:\/\/www.purejewels.com\/product\/22ct-gold-antique-finish-stud-15mm-49124\/#primaryimage"},"thumbnailUrl":"https:\/\/static.purejewels.com\/wp-content\/uploads\/2024\/10\/SKU-49124.png","datePublished":"2025-04-13T13:11:16+00:00","dateModified":"2026-01-06T05:33:51+00:00","description":"\"Hassas 3,7 g a\u011f\u0131rl\u0131\u011fa ve 15 mm boyuta sahip 22 Ayar Alt\u0131n Armari Koleksiyonu K\u00fcpelerin zarafetini ke\u015ffedin. Zamans\u0131z bir par\u00e7a, her g\u00f6r\u00fcn\u00fcme l\u00fcks ve sofistike bir hava katmak i\u00e7in m\u00fckemmel.\" Pure Jewels \u0130ngiltere","breadcrumb":{"@id":"https:\/\/www.purejewels.com\/product\/22ct-gold-antique-finish-stud-15mm-49124\/#breadcrumb"},"inLanguage":"tr","potentialAction":[{"@type":"ReadAction","target":["https:\/\/www.purejewels.com\/product\/22ct-gold-antique-finish-stud-15mm-49124\/"]}]},{"@type":"ImageObject","inLanguage":"tr","@id":"https:\/\/www.purejewels.com\/product\/22ct-gold-antique-finish-stud-15mm-49124\/#primaryimage","url":"https:\/\/static.purejewels.com\/wp-content\/uploads\/2024\/10\/SKU-49124.png","contentUrl":"https:\/\/static.purejewels.com\/wp-content\/uploads\/2024\/10\/SKU-49124.png","width":1000,"height":1000,"caption":"22ct gold stud earrings"},{"@type":"BreadcrumbList","@id":"https:\/\/www.purejewels.com\/product\/22ct-gold-antique-finish-stud-15mm-49124\/#breadcrumb","itemListElement":[{"@type":"ListItem","position":1,"name":"Home","item":"https:\/\/www.purejewels.com\/"},{"@type":"ListItem","position":2,"name":"Shop","item":"https:\/\/www.purejewels.com\/shop\/"},{"@type":"ListItem","position":3,"name":"22ct Gold Antique Finish Stud | Armari Collection"}]},{"@type":"WebSite","@id":"https:\/\/www.purejewels.com\/#website","url":"https:\/\/www.purejewels.com\/","name":"PureJewels \u0130ngiltere","description":"Sevgiyi Payla\u015f\u0131n","publisher":{"@id":"https:\/\/www.purejewels.com\/#organization"},"potentialAction":[{"@type":"SearchAction","target":{"@type":"EntryPoint","urlTemplate":"https:\/\/www.purejewels.com\/?s={search_term_string}"},"query-input":{"@type":"PropertyValueSpecification","valueRequired":true,"valueName":"search_term_string"}}],"inLanguage":"tr"},{"@type":"Organization","@id":"https:\/\/www.purejewels.com\/#organization","name":"PureJewels \u0130ngiltere","url":"https:\/\/www.purejewels.com\/","logo":{"@type":"ImageObject","inLanguage":"tr","@id":"https:\/\/www.purejewels.com\/#\/schema\/logo\/image\/","url":"https:\/\/static.purejewels.com\/wp-content\/uploads\/2020\/11\/Logo-PJ-New-1.png","contentUrl":"https:\/\/static.purejewels.com\/wp-content\/uploads\/2020\/11\/Logo-PJ-New-1.png","width":150,"height":80,"caption":"PureJewels UK"},"image":{"@id":"https:\/\/www.purejewels.com\/#\/schema\/logo\/image\/"}}]}},"_links":{"self":[{"href":"https:\/\/www.purejewels.com\/tr\/wp-json\/wp\/v2\/product\/373793","targetHints":{"allow":["GET"]}}],"collection":[{"href":"https:\/\/www.purejewels.com\/tr\/wp-json\/wp\/v2\/product"}],"about":[{"href":"https:\/\/www.purejewels.com\/tr\/wp-json\/wp\/v2\/types\/product"}],"replies":[{"embeddable":true,"href":"https:\/\/www.purejewels.com\/tr\/wp-json\/wp\/v2\/comments?post=373793"}],"version-history":[{"count":5,"href":"https:\/\/www.purejewels.com\/tr\/wp-json\/wp\/v2\/product\/373793\/revisions"}],"predecessor-version":[{"id":414395,"href":"https:\/\/www.purejewels.com\/tr\/wp-json\/wp\/v2\/product\/373793\/revisions\/414395"}],"wp:featuredmedia":[{"embeddable":true,"href":"https:\/\/www.purejewels.com\/tr\/wp-json\/wp\/v2\/media\/373794"}],"wp:attachment":[{"href":"https:\/\/www.purejewels.com\/tr\/wp-json\/wp\/v2\/media?parent=373793"}],"wp:term":[{"taxonomy":"product_brand","embeddable":true,"href":"https:\/\/www.purejewels.com\/tr\/wp-json\/wp\/v2\/product_brand?post=373793"},{"taxonomy":"product_cat","embeddable":true,"href":"https:\/\/www.purejewels.com\/tr\/wp-json\/wp\/v2\/product_cat?post=373793"},{"taxonomy":"product_tag","embeddable":true,"href":"https:\/\/www.purejewels.com\/tr\/wp-json\/wp\/v2\/product_tag?post=373793"}],"curies":[{"name":"wp","href":"https:\/\/api.w.org\/{rel}","templated":true}]}}