{"id":373987,"date":"2024-09-14T06:28:18","date_gmt":"2024-09-14T05:28:18","guid":{"rendered":"https:\/\/www.purejewels.com\/?post_type=product&#038;p=373987"},"modified":"2026-04-17T08:45:18","modified_gmt":"2026-04-17T07:45:18","slug":"22-ayar-altin-kasik","status":"publish","type":"product","link":"https:\/\/www.purejewels.com\/tr\/product\/22ct-gold-spoon\/","title":{"rendered":"22 Ayar Alt\u0131n Ka\u015f\u0131k"},"content":{"rendered":"<p data-sourcepos=\"3:1-3:32\"><strong>Zamans\u0131z \u015e\u0131kl\u0131\u011f\u0131n Keyfini \u00c7\u0131kar\u0131n<\/strong><\/p>\n<p>L\u00fcks ve e\u015fsiz bir hediye mi ar\u0131yorsunuz? PureJewels UK'in bu \u00e7arp\u0131c\u0131 22 ayar Alt\u0131n Ka\u015f\u0131\u011f\u0131ndan ba\u015fkas\u0131na bakmay\u0131n. En y\u00fcksek kalitede \u00fcretilmi\u015ftir <a href=\"https:\/\/www.purejewels.com\/tr\/product\/22ct-gold-jali-filigree-ring-jali-collection-31926\/\">22ct<\/a> alt\u0131n, bu ka\u015f\u0131k sadece pratik bir mutfak e\u015fyas\u0131 de\u011fil, ayn\u0131 zamanda g\u00fczel bir m\u00fccevher par\u00e7as\u0131d\u0131r.<\/p>\n<p>5,2 gram a\u011f\u0131rl\u0131\u011f\u0131ndaki bu alt\u0131n ka\u015f\u0131k, \u00f6zel g\u00fcnler i\u00e7in m\u00fckemmel bir hediye veya kendiniz i\u00e7in bir ikramd\u0131r. Sunum kutusu i\u00e7inde sevdiklerinize hediye etmeye haz\u0131rd\u0131r.<\/p>\n<p>\u015eimdi sipari\u015f verin ve 5-6 hafta i\u00e7inde \u00fccretsiz takipli teslimat al\u0131n. Ayr\u0131ca, i\u00e7inizin rahat etmesi i\u00e7in g\u00fcvenli \u00e7evrimi\u00e7i \u00f6demeler ve 30 g\u00fcnl\u00fck para iade garantisi sunuyoruz.<\/p>\n<p>Uygunluk hakk\u0131nda herhangi bir sorunuz varsa veya daha fazla resim g\u00f6rmek istiyorsan\u0131z, m\u00fc\u015fteri hizmetleri ekibimiz canl\u0131 sohbet i\u00e7in haz\u0131rd\u0131r. Herhangi bir \u00f6zel iste\u011finiz varsa veya daha h\u0131zl\u0131 teslimat se\u00e7eneklerine ihtiyac\u0131n\u0131z varsa bize ula\u015fmaktan \u00e7ekinmeyin.<\/p>\n<p>Mutfa\u011f\u0131n\u0131za l\u00fcks bir dokunu\u015f kat\u0131n veya bu zarif \u00fcr\u00fcnle \u00f6zel birine s\u00fcrpriz yap\u0131n <a href=\"https:\/\/www.purejewels.com\/tr\/product\/holy-cross-gold-pendant-44713\/\">22 Ayar Alt\u0131n<\/a> PureJewels UK'den ka\u015f\u0131k.<\/p>\n<p data-sourcepos=\"7:1-7:17\"><strong>Temel \u00d6zellikler:<\/strong><\/p>\n<ul data-sourcepos=\"9:1-14:0\">\n<li data-sourcepos=\"9:1-9:56\"><strong>22 ayar alt\u0131n:<\/strong> Ola\u011fan\u00fcst\u00fc safl\u0131k ve parlakl\u0131k sa\u011flar.<\/li>\n<li data-sourcepos=\"10:1-10:80\"><strong>Zarif Tasar\u0131m:<\/strong> Her t\u00fcrl\u00fc yemek ortam\u0131n\u0131 tamamlayan zamans\u0131z bir siluet.<\/li>\n<li data-sourcepos=\"11:1-11:74\"><strong>El i\u015fi:<\/strong> Her bir ka\u015f\u0131k yetenekli zanaatkarlar taraf\u0131ndan titizlikle \u00fcretilmi\u015ftir.<\/li>\n<li data-sourcepos=\"12:1-12:73\"><strong>Hipoalerjenik:<\/strong> Hassas ciltler i\u00e7in g\u00fcvenli ve g\u00fcnl\u00fck kullan\u0131m i\u00e7in idealdir.<\/li>\n<li data-sourcepos=\"13:1-14:0\"><strong>M\u00fckemmel bir hediye:<\/strong> \u00d6zel g\u00fcnler i\u00e7in l\u00fcks ve d\u00fc\u015f\u00fcnceli bir hediye.<\/li>\n<\/ul>\n<p data-sourcepos=\"19:1-19:22\"><strong>Bak\u0131m Talimatlar\u0131:<\/strong><\/p>\n<ul data-sourcepos=\"21:1-24:0\">\n<li data-sourcepos=\"21:1-21:60\">\u00c7izilmeleri \u00f6nlemek i\u00e7in yumu\u015fak bir kese veya m\u00fccevher kutusu i\u00e7inde saklay\u0131n.<\/li>\n<li data-sourcepos=\"22:1-22:52\">Yumu\u015fak bir bez ve hafif bir deterjanla nazik\u00e7e temizleyin.<\/li>\n<li data-sourcepos=\"23:1-24:0\">Sert kimyasallardan ve a\u015f\u0131nd\u0131r\u0131c\u0131 malzemelerden ka\u00e7\u0131n\u0131n.<\/li>\n<\/ul>\n<p data-sourcepos=\"25:1-25:20\"><strong>L\u00fckse Yat\u0131r\u0131m Yap\u0131n<\/strong><\/p>\n<p data-sourcepos=\"27:1-27:177\">22 ayar alt\u0131n ka\u015f\u0131k sadece i\u015flevsel bir par\u00e7a de\u011fil, ayn\u0131 zamanda de\u011ferli bir yat\u0131r\u0131md\u0131r. Zamans\u0131z \u00e7ekicili\u011fi ve kal\u0131c\u0131 kalitesi, onu gelecek nesiller i\u00e7in de\u011ferli bir varl\u0131k haline getirir.<\/p>\n<p data-sourcepos=\"29:1-29:27\"><strong>Fark\u0131 Ke\u015ffedin<\/strong><\/p>\n<p data-sourcepos=\"31:1-31:123\">22ct alt\u0131n ka\u015f\u0131\u011f\u0131m\u0131z\u0131n e\u015fsiz g\u00fczelli\u011fini ve l\u00fcks\u00fcn\u00fc deneyimleyin. Bug\u00fcn sipari\u015finizi verin ve yemek deneyiminizi y\u00fckseltin.<\/p>","protected":false},"excerpt":{"rendered":"<table class=\"sh_desc\" width=\"495\">\n<tbody>\n<tr>\n<td>SKU<\/td>\n<td>46405<\/td>\n<\/tr>\n<tr>\n<td>A\u011f\u0131rl\u0131k<\/td>\n<td>5.2 Gms<\/td>\n<\/tr>\n<tr>\n<td>Metal<\/td>\n<td>22 Ayar Alt\u0131n<\/td>\n<\/tr>\n<tr>\n<td>\u00dccretler<\/td>\n<td>Teslimat ve KDV Dahil<\/td>\n<\/tr>\n<tr>\n<td>Paketleme<\/td>\n<td>Sunum Kutusu ile Birlikte Gelir<\/td>\n<\/tr>\n<tr>\n<td>Daha Fazla Bilgi<\/td>\n<td>M\u00fcsaitlik durumu ve daha fazla resim i\u00e7in bizimle canl\u0131 sohbet edin ve<\/td>\n<\/tr>\n<\/tbody>\n<\/table>","protected":false},"featured_media":373988,"comment_status":"closed","ping_status":"closed","template":"","meta":{"_eb_attr":"","_crsspst_to_jayantr4sg-hostcom":false},"product_brand":[],"product_cat":[5886,1229,6196,5906],"product_tag":[],"class_list":{"0":"post-373987","1":"product","2":"type-product","3":"status-publish","4":"has-post-thumbnail","6":"product_cat-gold-childrens-gifts","7":"product_cat-22ct-gold-jewellery","8":"product_cat-gold-spoon","9":"product_cat-personalised-jewellery","11":"first","12":"onbackorder","13":"taxable","14":"shipping-taxable","15":"product-type-simple","16":"add-to-wishlist-before_image"},"yoast_head":"<!-- This site is optimized with the Yoast SEO plugin v27.5 - https:\/\/yoast.com\/product\/yoast-seo-wordpress\/ -->\n<title>Buy 22 carat Gold spoon from PureJewels UK<\/title>\n<meta name=\"description\" content=\"Experience the unparalleled beauty and luxury of our 22ct gold spoon. Order yours today and elevate your dining experience.\" \/>\n<meta name=\"robots\" content=\"index, follow, max-snippet:-1, max-image-preview:large, max-video-preview:-1\" \/>\n<link rel=\"canonical\" href=\"https:\/\/www.purejewels.com\/tr\/urun\/22-ayar-altin-kasik\/\" \/>\n<meta property=\"og:locale\" content=\"tr_TR\" \/>\n<meta property=\"og:type\" content=\"article\" \/>\n<meta property=\"og:title\" content=\"Buy 22 carat Gold spoon from PureJewels UK\" \/>\n<meta property=\"og:description\" content=\"Experience the unparalleled beauty and luxury of our 22ct gold spoon. Order yours today and elevate your dining experience.\" \/>\n<meta property=\"og:url\" content=\"https:\/\/www.purejewels.com\/tr\/urun\/22-ayar-altin-kasik\/\" \/>\n<meta property=\"og:site_name\" content=\"PureJewels UK\" \/>\n<meta property=\"article:modified_time\" content=\"2026-04-17T07:45:18+00:00\" \/>\n<meta property=\"og:image\" content=\"https:\/\/static.purejewels.com\/wp-content\/uploads\/2024\/10\/SKU-46405.png\" \/>\n\t<meta property=\"og:image:width\" content=\"1000\" \/>\n\t<meta property=\"og:image:height\" content=\"1000\" \/>\n\t<meta property=\"og:image:type\" content=\"image\/png\" \/>\n<meta name=\"twitter:card\" content=\"summary_large_image\" \/>\n<meta name=\"twitter:label1\" content=\"Tahmini okuma s\u00fcresi\" \/>\n\t<meta name=\"twitter:data1\" content=\"2 dakika\" \/>\n<script type=\"application\/ld+json\" class=\"yoast-schema-graph\">{\"@context\":\"https:\\\/\\\/schema.org\",\"@graph\":[{\"@type\":[\"WebPage\",\"ItemPage\"],\"@id\":\"https:\\\/\\\/www.purejewels.com\\\/product\\\/22ct-gold-spoon\\\/\",\"url\":\"https:\\\/\\\/www.purejewels.com\\\/product\\\/22ct-gold-spoon\\\/\",\"name\":\"Buy 22 carat Gold spoon from PureJewels UK\",\"isPartOf\":{\"@id\":\"https:\\\/\\\/www.purejewels.com\\\/#website\"},\"primaryImageOfPage\":{\"@id\":\"https:\\\/\\\/www.purejewels.com\\\/product\\\/22ct-gold-spoon\\\/#primaryimage\"},\"image\":{\"@id\":\"https:\\\/\\\/www.purejewels.com\\\/product\\\/22ct-gold-spoon\\\/#primaryimage\"},\"thumbnailUrl\":\"https:\\\/\\\/static.purejewels.com\\\/wp-content\\\/uploads\\\/2024\\\/10\\\/SKU-46405.png\",\"datePublished\":\"2024-09-14T05:28:18+00:00\",\"dateModified\":\"2026-04-17T07:45:18+00:00\",\"description\":\"Experience the unparalleled beauty and luxury of our 22ct gold spoon. Order yours today and elevate your dining experience.\",\"breadcrumb\":{\"@id\":\"https:\\\/\\\/www.purejewels.com\\\/product\\\/22ct-gold-spoon\\\/#breadcrumb\"},\"inLanguage\":\"tr\",\"potentialAction\":[{\"@type\":\"ReadAction\",\"target\":[\"https:\\\/\\\/www.purejewels.com\\\/product\\\/22ct-gold-spoon\\\/\"]}]},{\"@type\":\"ImageObject\",\"inLanguage\":\"tr\",\"@id\":\"https:\\\/\\\/www.purejewels.com\\\/product\\\/22ct-gold-spoon\\\/#primaryimage\",\"url\":\"https:\\\/\\\/static.purejewels.com\\\/wp-content\\\/uploads\\\/2024\\\/10\\\/SKU-46405.png\",\"contentUrl\":\"https:\\\/\\\/static.purejewels.com\\\/wp-content\\\/uploads\\\/2024\\\/10\\\/SKU-46405.png\",\"width\":1000,\"height\":1000,\"caption\":\"22ct Gold Spoon\"},{\"@type\":\"BreadcrumbList\",\"@id\":\"https:\\\/\\\/www.purejewels.com\\\/product\\\/22ct-gold-spoon\\\/#breadcrumb\",\"itemListElement\":[{\"@type\":\"ListItem\",\"position\":1,\"name\":\"Home\",\"item\":\"https:\\\/\\\/www.purejewels.com\\\/\"},{\"@type\":\"ListItem\",\"position\":2,\"name\":\"Shop\",\"item\":\"https:\\\/\\\/www.purejewels.com\\\/shop\\\/\"},{\"@type\":\"ListItem\",\"position\":3,\"name\":\"22ct Gold Spoon\"}]},{\"@type\":\"WebSite\",\"@id\":\"https:\\\/\\\/www.purejewels.com\\\/#website\",\"url\":\"https:\\\/\\\/www.purejewels.com\\\/\",\"name\":\"PureJewels UK\",\"description\":\"Share the Love\",\"publisher\":{\"@id\":\"https:\\\/\\\/www.purejewels.com\\\/#organization\"},\"potentialAction\":[{\"@type\":\"SearchAction\",\"target\":{\"@type\":\"EntryPoint\",\"urlTemplate\":\"https:\\\/\\\/www.purejewels.com\\\/?s={search_term_string}\"},\"query-input\":{\"@type\":\"PropertyValueSpecification\",\"valueRequired\":true,\"valueName\":\"search_term_string\"}}],\"inLanguage\":\"tr\"},{\"@type\":\"Organization\",\"@id\":\"https:\\\/\\\/www.purejewels.com\\\/#organization\",\"name\":\"PureJewels UK\",\"url\":\"https:\\\/\\\/www.purejewels.com\\\/\",\"logo\":{\"@type\":\"ImageObject\",\"inLanguage\":\"tr\",\"@id\":\"https:\\\/\\\/www.purejewels.com\\\/#\\\/schema\\\/logo\\\/image\\\/\",\"url\":\"https:\\\/\\\/static.purejewels.com\\\/wp-content\\\/uploads\\\/2020\\\/11\\\/Logo-PJ-New-1.png\",\"contentUrl\":\"https:\\\/\\\/static.purejewels.com\\\/wp-content\\\/uploads\\\/2020\\\/11\\\/Logo-PJ-New-1.png\",\"width\":150,\"height\":80,\"caption\":\"PureJewels UK\"},\"image\":{\"@id\":\"https:\\\/\\\/www.purejewels.com\\\/#\\\/schema\\\/logo\\\/image\\\/\"}}]}<\/script>\n<!-- \/ Yoast SEO plugin. -->","yoast_head_json":{"title":"PureJewels UK'den 22 ayar Alt\u0131n ka\u015f\u0131k sat\u0131n al\u0131n","description":"22ct alt\u0131n ka\u015f\u0131\u011f\u0131m\u0131z\u0131n e\u015fsiz g\u00fczelli\u011fini ve l\u00fcks\u00fcn\u00fc deneyimleyin. Bug\u00fcn sipari\u015finizi verin ve yemek deneyiminizi y\u00fckseltin.","robots":{"index":"index","follow":"follow","max-snippet":"max-snippet:-1","max-image-preview":"max-image-preview:large","max-video-preview":"max-video-preview:-1"},"canonical":"https:\/\/www.purejewels.com\/tr\/urun\/22-ayar-altin-kasik\/","og_locale":"tr_TR","og_type":"article","og_title":"Buy 22 carat Gold spoon from PureJewels UK","og_description":"Experience the unparalleled beauty and luxury of our 22ct gold spoon. Order yours today and elevate your dining experience.","og_url":"https:\/\/www.purejewels.com\/tr\/urun\/22-ayar-altin-kasik\/","og_site_name":"PureJewels UK","article_modified_time":"2026-04-17T07:45:18+00:00","og_image":[{"width":1000,"height":1000,"url":"https:\/\/static.purejewels.com\/wp-content\/uploads\/2024\/10\/SKU-46405.png","type":"image\/png"}],"twitter_card":"summary_large_image","twitter_misc":{"Tahmini okuma s\u00fcresi":"2 dakika"},"schema":{"@context":"https:\/\/schema.org","@graph":[{"@type":["WebPage","ItemPage"],"@id":"https:\/\/www.purejewels.com\/product\/22ct-gold-spoon\/","url":"https:\/\/www.purejewels.com\/product\/22ct-gold-spoon\/","name":"PureJewels UK'den 22 ayar Alt\u0131n ka\u015f\u0131k sat\u0131n al\u0131n","isPartOf":{"@id":"https:\/\/www.purejewels.com\/#website"},"primaryImageOfPage":{"@id":"https:\/\/www.purejewels.com\/product\/22ct-gold-spoon\/#primaryimage"},"image":{"@id":"https:\/\/www.purejewels.com\/product\/22ct-gold-spoon\/#primaryimage"},"thumbnailUrl":"https:\/\/static.purejewels.com\/wp-content\/uploads\/2024\/10\/SKU-46405.png","datePublished":"2024-09-14T05:28:18+00:00","dateModified":"2026-04-17T07:45:18+00:00","description":"22ct alt\u0131n ka\u015f\u0131\u011f\u0131m\u0131z\u0131n e\u015fsiz g\u00fczelli\u011fini ve l\u00fcks\u00fcn\u00fc deneyimleyin. Bug\u00fcn sipari\u015finizi verin ve yemek deneyiminizi y\u00fckseltin.","breadcrumb":{"@id":"https:\/\/www.purejewels.com\/product\/22ct-gold-spoon\/#breadcrumb"},"inLanguage":"tr","potentialAction":[{"@type":"ReadAction","target":["https:\/\/www.purejewels.com\/product\/22ct-gold-spoon\/"]}]},{"@type":"ImageObject","inLanguage":"tr","@id":"https:\/\/www.purejewels.com\/product\/22ct-gold-spoon\/#primaryimage","url":"https:\/\/static.purejewels.com\/wp-content\/uploads\/2024\/10\/SKU-46405.png","contentUrl":"https:\/\/static.purejewels.com\/wp-content\/uploads\/2024\/10\/SKU-46405.png","width":1000,"height":1000,"caption":"22ct Gold Spoon"},{"@type":"BreadcrumbList","@id":"https:\/\/www.purejewels.com\/product\/22ct-gold-spoon\/#breadcrumb","itemListElement":[{"@type":"ListItem","position":1,"name":"Home","item":"https:\/\/www.purejewels.com\/"},{"@type":"ListItem","position":2,"name":"Shop","item":"https:\/\/www.purejewels.com\/shop\/"},{"@type":"ListItem","position":3,"name":"22ct Gold Spoon"}]},{"@type":"WebSite","@id":"https:\/\/www.purejewels.com\/#website","url":"https:\/\/www.purejewels.com\/","name":"PureJewels \u0130ngiltere","description":"Sevgiyi Payla\u015f\u0131n","publisher":{"@id":"https:\/\/www.purejewels.com\/#organization"},"potentialAction":[{"@type":"SearchAction","target":{"@type":"EntryPoint","urlTemplate":"https:\/\/www.purejewels.com\/?s={search_term_string}"},"query-input":{"@type":"PropertyValueSpecification","valueRequired":true,"valueName":"search_term_string"}}],"inLanguage":"tr"},{"@type":"Organization","@id":"https:\/\/www.purejewels.com\/#organization","name":"PureJewels \u0130ngiltere","url":"https:\/\/www.purejewels.com\/","logo":{"@type":"ImageObject","inLanguage":"tr","@id":"https:\/\/www.purejewels.com\/#\/schema\/logo\/image\/","url":"https:\/\/static.purejewels.com\/wp-content\/uploads\/2020\/11\/Logo-PJ-New-1.png","contentUrl":"https:\/\/static.purejewels.com\/wp-content\/uploads\/2020\/11\/Logo-PJ-New-1.png","width":150,"height":80,"caption":"PureJewels UK"},"image":{"@id":"https:\/\/www.purejewels.com\/#\/schema\/logo\/image\/"}}]}},"_links":{"self":[{"href":"https:\/\/www.purejewels.com\/tr\/wp-json\/wp\/v2\/product\/373987","targetHints":{"allow":["GET"]}}],"collection":[{"href":"https:\/\/www.purejewels.com\/tr\/wp-json\/wp\/v2\/product"}],"about":[{"href":"https:\/\/www.purejewels.com\/tr\/wp-json\/wp\/v2\/types\/product"}],"replies":[{"embeddable":true,"href":"https:\/\/www.purejewels.com\/tr\/wp-json\/wp\/v2\/comments?post=373987"}],"version-history":[{"count":3,"href":"https:\/\/www.purejewels.com\/tr\/wp-json\/wp\/v2\/product\/373987\/revisions"}],"predecessor-version":[{"id":420172,"href":"https:\/\/www.purejewels.com\/tr\/wp-json\/wp\/v2\/product\/373987\/revisions\/420172"}],"wp:featuredmedia":[{"embeddable":true,"href":"https:\/\/www.purejewels.com\/tr\/wp-json\/wp\/v2\/media\/373988"}],"wp:attachment":[{"href":"https:\/\/www.purejewels.com\/tr\/wp-json\/wp\/v2\/media?parent=373987"}],"wp:term":[{"taxonomy":"product_brand","embeddable":true,"href":"https:\/\/www.purejewels.com\/tr\/wp-json\/wp\/v2\/product_brand?post=373987"},{"taxonomy":"product_cat","embeddable":true,"href":"https:\/\/www.purejewels.com\/tr\/wp-json\/wp\/v2\/product_cat?post=373987"},{"taxonomy":"product_tag","embeddable":true,"href":"https:\/\/www.purejewels.com\/tr\/wp-json\/wp\/v2\/product_tag?post=373987"}],"curies":[{"name":"wp","href":"https:\/\/api.w.org\/{rel}","templated":true}]}}