{"id":374044,"date":"2024-10-15T09:18:28","date_gmt":"2024-10-15T08:18:28","guid":{"rendered":"https:\/\/www.purejewels.com\/?post_type=product&#038;p=374044"},"modified":"2026-02-27T04:29:21","modified_gmt":"2026-02-27T04:29:21","slug":"22-ayar-altin-antika-kaplama-citcit-armari-koleksiyonu-6mm-49588","status":"publish","type":"product","link":"https:\/\/www.purejewels.com\/tr\/product\/22ct-gold-antique-finish-studs-armari-collection-6mm-49588\/","title":{"rendered":"22 Ayar Alt\u0131n Antik Kaplama Saplama | Armari Koleksiyonu | 6mm"},"content":{"rendered":"<h3><strong>22 Ayar Alt\u0131n Antik Kaplama \u00c7\u0131t\u00e7\u0131t | Armari Koleksiyonu<\/strong><\/h3>\n<ul>\n<li><strong>Tasar\u0131m<\/strong>: Zarif 6mm \u00e7\u0131t\u00e7\u0131tlar ile ince bir <a href=\"https:\/\/www.purejewels.com\/tr\/armari-collection\/\">antika kaplama<\/a>minimalist bir estetikle zamans\u0131z bir \u00e7ekicilik sunuyor.<\/li>\n<li><strong>Malzeme<\/strong>: Ustal\u0131kla 22 ayar alt\u0131ndan \u00fcretilmi\u015ftir ve g\u00f6ze \u00e7arpan l\u00fcks ve dayan\u0131kl\u0131 bir par\u00e7a sa\u011flar.<\/li>\n<li><strong>G\u00fcnl\u00fck K\u00fcpeler<\/strong>: Hafif ve \u00e7ok y\u00f6nl\u00fc, stilden \u00f6d\u00fcn vermeden g\u00fcnl\u00fck kullan\u0131m i\u00e7in m\u00fckemmel.<\/li>\n<li><strong><a href=\"https:\/\/www.purejewels.com\/tr\/product\/22ct-gold-antique-stud-49642\/\">Saplama K\u00fcpeler<\/a><\/strong>: Antik bir dokunu\u015fa sahip klasik saplama tasar\u0131m\u0131, abart\u0131s\u0131z \u015f\u0131kl\u0131\u011f\u0131 sevenler i\u00e7in ideal.<\/li>\n<li><strong>Minimalist K\u00fcpeler<\/strong>: Temiz ve zarif bu k\u00fcpeler, g\u00fcndelikten resmiyete her t\u00fcrl\u00fc k\u0131yafeti tamamlar.<\/li>\n<li><strong><a href=\"https:\/\/www.purejewels.com\/tr\/product\/22ct-gold-armari-collection-stud-antique-finish-49172\/\">Armari Koleksiyonu<\/a><\/strong>: \u00d6zel \u00fcr\u00fcn yelpazemizin bir par\u00e7as\u0131, kutlama <a href=\"https:\/\/www.purejewels.com\/tr\/a-guide-to-die-stamping\/\">zanaatkarl\u0131k<\/a> ve zamans\u0131z g\u00fczellik.<\/li>\n<\/ul>\n<p>G\u00fcnl\u00fck g\u00f6r\u00fcn\u00fcm\u00fcn\u00fcze sofistike bir dokunu\u015f katmak veya \u00f6zel biri i\u00e7in d\u00fc\u015f\u00fcnceli bir hediye olarak m\u00fckemmeldir.<\/p>","protected":false},"excerpt":{"rendered":"<table class=\"sh_desc\" style=\"height: 323px;\" width=\"495\">\n<tbody>\n<tr>\n<td>K\u00fcpe T\u00fcr\u00fc<\/td>\n<td>Saplama K\u00fcpe<\/td>\n<\/tr>\n<tr>\n<td>SKU<\/td>\n<td>49588<\/td>\n<\/tr>\n<tr>\n<td>A\u011f\u0131rl\u0131k<\/td>\n<td>2.1 Gms<\/td>\n<\/tr>\n<tr>\n<td>Biti\u015f<\/td>\n<td>Antique_Matte<\/td>\n<\/tr>\n<tr>\n<td>Geni\u015flik<\/td>\n<td>6 mm<\/td>\n<\/tr>\n<tr>\n<td>Koleksiyon<\/td>\n<td><strong>Armari Koleksiyonu<\/strong><\/td>\n<\/tr>\n<tr>\n<td>Metal<\/td>\n<td>22 Ayar Alt\u0131n<\/td>\n<\/tr>\n<tr>\n<td>\u00dccretler<\/td>\n<td>Teslimat ve KDV Dahil<\/td>\n<\/tr>\n<tr>\n<td>Paketleme<\/td>\n<td>Sunum Kutusu ile Birlikte Gelir<\/td>\n<\/tr>\n<tr>\n<td>Daha Fazla Bilgi<\/td>\n<td>M\u00fcsaitlik durumu ve daha fazla resim ve video i\u00e7in bizimle canl\u0131 sohbet edin.<\/td>\n<\/tr>\n<\/tbody>\n<\/table>","protected":false},"featured_media":374617,"comment_status":"closed","ping_status":"closed","template":"","meta":{"_eb_attr":"","_crsspst_to_jayantr4sg-hostcom":false},"product_brand":[],"product_cat":[1791,245,5639,6143,1559,236,1254,1229,5343,1570,5338,1577,1573,1574,5349],"product_tag":[],"class_list":{"0":"post-374044","1":"product","2":"type-product","3":"status-publish","4":"has-post-thumbnail","6":"product_cat-anniversary-gifts","7":"product_cat-armari-collections","8":"product_cat-armari-earring","9":"product_cat-armari-stud-earrings","10":"product_cat-birthday-gifts","11":"product_cat-collections","12":"product_cat-gold-earrings","13":"product_cat-22ct-gold-jewellery","14":"product_cat-jewellery-under-550","15":"product_cat-mothers-day-gifts","16":"product_cat-shop-by-price","17":"product_cat-stud-earrings","18":"product_cat-wedding-gifts","19":"product_cat-womens-jewellery","20":"product_cat-yellow-gold-jewellery","22":"first","23":"onbackorder","24":"taxable","25":"shipping-taxable","26":"purchasable","27":"product-type-simple","28":"add-to-wishlist-before_image"},"yoast_head":"<!-- This site is optimized with the Yoast SEO plugin v27.5 - https:\/\/yoast.com\/product\/yoast-seo-wordpress\/ -->\n<title>Shop 22ct Gold Antique Finish Stud in 6mm | PureJewels UK<\/title>\n<meta name=\"description\" content=\"Make a statement with timeless sophistication 22ct gold 6mm stud earrings from Armari Collection, crafted with an antique finish from Purejewels UK\" \/>\n<meta name=\"robots\" content=\"index, follow, max-snippet:-1, max-image-preview:large, max-video-preview:-1\" \/>\n<link rel=\"canonical\" href=\"https:\/\/www.purejewels.com\/tr\/urun\/22-ayar-altin-antika-kaplama-citcit-armari-koleksiyonu-6mm-49588\/\" \/>\n<meta property=\"og:locale\" content=\"tr_TR\" \/>\n<meta property=\"og:type\" content=\"article\" \/>\n<meta property=\"og:title\" content=\"Shop 22ct Gold Antique Finish Stud in 6mm | PureJewels UK\" \/>\n<meta property=\"og:description\" content=\"Make a statement with timeless sophistication 22ct gold 6mm stud earrings from Armari Collection, crafted with an antique finish from Purejewels UK\" \/>\n<meta property=\"og:url\" content=\"https:\/\/www.purejewels.com\/tr\/urun\/22-ayar-altin-antika-kaplama-citcit-armari-koleksiyonu-6mm-49588\/\" \/>\n<meta property=\"og:site_name\" content=\"PureJewels UK\" \/>\n<meta property=\"article:modified_time\" content=\"2026-02-27T04:29:21+00:00\" \/>\n<meta property=\"og:image\" content=\"https:\/\/static.purejewels.com\/wp-content\/uploads\/2024\/10\/SKU-49588.png\" \/>\n\t<meta property=\"og:image:width\" content=\"1000\" \/>\n\t<meta property=\"og:image:height\" content=\"1000\" \/>\n\t<meta property=\"og:image:type\" content=\"image\/png\" \/>\n<meta name=\"twitter:card\" content=\"summary_large_image\" \/>\n<meta name=\"twitter:label1\" content=\"Tahmini okuma s\u00fcresi\" \/>\n\t<meta name=\"twitter:data1\" content=\"1 dakika\" \/>\n<script type=\"application\/ld+json\" class=\"yoast-schema-graph\">{\"@context\":\"https:\\\/\\\/schema.org\",\"@graph\":[{\"@type\":[\"WebPage\",\"ItemPage\"],\"@id\":\"https:\\\/\\\/www.purejewels.com\\\/product\\\/22ct-gold-antique-finish-studs-armari-collection-6mm-49588\\\/\",\"url\":\"https:\\\/\\\/www.purejewels.com\\\/product\\\/22ct-gold-antique-finish-studs-armari-collection-6mm-49588\\\/\",\"name\":\"Shop 22ct Gold Antique Finish Stud in 6mm | PureJewels UK\",\"isPartOf\":{\"@id\":\"https:\\\/\\\/www.purejewels.com\\\/#website\"},\"primaryImageOfPage\":{\"@id\":\"https:\\\/\\\/www.purejewels.com\\\/product\\\/22ct-gold-antique-finish-studs-armari-collection-6mm-49588\\\/#primaryimage\"},\"image\":{\"@id\":\"https:\\\/\\\/www.purejewels.com\\\/product\\\/22ct-gold-antique-finish-studs-armari-collection-6mm-49588\\\/#primaryimage\"},\"thumbnailUrl\":\"https:\\\/\\\/static.purejewels.com\\\/wp-content\\\/uploads\\\/2024\\\/10\\\/SKU-49588.png\",\"datePublished\":\"2024-10-15T08:18:28+00:00\",\"dateModified\":\"2026-02-27T04:29:21+00:00\",\"description\":\"Make a statement with timeless sophistication 22ct gold 6mm stud earrings from Armari Collection, crafted with an antique finish from Purejewels UK\",\"breadcrumb\":{\"@id\":\"https:\\\/\\\/www.purejewels.com\\\/product\\\/22ct-gold-antique-finish-studs-armari-collection-6mm-49588\\\/#breadcrumb\"},\"inLanguage\":\"tr\",\"potentialAction\":[{\"@type\":\"ReadAction\",\"target\":[\"https:\\\/\\\/www.purejewels.com\\\/product\\\/22ct-gold-antique-finish-studs-armari-collection-6mm-49588\\\/\"]}]},{\"@type\":\"ImageObject\",\"inLanguage\":\"tr\",\"@id\":\"https:\\\/\\\/www.purejewels.com\\\/product\\\/22ct-gold-antique-finish-studs-armari-collection-6mm-49588\\\/#primaryimage\",\"url\":\"https:\\\/\\\/static.purejewels.com\\\/wp-content\\\/uploads\\\/2024\\\/10\\\/SKU-49588.png\",\"contentUrl\":\"https:\\\/\\\/static.purejewels.com\\\/wp-content\\\/uploads\\\/2024\\\/10\\\/SKU-49588.png\",\"width\":1000,\"height\":1000,\"caption\":\"22ct Gold Stud\"},{\"@type\":\"BreadcrumbList\",\"@id\":\"https:\\\/\\\/www.purejewels.com\\\/product\\\/22ct-gold-antique-finish-studs-armari-collection-6mm-49588\\\/#breadcrumb\",\"itemListElement\":[{\"@type\":\"ListItem\",\"position\":1,\"name\":\"Home\",\"item\":\"https:\\\/\\\/www.purejewels.com\\\/\"},{\"@type\":\"ListItem\",\"position\":2,\"name\":\"Shop\",\"item\":\"https:\\\/\\\/www.purejewels.com\\\/shop\\\/\"},{\"@type\":\"ListItem\",\"position\":3,\"name\":\"22ct Gold Antique Finish Stud | Armari Collection | 6mm\"}]},{\"@type\":\"WebSite\",\"@id\":\"https:\\\/\\\/www.purejewels.com\\\/#website\",\"url\":\"https:\\\/\\\/www.purejewels.com\\\/\",\"name\":\"PureJewels UK\",\"description\":\"Share the Love\",\"publisher\":{\"@id\":\"https:\\\/\\\/www.purejewels.com\\\/#organization\"},\"potentialAction\":[{\"@type\":\"SearchAction\",\"target\":{\"@type\":\"EntryPoint\",\"urlTemplate\":\"https:\\\/\\\/www.purejewels.com\\\/?s={search_term_string}\"},\"query-input\":{\"@type\":\"PropertyValueSpecification\",\"valueRequired\":true,\"valueName\":\"search_term_string\"}}],\"inLanguage\":\"tr\"},{\"@type\":\"Organization\",\"@id\":\"https:\\\/\\\/www.purejewels.com\\\/#organization\",\"name\":\"PureJewels UK\",\"url\":\"https:\\\/\\\/www.purejewels.com\\\/\",\"logo\":{\"@type\":\"ImageObject\",\"inLanguage\":\"tr\",\"@id\":\"https:\\\/\\\/www.purejewels.com\\\/#\\\/schema\\\/logo\\\/image\\\/\",\"url\":\"https:\\\/\\\/static.purejewels.com\\\/wp-content\\\/uploads\\\/2020\\\/11\\\/Logo-PJ-New-1.png\",\"contentUrl\":\"https:\\\/\\\/static.purejewels.com\\\/wp-content\\\/uploads\\\/2020\\\/11\\\/Logo-PJ-New-1.png\",\"width\":150,\"height\":80,\"caption\":\"PureJewels UK\"},\"image\":{\"@id\":\"https:\\\/\\\/www.purejewels.com\\\/#\\\/schema\\\/logo\\\/image\\\/\"}}]}<\/script>\n<!-- \/ Yoast SEO plugin. -->","yoast_head_json":{"title":"6mm'de 22 Ayar Alt\u0131n Antik Kaplama Saplama Sat\u0131n Al\u0131n | PureJewels UK","description":"Zamans\u0131z sofistike bir ifade yarat\u0131n Purejewels UK'den antika kaplama ile haz\u0131rlanm\u0131\u015f Armari Collection'dan 22 ayar alt\u0131n 6mm k\u00fcpe","robots":{"index":"index","follow":"follow","max-snippet":"max-snippet:-1","max-image-preview":"max-image-preview:large","max-video-preview":"max-video-preview:-1"},"canonical":"https:\/\/www.purejewels.com\/tr\/urun\/22-ayar-altin-antika-kaplama-citcit-armari-koleksiyonu-6mm-49588\/","og_locale":"tr_TR","og_type":"article","og_title":"Shop 22ct Gold Antique Finish Stud in 6mm | PureJewels UK","og_description":"Make a statement with timeless sophistication 22ct gold 6mm stud earrings from Armari Collection, crafted with an antique finish from Purejewels UK","og_url":"https:\/\/www.purejewels.com\/tr\/urun\/22-ayar-altin-antika-kaplama-citcit-armari-koleksiyonu-6mm-49588\/","og_site_name":"PureJewels UK","article_modified_time":"2026-02-27T04:29:21+00:00","og_image":[{"width":1000,"height":1000,"url":"https:\/\/static.purejewels.com\/wp-content\/uploads\/2024\/10\/SKU-49588.png","type":"image\/png"}],"twitter_card":"summary_large_image","twitter_misc":{"Tahmini okuma s\u00fcresi":"1 dakika"},"schema":{"@context":"https:\/\/schema.org","@graph":[{"@type":["WebPage","ItemPage"],"@id":"https:\/\/www.purejewels.com\/product\/22ct-gold-antique-finish-studs-armari-collection-6mm-49588\/","url":"https:\/\/www.purejewels.com\/product\/22ct-gold-antique-finish-studs-armari-collection-6mm-49588\/","name":"6mm'de 22 Ayar Alt\u0131n Antik Kaplama Saplama Sat\u0131n Al\u0131n | PureJewels UK","isPartOf":{"@id":"https:\/\/www.purejewels.com\/#website"},"primaryImageOfPage":{"@id":"https:\/\/www.purejewels.com\/product\/22ct-gold-antique-finish-studs-armari-collection-6mm-49588\/#primaryimage"},"image":{"@id":"https:\/\/www.purejewels.com\/product\/22ct-gold-antique-finish-studs-armari-collection-6mm-49588\/#primaryimage"},"thumbnailUrl":"https:\/\/static.purejewels.com\/wp-content\/uploads\/2024\/10\/SKU-49588.png","datePublished":"2024-10-15T08:18:28+00:00","dateModified":"2026-02-27T04:29:21+00:00","description":"Zamans\u0131z sofistike bir ifade yarat\u0131n Purejewels UK'den antika kaplama ile haz\u0131rlanm\u0131\u015f Armari Collection'dan 22 ayar alt\u0131n 6mm k\u00fcpe","breadcrumb":{"@id":"https:\/\/www.purejewels.com\/product\/22ct-gold-antique-finish-studs-armari-collection-6mm-49588\/#breadcrumb"},"inLanguage":"tr","potentialAction":[{"@type":"ReadAction","target":["https:\/\/www.purejewels.com\/product\/22ct-gold-antique-finish-studs-armari-collection-6mm-49588\/"]}]},{"@type":"ImageObject","inLanguage":"tr","@id":"https:\/\/www.purejewels.com\/product\/22ct-gold-antique-finish-studs-armari-collection-6mm-49588\/#primaryimage","url":"https:\/\/static.purejewels.com\/wp-content\/uploads\/2024\/10\/SKU-49588.png","contentUrl":"https:\/\/static.purejewels.com\/wp-content\/uploads\/2024\/10\/SKU-49588.png","width":1000,"height":1000,"caption":"22ct Gold Stud"},{"@type":"BreadcrumbList","@id":"https:\/\/www.purejewels.com\/product\/22ct-gold-antique-finish-studs-armari-collection-6mm-49588\/#breadcrumb","itemListElement":[{"@type":"ListItem","position":1,"name":"Home","item":"https:\/\/www.purejewels.com\/"},{"@type":"ListItem","position":2,"name":"Shop","item":"https:\/\/www.purejewels.com\/shop\/"},{"@type":"ListItem","position":3,"name":"22ct Gold Antique Finish Stud | Armari Collection | 6mm"}]},{"@type":"WebSite","@id":"https:\/\/www.purejewels.com\/#website","url":"https:\/\/www.purejewels.com\/","name":"PureJewels \u0130ngiltere","description":"Sevgiyi Payla\u015f\u0131n","publisher":{"@id":"https:\/\/www.purejewels.com\/#organization"},"potentialAction":[{"@type":"SearchAction","target":{"@type":"EntryPoint","urlTemplate":"https:\/\/www.purejewels.com\/?s={search_term_string}"},"query-input":{"@type":"PropertyValueSpecification","valueRequired":true,"valueName":"search_term_string"}}],"inLanguage":"tr"},{"@type":"Organization","@id":"https:\/\/www.purejewels.com\/#organization","name":"PureJewels \u0130ngiltere","url":"https:\/\/www.purejewels.com\/","logo":{"@type":"ImageObject","inLanguage":"tr","@id":"https:\/\/www.purejewels.com\/#\/schema\/logo\/image\/","url":"https:\/\/static.purejewels.com\/wp-content\/uploads\/2020\/11\/Logo-PJ-New-1.png","contentUrl":"https:\/\/static.purejewels.com\/wp-content\/uploads\/2020\/11\/Logo-PJ-New-1.png","width":150,"height":80,"caption":"PureJewels UK"},"image":{"@id":"https:\/\/www.purejewels.com\/#\/schema\/logo\/image\/"}}]}},"_links":{"self":[{"href":"https:\/\/www.purejewels.com\/tr\/wp-json\/wp\/v2\/product\/374044","targetHints":{"allow":["GET"]}}],"collection":[{"href":"https:\/\/www.purejewels.com\/tr\/wp-json\/wp\/v2\/product"}],"about":[{"href":"https:\/\/www.purejewels.com\/tr\/wp-json\/wp\/v2\/types\/product"}],"replies":[{"embeddable":true,"href":"https:\/\/www.purejewels.com\/tr\/wp-json\/wp\/v2\/comments?post=374044"}],"version-history":[{"count":5,"href":"https:\/\/www.purejewels.com\/tr\/wp-json\/wp\/v2\/product\/374044\/revisions"}],"predecessor-version":[{"id":425912,"href":"https:\/\/www.purejewels.com\/tr\/wp-json\/wp\/v2\/product\/374044\/revisions\/425912"}],"wp:featuredmedia":[{"embeddable":true,"href":"https:\/\/www.purejewels.com\/tr\/wp-json\/wp\/v2\/media\/374617"}],"wp:attachment":[{"href":"https:\/\/www.purejewels.com\/tr\/wp-json\/wp\/v2\/media?parent=374044"}],"wp:term":[{"taxonomy":"product_brand","embeddable":true,"href":"https:\/\/www.purejewels.com\/tr\/wp-json\/wp\/v2\/product_brand?post=374044"},{"taxonomy":"product_cat","embeddable":true,"href":"https:\/\/www.purejewels.com\/tr\/wp-json\/wp\/v2\/product_cat?post=374044"},{"taxonomy":"product_tag","embeddable":true,"href":"https:\/\/www.purejewels.com\/tr\/wp-json\/wp\/v2\/product_tag?post=374044"}],"curies":[{"name":"wp","href":"https:\/\/api.w.org\/{rel}","templated":true}]}}