{"id":374047,"date":"2024-10-15T09:34:04","date_gmt":"2024-10-15T08:34:04","guid":{"rendered":"https:\/\/www.purejewels.com\/?post_type=product&#038;p=374047"},"modified":"2026-05-09T14:08:31","modified_gmt":"2026-05-09T13:08:31","slug":"22-ayar-altin-antika-saplama-49642","status":"publish","type":"product","link":"https:\/\/www.purejewels.com\/tr\/product\/22ct-gold-antique-stud-49642\/","title":{"rendered":"22 Ayar Ger\u00e7ek Alt\u0131n Antik Saplama | Armari Koleksiyonu"},"content":{"rendered":"<p>\u00c7arp\u0131c\u0131 \u00fcr\u00fcnlerimizi ke\u015ffedin <a href=\"https:\/\/www.purejewels.com\/tr\/product\/22ct-gold-jali-filigree-ring-jali-collection-31926\/\">22ct<\/a> alt\u0131n \u00e7\u0131t\u00e7\u0131tlar <strong><a href=\"https:\/\/www.purejewels.com\/tr\/product\/22ct-gold-armari-collection-stud-antique-finish-49172\/\">Armari Koleksiyonu<\/a><\/strong>zarif bir tasar\u0131ma sahip <a href=\"https:\/\/www.purejewels.com\/tr\/armari-collection\/\">antika kaplama<\/a> ve 8mm \u00f6l\u00e7\u00fclerindedir. Her bir \u00e7ift, karma\u015f\u0131k kabartma, el yontma ve hassas kablolama ile ustal\u0131kla \u00fcretilmi\u015ftir ve onlar\u0131 ger\u00e7ek bir sanat eseri haline getirmektedir.<\/p>\n<p>Bu el yap\u0131m\u0131 k\u00fcpeler g\u00fcnl\u00fck kullan\u0131m i\u00e7in m\u00fckemmeldir ve her k\u0131yafete \u015f\u0131kl\u0131k katarken ola\u011fan\u00fcst\u00fc bir g\u00f6r\u00fcn\u00fcm sergiler. <a href=\"https:\/\/www.purejewels.com\/tr\/a-guide-to-die-stamping\/\">zanaatkarl\u0131k<\/a>.<\/p>\n<p>Teease <strong>Armari \u00c7\u0131t\u00e7\u0131tlar<\/strong> ayn\u0131 zamanda sevdikleriniz i\u00e7in geleneksel sanat\u0131 modern tarzla harmanlayan d\u00fc\u015f\u00fcnceli hediyelerdir.<\/p>\n<p>\u0130ster bayramda ister g\u00fcndelik bir gezintide olsun, bu zamans\u0131z k\u00fcpeler her m\u00fccevher koleksiyonunun olmazsa olmaz\u0131d\u0131r. Kendinizi veya \u00f6zel birini bu e\u015fsiz k\u00fcpelerle \u015f\u0131mart\u0131n! Purejewels UK'de \u015fimdi al\u0131\u015fveri\u015f yap\u0131n.<\/p>\n<ul>\n<li><strong>Malzeme<\/strong>: 22 ayar alt\u0131ndan \u00fcretilmi\u015ftir ve zamana meydan okuyan l\u00fcks ve dayan\u0131kl\u0131 bir y\u00fczey sa\u011flar.<\/li>\n<li><strong><a href=\"https:\/\/www.purejewels.com\/tr\/handmade-gold-jewellery\/\">El yap\u0131m\u0131<\/a> K\u00fcpeler<\/strong>: Karma\u015f\u0131k detaylar ve benzersiz bir tasar\u0131m sergilemek i\u00e7in g\u00fczel bir \u015fekilde el yap\u0131m\u0131.<\/li>\n<\/ul>\n<p>&nbsp;<\/p>","protected":false},"excerpt":{"rendered":"<div class=\"woocommerce-product-details__short-description\">\n<table class=\"sh_desc\">\n<tbody>\n<tr>\n<td>K\u00fcpe Tipi<\/td>\n<td>\u00c7iviler<\/td>\n<\/tr>\n<tr>\n<td>SKU<\/td>\n<td>52280, 52279<\/td>\n<\/tr>\n<tr>\n<td>A\u011f\u0131rl\u0131k<\/td>\n<td>\u00a02 Gms<\/td>\n<\/tr>\n<tr>\n<td>Geni\u015flik<\/td>\n<td>9mm<\/td>\n<\/tr>\n<tr>\n<td>Koleksiyon<\/td>\n<td>Armari Koleksiyonu<\/td>\n<\/tr>\n<tr>\n<td>Metal<\/td>\n<td>22 Ayar Alt\u0131n<\/td>\n<\/tr>\n<tr>\n<td>\u00dccretler<\/td>\n<td>Teslimat ve KDV Dahil<\/td>\n<\/tr>\n<tr>\n<td>Paketleme<\/td>\n<td>Sunum Kutusu ile Birlikte Gelir<\/td>\n<\/tr>\n<tr>\n<td>Daha Fazla Bilgi<\/td>\n<td>M\u00fcsaitlik durumu ve daha fazla resim i\u00e7in bizimle canl\u0131 sohbet edin<\/td>\n<\/tr>\n<\/tbody>\n<\/table>\n<\/div>","protected":false},"featured_media":374497,"comment_status":"closed","ping_status":"closed","template":"","meta":{"_eb_attr":"","_crsspst_to_jayantr4sg-hostcom":false},"product_brand":[],"product_cat":[245,5639,6143,1559,236,1793,1792,1790,1254,1229,5343,5347,1570,5338,5353,1577,1575,1573,1574,5349],"product_tag":[66,5919],"class_list":{"0":"post-374047","1":"product","2":"type-product","3":"status-publish","4":"has-post-thumbnail","6":"product_cat-armari-collections","7":"product_cat-armari-earring","8":"product_cat-armari-stud-earrings","9":"product_cat-birthday-gifts","10":"product_cat-collections","11":"product_cat-diwali-gifts","12":"product_cat-festival-gifts","13":"product_cat-for-whom-when","14":"product_cat-gold-earrings","15":"product_cat-22ct-gold-jewellery","16":"product_cat-jewellery-under-550","17":"product_cat-shop-by-metal","18":"product_cat-mothers-day-gifts","19":"product_cat-shop-by-price","20":"product_cat-shop-by","21":"product_cat-stud-earrings","22":"product_cat-teenage-jewellery","23":"product_cat-wedding-gifts","24":"product_cat-womens-jewellery","25":"product_cat-yellow-gold-jewellery","26":"product_tag-earrings","27":"product_tag-stud","29":"first","30":"outofstock","31":"taxable","32":"shipping-taxable","33":"product-type-simple","34":"add-to-wishlist-before_image"},"yoast_head":"<!-- This site is optimized with the Yoast SEO plugin v27.5 - https:\/\/yoast.com\/product\/yoast-seo-wordpress\/ -->\n<title>22ct Gold Studs | Handmade Earring | PureJewels UK<\/title>\n<meta name=\"description\" content=\"Discover the stunning 22ct Gold Armari Collection Earrings, weighing 1.8 grams with an elegant 8mm design. Perfect for timeless style and sophistication. Free UK delivery.\" \/>\n<meta name=\"robots\" content=\"index, follow, max-snippet:-1, max-image-preview:large, max-video-preview:-1\" \/>\n<link rel=\"canonical\" href=\"https:\/\/www.purejewels.com\/tr\/urun\/22-ayar-altin-antika-saplama-49642\/\" \/>\n<meta property=\"og:locale\" content=\"tr_TR\" \/>\n<meta property=\"og:type\" content=\"article\" \/>\n<meta property=\"og:title\" content=\"22ct Gold Studs | Handmade Earring | PureJewels UK\" \/>\n<meta property=\"og:description\" content=\"Discover the stunning 22ct Gold Armari Collection Earrings, weighing 1.8 grams with an elegant 8mm design. Perfect for timeless style and sophistication. Free UK delivery.\" \/>\n<meta property=\"og:url\" content=\"https:\/\/www.purejewels.com\/tr\/urun\/22-ayar-altin-antika-saplama-49642\/\" \/>\n<meta property=\"og:site_name\" content=\"PureJewels UK\" \/>\n<meta property=\"article:modified_time\" content=\"2026-05-09T13:08:31+00:00\" \/>\n<meta property=\"og:image\" content=\"https:\/\/static.purejewels.com\/wp-content\/uploads\/2024\/10\/SKU-49642.png\" \/>\n\t<meta property=\"og:image:width\" content=\"1000\" \/>\n\t<meta property=\"og:image:height\" content=\"1000\" \/>\n\t<meta property=\"og:image:type\" content=\"image\/png\" \/>\n<meta name=\"twitter:card\" content=\"summary_large_image\" \/>\n<meta name=\"twitter:label1\" content=\"Tahmini okuma s\u00fcresi\" \/>\n\t<meta name=\"twitter:data1\" content=\"1 dakika\" \/>\n<script type=\"application\/ld+json\" class=\"yoast-schema-graph\">{\"@context\":\"https:\\\/\\\/schema.org\",\"@graph\":[{\"@type\":[\"WebPage\",\"ItemPage\"],\"@id\":\"https:\\\/\\\/www.purejewels.com\\\/product\\\/22ct-gold-antique-stud-49642\\\/\",\"url\":\"https:\\\/\\\/www.purejewels.com\\\/product\\\/22ct-gold-antique-stud-49642\\\/\",\"name\":\"22ct Gold Studs | Handmade Earring | PureJewels UK\",\"isPartOf\":{\"@id\":\"https:\\\/\\\/www.purejewels.com\\\/#website\"},\"primaryImageOfPage\":{\"@id\":\"https:\\\/\\\/www.purejewels.com\\\/product\\\/22ct-gold-antique-stud-49642\\\/#primaryimage\"},\"image\":{\"@id\":\"https:\\\/\\\/www.purejewels.com\\\/product\\\/22ct-gold-antique-stud-49642\\\/#primaryimage\"},\"thumbnailUrl\":\"https:\\\/\\\/static.purejewels.com\\\/wp-content\\\/uploads\\\/2024\\\/10\\\/SKU-49642.png\",\"datePublished\":\"2024-10-15T08:34:04+00:00\",\"dateModified\":\"2026-05-09T13:08:31+00:00\",\"description\":\"Discover the stunning 22ct Gold Armari Collection Earrings, weighing 1.8 grams with an elegant 8mm design. Perfect for timeless style and sophistication. Free UK delivery.\",\"breadcrumb\":{\"@id\":\"https:\\\/\\\/www.purejewels.com\\\/product\\\/22ct-gold-antique-stud-49642\\\/#breadcrumb\"},\"inLanguage\":\"tr\",\"potentialAction\":[{\"@type\":\"ReadAction\",\"target\":[\"https:\\\/\\\/www.purejewels.com\\\/product\\\/22ct-gold-antique-stud-49642\\\/\"]}]},{\"@type\":\"ImageObject\",\"inLanguage\":\"tr\",\"@id\":\"https:\\\/\\\/www.purejewels.com\\\/product\\\/22ct-gold-antique-stud-49642\\\/#primaryimage\",\"url\":\"https:\\\/\\\/static.purejewels.com\\\/wp-content\\\/uploads\\\/2024\\\/10\\\/SKU-49642.png\",\"contentUrl\":\"https:\\\/\\\/static.purejewels.com\\\/wp-content\\\/uploads\\\/2024\\\/10\\\/SKU-49642.png\",\"width\":1000,\"height\":1000,\"caption\":\"22ct gold earrings\"},{\"@type\":\"BreadcrumbList\",\"@id\":\"https:\\\/\\\/www.purejewels.com\\\/product\\\/22ct-gold-antique-stud-49642\\\/#breadcrumb\",\"itemListElement\":[{\"@type\":\"ListItem\",\"position\":1,\"name\":\"Home\",\"item\":\"https:\\\/\\\/www.purejewels.com\\\/\"},{\"@type\":\"ListItem\",\"position\":2,\"name\":\"Shop\",\"item\":\"https:\\\/\\\/www.purejewels.com\\\/shop\\\/\"},{\"@type\":\"ListItem\",\"position\":3,\"name\":\"22ct Real Gold Antique Stud | Armari Collection\"}]},{\"@type\":\"WebSite\",\"@id\":\"https:\\\/\\\/www.purejewels.com\\\/#website\",\"url\":\"https:\\\/\\\/www.purejewels.com\\\/\",\"name\":\"PureJewels UK\",\"description\":\"Share the Love\",\"publisher\":{\"@id\":\"https:\\\/\\\/www.purejewels.com\\\/#organization\"},\"potentialAction\":[{\"@type\":\"SearchAction\",\"target\":{\"@type\":\"EntryPoint\",\"urlTemplate\":\"https:\\\/\\\/www.purejewels.com\\\/?s={search_term_string}\"},\"query-input\":{\"@type\":\"PropertyValueSpecification\",\"valueRequired\":true,\"valueName\":\"search_term_string\"}}],\"inLanguage\":\"tr\"},{\"@type\":\"Organization\",\"@id\":\"https:\\\/\\\/www.purejewels.com\\\/#organization\",\"name\":\"PureJewels UK\",\"url\":\"https:\\\/\\\/www.purejewels.com\\\/\",\"logo\":{\"@type\":\"ImageObject\",\"inLanguage\":\"tr\",\"@id\":\"https:\\\/\\\/www.purejewels.com\\\/#\\\/schema\\\/logo\\\/image\\\/\",\"url\":\"https:\\\/\\\/static.purejewels.com\\\/wp-content\\\/uploads\\\/2020\\\/11\\\/Logo-PJ-New-1.png\",\"contentUrl\":\"https:\\\/\\\/static.purejewels.com\\\/wp-content\\\/uploads\\\/2020\\\/11\\\/Logo-PJ-New-1.png\",\"width\":150,\"height\":80,\"caption\":\"PureJewels UK\"},\"image\":{\"@id\":\"https:\\\/\\\/www.purejewels.com\\\/#\\\/schema\\\/logo\\\/image\\\/\"}}]}<\/script>\n<!-- \/ Yoast SEO plugin. -->","yoast_head_json":{"title":"22 Ayar Alt\u0131n \u00c7\u0131t\u00e7\u0131t | El Yap\u0131m\u0131 K\u00fcpe | PureJewels UK","description":"Zarif 8mm tasar\u0131m\u0131 ile 1,8 gram a\u011f\u0131rl\u0131\u011f\u0131ndaki \u00e7arp\u0131c\u0131 22 Ayar Alt\u0131n Armari Koleksiyon K\u00fcpelerini ke\u015ffedin. Zamans\u0131z stil ve incelik i\u00e7in m\u00fckemmel. \u00dccretsiz \u0130ngiltere teslimat\u0131.","robots":{"index":"index","follow":"follow","max-snippet":"max-snippet:-1","max-image-preview":"max-image-preview:large","max-video-preview":"max-video-preview:-1"},"canonical":"https:\/\/www.purejewels.com\/tr\/urun\/22-ayar-altin-antika-saplama-49642\/","og_locale":"tr_TR","og_type":"article","og_title":"22ct Gold Studs | Handmade Earring | PureJewels UK","og_description":"Discover the stunning 22ct Gold Armari Collection Earrings, weighing 1.8 grams with an elegant 8mm design. Perfect for timeless style and sophistication. Free UK delivery.","og_url":"https:\/\/www.purejewels.com\/tr\/urun\/22-ayar-altin-antika-saplama-49642\/","og_site_name":"PureJewels UK","article_modified_time":"2026-05-09T13:08:31+00:00","og_image":[{"width":1000,"height":1000,"url":"https:\/\/static.purejewels.com\/wp-content\/uploads\/2024\/10\/SKU-49642.png","type":"image\/png"}],"twitter_card":"summary_large_image","twitter_misc":{"Tahmini okuma s\u00fcresi":"1 dakika"},"schema":{"@context":"https:\/\/schema.org","@graph":[{"@type":["WebPage","ItemPage"],"@id":"https:\/\/www.purejewels.com\/product\/22ct-gold-antique-stud-49642\/","url":"https:\/\/www.purejewels.com\/product\/22ct-gold-antique-stud-49642\/","name":"22 Ayar Alt\u0131n \u00c7\u0131t\u00e7\u0131t | El Yap\u0131m\u0131 K\u00fcpe | PureJewels UK","isPartOf":{"@id":"https:\/\/www.purejewels.com\/#website"},"primaryImageOfPage":{"@id":"https:\/\/www.purejewels.com\/product\/22ct-gold-antique-stud-49642\/#primaryimage"},"image":{"@id":"https:\/\/www.purejewels.com\/product\/22ct-gold-antique-stud-49642\/#primaryimage"},"thumbnailUrl":"https:\/\/static.purejewels.com\/wp-content\/uploads\/2024\/10\/SKU-49642.png","datePublished":"2024-10-15T08:34:04+00:00","dateModified":"2026-05-09T13:08:31+00:00","description":"Zarif 8mm tasar\u0131m\u0131 ile 1,8 gram a\u011f\u0131rl\u0131\u011f\u0131ndaki \u00e7arp\u0131c\u0131 22 Ayar Alt\u0131n Armari Koleksiyon K\u00fcpelerini ke\u015ffedin. Zamans\u0131z stil ve incelik i\u00e7in m\u00fckemmel. \u00dccretsiz \u0130ngiltere teslimat\u0131.","breadcrumb":{"@id":"https:\/\/www.purejewels.com\/product\/22ct-gold-antique-stud-49642\/#breadcrumb"},"inLanguage":"tr","potentialAction":[{"@type":"ReadAction","target":["https:\/\/www.purejewels.com\/product\/22ct-gold-antique-stud-49642\/"]}]},{"@type":"ImageObject","inLanguage":"tr","@id":"https:\/\/www.purejewels.com\/product\/22ct-gold-antique-stud-49642\/#primaryimage","url":"https:\/\/static.purejewels.com\/wp-content\/uploads\/2024\/10\/SKU-49642.png","contentUrl":"https:\/\/static.purejewels.com\/wp-content\/uploads\/2024\/10\/SKU-49642.png","width":1000,"height":1000,"caption":"22ct gold earrings"},{"@type":"BreadcrumbList","@id":"https:\/\/www.purejewels.com\/product\/22ct-gold-antique-stud-49642\/#breadcrumb","itemListElement":[{"@type":"ListItem","position":1,"name":"Home","item":"https:\/\/www.purejewels.com\/"},{"@type":"ListItem","position":2,"name":"Shop","item":"https:\/\/www.purejewels.com\/shop\/"},{"@type":"ListItem","position":3,"name":"22ct Real Gold Antique Stud | Armari Collection"}]},{"@type":"WebSite","@id":"https:\/\/www.purejewels.com\/#website","url":"https:\/\/www.purejewels.com\/","name":"PureJewels \u0130ngiltere","description":"Sevgiyi Payla\u015f\u0131n","publisher":{"@id":"https:\/\/www.purejewels.com\/#organization"},"potentialAction":[{"@type":"SearchAction","target":{"@type":"EntryPoint","urlTemplate":"https:\/\/www.purejewels.com\/?s={search_term_string}"},"query-input":{"@type":"PropertyValueSpecification","valueRequired":true,"valueName":"search_term_string"}}],"inLanguage":"tr"},{"@type":"Organization","@id":"https:\/\/www.purejewels.com\/#organization","name":"PureJewels \u0130ngiltere","url":"https:\/\/www.purejewels.com\/","logo":{"@type":"ImageObject","inLanguage":"tr","@id":"https:\/\/www.purejewels.com\/#\/schema\/logo\/image\/","url":"https:\/\/static.purejewels.com\/wp-content\/uploads\/2020\/11\/Logo-PJ-New-1.png","contentUrl":"https:\/\/static.purejewels.com\/wp-content\/uploads\/2020\/11\/Logo-PJ-New-1.png","width":150,"height":80,"caption":"PureJewels UK"},"image":{"@id":"https:\/\/www.purejewels.com\/#\/schema\/logo\/image\/"}}]}},"_links":{"self":[{"href":"https:\/\/www.purejewels.com\/tr\/wp-json\/wp\/v2\/product\/374047","targetHints":{"allow":["GET"]}}],"collection":[{"href":"https:\/\/www.purejewels.com\/tr\/wp-json\/wp\/v2\/product"}],"about":[{"href":"https:\/\/www.purejewels.com\/tr\/wp-json\/wp\/v2\/types\/product"}],"replies":[{"embeddable":true,"href":"https:\/\/www.purejewels.com\/tr\/wp-json\/wp\/v2\/comments?post=374047"}],"version-history":[{"count":5,"href":"https:\/\/www.purejewels.com\/tr\/wp-json\/wp\/v2\/product\/374047\/revisions"}],"predecessor-version":[{"id":416291,"href":"https:\/\/www.purejewels.com\/tr\/wp-json\/wp\/v2\/product\/374047\/revisions\/416291"}],"wp:featuredmedia":[{"embeddable":true,"href":"https:\/\/www.purejewels.com\/tr\/wp-json\/wp\/v2\/media\/374497"}],"wp:attachment":[{"href":"https:\/\/www.purejewels.com\/tr\/wp-json\/wp\/v2\/media?parent=374047"}],"wp:term":[{"taxonomy":"product_brand","embeddable":true,"href":"https:\/\/www.purejewels.com\/tr\/wp-json\/wp\/v2\/product_brand?post=374047"},{"taxonomy":"product_cat","embeddable":true,"href":"https:\/\/www.purejewels.com\/tr\/wp-json\/wp\/v2\/product_cat?post=374047"},{"taxonomy":"product_tag","embeddable":true,"href":"https:\/\/www.purejewels.com\/tr\/wp-json\/wp\/v2\/product_tag?post=374047"}],"curies":[{"name":"wp","href":"https:\/\/api.w.org\/{rel}","templated":true}]}}