{"id":374051,"date":"2024-10-15T11:14:26","date_gmt":"2024-10-15T10:14:26","guid":{"rendered":"https:\/\/www.purejewels.com\/?post_type=product&#038;p=374051"},"modified":"2026-02-27T04:29:17","modified_gmt":"2026-02-27T04:29:17","slug":"22-ayar-altin-antika-saplama-armari-koleksiyonu-49589","status":"publish","type":"product","link":"https:\/\/www.purejewels.com\/tr\/product\/22ct-gold-antique-stud-armari-collection-49589\/","title":{"rendered":"22 Ayar Alt\u0131n Antik Saplama | Armari Koleksiyonu | 4mm"},"content":{"rendered":"<p>\u00c7arp\u0131c\u0131 \u00fcr\u00fcnlerimizi ke\u015ffedin <a href=\"https:\/\/www.purejewels.com\/tr\/product\/22ct-gold-jali-filigree-ring-jali-collection-31926\/\">22ct<\/a> alt\u0131n <strong>Armari \u00c7\u0131t\u00e7\u0131tlar<\/strong>, g\u00fczel bir <a href=\"https:\/\/www.purejewels.com\/tr\/armari-collection\/\">antika kaplama<\/a> ve sadece 4 mm \u00f6l\u00e7\u00fclerindedir. Bu zarif k\u00fcpeler, karma\u015f\u0131k tasar\u0131mlar kullan\u0131larak \u00fcretilmi\u015ftir. <strong><a href=\"https:\/\/www.purejewels.com\/tr\/a-guide-to-die-stamping\/\">kabartma<\/a><\/strong> ve <strong>elle yontma<\/strong> tekniklerinin yan\u0131 s\u0131ra hassas kablolama ile her bir par\u00e7an\u0131n benzersiz ve karakter dolu olmas\u0131n\u0131 sa\u011flar.<\/p>\n<p>Zarif ama ince tasar\u0131mlar\u0131 sayesinde g\u00fcnl\u00fck kullan\u0131m i\u00e7in m\u00fckemmeldir ve her k\u0131yafete sofistike bir dokunu\u015f katar.<\/p>\n<p>Bu Armari \u00e7\u0131t\u00e7\u0131tlar, gelene\u011fi modern tarzla harmanlayarak sevdikleriniz i\u00e7in ideal hediyelerdir. Festival sezonunu k\u00fclt\u00fcrel \u00f6nemi ve sanatsall\u0131\u011f\u0131 b\u00fcnyesinde bar\u0131nd\u0131ran d\u00fc\u015f\u00fcnceli bir hediye ile kutlay\u0131n.<\/p>\n<p>Bu zamans\u0131z hazineleri ka\u00e7\u0131rmay\u0131n-\u015fimdi \u015fu adresten sat\u0131n al\u0131n <strong>Purejewels \u0130ngiltere<\/strong> ve m\u00fccevher koleksiyonunuzu geli\u015ftirin ya da bu zarif aksesuarla \u00f6zel birini sevindirin!<\/p>\n<ul>\n<li><strong><a href=\"https:\/\/www.purejewels.com\/tr\/handmade-gold-jewellery\/\">El yap\u0131m\u0131<\/a> K\u00fcpeler<\/strong>:Yetenekli zanaatkarlar taraf\u0131ndan \u00fcretilmi\u015ftir ve hi\u00e7bir par\u00e7an\u0131n birbirinin ayn\u0131s\u0131 olmamas\u0131n\u0131 sa\u011flar.<\/li>\n<li><b><strong>Konfor<\/strong>: <\/b>Hafif ve g\u00fcvenli olmas\u0131 sayesinde t\u00fcm g\u00fcn kullan\u0131m i\u00e7in rahat bir se\u00e7imdir.<\/li>\n<\/ul>","protected":false},"excerpt":{"rendered":"<div class=\"woocommerce-product-details__short-description\">\n<table class=\"sh_desc\">\n<tbody>\n<tr>\n<td>K\u00fcpe Tipi<\/td>\n<td>\u00c7iviler<\/td>\n<\/tr>\n<tr>\n<td>SKU<\/td>\n<td>49589<\/td>\n<\/tr>\n<tr>\n<td>A\u011f\u0131rl\u0131k<\/td>\n<td>\u00a01.3 Gms<\/td>\n<\/tr>\n<tr>\n<td>Geni\u015flik<\/td>\n<td>4mm<\/td>\n<\/tr>\n<tr>\n<td>Koleksiyon<\/td>\n<td>Armari Koleksiyonu<\/td>\n<\/tr>\n<tr>\n<td>Metal<\/td>\n<td>22 Ayar Alt\u0131n<\/td>\n<\/tr>\n<tr>\n<td>\u00dccretler<\/td>\n<td>Teslimat ve KDV Dahil<\/td>\n<\/tr>\n<tr>\n<td>Paketleme<\/td>\n<td>Sunum Kutusu ile Birlikte Gelir<\/td>\n<\/tr>\n<tr>\n<td>Daha Fazla Bilgi<\/td>\n<td>M\u00fcsaitlik durumu ve daha fazla resim i\u00e7in bizimle canl\u0131 sohbet edin<\/td>\n<\/tr>\n<\/tbody>\n<\/table>\n<\/div>","protected":false},"featured_media":375676,"comment_status":"closed","ping_status":"closed","template":"","meta":{"_eb_attr":"","_crsspst_to_jayantr4sg-hostcom":false},"product_brand":[],"product_cat":[245,5639,6143,1559,236,1790,1254,1229,5343,5347,1570,5338,5353,1577,1575,1573,1574,5349],"product_tag":[],"class_list":{"0":"post-374051","1":"product","2":"type-product","3":"status-publish","4":"has-post-thumbnail","6":"product_cat-armari-collections","7":"product_cat-armari-earring","8":"product_cat-armari-stud-earrings","9":"product_cat-birthday-gifts","10":"product_cat-collections","11":"product_cat-for-whom-when","12":"product_cat-gold-earrings","13":"product_cat-22ct-gold-jewellery","14":"product_cat-jewellery-under-550","15":"product_cat-shop-by-metal","16":"product_cat-mothers-day-gifts","17":"product_cat-shop-by-price","18":"product_cat-shop-by","19":"product_cat-stud-earrings","20":"product_cat-teenage-jewellery","21":"product_cat-wedding-gifts","22":"product_cat-womens-jewellery","23":"product_cat-yellow-gold-jewellery","25":"first","26":"onbackorder","27":"taxable","28":"shipping-taxable","29":"purchasable","30":"product-type-simple","31":"add-to-wishlist-before_image"},"yoast_head":"<!-- This site is optimized with the Yoast SEO plugin v27.5 - https:\/\/yoast.com\/product\/yoast-seo-wordpress\/ -->\n<title>22ct Gold Studs | Antique Finish| PureJewels UK<\/title>\n<meta name=\"description\" content=\"Shop 22ct gold studs from the Armari Collection at Purejewels UK. They have an antique finish and are handmade in pure 22ct gold, perfect for everyday wear.\" \/>\n<meta name=\"robots\" content=\"index, follow, max-snippet:-1, max-image-preview:large, max-video-preview:-1\" \/>\n<link rel=\"canonical\" href=\"https:\/\/www.purejewels.com\/tr\/urun\/22-ayar-altin-antika-saplama-armari-koleksiyonu-49589\/\" \/>\n<meta property=\"og:locale\" content=\"tr_TR\" \/>\n<meta property=\"og:type\" content=\"article\" \/>\n<meta property=\"og:title\" content=\"22ct Gold Studs | Antique Finish| PureJewels UK\" \/>\n<meta property=\"og:description\" content=\"Shop 22ct gold studs from the Armari Collection at Purejewels UK. They have an antique finish and are handmade in pure 22ct gold, perfect for everyday wear.\" \/>\n<meta property=\"og:url\" content=\"https:\/\/www.purejewels.com\/tr\/urun\/22-ayar-altin-antika-saplama-armari-koleksiyonu-49589\/\" \/>\n<meta property=\"og:site_name\" content=\"PureJewels UK\" \/>\n<meta property=\"article:modified_time\" content=\"2026-02-27T04:29:17+00:00\" \/>\n<meta property=\"og:image\" content=\"https:\/\/static.purejewels.com\/wp-content\/uploads\/2024\/10\/SKU-49589.png\" \/>\n\t<meta property=\"og:image:width\" content=\"1000\" \/>\n\t<meta property=\"og:image:height\" content=\"1000\" \/>\n\t<meta property=\"og:image:type\" content=\"image\/png\" \/>\n<meta name=\"twitter:card\" content=\"summary_large_image\" \/>\n<meta name=\"twitter:label1\" content=\"Tahmini okuma s\u00fcresi\" \/>\n\t<meta name=\"twitter:data1\" content=\"1 dakika\" \/>\n<script type=\"application\/ld+json\" class=\"yoast-schema-graph\">{\"@context\":\"https:\\\/\\\/schema.org\",\"@graph\":[{\"@type\":[\"WebPage\",\"ItemPage\"],\"@id\":\"https:\\\/\\\/www.purejewels.com\\\/product\\\/22ct-gold-antique-stud-armari-collection-49589\\\/\",\"url\":\"https:\\\/\\\/www.purejewels.com\\\/product\\\/22ct-gold-antique-stud-armari-collection-49589\\\/\",\"name\":\"22ct Gold Studs | Antique Finish| PureJewels UK\",\"isPartOf\":{\"@id\":\"https:\\\/\\\/www.purejewels.com\\\/#website\"},\"primaryImageOfPage\":{\"@id\":\"https:\\\/\\\/www.purejewels.com\\\/product\\\/22ct-gold-antique-stud-armari-collection-49589\\\/#primaryimage\"},\"image\":{\"@id\":\"https:\\\/\\\/www.purejewels.com\\\/product\\\/22ct-gold-antique-stud-armari-collection-49589\\\/#primaryimage\"},\"thumbnailUrl\":\"https:\\\/\\\/static.purejewels.com\\\/wp-content\\\/uploads\\\/2024\\\/10\\\/SKU-49589.png\",\"datePublished\":\"2024-10-15T10:14:26+00:00\",\"dateModified\":\"2026-02-27T04:29:17+00:00\",\"description\":\"Shop 22ct gold studs from the Armari Collection at Purejewels UK. They have an antique finish and are handmade in pure 22ct gold, perfect for everyday wear.\",\"breadcrumb\":{\"@id\":\"https:\\\/\\\/www.purejewels.com\\\/product\\\/22ct-gold-antique-stud-armari-collection-49589\\\/#breadcrumb\"},\"inLanguage\":\"tr\",\"potentialAction\":[{\"@type\":\"ReadAction\",\"target\":[\"https:\\\/\\\/www.purejewels.com\\\/product\\\/22ct-gold-antique-stud-armari-collection-49589\\\/\"]}]},{\"@type\":\"ImageObject\",\"inLanguage\":\"tr\",\"@id\":\"https:\\\/\\\/www.purejewels.com\\\/product\\\/22ct-gold-antique-stud-armari-collection-49589\\\/#primaryimage\",\"url\":\"https:\\\/\\\/static.purejewels.com\\\/wp-content\\\/uploads\\\/2024\\\/10\\\/SKU-49589.png\",\"contentUrl\":\"https:\\\/\\\/static.purejewels.com\\\/wp-content\\\/uploads\\\/2024\\\/10\\\/SKU-49589.png\",\"width\":1000,\"height\":1000,\"caption\":\"22ct gold stud earrings\"},{\"@type\":\"BreadcrumbList\",\"@id\":\"https:\\\/\\\/www.purejewels.com\\\/product\\\/22ct-gold-antique-stud-armari-collection-49589\\\/#breadcrumb\",\"itemListElement\":[{\"@type\":\"ListItem\",\"position\":1,\"name\":\"Home\",\"item\":\"https:\\\/\\\/www.purejewels.com\\\/\"},{\"@type\":\"ListItem\",\"position\":2,\"name\":\"Shop\",\"item\":\"https:\\\/\\\/www.purejewels.com\\\/shop\\\/\"},{\"@type\":\"ListItem\",\"position\":3,\"name\":\"22ct Gold Antique Stud | Armari Collection | 4mm\"}]},{\"@type\":\"WebSite\",\"@id\":\"https:\\\/\\\/www.purejewels.com\\\/#website\",\"url\":\"https:\\\/\\\/www.purejewels.com\\\/\",\"name\":\"PureJewels UK\",\"description\":\"Share the Love\",\"publisher\":{\"@id\":\"https:\\\/\\\/www.purejewels.com\\\/#organization\"},\"potentialAction\":[{\"@type\":\"SearchAction\",\"target\":{\"@type\":\"EntryPoint\",\"urlTemplate\":\"https:\\\/\\\/www.purejewels.com\\\/?s={search_term_string}\"},\"query-input\":{\"@type\":\"PropertyValueSpecification\",\"valueRequired\":true,\"valueName\":\"search_term_string\"}}],\"inLanguage\":\"tr\"},{\"@type\":\"Organization\",\"@id\":\"https:\\\/\\\/www.purejewels.com\\\/#organization\",\"name\":\"PureJewels UK\",\"url\":\"https:\\\/\\\/www.purejewels.com\\\/\",\"logo\":{\"@type\":\"ImageObject\",\"inLanguage\":\"tr\",\"@id\":\"https:\\\/\\\/www.purejewels.com\\\/#\\\/schema\\\/logo\\\/image\\\/\",\"url\":\"https:\\\/\\\/static.purejewels.com\\\/wp-content\\\/uploads\\\/2020\\\/11\\\/Logo-PJ-New-1.png\",\"contentUrl\":\"https:\\\/\\\/static.purejewels.com\\\/wp-content\\\/uploads\\\/2020\\\/11\\\/Logo-PJ-New-1.png\",\"width\":150,\"height\":80,\"caption\":\"PureJewels UK\"},\"image\":{\"@id\":\"https:\\\/\\\/www.purejewels.com\\\/#\\\/schema\\\/logo\\\/image\\\/\"}}]}<\/script>\n<!-- \/ Yoast SEO plugin. -->","yoast_head_json":{"title":"22 Ayar Alt\u0131n \u00c7\u0131t\u00e7\u0131t | Antik Kaplama| PureJewels UK","description":"Purejewels UK'de Armari Koleksiyonundan 22 ayar alt\u0131n k\u00fcpeler sat\u0131n al\u0131n. Antik bir y\u00fczeye sahip olan ve saf 22 ayar alt\u0131ndan el yap\u0131m\u0131 olarak \u00fcretilen bu k\u00fcpeler g\u00fcnl\u00fck kullan\u0131m i\u00e7in m\u00fckemmeldir.","robots":{"index":"index","follow":"follow","max-snippet":"max-snippet:-1","max-image-preview":"max-image-preview:large","max-video-preview":"max-video-preview:-1"},"canonical":"https:\/\/www.purejewels.com\/tr\/urun\/22-ayar-altin-antika-saplama-armari-koleksiyonu-49589\/","og_locale":"tr_TR","og_type":"article","og_title":"22ct Gold Studs | Antique Finish| PureJewels UK","og_description":"Shop 22ct gold studs from the Armari Collection at Purejewels UK. They have an antique finish and are handmade in pure 22ct gold, perfect for everyday wear.","og_url":"https:\/\/www.purejewels.com\/tr\/urun\/22-ayar-altin-antika-saplama-armari-koleksiyonu-49589\/","og_site_name":"PureJewels UK","article_modified_time":"2026-02-27T04:29:17+00:00","og_image":[{"width":1000,"height":1000,"url":"https:\/\/static.purejewels.com\/wp-content\/uploads\/2024\/10\/SKU-49589.png","type":"image\/png"}],"twitter_card":"summary_large_image","twitter_misc":{"Tahmini okuma s\u00fcresi":"1 dakika"},"schema":{"@context":"https:\/\/schema.org","@graph":[{"@type":["WebPage","ItemPage"],"@id":"https:\/\/www.purejewels.com\/product\/22ct-gold-antique-stud-armari-collection-49589\/","url":"https:\/\/www.purejewels.com\/product\/22ct-gold-antique-stud-armari-collection-49589\/","name":"22 Ayar Alt\u0131n \u00c7\u0131t\u00e7\u0131t | Antik Kaplama| PureJewels UK","isPartOf":{"@id":"https:\/\/www.purejewels.com\/#website"},"primaryImageOfPage":{"@id":"https:\/\/www.purejewels.com\/product\/22ct-gold-antique-stud-armari-collection-49589\/#primaryimage"},"image":{"@id":"https:\/\/www.purejewels.com\/product\/22ct-gold-antique-stud-armari-collection-49589\/#primaryimage"},"thumbnailUrl":"https:\/\/static.purejewels.com\/wp-content\/uploads\/2024\/10\/SKU-49589.png","datePublished":"2024-10-15T10:14:26+00:00","dateModified":"2026-02-27T04:29:17+00:00","description":"Purejewels UK'de Armari Koleksiyonundan 22 ayar alt\u0131n k\u00fcpeler sat\u0131n al\u0131n. Antik bir y\u00fczeye sahip olan ve saf 22 ayar alt\u0131ndan el yap\u0131m\u0131 olarak \u00fcretilen bu k\u00fcpeler g\u00fcnl\u00fck kullan\u0131m i\u00e7in m\u00fckemmeldir.","breadcrumb":{"@id":"https:\/\/www.purejewels.com\/product\/22ct-gold-antique-stud-armari-collection-49589\/#breadcrumb"},"inLanguage":"tr","potentialAction":[{"@type":"ReadAction","target":["https:\/\/www.purejewels.com\/product\/22ct-gold-antique-stud-armari-collection-49589\/"]}]},{"@type":"ImageObject","inLanguage":"tr","@id":"https:\/\/www.purejewels.com\/product\/22ct-gold-antique-stud-armari-collection-49589\/#primaryimage","url":"https:\/\/static.purejewels.com\/wp-content\/uploads\/2024\/10\/SKU-49589.png","contentUrl":"https:\/\/static.purejewels.com\/wp-content\/uploads\/2024\/10\/SKU-49589.png","width":1000,"height":1000,"caption":"22ct gold stud earrings"},{"@type":"BreadcrumbList","@id":"https:\/\/www.purejewels.com\/product\/22ct-gold-antique-stud-armari-collection-49589\/#breadcrumb","itemListElement":[{"@type":"ListItem","position":1,"name":"Home","item":"https:\/\/www.purejewels.com\/"},{"@type":"ListItem","position":2,"name":"Shop","item":"https:\/\/www.purejewels.com\/shop\/"},{"@type":"ListItem","position":3,"name":"22ct Gold Antique Stud | Armari Collection | 4mm"}]},{"@type":"WebSite","@id":"https:\/\/www.purejewels.com\/#website","url":"https:\/\/www.purejewels.com\/","name":"PureJewels \u0130ngiltere","description":"Sevgiyi Payla\u015f\u0131n","publisher":{"@id":"https:\/\/www.purejewels.com\/#organization"},"potentialAction":[{"@type":"SearchAction","target":{"@type":"EntryPoint","urlTemplate":"https:\/\/www.purejewels.com\/?s={search_term_string}"},"query-input":{"@type":"PropertyValueSpecification","valueRequired":true,"valueName":"search_term_string"}}],"inLanguage":"tr"},{"@type":"Organization","@id":"https:\/\/www.purejewels.com\/#organization","name":"PureJewels \u0130ngiltere","url":"https:\/\/www.purejewels.com\/","logo":{"@type":"ImageObject","inLanguage":"tr","@id":"https:\/\/www.purejewels.com\/#\/schema\/logo\/image\/","url":"https:\/\/static.purejewels.com\/wp-content\/uploads\/2020\/11\/Logo-PJ-New-1.png","contentUrl":"https:\/\/static.purejewels.com\/wp-content\/uploads\/2020\/11\/Logo-PJ-New-1.png","width":150,"height":80,"caption":"PureJewels UK"},"image":{"@id":"https:\/\/www.purejewels.com\/#\/schema\/logo\/image\/"}}]}},"_links":{"self":[{"href":"https:\/\/www.purejewels.com\/tr\/wp-json\/wp\/v2\/product\/374051","targetHints":{"allow":["GET"]}}],"collection":[{"href":"https:\/\/www.purejewels.com\/tr\/wp-json\/wp\/v2\/product"}],"about":[{"href":"https:\/\/www.purejewels.com\/tr\/wp-json\/wp\/v2\/types\/product"}],"replies":[{"embeddable":true,"href":"https:\/\/www.purejewels.com\/tr\/wp-json\/wp\/v2\/comments?post=374051"}],"version-history":[{"count":5,"href":"https:\/\/www.purejewels.com\/tr\/wp-json\/wp\/v2\/product\/374051\/revisions"}],"predecessor-version":[{"id":398299,"href":"https:\/\/www.purejewels.com\/tr\/wp-json\/wp\/v2\/product\/374051\/revisions\/398299"}],"wp:featuredmedia":[{"embeddable":true,"href":"https:\/\/www.purejewels.com\/tr\/wp-json\/wp\/v2\/media\/375676"}],"wp:attachment":[{"href":"https:\/\/www.purejewels.com\/tr\/wp-json\/wp\/v2\/media?parent=374051"}],"wp:term":[{"taxonomy":"product_brand","embeddable":true,"href":"https:\/\/www.purejewels.com\/tr\/wp-json\/wp\/v2\/product_brand?post=374051"},{"taxonomy":"product_cat","embeddable":true,"href":"https:\/\/www.purejewels.com\/tr\/wp-json\/wp\/v2\/product_cat?post=374051"},{"taxonomy":"product_tag","embeddable":true,"href":"https:\/\/www.purejewels.com\/tr\/wp-json\/wp\/v2\/product_tag?post=374051"}],"curies":[{"name":"wp","href":"https:\/\/api.w.org\/{rel}","templated":true}]}}