{"id":374184,"date":"2024-10-17T10:55:24","date_gmt":"2024-10-17T09:55:24","guid":{"rendered":"https:\/\/www.purejewels.com\/?post_type=product&#038;p=374184"},"modified":"2026-01-28T06:45:04","modified_gmt":"2026-01-28T06:45:04","slug":"cz-ile-22-ayar-altin-kupe-49447","status":"publish","type":"product","link":"https:\/\/www.purejewels.com\/tr\/product\/22ct-gold-earrings-with-cz-49447\/","title":{"rendered":"CZ ta\u015fl\u0131 22 ayar alt\u0131n k\u00fcpe"},"content":{"rendered":"<ul>\n<li>Enfes \u00fcr\u00fcnlerimizle tan\u0131\u015f\u0131n <a href=\"https:\/\/www.purejewels.com\/tr\/product\/22ct-gold-earrings-rose-gold-finsih-41790\/\">22 ayar alt\u0131n k\u00fcpeler<\/a> Purejewels UK'de bulunan, par\u0131ldayan k\u00fcbik zirkon (CZ) ta\u015flarla s\u00fcslenmi\u015f g\u00fczel bir pembe alt\u0131n tonuna sahiptir. Zarafet ve modern stili zahmetsizce bir araya getiren bu k\u00fcpeler, hem \u00f6zel g\u00fcnler hem de g\u00fcnl\u00fck kullan\u0131m i\u00e7in m\u00fckemmel bir aksesuard\u0131r.<\/li>\n<li>Y\u00fcksek kaliteli malzemeden \u00fcretilmi\u015ftir <a href=\"https:\/\/www.purejewels.com\/tr\/product\/22ct-gold-jali-filigree-ring-jali-collection-31926\/\">22ct<\/a> alt\u0131n olan k\u00fcpeler, pembe alt\u0131n\u0131n s\u0131cak tonlar\u0131n\u0131 tamamlayan l\u00fcks bir g\u00f6r\u00fcn\u00fcm sunar. I\u015f\u0131lt\u0131l\u0131 CZ ta\u015flar g\u00f6z kama\u015ft\u0131r\u0131c\u0131 bir dokunu\u015f katarak her harekette \u0131\u015f\u0131\u011f\u0131 yakalar ve her ortamda \u00f6ne \u00e7\u0131kman\u0131z\u0131 sa\u011flar. \u0130ster bir d\u00fc\u011f\u00fcn, ister bir bayram kutlamas\u0131 i\u00e7in giyiniyor olun, ister sadece g\u00fcnl\u00fck k\u0131yafetinizi y\u00fckseltmek isteyin, bu k\u00fcpeler her duruma uyacak kadar \u00e7ok y\u00f6nl\u00fcd\u00fcr.<\/li>\n<li>Hafif ve rahat olan bu ayakkab\u0131lar, stilinizden \u00f6d\u00fcn vermeden t\u00fcm g\u00fcn giyilebilir. \u015e\u0131k bir g\u00f6r\u00fcn\u00fcm i\u00e7in resmi bir elbise veya en sevdi\u011finiz g\u00fcndelik k\u0131yafetinizle e\u015fle\u015ftirin. Bu k\u00fcpeler ayn\u0131 zamanda sevdikleriniz i\u00e7in do\u011fum g\u00fcnleri, y\u0131l d\u00f6n\u00fcmleri veya \u00f6ylesine i\u00e7in m\u00fckemmel, d\u00fc\u015f\u00fcnceli bir hediyedir.<\/li>\n<li>G\u00fczelli\u011fi ke\u015ffedin ve <a href=\"https:\/\/www.purejewels.com\/tr\/a-guide-to-die-stamping\/\">zanaatkarl\u0131k<\/a> bizim <a href=\"https:\/\/www.purejewels.com\/tr\/product\/holy-cross-gold-pendant-44713\/\">22 ayar alt\u0131n<\/a> Purejewels UK'de pembe alt\u0131n tonlu ve CZ ta\u015fl\u0131 k\u00fcpeler. Zarafet ve sofistikeli\u011fi temsil eden bu zamans\u0131z par\u00e7a ile m\u00fccevher koleksiyonunuzu y\u00fckseltin!<\/li>\n<\/ul>","protected":false},"excerpt":{"rendered":"<div class=\"woocommerce-product-details__short-description\">\n<table class=\"sh_desc\">\n<tbody>\n<tr>\n<td>K\u00fcpe T\u00fcr\u00fc<\/td>\n<td>Saplama K\u00fcpeler<\/td>\n<\/tr>\n<tr>\n<td>SKU<\/td>\n<td>49447<\/td>\n<\/tr>\n<tr>\n<td>A\u011f\u0131rl\u0131k<\/td>\n<td>5.7 Gms<\/td>\n<\/tr>\n<tr>\n<td>Cinsiyet<\/td>\n<td>Bayanlar<\/td>\n<\/tr>\n<tr>\n<td>Ta\u015f t\u00fcr\u00fc<\/td>\n<td>CZ ta\u015f<\/td>\n<\/tr>\n<tr>\n<td>Metal<\/td>\n<td>22 Ayar Alt\u0131n<\/td>\n<\/tr>\n<tr>\n<td>\u00dccretler<\/td>\n<td>Teslimat ve KDV Dahil<\/td>\n<\/tr>\n<tr>\n<td>Paketleme<\/td>\n<td>Sunum Kutusu ile Birlikte Gelir<\/td>\n<\/tr>\n<tr>\n<td>Daha Fazla Bilgi<\/td>\n<td>\n<ul>\n<li>M\u00fcsaitlik durumu ve daha fazla resim i\u00e7in bizimle canl\u0131 sohbet edin<\/li>\n<li>Diwali M\u00fccevher Koleksiyonumuzu Ke\u015ffedin<\/li>\n<\/ul>\n<\/td>\n<\/tr>\n<\/tbody>\n<\/table>\n<\/div>\n<div class=\"btn-atc atc-slide\"><\/div>\n<div class=\"product_meta\"><\/div>","protected":false},"featured_media":374235,"comment_status":"closed","ping_status":"closed","template":"","meta":{"_eb_attr":"","_crsspst_to_jayantr4sg-hostcom":false},"product_brand":[],"product_cat":[5682,1791,1793,1685,5701,1792,1254,1229,5347,1570,5354,1573,1574],"product_tag":[66],"class_list":{"0":"post-374184","1":"product","2":"type-product","3":"status-publish","4":"has-post-thumbnail","6":"product_cat-22ct-gold-multi-cz-earrring","7":"product_cat-anniversary-gifts","8":"product_cat-diwali-gifts","9":"product_cat-drop-earrings","10":"product_cat-eid-jewellery","11":"product_cat-festival-gifts","12":"product_cat-gold-earrings","13":"product_cat-22ct-gold-jewellery","14":"product_cat-shop-by-metal","15":"product_cat-mothers-day-gifts","16":"product_cat-rose-gold-jewellery","17":"product_cat-wedding-gifts","18":"product_cat-womens-jewellery","19":"product_tag-earrings","21":"first","22":"instock","23":"taxable","24":"shipping-taxable","25":"purchasable","26":"product-type-simple","27":"add-to-wishlist-before_image"},"yoast_head":"<!-- This site is optimized with the Yoast SEO plugin v27.5 - https:\/\/yoast.com\/product\/yoast-seo-wordpress\/ -->\n<title>22ct Gold Earrings with CZ stones| Buy Online UK<\/title>\n<meta name=\"description\" content=\"Discover the perfect sparkle this holiday season with our Christmas jewelry collection! From timeless gold pieces to festive designs, find dazzling gifts for your loved ones\" \/>\n<meta name=\"robots\" content=\"index, follow, max-snippet:-1, max-image-preview:large, max-video-preview:-1\" \/>\n<link rel=\"canonical\" href=\"https:\/\/www.purejewels.com\/tr\/urun\/cz-ile-22-ayar-altin-kupe-49447\/\" \/>\n<meta property=\"og:locale\" content=\"tr_TR\" \/>\n<meta property=\"og:type\" content=\"article\" \/>\n<meta property=\"og:title\" content=\"22ct Gold Earrings with CZ stones| Buy Online UK\" \/>\n<meta property=\"og:description\" content=\"Discover the perfect sparkle this holiday season with our Christmas jewelry collection! From timeless gold pieces to festive designs, find dazzling gifts for your loved ones\" \/>\n<meta property=\"og:url\" content=\"https:\/\/www.purejewels.com\/tr\/urun\/cz-ile-22-ayar-altin-kupe-49447\/\" \/>\n<meta property=\"og:site_name\" content=\"PureJewels UK\" \/>\n<meta property=\"article:modified_time\" content=\"2026-01-28T06:45:04+00:00\" \/>\n<meta property=\"og:image\" content=\"https:\/\/static.purejewels.com\/wp-content\/uploads\/2024\/10\/SKU-49447.png\" \/>\n\t<meta property=\"og:image:width\" content=\"1000\" \/>\n\t<meta property=\"og:image:height\" content=\"1000\" \/>\n\t<meta property=\"og:image:type\" content=\"image\/png\" \/>\n<meta name=\"twitter:card\" content=\"summary_large_image\" \/>\n<meta name=\"twitter:label1\" content=\"Tahmini okuma s\u00fcresi\" \/>\n\t<meta name=\"twitter:data1\" content=\"2 dakika\" \/>\n<script type=\"application\/ld+json\" class=\"yoast-schema-graph\">{\"@context\":\"https:\\\/\\\/schema.org\",\"@graph\":[{\"@type\":[\"WebPage\",\"ItemPage\"],\"@id\":\"https:\\\/\\\/www.purejewels.com\\\/product\\\/22ct-gold-earrings-with-cz-49447\\\/\",\"url\":\"https:\\\/\\\/www.purejewels.com\\\/product\\\/22ct-gold-earrings-with-cz-49447\\\/\",\"name\":\"22ct Gold Earrings with CZ stones| Buy Online UK\",\"isPartOf\":{\"@id\":\"https:\\\/\\\/www.purejewels.com\\\/#website\"},\"primaryImageOfPage\":{\"@id\":\"https:\\\/\\\/www.purejewels.com\\\/product\\\/22ct-gold-earrings-with-cz-49447\\\/#primaryimage\"},\"image\":{\"@id\":\"https:\\\/\\\/www.purejewels.com\\\/product\\\/22ct-gold-earrings-with-cz-49447\\\/#primaryimage\"},\"thumbnailUrl\":\"https:\\\/\\\/static.purejewels.com\\\/wp-content\\\/uploads\\\/2024\\\/10\\\/SKU-49447.png\",\"datePublished\":\"2024-10-17T09:55:24+00:00\",\"dateModified\":\"2026-01-28T06:45:04+00:00\",\"description\":\"Discover the perfect sparkle this holiday season with our Christmas jewelry collection! From timeless gold pieces to festive designs, find dazzling gifts for your loved ones\",\"breadcrumb\":{\"@id\":\"https:\\\/\\\/www.purejewels.com\\\/product\\\/22ct-gold-earrings-with-cz-49447\\\/#breadcrumb\"},\"inLanguage\":\"tr\",\"potentialAction\":[{\"@type\":\"ReadAction\",\"target\":[\"https:\\\/\\\/www.purejewels.com\\\/product\\\/22ct-gold-earrings-with-cz-49447\\\/\"]}]},{\"@type\":\"ImageObject\",\"inLanguage\":\"tr\",\"@id\":\"https:\\\/\\\/www.purejewels.com\\\/product\\\/22ct-gold-earrings-with-cz-49447\\\/#primaryimage\",\"url\":\"https:\\\/\\\/static.purejewels.com\\\/wp-content\\\/uploads\\\/2024\\\/10\\\/SKU-49447.png\",\"contentUrl\":\"https:\\\/\\\/static.purejewels.com\\\/wp-content\\\/uploads\\\/2024\\\/10\\\/SKU-49447.png\",\"width\":1000,\"height\":1000,\"caption\":\"22ct Gold Earring\"},{\"@type\":\"BreadcrumbList\",\"@id\":\"https:\\\/\\\/www.purejewels.com\\\/product\\\/22ct-gold-earrings-with-cz-49447\\\/#breadcrumb\",\"itemListElement\":[{\"@type\":\"ListItem\",\"position\":1,\"name\":\"Home\",\"item\":\"https:\\\/\\\/www.purejewels.com\\\/\"},{\"@type\":\"ListItem\",\"position\":2,\"name\":\"Shop\",\"item\":\"https:\\\/\\\/www.purejewels.com\\\/shop\\\/\"},{\"@type\":\"ListItem\",\"position\":3,\"name\":\"22ct Gold Earrings with CZ stones\"}]},{\"@type\":\"WebSite\",\"@id\":\"https:\\\/\\\/www.purejewels.com\\\/#website\",\"url\":\"https:\\\/\\\/www.purejewels.com\\\/\",\"name\":\"PureJewels UK\",\"description\":\"Share the Love\",\"publisher\":{\"@id\":\"https:\\\/\\\/www.purejewels.com\\\/#organization\"},\"potentialAction\":[{\"@type\":\"SearchAction\",\"target\":{\"@type\":\"EntryPoint\",\"urlTemplate\":\"https:\\\/\\\/www.purejewels.com\\\/?s={search_term_string}\"},\"query-input\":{\"@type\":\"PropertyValueSpecification\",\"valueRequired\":true,\"valueName\":\"search_term_string\"}}],\"inLanguage\":\"tr\"},{\"@type\":\"Organization\",\"@id\":\"https:\\\/\\\/www.purejewels.com\\\/#organization\",\"name\":\"PureJewels UK\",\"url\":\"https:\\\/\\\/www.purejewels.com\\\/\",\"logo\":{\"@type\":\"ImageObject\",\"inLanguage\":\"tr\",\"@id\":\"https:\\\/\\\/www.purejewels.com\\\/#\\\/schema\\\/logo\\\/image\\\/\",\"url\":\"https:\\\/\\\/static.purejewels.com\\\/wp-content\\\/uploads\\\/2020\\\/11\\\/Logo-PJ-New-1.png\",\"contentUrl\":\"https:\\\/\\\/static.purejewels.com\\\/wp-content\\\/uploads\\\/2020\\\/11\\\/Logo-PJ-New-1.png\",\"width\":150,\"height\":80,\"caption\":\"PureJewels UK\"},\"image\":{\"@id\":\"https:\\\/\\\/www.purejewels.com\\\/#\\\/schema\\\/logo\\\/image\\\/\"}}]}<\/script>\n<!-- \/ Yoast SEO plugin. -->","yoast_head_json":{"title":"CZ Ta\u015fl\u0131 22 Ayar Alt\u0131n K\u00fcpe| Online Sat\u0131n Al \u0130ngiltere","description":"Y\u0131lba\u015f\u0131 tak\u0131 koleksiyonumuzla bu tatil sezonunda m\u00fckemmel \u0131\u015f\u0131lt\u0131y\u0131 ke\u015ffedin! Zamans\u0131z alt\u0131n par\u00e7alardan \u015fenlikli tasar\u0131mlara kadar sevdikleriniz i\u00e7in g\u00f6z kama\u015ft\u0131r\u0131c\u0131 hediyeler bulun","robots":{"index":"index","follow":"follow","max-snippet":"max-snippet:-1","max-image-preview":"max-image-preview:large","max-video-preview":"max-video-preview:-1"},"canonical":"https:\/\/www.purejewels.com\/tr\/urun\/cz-ile-22-ayar-altin-kupe-49447\/","og_locale":"tr_TR","og_type":"article","og_title":"22ct Gold Earrings with CZ stones| Buy Online UK","og_description":"Discover the perfect sparkle this holiday season with our Christmas jewelry collection! From timeless gold pieces to festive designs, find dazzling gifts for your loved ones","og_url":"https:\/\/www.purejewels.com\/tr\/urun\/cz-ile-22-ayar-altin-kupe-49447\/","og_site_name":"PureJewels UK","article_modified_time":"2026-01-28T06:45:04+00:00","og_image":[{"width":1000,"height":1000,"url":"https:\/\/static.purejewels.com\/wp-content\/uploads\/2024\/10\/SKU-49447.png","type":"image\/png"}],"twitter_card":"summary_large_image","twitter_misc":{"Tahmini okuma s\u00fcresi":"2 dakika"},"schema":{"@context":"https:\/\/schema.org","@graph":[{"@type":["WebPage","ItemPage"],"@id":"https:\/\/www.purejewels.com\/product\/22ct-gold-earrings-with-cz-49447\/","url":"https:\/\/www.purejewels.com\/product\/22ct-gold-earrings-with-cz-49447\/","name":"CZ Ta\u015fl\u0131 22 Ayar Alt\u0131n K\u00fcpe| Online Sat\u0131n Al \u0130ngiltere","isPartOf":{"@id":"https:\/\/www.purejewels.com\/#website"},"primaryImageOfPage":{"@id":"https:\/\/www.purejewels.com\/product\/22ct-gold-earrings-with-cz-49447\/#primaryimage"},"image":{"@id":"https:\/\/www.purejewels.com\/product\/22ct-gold-earrings-with-cz-49447\/#primaryimage"},"thumbnailUrl":"https:\/\/static.purejewels.com\/wp-content\/uploads\/2024\/10\/SKU-49447.png","datePublished":"2024-10-17T09:55:24+00:00","dateModified":"2026-01-28T06:45:04+00:00","description":"Y\u0131lba\u015f\u0131 tak\u0131 koleksiyonumuzla bu tatil sezonunda m\u00fckemmel \u0131\u015f\u0131lt\u0131y\u0131 ke\u015ffedin! Zamans\u0131z alt\u0131n par\u00e7alardan \u015fenlikli tasar\u0131mlara kadar sevdikleriniz i\u00e7in g\u00f6z kama\u015ft\u0131r\u0131c\u0131 hediyeler bulun","breadcrumb":{"@id":"https:\/\/www.purejewels.com\/product\/22ct-gold-earrings-with-cz-49447\/#breadcrumb"},"inLanguage":"tr","potentialAction":[{"@type":"ReadAction","target":["https:\/\/www.purejewels.com\/product\/22ct-gold-earrings-with-cz-49447\/"]}]},{"@type":"ImageObject","inLanguage":"tr","@id":"https:\/\/www.purejewels.com\/product\/22ct-gold-earrings-with-cz-49447\/#primaryimage","url":"https:\/\/static.purejewels.com\/wp-content\/uploads\/2024\/10\/SKU-49447.png","contentUrl":"https:\/\/static.purejewels.com\/wp-content\/uploads\/2024\/10\/SKU-49447.png","width":1000,"height":1000,"caption":"22ct Gold Earring"},{"@type":"BreadcrumbList","@id":"https:\/\/www.purejewels.com\/product\/22ct-gold-earrings-with-cz-49447\/#breadcrumb","itemListElement":[{"@type":"ListItem","position":1,"name":"Home","item":"https:\/\/www.purejewels.com\/"},{"@type":"ListItem","position":2,"name":"Shop","item":"https:\/\/www.purejewels.com\/shop\/"},{"@type":"ListItem","position":3,"name":"22ct Gold Earrings with CZ stones"}]},{"@type":"WebSite","@id":"https:\/\/www.purejewels.com\/#website","url":"https:\/\/www.purejewels.com\/","name":"PureJewels \u0130ngiltere","description":"Sevgiyi Payla\u015f\u0131n","publisher":{"@id":"https:\/\/www.purejewels.com\/#organization"},"potentialAction":[{"@type":"SearchAction","target":{"@type":"EntryPoint","urlTemplate":"https:\/\/www.purejewels.com\/?s={search_term_string}"},"query-input":{"@type":"PropertyValueSpecification","valueRequired":true,"valueName":"search_term_string"}}],"inLanguage":"tr"},{"@type":"Organization","@id":"https:\/\/www.purejewels.com\/#organization","name":"PureJewels \u0130ngiltere","url":"https:\/\/www.purejewels.com\/","logo":{"@type":"ImageObject","inLanguage":"tr","@id":"https:\/\/www.purejewels.com\/#\/schema\/logo\/image\/","url":"https:\/\/static.purejewels.com\/wp-content\/uploads\/2020\/11\/Logo-PJ-New-1.png","contentUrl":"https:\/\/static.purejewels.com\/wp-content\/uploads\/2020\/11\/Logo-PJ-New-1.png","width":150,"height":80,"caption":"PureJewels UK"},"image":{"@id":"https:\/\/www.purejewels.com\/#\/schema\/logo\/image\/"}}]}},"_links":{"self":[{"href":"https:\/\/www.purejewels.com\/tr\/wp-json\/wp\/v2\/product\/374184","targetHints":{"allow":["GET"]}}],"collection":[{"href":"https:\/\/www.purejewels.com\/tr\/wp-json\/wp\/v2\/product"}],"about":[{"href":"https:\/\/www.purejewels.com\/tr\/wp-json\/wp\/v2\/types\/product"}],"replies":[{"embeddable":true,"href":"https:\/\/www.purejewels.com\/tr\/wp-json\/wp\/v2\/comments?post=374184"}],"version-history":[{"count":3,"href":"https:\/\/www.purejewels.com\/tr\/wp-json\/wp\/v2\/product\/374184\/revisions"}],"predecessor-version":[{"id":420759,"href":"https:\/\/www.purejewels.com\/tr\/wp-json\/wp\/v2\/product\/374184\/revisions\/420759"}],"wp:featuredmedia":[{"embeddable":true,"href":"https:\/\/www.purejewels.com\/tr\/wp-json\/wp\/v2\/media\/374235"}],"wp:attachment":[{"href":"https:\/\/www.purejewels.com\/tr\/wp-json\/wp\/v2\/media?parent=374184"}],"wp:term":[{"taxonomy":"product_brand","embeddable":true,"href":"https:\/\/www.purejewels.com\/tr\/wp-json\/wp\/v2\/product_brand?post=374184"},{"taxonomy":"product_cat","embeddable":true,"href":"https:\/\/www.purejewels.com\/tr\/wp-json\/wp\/v2\/product_cat?post=374184"},{"taxonomy":"product_tag","embeddable":true,"href":"https:\/\/www.purejewels.com\/tr\/wp-json\/wp\/v2\/product_tag?post=374184"}],"curies":[{"name":"wp","href":"https:\/\/api.w.org\/{rel}","templated":true}]}}